{"id":1187,"date":"2024-01-23T11:08:06","date_gmt":"2024-01-23T10:08:58","guid":{"rendered":"https:\/\/terrasse-mobile.net\/?page_id=1187"},"modified":"2024-10-01T12:57:04","modified_gmt":"2024-10-01T10:57:04","slug":"vorteile-mobile-terrasse-pool-alt","status":"publish","type":"page","link":"https:\/\/terrasse-mobile.net\/de\/terrasse-mobile-ile-de-france-old\/avantages-terrasse-mobile-piscine-old\/","title":{"rendered":"DIE VORTEILE VON SLIDEDECK alt"},"content":{"rendered":"<h1>Die Vorteile der mobilen Terrasse SlideDeck<\/h1>\n<p>\t\t\t\t\t\t\t\t\t\t\t\t\t<img decoding=\"async\" width=\"800\" height=\"600\" src=\"https:\/\/terrasse-mobile.net\/wp-content\/uploads\/2024\/01\/REAL-SABOURAULT-PISCINE-3-1.jpg\" alt=\"Pool mit beweglicher Terrasse\" srcset=\"https:\/\/terrasse-mobile.net\/wp-content\/uploads\/2024\/01\/REAL-SABOURAULT-PISCINE-3-1.jpg 1000w, https:\/\/terrasse-mobile.net\/wp-content\/uploads\/2024\/01\/REAL-SABOURAULT-PISCINE-3-1-300x225.jpg 300w, https:\/\/terrasse-mobile.net\/wp-content\/uploads\/2024\/01\/REAL-SABOURAULT-PISCINE-3-1-768x576.jpg 768w\" sizes=\"(max-width: 800px) 100vw, 800px\" \/>\t\t\t\t\t\t\t\t\t\t\t\t\t<\/p>\n<h2>Die mobile Terrasse SlideDeck schafft Raum<br \/>\n<\/h2>\n<p>Der Hauptvorteil unserer mobilen Terrasse liegt in der Platzersparnis. Ihre mobile Terrasse kann Ihre Gartenm\u00f6bel und das Gewicht mehrerer Personen tragen. Sie k\u00f6nnen also einen Tisch darauf stellen, um zu Mittag zu essen, oder sich auf Ihren Liegest\u00fchlen ausruhen... Sie k\u00f6nnen Ihre Gartenm\u00f6bel dauerhaft auf Ihrer mobilen SlideDeck-Terrasse stehen lassen: Sie m\u00fcssen sie nicht jedes Mal umstellen, wenn Sie Ihren Pool \u00f6ffnen oder schlie\u00dfen wollen.<\/p>\n<h2>Mit SlideDeck k\u00f6nnen Sie die W\u00e4rme in Ihrem Pool erhalten und Energie sparen.<br \/>\n<\/h2>\n<p>Die mobile Terrasse spielt auch eine wichtige Rolle beim W\u00e4rmeschutz. Die mobile Terrasse f\u00fcr Schwimmb\u00e4der ist standardm\u00e4\u00dfig vollkommen luftdicht und begrenzt somit die Verdunstung. Optional bieten wir eine \u00e4u\u00dferst leistungsstarke W\u00e4rmed\u00e4mmung an. Dank dieser W\u00e4rmed\u00e4mmung bleibt die Temperatur des Schwimmbads wie in einem Spa erhalten, was zu erheblichen Energiekosteneinsparungen f\u00fchrt und gleichzeitig eine ideale Temperatur f\u00fcr Ihr Schwimmbad gew\u00e4hrleistet.<\/p>\n<h2>Die mobile Terrasse SlideDeck sch\u00fctzt Ihren Pool<\/h2>\n<p>SlideDeck, ein optimaler Schutz f\u00fcr Ihren Pool. Diese mobilen Terrassen erweisen sich als sehr effektiv, wenn es darum geht, Sch\u00e4dlinge vom Pool fernzuhalten und so potenzielle Verunreinigungen zu vermeiden. SlideDeck verhindert au\u00dferdem das Eindringen von Schmutz, Bl\u00e4ttern und Ablagerungen, die die Wasserqualit\u00e4t beeintr\u00e4chtigen k\u00f6nnen.<\/p>\n<h2>SlideDeck sichert Ihren Pool<br \/>\n<\/h2>\n<p>Mit unseren mobilen Terrassen k\u00f6nnen Sie Ihren Pool ultraeffizient sichern. Unsere mobilen Terrassen decken den Pool vollst\u00e4ndig ab und bieten somit einen 100% wirksamen Schutz. Wir installieren ein Sicherheitsschloss, das verhindert, dass Kinder die mobile Terrasse verschieben und ohne Aufsicht der Eltern in den Pool gelangen k\u00f6nnen.\u00a0\u00a0<\/p>\n<h2>SlideDeck hat eine einzigartige \u00c4sthetik<br \/>\n<\/h2>\n<p>SlideDeck-Terrassen zeichnen sich als eine der attraktivsten Optionen f\u00fcr mobile Terrassen aus. Wir bieten eine sehr gro\u00dfe Auswahl an Bel\u00e4gen, wie Terrassendielen aus exotischen H\u00f6lzern, Verbundwerkstoffen oder auch aus Aluminium. Wenn der Pool ge\u00f6ffnet ist, genie\u00dfen Sie eine sch\u00f6ne Terrasse, ein nettes Solarium, direkt neben dem Pool. Wenn das Schwimmen beendet ist, schiebt sich die Terrasse im Handumdrehen \u00fcber den Pool, um ihn zu sch\u00fctzen und zu verbergen.<\/p>\n<p>\t\t\t<a href=\"https:\/\/terrasse-mobile.net\/de\/beschichtungen\/\"><br \/>\n\t\t\t\t\t\tEntdecken Sie alle verf\u00fcgbaren Beschichtungen<br \/>\n\t\t\t\t\t<\/a><br \/>\n\t\t\t\t\t\t\t\t\t\t\t\t\t<img decoding=\"async\" width=\"800\" height=\"530\" src=\"https:\/\/terrasse-mobile.net\/wp-content\/uploads\/2024\/01\/rea-montain00007-1.jpg\" alt=\"\" srcset=\"https:\/\/terrasse-mobile.net\/wp-content\/uploads\/2024\/01\/rea-montain00007-1.jpg 999w, https:\/\/terrasse-mobile.net\/wp-content\/uploads\/2024\/01\/rea-montain00007-1-300x199.jpg 300w, https:\/\/terrasse-mobile.net\/wp-content\/uploads\/2024\/01\/rea-montain00007-1-768x509.jpg 768w\" sizes=\"(max-width: 800px) 100vw, 800px\" \/><\/p>","protected":false},"excerpt":{"rendered":"<p>Les avantages de la terrasse mobile SlideDeck La terrasse mobile SlideDeck cr\u00e9e de l\u2019espace Le principal avantage de notre terrasse mobile r\u00e9side dans le gain d&rsquo;espace. Votre terrasse mobile peut supporter votre mobilier de jardin et le poids de plusieurs personnes. Vous pouvez donc installer une table dessus pour d\u00e9jeuner, ou encore vous reposer sur&#8230;<\/p>","protected":false},"author":1,"featured_media":0,"parent":365,"menu_order":2,"comment_status":"closed","ping_status":"closed","template":"","meta":{"_kad_post_transparent":"","_kad_post_title":"","_kad_post_layout":"","_kad_post_sidebar_id":"","_kad_post_content_style":"","_kad_post_vertical_padding":"","_kad_post_feature":"","_kad_post_feature_position":"","_kad_post_header":false,"_kad_post_footer":false,"_kad_post_classname":"","footnotes":""},"folder":[13],"class_list":["post-1187","page","type-page","status-publish","hentry"],"yoast_head":"<!-- This site is optimized with the Yoast SEO plugin v27.5 - https:\/\/yoast.com\/product\/yoast-seo-wordpress\/ -->\n<title>Les avantages de la terrasse mobile pour piscine<\/title>\n<meta name=\"robots\" content=\"index, follow, max-snippet:-1, max-image-preview:large, max-video-preview:-1\" \/>\n<link rel=\"canonical\" href=\"https:\/\/terrasse-mobile.net\/de\/mobile-terrasse-ile-de-france-old\/vorteile-mobile-terrasse-pool-alt\/\" \/>\n<meta property=\"og:locale\" content=\"de_DE\" \/>\n<meta property=\"og:type\" content=\"article\" \/>\n<meta property=\"og:title\" content=\"Les avantages de la terrasse mobile pour piscine\" \/>\n<meta property=\"og:description\" content=\"Les avantages de la terrasse mobile SlideDeck La terrasse mobile SlideDeck cr\u00e9e de l\u2019espace Le principal avantage de notre terrasse mobile r\u00e9side dans le gain d&rsquo;espace. Votre terrasse mobile peut supporter votre mobilier de jardin et le poids de plusieurs personnes. Vous pouvez donc installer une table dessus pour d\u00e9jeuner, ou encore vous reposer sur...\" \/>\n<meta property=\"og:url\" content=\"https:\/\/terrasse-mobile.net\/de\/mobile-terrasse-ile-de-france-old\/vorteile-mobile-terrasse-pool-alt\/\" \/>\n<meta property=\"og:site_name\" content=\"Terrasse mobile\" \/>\n<meta property=\"article:modified_time\" content=\"2024-10-01T10:57:04+00:00\" \/>\n<meta property=\"og:image\" content=\"https:\/\/terrasse-mobile.net\/wp-content\/uploads\/2024\/01\/REAL-SABOURAULT-PISCINE-3-1.jpg\" \/>\n<meta name=\"twitter:card\" content=\"summary_large_image\" \/>\n<meta name=\"twitter:label1\" content=\"Gesch\u00e4tzte Lesezeit\" \/>\n\t<meta name=\"twitter:data1\" content=\"3\u00a0Minuten\" \/>\n<script type=\"application\/ld+json\" class=\"yoast-schema-graph\">{\"@context\":\"https:\\\/\\\/schema.org\",\"@graph\":[{\"@type\":\"WebPage\",\"@id\":\"https:\\\/\\\/terrasse-mobile.net\\\/terrasse-mobile-ile-de-france-old\\\/avantages-terrasse-mobile-piscine-old\\\/\",\"url\":\"https:\\\/\\\/terrasse-mobile.net\\\/terrasse-mobile-ile-de-france-old\\\/avantages-terrasse-mobile-piscine-old\\\/\",\"name\":\"Les avantages de la terrasse mobile pour piscine\",\"isPartOf\":{\"@id\":\"https:\\\/\\\/terrasse-mobile.net\\\/#website\"},\"primaryImageOfPage\":{\"@id\":\"https:\\\/\\\/terrasse-mobile.net\\\/terrasse-mobile-ile-de-france-old\\\/avantages-terrasse-mobile-piscine-old\\\/#primaryimage\"},\"image\":{\"@id\":\"https:\\\/\\\/terrasse-mobile.net\\\/terrasse-mobile-ile-de-france-old\\\/avantages-terrasse-mobile-piscine-old\\\/#primaryimage\"},\"thumbnailUrl\":\"https:\\\/\\\/terrasse-mobile.net\\\/wp-content\\\/uploads\\\/2024\\\/01\\\/REAL-SABOURAULT-PISCINE-3-1.jpg\",\"datePublished\":\"2024-01-23T10:08:58+00:00\",\"dateModified\":\"2024-10-01T10:57:04+00:00\",\"breadcrumb\":{\"@id\":\"https:\\\/\\\/terrasse-mobile.net\\\/terrasse-mobile-ile-de-france-old\\\/avantages-terrasse-mobile-piscine-old\\\/#breadcrumb\"},\"inLanguage\":\"de\",\"potentialAction\":[{\"@type\":\"ReadAction\",\"target\":[\"https:\\\/\\\/terrasse-mobile.net\\\/terrasse-mobile-ile-de-france-old\\\/avantages-terrasse-mobile-piscine-old\\\/\"]}]},{\"@type\":\"ImageObject\",\"inLanguage\":\"de\",\"@id\":\"https:\\\/\\\/terrasse-mobile.net\\\/terrasse-mobile-ile-de-france-old\\\/avantages-terrasse-mobile-piscine-old\\\/#primaryimage\",\"url\":\"https:\\\/\\\/terrasse-mobile.net\\\/wp-content\\\/uploads\\\/2024\\\/01\\\/REAL-SABOURAULT-PISCINE-3-1.jpg\",\"contentUrl\":\"https:\\\/\\\/terrasse-mobile.net\\\/wp-content\\\/uploads\\\/2024\\\/01\\\/REAL-SABOURAULT-PISCINE-3-1.jpg\"},{\"@type\":\"BreadcrumbList\",\"@id\":\"https:\\\/\\\/terrasse-mobile.net\\\/terrasse-mobile-ile-de-france-old\\\/avantages-terrasse-mobile-piscine-old\\\/#breadcrumb\",\"itemListElement\":[{\"@type\":\"ListItem\",\"position\":1,\"name\":\"Accueil\",\"item\":\"https:\\\/\\\/terrasse-mobile.net\\\/\"},{\"@type\":\"ListItem\",\"position\":2,\"name\":\"D\u00c9COUVREZ SLIDEDECK old\",\"item\":\"https:\\\/\\\/terrasse-mobile.net\\\/terrasse-mobile-ile-de-france-old\\\/\"},{\"@type\":\"ListItem\",\"position\":3,\"name\":\"LES AVANTAGES SLIDEDECK old\"}]},{\"@type\":\"WebSite\",\"@id\":\"https:\\\/\\\/terrasse-mobile.net\\\/#website\",\"url\":\"https:\\\/\\\/terrasse-mobile.net\\\/\",\"name\":\"Slidedeck\",\"description\":\"Construction sur mesure de terrasses mobiles en \u00cele-de-France\",\"publisher\":{\"@id\":\"https:\\\/\\\/terrasse-mobile.net\\\/#organization\"},\"potentialAction\":[{\"@type\":\"SearchAction\",\"target\":{\"@type\":\"EntryPoint\",\"urlTemplate\":\"https:\\\/\\\/terrasse-mobile.net\\\/?s={search_term_string}\"},\"query-input\":{\"@type\":\"PropertyValueSpecification\",\"valueRequired\":true,\"valueName\":\"search_term_string\"}}],\"inLanguage\":\"de\"},{\"@type\":\"Organization\",\"@id\":\"https:\\\/\\\/terrasse-mobile.net\\\/#organization\",\"name\":\"Slidedeck\",\"url\":\"https:\\\/\\\/terrasse-mobile.net\\\/\",\"logo\":{\"@type\":\"ImageObject\",\"inLanguage\":\"de\",\"@id\":\"https:\\\/\\\/terrasse-mobile.net\\\/#\\\/schema\\\/logo\\\/image\\\/\",\"url\":\"https:\\\/\\\/terrasse-mobile.net\\\/wp-content\\\/uploads\\\/2024\\\/01\\\/logo-slidedeck.jpg\",\"contentUrl\":\"https:\\\/\\\/terrasse-mobile.net\\\/wp-content\\\/uploads\\\/2024\\\/01\\\/logo-slidedeck.jpg\",\"width\":2000,\"height\":1103,\"caption\":\"Slidedeck\"},\"image\":{\"@id\":\"https:\\\/\\\/terrasse-mobile.net\\\/#\\\/schema\\\/logo\\\/image\\\/\"}}]}<\/script>\n<!-- \/ Yoast SEO plugin. -->","yoast_head_json":{"title":"Die Vorteile einer mobilen Terrasse f\u00fcr den Pool","robots":{"index":"index","follow":"follow","max-snippet":"max-snippet:-1","max-image-preview":"max-image-preview:large","max-video-preview":"max-video-preview:-1"},"canonical":"https:\/\/terrasse-mobile.net\/de\/mobile-terrasse-ile-de-france-old\/vorteile-mobile-terrasse-pool-alt\/","og_locale":"de_DE","og_type":"article","og_title":"Les avantages de la terrasse mobile pour piscine","og_description":"Les avantages de la terrasse mobile SlideDeck La terrasse mobile SlideDeck cr\u00e9e de l\u2019espace Le principal avantage de notre terrasse mobile r\u00e9side dans le gain d&rsquo;espace. Votre terrasse mobile peut supporter votre mobilier de jardin et le poids de plusieurs personnes. Vous pouvez donc installer une table dessus pour d\u00e9jeuner, ou encore vous reposer sur...","og_url":"https:\/\/terrasse-mobile.net\/de\/mobile-terrasse-ile-de-france-old\/vorteile-mobile-terrasse-pool-alt\/","og_site_name":"Terrasse mobile","article_modified_time":"2024-10-01T10:57:04+00:00","og_image":[{"url":"https:\/\/terrasse-mobile.net\/wp-content\/uploads\/2024\/01\/REAL-SABOURAULT-PISCINE-3-1.jpg","type":"","width":"","height":""}],"twitter_card":"summary_large_image","twitter_misc":{"Gesch\u00e4tzte Lesezeit":"3\u00a0Minuten"},"schema":{"@context":"https:\/\/schema.org","@graph":[{"@type":"WebPage","@id":"https:\/\/terrasse-mobile.net\/terrasse-mobile-ile-de-france-old\/avantages-terrasse-mobile-piscine-old\/","url":"https:\/\/terrasse-mobile.net\/terrasse-mobile-ile-de-france-old\/avantages-terrasse-mobile-piscine-old\/","name":"Die Vorteile einer mobilen Terrasse f\u00fcr den Pool","isPartOf":{"@id":"https:\/\/terrasse-mobile.net\/#website"},"primaryImageOfPage":{"@id":"https:\/\/terrasse-mobile.net\/terrasse-mobile-ile-de-france-old\/avantages-terrasse-mobile-piscine-old\/#primaryimage"},"image":{"@id":"https:\/\/terrasse-mobile.net\/terrasse-mobile-ile-de-france-old\/avantages-terrasse-mobile-piscine-old\/#primaryimage"},"thumbnailUrl":"https:\/\/terrasse-mobile.net\/wp-content\/uploads\/2024\/01\/REAL-SABOURAULT-PISCINE-3-1.jpg","datePublished":"2024-01-23T10:08:58+00:00","dateModified":"2024-10-01T10:57:04+00:00","breadcrumb":{"@id":"https:\/\/terrasse-mobile.net\/terrasse-mobile-ile-de-france-old\/avantages-terrasse-mobile-piscine-old\/#breadcrumb"},"inLanguage":"de","potentialAction":[{"@type":"ReadAction","target":["https:\/\/terrasse-mobile.net\/terrasse-mobile-ile-de-france-old\/avantages-terrasse-mobile-piscine-old\/"]}]},{"@type":"ImageObject","inLanguage":"de","@id":"https:\/\/terrasse-mobile.net\/terrasse-mobile-ile-de-france-old\/avantages-terrasse-mobile-piscine-old\/#primaryimage","url":"https:\/\/terrasse-mobile.net\/wp-content\/uploads\/2024\/01\/REAL-SABOURAULT-PISCINE-3-1.jpg","contentUrl":"https:\/\/terrasse-mobile.net\/wp-content\/uploads\/2024\/01\/REAL-SABOURAULT-PISCINE-3-1.jpg"},{"@type":"BreadcrumbList","@id":"https:\/\/terrasse-mobile.net\/terrasse-mobile-ile-de-france-old\/avantages-terrasse-mobile-piscine-old\/#breadcrumb","itemListElement":[{"@type":"ListItem","position":1,"name":"Accueil","item":"https:\/\/terrasse-mobile.net\/"},{"@type":"ListItem","position":2,"name":"D\u00c9COUVREZ SLIDEDECK old","item":"https:\/\/terrasse-mobile.net\/terrasse-mobile-ile-de-france-old\/"},{"@type":"ListItem","position":3,"name":"LES AVANTAGES SLIDEDECK old"}]},{"@type":"WebSite","@id":"https:\/\/terrasse-mobile.net\/#website","url":"https:\/\/terrasse-mobile.net\/","name":"Slidedeck","description":"Ma\u00dfgeschneiderte Konstruktion von mobilen Terrassen in der \u00cele-de-France","publisher":{"@id":"https:\/\/terrasse-mobile.net\/#organization"},"potentialAction":[{"@type":"SearchAction","target":{"@type":"EntryPoint","urlTemplate":"https:\/\/terrasse-mobile.net\/?s={search_term_string}"},"query-input":{"@type":"PropertyValueSpecification","valueRequired":true,"valueName":"search_term_string"}}],"inLanguage":"de"},{"@type":"Organization","@id":"https:\/\/terrasse-mobile.net\/#organization","name":"Slidedeck","url":"https:\/\/terrasse-mobile.net\/","logo":{"@type":"ImageObject","inLanguage":"de","@id":"https:\/\/terrasse-mobile.net\/#\/schema\/logo\/image\/","url":"https:\/\/terrasse-mobile.net\/wp-content\/uploads\/2024\/01\/logo-slidedeck.jpg","contentUrl":"https:\/\/terrasse-mobile.net\/wp-content\/uploads\/2024\/01\/logo-slidedeck.jpg","width":2000,"height":1103,"caption":"Slidedeck"},"image":{"@id":"https:\/\/terrasse-mobile.net\/#\/schema\/logo\/image\/"}}]}},"_links":{"self":[{"href":"https:\/\/terrasse-mobile.net\/de\/wp-json\/wp\/v2\/pages\/1187","targetHints":{"allow":["GET"]}}],"collection":[{"href":"https:\/\/terrasse-mobile.net\/de\/wp-json\/wp\/v2\/pages"}],"about":[{"href":"https:\/\/terrasse-mobile.net\/de\/wp-json\/wp\/v2\/types\/page"}],"author":[{"embeddable":true,"href":"https:\/\/terrasse-mobile.net\/de\/wp-json\/wp\/v2\/users\/1"}],"replies":[{"embeddable":true,"href":"https:\/\/terrasse-mobile.net\/de\/wp-json\/wp\/v2\/comments?post=1187"}],"version-history":[{"count":86,"href":"https:\/\/terrasse-mobile.net\/de\/wp-json\/wp\/v2\/pages\/1187\/revisions"}],"predecessor-version":[{"id":5640,"href":"https:\/\/terrasse-mobile.net\/de\/wp-json\/wp\/v2\/pages\/1187\/revisions\/5640"}],"up":[{"embeddable":true,"href":"https:\/\/terrasse-mobile.net\/de\/wp-json\/wp\/v2\/pages\/365"}],"wp:attachment":[{"href":"https:\/\/terrasse-mobile.net\/de\/wp-json\/wp\/v2\/media?parent=1187"}],"wp:term":[{"taxonomy":"folder","embeddable":true,"href":"https:\/\/terrasse-mobile.net\/de\/wp-json\/wp\/v2\/folder?post=1187"}],"curies":[{"name":"wp","href":"https:\/\/api.w.org\/{rel}","templated":true}]}}