{"id":2234,"date":"2024-01-31T15:39:50","date_gmt":"2024-01-31T14:39:48","guid":{"rendered":"https:\/\/terrasse-mobile.net\/?page_id=2234"},"modified":"2024-10-01T15:48:20","modified_gmt":"2024-10-01T13:48:20","slug":"comment-construire-terrasse-mobile-piscine-old","status":"publish","type":"page","link":"https:\/\/terrasse-mobile.net\/de\/installation-entretien-old\/comment-construire-terrasse-mobile-piscine-old\/","title":{"rendered":"LES PR\u00c9REQUIS POUR INSTALLER SA TERRASSE MOBILE SLIDEDECK old"},"content":{"rendered":"<h1>Les pr\u00e9requis pour installer votre terrasse mobile pour piscine<\/h1>\n<p>La mise en place d&rsquo;une terrasse mobile pour une piscine &#8211; ou pour un spa &#8211; n&rsquo;est pas compliqu\u00e9e en tant que telle mais n\u00e9cessite un peu de pr\u00e9paration afin d&rsquo;assurer une int\u00e9gration optimale au jardin.<\/p>\n<h2>Ausreichend Platz ist erforderlich<br \/>\n<\/h2>\n<p>Es ist unbedingt erforderlich, dass ausreichend Platz vorhanden ist, damit sich die mobile Terrasse SlideDeck reibungslos bewegen kann. Idealerweise sollte die Fl\u00e4che neben dem Pool der Gr\u00f6\u00dfe Ihres Pools entsprechen.<\/p>\n<h2>Installation einer mobilen Terrasse SlideDeck <br \/>auf einem absch\u00fcssigen Gel\u00e4nde?<br \/>\n<\/h2>\n<p>Der verf\u00fcgbare Platz muss sich auf derselben Ebene wie der Pool befinden, ohne H\u00f6henunterschiede. Bei geneigtem Gel\u00e4nde m\u00fcssen Stahlbetonbalken als Laufbahnen angelegt werden, auf denen Ihre mobile Terrasse fahren kann.\u00a0<\/p>\n<p>\t\t\t\t\t\t\t\t\t\t\t\t\t<img decoding=\"async\" width=\"700\" height=\"464\" src=\"https:\/\/terrasse-mobile.net\/wp-content\/uploads\/2024\/01\/REAL-SABOURAULT-STRUCTUREjpg.jpg\" alt=\"Basis unterhalb beweglicher Terrase\" srcset=\"https:\/\/terrasse-mobile.net\/wp-content\/uploads\/2024\/01\/REAL-SABOURAULT-STRUCTUREjpg.jpg 700w, https:\/\/terrasse-mobile.net\/wp-content\/uploads\/2024\/01\/REAL-SABOURAULT-STRUCTUREjpg-300x199.jpg 300w\" sizes=\"(max-width: 700px) 100vw, 700px\" \/>\t\t\t\t\t\t\t\t\t\t\t\t\t<\/p>\n<h2>Sind rund um den Pool Randsteine vorhanden?<br \/>\n<\/h2>\n<p>Si vous disposez de margelles en pierre reconstitu\u00e9es ou en dallage, ces informations devront \u00eatre donn\u00e9es de mani\u00e8re assez pr\u00e9cise pour un parfait ajustement. Si vous avez des margelles en pierre reconstitu\u00e9e en pente, il sera sans doute pr\u00e9f\u00e9rable de positionner le chemin de roulement au-del\u00e0 de ces margelles.<\/p>\n<p>\t\t\t\t\t\t\t\t\t\t\t\t\t<img decoding=\"async\" width=\"765\" height=\"507\" src=\"https:\/\/terrasse-mobile.net\/wp-content\/uploads\/2024\/01\/DSC_0606-1.jpg\" alt=\"Sch\u00f6ne mobile Terrasse in der Region \u00cele-de-France\" srcset=\"https:\/\/terrasse-mobile.net\/wp-content\/uploads\/2024\/01\/DSC_0606-1.jpg 765w, https:\/\/terrasse-mobile.net\/wp-content\/uploads\/2024\/01\/DSC_0606-1-300x199.jpg 300w\" sizes=\"(max-width: 765px) 100vw, 765px\" \/>\t\t\t\t\t\t\t\t\t\t\t\t\t<\/p>\n<h2>Eine mobile Terrasse f\u00fcr welche Art von Pool?<br \/>\n<\/h2>\n<p>Die mobile Terrasse SlideDeck passt sich an alle Arten von Schwimmb\u00e4dern an. In der Regel eignet sich die mobile Terrasse besonders f\u00fcr kleine und mittelgro\u00dfe Schwimmb\u00e4der. F\u00fcr gro\u00dfe Schwimmbecken vom Typ Schwimmbahn k\u00f6nnen wir Ihnen eine mobile Terrasse anbieten, die sich in L\u00e4ngsrichtung verschieben l\u00e4sst, was einen gro\u00dfen Platzbedarf an der Seite des Schwimmbeckens erfordert, oder unsere spezielle Terrasse f\u00fcr gro\u00dfe Schwimmbecken. Bitte sprechen Sie uns diesbez\u00fcglich an.\u00a0<\/p>\n<h2>Bez\u00fcglich der Motorisierung des SlideDeck<br \/>\n<\/h2>\n<p>Die mobile Terrasse SlideDeck wird je nach den Vorlieben und Bed\u00fcrfnissen unserer Kunden mit oder ohne Motorisierung angeboten.<\/p>\n<p>Bei den kleinen mobilen Terrassen der TERRA-Reihe k\u00f6nnen Sie ganz auf Motoren verzichten. Diese mobilen Terrassen sind relativ leicht und lassen sich daher ganz einfach mit der Hand oder dem Fu\u00df verschieben. Bei den mobilen Terrassen der ATLAS-Reihe empfehlen wir Ihnen dringend eine Motorisierung, da diese mobilen Terrassen schwerer sind und zum Verschieben mehr Kraftaufwand erfordern. Unsere Motoren sind ferngesteuert und werden von einer autonomen Batterie gespeist, die \u00fcber eine in den Motor integrierte Photovoltaikzelle aufgeladen wird. Es ist also keine Stromversorgung in der N\u00e4he des Beckens erforderlich.<\/p>\n<h2>Denken Sie bei einer Poolrenovierung an eine mobile Terrasse!<br \/>\n<\/h2>\n<p style=\"text-align: left;\">Die Integration einer mobilen Terrasse bei einer Poolrenovierung kann besonders sinnvoll sein. Eine Renovierung bietet die M\u00f6glichkeit, den Bereich rund um das Becken saisonal komplett neu zu gestalten, sodass eine mobile Terrasse in diesem Zusammenhang eine clevere Erg\u00e4nzung darstellt.<\/p>\n<p>\t\t\t<a href=\"https:\/\/terrasse-mobile.net\/de\/beschichtungen\/\"><br \/>\n\t\t\t\t\t\tENTDECKEN SIE DIE MOBILEN TERRASSENBEL\u00c4GE SLIDEDECK<br \/>\n\t\t\t\t\t<\/a><\/p>","protected":false},"excerpt":{"rendered":"<p>Les pr\u00e9requis pour installer votre terrasse mobile pour piscine La mise en place d&rsquo;une terrasse mobile pour une piscine &#8211; ou pour un spa &#8211; n&rsquo;est pas compliqu\u00e9e en tant que telle mais n\u00e9cessite un peu de pr\u00e9paration afin d&rsquo;assurer une int\u00e9gration optimale au jardin. Avoir un espace suffisant est n\u00e9cessaire Il est imp\u00e9ratif de&#8230;<\/p>","protected":false},"author":1,"featured_media":0,"parent":2653,"menu_order":2,"comment_status":"closed","ping_status":"closed","template":"","meta":{"_kad_post_transparent":"","_kad_post_title":"","_kad_post_layout":"","_kad_post_sidebar_id":"","_kad_post_content_style":"","_kad_post_vertical_padding":"","_kad_post_feature":"","_kad_post_feature_position":"","_kad_post_header":false,"_kad_post_footer":false,"_kad_post_classname":"","footnotes":""},"folder":[],"class_list":["post-2234","page","type-page","status-publish","hentry"],"yoast_head":"<!-- This site is optimized with the Yoast SEO plugin v27.5 - https:\/\/yoast.com\/product\/yoast-seo-wordpress\/ -->\n<title>Comment construire une terrasse mobile pour piscine ?<\/title>\n<meta name=\"robots\" content=\"index, follow, max-snippet:-1, max-image-preview:large, max-video-preview:-1\" \/>\n<link rel=\"canonical\" href=\"https:\/\/terrasse-mobile.net\/de\/installation-wartung-old\/comment-construire-terrasse-mobile-piscine-old\/\" \/>\n<meta property=\"og:locale\" content=\"de_DE\" \/>\n<meta property=\"og:type\" content=\"article\" \/>\n<meta property=\"og:title\" content=\"Comment construire une terrasse mobile pour piscine ?\" \/>\n<meta property=\"og:description\" content=\"Les pr\u00e9requis pour installer votre terrasse mobile pour piscine La mise en place d&rsquo;une terrasse mobile pour une piscine &#8211; ou pour un spa &#8211; n&rsquo;est pas compliqu\u00e9e en tant que telle mais n\u00e9cessite un peu de pr\u00e9paration afin d&rsquo;assurer une int\u00e9gration optimale au jardin. Avoir un espace suffisant est n\u00e9cessaire Il est imp\u00e9ratif de...\" \/>\n<meta property=\"og:url\" content=\"https:\/\/terrasse-mobile.net\/de\/installation-wartung-old\/comment-construire-terrasse-mobile-piscine-old\/\" \/>\n<meta property=\"og:site_name\" content=\"Terrasse mobile\" \/>\n<meta property=\"article:modified_time\" content=\"2024-10-01T13:48:20+00:00\" \/>\n<meta property=\"og:image\" content=\"https:\/\/terrasse-mobile.net\/wp-content\/uploads\/2024\/01\/REAL-SABOURAULT-STRUCTUREjpg.jpg\" \/>\n<meta name=\"twitter:card\" content=\"summary_large_image\" \/>\n<meta name=\"twitter:label1\" content=\"Gesch\u00e4tzte Lesezeit\" \/>\n\t<meta name=\"twitter:data1\" content=\"3\u00a0Minuten\" \/>\n<script type=\"application\/ld+json\" class=\"yoast-schema-graph\">{\"@context\":\"https:\\\/\\\/schema.org\",\"@graph\":[{\"@type\":\"WebPage\",\"@id\":\"https:\\\/\\\/terrasse-mobile.net\\\/installation-entretien-old\\\/comment-construire-terrasse-mobile-piscine-old\\\/\",\"url\":\"https:\\\/\\\/terrasse-mobile.net\\\/installation-entretien-old\\\/comment-construire-terrasse-mobile-piscine-old\\\/\",\"name\":\"Comment construire une terrasse mobile pour piscine ?\",\"isPartOf\":{\"@id\":\"https:\\\/\\\/terrasse-mobile.net\\\/#website\"},\"primaryImageOfPage\":{\"@id\":\"https:\\\/\\\/terrasse-mobile.net\\\/installation-entretien-old\\\/comment-construire-terrasse-mobile-piscine-old\\\/#primaryimage\"},\"image\":{\"@id\":\"https:\\\/\\\/terrasse-mobile.net\\\/installation-entretien-old\\\/comment-construire-terrasse-mobile-piscine-old\\\/#primaryimage\"},\"thumbnailUrl\":\"https:\\\/\\\/terrasse-mobile.net\\\/wp-content\\\/uploads\\\/2024\\\/01\\\/REAL-SABOURAULT-STRUCTUREjpg.jpg\",\"datePublished\":\"2024-01-31T14:39:48+00:00\",\"dateModified\":\"2024-10-01T13:48:20+00:00\",\"breadcrumb\":{\"@id\":\"https:\\\/\\\/terrasse-mobile.net\\\/installation-entretien-old\\\/comment-construire-terrasse-mobile-piscine-old\\\/#breadcrumb\"},\"inLanguage\":\"de\",\"potentialAction\":[{\"@type\":\"ReadAction\",\"target\":[\"https:\\\/\\\/terrasse-mobile.net\\\/installation-entretien-old\\\/comment-construire-terrasse-mobile-piscine-old\\\/\"]}]},{\"@type\":\"ImageObject\",\"inLanguage\":\"de\",\"@id\":\"https:\\\/\\\/terrasse-mobile.net\\\/installation-entretien-old\\\/comment-construire-terrasse-mobile-piscine-old\\\/#primaryimage\",\"url\":\"https:\\\/\\\/terrasse-mobile.net\\\/wp-content\\\/uploads\\\/2024\\\/01\\\/REAL-SABOURAULT-STRUCTUREjpg.jpg\",\"contentUrl\":\"https:\\\/\\\/terrasse-mobile.net\\\/wp-content\\\/uploads\\\/2024\\\/01\\\/REAL-SABOURAULT-STRUCTUREjpg.jpg\"},{\"@type\":\"BreadcrumbList\",\"@id\":\"https:\\\/\\\/terrasse-mobile.net\\\/installation-entretien-old\\\/comment-construire-terrasse-mobile-piscine-old\\\/#breadcrumb\",\"itemListElement\":[{\"@type\":\"ListItem\",\"position\":1,\"name\":\"Accueil\",\"item\":\"https:\\\/\\\/terrasse-mobile.net\\\/\"},{\"@type\":\"ListItem\",\"position\":2,\"name\":\"INSTALLATION ET ENTRETIEN DE LA TERRASSE MOBILE SLIDEDECK old\",\"item\":\"https:\\\/\\\/terrasse-mobile.net\\\/installation-entretien-old\\\/\"},{\"@type\":\"ListItem\",\"position\":3,\"name\":\"LES PR\u00c9REQUIS POUR INSTALLER SA TERRASSE MOBILE SLIDEDECK old\"}]},{\"@type\":\"WebSite\",\"@id\":\"https:\\\/\\\/terrasse-mobile.net\\\/#website\",\"url\":\"https:\\\/\\\/terrasse-mobile.net\\\/\",\"name\":\"Slidedeck\",\"description\":\"Construction sur mesure de terrasses mobiles en \u00cele-de-France\",\"publisher\":{\"@id\":\"https:\\\/\\\/terrasse-mobile.net\\\/#organization\"},\"potentialAction\":[{\"@type\":\"SearchAction\",\"target\":{\"@type\":\"EntryPoint\",\"urlTemplate\":\"https:\\\/\\\/terrasse-mobile.net\\\/?s={search_term_string}\"},\"query-input\":{\"@type\":\"PropertyValueSpecification\",\"valueRequired\":true,\"valueName\":\"search_term_string\"}}],\"inLanguage\":\"de\"},{\"@type\":\"Organization\",\"@id\":\"https:\\\/\\\/terrasse-mobile.net\\\/#organization\",\"name\":\"Slidedeck\",\"url\":\"https:\\\/\\\/terrasse-mobile.net\\\/\",\"logo\":{\"@type\":\"ImageObject\",\"inLanguage\":\"de\",\"@id\":\"https:\\\/\\\/terrasse-mobile.net\\\/#\\\/schema\\\/logo\\\/image\\\/\",\"url\":\"https:\\\/\\\/terrasse-mobile.net\\\/wp-content\\\/uploads\\\/2024\\\/01\\\/logo-slidedeck.jpg\",\"contentUrl\":\"https:\\\/\\\/terrasse-mobile.net\\\/wp-content\\\/uploads\\\/2024\\\/01\\\/logo-slidedeck.jpg\",\"width\":2000,\"height\":1103,\"caption\":\"Slidedeck\"},\"image\":{\"@id\":\"https:\\\/\\\/terrasse-mobile.net\\\/#\\\/schema\\\/logo\\\/image\\\/\"}}]}<\/script>\n<!-- \/ Yoast SEO plugin. -->","yoast_head_json":{"title":"Wie baut man eine mobile Terrasse f\u00fcr einen Swimmingpool?","robots":{"index":"index","follow":"follow","max-snippet":"max-snippet:-1","max-image-preview":"max-image-preview:large","max-video-preview":"max-video-preview:-1"},"canonical":"https:\/\/terrasse-mobile.net\/de\/installation-wartung-old\/comment-construire-terrasse-mobile-piscine-old\/","og_locale":"de_DE","og_type":"article","og_title":"Comment construire une terrasse mobile pour piscine ?","og_description":"Les pr\u00e9requis pour installer votre terrasse mobile pour piscine La mise en place d&rsquo;une terrasse mobile pour une piscine &#8211; ou pour un spa &#8211; n&rsquo;est pas compliqu\u00e9e en tant que telle mais n\u00e9cessite un peu de pr\u00e9paration afin d&rsquo;assurer une int\u00e9gration optimale au jardin. Avoir un espace suffisant est n\u00e9cessaire Il est imp\u00e9ratif de...","og_url":"https:\/\/terrasse-mobile.net\/de\/installation-wartung-old\/comment-construire-terrasse-mobile-piscine-old\/","og_site_name":"Terrasse mobile","article_modified_time":"2024-10-01T13:48:20+00:00","og_image":[{"url":"https:\/\/terrasse-mobile.net\/wp-content\/uploads\/2024\/01\/REAL-SABOURAULT-STRUCTUREjpg.jpg","type":"","width":"","height":""}],"twitter_card":"summary_large_image","twitter_misc":{"Gesch\u00e4tzte Lesezeit":"3\u00a0Minuten"},"schema":{"@context":"https:\/\/schema.org","@graph":[{"@type":"WebPage","@id":"https:\/\/terrasse-mobile.net\/installation-entretien-old\/comment-construire-terrasse-mobile-piscine-old\/","url":"https:\/\/terrasse-mobile.net\/installation-entretien-old\/comment-construire-terrasse-mobile-piscine-old\/","name":"Wie baut man eine mobile Terrasse f\u00fcr einen Swimmingpool?","isPartOf":{"@id":"https:\/\/terrasse-mobile.net\/#website"},"primaryImageOfPage":{"@id":"https:\/\/terrasse-mobile.net\/installation-entretien-old\/comment-construire-terrasse-mobile-piscine-old\/#primaryimage"},"image":{"@id":"https:\/\/terrasse-mobile.net\/installation-entretien-old\/comment-construire-terrasse-mobile-piscine-old\/#primaryimage"},"thumbnailUrl":"https:\/\/terrasse-mobile.net\/wp-content\/uploads\/2024\/01\/REAL-SABOURAULT-STRUCTUREjpg.jpg","datePublished":"2024-01-31T14:39:48+00:00","dateModified":"2024-10-01T13:48:20+00:00","breadcrumb":{"@id":"https:\/\/terrasse-mobile.net\/installation-entretien-old\/comment-construire-terrasse-mobile-piscine-old\/#breadcrumb"},"inLanguage":"de","potentialAction":[{"@type":"ReadAction","target":["https:\/\/terrasse-mobile.net\/installation-entretien-old\/comment-construire-terrasse-mobile-piscine-old\/"]}]},{"@type":"ImageObject","inLanguage":"de","@id":"https:\/\/terrasse-mobile.net\/installation-entretien-old\/comment-construire-terrasse-mobile-piscine-old\/#primaryimage","url":"https:\/\/terrasse-mobile.net\/wp-content\/uploads\/2024\/01\/REAL-SABOURAULT-STRUCTUREjpg.jpg","contentUrl":"https:\/\/terrasse-mobile.net\/wp-content\/uploads\/2024\/01\/REAL-SABOURAULT-STRUCTUREjpg.jpg"},{"@type":"BreadcrumbList","@id":"https:\/\/terrasse-mobile.net\/installation-entretien-old\/comment-construire-terrasse-mobile-piscine-old\/#breadcrumb","itemListElement":[{"@type":"ListItem","position":1,"name":"Accueil","item":"https:\/\/terrasse-mobile.net\/"},{"@type":"ListItem","position":2,"name":"INSTALLATION ET ENTRETIEN DE LA TERRASSE MOBILE SLIDEDECK old","item":"https:\/\/terrasse-mobile.net\/installation-entretien-old\/"},{"@type":"ListItem","position":3,"name":"LES PR\u00c9REQUIS POUR INSTALLER SA TERRASSE MOBILE SLIDEDECK old"}]},{"@type":"WebSite","@id":"https:\/\/terrasse-mobile.net\/#website","url":"https:\/\/terrasse-mobile.net\/","name":"Slidedeck","description":"Ma\u00dfgeschneiderte Konstruktion von mobilen Terrassen in der \u00cele-de-France","publisher":{"@id":"https:\/\/terrasse-mobile.net\/#organization"},"potentialAction":[{"@type":"SearchAction","target":{"@type":"EntryPoint","urlTemplate":"https:\/\/terrasse-mobile.net\/?s={search_term_string}"},"query-input":{"@type":"PropertyValueSpecification","valueRequired":true,"valueName":"search_term_string"}}],"inLanguage":"de"},{"@type":"Organization","@id":"https:\/\/terrasse-mobile.net\/#organization","name":"Slidedeck","url":"https:\/\/terrasse-mobile.net\/","logo":{"@type":"ImageObject","inLanguage":"de","@id":"https:\/\/terrasse-mobile.net\/#\/schema\/logo\/image\/","url":"https:\/\/terrasse-mobile.net\/wp-content\/uploads\/2024\/01\/logo-slidedeck.jpg","contentUrl":"https:\/\/terrasse-mobile.net\/wp-content\/uploads\/2024\/01\/logo-slidedeck.jpg","width":2000,"height":1103,"caption":"Slidedeck"},"image":{"@id":"https:\/\/terrasse-mobile.net\/#\/schema\/logo\/image\/"}}]}},"_links":{"self":[{"href":"https:\/\/terrasse-mobile.net\/de\/wp-json\/wp\/v2\/pages\/2234","targetHints":{"allow":["GET"]}}],"collection":[{"href":"https:\/\/terrasse-mobile.net\/de\/wp-json\/wp\/v2\/pages"}],"about":[{"href":"https:\/\/terrasse-mobile.net\/de\/wp-json\/wp\/v2\/types\/page"}],"author":[{"embeddable":true,"href":"https:\/\/terrasse-mobile.net\/de\/wp-json\/wp\/v2\/users\/1"}],"replies":[{"embeddable":true,"href":"https:\/\/terrasse-mobile.net\/de\/wp-json\/wp\/v2\/comments?post=2234"}],"version-history":[{"count":87,"href":"https:\/\/terrasse-mobile.net\/de\/wp-json\/wp\/v2\/pages\/2234\/revisions"}],"predecessor-version":[{"id":5716,"href":"https:\/\/terrasse-mobile.net\/de\/wp-json\/wp\/v2\/pages\/2234\/revisions\/5716"}],"up":[{"embeddable":true,"href":"https:\/\/terrasse-mobile.net\/de\/wp-json\/wp\/v2\/pages\/2653"}],"wp:attachment":[{"href":"https:\/\/terrasse-mobile.net\/de\/wp-json\/wp\/v2\/media?parent=2234"}],"wp:term":[{"taxonomy":"folder","embeddable":true,"href":"https:\/\/terrasse-mobile.net\/de\/wp-json\/wp\/v2\/folder?post=2234"}],"curies":[{"name":"wp","href":"https:\/\/api.w.org\/{rel}","templated":true}]}}