{"id":2260,"date":"2024-01-31T17:27:50","date_gmt":"2024-01-31T16:27:17","guid":{"rendered":"https:\/\/terrasse-mobile.net\/?page_id=2260"},"modified":"2024-10-01T15:48:46","modified_gmt":"2024-10-01T13:48:46","slug":"pflege-der-schiebeterrasse-old","status":"publish","type":"page","link":"https:\/\/terrasse-mobile.net\/de\/installation-entretien-old\/entretien-terrasse-coulissante-old\/","title":{"rendered":"DIE PFLEGE IHRER MOBILEN TERRASSE SLIDEDECK old"},"content":{"rendered":"<h1>Die Pflege Ihrer mobilen SlideDeck-Terrasse<\/h1>\n<h2>Ideale Materialien f\u00fcr die mobile Terrasse <br \/>Ihres Pools<br \/>\n<\/h2>\n<p>Die Struktur der mobilen SlideDeck-Terrasse ist aus hochwertigen Materialien wie Edelstahl und Aluminium gefertigt. Sie sind dauerhaft haltbar, mechanisch belastbar und nat\u00fcrlich absolut korrosionsbest\u00e4ndig. Auch das Zubeh\u00f6r (Rollen, Antrieb, Befestigungsteile) ist aus rostfreiem Stahl gefertigt, sodass die gesamte mobile Terrasse hohen Qualit\u00e4tsstandards entspricht. Ihre mobile Poolterrasse bleibt mindestens 40 Jahre lang in perfektem Zustand, ohne dass sie ausgetauscht oder repariert werden muss.<\/p>\n<h2>Pflegeleichte Bel\u00e4ge f\u00fcr mobile Terrassen<br \/>\n<\/h2>\n<p>Wir bieten verschiedene Bel\u00e4ge f\u00fcr Ihre mobile SlideDeck-Terrasse an: Terrassendielen aus exotischem Holz, Holzverbundstoffdielen, Aluminiumdielen, Kunstrasen, Steinfolie usw. Alle diese Bel\u00e4ge sind absolut widerstandsf\u00e4hig gegen Regen, Schnee, Frost, UV-Strahlen und nat\u00fcrlich Chlorwasser. Die technischen Eigenschaften unserer Bel\u00e4ge erm\u00f6glichen es uns, Ihnen zu garantieren, dass Ihre mobile Terrasse ihr Aussehen \u00fcber viele Jahre hinweg beh\u00e4lt, ohne dass sie einer besonderen Pflege bedarf, au\u00dfer zweimal im Jahr mit einem Schrubber oder einem Hochdruckreiniger.<\/p>\n<p>\t\t\t\t\t\t\t\t\t\t\t\t\t<img decoding=\"async\" width=\"743\" height=\"560\" src=\"https:\/\/terrasse-mobile.net\/wp-content\/uploads\/2024\/01\/SLIDEDECK-GAZON-SYNTHETIQUE00002-1.jpeg\" alt=\"MOBILE TERRASSE KUNSTRASEN\" srcset=\"https:\/\/terrasse-mobile.net\/wp-content\/uploads\/2024\/01\/SLIDEDECK-GAZON-SYNTHETIQUE00002-1.jpeg 743w, https:\/\/terrasse-mobile.net\/wp-content\/uploads\/2024\/01\/SLIDEDECK-GAZON-SYNTHETIQUE00002-1-300x226.jpeg 300w\" sizes=\"(max-width: 743px) 100vw, 743px\" \/><br \/>\n\t\t\t\t\t\t\t\t\t\t\t\t\t<img decoding=\"async\" width=\"765\" height=\"510\" src=\"https:\/\/terrasse-mobile.net\/wp-content\/uploads\/2024\/01\/REAL-DUTHION-PISCINE2-1.jpg\" alt=\"mobile Terrasse im Stadtzentrum\" srcset=\"https:\/\/terrasse-mobile.net\/wp-content\/uploads\/2024\/01\/REAL-DUTHION-PISCINE2-1.jpg 765w, https:\/\/terrasse-mobile.net\/wp-content\/uploads\/2024\/01\/REAL-DUTHION-PISCINE2-1-300x200.jpg 300w\" sizes=\"(max-width: 765px) 100vw, 765px\" \/>\t\t\t\t\t\t\t\t\t\t\t\t\t<\/p>\n<p>Die Beschichtungen der mobilen SlideDeck-Terrasse sind sehr uqalitativ, was die Reinigung schnell und einfach macht. Ein einfaches Abwischen oder Absp\u00fclen mit Seifenwasser reicht in der Regel aus, um Schmutz, Staub und Ablagerungen zu entfernen.\u00a0<\/p>\n<h2>Eine mobile Terrasse, die 40 Jahre lang h\u00e4lt<\/h2>\n<p>Die mobile Poolterrasse SlideDeck ist mechanisch extrem belastbar und langlebig. Wenn Sie sich f\u00fcr SlideDeck entscheiden, k\u00f6nnen Sie sich f\u00fcr die n\u00e4chsten 40 Jahre sicher sein: eine zuverl\u00e4ssige und dauerhafte Investition.<\/p>\n<p>\t\t\t<a href=\"https:\/\/terrasse-mobile.net\/de\/optionen\/\"><br \/>\n\t\t\t\t\t\tENTDECKEN SIE DIE OPTIONEN F\u00dcR MOBILE TERRASSE SLIDEDECK<br \/>\n\t\t\t\t\t<\/a><\/p>","protected":false},"excerpt":{"rendered":"<p>L&rsquo;entretien de votre terrasse mobile SlideDeck Des mat\u00e9riaux id\u00e9als pour la terrasse mobile de votre piscine La structure de la terrasse mobile SlideDeck est con\u00e7ue \u00e0 partir de mat\u00e9riaux de haute qualit\u00e9, tels que l&rsquo;acier inoxydable et l\u2019aluminium. Ils sont \u00e9ternellement durables, r\u00e9sistants m\u00e9caniquement et bien entendu parfaitement r\u00e9sistants \u00e0 la corrosion . De m\u00eame,&#8230;<\/p>","protected":false},"author":1,"featured_media":0,"parent":2653,"menu_order":3,"comment_status":"closed","ping_status":"closed","template":"","meta":{"_kad_post_transparent":"","_kad_post_title":"","_kad_post_layout":"","_kad_post_sidebar_id":"","_kad_post_content_style":"","_kad_post_vertical_padding":"","_kad_post_feature":"","_kad_post_feature_position":"","_kad_post_header":false,"_kad_post_footer":false,"_kad_post_classname":"","footnotes":""},"folder":[],"class_list":["post-2260","page","type-page","status-publish","hentry"],"yoast_head":"<!-- This site is optimized with the Yoast SEO plugin v27.5 - https:\/\/yoast.com\/product\/yoast-seo-wordpress\/ -->\n<title>L&#039;entretien d&#039;une terrasse coulissante<\/title>\n<meta name=\"robots\" content=\"index, follow, max-snippet:-1, max-image-preview:large, max-video-preview:-1\" \/>\n<link rel=\"canonical\" href=\"https:\/\/terrasse-mobile.net\/de\/installation-wartung-old\/pflege-der-schiebeterrasse-old\/\" \/>\n<meta property=\"og:locale\" content=\"de_DE\" \/>\n<meta property=\"og:type\" content=\"article\" \/>\n<meta property=\"og:title\" content=\"L&#039;entretien d&#039;une terrasse coulissante\" \/>\n<meta property=\"og:description\" content=\"L&rsquo;entretien de votre terrasse mobile SlideDeck Des mat\u00e9riaux id\u00e9als pour la terrasse mobile de votre piscine La structure de la terrasse mobile SlideDeck est con\u00e7ue \u00e0 partir de mat\u00e9riaux de haute qualit\u00e9, tels que l&rsquo;acier inoxydable et l\u2019aluminium. Ils sont \u00e9ternellement durables, r\u00e9sistants m\u00e9caniquement et bien entendu parfaitement r\u00e9sistants \u00e0 la corrosion . De m\u00eame,...\" \/>\n<meta property=\"og:url\" content=\"https:\/\/terrasse-mobile.net\/de\/installation-wartung-old\/pflege-der-schiebeterrasse-old\/\" \/>\n<meta property=\"og:site_name\" content=\"Terrasse mobile\" \/>\n<meta property=\"article:modified_time\" content=\"2024-10-01T13:48:46+00:00\" \/>\n<meta property=\"og:image\" content=\"https:\/\/terrasse-mobile.net\/wp-content\/uploads\/2024\/01\/SLIDEDECK-GAZON-SYNTHETIQUE00002-1.jpeg\" \/>\n<meta name=\"twitter:card\" content=\"summary_large_image\" \/>\n<meta name=\"twitter:label1\" content=\"Gesch\u00e4tzte Lesezeit\" \/>\n\t<meta name=\"twitter:data1\" content=\"2\u00a0Minuten\" \/>\n<script type=\"application\/ld+json\" class=\"yoast-schema-graph\">{\"@context\":\"https:\\\/\\\/schema.org\",\"@graph\":[{\"@type\":\"WebPage\",\"@id\":\"https:\\\/\\\/terrasse-mobile.net\\\/installation-entretien-old\\\/entretien-terrasse-coulissante-old\\\/\",\"url\":\"https:\\\/\\\/terrasse-mobile.net\\\/installation-entretien-old\\\/entretien-terrasse-coulissante-old\\\/\",\"name\":\"L'entretien d'une terrasse coulissante\",\"isPartOf\":{\"@id\":\"https:\\\/\\\/terrasse-mobile.net\\\/#website\"},\"primaryImageOfPage\":{\"@id\":\"https:\\\/\\\/terrasse-mobile.net\\\/installation-entretien-old\\\/entretien-terrasse-coulissante-old\\\/#primaryimage\"},\"image\":{\"@id\":\"https:\\\/\\\/terrasse-mobile.net\\\/installation-entretien-old\\\/entretien-terrasse-coulissante-old\\\/#primaryimage\"},\"thumbnailUrl\":\"https:\\\/\\\/terrasse-mobile.net\\\/wp-content\\\/uploads\\\/2024\\\/01\\\/SLIDEDECK-GAZON-SYNTHETIQUE00002-1.jpeg\",\"datePublished\":\"2024-01-31T16:27:17+00:00\",\"dateModified\":\"2024-10-01T13:48:46+00:00\",\"breadcrumb\":{\"@id\":\"https:\\\/\\\/terrasse-mobile.net\\\/installation-entretien-old\\\/entretien-terrasse-coulissante-old\\\/#breadcrumb\"},\"inLanguage\":\"de\",\"potentialAction\":[{\"@type\":\"ReadAction\",\"target\":[\"https:\\\/\\\/terrasse-mobile.net\\\/installation-entretien-old\\\/entretien-terrasse-coulissante-old\\\/\"]}]},{\"@type\":\"ImageObject\",\"inLanguage\":\"de\",\"@id\":\"https:\\\/\\\/terrasse-mobile.net\\\/installation-entretien-old\\\/entretien-terrasse-coulissante-old\\\/#primaryimage\",\"url\":\"https:\\\/\\\/terrasse-mobile.net\\\/wp-content\\\/uploads\\\/2024\\\/01\\\/SLIDEDECK-GAZON-SYNTHETIQUE00002-1.jpeg\",\"contentUrl\":\"https:\\\/\\\/terrasse-mobile.net\\\/wp-content\\\/uploads\\\/2024\\\/01\\\/SLIDEDECK-GAZON-SYNTHETIQUE00002-1.jpeg\"},{\"@type\":\"BreadcrumbList\",\"@id\":\"https:\\\/\\\/terrasse-mobile.net\\\/installation-entretien-old\\\/entretien-terrasse-coulissante-old\\\/#breadcrumb\",\"itemListElement\":[{\"@type\":\"ListItem\",\"position\":1,\"name\":\"Accueil\",\"item\":\"https:\\\/\\\/terrasse-mobile.net\\\/\"},{\"@type\":\"ListItem\",\"position\":2,\"name\":\"INSTALLATION ET ENTRETIEN DE LA TERRASSE MOBILE SLIDEDECK old\",\"item\":\"https:\\\/\\\/terrasse-mobile.net\\\/installation-entretien-old\\\/\"},{\"@type\":\"ListItem\",\"position\":3,\"name\":\"L&rsquo;ENTRETIEN DE VOTRE TERRASSE MOBILE SLIDEDECK old\"}]},{\"@type\":\"WebSite\",\"@id\":\"https:\\\/\\\/terrasse-mobile.net\\\/#website\",\"url\":\"https:\\\/\\\/terrasse-mobile.net\\\/\",\"name\":\"Slidedeck\",\"description\":\"Construction sur mesure de terrasses mobiles en \u00cele-de-France\",\"publisher\":{\"@id\":\"https:\\\/\\\/terrasse-mobile.net\\\/#organization\"},\"potentialAction\":[{\"@type\":\"SearchAction\",\"target\":{\"@type\":\"EntryPoint\",\"urlTemplate\":\"https:\\\/\\\/terrasse-mobile.net\\\/?s={search_term_string}\"},\"query-input\":{\"@type\":\"PropertyValueSpecification\",\"valueRequired\":true,\"valueName\":\"search_term_string\"}}],\"inLanguage\":\"de\"},{\"@type\":\"Organization\",\"@id\":\"https:\\\/\\\/terrasse-mobile.net\\\/#organization\",\"name\":\"Slidedeck\",\"url\":\"https:\\\/\\\/terrasse-mobile.net\\\/\",\"logo\":{\"@type\":\"ImageObject\",\"inLanguage\":\"de\",\"@id\":\"https:\\\/\\\/terrasse-mobile.net\\\/#\\\/schema\\\/logo\\\/image\\\/\",\"url\":\"https:\\\/\\\/terrasse-mobile.net\\\/wp-content\\\/uploads\\\/2024\\\/01\\\/logo-slidedeck.jpg\",\"contentUrl\":\"https:\\\/\\\/terrasse-mobile.net\\\/wp-content\\\/uploads\\\/2024\\\/01\\\/logo-slidedeck.jpg\",\"width\":2000,\"height\":1103,\"caption\":\"Slidedeck\"},\"image\":{\"@id\":\"https:\\\/\\\/terrasse-mobile.net\\\/#\\\/schema\\\/logo\\\/image\\\/\"}}]}<\/script>\n<!-- \/ Yoast SEO plugin. -->","yoast_head_json":{"title":"Die Pflege einer Schiebeterrasse","robots":{"index":"index","follow":"follow","max-snippet":"max-snippet:-1","max-image-preview":"max-image-preview:large","max-video-preview":"max-video-preview:-1"},"canonical":"https:\/\/terrasse-mobile.net\/de\/installation-wartung-old\/pflege-der-schiebeterrasse-old\/","og_locale":"de_DE","og_type":"article","og_title":"L'entretien d'une terrasse coulissante","og_description":"L&rsquo;entretien de votre terrasse mobile SlideDeck Des mat\u00e9riaux id\u00e9als pour la terrasse mobile de votre piscine La structure de la terrasse mobile SlideDeck est con\u00e7ue \u00e0 partir de mat\u00e9riaux de haute qualit\u00e9, tels que l&rsquo;acier inoxydable et l\u2019aluminium. Ils sont \u00e9ternellement durables, r\u00e9sistants m\u00e9caniquement et bien entendu parfaitement r\u00e9sistants \u00e0 la corrosion . De m\u00eame,...","og_url":"https:\/\/terrasse-mobile.net\/de\/installation-wartung-old\/pflege-der-schiebeterrasse-old\/","og_site_name":"Terrasse mobile","article_modified_time":"2024-10-01T13:48:46+00:00","og_image":[{"url":"https:\/\/terrasse-mobile.net\/wp-content\/uploads\/2024\/01\/SLIDEDECK-GAZON-SYNTHETIQUE00002-1.jpeg","type":"","width":"","height":""}],"twitter_card":"summary_large_image","twitter_misc":{"Gesch\u00e4tzte Lesezeit":"2\u00a0Minuten"},"schema":{"@context":"https:\/\/schema.org","@graph":[{"@type":"WebPage","@id":"https:\/\/terrasse-mobile.net\/installation-entretien-old\/entretien-terrasse-coulissante-old\/","url":"https:\/\/terrasse-mobile.net\/installation-entretien-old\/entretien-terrasse-coulissante-old\/","name":"Die Pflege einer Schiebeterrasse","isPartOf":{"@id":"https:\/\/terrasse-mobile.net\/#website"},"primaryImageOfPage":{"@id":"https:\/\/terrasse-mobile.net\/installation-entretien-old\/entretien-terrasse-coulissante-old\/#primaryimage"},"image":{"@id":"https:\/\/terrasse-mobile.net\/installation-entretien-old\/entretien-terrasse-coulissante-old\/#primaryimage"},"thumbnailUrl":"https:\/\/terrasse-mobile.net\/wp-content\/uploads\/2024\/01\/SLIDEDECK-GAZON-SYNTHETIQUE00002-1.jpeg","datePublished":"2024-01-31T16:27:17+00:00","dateModified":"2024-10-01T13:48:46+00:00","breadcrumb":{"@id":"https:\/\/terrasse-mobile.net\/installation-entretien-old\/entretien-terrasse-coulissante-old\/#breadcrumb"},"inLanguage":"de","potentialAction":[{"@type":"ReadAction","target":["https:\/\/terrasse-mobile.net\/installation-entretien-old\/entretien-terrasse-coulissante-old\/"]}]},{"@type":"ImageObject","inLanguage":"de","@id":"https:\/\/terrasse-mobile.net\/installation-entretien-old\/entretien-terrasse-coulissante-old\/#primaryimage","url":"https:\/\/terrasse-mobile.net\/wp-content\/uploads\/2024\/01\/SLIDEDECK-GAZON-SYNTHETIQUE00002-1.jpeg","contentUrl":"https:\/\/terrasse-mobile.net\/wp-content\/uploads\/2024\/01\/SLIDEDECK-GAZON-SYNTHETIQUE00002-1.jpeg"},{"@type":"BreadcrumbList","@id":"https:\/\/terrasse-mobile.net\/installation-entretien-old\/entretien-terrasse-coulissante-old\/#breadcrumb","itemListElement":[{"@type":"ListItem","position":1,"name":"Accueil","item":"https:\/\/terrasse-mobile.net\/"},{"@type":"ListItem","position":2,"name":"INSTALLATION ET ENTRETIEN DE LA TERRASSE MOBILE SLIDEDECK old","item":"https:\/\/terrasse-mobile.net\/installation-entretien-old\/"},{"@type":"ListItem","position":3,"name":"L&rsquo;ENTRETIEN DE VOTRE TERRASSE MOBILE SLIDEDECK old"}]},{"@type":"WebSite","@id":"https:\/\/terrasse-mobile.net\/#website","url":"https:\/\/terrasse-mobile.net\/","name":"Slidedeck","description":"Ma\u00dfgeschneiderte Konstruktion von mobilen Terrassen in der \u00cele-de-France","publisher":{"@id":"https:\/\/terrasse-mobile.net\/#organization"},"potentialAction":[{"@type":"SearchAction","target":{"@type":"EntryPoint","urlTemplate":"https:\/\/terrasse-mobile.net\/?s={search_term_string}"},"query-input":{"@type":"PropertyValueSpecification","valueRequired":true,"valueName":"search_term_string"}}],"inLanguage":"de"},{"@type":"Organization","@id":"https:\/\/terrasse-mobile.net\/#organization","name":"Slidedeck","url":"https:\/\/terrasse-mobile.net\/","logo":{"@type":"ImageObject","inLanguage":"de","@id":"https:\/\/terrasse-mobile.net\/#\/schema\/logo\/image\/","url":"https:\/\/terrasse-mobile.net\/wp-content\/uploads\/2024\/01\/logo-slidedeck.jpg","contentUrl":"https:\/\/terrasse-mobile.net\/wp-content\/uploads\/2024\/01\/logo-slidedeck.jpg","width":2000,"height":1103,"caption":"Slidedeck"},"image":{"@id":"https:\/\/terrasse-mobile.net\/#\/schema\/logo\/image\/"}}]}},"_links":{"self":[{"href":"https:\/\/terrasse-mobile.net\/de\/wp-json\/wp\/v2\/pages\/2260","targetHints":{"allow":["GET"]}}],"collection":[{"href":"https:\/\/terrasse-mobile.net\/de\/wp-json\/wp\/v2\/pages"}],"about":[{"href":"https:\/\/terrasse-mobile.net\/de\/wp-json\/wp\/v2\/types\/page"}],"author":[{"embeddable":true,"href":"https:\/\/terrasse-mobile.net\/de\/wp-json\/wp\/v2\/users\/1"}],"replies":[{"embeddable":true,"href":"https:\/\/terrasse-mobile.net\/de\/wp-json\/wp\/v2\/comments?post=2260"}],"version-history":[{"count":41,"href":"https:\/\/terrasse-mobile.net\/de\/wp-json\/wp\/v2\/pages\/2260\/revisions"}],"predecessor-version":[{"id":5717,"href":"https:\/\/terrasse-mobile.net\/de\/wp-json\/wp\/v2\/pages\/2260\/revisions\/5717"}],"up":[{"embeddable":true,"href":"https:\/\/terrasse-mobile.net\/de\/wp-json\/wp\/v2\/pages\/2653"}],"wp:attachment":[{"href":"https:\/\/terrasse-mobile.net\/de\/wp-json\/wp\/v2\/media?parent=2260"}],"wp:term":[{"taxonomy":"folder","embeddable":true,"href":"https:\/\/terrasse-mobile.net\/de\/wp-json\/wp\/v2\/folder?post=2260"}],"curies":[{"name":"wp","href":"https:\/\/api.w.org\/{rel}","templated":true}]}}