{"id":2333,"date":"2024-02-01T10:58:50","date_gmt":"2024-02-01T09:58:44","guid":{"rendered":"https:\/\/terrasse-mobile.net\/?page_id=2333"},"modified":"2024-10-01T15:47:19","modified_gmt":"2024-10-01T13:47:19","slug":"schiebeterrasse-mit-10-jahren-garantie-old","status":"publish","type":"page","link":"https:\/\/terrasse-mobile.net\/de\/installation-entretien-old\/terrasse-coulissante-garantie-10-ans-old\/","title":{"rendered":"INSTALLATION DER MOBILEN TERRASSE SLIDEDECK DURCH PROFESSIONELLE old"},"content":{"rendered":"<h1>Ihre mobile SlideDeck-Terrasse professionell installiert<\/h1>\n<p>Ihre mobile Poolterrasse SlideDeck kann von unseren Fachleuten installiert werden. Hier ist ein Video, das die DETAILLIERTE Installation der mobilen SlideDeck-Poolterrasse erkl\u00e4rt.<\/p>\n<p>https:\/\/vimeo.com\/932896465?share=copy\t\t<\/p>\n<h2>Installation durch die Teams von Piscine Nature<\/h2>\n<p>SlideDeck wurde von den Teams von Piscine Nature, das in Chatou im Departement Yvelines ans\u00e4ssig ist, entworfen und entwickelt. Wir sind in der Lage, Ihre mobile Terrasse in der gesamten \u00cele de France (in den folgenden Departements: 77, 78, 91, 92, 93, 94, 95 und 75) zu installieren. Um die mobile Terrasse SlideDeck zu installieren, muss zun\u00e4chst die Fahrbahn angelegt werden. Dies kann entweder die Holzterrasse oder die geflieste Terrasse rund um den Pool sein.<\/p>\n<p>Wenn sich die mobile Terrasse \u00fcber einen Bereich nat\u00fcrlichen Gel\u00e4ndes bewegen soll, typischerweise in Richtung Garten, m\u00fcssen Rollwege angelegt werden, damit sich der Pool flie\u00dfend bewegen kann. In der Regel werden diese Rollwege in Form einer \u00abLongrine\u00bb angelegt. Das ist eine kleine Betonmauer, die mit Terrassendielen oder Fliesen belegt werden kann. Auf diesem Langtr\u00e4ger werden die Laufschienen f\u00fcr eine zuverl\u00e4ssige Fortbewegung installiert. Diese Langtr\u00e4ger k\u00f6nnen von Ihrem Maurer installiert werden.\u00a0<\/p>\n<p>Selbstverst\u00e4ndlich k\u00f6nnen wir das f\u00fcr Sie \u00fcbernehmen und die gesamte Installation \u00fcbernehmen, d. h.<\/p>\n<ul>\n<li>Verlegen Sie die Langtr\u00e4ger (und warten Sie, bis es getrocknet ist), bedecken Sie die Langtr\u00e4ger mit einem Fliesenboden oder Terrassendielen.<\/li>\n<li>Ihnen die mobile Terrasse liefern und die Struktur bauen<\/li>\n<li>Installieren Sie die Verkleidung: Terrassendielen aus Tropenholz, Verbundstoff oder anderen Materialien.<\/li>\n<li>Zum Schluss k\u00f6nnen wir die Motorisierung installieren.<\/li>\n<\/ul>\n<p>Unsere Experten stehen Ihnen zur Verf\u00fcgung, um die Arbeit zeitnah und in bester Qualit\u00e4t auszuf\u00fchren.<\/p>\n<p>\t\t\t\t\t\t\t\t\t\t\t\t\t<img decoding=\"async\" width=\"743\" height=\"492\" src=\"https:\/\/terrasse-mobile.net\/wp-content\/uploads\/2024\/04\/SLIDEDECK-BERTAGNE00004.jpg\" alt=\"MOBILE TERRASSE POOL\" srcset=\"https:\/\/terrasse-mobile.net\/wp-content\/uploads\/2024\/04\/SLIDEDECK-BERTAGNE00004.jpg 743w, https:\/\/terrasse-mobile.net\/wp-content\/uploads\/2024\/04\/SLIDEDECK-BERTAGNE00004-300x199.jpg 300w\" sizes=\"(max-width: 743px) 100vw, 743px\" \/>\t\t\t\t\t\t\t\t\t\t\t\t\t<\/p>\n<h2>Eine mobile SlideDeck-Terrasse <br \/> au\u00dferhalb der Pariser Region?<\/h2>\n<p>Wenn Sie sich au\u00dferhalb der Region Paris befinden oder Ihre mobile Terrasse von einem Schwimmbadbauer installiert wurde, k\u00f6nnen wir den Fachleuten Ihrer Wahl unseren montagefertigen Bausatz liefern. In diesem Fall kann die Montage von dem Handwerker, der f\u00fcr Sie arbeitet, durchgef\u00fchrt werden. Wir sorgen f\u00fcr technische Unterst\u00fctzung, damit der Einbau unter den bestm\u00f6glichen Bedingungen erfolgt.<\/p>\n<p>\t\t\t<a href=\"https:\/\/terrasse-mobile.net\/de\/vorlagen\/\"><br \/>\n\t\t\t\t\t\tENTDECKEN SIE DIE PRODUKTREIHEN DER MOBILEN TERRASSEN VON SLIDEDECK<br \/>\n\t\t\t\t\t<\/a><\/p>","protected":false},"excerpt":{"rendered":"<p>Votre terrasse mobile SlideDeck install\u00e9e par des professionnels Votre terrasse mobile pour piscine SlideDeck peut \u00eatre install\u00e9e par nos professionnels. Voici une vid\u00e9o expliquant l&rsquo;installation D\u00c9TAILL\u00c9E de la terrasse mobile SlideDeck https:\/\/vimeo.com\/932896465?share=copy Installation par les \u00e9quipes Piscine Nature SlideDeck a \u00e9t\u00e9 con\u00e7u et d\u00e9velopp\u00e9 par les \u00e9quipes de Piscine Nature, install\u00e9 \u00e0 Chatou dans les&#8230;<\/p>","protected":false},"author":1,"featured_media":0,"parent":2653,"menu_order":0,"comment_status":"closed","ping_status":"closed","template":"","meta":{"_kad_post_transparent":"","_kad_post_title":"","_kad_post_layout":"","_kad_post_sidebar_id":"","_kad_post_content_style":"","_kad_post_vertical_padding":"","_kad_post_feature":"","_kad_post_feature_position":"","_kad_post_header":false,"_kad_post_footer":false,"_kad_post_classname":"","footnotes":""},"folder":[],"class_list":["post-2333","page","type-page","status-publish","hentry"],"yoast_head":"<!-- This site is optimized with the Yoast SEO plugin v27.5 - https:\/\/yoast.com\/product\/yoast-seo-wordpress\/ -->\n<title>Terrasse coulissante garantie 10 ans<\/title>\n<meta name=\"robots\" content=\"index, follow, max-snippet:-1, max-image-preview:large, max-video-preview:-1\" \/>\n<link rel=\"canonical\" href=\"https:\/\/terrasse-mobile.net\/de\/installation-wartung-old\/schiebeterrasse-mit-10-jahren-garantie-old\/\" \/>\n<meta property=\"og:locale\" content=\"de_DE\" \/>\n<meta property=\"og:type\" content=\"article\" \/>\n<meta property=\"og:title\" content=\"Terrasse coulissante garantie 10 ans\" \/>\n<meta property=\"og:description\" content=\"Votre terrasse mobile SlideDeck install\u00e9e par des professionnels Votre terrasse mobile pour piscine SlideDeck peut \u00eatre install\u00e9e par nos professionnels. Voici une vid\u00e9o expliquant l&rsquo;installation D\u00c9TAILL\u00c9E de la terrasse mobile SlideDeck https:\/\/vimeo.com\/932896465?share=copy Installation par les \u00e9quipes Piscine Nature SlideDeck a \u00e9t\u00e9 con\u00e7u et d\u00e9velopp\u00e9 par les \u00e9quipes de Piscine Nature, install\u00e9 \u00e0 Chatou dans les...\" \/>\n<meta property=\"og:url\" content=\"https:\/\/terrasse-mobile.net\/de\/installation-wartung-old\/schiebeterrasse-mit-10-jahren-garantie-old\/\" \/>\n<meta property=\"og:site_name\" content=\"Terrasse mobile\" \/>\n<meta property=\"article:modified_time\" content=\"2024-10-01T13:47:19+00:00\" \/>\n<meta property=\"og:image\" content=\"https:\/\/terrasse-mobile.net\/wp-content\/uploads\/2024\/04\/SLIDEDECK-BERTAGNE00004.jpg\" \/>\n<meta name=\"twitter:card\" content=\"summary_large_image\" \/>\n<meta name=\"twitter:label1\" content=\"Gesch\u00e4tzte Lesezeit\" \/>\n\t<meta name=\"twitter:data1\" content=\"3\u00a0Minuten\" \/>\n<script type=\"application\/ld+json\" class=\"yoast-schema-graph\">{\"@context\":\"https:\\\/\\\/schema.org\",\"@graph\":[{\"@type\":\"WebPage\",\"@id\":\"https:\\\/\\\/terrasse-mobile.net\\\/installation-entretien-old\\\/terrasse-coulissante-garantie-10-ans-old\\\/\",\"url\":\"https:\\\/\\\/terrasse-mobile.net\\\/installation-entretien-old\\\/terrasse-coulissante-garantie-10-ans-old\\\/\",\"name\":\"Terrasse coulissante garantie 10 ans\",\"isPartOf\":{\"@id\":\"https:\\\/\\\/terrasse-mobile.net\\\/#website\"},\"primaryImageOfPage\":{\"@id\":\"https:\\\/\\\/terrasse-mobile.net\\\/installation-entretien-old\\\/terrasse-coulissante-garantie-10-ans-old\\\/#primaryimage\"},\"image\":{\"@id\":\"https:\\\/\\\/terrasse-mobile.net\\\/installation-entretien-old\\\/terrasse-coulissante-garantie-10-ans-old\\\/#primaryimage\"},\"thumbnailUrl\":\"https:\\\/\\\/terrasse-mobile.net\\\/wp-content\\\/uploads\\\/2024\\\/04\\\/SLIDEDECK-BERTAGNE00004.jpg\",\"datePublished\":\"2024-02-01T09:58:44+00:00\",\"dateModified\":\"2024-10-01T13:47:19+00:00\",\"breadcrumb\":{\"@id\":\"https:\\\/\\\/terrasse-mobile.net\\\/installation-entretien-old\\\/terrasse-coulissante-garantie-10-ans-old\\\/#breadcrumb\"},\"inLanguage\":\"de\",\"potentialAction\":[{\"@type\":\"ReadAction\",\"target\":[\"https:\\\/\\\/terrasse-mobile.net\\\/installation-entretien-old\\\/terrasse-coulissante-garantie-10-ans-old\\\/\"]}]},{\"@type\":\"ImageObject\",\"inLanguage\":\"de\",\"@id\":\"https:\\\/\\\/terrasse-mobile.net\\\/installation-entretien-old\\\/terrasse-coulissante-garantie-10-ans-old\\\/#primaryimage\",\"url\":\"https:\\\/\\\/terrasse-mobile.net\\\/wp-content\\\/uploads\\\/2024\\\/04\\\/SLIDEDECK-BERTAGNE00004.jpg\",\"contentUrl\":\"https:\\\/\\\/terrasse-mobile.net\\\/wp-content\\\/uploads\\\/2024\\\/04\\\/SLIDEDECK-BERTAGNE00004.jpg\"},{\"@type\":\"BreadcrumbList\",\"@id\":\"https:\\\/\\\/terrasse-mobile.net\\\/installation-entretien-old\\\/terrasse-coulissante-garantie-10-ans-old\\\/#breadcrumb\",\"itemListElement\":[{\"@type\":\"ListItem\",\"position\":1,\"name\":\"Accueil\",\"item\":\"https:\\\/\\\/terrasse-mobile.net\\\/\"},{\"@type\":\"ListItem\",\"position\":2,\"name\":\"INSTALLATION ET ENTRETIEN DE LA TERRASSE MOBILE SLIDEDECK old\",\"item\":\"https:\\\/\\\/terrasse-mobile.net\\\/installation-entretien-old\\\/\"},{\"@type\":\"ListItem\",\"position\":3,\"name\":\"INSTALLATION DE LA TERRASSE MOBILE SLIDEDECK PAR DES PROFESSIONNELS old\"}]},{\"@type\":\"WebSite\",\"@id\":\"https:\\\/\\\/terrasse-mobile.net\\\/#website\",\"url\":\"https:\\\/\\\/terrasse-mobile.net\\\/\",\"name\":\"Slidedeck\",\"description\":\"Construction sur mesure de terrasses mobiles en \u00cele-de-France\",\"publisher\":{\"@id\":\"https:\\\/\\\/terrasse-mobile.net\\\/#organization\"},\"potentialAction\":[{\"@type\":\"SearchAction\",\"target\":{\"@type\":\"EntryPoint\",\"urlTemplate\":\"https:\\\/\\\/terrasse-mobile.net\\\/?s={search_term_string}\"},\"query-input\":{\"@type\":\"PropertyValueSpecification\",\"valueRequired\":true,\"valueName\":\"search_term_string\"}}],\"inLanguage\":\"de\"},{\"@type\":\"Organization\",\"@id\":\"https:\\\/\\\/terrasse-mobile.net\\\/#organization\",\"name\":\"Slidedeck\",\"url\":\"https:\\\/\\\/terrasse-mobile.net\\\/\",\"logo\":{\"@type\":\"ImageObject\",\"inLanguage\":\"de\",\"@id\":\"https:\\\/\\\/terrasse-mobile.net\\\/#\\\/schema\\\/logo\\\/image\\\/\",\"url\":\"https:\\\/\\\/terrasse-mobile.net\\\/wp-content\\\/uploads\\\/2024\\\/01\\\/logo-slidedeck.jpg\",\"contentUrl\":\"https:\\\/\\\/terrasse-mobile.net\\\/wp-content\\\/uploads\\\/2024\\\/01\\\/logo-slidedeck.jpg\",\"width\":2000,\"height\":1103,\"caption\":\"Slidedeck\"},\"image\":{\"@id\":\"https:\\\/\\\/terrasse-mobile.net\\\/#\\\/schema\\\/logo\\\/image\\\/\"}}]}<\/script>\n<!-- \/ Yoast SEO plugin. -->","yoast_head_json":{"title":"Schiebeterrasse mit 10 Jahren Garantie","robots":{"index":"index","follow":"follow","max-snippet":"max-snippet:-1","max-image-preview":"max-image-preview:large","max-video-preview":"max-video-preview:-1"},"canonical":"https:\/\/terrasse-mobile.net\/de\/installation-wartung-old\/schiebeterrasse-mit-10-jahren-garantie-old\/","og_locale":"de_DE","og_type":"article","og_title":"Terrasse coulissante garantie 10 ans","og_description":"Votre terrasse mobile SlideDeck install\u00e9e par des professionnels Votre terrasse mobile pour piscine SlideDeck peut \u00eatre install\u00e9e par nos professionnels. Voici une vid\u00e9o expliquant l&rsquo;installation D\u00c9TAILL\u00c9E de la terrasse mobile SlideDeck https:\/\/vimeo.com\/932896465?share=copy Installation par les \u00e9quipes Piscine Nature SlideDeck a \u00e9t\u00e9 con\u00e7u et d\u00e9velopp\u00e9 par les \u00e9quipes de Piscine Nature, install\u00e9 \u00e0 Chatou dans les...","og_url":"https:\/\/terrasse-mobile.net\/de\/installation-wartung-old\/schiebeterrasse-mit-10-jahren-garantie-old\/","og_site_name":"Terrasse mobile","article_modified_time":"2024-10-01T13:47:19+00:00","og_image":[{"url":"https:\/\/terrasse-mobile.net\/wp-content\/uploads\/2024\/04\/SLIDEDECK-BERTAGNE00004.jpg","type":"","width":"","height":""}],"twitter_card":"summary_large_image","twitter_misc":{"Gesch\u00e4tzte Lesezeit":"3\u00a0Minuten"},"schema":{"@context":"https:\/\/schema.org","@graph":[{"@type":"WebPage","@id":"https:\/\/terrasse-mobile.net\/installation-entretien-old\/terrasse-coulissante-garantie-10-ans-old\/","url":"https:\/\/terrasse-mobile.net\/installation-entretien-old\/terrasse-coulissante-garantie-10-ans-old\/","name":"Schiebeterrasse mit 10 Jahren Garantie","isPartOf":{"@id":"https:\/\/terrasse-mobile.net\/#website"},"primaryImageOfPage":{"@id":"https:\/\/terrasse-mobile.net\/installation-entretien-old\/terrasse-coulissante-garantie-10-ans-old\/#primaryimage"},"image":{"@id":"https:\/\/terrasse-mobile.net\/installation-entretien-old\/terrasse-coulissante-garantie-10-ans-old\/#primaryimage"},"thumbnailUrl":"https:\/\/terrasse-mobile.net\/wp-content\/uploads\/2024\/04\/SLIDEDECK-BERTAGNE00004.jpg","datePublished":"2024-02-01T09:58:44+00:00","dateModified":"2024-10-01T13:47:19+00:00","breadcrumb":{"@id":"https:\/\/terrasse-mobile.net\/installation-entretien-old\/terrasse-coulissante-garantie-10-ans-old\/#breadcrumb"},"inLanguage":"de","potentialAction":[{"@type":"ReadAction","target":["https:\/\/terrasse-mobile.net\/installation-entretien-old\/terrasse-coulissante-garantie-10-ans-old\/"]}]},{"@type":"ImageObject","inLanguage":"de","@id":"https:\/\/terrasse-mobile.net\/installation-entretien-old\/terrasse-coulissante-garantie-10-ans-old\/#primaryimage","url":"https:\/\/terrasse-mobile.net\/wp-content\/uploads\/2024\/04\/SLIDEDECK-BERTAGNE00004.jpg","contentUrl":"https:\/\/terrasse-mobile.net\/wp-content\/uploads\/2024\/04\/SLIDEDECK-BERTAGNE00004.jpg"},{"@type":"BreadcrumbList","@id":"https:\/\/terrasse-mobile.net\/installation-entretien-old\/terrasse-coulissante-garantie-10-ans-old\/#breadcrumb","itemListElement":[{"@type":"ListItem","position":1,"name":"Accueil","item":"https:\/\/terrasse-mobile.net\/"},{"@type":"ListItem","position":2,"name":"INSTALLATION ET ENTRETIEN DE LA TERRASSE MOBILE SLIDEDECK old","item":"https:\/\/terrasse-mobile.net\/installation-entretien-old\/"},{"@type":"ListItem","position":3,"name":"INSTALLATION DE LA TERRASSE MOBILE SLIDEDECK PAR DES PROFESSIONNELS old"}]},{"@type":"WebSite","@id":"https:\/\/terrasse-mobile.net\/#website","url":"https:\/\/terrasse-mobile.net\/","name":"Slidedeck","description":"Ma\u00dfgeschneiderte Konstruktion von mobilen Terrassen in der \u00cele-de-France","publisher":{"@id":"https:\/\/terrasse-mobile.net\/#organization"},"potentialAction":[{"@type":"SearchAction","target":{"@type":"EntryPoint","urlTemplate":"https:\/\/terrasse-mobile.net\/?s={search_term_string}"},"query-input":{"@type":"PropertyValueSpecification","valueRequired":true,"valueName":"search_term_string"}}],"inLanguage":"de"},{"@type":"Organization","@id":"https:\/\/terrasse-mobile.net\/#organization","name":"Slidedeck","url":"https:\/\/terrasse-mobile.net\/","logo":{"@type":"ImageObject","inLanguage":"de","@id":"https:\/\/terrasse-mobile.net\/#\/schema\/logo\/image\/","url":"https:\/\/terrasse-mobile.net\/wp-content\/uploads\/2024\/01\/logo-slidedeck.jpg","contentUrl":"https:\/\/terrasse-mobile.net\/wp-content\/uploads\/2024\/01\/logo-slidedeck.jpg","width":2000,"height":1103,"caption":"Slidedeck"},"image":{"@id":"https:\/\/terrasse-mobile.net\/#\/schema\/logo\/image\/"}}]}},"_links":{"self":[{"href":"https:\/\/terrasse-mobile.net\/de\/wp-json\/wp\/v2\/pages\/2333","targetHints":{"allow":["GET"]}}],"collection":[{"href":"https:\/\/terrasse-mobile.net\/de\/wp-json\/wp\/v2\/pages"}],"about":[{"href":"https:\/\/terrasse-mobile.net\/de\/wp-json\/wp\/v2\/types\/page"}],"author":[{"embeddable":true,"href":"https:\/\/terrasse-mobile.net\/de\/wp-json\/wp\/v2\/users\/1"}],"replies":[{"embeddable":true,"href":"https:\/\/terrasse-mobile.net\/de\/wp-json\/wp\/v2\/comments?post=2333"}],"version-history":[{"count":47,"href":"https:\/\/terrasse-mobile.net\/de\/wp-json\/wp\/v2\/pages\/2333\/revisions"}],"predecessor-version":[{"id":5714,"href":"https:\/\/terrasse-mobile.net\/de\/wp-json\/wp\/v2\/pages\/2333\/revisions\/5714"}],"up":[{"embeddable":true,"href":"https:\/\/terrasse-mobile.net\/de\/wp-json\/wp\/v2\/pages\/2653"}],"wp:attachment":[{"href":"https:\/\/terrasse-mobile.net\/de\/wp-json\/wp\/v2\/media?parent=2333"}],"wp:term":[{"taxonomy":"folder","embeddable":true,"href":"https:\/\/terrasse-mobile.net\/de\/wp-json\/wp\/v2\/folder?post=2333"}],"curies":[{"name":"wp","href":"https:\/\/api.w.org\/{rel}","templated":true}]}}