{"id":5481,"date":"2024-10-02T14:49:31","date_gmt":"2024-10-02T12:49:32","guid":{"rendered":"https:\/\/terrasse-mobile.net\/?page_id=5481"},"modified":"2025-10-08T17:18:25","modified_gmt":"2025-10-08T15:18:25","slug":"grande-terrasse-mobile-pour-piscine","status":"publish","type":"page","link":"https:\/\/terrasse-mobile.net\/de\/terrasse-mobile-sur-mesure\/modeles\/grande-terrasse-mobile-pour-piscine\/","title":{"rendered":"LA TERRASSE MOBILE POUR PISCINE SLIDEDECK TITAN"},"content":{"rendered":"<p>&nbsp;<\/p>\n\n\n\n<div class=\"wp-block-group\"><div class=\"wp-block-group__inner-container is-layout-constrained wp-block-group-is-layout-constrained\">\n<div class=\"wp-block-columns is-layout-flex wp-container-core-columns-is-layout-9d6595d7 wp-block-columns-is-layout-flex\">\n<div class=\"wp-block-column is-layout-flow wp-block-column-is-layout-flow\">\n<h2 class=\"wp-block-heading\">La terrasse mobile SlideDeck TITAN pour piscine<\/h2>\n\n\n\n<p>La terrasse mobile SlideDeck TITAN est con\u00e7ue pour les piscines d\u2019assez grandes dimensions, ne d\u00e9passant pas les 11,70 m de longueur et les 6,00 m de largeur.&nbsp;<\/p>\n\n\n\n<p>Cette terrasse mobile est construite avec des profil\u00e9s de 20 cm de haut, ce qui cr\u00e9e une hauteur de terrasse de 30 cm.<\/p>\n\n\n\n<p>Du fait de ses dimensions, la terrasse mobile TITAN est une plateforme tr\u00e8s fiable et stable, mais qui comporte tout de m\u00eame un peu plus de souplesse quel la version TERRA, du fait de la longueur des poutrelles. Cette terrasse mobile pour piscine permet de cr\u00e9er un tr\u00e8s bel espace de terrasse et d\u2019agr\u00e9ment \u00e0 c\u00f4t\u00e9 de votre piscine.<\/p>\n\n\n\n<h2 class=\"wp-block-heading\">Une terrasse mobile pour les piscines de plus grandes dimensions<\/h2>\n\n\n\n<p>C\u2019est \u00e9galement un \u00e9quipement essentiel pour assurer la s\u00e9curit\u00e9 de votre piscine et conserver la chaleur, r\u00e9aliser des \u00e9conomies d\u2019\u00e9nergie et pr\u00e9server la piscine des nuisibles ou encore des salet\u00e9s, poussi\u00e8res et feuilles mortes.<\/p>\n\n\n\n<p><a href=\"https:\/\/terrasse-mobile.net\/de\/page-contact-terrasse-mobile\/\">N\u2019h\u00e9sitez pas \u00e0 nous consulter.<\/a><\/p>\n\n\n\n<p>F\u00fcr Ihr Projekt k\u00f6nnen Sie uns einige Fotos, Skizzen oder 3D-Modelle zukommen lassen, damit wir das f\u00fcr Sie am besten geeignete SlideDeck-Modell ermitteln k\u00f6nnen.<\/p>\n<\/div>\n\n\n\n<div class=\"wp-block-column is-layout-flow wp-block-column-is-layout-flow\">\n<figure class=\"wp-block-image size-full\"><img decoding=\"async\" width=\"700\" height=\"464\" src=\"https:\/\/terrasse-mobile.net\/wp-content\/uploads\/2024\/01\/rea-montain00003-4.jpg\" alt=\"mobile Terrasse\" class=\"wp-image-2024\" style=\"aspect-ratio:3\/2;object-fit:cover\" srcset=\"https:\/\/terrasse-mobile.net\/wp-content\/uploads\/2024\/01\/rea-montain00003-4.jpg 700w, https:\/\/terrasse-mobile.net\/wp-content\/uploads\/2024\/01\/rea-montain00003-4-300x199.jpg 300w\" sizes=\"(max-width: 700px) 100vw, 700px\" \/><\/figure>\n\n\n\n<div class=\"wp-block-buttons is-content-justification-center is-layout-flex wp-container-core-buttons-is-layout-16018d1d wp-block-buttons-is-layout-flex\">\n<div class=\"wp-block-button is-style-fill\"><a class=\"wp-block-button__link has-white-color has-text-color has-background has-link-color has-small-font-size has-custom-font-size wp-element-button\" href=\"https:\/\/terrasse-mobile.net\/de\/mobile-terrasse-nach-mas\/vorlagen\/\" style=\"background-color:#3579a4\">ALLE MODELLE SLIDEDECK<\/a><\/div>\n<\/div>\n\n\n\n<p>Um die Robustheit Ihrer mobilen Terrasse zu gew\u00e4hrleisten, haben wir von unserem Planungsb\u00fcro eine \u00abBerechnungsnote\u00bb erstellen lassen, in der die Annahmen zu den Belastungen und Biegebedingungen aufgef\u00fchrt sind. <br><br><a href=\"https:\/\/terrasse-mobile.net\/de\/mobile-terrasse-nach-mas\/vorlagen\/dimensions-terrasse-mobile-pour-piscine\/\">Um diese Seite aufzurufen, klicken Sie hier. <\/a><\/p>\n<\/div>\n<\/div>\n<\/div><\/div>","protected":false},"excerpt":{"rendered":"<p>&nbsp; La terrasse mobile SlideDeck TITAN pour piscine La terrasse mobile SlideDeck TITAN est con\u00e7ue pour les piscines d\u2019assez grandes dimensions, ne d\u00e9passant pas les 11,70 m de longueur et les 6,00 m de largeur.&nbsp; Cette terrasse mobile est construite avec des profil\u00e9s de 20 cm de haut, ce qui cr\u00e9e une hauteur de terrasse&#8230;<\/p>","protected":false},"author":1,"featured_media":3640,"parent":5462,"menu_order":25,"comment_status":"closed","ping_status":"closed","template":"","meta":{"_kad_post_transparent":"","_kad_post_title":"","_kad_post_layout":"","_kad_post_sidebar_id":"","_kad_post_content_style":"","_kad_post_vertical_padding":"","_kad_post_feature":"","_kad_post_feature_position":"","_kad_post_header":false,"_kad_post_footer":false,"_kad_post_classname":"","footnotes":""},"folder":[],"class_list":["post-5481","page","type-page","status-publish","has-post-thumbnail","hentry"],"yoast_head":"<!-- This site is optimized with the Yoast SEO plugin v27.4 - https:\/\/yoast.com\/product\/yoast-seo-wordpress\/ -->\n<title>La terrasse mobile SlideDeck TITAN pour piscine<\/title>\n<meta name=\"description\" content=\"D\u00e9couvrez SlideDeck TITAN, la terrasse mobile id\u00e9ale pour les piscines de grandes tailles. Un nouvel espace significatif pour votre jardin.\" \/>\n<meta name=\"robots\" content=\"index, follow, max-snippet:-1, max-image-preview:large, max-video-preview:-1\" \/>\n<link rel=\"canonical\" href=\"https:\/\/terrasse-mobile.net\/de\/mobile-terrasse-nach-mas\/vorlagen\/grande-terrasse-mobile-pour-piscine\/\" \/>\n<meta property=\"og:locale\" content=\"de_DE\" \/>\n<meta property=\"og:type\" content=\"article\" \/>\n<meta property=\"og:title\" content=\"La terrasse mobile SlideDeck TITAN pour piscine\" \/>\n<meta property=\"og:description\" content=\"D\u00e9couvrez SlideDeck TITAN, la terrasse mobile id\u00e9ale pour les piscines de grandes tailles. Un nouvel espace significatif pour votre jardin.\" \/>\n<meta property=\"og:url\" content=\"https:\/\/terrasse-mobile.net\/de\/mobile-terrasse-nach-mas\/vorlagen\/grande-terrasse-mobile-pour-piscine\/\" \/>\n<meta property=\"og:site_name\" content=\"Terrasse mobile\" \/>\n<meta property=\"article:modified_time\" content=\"2025-10-08T15:18:25+00:00\" \/>\n<meta property=\"og:image\" content=\"https:\/\/terrasse-mobile.net\/wp-content\/uploads\/2024\/02\/REAL-SABOURAULT-PISCINE-2.jpg\" \/>\n\t<meta property=\"og:image:width\" content=\"2000\" \/>\n\t<meta property=\"og:image:height\" content=\"1500\" \/>\n\t<meta property=\"og:image:type\" content=\"image\/jpeg\" \/>\n<meta name=\"twitter:card\" content=\"summary_large_image\" \/>\n<meta name=\"twitter:label1\" content=\"Gesch\u00e4tzte Lesezeit\" \/>\n\t<meta name=\"twitter:data1\" content=\"2\u00a0Minuten\" \/>\n<script type=\"application\/ld+json\" class=\"yoast-schema-graph\">{\"@context\":\"https:\\\/\\\/schema.org\",\"@graph\":[{\"@type\":\"WebPage\",\"@id\":\"https:\\\/\\\/terrasse-mobile.net\\\/terrasse-mobile-sur-mesure\\\/modeles\\\/grande-terrasse-mobile-pour-piscine\\\/\",\"url\":\"https:\\\/\\\/terrasse-mobile.net\\\/terrasse-mobile-sur-mesure\\\/modeles\\\/grande-terrasse-mobile-pour-piscine\\\/\",\"name\":\"La terrasse mobile SlideDeck TITAN pour piscine\",\"isPartOf\":{\"@id\":\"https:\\\/\\\/terrasse-mobile.net\\\/#website\"},\"primaryImageOfPage\":{\"@id\":\"https:\\\/\\\/terrasse-mobile.net\\\/terrasse-mobile-sur-mesure\\\/modeles\\\/grande-terrasse-mobile-pour-piscine\\\/#primaryimage\"},\"image\":{\"@id\":\"https:\\\/\\\/terrasse-mobile.net\\\/terrasse-mobile-sur-mesure\\\/modeles\\\/grande-terrasse-mobile-pour-piscine\\\/#primaryimage\"},\"thumbnailUrl\":\"https:\\\/\\\/terrasse-mobile.net\\\/wp-content\\\/uploads\\\/2024\\\/02\\\/REAL-SABOURAULT-PISCINE-2.jpg\",\"datePublished\":\"2024-10-02T12:49:32+00:00\",\"dateModified\":\"2025-10-08T15:18:25+00:00\",\"description\":\"D\u00e9couvrez SlideDeck TITAN, la terrasse mobile id\u00e9ale pour les piscines de grandes tailles. Un nouvel espace significatif pour votre jardin.\",\"breadcrumb\":{\"@id\":\"https:\\\/\\\/terrasse-mobile.net\\\/terrasse-mobile-sur-mesure\\\/modeles\\\/grande-terrasse-mobile-pour-piscine\\\/#breadcrumb\"},\"inLanguage\":\"de\",\"potentialAction\":[{\"@type\":\"ReadAction\",\"target\":[\"https:\\\/\\\/terrasse-mobile.net\\\/terrasse-mobile-sur-mesure\\\/modeles\\\/grande-terrasse-mobile-pour-piscine\\\/\"]}]},{\"@type\":\"ImageObject\",\"inLanguage\":\"de\",\"@id\":\"https:\\\/\\\/terrasse-mobile.net\\\/terrasse-mobile-sur-mesure\\\/modeles\\\/grande-terrasse-mobile-pour-piscine\\\/#primaryimage\",\"url\":\"https:\\\/\\\/terrasse-mobile.net\\\/wp-content\\\/uploads\\\/2024\\\/02\\\/REAL-SABOURAULT-PISCINE-2.jpg\",\"contentUrl\":\"https:\\\/\\\/terrasse-mobile.net\\\/wp-content\\\/uploads\\\/2024\\\/02\\\/REAL-SABOURAULT-PISCINE-2.jpg\",\"width\":2000,\"height\":1500,\"caption\":\"DCIM100MEDIADJI_0365.JPG\"},{\"@type\":\"BreadcrumbList\",\"@id\":\"https:\\\/\\\/terrasse-mobile.net\\\/terrasse-mobile-sur-mesure\\\/modeles\\\/grande-terrasse-mobile-pour-piscine\\\/#breadcrumb\",\"itemListElement\":[{\"@type\":\"ListItem\",\"position\":1,\"name\":\"Accueil\",\"item\":\"https:\\\/\\\/terrasse-mobile.net\\\/\"},{\"@type\":\"ListItem\",\"position\":2,\"name\":\"LA TERRASSE MOBILE SUR-MESURE POUR PISCINE\",\"item\":\"https:\\\/\\\/terrasse-mobile.net\\\/terrasse-mobile-sur-mesure\\\/\"},{\"@type\":\"ListItem\",\"position\":3,\"name\":\"LES DIFF\u00c9RENTS MOD\u00c8LES DE TERRASSE MOBILE SLIDEDECK\",\"item\":\"https:\\\/\\\/terrasse-mobile.net\\\/terrasse-mobile-sur-mesure\\\/modeles\\\/\"},{\"@type\":\"ListItem\",\"position\":4,\"name\":\"LA TERRASSE MOBILE POUR PISCINE SLIDEDECK TITAN\"}]},{\"@type\":\"WebSite\",\"@id\":\"https:\\\/\\\/terrasse-mobile.net\\\/#website\",\"url\":\"https:\\\/\\\/terrasse-mobile.net\\\/\",\"name\":\"Slidedeck\",\"description\":\"Construction sur mesure de terrasses mobiles en \u00cele-de-France\",\"publisher\":{\"@id\":\"https:\\\/\\\/terrasse-mobile.net\\\/#organization\"},\"potentialAction\":[{\"@type\":\"SearchAction\",\"target\":{\"@type\":\"EntryPoint\",\"urlTemplate\":\"https:\\\/\\\/terrasse-mobile.net\\\/?s={search_term_string}\"},\"query-input\":{\"@type\":\"PropertyValueSpecification\",\"valueRequired\":true,\"valueName\":\"search_term_string\"}}],\"inLanguage\":\"de\"},{\"@type\":\"Organization\",\"@id\":\"https:\\\/\\\/terrasse-mobile.net\\\/#organization\",\"name\":\"Slidedeck\",\"url\":\"https:\\\/\\\/terrasse-mobile.net\\\/\",\"logo\":{\"@type\":\"ImageObject\",\"inLanguage\":\"de\",\"@id\":\"https:\\\/\\\/terrasse-mobile.net\\\/#\\\/schema\\\/logo\\\/image\\\/\",\"url\":\"https:\\\/\\\/terrasse-mobile.net\\\/wp-content\\\/uploads\\\/2024\\\/01\\\/logo-slidedeck.jpg\",\"contentUrl\":\"https:\\\/\\\/terrasse-mobile.net\\\/wp-content\\\/uploads\\\/2024\\\/01\\\/logo-slidedeck.jpg\",\"width\":2000,\"height\":1103,\"caption\":\"Slidedeck\"},\"image\":{\"@id\":\"https:\\\/\\\/terrasse-mobile.net\\\/#\\\/schema\\\/logo\\\/image\\\/\"}}]}<\/script>\n<!-- \/ Yoast SEO plugin. -->","yoast_head_json":{"title":"La terrasse mobile SlideDeck TITAN pour piscine","description":"D\u00e9couvrez SlideDeck TITAN, la terrasse mobile id\u00e9ale pour les piscines de grandes tailles. Un nouvel espace significatif pour votre jardin.","robots":{"index":"index","follow":"follow","max-snippet":"max-snippet:-1","max-image-preview":"max-image-preview:large","max-video-preview":"max-video-preview:-1"},"canonical":"https:\/\/terrasse-mobile.net\/de\/mobile-terrasse-nach-mas\/vorlagen\/grande-terrasse-mobile-pour-piscine\/","og_locale":"de_DE","og_type":"article","og_title":"La terrasse mobile SlideDeck TITAN pour piscine","og_description":"D\u00e9couvrez SlideDeck TITAN, la terrasse mobile id\u00e9ale pour les piscines de grandes tailles. Un nouvel espace significatif pour votre jardin.","og_url":"https:\/\/terrasse-mobile.net\/de\/mobile-terrasse-nach-mas\/vorlagen\/grande-terrasse-mobile-pour-piscine\/","og_site_name":"Terrasse mobile","article_modified_time":"2025-10-08T15:18:25+00:00","og_image":[{"width":2000,"height":1500,"url":"https:\/\/terrasse-mobile.net\/wp-content\/uploads\/2024\/02\/REAL-SABOURAULT-PISCINE-2.jpg","type":"image\/jpeg"}],"twitter_card":"summary_large_image","twitter_misc":{"Gesch\u00e4tzte Lesezeit":"2\u00a0Minuten"},"schema":{"@context":"https:\/\/schema.org","@graph":[{"@type":"WebPage","@id":"https:\/\/terrasse-mobile.net\/terrasse-mobile-sur-mesure\/modeles\/grande-terrasse-mobile-pour-piscine\/","url":"https:\/\/terrasse-mobile.net\/terrasse-mobile-sur-mesure\/modeles\/grande-terrasse-mobile-pour-piscine\/","name":"La terrasse mobile SlideDeck TITAN pour piscine","isPartOf":{"@id":"https:\/\/terrasse-mobile.net\/#website"},"primaryImageOfPage":{"@id":"https:\/\/terrasse-mobile.net\/terrasse-mobile-sur-mesure\/modeles\/grande-terrasse-mobile-pour-piscine\/#primaryimage"},"image":{"@id":"https:\/\/terrasse-mobile.net\/terrasse-mobile-sur-mesure\/modeles\/grande-terrasse-mobile-pour-piscine\/#primaryimage"},"thumbnailUrl":"https:\/\/terrasse-mobile.net\/wp-content\/uploads\/2024\/02\/REAL-SABOURAULT-PISCINE-2.jpg","datePublished":"2024-10-02T12:49:32+00:00","dateModified":"2025-10-08T15:18:25+00:00","description":"D\u00e9couvrez SlideDeck TITAN, la terrasse mobile id\u00e9ale pour les piscines de grandes tailles. Un nouvel espace significatif pour votre jardin.","breadcrumb":{"@id":"https:\/\/terrasse-mobile.net\/terrasse-mobile-sur-mesure\/modeles\/grande-terrasse-mobile-pour-piscine\/#breadcrumb"},"inLanguage":"de","potentialAction":[{"@type":"ReadAction","target":["https:\/\/terrasse-mobile.net\/terrasse-mobile-sur-mesure\/modeles\/grande-terrasse-mobile-pour-piscine\/"]}]},{"@type":"ImageObject","inLanguage":"de","@id":"https:\/\/terrasse-mobile.net\/terrasse-mobile-sur-mesure\/modeles\/grande-terrasse-mobile-pour-piscine\/#primaryimage","url":"https:\/\/terrasse-mobile.net\/wp-content\/uploads\/2024\/02\/REAL-SABOURAULT-PISCINE-2.jpg","contentUrl":"https:\/\/terrasse-mobile.net\/wp-content\/uploads\/2024\/02\/REAL-SABOURAULT-PISCINE-2.jpg","width":2000,"height":1500,"caption":"DCIM100MEDIADJI_0365.JPG"},{"@type":"BreadcrumbList","@id":"https:\/\/terrasse-mobile.net\/terrasse-mobile-sur-mesure\/modeles\/grande-terrasse-mobile-pour-piscine\/#breadcrumb","itemListElement":[{"@type":"ListItem","position":1,"name":"Accueil","item":"https:\/\/terrasse-mobile.net\/"},{"@type":"ListItem","position":2,"name":"LA TERRASSE MOBILE SUR-MESURE POUR PISCINE","item":"https:\/\/terrasse-mobile.net\/terrasse-mobile-sur-mesure\/"},{"@type":"ListItem","position":3,"name":"LES DIFF\u00c9RENTS MOD\u00c8LES DE TERRASSE MOBILE SLIDEDECK","item":"https:\/\/terrasse-mobile.net\/terrasse-mobile-sur-mesure\/modeles\/"},{"@type":"ListItem","position":4,"name":"LA TERRASSE MOBILE POUR PISCINE SLIDEDECK TITAN"}]},{"@type":"WebSite","@id":"https:\/\/terrasse-mobile.net\/#website","url":"https:\/\/terrasse-mobile.net\/","name":"Slidedeck","description":"Ma\u00dfgeschneiderte Konstruktion von mobilen Terrassen in der \u00cele-de-France","publisher":{"@id":"https:\/\/terrasse-mobile.net\/#organization"},"potentialAction":[{"@type":"SearchAction","target":{"@type":"EntryPoint","urlTemplate":"https:\/\/terrasse-mobile.net\/?s={search_term_string}"},"query-input":{"@type":"PropertyValueSpecification","valueRequired":true,"valueName":"search_term_string"}}],"inLanguage":"de"},{"@type":"Organization","@id":"https:\/\/terrasse-mobile.net\/#organization","name":"Slidedeck","url":"https:\/\/terrasse-mobile.net\/","logo":{"@type":"ImageObject","inLanguage":"de","@id":"https:\/\/terrasse-mobile.net\/#\/schema\/logo\/image\/","url":"https:\/\/terrasse-mobile.net\/wp-content\/uploads\/2024\/01\/logo-slidedeck.jpg","contentUrl":"https:\/\/terrasse-mobile.net\/wp-content\/uploads\/2024\/01\/logo-slidedeck.jpg","width":2000,"height":1103,"caption":"Slidedeck"},"image":{"@id":"https:\/\/terrasse-mobile.net\/#\/schema\/logo\/image\/"}}]}},"_links":{"self":[{"href":"https:\/\/terrasse-mobile.net\/de\/wp-json\/wp\/v2\/pages\/5481","targetHints":{"allow":["GET"]}}],"collection":[{"href":"https:\/\/terrasse-mobile.net\/de\/wp-json\/wp\/v2\/pages"}],"about":[{"href":"https:\/\/terrasse-mobile.net\/de\/wp-json\/wp\/v2\/types\/page"}],"author":[{"embeddable":true,"href":"https:\/\/terrasse-mobile.net\/de\/wp-json\/wp\/v2\/users\/1"}],"replies":[{"embeddable":true,"href":"https:\/\/terrasse-mobile.net\/de\/wp-json\/wp\/v2\/comments?post=5481"}],"version-history":[{"count":14,"href":"https:\/\/terrasse-mobile.net\/de\/wp-json\/wp\/v2\/pages\/5481\/revisions"}],"predecessor-version":[{"id":7059,"href":"https:\/\/terrasse-mobile.net\/de\/wp-json\/wp\/v2\/pages\/5481\/revisions\/7059"}],"up":[{"embeddable":true,"href":"https:\/\/terrasse-mobile.net\/de\/wp-json\/wp\/v2\/pages\/5462"}],"wp:featuredmedia":[{"embeddable":true,"href":"https:\/\/terrasse-mobile.net\/de\/wp-json\/wp\/v2\/media\/3640"}],"wp:attachment":[{"href":"https:\/\/terrasse-mobile.net\/de\/wp-json\/wp\/v2\/media?parent=5481"}],"wp:term":[{"taxonomy":"folder","embeddable":true,"href":"https:\/\/terrasse-mobile.net\/de\/wp-json\/wp\/v2\/folder?post=5481"}],"curies":[{"name":"wp","href":"https:\/\/api.w.org\/{rel}","templated":true}]}}