{"id":5488,"date":"2024-10-02T14:49:31","date_gmt":"2024-10-02T12:49:21","guid":{"rendered":"https:\/\/terrasse-mobile.net\/?page_id=5488"},"modified":"2025-11-25T16:19:12","modified_gmt":"2025-11-25T15:19:12","slug":"beschichtungen","status":"publish","type":"page","link":"https:\/\/terrasse-mobile.net\/de\/revetements\/","title":{"rendered":"DIE SLIDEDECK-BEL\u00c4GE F\u00dcR MOBILE TERRASSEN"},"content":{"rendered":"<p>Wir bieten Ihnen eine gro\u00dfe Auswahl an eleganten und robusten Bel\u00e4gen f\u00fcr Ihre mobile Terrasse f\u00fcr den Poolbereich. <\/p>\n\n\n<style>.wp-block-kadence-advancedgallery .kb-gallery-type-grid.kb-gallery-id-5488_978495-23{margin:-10px;}.kb-gallery-type-grid.kb-gallery-id-5488_978495-23 .kadence-blocks-gallery-item{padding:10px;}.kb-gallery-id-5488_978495-23 .kadence-blocks-gallery-item .kb-gal-image-radius, .kb-gallery-id-5488_978495-23 .kb-slide-item .kb-gal-image-radius img{border-radius:0px 0px 0px 0px;;}.wp-block-kadence-advancedgallery.kb-gallery-wrap-id-5488_978495-23{overflow:visible;}.kb-gallery-id-5488_978495-23 .kadence-blocks-gallery-item .kb-gal-image-radius, .kb-gallery-id-5488_978495-23 .kadence-blocks-gallery-thumb-item .kb-gal-image-radius{box-shadow:4px 2px 14px 0px rgba(0, 0, 0, 0.2);}.kb-gallery-id-5488_978495-23 .kadence-blocks-gallery-item:hover .kb-gal-image-radius, .kb-gallery-id-5488_978495-23 .kadence-blocks-gallery-thumb-item:hover .kb-gal-image-radius{box-shadow:20px 20px 30px 0px rgba(0, 0, 0, 0.2);}.kb-gallery-id-5488_978495-23 .kadence-blocks-gallery-item .kadence-blocks-gallery-item-inner .kadence-blocks-gallery-item__caption{font-size:var(--global-kb-font-size-md, 1.25rem);font-weight:700;text-transform:uppercase;}.kb-gallery-caption-style-bottom.kb-gallery-id-5488_978495-23 .kadence-blocks-gallery-item .kadence-blocks-gallery-item-inner .kadence-blocks-gallery-item__caption, .kb-gallery-caption-style-bottom-hover.kb-gallery-id-5488_978495-23 .kadence-blocks-gallery-item .kadence-blocks-gallery-item-inner .kadence-blocks-gallery-item__caption{background:linear-gradient(0deg, rgba(0, 0, 0, 0.5) 0, rgba(0, 0, 0, 0) 100%);}<\/style><div class=\"kb-gallery-wrap-id-5488_978495-23 alignnone wp-block-kadence-advancedgallery\"><ul class=\"kb-gallery-ul kb-gallery-non-static kb-gallery-type-grid kb-gallery-id-5488_978495-23 kb-gallery-caption-style-bottom kb-gallery-filter-none\" data-image-filter=\"none\" data-item-selector=\".kadence-blocks-gallery-item\" data-lightbox-caption=\"true\" data-columns-xxl=\"3\" data-columns-xl=\"3\" data-columns-md=\"3\" data-columns-sm=\"2\" data-columns-xs=\"1\" data-columns-ss=\"1\"><li class=\"kadence-blocks-gallery-item\"><div class=\"kadence-blocks-gallery-item-inner\"><figure class=\"kb-gallery-figure kb-gallery-item-has-link kadence-blocks-gallery-item-has-caption\"><a href=\"https:\/\/terrasse-mobile.net\/de\/mobile-terrasse-nach-mas\/beschichtungen\/tropenholz\/\" class=\"kb-gallery-item-link\"  ><div class=\"kb-gal-image-radius\"><div class=\"kb-gallery-image-contain kadence-blocks-gallery-intrinsic kb-gallery-image-ratio-land32 kb-has-image-ratio-land32\" ><img decoding=\"async\" src=\"https:\/\/terrasse-mobile.net\/wp-content\/uploads\/2025\/10\/LAMES-DE-TERRASSE-EN-AFRORMOSIA-05-copie-1-1.webp\" width=\"574\" height=\"465\" alt=\"Exotische H\u00f6lzer\" data-full-image=\"https:\/\/terrasse-mobile.net\/wp-content\/uploads\/2025\/10\/LAMES-DE-TERRASSE-EN-AFRORMOSIA-05-copie-1-1.webp\" data-light-image=\"https:\/\/terrasse-mobile.net\/wp-content\/uploads\/2025\/10\/LAMES-DE-TERRASSE-EN-AFRORMOSIA-05-copie-1-1.webp\" data-id=\"7066\" class=\"wp-image-7066\" srcset=\"https:\/\/terrasse-mobile.net\/wp-content\/uploads\/2025\/10\/LAMES-DE-TERRASSE-EN-AFRORMOSIA-05-copie-1-1.webp 574w, https:\/\/terrasse-mobile.net\/wp-content\/uploads\/2025\/10\/LAMES-DE-TERRASSE-EN-AFRORMOSIA-05-copie-1-1-300x243.webp 300w, https:\/\/terrasse-mobile.net\/wp-content\/uploads\/2025\/10\/LAMES-DE-TERRASSE-EN-AFRORMOSIA-05-copie-1-1-50x41.webp 50w\" sizes=\"(max-width: 574px) 100vw, 574px\" \/><\/div><div class=\"kadence-blocks-gallery-item__caption\">Exotische H\u00f6lzer<\/div><\/div><\/a><\/figure><\/div><\/li><li class=\"kadence-blocks-gallery-item\"><div class=\"kadence-blocks-gallery-item-inner\"><figure class=\"kb-gallery-figure kb-gallery-item-has-link kadence-blocks-gallery-item-has-caption\"><a href=\"https:\/\/terrasse-mobile.net\/de\/mobile-terrasse-nach-mas\/beschichtungen\/mobile-poolterrasse-mit-aluminiumlamellen\/\" class=\"kb-gallery-item-link\"  ><div class=\"kb-gal-image-radius\"><div class=\"kb-gallery-image-contain kadence-blocks-gallery-intrinsic kb-gallery-image-ratio-land32 kb-has-image-ratio-land32\" ><img decoding=\"async\" src=\"https:\/\/terrasse-mobile.net\/wp-content\/uploads\/2025\/10\/fortis-compar-2-coul-copie-1.webp\" width=\"574\" height=\"460\" alt=\"Klingen aus Aluminium\" data-full-image=\"https:\/\/terrasse-mobile.net\/wp-content\/uploads\/2025\/10\/fortis-compar-2-coul-copie-1.webp\" data-light-image=\"https:\/\/terrasse-mobile.net\/wp-content\/uploads\/2025\/10\/fortis-compar-2-coul-copie-1.webp\" data-id=\"7067\" class=\"wp-image-7067\" srcset=\"https:\/\/terrasse-mobile.net\/wp-content\/uploads\/2025\/10\/fortis-compar-2-coul-copie-1.webp 574w, https:\/\/terrasse-mobile.net\/wp-content\/uploads\/2025\/10\/fortis-compar-2-coul-copie-1-300x240.webp 300w, https:\/\/terrasse-mobile.net\/wp-content\/uploads\/2025\/10\/fortis-compar-2-coul-copie-1-50x40.webp 50w\" sizes=\"(max-width: 574px) 100vw, 574px\" \/><\/div><div class=\"kadence-blocks-gallery-item__caption\">Klingen aus Aluminium<\/div><\/div><\/a><\/figure><\/div><\/li><li class=\"kadence-blocks-gallery-item\"><div class=\"kadence-blocks-gallery-item-inner\"><figure class=\"kb-gallery-figure kb-gallery-item-has-link kadence-blocks-gallery-item-has-caption\"><a href=\"https:\/\/terrasse-mobile.net\/de\/mobile-terrasse-nach-mas\/beschichtungen\/verbundholz\/\" class=\"kb-gallery-item-link\"  ><div class=\"kb-gal-image-radius\"><div class=\"kb-gallery-image-contain kadence-blocks-gallery-intrinsic kb-gallery-image-ratio-land32 kb-has-image-ratio-land32\" ><img decoding=\"async\" src=\"https:\/\/terrasse-mobile.net\/wp-content\/uploads\/2025\/10\/DSC_0003-1.webp\" width=\"572\" height=\"460\" alt=\"Zusammengesetzte H\u00f6lzer\" data-full-image=\"https:\/\/terrasse-mobile.net\/wp-content\/uploads\/2025\/10\/DSC_0003-1.webp\" data-light-image=\"https:\/\/terrasse-mobile.net\/wp-content\/uploads\/2025\/10\/DSC_0003-1.webp\" data-id=\"7068\" class=\"wp-image-7068\" srcset=\"https:\/\/terrasse-mobile.net\/wp-content\/uploads\/2025\/10\/DSC_0003-1.webp 572w, https:\/\/terrasse-mobile.net\/wp-content\/uploads\/2025\/10\/DSC_0003-1-300x241.webp 300w, https:\/\/terrasse-mobile.net\/wp-content\/uploads\/2025\/10\/DSC_0003-1-50x40.webp 50w\" sizes=\"(max-width: 572px) 100vw, 572px\" \/><\/div><div class=\"kadence-blocks-gallery-item__caption\">Zusammengesetzte H\u00f6lzer<\/div><\/div><\/a><\/figure><\/div><\/li><\/ul><\/div>\n\n\n<div class=\"wp-block-columns is-layout-flex wp-container-core-columns-is-layout-9d6595d7 wp-block-columns-is-layout-flex\">\n<div class=\"wp-block-column is-layout-flow wp-block-column-is-layout-flow\">\n<p>W\u00e4hlen Sie f\u00fcr Ihre mobile Terrasse einen Belag aus exotischem Holz: Cumaru, Afrormosia, Padouk ...<\/p>\n<\/div>\n\n\n\n<div class=\"wp-block-column is-layout-flow wp-block-column-is-layout-flow\">\n<p>W\u00e4hlen Sie f\u00fcr Ihre mobile Terrasse einen Belag aus Aluminium, der nicht brennbar und pflegeleicht ist.<\/p>\n<\/div>\n\n\n\n<div class=\"wp-block-column is-layout-flow wp-block-column-is-layout-flow\">\n<p>W\u00e4hlen Sie f\u00fcr Ihre mobile Terrasse einen Belag aus Holz-Verbundstoffen. Hierbei handelt es sich um behandeltes Holz, das extrem widerstandsf\u00e4hig ist.<\/p>\n<\/div>\n<\/div>\n\n\n<style>.wp-block-kadence-advancedgallery .kb-gallery-type-grid.kb-gallery-id-5488_bb603e-19{margin:-10px;}.kb-gallery-type-grid.kb-gallery-id-5488_bb603e-19 .kadence-blocks-gallery-item{padding:10px;}.kb-gallery-id-5488_bb603e-19 .kadence-blocks-gallery-item .kb-gal-image-radius, .kb-gallery-id-5488_bb603e-19 .kb-slide-item .kb-gal-image-radius img{border-radius:0px 0px 0px 0px;;}.wp-block-kadence-advancedgallery.kb-gallery-wrap-id-5488_bb603e-19{overflow:visible;}.kb-gallery-id-5488_bb603e-19 .kadence-blocks-gallery-item .kb-gal-image-radius, .kb-gallery-id-5488_bb603e-19 .kadence-blocks-gallery-thumb-item .kb-gal-image-radius{box-shadow:4px 2px 14px 0px rgba(0, 0, 0, 0.2);}.kb-gallery-id-5488_bb603e-19 .kadence-blocks-gallery-item:hover .kb-gal-image-radius, .kb-gallery-id-5488_bb603e-19 .kadence-blocks-gallery-thumb-item:hover .kb-gal-image-radius{box-shadow:20px 20px 30px 0px rgba(0, 0, 0, 0.2);}.kb-gallery-id-5488_bb603e-19 .kadence-blocks-gallery-item .kadence-blocks-gallery-item-inner .kadence-blocks-gallery-item__caption{font-size:var(--global-kb-font-size-md, 1.25rem);font-weight:700;text-transform:uppercase;}.kb-gallery-caption-style-bottom.kb-gallery-id-5488_bb603e-19 .kadence-blocks-gallery-item .kadence-blocks-gallery-item-inner .kadence-blocks-gallery-item__caption, .kb-gallery-caption-style-bottom-hover.kb-gallery-id-5488_bb603e-19 .kadence-blocks-gallery-item .kadence-blocks-gallery-item-inner .kadence-blocks-gallery-item__caption{background:linear-gradient(0deg, rgba(0, 0, 0, 0.5) 0, rgba(0, 0, 0, 0) 100%);}<\/style><div class=\"kb-gallery-wrap-id-5488_bb603e-19 alignnone wp-block-kadence-advancedgallery\"><ul class=\"kb-gallery-ul kb-gallery-non-static kb-gallery-type-grid kb-gallery-id-5488_bb603e-19 kb-gallery-caption-style-bottom kb-gallery-filter-none\" data-image-filter=\"none\" data-item-selector=\".kadence-blocks-gallery-item\" data-lightbox-caption=\"true\" data-columns-xxl=\"3\" data-columns-xl=\"3\" data-columns-md=\"3\" data-columns-sm=\"2\" data-columns-xs=\"1\" data-columns-ss=\"1\"><li class=\"kadence-blocks-gallery-item\"><div class=\"kadence-blocks-gallery-item-inner\"><figure class=\"kb-gallery-figure kb-gallery-item-has-link kadence-blocks-gallery-item-has-caption\"><a href=\"https:\/\/terrasse-mobile.net\/de\/mobile-terrasse-nach-mas\/beschichtungen\/naturliche-beschichtungen\/\" class=\"kb-gallery-item-link\"  ><div class=\"kb-gal-image-radius\"><div class=\"kb-gallery-image-contain kadence-blocks-gallery-intrinsic kb-gallery-image-ratio-land32 kb-has-image-ratio-land32\" ><img decoding=\"async\" src=\"https:\/\/terrasse-mobile.net\/wp-content\/uploads\/2025\/10\/SLIDEDECK-GAZON-SYNTHETIQUE00001-copie-1.webp\" width=\"574\" height=\"465\" alt=\"Nat\u00fcrliche Beschichtungen\" data-full-image=\"https:\/\/terrasse-mobile.net\/wp-content\/uploads\/2025\/10\/SLIDEDECK-GAZON-SYNTHETIQUE00001-copie-1.webp\" data-light-image=\"https:\/\/terrasse-mobile.net\/wp-content\/uploads\/2025\/10\/SLIDEDECK-GAZON-SYNTHETIQUE00001-copie-1.webp\" data-id=\"7069\" class=\"wp-image-7069\" srcset=\"https:\/\/terrasse-mobile.net\/wp-content\/uploads\/2025\/10\/SLIDEDECK-GAZON-SYNTHETIQUE00001-copie-1.webp 574w, https:\/\/terrasse-mobile.net\/wp-content\/uploads\/2025\/10\/SLIDEDECK-GAZON-SYNTHETIQUE00001-copie-1-300x243.webp 300w, https:\/\/terrasse-mobile.net\/wp-content\/uploads\/2025\/10\/SLIDEDECK-GAZON-SYNTHETIQUE00001-copie-1-50x41.webp 50w\" sizes=\"(max-width: 574px) 100vw, 574px\" \/><\/div><div class=\"kadence-blocks-gallery-item__caption\">Nat\u00fcrliche Beschichtungen<\/div><\/div><\/a><\/figure><\/div><\/li><\/ul><\/div>\n\n\n<div class=\"wp-block-columns is-layout-flex wp-container-core-columns-is-layout-9d6595d7 wp-block-columns-is-layout-flex\">\n<div class=\"wp-block-column is-layout-flow wp-block-column-is-layout-flow\">\n<p>Sie k\u00f6nnen auch einen ausgefalleneren Belag w\u00e4hlen, z. B. Kunstrasen oder Steinfolie.<\/p>\n<\/div>\n\n\n\n<div class=\"wp-block-column is-layout-flow wp-block-column-is-layout-flow\"><\/div>\n\n\n\n<div class=\"wp-block-column is-layout-flow wp-block-column-is-layout-flow\"><\/div>\n<\/div>","protected":false},"excerpt":{"rendered":"<p>Nous vous proposons une grande vari\u00e9t\u00e9 de rev\u00eatements \u00e9l\u00e9gants et robuste pour votre terrasse mobile pour piscine. Pour votre terrasse mobile, choisissez un rev\u00eatement en bois exotique : Cumaru, Afrormosia, Padouk &#8230; Pour votre terrasse mobile, choisissez un rev\u00eatement en aluminium, incombustible et facile d&rsquo;entretien Pour votre terrasse mobile, choisissez un rev\u00eatement bois composite. Ce&#8230;<\/p>","protected":false},"author":1,"featured_media":3640,"parent":0,"menu_order":5,"comment_status":"closed","ping_status":"closed","template":"","meta":{"_kad_post_transparent":"","_kad_post_title":"","_kad_post_layout":"","_kad_post_sidebar_id":"","_kad_post_content_style":"","_kad_post_vertical_padding":"","_kad_post_feature":"","_kad_post_feature_position":"","_kad_post_header":false,"_kad_post_footer":false,"_kad_post_classname":"","footnotes":""},"folder":[],"class_list":["post-5488","page","type-page","status-publish","has-post-thumbnail","hentry"],"yoast_head":"<!-- This site is optimized with the Yoast SEO plugin v27.3 - https:\/\/yoast.com\/product\/yoast-seo-wordpress\/ -->\n<title>Les rev\u00eatement de terrasse coulissante pour piscine<\/title>\n<meta name=\"description\" content=\"Vous pouvez habiller votre terrasse mobile SlideDeck avec plusieurs rev\u00eatements possibles : bois exotique, composite, aluminium, gazon ...\" \/>\n<meta name=\"robots\" content=\"index, follow, max-snippet:-1, max-image-preview:large, max-video-preview:-1\" \/>\n<link rel=\"canonical\" href=\"https:\/\/terrasse-mobile.net\/de\/beschichtungen\/\" \/>\n<meta property=\"og:locale\" content=\"de_DE\" \/>\n<meta property=\"og:type\" content=\"article\" \/>\n<meta property=\"og:title\" content=\"Les rev\u00eatement de terrasse coulissante pour piscine\" \/>\n<meta property=\"og:description\" content=\"Vous pouvez habiller votre terrasse mobile SlideDeck avec plusieurs rev\u00eatements possibles : bois exotique, composite, aluminium, gazon ...\" \/>\n<meta property=\"og:url\" content=\"https:\/\/terrasse-mobile.net\/de\/beschichtungen\/\" \/>\n<meta property=\"og:site_name\" content=\"Terrasse mobile\" \/>\n<meta property=\"article:modified_time\" content=\"2025-11-25T15:19:12+00:00\" \/>\n<meta property=\"og:image\" content=\"https:\/\/terrasse-mobile.net\/wp-content\/uploads\/2024\/02\/REAL-SABOURAULT-PISCINE-2.jpg\" \/>\n\t<meta property=\"og:image:width\" content=\"2000\" \/>\n\t<meta property=\"og:image:height\" content=\"1500\" \/>\n\t<meta property=\"og:image:type\" content=\"image\/jpeg\" \/>\n<meta name=\"twitter:card\" content=\"summary_large_image\" \/>\n<meta name=\"twitter:label1\" content=\"Gesch\u00e4tzte Lesezeit\" \/>\n\t<meta name=\"twitter:data1\" content=\"1\u00a0Minute\" \/>\n<script type=\"application\/ld+json\" class=\"yoast-schema-graph\">{\"@context\":\"https:\\\/\\\/schema.org\",\"@graph\":[{\"@type\":\"WebPage\",\"@id\":\"https:\\\/\\\/terrasse-mobile.net\\\/revetements\\\/\",\"url\":\"https:\\\/\\\/terrasse-mobile.net\\\/revetements\\\/\",\"name\":\"Les rev\u00eatement de terrasse coulissante pour piscine\",\"isPartOf\":{\"@id\":\"https:\\\/\\\/terrasse-mobile.net\\\/#website\"},\"primaryImageOfPage\":{\"@id\":\"https:\\\/\\\/terrasse-mobile.net\\\/revetements\\\/#primaryimage\"},\"image\":{\"@id\":\"https:\\\/\\\/terrasse-mobile.net\\\/revetements\\\/#primaryimage\"},\"thumbnailUrl\":\"https:\\\/\\\/terrasse-mobile.net\\\/wp-content\\\/uploads\\\/2024\\\/02\\\/REAL-SABOURAULT-PISCINE-2.jpg\",\"datePublished\":\"2024-10-02T12:49:21+00:00\",\"dateModified\":\"2025-11-25T15:19:12+00:00\",\"description\":\"Vous pouvez habiller votre terrasse mobile SlideDeck avec plusieurs rev\u00eatements possibles : bois exotique, composite, aluminium, gazon ...\",\"breadcrumb\":{\"@id\":\"https:\\\/\\\/terrasse-mobile.net\\\/revetements\\\/#breadcrumb\"},\"inLanguage\":\"de\",\"potentialAction\":[{\"@type\":\"ReadAction\",\"target\":[\"https:\\\/\\\/terrasse-mobile.net\\\/revetements\\\/\"]}]},{\"@type\":\"ImageObject\",\"inLanguage\":\"de\",\"@id\":\"https:\\\/\\\/terrasse-mobile.net\\\/revetements\\\/#primaryimage\",\"url\":\"https:\\\/\\\/terrasse-mobile.net\\\/wp-content\\\/uploads\\\/2024\\\/02\\\/REAL-SABOURAULT-PISCINE-2.jpg\",\"contentUrl\":\"https:\\\/\\\/terrasse-mobile.net\\\/wp-content\\\/uploads\\\/2024\\\/02\\\/REAL-SABOURAULT-PISCINE-2.jpg\",\"width\":2000,\"height\":1500,\"caption\":\"DCIM100MEDIADJI_0365.JPG\"},{\"@type\":\"BreadcrumbList\",\"@id\":\"https:\\\/\\\/terrasse-mobile.net\\\/revetements\\\/#breadcrumb\",\"itemListElement\":[{\"@type\":\"ListItem\",\"position\":1,\"name\":\"Accueil\",\"item\":\"https:\\\/\\\/terrasse-mobile.net\\\/\"},{\"@type\":\"ListItem\",\"position\":2,\"name\":\"LES REV\u00caTEMENTS POUR TERRASSE MOBILE SLIDEDECK\"}]},{\"@type\":\"WebSite\",\"@id\":\"https:\\\/\\\/terrasse-mobile.net\\\/#website\",\"url\":\"https:\\\/\\\/terrasse-mobile.net\\\/\",\"name\":\"Slidedeck\",\"description\":\"Construction sur mesure de terrasses mobiles en \u00cele-de-France\",\"publisher\":{\"@id\":\"https:\\\/\\\/terrasse-mobile.net\\\/#organization\"},\"potentialAction\":[{\"@type\":\"SearchAction\",\"target\":{\"@type\":\"EntryPoint\",\"urlTemplate\":\"https:\\\/\\\/terrasse-mobile.net\\\/?s={search_term_string}\"},\"query-input\":{\"@type\":\"PropertyValueSpecification\",\"valueRequired\":true,\"valueName\":\"search_term_string\"}}],\"inLanguage\":\"de\"},{\"@type\":\"Organization\",\"@id\":\"https:\\\/\\\/terrasse-mobile.net\\\/#organization\",\"name\":\"Slidedeck\",\"url\":\"https:\\\/\\\/terrasse-mobile.net\\\/\",\"logo\":{\"@type\":\"ImageObject\",\"inLanguage\":\"de\",\"@id\":\"https:\\\/\\\/terrasse-mobile.net\\\/#\\\/schema\\\/logo\\\/image\\\/\",\"url\":\"https:\\\/\\\/terrasse-mobile.net\\\/wp-content\\\/uploads\\\/2024\\\/01\\\/logo-slidedeck.jpg\",\"contentUrl\":\"https:\\\/\\\/terrasse-mobile.net\\\/wp-content\\\/uploads\\\/2024\\\/01\\\/logo-slidedeck.jpg\",\"width\":2000,\"height\":1103,\"caption\":\"Slidedeck\"},\"image\":{\"@id\":\"https:\\\/\\\/terrasse-mobile.net\\\/#\\\/schema\\\/logo\\\/image\\\/\"}}]}<\/script>\n<!-- \/ Yoast SEO plugin. -->","yoast_head_json":{"title":"Bel\u00e4ge f\u00fcr verschiebbare Terrassen f\u00fcr Schwimmb\u00e4der","description":"Sie k\u00f6nnen Ihre mobile Terrasse SlideDeck mit verschiedenen Bel\u00e4gen ausstatten: Tropenholz, Verbundwerkstoff, Aluminium, Rasen ...","robots":{"index":"index","follow":"follow","max-snippet":"max-snippet:-1","max-image-preview":"max-image-preview:large","max-video-preview":"max-video-preview:-1"},"canonical":"https:\/\/terrasse-mobile.net\/de\/beschichtungen\/","og_locale":"de_DE","og_type":"article","og_title":"Les rev\u00eatement de terrasse coulissante pour piscine","og_description":"Vous pouvez habiller votre terrasse mobile SlideDeck avec plusieurs rev\u00eatements possibles : bois exotique, composite, aluminium, gazon ...","og_url":"https:\/\/terrasse-mobile.net\/de\/beschichtungen\/","og_site_name":"Terrasse mobile","article_modified_time":"2025-11-25T15:19:12+00:00","og_image":[{"width":2000,"height":1500,"url":"https:\/\/terrasse-mobile.net\/wp-content\/uploads\/2024\/02\/REAL-SABOURAULT-PISCINE-2.jpg","type":"image\/jpeg"}],"twitter_card":"summary_large_image","twitter_misc":{"Gesch\u00e4tzte Lesezeit":"1\u00a0Minute"},"schema":{"@context":"https:\/\/schema.org","@graph":[{"@type":"WebPage","@id":"https:\/\/terrasse-mobile.net\/revetements\/","url":"https:\/\/terrasse-mobile.net\/revetements\/","name":"Bel\u00e4ge f\u00fcr verschiebbare Terrassen f\u00fcr Schwimmb\u00e4der","isPartOf":{"@id":"https:\/\/terrasse-mobile.net\/#website"},"primaryImageOfPage":{"@id":"https:\/\/terrasse-mobile.net\/revetements\/#primaryimage"},"image":{"@id":"https:\/\/terrasse-mobile.net\/revetements\/#primaryimage"},"thumbnailUrl":"https:\/\/terrasse-mobile.net\/wp-content\/uploads\/2024\/02\/REAL-SABOURAULT-PISCINE-2.jpg","datePublished":"2024-10-02T12:49:21+00:00","dateModified":"2025-11-25T15:19:12+00:00","description":"Sie k\u00f6nnen Ihre mobile Terrasse SlideDeck mit verschiedenen Bel\u00e4gen ausstatten: Tropenholz, Verbundwerkstoff, Aluminium, Rasen ...","breadcrumb":{"@id":"https:\/\/terrasse-mobile.net\/revetements\/#breadcrumb"},"inLanguage":"de","potentialAction":[{"@type":"ReadAction","target":["https:\/\/terrasse-mobile.net\/revetements\/"]}]},{"@type":"ImageObject","inLanguage":"de","@id":"https:\/\/terrasse-mobile.net\/revetements\/#primaryimage","url":"https:\/\/terrasse-mobile.net\/wp-content\/uploads\/2024\/02\/REAL-SABOURAULT-PISCINE-2.jpg","contentUrl":"https:\/\/terrasse-mobile.net\/wp-content\/uploads\/2024\/02\/REAL-SABOURAULT-PISCINE-2.jpg","width":2000,"height":1500,"caption":"DCIM100MEDIADJI_0365.JPG"},{"@type":"BreadcrumbList","@id":"https:\/\/terrasse-mobile.net\/revetements\/#breadcrumb","itemListElement":[{"@type":"ListItem","position":1,"name":"Accueil","item":"https:\/\/terrasse-mobile.net\/"},{"@type":"ListItem","position":2,"name":"LES REV\u00caTEMENTS POUR TERRASSE MOBILE SLIDEDECK"}]},{"@type":"WebSite","@id":"https:\/\/terrasse-mobile.net\/#website","url":"https:\/\/terrasse-mobile.net\/","name":"Slidedeck","description":"Ma\u00dfgeschneiderte Konstruktion von mobilen Terrassen in der \u00cele-de-France","publisher":{"@id":"https:\/\/terrasse-mobile.net\/#organization"},"potentialAction":[{"@type":"SearchAction","target":{"@type":"EntryPoint","urlTemplate":"https:\/\/terrasse-mobile.net\/?s={search_term_string}"},"query-input":{"@type":"PropertyValueSpecification","valueRequired":true,"valueName":"search_term_string"}}],"inLanguage":"de"},{"@type":"Organization","@id":"https:\/\/terrasse-mobile.net\/#organization","name":"Slidedeck","url":"https:\/\/terrasse-mobile.net\/","logo":{"@type":"ImageObject","inLanguage":"de","@id":"https:\/\/terrasse-mobile.net\/#\/schema\/logo\/image\/","url":"https:\/\/terrasse-mobile.net\/wp-content\/uploads\/2024\/01\/logo-slidedeck.jpg","contentUrl":"https:\/\/terrasse-mobile.net\/wp-content\/uploads\/2024\/01\/logo-slidedeck.jpg","width":2000,"height":1103,"caption":"Slidedeck"},"image":{"@id":"https:\/\/terrasse-mobile.net\/#\/schema\/logo\/image\/"}}]}},"_links":{"self":[{"href":"https:\/\/terrasse-mobile.net\/de\/wp-json\/wp\/v2\/pages\/5488","targetHints":{"allow":["GET"]}}],"collection":[{"href":"https:\/\/terrasse-mobile.net\/de\/wp-json\/wp\/v2\/pages"}],"about":[{"href":"https:\/\/terrasse-mobile.net\/de\/wp-json\/wp\/v2\/types\/page"}],"author":[{"embeddable":true,"href":"https:\/\/terrasse-mobile.net\/de\/wp-json\/wp\/v2\/users\/1"}],"replies":[{"embeddable":true,"href":"https:\/\/terrasse-mobile.net\/de\/wp-json\/wp\/v2\/comments?post=5488"}],"version-history":[{"count":9,"href":"https:\/\/terrasse-mobile.net\/de\/wp-json\/wp\/v2\/pages\/5488\/revisions"}],"predecessor-version":[{"id":7306,"href":"https:\/\/terrasse-mobile.net\/de\/wp-json\/wp\/v2\/pages\/5488\/revisions\/7306"}],"wp:featuredmedia":[{"embeddable":true,"href":"https:\/\/terrasse-mobile.net\/de\/wp-json\/wp\/v2\/media\/3640"}],"wp:attachment":[{"href":"https:\/\/terrasse-mobile.net\/de\/wp-json\/wp\/v2\/media?parent=5488"}],"wp:term":[{"taxonomy":"folder","embeddable":true,"href":"https:\/\/terrasse-mobile.net\/de\/wp-json\/wp\/v2\/folder?post=5488"}],"curies":[{"name":"wp","href":"https:\/\/api.w.org\/{rel}","templated":true}]}}