{"id":5493,"date":"2024-10-02T14:48:31","date_gmt":"2024-10-02T12:48:27","guid":{"rendered":"https:\/\/terrasse-mobile.net\/?page_id=5493"},"modified":"2025-11-25T16:37:16","modified_gmt":"2025-11-25T15:37:16","slug":"mobile-poolterrasse-mit-aluminiumlamellen","status":"publish","type":"page","link":"https:\/\/terrasse-mobile.net\/de\/revetements\/terrasse-mobile-piscine-avec-lames-aluminium\/","title":{"rendered":"MOBILE TERRASSENDIELEN AUS ALUMINIUM XTREMDECK"},"content":{"rendered":"<h2 class=\"wp-block-heading\">Leicht zu installierende mobile Terrassendielen<\/h2>\n\n\n\n<p class=\"has-text-align-center\">Die XTremDeck-Aluminiumdiele wird ganz einfach mit den mitgelieferten unsichtbaren Clips an der Struktur Ihrer mobilen Terrasse angebracht. Die XTremDeck Aluminiumdiele kann sehr schnell und ohne besondere F\u00e4higkeiten verlegt werden.<\/p>\n\n\n\n<p><em><mark style=\"background-color:rgba(0, 0, 0, 0)\" class=\"has-inline-color has-theme-palette-1-color\"><a href=\"https:\/\/terrasse-etanche.com\/lame-terrasse-aluminium-ininflammable\">Um mehr \u00fcber unsere Aluminium-Terrassendielen zu erfahren, klicken Sie hier.<\/a><\/mark><\/em><\/p>\n\n\n<div class=\"wp-block-image\">\n<figure class=\"aligncenter size-full is-resized\"><img decoding=\"async\" width=\"599\" height=\"397\" src=\"https:\/\/terrasse-mobile.net\/wp-content\/uploads\/2024\/11\/xtremdeck-fixation-hybride-partie-courante-09.jpg\" alt=\"Aluminiumleiste f\u00fcr Terrasse und mobile Terrasse\" class=\"wp-image-6478\" style=\"width:484px;height:auto\" srcset=\"https:\/\/terrasse-mobile.net\/wp-content\/uploads\/2024\/11\/xtremdeck-fixation-hybride-partie-courante-09.jpg 599w, https:\/\/terrasse-mobile.net\/wp-content\/uploads\/2024\/11\/xtremdeck-fixation-hybride-partie-courante-09-300x199.jpg 300w, https:\/\/terrasse-mobile.net\/wp-content\/uploads\/2024\/11\/xtremdeck-fixation-hybride-partie-courante-09-50x33.jpg 50w\" sizes=\"(max-width: 599px) 100vw, 599px\" \/><\/figure>\n<\/div>\n\n\n<h2 class=\"wp-block-heading\">Sind sie ideal f\u00fcr mobile Terrassen?<\/h2>\n\n\n\n<div class=\"wp-block-group\"><div class=\"wp-block-group__inner-container is-layout-constrained wp-block-group-is-layout-constrained\">\n<div class=\"wp-block-columns is-layout-flex wp-container-core-columns-is-layout-9d6595d7 wp-block-columns-is-layout-flex\">\n<div class=\"wp-block-column is-layout-flow wp-block-column-is-layout-flow\">\n<div class=\"wp-block-group\"><div class=\"wp-block-group__inner-container is-layout-constrained wp-block-group-is-layout-constrained\">\n<div class=\"wp-block-columns is-layout-flex wp-container-core-columns-is-layout-9d6595d7 wp-block-columns-is-layout-flex\">\n<div class=\"wp-block-column is-layout-flow wp-block-column-is-layout-flow\" style=\"flex-basis:100%\">\n<p>Aluminiumdielen f\u00fcr mobile Terrassen erweisen sich aufgrund ihrer spezifischen Eigenschaften, die den besonderen Anforderungen dieser Art von Au\u00dfengestaltung gerecht werden, als ideale Wahl f\u00fcr die Verkleidung einer mobilen Terrasse.<\/p>\n<\/div>\n<\/div>\n<\/div><\/div>\n\n\n\n<p>Zun\u00e4chst einmal ist die <strong>Leichtigkeit<\/strong> von Aluminium macht es zu einem Material <strong>ideal f\u00fcr mobile Terrassen<\/strong>. Aluminium ist signifikant mehr <strong>leicht<\/strong> als andere Baumaterialien wie Holz oder Beton, wodurch sich die mobile Terrasse leichter bewegen l\u00e4sst und gleichzeitig die strukturelle Belastung verringert wird, was f\u00fcr die Gew\u00e4hrleistung einer <strong>einfache Mobilit\u00e4t<\/strong>.<\/p>\n\n\n\n<p>Au\u00dferdem absorbiert Aluminium keine W\u00e4rme, sodass Sie sich an sonnigen Tagen nicht die F\u00fc\u00dfe verbrennen werden.<\/p>\n<\/div>\n\n\n\n<div class=\"wp-block-column is-layout-flow wp-block-column-is-layout-flow\">\n<figure class=\"wp-block-image size-full\"><img decoding=\"async\" width=\"800\" height=\"530\" src=\"https:\/\/terrasse-mobile.net\/wp-content\/uploads\/2024\/11\/DSC_0416.jpg\" alt=\"Klingen aus Aluminium\" class=\"wp-image-6241\" srcset=\"https:\/\/terrasse-mobile.net\/wp-content\/uploads\/2024\/11\/DSC_0416.jpg 800w, https:\/\/terrasse-mobile.net\/wp-content\/uploads\/2024\/11\/DSC_0416-300x199.jpg 300w, https:\/\/terrasse-mobile.net\/wp-content\/uploads\/2024\/11\/DSC_0416-768x509.jpg 768w, https:\/\/terrasse-mobile.net\/wp-content\/uploads\/2024\/11\/DSC_0416-50x33.jpg 50w\" sizes=\"(max-width: 800px) 100vw, 800px\" \/><\/figure>\n<\/div>\n<\/div>\n<\/div><\/div>\n\n\n\n<div class=\"wp-block-group\"><div class=\"wp-block-group__inner-container is-layout-constrained wp-block-group-is-layout-constrained\">\n<h2 class=\"wp-block-heading has-text-align-center\">Widerstandsf\u00e4hige mobile Terrassendielen<\/h2>\n\n\n\n<p>Die <strong>Korrosionsbest\u00e4ndigkeit<\/strong> von Aluminium ist ebenfalls ein wichtiger Vorteil, vor allem in Au\u00dfenbereichen, die der Witterung ausgesetzt sind. Terrassendielen aus Aluminium <strong>rosten nicht<\/strong>, Die Materialien werden nicht abgebaut und behalten ihre strukturelle Integrit\u00e4t gegen\u00fcber Feuchtigkeit, h\u00e4ufigem Regen und Klimaschwankungen bei, wodurch eine langfristige Haltbarkeit gew\u00e4hrleistet wird.<\/p>\n\n\n\n<p class=\"has-text-align-left\"><strong>Die einfache Pflege<\/strong> stellt einen weiteren Schl\u00fcsselvorteil dar. Aluminiumdielen ben\u00f6tigen in der Regel nur eine minimale Pflege, wie z. B. eine regelm\u00e4\u00dfige Reinigung, um ihr Aussehen und ihre Funktionalit\u00e4t zu erhalten. Dies ist besonders vorteilhaft f\u00fcr mobile Terrassen, die h\u00e4ufig bewegt werden k\u00f6nnen und pflegeleichte Materialien erfordern.<\/p>\n\n\n\n<div class=\"wp-block-columns is-layout-flex wp-container-core-columns-is-layout-9d6595d7 wp-block-columns-is-layout-flex\">\n<div class=\"wp-block-column is-layout-flow wp-block-column-is-layout-flow\">\n<figure class=\"wp-block-image size-full\"><img decoding=\"async\" width=\"599\" height=\"397\" src=\"https:\/\/terrasse-mobile.net\/wp-content\/uploads\/2024\/11\/xtremdeck-fixation-hybride-partie-courante-05.jpg\" alt=\"\" class=\"wp-image-6476\" srcset=\"https:\/\/terrasse-mobile.net\/wp-content\/uploads\/2024\/11\/xtremdeck-fixation-hybride-partie-courante-05.jpg 599w, https:\/\/terrasse-mobile.net\/wp-content\/uploads\/2024\/11\/xtremdeck-fixation-hybride-partie-courante-05-300x199.jpg 300w, https:\/\/terrasse-mobile.net\/wp-content\/uploads\/2024\/11\/xtremdeck-fixation-hybride-partie-courante-05-50x33.jpg 50w\" sizes=\"(max-width: 599px) 100vw, 599px\" \/><\/figure>\n<\/div>\n\n\n\n<div class=\"wp-block-column is-layout-flow wp-block-column-is-layout-flow\">\n<figure class=\"wp-block-image size-full\"><img decoding=\"async\" width=\"599\" height=\"397\" src=\"https:\/\/terrasse-mobile.net\/wp-content\/uploads\/2024\/11\/metadeck-fixation-sur-lambourde-bois-04.jpg\" alt=\"\" class=\"wp-image-6477\" srcset=\"https:\/\/terrasse-mobile.net\/wp-content\/uploads\/2024\/11\/metadeck-fixation-sur-lambourde-bois-04.jpg 599w, https:\/\/terrasse-mobile.net\/wp-content\/uploads\/2024\/11\/metadeck-fixation-sur-lambourde-bois-04-300x199.jpg 300w, https:\/\/terrasse-mobile.net\/wp-content\/uploads\/2024\/11\/metadeck-fixation-sur-lambourde-bois-04-50x33.jpg 50w\" sizes=\"(max-width: 599px) 100vw, 599px\" \/><\/figure>\n<\/div>\n<\/div>\n<\/div><\/div>","protected":false},"excerpt":{"rendered":"<p>Des lames de terrasse mobile faciles \u00e0 installer La lame de terrasse en aluminium XTremDeck s&rsquo;installe tre\u0300s simplement sur la structure de votre terrasse mobile avec des clips invisibles fournis. La lame en aluminium XTremDeck peut e\u0302tre mise en oeuvre tre\u0300s rapidement, sans comp\u00e9tences particulie\u0300res Pour en savoir + sur nos lames de terrasse en&#8230;<\/p>","protected":false},"author":1,"featured_media":3640,"parent":5488,"menu_order":56,"comment_status":"closed","ping_status":"closed","template":"","meta":{"_kad_post_transparent":"","_kad_post_title":"","_kad_post_layout":"","_kad_post_sidebar_id":"","_kad_post_content_style":"","_kad_post_vertical_padding":"","_kad_post_feature":"","_kad_post_feature_position":"","_kad_post_header":false,"_kad_post_footer":false,"_kad_post_classname":"","footnotes":""},"folder":[],"class_list":["post-5493","page","type-page","status-publish","has-post-thumbnail","hentry"],"yoast_head":"<!-- This site is optimized with the Yoast SEO plugin v27.4 - https:\/\/yoast.com\/product\/yoast-seo-wordpress\/ -->\n<title>Rev\u00eatement de terrasse mobile pour piscine en aluminium<\/title>\n<meta name=\"description\" content=\"La terrasse mobile pour piscine SlideDeck peut \u00eatre habill\u00e9e avec de belles lames en aluminium XtremDeck.\" \/>\n<meta name=\"robots\" content=\"index, follow, max-snippet:-1, max-image-preview:large, max-video-preview:-1\" \/>\n<link rel=\"canonical\" href=\"https:\/\/terrasse-mobile.net\/de\/beschichtungen\/mobile-poolterrasse-mit-aluminiumlamellen\/\" \/>\n<meta property=\"og:locale\" content=\"de_DE\" \/>\n<meta property=\"og:type\" content=\"article\" \/>\n<meta property=\"og:title\" content=\"Rev\u00eatement de terrasse mobile pour piscine en aluminium\" \/>\n<meta property=\"og:description\" content=\"La terrasse mobile pour piscine SlideDeck peut \u00eatre habill\u00e9e avec de belles lames en aluminium XtremDeck.\" \/>\n<meta property=\"og:url\" content=\"https:\/\/terrasse-mobile.net\/de\/beschichtungen\/mobile-poolterrasse-mit-aluminiumlamellen\/\" \/>\n<meta property=\"og:site_name\" content=\"Terrasse mobile\" \/>\n<meta property=\"article:modified_time\" content=\"2025-11-25T15:37:16+00:00\" \/>\n<meta property=\"og:image\" content=\"https:\/\/terrasse-mobile.net\/wp-content\/uploads\/2024\/02\/REAL-SABOURAULT-PISCINE-2.jpg\" \/>\n\t<meta property=\"og:image:width\" content=\"2000\" \/>\n\t<meta property=\"og:image:height\" content=\"1500\" \/>\n\t<meta property=\"og:image:type\" content=\"image\/jpeg\" \/>\n<meta name=\"twitter:card\" content=\"summary_large_image\" \/>\n<meta name=\"twitter:label1\" content=\"Gesch\u00e4tzte Lesezeit\" \/>\n\t<meta name=\"twitter:data1\" content=\"3\u00a0Minuten\" \/>\n<script type=\"application\/ld+json\" class=\"yoast-schema-graph\">{\"@context\":\"https:\\\/\\\/schema.org\",\"@graph\":[{\"@type\":\"WebPage\",\"@id\":\"https:\\\/\\\/terrasse-mobile.net\\\/revetements\\\/terrasse-mobile-piscine-avec-lames-aluminium\\\/\",\"url\":\"https:\\\/\\\/terrasse-mobile.net\\\/revetements\\\/terrasse-mobile-piscine-avec-lames-aluminium\\\/\",\"name\":\"Rev\u00eatement de terrasse mobile pour piscine en aluminium\",\"isPartOf\":{\"@id\":\"https:\\\/\\\/terrasse-mobile.net\\\/#website\"},\"primaryImageOfPage\":{\"@id\":\"https:\\\/\\\/terrasse-mobile.net\\\/revetements\\\/terrasse-mobile-piscine-avec-lames-aluminium\\\/#primaryimage\"},\"image\":{\"@id\":\"https:\\\/\\\/terrasse-mobile.net\\\/revetements\\\/terrasse-mobile-piscine-avec-lames-aluminium\\\/#primaryimage\"},\"thumbnailUrl\":\"https:\\\/\\\/terrasse-mobile.net\\\/wp-content\\\/uploads\\\/2024\\\/02\\\/REAL-SABOURAULT-PISCINE-2.jpg\",\"datePublished\":\"2024-10-02T12:48:27+00:00\",\"dateModified\":\"2025-11-25T15:37:16+00:00\",\"description\":\"La terrasse mobile pour piscine SlideDeck peut \u00eatre habill\u00e9e avec de belles lames en aluminium XtremDeck.\",\"breadcrumb\":{\"@id\":\"https:\\\/\\\/terrasse-mobile.net\\\/revetements\\\/terrasse-mobile-piscine-avec-lames-aluminium\\\/#breadcrumb\"},\"inLanguage\":\"de\",\"potentialAction\":[{\"@type\":\"ReadAction\",\"target\":[\"https:\\\/\\\/terrasse-mobile.net\\\/revetements\\\/terrasse-mobile-piscine-avec-lames-aluminium\\\/\"]}]},{\"@type\":\"ImageObject\",\"inLanguage\":\"de\",\"@id\":\"https:\\\/\\\/terrasse-mobile.net\\\/revetements\\\/terrasse-mobile-piscine-avec-lames-aluminium\\\/#primaryimage\",\"url\":\"https:\\\/\\\/terrasse-mobile.net\\\/wp-content\\\/uploads\\\/2024\\\/02\\\/REAL-SABOURAULT-PISCINE-2.jpg\",\"contentUrl\":\"https:\\\/\\\/terrasse-mobile.net\\\/wp-content\\\/uploads\\\/2024\\\/02\\\/REAL-SABOURAULT-PISCINE-2.jpg\",\"width\":2000,\"height\":1500,\"caption\":\"DCIM100MEDIADJI_0365.JPG\"},{\"@type\":\"BreadcrumbList\",\"@id\":\"https:\\\/\\\/terrasse-mobile.net\\\/revetements\\\/terrasse-mobile-piscine-avec-lames-aluminium\\\/#breadcrumb\",\"itemListElement\":[{\"@type\":\"ListItem\",\"position\":1,\"name\":\"Accueil\",\"item\":\"https:\\\/\\\/terrasse-mobile.net\\\/\"},{\"@type\":\"ListItem\",\"position\":2,\"name\":\"LES REV\u00caTEMENTS POUR TERRASSE MOBILE SLIDEDECK\",\"item\":\"https:\\\/\\\/terrasse-mobile.net\\\/revetements\\\/\"},{\"@type\":\"ListItem\",\"position\":3,\"name\":\"LAMES DE TERRASSE MOBILE EN ALUMINIUM XTREMDECK\"}]},{\"@type\":\"WebSite\",\"@id\":\"https:\\\/\\\/terrasse-mobile.net\\\/#website\",\"url\":\"https:\\\/\\\/terrasse-mobile.net\\\/\",\"name\":\"Slidedeck\",\"description\":\"Construction sur mesure de terrasses mobiles en \u00cele-de-France\",\"publisher\":{\"@id\":\"https:\\\/\\\/terrasse-mobile.net\\\/#organization\"},\"potentialAction\":[{\"@type\":\"SearchAction\",\"target\":{\"@type\":\"EntryPoint\",\"urlTemplate\":\"https:\\\/\\\/terrasse-mobile.net\\\/?s={search_term_string}\"},\"query-input\":{\"@type\":\"PropertyValueSpecification\",\"valueRequired\":true,\"valueName\":\"search_term_string\"}}],\"inLanguage\":\"de\"},{\"@type\":\"Organization\",\"@id\":\"https:\\\/\\\/terrasse-mobile.net\\\/#organization\",\"name\":\"Slidedeck\",\"url\":\"https:\\\/\\\/terrasse-mobile.net\\\/\",\"logo\":{\"@type\":\"ImageObject\",\"inLanguage\":\"de\",\"@id\":\"https:\\\/\\\/terrasse-mobile.net\\\/#\\\/schema\\\/logo\\\/image\\\/\",\"url\":\"https:\\\/\\\/terrasse-mobile.net\\\/wp-content\\\/uploads\\\/2024\\\/01\\\/logo-slidedeck.jpg\",\"contentUrl\":\"https:\\\/\\\/terrasse-mobile.net\\\/wp-content\\\/uploads\\\/2024\\\/01\\\/logo-slidedeck.jpg\",\"width\":2000,\"height\":1103,\"caption\":\"Slidedeck\"},\"image\":{\"@id\":\"https:\\\/\\\/terrasse-mobile.net\\\/#\\\/schema\\\/logo\\\/image\\\/\"}}]}<\/script>\n<!-- \/ Yoast SEO plugin. -->","yoast_head_json":{"title":"Beweglicher Terrassenbelag f\u00fcr Schwimmbad aus Aluminium","description":"Die mobile Poolterrasse SlideDeck kann mit sch\u00f6nen XtremDeck-Aluminiumlamellen verkleidet werden.","robots":{"index":"index","follow":"follow","max-snippet":"max-snippet:-1","max-image-preview":"max-image-preview:large","max-video-preview":"max-video-preview:-1"},"canonical":"https:\/\/terrasse-mobile.net\/de\/beschichtungen\/mobile-poolterrasse-mit-aluminiumlamellen\/","og_locale":"de_DE","og_type":"article","og_title":"Rev\u00eatement de terrasse mobile pour piscine en aluminium","og_description":"La terrasse mobile pour piscine SlideDeck peut \u00eatre habill\u00e9e avec de belles lames en aluminium XtremDeck.","og_url":"https:\/\/terrasse-mobile.net\/de\/beschichtungen\/mobile-poolterrasse-mit-aluminiumlamellen\/","og_site_name":"Terrasse mobile","article_modified_time":"2025-11-25T15:37:16+00:00","og_image":[{"width":2000,"height":1500,"url":"https:\/\/terrasse-mobile.net\/wp-content\/uploads\/2024\/02\/REAL-SABOURAULT-PISCINE-2.jpg","type":"image\/jpeg"}],"twitter_card":"summary_large_image","twitter_misc":{"Gesch\u00e4tzte Lesezeit":"3\u00a0Minuten"},"schema":{"@context":"https:\/\/schema.org","@graph":[{"@type":"WebPage","@id":"https:\/\/terrasse-mobile.net\/revetements\/terrasse-mobile-piscine-avec-lames-aluminium\/","url":"https:\/\/terrasse-mobile.net\/revetements\/terrasse-mobile-piscine-avec-lames-aluminium\/","name":"Beweglicher Terrassenbelag f\u00fcr Schwimmbad aus Aluminium","isPartOf":{"@id":"https:\/\/terrasse-mobile.net\/#website"},"primaryImageOfPage":{"@id":"https:\/\/terrasse-mobile.net\/revetements\/terrasse-mobile-piscine-avec-lames-aluminium\/#primaryimage"},"image":{"@id":"https:\/\/terrasse-mobile.net\/revetements\/terrasse-mobile-piscine-avec-lames-aluminium\/#primaryimage"},"thumbnailUrl":"https:\/\/terrasse-mobile.net\/wp-content\/uploads\/2024\/02\/REAL-SABOURAULT-PISCINE-2.jpg","datePublished":"2024-10-02T12:48:27+00:00","dateModified":"2025-11-25T15:37:16+00:00","description":"Die mobile Poolterrasse SlideDeck kann mit sch\u00f6nen XtremDeck-Aluminiumlamellen verkleidet werden.","breadcrumb":{"@id":"https:\/\/terrasse-mobile.net\/revetements\/terrasse-mobile-piscine-avec-lames-aluminium\/#breadcrumb"},"inLanguage":"de","potentialAction":[{"@type":"ReadAction","target":["https:\/\/terrasse-mobile.net\/revetements\/terrasse-mobile-piscine-avec-lames-aluminium\/"]}]},{"@type":"ImageObject","inLanguage":"de","@id":"https:\/\/terrasse-mobile.net\/revetements\/terrasse-mobile-piscine-avec-lames-aluminium\/#primaryimage","url":"https:\/\/terrasse-mobile.net\/wp-content\/uploads\/2024\/02\/REAL-SABOURAULT-PISCINE-2.jpg","contentUrl":"https:\/\/terrasse-mobile.net\/wp-content\/uploads\/2024\/02\/REAL-SABOURAULT-PISCINE-2.jpg","width":2000,"height":1500,"caption":"DCIM100MEDIADJI_0365.JPG"},{"@type":"BreadcrumbList","@id":"https:\/\/terrasse-mobile.net\/revetements\/terrasse-mobile-piscine-avec-lames-aluminium\/#breadcrumb","itemListElement":[{"@type":"ListItem","position":1,"name":"Accueil","item":"https:\/\/terrasse-mobile.net\/"},{"@type":"ListItem","position":2,"name":"LES REV\u00caTEMENTS POUR TERRASSE MOBILE SLIDEDECK","item":"https:\/\/terrasse-mobile.net\/revetements\/"},{"@type":"ListItem","position":3,"name":"LAMES DE TERRASSE MOBILE EN ALUMINIUM XTREMDECK"}]},{"@type":"WebSite","@id":"https:\/\/terrasse-mobile.net\/#website","url":"https:\/\/terrasse-mobile.net\/","name":"Slidedeck","description":"Ma\u00dfgeschneiderte Konstruktion von mobilen Terrassen in der \u00cele-de-France","publisher":{"@id":"https:\/\/terrasse-mobile.net\/#organization"},"potentialAction":[{"@type":"SearchAction","target":{"@type":"EntryPoint","urlTemplate":"https:\/\/terrasse-mobile.net\/?s={search_term_string}"},"query-input":{"@type":"PropertyValueSpecification","valueRequired":true,"valueName":"search_term_string"}}],"inLanguage":"de"},{"@type":"Organization","@id":"https:\/\/terrasse-mobile.net\/#organization","name":"Slidedeck","url":"https:\/\/terrasse-mobile.net\/","logo":{"@type":"ImageObject","inLanguage":"de","@id":"https:\/\/terrasse-mobile.net\/#\/schema\/logo\/image\/","url":"https:\/\/terrasse-mobile.net\/wp-content\/uploads\/2024\/01\/logo-slidedeck.jpg","contentUrl":"https:\/\/terrasse-mobile.net\/wp-content\/uploads\/2024\/01\/logo-slidedeck.jpg","width":2000,"height":1103,"caption":"Slidedeck"},"image":{"@id":"https:\/\/terrasse-mobile.net\/#\/schema\/logo\/image\/"}}]}},"_links":{"self":[{"href":"https:\/\/terrasse-mobile.net\/de\/wp-json\/wp\/v2\/pages\/5493","targetHints":{"allow":["GET"]}}],"collection":[{"href":"https:\/\/terrasse-mobile.net\/de\/wp-json\/wp\/v2\/pages"}],"about":[{"href":"https:\/\/terrasse-mobile.net\/de\/wp-json\/wp\/v2\/types\/page"}],"author":[{"embeddable":true,"href":"https:\/\/terrasse-mobile.net\/de\/wp-json\/wp\/v2\/users\/1"}],"replies":[{"embeddable":true,"href":"https:\/\/terrasse-mobile.net\/de\/wp-json\/wp\/v2\/comments?post=5493"}],"version-history":[{"count":12,"href":"https:\/\/terrasse-mobile.net\/de\/wp-json\/wp\/v2\/pages\/5493\/revisions"}],"predecessor-version":[{"id":7325,"href":"https:\/\/terrasse-mobile.net\/de\/wp-json\/wp\/v2\/pages\/5493\/revisions\/7325"}],"up":[{"embeddable":true,"href":"https:\/\/terrasse-mobile.net\/de\/wp-json\/wp\/v2\/pages\/5488"}],"wp:featuredmedia":[{"embeddable":true,"href":"https:\/\/terrasse-mobile.net\/de\/wp-json\/wp\/v2\/media\/3640"}],"wp:attachment":[{"href":"https:\/\/terrasse-mobile.net\/de\/wp-json\/wp\/v2\/media?parent=5493"}],"wp:term":[{"taxonomy":"folder","embeddable":true,"href":"https:\/\/terrasse-mobile.net\/de\/wp-json\/wp\/v2\/folder?post=5493"}],"curies":[{"name":"wp","href":"https:\/\/api.w.org\/{rel}","templated":true}]}}