{"id":5566,"date":"2024-10-02T14:46:31","date_gmt":"2024-10-02T12:46:12","guid":{"rendered":"https:\/\/terrasse-mobile.net\/?page_id=5566"},"modified":"2025-11-25T15:32:23","modified_gmt":"2025-11-25T14:32:23","slug":"terrasse-coulissante-motorisee-piscine","status":"publish","type":"page","link":"https:\/\/terrasse-mobile.net\/de\/slidedeck\/realisations\/terrasse-coulissante-motorisee-piscine\/","title":{"rendered":"R\u00e9alisation de terrasse mobile dans les Yvelines"},"content":{"rendered":"<div class=\"wp-block-columns is-layout-flex wp-container-core-columns-is-layout-9d6595d7 wp-block-columns-is-layout-flex\">\n<div class=\"wp-block-column is-layout-flow wp-block-column-is-layout-flow\" style=\"flex-basis:33.33%\">\n<p>Nos clients voulaient une belle piscine, accompagn\u00e9e d&rsquo;une superbe terrasse coulissante.<\/p>\n\n\n\n<p>De plus, nous avons r\u00e9alis\u00e9 une terrasse autour de la maison, reli\u00e9e directement par des marches \u00e0 la piscine.<\/p>\n\n\n\n<p>Nous avons construit une jolie piscine de 18m2, pouvant \u00eatre couverte par une terrasse coulissante, faite en lames de Cumaru, un bois exotique ultra r\u00e9sistant.<\/p>\n<\/div>\n\n\n\n<div class=\"wp-block-column is-layout-flow wp-block-column-is-layout-flow\" style=\"flex-basis:66.66%\">\n<figure class=\"wp-block-embed is-type-video is-provider-vimeo wp-block-embed-vimeo wp-embed-aspect-16-9 wp-has-aspect-ratio\"><div class=\"wp-block-embed__wrapper\">\n<iframe title=\"Pre\u0301sentation terrasse montainville\" src=\"https:\/\/player.vimeo.com\/video\/906744555?dnt=1&amp;app_id=122963\" width=\"720\" height=\"405\" frameborder=\"0\" allow=\"autoplay; fullscreen; picture-in-picture; clipboard-write\"><\/iframe>\n<\/div><\/figure>\n<\/div>\n<\/div>\n\n\n<div class=\"wp-block-image\">\n<figure class=\"aligncenter size-full\"><img decoding=\"async\" width=\"700\" height=\"464\" src=\"https:\/\/terrasse-mobile.net\/wp-content\/uploads\/2024\/01\/rea-montain00007-2.jpg\" alt=\"mobile Terrasse\" class=\"wp-image-2022\" srcset=\"https:\/\/terrasse-mobile.net\/wp-content\/uploads\/2024\/01\/rea-montain00007-2.jpg 700w, https:\/\/terrasse-mobile.net\/wp-content\/uploads\/2024\/01\/rea-montain00007-2-300x199.jpg 300w\" sizes=\"(max-width: 700px) 100vw, 700px\" \/><\/figure>\n<\/div>\n\n\n<h2 class=\"wp-block-heading has-text-align-center\">Un beau projet de terrasse mobile pour piscine<\/h2>\n\n\n\n<p class=\"has-text-align-center\">Belle piscine r\u00e9alis\u00e9e dans les Yvelines, entour\u00e9e d&rsquo;une magnifique terrasse faite \u00e0 partir de bois exotique, du Cumaru. La terrasse est ouverte, mais peut coulisser pour couvrir la piscine, et donc la prot\u00e9ger de potentiels d\u00e9bris&#8230;<\/p>\n\n\n\n<div class=\"wp-block-columns is-layout-flex wp-container-core-columns-is-layout-9d6595d7 wp-block-columns-is-layout-flex\">\n<div class=\"wp-block-column is-layout-flow wp-block-column-is-layout-flow\">\n<figure class=\"wp-block-image\"><img decoding=\"async\" src=\"https:\/\/terrasse-mobile.net\/wp-content\/uploads\/2024\/01\/rea-montain00013.jpg\" alt=\"mobile Terrasse\"\/><\/figure>\n\n\n\n<p class=\"has-text-align-left\">Sur cette photo, nous pouvons voir la piscine entour\u00e9e d&rsquo;une terrasse en Cumaru. La terrasse est actuellement ouverte pour permettre aux baigneurs de profiter pleinement du soleil. La membrane PVC \u00ab\u00a0Stone tile\u00a0\u00bb de la piscine ajoute une touche moderne et \u00e9l\u00e9gante \u00e0 l&rsquo;ensemble.<\/p>\n<\/div>\n\n\n\n<div class=\"wp-block-column is-layout-flow wp-block-column-is-layout-flow\">\n<figure class=\"wp-block-image\"><img decoding=\"async\" src=\"https:\/\/terrasse-mobile.net\/wp-content\/uploads\/2024\/01\/rea-montain00003-4.jpg\" alt=\"mobile Terrasse\"\/><\/figure>\n\n\n\n<p class=\"has-text-align-left\">Ici, la terrasse est en train de se fermer, couvrant compl\u00e8tement la piscine. Ce type de terrasse est id\u00e9al pour prot\u00e9ger la piscine des feuilles, ou autres d\u00e9bris apport\u00e9s par le vent.<\/p>\n<\/div>\n<\/div>\n\n\n\n<h2 class=\"wp-block-heading has-text-align-center\">Terrasse mobile et piscine de qualit\u00e9 sup\u00e9rieure<\/h2>\n\n\n\n<div class=\"wp-block-columns is-layout-flex wp-container-core-columns-is-layout-9d6595d7 wp-block-columns-is-layout-flex\">\n<div class=\"wp-block-column is-layout-flow wp-block-column-is-layout-flow\">\n<figure class=\"wp-block-image\"><img decoding=\"async\" src=\"https:\/\/terrasse-mobile.net\/wp-content\/uploads\/2024\/01\/rea-montain00014.jpg\" alt=\"Piscine avec terrasse en Cumaru derri\u00e8re la maison\"\/><\/figure>\n\n\n\n<p class=\"has-text-align-left\">La piscine est \u00e0 la fois moderne et \u00e9l\u00e9gante. Le liner en PVC gris donne un aspect contemporain et sophistiqu\u00e9 \u00e0 la piscine, tandis que la terrasse en Cumaru, une essence de bois exotique, ajoute une touche chaleureuse et naturelle \u00e0 l&rsquo;ensemble. Le choix de ces mat\u00e9riaux de qualit\u00e9 contribue \u00e0 cr\u00e9er une ambiance harmonieuse et agr\u00e9able autour de la piscine, invitant \u00e0 la relaxation et \u00e0 la d\u00e9tente.<\/p>\n<\/div>\n\n\n\n<div class=\"wp-block-column is-layout-flow wp-block-column-is-layout-flow\">\n<figure class=\"wp-block-image\"><img decoding=\"async\" src=\"https:\/\/terrasse-mobile.net\/wp-content\/uploads\/2024\/01\/rea-montain00007-2.jpg\" alt=\"mobile Terrasse\"\/><\/figure>\n\n\n\n<p class=\"has-text-align-left\">L&rsquo;exp\u00e9rience et le professionnalisme de nos \u00e9quipes garantissent un r\u00e9sultat d&rsquo;une qualit\u00e9 optimale, ainsi que des finitions r\u00e9alis\u00e9es \u00e0 la perfection. La terrasse et la piscine sont r\u00e9alis\u00e9es au millim\u00e8tre, et rien n&rsquo;est laiss\u00e9 au hasard.<\/p>\n<\/div>\n<\/div>\n\n\n\n<figure class=\"wp-block-embed is-type-video is-provider-vimeo wp-block-embed-vimeo wp-embed-aspect-16-9 wp-has-aspect-ratio\"><div class=\"wp-block-embed__wrapper\">\n<iframe title=\"MOBILE TERRASSE SLIDEDECK IM EINSATZ\" src=\"https:\/\/player.vimeo.com\/video\/872949581?dnt=1&amp;app_id=122963\" width=\"720\" height=\"405\" frameborder=\"0\" allow=\"autoplay; fullscreen; picture-in-picture; clipboard-write\"><\/iframe>\n<\/div><\/figure>","protected":false},"excerpt":{"rendered":"<p>Nos clients voulaient une belle piscine, accompagn\u00e9e d&rsquo;une superbe terrasse coulissante. De plus, nous avons r\u00e9alis\u00e9 une terrasse autour de la maison, reli\u00e9e directement par des marches \u00e0 la piscine. Nous avons construit une jolie piscine de 18m2, pouvant \u00eatre couverte par une terrasse coulissante, faite en lames de Cumaru, un bois exotique ultra r\u00e9sistant&#8230;.<\/p>","protected":false},"author":1,"featured_media":3637,"parent":5631,"menu_order":10,"comment_status":"closed","ping_status":"closed","template":"","meta":{"_kad_post_transparent":"","_kad_post_title":"","_kad_post_layout":"","_kad_post_sidebar_id":"","_kad_post_content_style":"","_kad_post_vertical_padding":"","_kad_post_feature":"","_kad_post_feature_position":"","_kad_post_header":false,"_kad_post_footer":false,"_kad_post_classname":"","footnotes":""},"folder":[],"class_list":["post-5566","page","type-page","status-publish","has-post-thumbnail","hentry"],"yoast_head":"<!-- This site is optimized with the Yoast SEO plugin v27.4 - https:\/\/yoast.com\/product\/yoast-seo-wordpress\/ -->\n<title>Grande terrasse coulissante motoris\u00e9e sur-mesure pour piscine<\/title>\n<meta name=\"description\" content=\"En suppl\u00e9ment de la piscine et de la terrasse, nos clients voulaient une superbe terrasse coulissante motoris\u00e9e.\" \/>\n<meta name=\"robots\" content=\"index, follow, max-snippet:-1, max-image-preview:large, max-video-preview:-1\" \/>\n<link rel=\"canonical\" href=\"https:\/\/terrasse-mobile.net\/de\/slidedeck\/realisierungen\/terrasse-coulissante-motorisee-piscine\/\" \/>\n<meta property=\"og:locale\" content=\"de_DE\" \/>\n<meta property=\"og:type\" content=\"article\" \/>\n<meta property=\"og:title\" content=\"Grande terrasse coulissante motoris\u00e9e sur-mesure pour piscine\" \/>\n<meta property=\"og:description\" content=\"En suppl\u00e9ment de la piscine et de la terrasse, nos clients voulaient une superbe terrasse coulissante motoris\u00e9e.\" \/>\n<meta property=\"og:url\" content=\"https:\/\/terrasse-mobile.net\/de\/slidedeck\/realisierungen\/terrasse-coulissante-motorisee-piscine\/\" \/>\n<meta property=\"og:site_name\" content=\"Terrasse mobile\" \/>\n<meta property=\"article:modified_time\" content=\"2025-11-25T14:32:23+00:00\" \/>\n<meta property=\"og:image\" content=\"https:\/\/terrasse-mobile.net\/wp-content\/uploads\/2024\/02\/rea-montain00003.jpg\" \/>\n\t<meta property=\"og:image:width\" content=\"2000\" \/>\n\t<meta property=\"og:image:height\" content=\"1368\" \/>\n\t<meta property=\"og:image:type\" content=\"image\/jpeg\" \/>\n<meta name=\"twitter:card\" content=\"summary_large_image\" \/>\n<meta name=\"twitter:label1\" content=\"Gesch\u00e4tzte Lesezeit\" \/>\n\t<meta name=\"twitter:data1\" content=\"3\u00a0Minuten\" \/>\n<script type=\"application\/ld+json\" class=\"yoast-schema-graph\">{\"@context\":\"https:\\\/\\\/schema.org\",\"@graph\":[{\"@type\":\"WebPage\",\"@id\":\"https:\\\/\\\/terrasse-mobile.net\\\/slidedeck\\\/realisations\\\/terrasse-coulissante-motorisee-piscine\\\/\",\"url\":\"https:\\\/\\\/terrasse-mobile.net\\\/slidedeck\\\/realisations\\\/terrasse-coulissante-motorisee-piscine\\\/\",\"name\":\"Grande terrasse coulissante motoris\u00e9e sur-mesure pour piscine\",\"isPartOf\":{\"@id\":\"https:\\\/\\\/terrasse-mobile.net\\\/#website\"},\"primaryImageOfPage\":{\"@id\":\"https:\\\/\\\/terrasse-mobile.net\\\/slidedeck\\\/realisations\\\/terrasse-coulissante-motorisee-piscine\\\/#primaryimage\"},\"image\":{\"@id\":\"https:\\\/\\\/terrasse-mobile.net\\\/slidedeck\\\/realisations\\\/terrasse-coulissante-motorisee-piscine\\\/#primaryimage\"},\"thumbnailUrl\":\"https:\\\/\\\/terrasse-mobile.net\\\/wp-content\\\/uploads\\\/2024\\\/02\\\/rea-montain00003.jpg\",\"datePublished\":\"2024-10-02T12:46:12+00:00\",\"dateModified\":\"2025-11-25T14:32:23+00:00\",\"description\":\"En suppl\u00e9ment de la piscine et de la terrasse, nos clients voulaient une superbe terrasse coulissante motoris\u00e9e.\",\"breadcrumb\":{\"@id\":\"https:\\\/\\\/terrasse-mobile.net\\\/slidedeck\\\/realisations\\\/terrasse-coulissante-motorisee-piscine\\\/#breadcrumb\"},\"inLanguage\":\"de\",\"potentialAction\":[{\"@type\":\"ReadAction\",\"target\":[\"https:\\\/\\\/terrasse-mobile.net\\\/slidedeck\\\/realisations\\\/terrasse-coulissante-motorisee-piscine\\\/\"]}]},{\"@type\":\"ImageObject\",\"inLanguage\":\"de\",\"@id\":\"https:\\\/\\\/terrasse-mobile.net\\\/slidedeck\\\/realisations\\\/terrasse-coulissante-motorisee-piscine\\\/#primaryimage\",\"url\":\"https:\\\/\\\/terrasse-mobile.net\\\/wp-content\\\/uploads\\\/2024\\\/02\\\/rea-montain00003.jpg\",\"contentUrl\":\"https:\\\/\\\/terrasse-mobile.net\\\/wp-content\\\/uploads\\\/2024\\\/02\\\/rea-montain00003.jpg\",\"width\":2000,\"height\":1368,\"caption\":\"terrasse mobile\"},{\"@type\":\"BreadcrumbList\",\"@id\":\"https:\\\/\\\/terrasse-mobile.net\\\/slidedeck\\\/realisations\\\/terrasse-coulissante-motorisee-piscine\\\/#breadcrumb\",\"itemListElement\":[{\"@type\":\"ListItem\",\"position\":1,\"name\":\"Accueil\",\"item\":\"https:\\\/\\\/terrasse-mobile.net\\\/\"},{\"@type\":\"ListItem\",\"position\":2,\"name\":\"SLIDEDECK\",\"item\":\"https:\\\/\\\/terrasse-mobile.net\\\/slidedeck\\\/\"},{\"@type\":\"ListItem\",\"position\":3,\"name\":\"NOS R\u00c9ALISATIONS DE TERRASSE MOBILE SLIDEDECK\",\"item\":\"https:\\\/\\\/terrasse-mobile.net\\\/slidedeck\\\/realisations\\\/\"},{\"@type\":\"ListItem\",\"position\":4,\"name\":\"R\u00e9alisation de terrasse mobile dans les Yvelines\"}]},{\"@type\":\"WebSite\",\"@id\":\"https:\\\/\\\/terrasse-mobile.net\\\/#website\",\"url\":\"https:\\\/\\\/terrasse-mobile.net\\\/\",\"name\":\"Slidedeck\",\"description\":\"Construction sur mesure de terrasses mobiles en \u00cele-de-France\",\"publisher\":{\"@id\":\"https:\\\/\\\/terrasse-mobile.net\\\/#organization\"},\"potentialAction\":[{\"@type\":\"SearchAction\",\"target\":{\"@type\":\"EntryPoint\",\"urlTemplate\":\"https:\\\/\\\/terrasse-mobile.net\\\/?s={search_term_string}\"},\"query-input\":{\"@type\":\"PropertyValueSpecification\",\"valueRequired\":true,\"valueName\":\"search_term_string\"}}],\"inLanguage\":\"de\"},{\"@type\":\"Organization\",\"@id\":\"https:\\\/\\\/terrasse-mobile.net\\\/#organization\",\"name\":\"Slidedeck\",\"url\":\"https:\\\/\\\/terrasse-mobile.net\\\/\",\"logo\":{\"@type\":\"ImageObject\",\"inLanguage\":\"de\",\"@id\":\"https:\\\/\\\/terrasse-mobile.net\\\/#\\\/schema\\\/logo\\\/image\\\/\",\"url\":\"https:\\\/\\\/terrasse-mobile.net\\\/wp-content\\\/uploads\\\/2024\\\/01\\\/logo-slidedeck.jpg\",\"contentUrl\":\"https:\\\/\\\/terrasse-mobile.net\\\/wp-content\\\/uploads\\\/2024\\\/01\\\/logo-slidedeck.jpg\",\"width\":2000,\"height\":1103,\"caption\":\"Slidedeck\"},\"image\":{\"@id\":\"https:\\\/\\\/terrasse-mobile.net\\\/#\\\/schema\\\/logo\\\/image\\\/\"}}]}<\/script>\n<!-- \/ Yoast SEO plugin. -->","yoast_head_json":{"title":"Grande terrasse coulissante motoris\u00e9e sur-mesure pour piscine","description":"En suppl\u00e9ment de la piscine et de la terrasse, nos clients voulaient une superbe terrasse coulissante motoris\u00e9e.","robots":{"index":"index","follow":"follow","max-snippet":"max-snippet:-1","max-image-preview":"max-image-preview:large","max-video-preview":"max-video-preview:-1"},"canonical":"https:\/\/terrasse-mobile.net\/de\/slidedeck\/realisierungen\/terrasse-coulissante-motorisee-piscine\/","og_locale":"de_DE","og_type":"article","og_title":"Grande terrasse coulissante motoris\u00e9e sur-mesure pour piscine","og_description":"En suppl\u00e9ment de la piscine et de la terrasse, nos clients voulaient une superbe terrasse coulissante motoris\u00e9e.","og_url":"https:\/\/terrasse-mobile.net\/de\/slidedeck\/realisierungen\/terrasse-coulissante-motorisee-piscine\/","og_site_name":"Terrasse mobile","article_modified_time":"2025-11-25T14:32:23+00:00","og_image":[{"width":2000,"height":1368,"url":"https:\/\/terrasse-mobile.net\/wp-content\/uploads\/2024\/02\/rea-montain00003.jpg","type":"image\/jpeg"}],"twitter_card":"summary_large_image","twitter_misc":{"Gesch\u00e4tzte Lesezeit":"3\u00a0Minuten"},"schema":{"@context":"https:\/\/schema.org","@graph":[{"@type":"WebPage","@id":"https:\/\/terrasse-mobile.net\/slidedeck\/realisations\/terrasse-coulissante-motorisee-piscine\/","url":"https:\/\/terrasse-mobile.net\/slidedeck\/realisations\/terrasse-coulissante-motorisee-piscine\/","name":"Grande terrasse coulissante motoris\u00e9e sur-mesure pour piscine","isPartOf":{"@id":"https:\/\/terrasse-mobile.net\/#website"},"primaryImageOfPage":{"@id":"https:\/\/terrasse-mobile.net\/slidedeck\/realisations\/terrasse-coulissante-motorisee-piscine\/#primaryimage"},"image":{"@id":"https:\/\/terrasse-mobile.net\/slidedeck\/realisations\/terrasse-coulissante-motorisee-piscine\/#primaryimage"},"thumbnailUrl":"https:\/\/terrasse-mobile.net\/wp-content\/uploads\/2024\/02\/rea-montain00003.jpg","datePublished":"2024-10-02T12:46:12+00:00","dateModified":"2025-11-25T14:32:23+00:00","description":"En suppl\u00e9ment de la piscine et de la terrasse, nos clients voulaient une superbe terrasse coulissante motoris\u00e9e.","breadcrumb":{"@id":"https:\/\/terrasse-mobile.net\/slidedeck\/realisations\/terrasse-coulissante-motorisee-piscine\/#breadcrumb"},"inLanguage":"de","potentialAction":[{"@type":"ReadAction","target":["https:\/\/terrasse-mobile.net\/slidedeck\/realisations\/terrasse-coulissante-motorisee-piscine\/"]}]},{"@type":"ImageObject","inLanguage":"de","@id":"https:\/\/terrasse-mobile.net\/slidedeck\/realisations\/terrasse-coulissante-motorisee-piscine\/#primaryimage","url":"https:\/\/terrasse-mobile.net\/wp-content\/uploads\/2024\/02\/rea-montain00003.jpg","contentUrl":"https:\/\/terrasse-mobile.net\/wp-content\/uploads\/2024\/02\/rea-montain00003.jpg","width":2000,"height":1368,"caption":"terrasse mobile"},{"@type":"BreadcrumbList","@id":"https:\/\/terrasse-mobile.net\/slidedeck\/realisations\/terrasse-coulissante-motorisee-piscine\/#breadcrumb","itemListElement":[{"@type":"ListItem","position":1,"name":"Accueil","item":"https:\/\/terrasse-mobile.net\/"},{"@type":"ListItem","position":2,"name":"SLIDEDECK","item":"https:\/\/terrasse-mobile.net\/slidedeck\/"},{"@type":"ListItem","position":3,"name":"NOS R\u00c9ALISATIONS DE TERRASSE MOBILE SLIDEDECK","item":"https:\/\/terrasse-mobile.net\/slidedeck\/realisations\/"},{"@type":"ListItem","position":4,"name":"R\u00e9alisation de terrasse mobile dans les Yvelines"}]},{"@type":"WebSite","@id":"https:\/\/terrasse-mobile.net\/#website","url":"https:\/\/terrasse-mobile.net\/","name":"Slidedeck","description":"Ma\u00dfgeschneiderte Konstruktion von mobilen Terrassen in der \u00cele-de-France","publisher":{"@id":"https:\/\/terrasse-mobile.net\/#organization"},"potentialAction":[{"@type":"SearchAction","target":{"@type":"EntryPoint","urlTemplate":"https:\/\/terrasse-mobile.net\/?s={search_term_string}"},"query-input":{"@type":"PropertyValueSpecification","valueRequired":true,"valueName":"search_term_string"}}],"inLanguage":"de"},{"@type":"Organization","@id":"https:\/\/terrasse-mobile.net\/#organization","name":"Slidedeck","url":"https:\/\/terrasse-mobile.net\/","logo":{"@type":"ImageObject","inLanguage":"de","@id":"https:\/\/terrasse-mobile.net\/#\/schema\/logo\/image\/","url":"https:\/\/terrasse-mobile.net\/wp-content\/uploads\/2024\/01\/logo-slidedeck.jpg","contentUrl":"https:\/\/terrasse-mobile.net\/wp-content\/uploads\/2024\/01\/logo-slidedeck.jpg","width":2000,"height":1103,"caption":"Slidedeck"},"image":{"@id":"https:\/\/terrasse-mobile.net\/#\/schema\/logo\/image\/"}}]}},"_links":{"self":[{"href":"https:\/\/terrasse-mobile.net\/de\/wp-json\/wp\/v2\/pages\/5566","targetHints":{"allow":["GET"]}}],"collection":[{"href":"https:\/\/terrasse-mobile.net\/de\/wp-json\/wp\/v2\/pages"}],"about":[{"href":"https:\/\/terrasse-mobile.net\/de\/wp-json\/wp\/v2\/types\/page"}],"author":[{"embeddable":true,"href":"https:\/\/terrasse-mobile.net\/de\/wp-json\/wp\/v2\/users\/1"}],"replies":[{"embeddable":true,"href":"https:\/\/terrasse-mobile.net\/de\/wp-json\/wp\/v2\/comments?post=5566"}],"version-history":[{"count":5,"href":"https:\/\/terrasse-mobile.net\/de\/wp-json\/wp\/v2\/pages\/5566\/revisions"}],"predecessor-version":[{"id":7264,"href":"https:\/\/terrasse-mobile.net\/de\/wp-json\/wp\/v2\/pages\/5566\/revisions\/7264"}],"up":[{"embeddable":true,"href":"https:\/\/terrasse-mobile.net\/de\/wp-json\/wp\/v2\/pages\/5631"}],"wp:featuredmedia":[{"embeddable":true,"href":"https:\/\/terrasse-mobile.net\/de\/wp-json\/wp\/v2\/media\/3637"}],"wp:attachment":[{"href":"https:\/\/terrasse-mobile.net\/de\/wp-json\/wp\/v2\/media?parent=5566"}],"wp:term":[{"taxonomy":"folder","embeddable":true,"href":"https:\/\/terrasse-mobile.net\/de\/wp-json\/wp\/v2\/folder?post=5566"}],"curies":[{"name":"wp","href":"https:\/\/api.w.org\/{rel}","templated":true}]}}