{"id":5592,"date":"2024-10-02T14:45:32","date_gmt":"2024-10-02T12:45:32","guid":{"rendered":"https:\/\/terrasse-mobile.net\/?page_id=5592"},"modified":"2025-11-25T15:43:36","modified_gmt":"2025-11-25T14:43:36","slug":"mobile-terrasse-als-bausatz-fur-ein-schwimmbad","status":"publish","type":"page","link":"https:\/\/terrasse-mobile.net\/de\/slidedeck\/installation-entretien\/terrasse-mobile-en-kit-pour-piscine\/","title":{"rendered":"DIE MOBILE POOLTERRASSE, DIE ALS BAUSATZ GELIEFERT UND VON IHNEN AUFGESTELLT WIRD"},"content":{"rendered":"<div class=\"wp-block-group\"><div class=\"wp-block-group__inner-container is-layout-constrained wp-block-group-is-layout-constrained\">\n<div class=\"wp-block-columns is-layout-flex wp-container-core-columns-is-layout-9d6595d7 wp-block-columns-is-layout-flex\">\n<div class=\"wp-block-column is-layout-flow wp-block-column-is-layout-flow\">\n<figure class=\"wp-block-image size-full\"><img decoding=\"async\" width=\"599\" height=\"397\" src=\"https:\/\/terrasse-mobile.net\/wp-content\/uploads\/2024\/08\/REA-BERTAGNE-FINAL-09.jpg\" alt=\"Swimmingpool mit beweglicher Terrasse\" class=\"wp-image-5157\" style=\"aspect-ratio:3\/2;object-fit:cover\" srcset=\"https:\/\/terrasse-mobile.net\/wp-content\/uploads\/2024\/08\/REA-BERTAGNE-FINAL-09.jpg 599w, https:\/\/terrasse-mobile.net\/wp-content\/uploads\/2024\/08\/REA-BERTAGNE-FINAL-09-300x199.jpg 300w\" sizes=\"(max-width: 599px) 100vw, 599px\" \/><\/figure>\n<\/div>\n\n\n\n<div class=\"wp-block-column is-layout-flow wp-block-column-is-layout-flow\">\n<h2 class=\"wp-block-heading\">Aufbau Ihrer mobilen Terrasse<\/h2>\n\n\n\n<p>Wenn Sie handwerklich begabt sind, ist der Aufbau Ihrer mobilen Terrasse f\u00fcr Sie machbar. Wir haben ein Bausystem entwickelt, das in unseren Werkst\u00e4tten vollst\u00e4ndig vorgefertigt wurde.&nbsp;<\/p>\n\n\n\n<p>Wir liefern Ihnen einen kompletten, montagefertigen Bausatz, der den gesamten Strukturteil bereits vormontiert enth\u00e4lt, mit allen notwendigen Befestigungen und Schrauben; und die Montageanleitung.  Ein Beispiel: Eine 5 x 3 Meter gro\u00dfe mobile Terrasse kann von Ihnen in etwa einem halben Tag aufgebaut werden. Beachten Sie jedoch, dass es besser ist, wenn Sie zu zweit sind, um die mobile Terrasse aufzubauen.<\/p>\n\n\n\n<p>Um die mobile Terrasse zu installieren, ben\u00f6tigen Sie nur wenige Werkzeuge: Akkuschrauber, Bohrmaschine, ein paar Flach- oder Rohrschl\u00fcssel f\u00fcr Schrauben und Muttern sowie einige Mess- und Anrei\u00dfwerkzeuge.<\/p>\n<\/div>\n<\/div>\n<\/div><\/div>\n\n\n\n<div class=\"wp-block-group\"><div class=\"wp-block-group__inner-container is-layout-constrained wp-block-group-is-layout-constrained\">\n<div class=\"wp-block-columns is-layout-flex wp-container-core-columns-is-layout-9d6595d7 wp-block-columns-is-layout-flex\">\n<div class=\"wp-block-column is-layout-flow wp-block-column-is-layout-flow\">\n<h2 class=\"wp-block-heading\">\u00dcberwachung der Installation der mobilen Terrasse <br>f\u00fcr den Pool<\/h2>\n\n\n\n<p>Wir k\u00f6nnen im Bausatz auch die Terrassendielen mitliefern, die wir in unserem Katalog anbieten (Terrassendielen aus Tropenholz, Verbundholz, Aluminium usw.).<\/p>\n\n\n\n<p>Wenn Sie Ihre Terrassendielen bereits haben oder einen Lieferanten in Ihrer N\u00e4he haben, steht es Ihnen nat\u00fcrlich v\u00f6llig frei, den Belag Ihrer Wahl zu w\u00e4hlen.<\/p>\n\n\n\n<p>In jedem Fall bieten wir Ihnen w\u00e4hrend des Aufbaus st\u00e4ndige technische Unterst\u00fctzung. Wenn Sie die mobile Terrasse an einem Wochenende aufbauen m\u00fcssen, sollten Sie uns vorher Bescheid geben, damit einer unserer Mitarbeiter verf\u00fcgbar ist und Ihre Anrufe entgegennehmen kann.<\/p>\n\n\n\n<p class=\"has-text-align-left\">Eine mobile Terrasse, die nach unseren Empfehlungen installiert wird, hat die gleiche Lebensdauer und mechanische Widerstandsf\u00e4higkeit, wie wenn sie von den Teams von Piscine Nature installiert worden w\u00e4re.<\/p>\n<\/div>\n\n\n\n<div class=\"wp-block-column is-layout-flow wp-block-column-is-layout-flow\">\n<figure class=\"wp-block-image size-full\"><img decoding=\"async\" width=\"700\" height=\"464\" src=\"https:\/\/terrasse-mobile.net\/wp-content\/uploads\/2024\/01\/rea-montain00003-4.jpg\" alt=\"mobile Terrasse\" class=\"wp-image-2024\" style=\"aspect-ratio:3\/2;object-fit:cover\" srcset=\"https:\/\/terrasse-mobile.net\/wp-content\/uploads\/2024\/01\/rea-montain00003-4.jpg 700w, https:\/\/terrasse-mobile.net\/wp-content\/uploads\/2024\/01\/rea-montain00003-4-300x199.jpg 300w\" sizes=\"(max-width: 700px) 100vw, 700px\" \/><\/figure>\n\n\n\n<div class=\"wp-block-buttons is-content-justification-center is-layout-flex wp-container-core-buttons-is-layout-16018d1d wp-block-buttons-is-layout-flex\">\n<div class=\"wp-block-button has-custom-width wp-block-button__width-75 is-style-outline is-style-outline--1\"><a class=\"wp-block-button__link has-text-align-center has-custom-font-size wp-element-button\" href=\"https:\/\/terrasse-mobile.net\/de\/mobile-terrasse-nach-mas\/optionen\/die-montage-ihrer-mobilen-terrasse\/\" style=\"font-size:17px\">Wie baut man seine mobile Terrasse auf?<\/a><\/div>\n<\/div>\n<\/div>\n<\/div>\n\n\n\n<h2 class=\"wp-block-heading\"><\/h2>\n<\/div><\/div>","protected":false},"excerpt":{"rendered":"<p>Installation de votre terrasse mobile Si vous \u00eates bricoleurs, l&rsquo;installation de votre terrasse mobile est \u00e0 votre port\u00e9e. Nous avons con\u00e7u un syst\u00e8me de construction enti\u00e8rement pr\u00e9usin\u00e9 dans nos ateliers.&nbsp; Nous vous fournissons un kit complet pr\u00eat \u00e0 poser, comprenant toute la partie structure d\u00e9j\u00e0 pr\u00e9assembl\u00e9e, avec toutes les fixations et vis n\u00e9cessaires ; et&#8230;<\/p>","protected":false},"author":1,"featured_media":3640,"parent":5585,"menu_order":17,"comment_status":"closed","ping_status":"closed","template":"","meta":{"_kad_post_transparent":"","_kad_post_title":"","_kad_post_layout":"","_kad_post_sidebar_id":"","_kad_post_content_style":"","_kad_post_vertical_padding":"","_kad_post_feature":"","_kad_post_feature_position":"","_kad_post_header":false,"_kad_post_footer":false,"_kad_post_classname":"","footnotes":""},"folder":[],"class_list":["post-5592","page","type-page","status-publish","has-post-thumbnail","hentry"],"yoast_head":"<!-- This site is optimized with the Yoast SEO plugin v27.4 - https:\/\/yoast.com\/product\/yoast-seo-wordpress\/ -->\n<title>Terrasse mobile en kit SlideDeck pour piscine<\/title>\n<meta name=\"description\" content=\"SlideDeck peut vous fournir la terrasse mobile pour piscine en kit. Il vous suffira de suivre le guide de mise en oeuvre pour l&#039;installer.\" \/>\n<meta name=\"robots\" content=\"index, follow, max-snippet:-1, max-image-preview:large, max-video-preview:-1\" \/>\n<link rel=\"canonical\" href=\"https:\/\/terrasse-mobile.net\/de\/slidedeck\/installation-wartung\/mobile-terrasse-als-bausatz-fur-ein-schwimmbad\/\" \/>\n<meta property=\"og:locale\" content=\"de_DE\" \/>\n<meta property=\"og:type\" content=\"article\" \/>\n<meta property=\"og:title\" content=\"Terrasse mobile en kit SlideDeck pour piscine\" \/>\n<meta property=\"og:description\" content=\"SlideDeck peut vous fournir la terrasse mobile pour piscine en kit. Il vous suffira de suivre le guide de mise en oeuvre pour l&#039;installer.\" \/>\n<meta property=\"og:url\" content=\"https:\/\/terrasse-mobile.net\/de\/slidedeck\/installation-wartung\/mobile-terrasse-als-bausatz-fur-ein-schwimmbad\/\" \/>\n<meta property=\"og:site_name\" content=\"Terrasse mobile\" \/>\n<meta property=\"article:modified_time\" content=\"2025-11-25T14:43:36+00:00\" \/>\n<meta property=\"og:image\" content=\"https:\/\/terrasse-mobile.net\/wp-content\/uploads\/2024\/02\/REAL-SABOURAULT-PISCINE-2.jpg\" \/>\n\t<meta property=\"og:image:width\" content=\"2000\" \/>\n\t<meta property=\"og:image:height\" content=\"1500\" \/>\n\t<meta property=\"og:image:type\" content=\"image\/jpeg\" \/>\n<meta name=\"twitter:card\" content=\"summary_large_image\" \/>\n<meta name=\"twitter:label1\" content=\"Gesch\u00e4tzte Lesezeit\" \/>\n\t<meta name=\"twitter:data1\" content=\"3\u00a0Minuten\" \/>\n<script type=\"application\/ld+json\" class=\"yoast-schema-graph\">{\"@context\":\"https:\\\/\\\/schema.org\",\"@graph\":[{\"@type\":\"WebPage\",\"@id\":\"https:\\\/\\\/terrasse-mobile.net\\\/slidedeck\\\/installation-entretien\\\/terrasse-mobile-en-kit-pour-piscine\\\/\",\"url\":\"https:\\\/\\\/terrasse-mobile.net\\\/slidedeck\\\/installation-entretien\\\/terrasse-mobile-en-kit-pour-piscine\\\/\",\"name\":\"Terrasse mobile en kit SlideDeck pour piscine\",\"isPartOf\":{\"@id\":\"https:\\\/\\\/terrasse-mobile.net\\\/#website\"},\"primaryImageOfPage\":{\"@id\":\"https:\\\/\\\/terrasse-mobile.net\\\/slidedeck\\\/installation-entretien\\\/terrasse-mobile-en-kit-pour-piscine\\\/#primaryimage\"},\"image\":{\"@id\":\"https:\\\/\\\/terrasse-mobile.net\\\/slidedeck\\\/installation-entretien\\\/terrasse-mobile-en-kit-pour-piscine\\\/#primaryimage\"},\"thumbnailUrl\":\"https:\\\/\\\/terrasse-mobile.net\\\/wp-content\\\/uploads\\\/2024\\\/02\\\/REAL-SABOURAULT-PISCINE-2.jpg\",\"datePublished\":\"2024-10-02T12:45:32+00:00\",\"dateModified\":\"2025-11-25T14:43:36+00:00\",\"description\":\"SlideDeck peut vous fournir la terrasse mobile pour piscine en kit. Il vous suffira de suivre le guide de mise en oeuvre pour l'installer.\",\"breadcrumb\":{\"@id\":\"https:\\\/\\\/terrasse-mobile.net\\\/slidedeck\\\/installation-entretien\\\/terrasse-mobile-en-kit-pour-piscine\\\/#breadcrumb\"},\"inLanguage\":\"de\",\"potentialAction\":[{\"@type\":\"ReadAction\",\"target\":[\"https:\\\/\\\/terrasse-mobile.net\\\/slidedeck\\\/installation-entretien\\\/terrasse-mobile-en-kit-pour-piscine\\\/\"]}]},{\"@type\":\"ImageObject\",\"inLanguage\":\"de\",\"@id\":\"https:\\\/\\\/terrasse-mobile.net\\\/slidedeck\\\/installation-entretien\\\/terrasse-mobile-en-kit-pour-piscine\\\/#primaryimage\",\"url\":\"https:\\\/\\\/terrasse-mobile.net\\\/wp-content\\\/uploads\\\/2024\\\/02\\\/REAL-SABOURAULT-PISCINE-2.jpg\",\"contentUrl\":\"https:\\\/\\\/terrasse-mobile.net\\\/wp-content\\\/uploads\\\/2024\\\/02\\\/REAL-SABOURAULT-PISCINE-2.jpg\",\"width\":2000,\"height\":1500,\"caption\":\"DCIM100MEDIADJI_0365.JPG\"},{\"@type\":\"BreadcrumbList\",\"@id\":\"https:\\\/\\\/terrasse-mobile.net\\\/slidedeck\\\/installation-entretien\\\/terrasse-mobile-en-kit-pour-piscine\\\/#breadcrumb\",\"itemListElement\":[{\"@type\":\"ListItem\",\"position\":1,\"name\":\"Accueil\",\"item\":\"https:\\\/\\\/terrasse-mobile.net\\\/\"},{\"@type\":\"ListItem\",\"position\":2,\"name\":\"SLIDEDECK\",\"item\":\"https:\\\/\\\/terrasse-mobile.net\\\/slidedeck\\\/\"},{\"@type\":\"ListItem\",\"position\":3,\"name\":\"INSTALLATION DE LA TERRASSE MOBILE SLIDEDECK\",\"item\":\"https:\\\/\\\/terrasse-mobile.net\\\/slidedeck\\\/installation-entretien\\\/\"},{\"@type\":\"ListItem\",\"position\":4,\"name\":\"LA TERRASSE MOBILE POUR PISCINE FOURNIE EN KIT ET INSTALL\u00c9E PAR VOS SOINS\"}]},{\"@type\":\"WebSite\",\"@id\":\"https:\\\/\\\/terrasse-mobile.net\\\/#website\",\"url\":\"https:\\\/\\\/terrasse-mobile.net\\\/\",\"name\":\"Slidedeck\",\"description\":\"Construction sur mesure de terrasses mobiles en \u00cele-de-France\",\"publisher\":{\"@id\":\"https:\\\/\\\/terrasse-mobile.net\\\/#organization\"},\"potentialAction\":[{\"@type\":\"SearchAction\",\"target\":{\"@type\":\"EntryPoint\",\"urlTemplate\":\"https:\\\/\\\/terrasse-mobile.net\\\/?s={search_term_string}\"},\"query-input\":{\"@type\":\"PropertyValueSpecification\",\"valueRequired\":true,\"valueName\":\"search_term_string\"}}],\"inLanguage\":\"de\"},{\"@type\":\"Organization\",\"@id\":\"https:\\\/\\\/terrasse-mobile.net\\\/#organization\",\"name\":\"Slidedeck\",\"url\":\"https:\\\/\\\/terrasse-mobile.net\\\/\",\"logo\":{\"@type\":\"ImageObject\",\"inLanguage\":\"de\",\"@id\":\"https:\\\/\\\/terrasse-mobile.net\\\/#\\\/schema\\\/logo\\\/image\\\/\",\"url\":\"https:\\\/\\\/terrasse-mobile.net\\\/wp-content\\\/uploads\\\/2024\\\/01\\\/logo-slidedeck.jpg\",\"contentUrl\":\"https:\\\/\\\/terrasse-mobile.net\\\/wp-content\\\/uploads\\\/2024\\\/01\\\/logo-slidedeck.jpg\",\"width\":2000,\"height\":1103,\"caption\":\"Slidedeck\"},\"image\":{\"@id\":\"https:\\\/\\\/terrasse-mobile.net\\\/#\\\/schema\\\/logo\\\/image\\\/\"}}]}<\/script>\n<!-- \/ Yoast SEO plugin. -->","yoast_head_json":{"title":"Mobiler Terrassenbausatz SlideDeck f\u00fcr den Pool","description":"SlideDeck kann Ihnen die mobile Poolterrasse als Bausatz liefern. Sie m\u00fcssen nur der Anleitung folgen, um sie zu installieren.","robots":{"index":"index","follow":"follow","max-snippet":"max-snippet:-1","max-image-preview":"max-image-preview:large","max-video-preview":"max-video-preview:-1"},"canonical":"https:\/\/terrasse-mobile.net\/de\/slidedeck\/installation-wartung\/mobile-terrasse-als-bausatz-fur-ein-schwimmbad\/","og_locale":"de_DE","og_type":"article","og_title":"Terrasse mobile en kit SlideDeck pour piscine","og_description":"SlideDeck peut vous fournir la terrasse mobile pour piscine en kit. Il vous suffira de suivre le guide de mise en oeuvre pour l'installer.","og_url":"https:\/\/terrasse-mobile.net\/de\/slidedeck\/installation-wartung\/mobile-terrasse-als-bausatz-fur-ein-schwimmbad\/","og_site_name":"Terrasse mobile","article_modified_time":"2025-11-25T14:43:36+00:00","og_image":[{"width":2000,"height":1500,"url":"https:\/\/terrasse-mobile.net\/wp-content\/uploads\/2024\/02\/REAL-SABOURAULT-PISCINE-2.jpg","type":"image\/jpeg"}],"twitter_card":"summary_large_image","twitter_misc":{"Gesch\u00e4tzte Lesezeit":"3\u00a0Minuten"},"schema":{"@context":"https:\/\/schema.org","@graph":[{"@type":"WebPage","@id":"https:\/\/terrasse-mobile.net\/slidedeck\/installation-entretien\/terrasse-mobile-en-kit-pour-piscine\/","url":"https:\/\/terrasse-mobile.net\/slidedeck\/installation-entretien\/terrasse-mobile-en-kit-pour-piscine\/","name":"Mobiler Terrassenbausatz SlideDeck f\u00fcr den Pool","isPartOf":{"@id":"https:\/\/terrasse-mobile.net\/#website"},"primaryImageOfPage":{"@id":"https:\/\/terrasse-mobile.net\/slidedeck\/installation-entretien\/terrasse-mobile-en-kit-pour-piscine\/#primaryimage"},"image":{"@id":"https:\/\/terrasse-mobile.net\/slidedeck\/installation-entretien\/terrasse-mobile-en-kit-pour-piscine\/#primaryimage"},"thumbnailUrl":"https:\/\/terrasse-mobile.net\/wp-content\/uploads\/2024\/02\/REAL-SABOURAULT-PISCINE-2.jpg","datePublished":"2024-10-02T12:45:32+00:00","dateModified":"2025-11-25T14:43:36+00:00","description":"SlideDeck kann Ihnen die mobile Poolterrasse als Bausatz liefern. Sie m\u00fcssen nur der Anleitung folgen, um sie zu installieren.","breadcrumb":{"@id":"https:\/\/terrasse-mobile.net\/slidedeck\/installation-entretien\/terrasse-mobile-en-kit-pour-piscine\/#breadcrumb"},"inLanguage":"de","potentialAction":[{"@type":"ReadAction","target":["https:\/\/terrasse-mobile.net\/slidedeck\/installation-entretien\/terrasse-mobile-en-kit-pour-piscine\/"]}]},{"@type":"ImageObject","inLanguage":"de","@id":"https:\/\/terrasse-mobile.net\/slidedeck\/installation-entretien\/terrasse-mobile-en-kit-pour-piscine\/#primaryimage","url":"https:\/\/terrasse-mobile.net\/wp-content\/uploads\/2024\/02\/REAL-SABOURAULT-PISCINE-2.jpg","contentUrl":"https:\/\/terrasse-mobile.net\/wp-content\/uploads\/2024\/02\/REAL-SABOURAULT-PISCINE-2.jpg","width":2000,"height":1500,"caption":"DCIM100MEDIADJI_0365.JPG"},{"@type":"BreadcrumbList","@id":"https:\/\/terrasse-mobile.net\/slidedeck\/installation-entretien\/terrasse-mobile-en-kit-pour-piscine\/#breadcrumb","itemListElement":[{"@type":"ListItem","position":1,"name":"Accueil","item":"https:\/\/terrasse-mobile.net\/"},{"@type":"ListItem","position":2,"name":"SLIDEDECK","item":"https:\/\/terrasse-mobile.net\/slidedeck\/"},{"@type":"ListItem","position":3,"name":"INSTALLATION DE LA TERRASSE MOBILE SLIDEDECK","item":"https:\/\/terrasse-mobile.net\/slidedeck\/installation-entretien\/"},{"@type":"ListItem","position":4,"name":"LA TERRASSE MOBILE POUR PISCINE FOURNIE EN KIT ET INSTALL\u00c9E PAR VOS SOINS"}]},{"@type":"WebSite","@id":"https:\/\/terrasse-mobile.net\/#website","url":"https:\/\/terrasse-mobile.net\/","name":"Slidedeck","description":"Ma\u00dfgeschneiderte Konstruktion von mobilen Terrassen in der \u00cele-de-France","publisher":{"@id":"https:\/\/terrasse-mobile.net\/#organization"},"potentialAction":[{"@type":"SearchAction","target":{"@type":"EntryPoint","urlTemplate":"https:\/\/terrasse-mobile.net\/?s={search_term_string}"},"query-input":{"@type":"PropertyValueSpecification","valueRequired":true,"valueName":"search_term_string"}}],"inLanguage":"de"},{"@type":"Organization","@id":"https:\/\/terrasse-mobile.net\/#organization","name":"Slidedeck","url":"https:\/\/terrasse-mobile.net\/","logo":{"@type":"ImageObject","inLanguage":"de","@id":"https:\/\/terrasse-mobile.net\/#\/schema\/logo\/image\/","url":"https:\/\/terrasse-mobile.net\/wp-content\/uploads\/2024\/01\/logo-slidedeck.jpg","contentUrl":"https:\/\/terrasse-mobile.net\/wp-content\/uploads\/2024\/01\/logo-slidedeck.jpg","width":2000,"height":1103,"caption":"Slidedeck"},"image":{"@id":"https:\/\/terrasse-mobile.net\/#\/schema\/logo\/image\/"}}]}},"_links":{"self":[{"href":"https:\/\/terrasse-mobile.net\/de\/wp-json\/wp\/v2\/pages\/5592","targetHints":{"allow":["GET"]}}],"collection":[{"href":"https:\/\/terrasse-mobile.net\/de\/wp-json\/wp\/v2\/pages"}],"about":[{"href":"https:\/\/terrasse-mobile.net\/de\/wp-json\/wp\/v2\/types\/page"}],"author":[{"embeddable":true,"href":"https:\/\/terrasse-mobile.net\/de\/wp-json\/wp\/v2\/users\/1"}],"replies":[{"embeddable":true,"href":"https:\/\/terrasse-mobile.net\/de\/wp-json\/wp\/v2\/comments?post=5592"}],"version-history":[{"count":9,"href":"https:\/\/terrasse-mobile.net\/de\/wp-json\/wp\/v2\/pages\/5592\/revisions"}],"predecessor-version":[{"id":7276,"href":"https:\/\/terrasse-mobile.net\/de\/wp-json\/wp\/v2\/pages\/5592\/revisions\/7276"}],"up":[{"embeddable":true,"href":"https:\/\/terrasse-mobile.net\/de\/wp-json\/wp\/v2\/pages\/5585"}],"wp:featuredmedia":[{"embeddable":true,"href":"https:\/\/terrasse-mobile.net\/de\/wp-json\/wp\/v2\/media\/3640"}],"wp:attachment":[{"href":"https:\/\/terrasse-mobile.net\/de\/wp-json\/wp\/v2\/media?parent=5592"}],"wp:term":[{"taxonomy":"folder","embeddable":true,"href":"https:\/\/terrasse-mobile.net\/de\/wp-json\/wp\/v2\/folder?post=5592"}],"curies":[{"name":"wp","href":"https:\/\/api.w.org\/{rel}","templated":true}]}}