{"id":5599,"date":"2024-10-02T14:45:20","date_gmt":"2024-10-02T12:45:20","guid":{"rendered":"https:\/\/terrasse-mobile.net\/?page_id=5599"},"modified":"2025-10-08T14:35:43","modified_gmt":"2025-10-08T12:35:43","slug":"wie-baut-man-eine-mobile-terrasse-fur-einen-swimmingpool","status":"publish","type":"page","link":"https:\/\/terrasse-mobile.net\/de\/slidedeck\/installation-entretien\/comment-construire-terrasse-mobile-piscine\/","title":{"rendered":"VORAUSSETZUNGEN F\u00dcR DIE INSTALLATION IHRER SLIDEDECK-SCHIEBETERRASSE"},"content":{"rendered":"<p>Die Einrichtung einer mobilen Terrasse f\u00fcr einen Pool \u2013 oder f\u00fcr einen Whirlpool \u2013 ist an sich nicht kompliziert, erfordert jedoch ein wenig Vorbereitung, um eine optimale Integration in den Garten zu gew\u00e4hrleisten.<\/p>\n\n\n\n<div class=\"wp-block-group\"><div class=\"wp-block-group__inner-container is-layout-constrained wp-block-group-is-layout-constrained\">\n<div class=\"wp-block-columns is-layout-flex wp-container-core-columns-is-layout-9d6595d7 wp-block-columns-is-layout-flex\">\n<div class=\"wp-block-column is-layout-flow wp-block-column-is-layout-flow\">\n<h2 class=\"wp-block-heading\">Ausreichend Platz ist erforderlich<\/h2>\n\n\n\n<p>Es ist unbedingt erforderlich, dass ausreichend Platz vorhanden ist, damit sich die mobile Terrasse SlideDeck reibungslos bewegen kann. Idealerweise sollte die Fl\u00e4che neben dem Pool der Gr\u00f6\u00dfe Ihres Pools entsprechen.<\/p>\n\n\n\n<h2 class=\"wp-block-heading\">Installation einer mobilen Terrasse SlideDeck <br>auf einem absch\u00fcssigen Gel\u00e4nde?<\/h2>\n\n\n\n<p>Der verf\u00fcgbare Platz muss sich auf derselben Ebene wie der Pool befinden, ohne H\u00f6henunterschiede. Bei geneigtem Gel\u00e4nde m\u00fcssen Stahlbetonbalken als Laufbahnen angelegt werden, auf denen Ihre mobile Terrasse fahren kann.&nbsp;<\/p>\n<\/div>\n\n\n\n<div class=\"wp-block-column is-layout-flow wp-block-column-is-layout-flow\">\n<figure class=\"wp-block-image size-full\"><img decoding=\"async\" width=\"700\" height=\"464\" src=\"https:\/\/terrasse-mobile.net\/wp-content\/uploads\/2024\/01\/REAL-SABOURAULT-STRUCTUREjpg.jpg\" alt=\"Basis unterhalb beweglicher Terrase\" class=\"wp-image-2180\" style=\"aspect-ratio:3\/2;object-fit:cover\" srcset=\"https:\/\/terrasse-mobile.net\/wp-content\/uploads\/2024\/01\/REAL-SABOURAULT-STRUCTUREjpg.jpg 700w, https:\/\/terrasse-mobile.net\/wp-content\/uploads\/2024\/01\/REAL-SABOURAULT-STRUCTUREjpg-300x199.jpg 300w\" sizes=\"(max-width: 700px) 100vw, 700px\" \/><\/figure>\n<\/div>\n<\/div>\n<\/div><\/div>\n\n\n\n<h2 class=\"wp-block-heading has-text-align-center\">Sind rund um den Pool Randsteine vorhanden?<\/h2>\n\n\n\n<p class=\"has-text-align-center\">Wenn Sie Randsteine aus Kunststein oder Pflastersteinen haben, m\u00fcssen diese Angaben f\u00fcr eine perfekte Passform m\u00f6glichst genau gemacht werden. Wenn Sie geneigte Randsteine aus Kunststein haben, ist es wahrscheinlich besser, die Laufbahn \u00fcber diese Randsteine hinaus zu verlegen.<\/p>\n\n\n\n<div class=\"wp-block-group\"><div class=\"wp-block-group__inner-container is-layout-constrained wp-block-group-is-layout-constrained\">\n<div class=\"wp-block-columns is-layout-flex wp-container-core-columns-is-layout-9d6595d7 wp-block-columns-is-layout-flex\">\n<div class=\"wp-block-column is-layout-flow wp-block-column-is-layout-flow\">\n<figure class=\"wp-block-image size-full\"><img decoding=\"async\" width=\"765\" height=\"507\" src=\"https:\/\/terrasse-mobile.net\/wp-content\/uploads\/2024\/01\/DSC_0606-1.jpg\" alt=\"Sch\u00f6ne mobile Terrasse in der Region \u00cele-de-France\" class=\"wp-image-2162\" style=\"aspect-ratio:3\/2;object-fit:cover\" srcset=\"https:\/\/terrasse-mobile.net\/wp-content\/uploads\/2024\/01\/DSC_0606-1.jpg 765w, https:\/\/terrasse-mobile.net\/wp-content\/uploads\/2024\/01\/DSC_0606-1-300x199.jpg 300w\" sizes=\"(max-width: 765px) 100vw, 765px\" \/><\/figure>\n<\/div>\n\n\n\n<div class=\"wp-block-column is-layout-flow wp-block-column-is-layout-flow\">\n<h2 class=\"wp-block-heading\">Eine mobile Terrasse f\u00fcr welche Art von Pool?<\/h2>\n\n\n\n<p>Die mobile Terrasse SlideDeck passt sich an alle Arten von Schwimmb\u00e4dern an. In der Regel eignet sich die mobile Terrasse besonders f\u00fcr kleine und mittelgro\u00dfe Schwimmb\u00e4der. F\u00fcr gro\u00dfe Schwimmbecken vom Typ Schwimmbahn k\u00f6nnen wir Ihnen eine mobile Terrasse anbieten, die sich in L\u00e4ngsrichtung verschieben l\u00e4sst, was einen gro\u00dfen Platzbedarf an der Seite des Schwimmbeckens erfordert, oder unsere spezielle Terrasse f\u00fcr gro\u00dfe Schwimmbecken. Bitte sprechen Sie uns diesbez\u00fcglich an.&nbsp;<\/p>\n\n\n\n<h2 class=\"wp-block-heading\">Denken Sie bei einer Poolrenovierung an eine mobile Terrasse!<\/h2>\n\n\n\n<p>Die Integration einer mobilen Terrasse bei einer Poolrenovierung kann besonders sinnvoll sein. Eine Renovierung bietet die M\u00f6glichkeit, den Bereich rund um das Becken saisonal komplett neu zu gestalten, sodass eine mobile Terrasse in diesem Zusammenhang eine clevere Erg\u00e4nzung darstellt.<\/p>\n<\/div>\n<\/div>\n<\/div><\/div>\n\n\n\n<h2 class=\"wp-block-heading has-text-align-center\">Bez\u00fcglich der Motorisierung des SlideDeck<\/h2>\n\n\n\n<p class=\"has-text-align-center\">Die mobile Terrasse SlideDeck wird je nach den Vorlieben und Bed\u00fcrfnissen unserer Kunden mit oder ohne Motorisierung angeboten.<\/p>\n\n\n\n<p class=\"has-text-align-center\">Bei den kleinen mobilen Terrassen der TERRA-Reihe k\u00f6nnen Sie ganz auf Motoren verzichten. Diese mobilen Terrassen sind relativ leicht und lassen sich daher ganz einfach mit der Hand oder dem Fu\u00df verschieben. Bei den mobilen Terrassen der ATLAS-Reihe empfehlen wir Ihnen dringend eine Motorisierung, da diese mobilen Terrassen schwerer sind und zum Verschieben mehr Kraftaufwand erfordern. Unsere Motoren sind ferngesteuert und werden von einer autonomen Batterie gespeist, die \u00fcber eine in den Motor integrierte Photovoltaikzelle aufgeladen wird. Es ist also keine Stromversorgung in der N\u00e4he des Beckens erforderlich.<\/p>\n\n\n\n<div class=\"wp-block-buttons is-content-justification-center is-layout-flex wp-container-core-buttons-is-layout-16018d1d wp-block-buttons-is-layout-flex\">\n<div class=\"wp-block-button has-custom-font-size is-style-outline is-style-outline--1\" style=\"font-size:14px\"><a class=\"wp-block-button__link has-text-align-center wp-element-button\" href=\"https:\/\/terrasse-mobile.net\/de\/mobile-terrasse-nach-mas\/beschichtungen\/\">ENTDECKEN SIE DIE MOBILEN TERRASSENBEL\u00c4GE SLIDEDECK<\/a><\/div>\n<\/div>","protected":false},"excerpt":{"rendered":"<p>La mise en place d&rsquo;une terrasse mobile pour une piscine &#8211; ou pour un spa &#8211; n&rsquo;est pas compliqu\u00e9e en tant que telle, mais n\u00e9cessite un peu de pr\u00e9paration afin d&rsquo;assurer une int\u00e9gration optimale au jardin. Avoir un espace suffisant est n\u00e9cessaire Il est imp\u00e9ratif de disposer d&rsquo;un espace suffisant pour permettre le d\u00e9placement fluide&#8230;<\/p>","protected":false},"author":1,"featured_media":3640,"parent":5585,"menu_order":18,"comment_status":"closed","ping_status":"closed","template":"","meta":{"_kad_post_transparent":"","_kad_post_title":"","_kad_post_layout":"","_kad_post_sidebar_id":"","_kad_post_content_style":"","_kad_post_vertical_padding":"","_kad_post_feature":"","_kad_post_feature_position":"","_kad_post_header":false,"_kad_post_footer":false,"_kad_post_classname":"","footnotes":""},"folder":[],"class_list":["post-5599","page","type-page","status-publish","has-post-thumbnail","hentry"],"yoast_head":"<!-- This site is optimized with the Yoast SEO plugin v27.4 - https:\/\/yoast.com\/product\/yoast-seo-wordpress\/ -->\n<title>Comment construire une terrasse mobile pour piscine ?<\/title>\n<meta name=\"description\" content=\"Pour installer une terrasse mobile au-dessus de sa piscine, plusieurs pr\u00e9requis sont n\u00e9cessaires, comme, par exemple, l&#039;espace disponible.\" \/>\n<meta name=\"robots\" content=\"index, follow, max-snippet:-1, max-image-preview:large, max-video-preview:-1\" \/>\n<link rel=\"canonical\" href=\"https:\/\/terrasse-mobile.net\/de\/slidedeck\/installation-wartung\/wie-baut-man-eine-mobile-terrasse-fur-einen-swimmingpool\/\" \/>\n<meta property=\"og:locale\" content=\"de_DE\" \/>\n<meta property=\"og:type\" content=\"article\" \/>\n<meta property=\"og:title\" content=\"Comment construire une terrasse mobile pour piscine ?\" \/>\n<meta property=\"og:description\" content=\"Pour installer une terrasse mobile au-dessus de sa piscine, plusieurs pr\u00e9requis sont n\u00e9cessaires, comme, par exemple, l&#039;espace disponible.\" \/>\n<meta property=\"og:url\" content=\"https:\/\/terrasse-mobile.net\/de\/slidedeck\/installation-wartung\/wie-baut-man-eine-mobile-terrasse-fur-einen-swimmingpool\/\" \/>\n<meta property=\"og:site_name\" content=\"Terrasse mobile\" \/>\n<meta property=\"article:modified_time\" content=\"2025-10-08T12:35:43+00:00\" \/>\n<meta property=\"og:image\" content=\"https:\/\/terrasse-mobile.net\/wp-content\/uploads\/2024\/02\/REAL-SABOURAULT-PISCINE-2.jpg\" \/>\n\t<meta property=\"og:image:width\" content=\"2000\" \/>\n\t<meta property=\"og:image:height\" content=\"1500\" \/>\n\t<meta property=\"og:image:type\" content=\"image\/jpeg\" \/>\n<meta name=\"twitter:card\" content=\"summary_large_image\" \/>\n<meta name=\"twitter:label1\" content=\"Gesch\u00e4tzte Lesezeit\" \/>\n\t<meta name=\"twitter:data1\" content=\"3\u00a0Minuten\" \/>\n<script type=\"application\/ld+json\" class=\"yoast-schema-graph\">{\"@context\":\"https:\\\/\\\/schema.org\",\"@graph\":[{\"@type\":\"WebPage\",\"@id\":\"https:\\\/\\\/terrasse-mobile.net\\\/slidedeck\\\/installation-entretien\\\/comment-construire-terrasse-mobile-piscine\\\/\",\"url\":\"https:\\\/\\\/terrasse-mobile.net\\\/slidedeck\\\/installation-entretien\\\/comment-construire-terrasse-mobile-piscine\\\/\",\"name\":\"Comment construire une terrasse mobile pour piscine ?\",\"isPartOf\":{\"@id\":\"https:\\\/\\\/terrasse-mobile.net\\\/#website\"},\"primaryImageOfPage\":{\"@id\":\"https:\\\/\\\/terrasse-mobile.net\\\/slidedeck\\\/installation-entretien\\\/comment-construire-terrasse-mobile-piscine\\\/#primaryimage\"},\"image\":{\"@id\":\"https:\\\/\\\/terrasse-mobile.net\\\/slidedeck\\\/installation-entretien\\\/comment-construire-terrasse-mobile-piscine\\\/#primaryimage\"},\"thumbnailUrl\":\"https:\\\/\\\/terrasse-mobile.net\\\/wp-content\\\/uploads\\\/2024\\\/02\\\/REAL-SABOURAULT-PISCINE-2.jpg\",\"datePublished\":\"2024-10-02T12:45:20+00:00\",\"dateModified\":\"2025-10-08T12:35:43+00:00\",\"description\":\"Pour installer une terrasse mobile au-dessus de sa piscine, plusieurs pr\u00e9requis sont n\u00e9cessaires, comme, par exemple, l'espace disponible.\",\"breadcrumb\":{\"@id\":\"https:\\\/\\\/terrasse-mobile.net\\\/slidedeck\\\/installation-entretien\\\/comment-construire-terrasse-mobile-piscine\\\/#breadcrumb\"},\"inLanguage\":\"de\",\"potentialAction\":[{\"@type\":\"ReadAction\",\"target\":[\"https:\\\/\\\/terrasse-mobile.net\\\/slidedeck\\\/installation-entretien\\\/comment-construire-terrasse-mobile-piscine\\\/\"]}]},{\"@type\":\"ImageObject\",\"inLanguage\":\"de\",\"@id\":\"https:\\\/\\\/terrasse-mobile.net\\\/slidedeck\\\/installation-entretien\\\/comment-construire-terrasse-mobile-piscine\\\/#primaryimage\",\"url\":\"https:\\\/\\\/terrasse-mobile.net\\\/wp-content\\\/uploads\\\/2024\\\/02\\\/REAL-SABOURAULT-PISCINE-2.jpg\",\"contentUrl\":\"https:\\\/\\\/terrasse-mobile.net\\\/wp-content\\\/uploads\\\/2024\\\/02\\\/REAL-SABOURAULT-PISCINE-2.jpg\",\"width\":2000,\"height\":1500,\"caption\":\"DCIM100MEDIADJI_0365.JPG\"},{\"@type\":\"BreadcrumbList\",\"@id\":\"https:\\\/\\\/terrasse-mobile.net\\\/slidedeck\\\/installation-entretien\\\/comment-construire-terrasse-mobile-piscine\\\/#breadcrumb\",\"itemListElement\":[{\"@type\":\"ListItem\",\"position\":1,\"name\":\"Accueil\",\"item\":\"https:\\\/\\\/terrasse-mobile.net\\\/\"},{\"@type\":\"ListItem\",\"position\":2,\"name\":\"SLIDEDECK\",\"item\":\"https:\\\/\\\/terrasse-mobile.net\\\/slidedeck\\\/\"},{\"@type\":\"ListItem\",\"position\":3,\"name\":\"INSTALLATION DE LA TERRASSE MOBILE SLIDEDECK\",\"item\":\"https:\\\/\\\/terrasse-mobile.net\\\/slidedeck\\\/installation-entretien\\\/\"},{\"@type\":\"ListItem\",\"position\":4,\"name\":\"LES PR\u00c9REQUIS POUR INSTALLER VOTRE TERRASSE COULISSANTE SLIDEDECK\"}]},{\"@type\":\"WebSite\",\"@id\":\"https:\\\/\\\/terrasse-mobile.net\\\/#website\",\"url\":\"https:\\\/\\\/terrasse-mobile.net\\\/\",\"name\":\"Slidedeck\",\"description\":\"Construction sur mesure de terrasses mobiles en \u00cele-de-France\",\"publisher\":{\"@id\":\"https:\\\/\\\/terrasse-mobile.net\\\/#organization\"},\"potentialAction\":[{\"@type\":\"SearchAction\",\"target\":{\"@type\":\"EntryPoint\",\"urlTemplate\":\"https:\\\/\\\/terrasse-mobile.net\\\/?s={search_term_string}\"},\"query-input\":{\"@type\":\"PropertyValueSpecification\",\"valueRequired\":true,\"valueName\":\"search_term_string\"}}],\"inLanguage\":\"de\"},{\"@type\":\"Organization\",\"@id\":\"https:\\\/\\\/terrasse-mobile.net\\\/#organization\",\"name\":\"Slidedeck\",\"url\":\"https:\\\/\\\/terrasse-mobile.net\\\/\",\"logo\":{\"@type\":\"ImageObject\",\"inLanguage\":\"de\",\"@id\":\"https:\\\/\\\/terrasse-mobile.net\\\/#\\\/schema\\\/logo\\\/image\\\/\",\"url\":\"https:\\\/\\\/terrasse-mobile.net\\\/wp-content\\\/uploads\\\/2024\\\/01\\\/logo-slidedeck.jpg\",\"contentUrl\":\"https:\\\/\\\/terrasse-mobile.net\\\/wp-content\\\/uploads\\\/2024\\\/01\\\/logo-slidedeck.jpg\",\"width\":2000,\"height\":1103,\"caption\":\"Slidedeck\"},\"image\":{\"@id\":\"https:\\\/\\\/terrasse-mobile.net\\\/#\\\/schema\\\/logo\\\/image\\\/\"}}]}<\/script>\n<!-- \/ Yoast SEO plugin. -->","yoast_head_json":{"title":"Wie baut man eine mobile Terrasse f\u00fcr einen Swimmingpool?","description":"Um eine mobile Terrasse \u00fcber dem Pool zu installieren, m\u00fcssen mehrere Voraussetzungen erf\u00fcllt sein, wie beispielsweise der verf\u00fcgbare Platz.","robots":{"index":"index","follow":"follow","max-snippet":"max-snippet:-1","max-image-preview":"max-image-preview:large","max-video-preview":"max-video-preview:-1"},"canonical":"https:\/\/terrasse-mobile.net\/de\/slidedeck\/installation-wartung\/wie-baut-man-eine-mobile-terrasse-fur-einen-swimmingpool\/","og_locale":"de_DE","og_type":"article","og_title":"Comment construire une terrasse mobile pour piscine ?","og_description":"Pour installer une terrasse mobile au-dessus de sa piscine, plusieurs pr\u00e9requis sont n\u00e9cessaires, comme, par exemple, l'espace disponible.","og_url":"https:\/\/terrasse-mobile.net\/de\/slidedeck\/installation-wartung\/wie-baut-man-eine-mobile-terrasse-fur-einen-swimmingpool\/","og_site_name":"Terrasse mobile","article_modified_time":"2025-10-08T12:35:43+00:00","og_image":[{"width":2000,"height":1500,"url":"https:\/\/terrasse-mobile.net\/wp-content\/uploads\/2024\/02\/REAL-SABOURAULT-PISCINE-2.jpg","type":"image\/jpeg"}],"twitter_card":"summary_large_image","twitter_misc":{"Gesch\u00e4tzte Lesezeit":"3\u00a0Minuten"},"schema":{"@context":"https:\/\/schema.org","@graph":[{"@type":"WebPage","@id":"https:\/\/terrasse-mobile.net\/slidedeck\/installation-entretien\/comment-construire-terrasse-mobile-piscine\/","url":"https:\/\/terrasse-mobile.net\/slidedeck\/installation-entretien\/comment-construire-terrasse-mobile-piscine\/","name":"Wie baut man eine mobile Terrasse f\u00fcr einen Swimmingpool?","isPartOf":{"@id":"https:\/\/terrasse-mobile.net\/#website"},"primaryImageOfPage":{"@id":"https:\/\/terrasse-mobile.net\/slidedeck\/installation-entretien\/comment-construire-terrasse-mobile-piscine\/#primaryimage"},"image":{"@id":"https:\/\/terrasse-mobile.net\/slidedeck\/installation-entretien\/comment-construire-terrasse-mobile-piscine\/#primaryimage"},"thumbnailUrl":"https:\/\/terrasse-mobile.net\/wp-content\/uploads\/2024\/02\/REAL-SABOURAULT-PISCINE-2.jpg","datePublished":"2024-10-02T12:45:20+00:00","dateModified":"2025-10-08T12:35:43+00:00","description":"Um eine mobile Terrasse \u00fcber dem Pool zu installieren, m\u00fcssen mehrere Voraussetzungen erf\u00fcllt sein, wie beispielsweise der verf\u00fcgbare Platz.","breadcrumb":{"@id":"https:\/\/terrasse-mobile.net\/slidedeck\/installation-entretien\/comment-construire-terrasse-mobile-piscine\/#breadcrumb"},"inLanguage":"de","potentialAction":[{"@type":"ReadAction","target":["https:\/\/terrasse-mobile.net\/slidedeck\/installation-entretien\/comment-construire-terrasse-mobile-piscine\/"]}]},{"@type":"ImageObject","inLanguage":"de","@id":"https:\/\/terrasse-mobile.net\/slidedeck\/installation-entretien\/comment-construire-terrasse-mobile-piscine\/#primaryimage","url":"https:\/\/terrasse-mobile.net\/wp-content\/uploads\/2024\/02\/REAL-SABOURAULT-PISCINE-2.jpg","contentUrl":"https:\/\/terrasse-mobile.net\/wp-content\/uploads\/2024\/02\/REAL-SABOURAULT-PISCINE-2.jpg","width":2000,"height":1500,"caption":"DCIM100MEDIADJI_0365.JPG"},{"@type":"BreadcrumbList","@id":"https:\/\/terrasse-mobile.net\/slidedeck\/installation-entretien\/comment-construire-terrasse-mobile-piscine\/#breadcrumb","itemListElement":[{"@type":"ListItem","position":1,"name":"Accueil","item":"https:\/\/terrasse-mobile.net\/"},{"@type":"ListItem","position":2,"name":"SLIDEDECK","item":"https:\/\/terrasse-mobile.net\/slidedeck\/"},{"@type":"ListItem","position":3,"name":"INSTALLATION DE LA TERRASSE MOBILE SLIDEDECK","item":"https:\/\/terrasse-mobile.net\/slidedeck\/installation-entretien\/"},{"@type":"ListItem","position":4,"name":"LES PR\u00c9REQUIS POUR INSTALLER VOTRE TERRASSE COULISSANTE SLIDEDECK"}]},{"@type":"WebSite","@id":"https:\/\/terrasse-mobile.net\/#website","url":"https:\/\/terrasse-mobile.net\/","name":"Slidedeck","description":"Ma\u00dfgeschneiderte Konstruktion von mobilen Terrassen in der \u00cele-de-France","publisher":{"@id":"https:\/\/terrasse-mobile.net\/#organization"},"potentialAction":[{"@type":"SearchAction","target":{"@type":"EntryPoint","urlTemplate":"https:\/\/terrasse-mobile.net\/?s={search_term_string}"},"query-input":{"@type":"PropertyValueSpecification","valueRequired":true,"valueName":"search_term_string"}}],"inLanguage":"de"},{"@type":"Organization","@id":"https:\/\/terrasse-mobile.net\/#organization","name":"Slidedeck","url":"https:\/\/terrasse-mobile.net\/","logo":{"@type":"ImageObject","inLanguage":"de","@id":"https:\/\/terrasse-mobile.net\/#\/schema\/logo\/image\/","url":"https:\/\/terrasse-mobile.net\/wp-content\/uploads\/2024\/01\/logo-slidedeck.jpg","contentUrl":"https:\/\/terrasse-mobile.net\/wp-content\/uploads\/2024\/01\/logo-slidedeck.jpg","width":2000,"height":1103,"caption":"Slidedeck"},"image":{"@id":"https:\/\/terrasse-mobile.net\/#\/schema\/logo\/image\/"}}]}},"_links":{"self":[{"href":"https:\/\/terrasse-mobile.net\/de\/wp-json\/wp\/v2\/pages\/5599","targetHints":{"allow":["GET"]}}],"collection":[{"href":"https:\/\/terrasse-mobile.net\/de\/wp-json\/wp\/v2\/pages"}],"about":[{"href":"https:\/\/terrasse-mobile.net\/de\/wp-json\/wp\/v2\/types\/page"}],"author":[{"embeddable":true,"href":"https:\/\/terrasse-mobile.net\/de\/wp-json\/wp\/v2\/users\/1"}],"replies":[{"embeddable":true,"href":"https:\/\/terrasse-mobile.net\/de\/wp-json\/wp\/v2\/comments?post=5599"}],"version-history":[{"count":7,"href":"https:\/\/terrasse-mobile.net\/de\/wp-json\/wp\/v2\/pages\/5599\/revisions"}],"predecessor-version":[{"id":6584,"href":"https:\/\/terrasse-mobile.net\/de\/wp-json\/wp\/v2\/pages\/5599\/revisions\/6584"}],"up":[{"embeddable":true,"href":"https:\/\/terrasse-mobile.net\/de\/wp-json\/wp\/v2\/pages\/5585"}],"wp:featuredmedia":[{"embeddable":true,"href":"https:\/\/terrasse-mobile.net\/de\/wp-json\/wp\/v2\/media\/3640"}],"wp:attachment":[{"href":"https:\/\/terrasse-mobile.net\/de\/wp-json\/wp\/v2\/media?parent=5599"}],"wp:term":[{"taxonomy":"folder","embeddable":true,"href":"https:\/\/terrasse-mobile.net\/de\/wp-json\/wp\/v2\/folder?post=5599"}],"curies":[{"name":"wp","href":"https:\/\/api.w.org\/{rel}","templated":true}]}}