{"id":5646,"date":"2024-10-02T14:48:31","date_gmt":"2024-10-02T12:48:33","guid":{"rendered":"https:\/\/terrasse-mobile.net\/?page_id=5646"},"modified":"2025-11-25T16:27:28","modified_gmt":"2025-11-25T15:27:28","slug":"millboard-lamellen-mobile-terrasse-schwimmbad","status":"publish","type":"page","link":"https:\/\/terrasse-mobile.net\/de\/revetements\/bois-composite\/lames-millboard-terrasse-mobile-piscine\/","title":{"rendered":"MILLBOARD-VERBUNDHOLZDIELEN F\u00dcR MOBILE TERRASSEN"},"content":{"rendered":"<p class=\"has-text-align-center\">Millboard Terrassendielen werden in zwei Oberfl\u00e4chenbehandlungen angeboten:<\/p>\n\n\n\n<p class=\"has-text-align-center\">- GRAIN FIN, mit einer eleganten Maserung, die perfekt die massive Eiche nachahmt.<br>- NATURK\u00d6RNER (oder Rustikal), der Holz nachahmt, das bereits von der Zeit ausgeh\u00f6hlt wurde (Treibholz oder versteinertes Holz).<br>In jeder Ausf\u00fchrung bieten wir mehrere Farben an, um auch den originellsten und anspruchsvollsten Projekten gerecht zu werden.<\/p>\n\n\n\n<div class=\"wp-block-group\"><div class=\"wp-block-group__inner-container is-layout-constrained wp-block-group-is-layout-constrained\">\n<div class=\"wp-block-columns is-layout-flex wp-container-core-columns-is-layout-9d6595d7 wp-block-columns-is-layout-flex\">\n<div class=\"wp-block-column is-layout-flow wp-block-column-is-layout-flow\">\n<h2 class=\"wp-block-heading\">Was sind die Merkmale einer Terrassendiele aus Mineralharz?<\/h2>\n\n\n\n<p>Millboard Terrassendielen sind Mineralharzdielen, die aus Polyurethan, Glasfaser sowie synthetischem Granulat bestehen und mit einer Lasthan-Schicht \u00fcberzogen sind, die eine sehr realistische Holzoptik verleiht.<br>Millboard-Dielen eignen sich perfekt f\u00fcr die Gestaltung einer sch\u00f6nen, holz\u00e4hnlichen Terrasse, die \u00e4u\u00dferst widerstandsf\u00e4hig und langlebig ist. Die Pflege der Millboard Terrassendielen ist einfach und f\u00fcr jeden zu bew\u00e4ltigen.<\/p>\n<\/div>\n\n\n\n<div class=\"wp-block-column is-layout-flow wp-block-column-is-layout-flow\">\n<figure class=\"wp-block-image size-full\"><img decoding=\"async\" width=\"828\" height=\"467\" src=\"https:\/\/terrasse-mobile.net\/wp-content\/uploads\/2024\/03\/resine-minerale-millboard-grain-fin-chene-ceruse-ambiance-piscine.jpeg\" alt=\"Terrasse aus Verbundholz\" class=\"wp-image-4615\" style=\"aspect-ratio:3\/2;object-fit:cover\" srcset=\"https:\/\/terrasse-mobile.net\/wp-content\/uploads\/2024\/03\/resine-minerale-millboard-grain-fin-chene-ceruse-ambiance-piscine.jpeg 828w, https:\/\/terrasse-mobile.net\/wp-content\/uploads\/2024\/03\/resine-minerale-millboard-grain-fin-chene-ceruse-ambiance-piscine-300x169.jpeg 300w, https:\/\/terrasse-mobile.net\/wp-content\/uploads\/2024\/03\/resine-minerale-millboard-grain-fin-chene-ceruse-ambiance-piscine-768x433.jpeg 768w\" sizes=\"(max-width: 828px) 100vw, 828px\" \/><\/figure>\n<\/div>\n<\/div>\n<\/div><\/div>\n\n\n\n<div class=\"wp-block-group\"><div class=\"wp-block-group__inner-container is-layout-constrained wp-block-group-is-layout-constrained\">\n<div class=\"wp-block-columns is-layout-flex wp-container-core-columns-is-layout-9d6595d7 wp-block-columns-is-layout-flex\">\n<div class=\"wp-block-column is-layout-flow wp-block-column-is-layout-flow\">\n<figure class=\"wp-block-image size-full\"><img decoding=\"async\" width=\"599\" height=\"397\" src=\"https:\/\/terrasse-mobile.net\/wp-content\/uploads\/2024\/08\/REA-BERTAGNE-FINAL-09.jpg\" alt=\"Mobile Terrasse aus Verbundholz\" class=\"wp-image-5157\" style=\"aspect-ratio:3\/2;object-fit:cover\" srcset=\"https:\/\/terrasse-mobile.net\/wp-content\/uploads\/2024\/08\/REA-BERTAGNE-FINAL-09.jpg 599w, https:\/\/terrasse-mobile.net\/wp-content\/uploads\/2024\/08\/REA-BERTAGNE-FINAL-09-300x199.jpg 300w\" sizes=\"(max-width: 599px) 100vw, 599px\" \/><\/figure>\n\n\n\n<figure class=\"wp-block-image\"><img decoding=\"async\" src=\"https:\/\/terrasse-mobile.net\/wp-content\/uploads\/2024\/01\/grains-fin-chene-dore-piscine-debord.jpeg\" alt=\"Verbundstoff-Terrassendielen millboard\"\/><\/figure>\n<\/div>\n\n\n\n<div class=\"wp-block-column is-layout-flow wp-block-column-is-layout-flow\">\n<h2 class=\"wp-block-heading\">Was sind die Vorteile einer Terrassendiele aus Mineralharz?<\/h2>\n\n\n\n<p>Die Dielen f\u00fcr mobile Terrassen aus Mineralharz sind langlebig und stabil, die Dielen verziehen sich nicht. Die Dielen sind auch sehr widerstandsf\u00e4hig gegen St\u00f6\u00dfe und Markierungen, die von Ihren Gartenm\u00f6beln verursacht werden k\u00f6nnen.<br>Millboard-Klingen produzieren keine Splitter und verhindern au\u00dferdem die Vermehrung von Sch\u00e4dlingen und verrotten nicht.<\/p>\n\n\n\n<h2 class=\"wp-block-heading\">Widerstandsf\u00e4hige und recycelbare Terrassendielen<\/h2>\n\n\n\n<p>Die Dielen f\u00fcr mobile Terrassen aus Mineralharz vergrauen nicht und behalten ihre Farbe, sowohl in der Sonne als auch im Schatten.<\/p>\n\n\n\n<p>Die Millboard-Klingen sind :&nbsp;<br>- Unverrottbar: kein Wachstum von Moos und kleinen Unkr\u00e4utern<br>- Wasserdicht: Fl\u00fcssigkeiten k\u00f6nnen nicht in die Klinge eindringen und Flecken verursachen.<\/p>\n\n\n\n<p>Millboard Terrassendielen aus Mineralharz sind umweltfreundlich :<br>- wenig Energie bei der Herstellung<br>- geringer Kohlenstoffaussto\u00df bei der Produktion<br>- aus recycelbaren Materialien hergestellt werden.<\/p>\n<\/div>\n<\/div>\n\n\n\n<h2 class=\"wp-block-heading\"><\/h2>\n<\/div><\/div>\n\n\n\n<p class=\"has-text-align-center\">Millboard-Dielen sind perfekt holz\u00e4hnlich und eignen sich hervorragend f\u00fcr repr\u00e4sentative mobile Terrassen und f\u00fcr traditionelle oder zeitgen\u00f6ssische H\u00e4user. Sie k\u00f6nnen auf nat\u00fcrlichen B\u00f6den, auf alten Pflastersteinen, auf Abdichtungen, vor Schwimmb\u00e4dern oder f\u00fcr Unternehmen verlegt werden (durch den Bau der entsprechenden Latten).&nbsp;<\/p>\n\n\n\n<div class=\"wp-block-buttons is-content-justification-center is-layout-flex wp-container-core-buttons-is-layout-16018d1d wp-block-buttons-is-layout-flex\">\n<div class=\"wp-block-button is-style-outline is-style-outline--1\"><a class=\"wp-block-button__link has-small-font-size has-custom-font-size wp-element-button\" href=\"https:\/\/terrasse-mobile.net\/de\/mobile-terrasse-nach-mas\/konfigurationen\/\">ENTDECKEN SIE DIE SLIDEDECK-KONFIGURATIONEN<\/a><\/div>\n<\/div>\n\n\n\n<p><\/p>","protected":false},"excerpt":{"rendered":"<p>Les lames de terrasse Millboard sont propos\u00e9es en deux finitions: &#8211; le GRAIN FIN, comportant un \u00e9l\u00e9gant veinage imitant parfaitement le Ch\u00eane Massif&#8211; le GRAIN NATUREL (ou Rustique) imitant un bois d\u00e9j\u00e0 creus\u00e9 par le temps (bois flott\u00e9 ou p\u00e9trifi\u00e9)Dans chaque finition, nous proposoons plusieurs couleurs pour r\u00e9pondre aux projets les plus originaux et les&#8230;<\/p>","protected":false},"author":1,"featured_media":3640,"parent":5496,"menu_order":52,"comment_status":"closed","ping_status":"closed","template":"","meta":{"_kad_post_transparent":"","_kad_post_title":"","_kad_post_layout":"","_kad_post_sidebar_id":"","_kad_post_content_style":"","_kad_post_vertical_padding":"","_kad_post_feature":"","_kad_post_feature_position":"","_kad_post_header":false,"_kad_post_footer":false,"_kad_post_classname":"","footnotes":""},"folder":[],"class_list":["post-5646","page","type-page","status-publish","has-post-thumbnail","hentry"],"yoast_head":"<!-- This site is optimized with the Yoast SEO plugin v27.4 - https:\/\/yoast.com\/product\/yoast-seo-wordpress\/ -->\n<title>Lames de terrasse Millboard pour terrasse mobile<\/title>\n<meta name=\"description\" content=\"La terrasse mobile pour piscine SlideDeck peut \u00eatre habill\u00e9e avec de belles lames en bois composite Millboard.\" \/>\n<meta name=\"robots\" content=\"index, follow, max-snippet:-1, max-image-preview:large, max-video-preview:-1\" \/>\n<link rel=\"canonical\" href=\"https:\/\/terrasse-mobile.net\/de\/beschichtungen\/verbundholz\/millboard-lamellen-mobile-terrasse-schwimmbad\/\" \/>\n<meta property=\"og:locale\" content=\"de_DE\" \/>\n<meta property=\"og:type\" content=\"article\" \/>\n<meta property=\"og:title\" content=\"Lames de terrasse Millboard pour terrasse mobile\" \/>\n<meta property=\"og:description\" content=\"La terrasse mobile pour piscine SlideDeck peut \u00eatre habill\u00e9e avec de belles lames en bois composite Millboard.\" \/>\n<meta property=\"og:url\" content=\"https:\/\/terrasse-mobile.net\/de\/beschichtungen\/verbundholz\/millboard-lamellen-mobile-terrasse-schwimmbad\/\" \/>\n<meta property=\"og:site_name\" content=\"Terrasse mobile\" \/>\n<meta property=\"article:modified_time\" content=\"2025-11-25T15:27:28+00:00\" \/>\n<meta property=\"og:image\" content=\"https:\/\/terrasse-mobile.net\/wp-content\/uploads\/2024\/02\/REAL-SABOURAULT-PISCINE-2.jpg\" \/>\n\t<meta property=\"og:image:width\" content=\"2000\" \/>\n\t<meta property=\"og:image:height\" content=\"1500\" \/>\n\t<meta property=\"og:image:type\" content=\"image\/jpeg\" \/>\n<meta name=\"twitter:card\" content=\"summary_large_image\" \/>\n<meta name=\"twitter:label1\" content=\"Gesch\u00e4tzte Lesezeit\" \/>\n\t<meta name=\"twitter:data1\" content=\"3\u00a0Minuten\" \/>\n<script type=\"application\/ld+json\" class=\"yoast-schema-graph\">{\"@context\":\"https:\\\/\\\/schema.org\",\"@graph\":[{\"@type\":\"WebPage\",\"@id\":\"https:\\\/\\\/terrasse-mobile.net\\\/revetements\\\/bois-composite\\\/lames-millboard-terrasse-mobile-piscine\\\/\",\"url\":\"https:\\\/\\\/terrasse-mobile.net\\\/revetements\\\/bois-composite\\\/lames-millboard-terrasse-mobile-piscine\\\/\",\"name\":\"Lames de terrasse Millboard pour terrasse mobile\",\"isPartOf\":{\"@id\":\"https:\\\/\\\/terrasse-mobile.net\\\/#website\"},\"primaryImageOfPage\":{\"@id\":\"https:\\\/\\\/terrasse-mobile.net\\\/revetements\\\/bois-composite\\\/lames-millboard-terrasse-mobile-piscine\\\/#primaryimage\"},\"image\":{\"@id\":\"https:\\\/\\\/terrasse-mobile.net\\\/revetements\\\/bois-composite\\\/lames-millboard-terrasse-mobile-piscine\\\/#primaryimage\"},\"thumbnailUrl\":\"https:\\\/\\\/terrasse-mobile.net\\\/wp-content\\\/uploads\\\/2024\\\/02\\\/REAL-SABOURAULT-PISCINE-2.jpg\",\"datePublished\":\"2024-10-02T12:48:33+00:00\",\"dateModified\":\"2025-11-25T15:27:28+00:00\",\"description\":\"La terrasse mobile pour piscine SlideDeck peut \u00eatre habill\u00e9e avec de belles lames en bois composite Millboard.\",\"breadcrumb\":{\"@id\":\"https:\\\/\\\/terrasse-mobile.net\\\/revetements\\\/bois-composite\\\/lames-millboard-terrasse-mobile-piscine\\\/#breadcrumb\"},\"inLanguage\":\"de\",\"potentialAction\":[{\"@type\":\"ReadAction\",\"target\":[\"https:\\\/\\\/terrasse-mobile.net\\\/revetements\\\/bois-composite\\\/lames-millboard-terrasse-mobile-piscine\\\/\"]}]},{\"@type\":\"ImageObject\",\"inLanguage\":\"de\",\"@id\":\"https:\\\/\\\/terrasse-mobile.net\\\/revetements\\\/bois-composite\\\/lames-millboard-terrasse-mobile-piscine\\\/#primaryimage\",\"url\":\"https:\\\/\\\/terrasse-mobile.net\\\/wp-content\\\/uploads\\\/2024\\\/02\\\/REAL-SABOURAULT-PISCINE-2.jpg\",\"contentUrl\":\"https:\\\/\\\/terrasse-mobile.net\\\/wp-content\\\/uploads\\\/2024\\\/02\\\/REAL-SABOURAULT-PISCINE-2.jpg\",\"width\":2000,\"height\":1500,\"caption\":\"DCIM100MEDIADJI_0365.JPG\"},{\"@type\":\"BreadcrumbList\",\"@id\":\"https:\\\/\\\/terrasse-mobile.net\\\/revetements\\\/bois-composite\\\/lames-millboard-terrasse-mobile-piscine\\\/#breadcrumb\",\"itemListElement\":[{\"@type\":\"ListItem\",\"position\":1,\"name\":\"Accueil\",\"item\":\"https:\\\/\\\/terrasse-mobile.net\\\/\"},{\"@type\":\"ListItem\",\"position\":2,\"name\":\"LES REV\u00caTEMENTS POUR TERRASSE MOBILE SLIDEDECK\",\"item\":\"https:\\\/\\\/terrasse-mobile.net\\\/revetements\\\/\"},{\"@type\":\"ListItem\",\"position\":3,\"name\":\"LES BOIS COMPOSITES POUR TERRASSE MOBILE\",\"item\":\"https:\\\/\\\/terrasse-mobile.net\\\/revetements\\\/bois-composite\\\/\"},{\"@type\":\"ListItem\",\"position\":4,\"name\":\"LAMES EN BOIS COMPOSITE MILLBOARD POUR TERRASSE MOBILE\"}]},{\"@type\":\"WebSite\",\"@id\":\"https:\\\/\\\/terrasse-mobile.net\\\/#website\",\"url\":\"https:\\\/\\\/terrasse-mobile.net\\\/\",\"name\":\"Slidedeck\",\"description\":\"Construction sur mesure de terrasses mobiles en \u00cele-de-France\",\"publisher\":{\"@id\":\"https:\\\/\\\/terrasse-mobile.net\\\/#organization\"},\"potentialAction\":[{\"@type\":\"SearchAction\",\"target\":{\"@type\":\"EntryPoint\",\"urlTemplate\":\"https:\\\/\\\/terrasse-mobile.net\\\/?s={search_term_string}\"},\"query-input\":{\"@type\":\"PropertyValueSpecification\",\"valueRequired\":true,\"valueName\":\"search_term_string\"}}],\"inLanguage\":\"de\"},{\"@type\":\"Organization\",\"@id\":\"https:\\\/\\\/terrasse-mobile.net\\\/#organization\",\"name\":\"Slidedeck\",\"url\":\"https:\\\/\\\/terrasse-mobile.net\\\/\",\"logo\":{\"@type\":\"ImageObject\",\"inLanguage\":\"de\",\"@id\":\"https:\\\/\\\/terrasse-mobile.net\\\/#\\\/schema\\\/logo\\\/image\\\/\",\"url\":\"https:\\\/\\\/terrasse-mobile.net\\\/wp-content\\\/uploads\\\/2024\\\/01\\\/logo-slidedeck.jpg\",\"contentUrl\":\"https:\\\/\\\/terrasse-mobile.net\\\/wp-content\\\/uploads\\\/2024\\\/01\\\/logo-slidedeck.jpg\",\"width\":2000,\"height\":1103,\"caption\":\"Slidedeck\"},\"image\":{\"@id\":\"https:\\\/\\\/terrasse-mobile.net\\\/#\\\/schema\\\/logo\\\/image\\\/\"}}]}<\/script>\n<!-- \/ Yoast SEO plugin. -->","yoast_head_json":{"title":"Millboard Terrassendielen f\u00fcr mobile Terrassen","description":"Die mobile Poolterrasse SlideDeck kann mit sch\u00f6nen Dielen aus Millboard-Verbundholz verkleidet werden.","robots":{"index":"index","follow":"follow","max-snippet":"max-snippet:-1","max-image-preview":"max-image-preview:large","max-video-preview":"max-video-preview:-1"},"canonical":"https:\/\/terrasse-mobile.net\/de\/beschichtungen\/verbundholz\/millboard-lamellen-mobile-terrasse-schwimmbad\/","og_locale":"de_DE","og_type":"article","og_title":"Lames de terrasse Millboard pour terrasse mobile","og_description":"La terrasse mobile pour piscine SlideDeck peut \u00eatre habill\u00e9e avec de belles lames en bois composite Millboard.","og_url":"https:\/\/terrasse-mobile.net\/de\/beschichtungen\/verbundholz\/millboard-lamellen-mobile-terrasse-schwimmbad\/","og_site_name":"Terrasse mobile","article_modified_time":"2025-11-25T15:27:28+00:00","og_image":[{"width":2000,"height":1500,"url":"https:\/\/terrasse-mobile.net\/wp-content\/uploads\/2024\/02\/REAL-SABOURAULT-PISCINE-2.jpg","type":"image\/jpeg"}],"twitter_card":"summary_large_image","twitter_misc":{"Gesch\u00e4tzte Lesezeit":"3\u00a0Minuten"},"schema":{"@context":"https:\/\/schema.org","@graph":[{"@type":"WebPage","@id":"https:\/\/terrasse-mobile.net\/revetements\/bois-composite\/lames-millboard-terrasse-mobile-piscine\/","url":"https:\/\/terrasse-mobile.net\/revetements\/bois-composite\/lames-millboard-terrasse-mobile-piscine\/","name":"Millboard Terrassendielen f\u00fcr mobile Terrassen","isPartOf":{"@id":"https:\/\/terrasse-mobile.net\/#website"},"primaryImageOfPage":{"@id":"https:\/\/terrasse-mobile.net\/revetements\/bois-composite\/lames-millboard-terrasse-mobile-piscine\/#primaryimage"},"image":{"@id":"https:\/\/terrasse-mobile.net\/revetements\/bois-composite\/lames-millboard-terrasse-mobile-piscine\/#primaryimage"},"thumbnailUrl":"https:\/\/terrasse-mobile.net\/wp-content\/uploads\/2024\/02\/REAL-SABOURAULT-PISCINE-2.jpg","datePublished":"2024-10-02T12:48:33+00:00","dateModified":"2025-11-25T15:27:28+00:00","description":"Die mobile Poolterrasse SlideDeck kann mit sch\u00f6nen Dielen aus Millboard-Verbundholz verkleidet werden.","breadcrumb":{"@id":"https:\/\/terrasse-mobile.net\/revetements\/bois-composite\/lames-millboard-terrasse-mobile-piscine\/#breadcrumb"},"inLanguage":"de","potentialAction":[{"@type":"ReadAction","target":["https:\/\/terrasse-mobile.net\/revetements\/bois-composite\/lames-millboard-terrasse-mobile-piscine\/"]}]},{"@type":"ImageObject","inLanguage":"de","@id":"https:\/\/terrasse-mobile.net\/revetements\/bois-composite\/lames-millboard-terrasse-mobile-piscine\/#primaryimage","url":"https:\/\/terrasse-mobile.net\/wp-content\/uploads\/2024\/02\/REAL-SABOURAULT-PISCINE-2.jpg","contentUrl":"https:\/\/terrasse-mobile.net\/wp-content\/uploads\/2024\/02\/REAL-SABOURAULT-PISCINE-2.jpg","width":2000,"height":1500,"caption":"DCIM100MEDIADJI_0365.JPG"},{"@type":"BreadcrumbList","@id":"https:\/\/terrasse-mobile.net\/revetements\/bois-composite\/lames-millboard-terrasse-mobile-piscine\/#breadcrumb","itemListElement":[{"@type":"ListItem","position":1,"name":"Accueil","item":"https:\/\/terrasse-mobile.net\/"},{"@type":"ListItem","position":2,"name":"LES REV\u00caTEMENTS POUR TERRASSE MOBILE SLIDEDECK","item":"https:\/\/terrasse-mobile.net\/revetements\/"},{"@type":"ListItem","position":3,"name":"LES BOIS COMPOSITES POUR TERRASSE MOBILE","item":"https:\/\/terrasse-mobile.net\/revetements\/bois-composite\/"},{"@type":"ListItem","position":4,"name":"LAMES EN BOIS COMPOSITE MILLBOARD POUR TERRASSE MOBILE"}]},{"@type":"WebSite","@id":"https:\/\/terrasse-mobile.net\/#website","url":"https:\/\/terrasse-mobile.net\/","name":"Slidedeck","description":"Ma\u00dfgeschneiderte Konstruktion von mobilen Terrassen in der \u00cele-de-France","publisher":{"@id":"https:\/\/terrasse-mobile.net\/#organization"},"potentialAction":[{"@type":"SearchAction","target":{"@type":"EntryPoint","urlTemplate":"https:\/\/terrasse-mobile.net\/?s={search_term_string}"},"query-input":{"@type":"PropertyValueSpecification","valueRequired":true,"valueName":"search_term_string"}}],"inLanguage":"de"},{"@type":"Organization","@id":"https:\/\/terrasse-mobile.net\/#organization","name":"Slidedeck","url":"https:\/\/terrasse-mobile.net\/","logo":{"@type":"ImageObject","inLanguage":"de","@id":"https:\/\/terrasse-mobile.net\/#\/schema\/logo\/image\/","url":"https:\/\/terrasse-mobile.net\/wp-content\/uploads\/2024\/01\/logo-slidedeck.jpg","contentUrl":"https:\/\/terrasse-mobile.net\/wp-content\/uploads\/2024\/01\/logo-slidedeck.jpg","width":2000,"height":1103,"caption":"Slidedeck"},"image":{"@id":"https:\/\/terrasse-mobile.net\/#\/schema\/logo\/image\/"}}]}},"_links":{"self":[{"href":"https:\/\/terrasse-mobile.net\/de\/wp-json\/wp\/v2\/pages\/5646","targetHints":{"allow":["GET"]}}],"collection":[{"href":"https:\/\/terrasse-mobile.net\/de\/wp-json\/wp\/v2\/pages"}],"about":[{"href":"https:\/\/terrasse-mobile.net\/de\/wp-json\/wp\/v2\/types\/page"}],"author":[{"embeddable":true,"href":"https:\/\/terrasse-mobile.net\/de\/wp-json\/wp\/v2\/users\/1"}],"replies":[{"embeddable":true,"href":"https:\/\/terrasse-mobile.net\/de\/wp-json\/wp\/v2\/comments?post=5646"}],"version-history":[{"count":8,"href":"https:\/\/terrasse-mobile.net\/de\/wp-json\/wp\/v2\/pages\/5646\/revisions"}],"predecessor-version":[{"id":7314,"href":"https:\/\/terrasse-mobile.net\/de\/wp-json\/wp\/v2\/pages\/5646\/revisions\/7314"}],"up":[{"embeddable":true,"href":"https:\/\/terrasse-mobile.net\/de\/wp-json\/wp\/v2\/pages\/5496"}],"wp:featuredmedia":[{"embeddable":true,"href":"https:\/\/terrasse-mobile.net\/de\/wp-json\/wp\/v2\/media\/3640"}],"wp:attachment":[{"href":"https:\/\/terrasse-mobile.net\/de\/wp-json\/wp\/v2\/media?parent=5646"}],"wp:term":[{"taxonomy":"folder","embeddable":true,"href":"https:\/\/terrasse-mobile.net\/de\/wp-json\/wp\/v2\/folder?post=5646"}],"curies":[{"name":"wp","href":"https:\/\/api.w.org\/{rel}","templated":true}]}}