{"id":7178,"date":"2025-10-20T11:28:29","date_gmt":"2025-10-20T09:28:29","guid":{"rendered":"https:\/\/terrasse-mobile.net\/?page_id=7178"},"modified":"2025-11-25T15:19:20","modified_gmt":"2025-11-25T14:19:20","slug":"guide-de-mise-en-oeuvre","status":"publish","type":"page","link":"https:\/\/terrasse-mobile.net\/de\/guide-de-mise-en-oeuvre\/","title":{"rendered":"GUIDE DE MISE EN OEUVRE"},"content":{"rendered":"<p>Nous avons pr\u00e9par\u00e9 une\u00a0notice de mise en oeuvre tr\u00e8s d\u00e9taill\u00e9e.<br>Pour t\u00e9l\u00e9charger notre guide de mise en oeuvre complet, cliquez sur le bouton ci-dessous<\/p>\n\n\n\n<div class=\"wp-block-buttons is-content-justification-center is-layout-flex wp-container-core-buttons-is-layout-16018d1d wp-block-buttons-is-layout-flex\">\n<div class=\"wp-block-button\"><a class=\"wp-block-button__link wp-element-button\" href=\"https:\/\/www.dropbox.com\/scl\/fo\/9bbqs0g7k9st6qtotcl5z\/AL__DOy7xGue0yfSGd5-RxQ?rlkey=nlw04o5y8dkgc2o3u3wlek420&amp;e=1&amp;st=kud3cet7&amp;dl=0\">TELECHARGER <\/a><\/div>\n<\/div>\n\n\n\n<p><\/p>","protected":false},"excerpt":{"rendered":"<p>Nous avons pr\u00e9par\u00e9 une\u00a0notice de mise en oeuvre tr\u00e8s d\u00e9taill\u00e9e.Pour t\u00e9l\u00e9charger notre guide de mise en oeuvre complet, cliquez sur le bouton ci-dessous<\/p>","protected":false},"author":1,"featured_media":0,"parent":0,"menu_order":0,"comment_status":"closed","ping_status":"closed","template":"","meta":{"_kad_post_transparent":"","_kad_post_title":"","_kad_post_layout":"","_kad_post_sidebar_id":"","_kad_post_content_style":"","_kad_post_vertical_padding":"","_kad_post_feature":"","_kad_post_feature_position":"","_kad_post_header":false,"_kad_post_footer":false,"_kad_post_classname":"","footnotes":""},"folder":[],"class_list":["post-7178","page","type-page","status-publish","hentry"],"yoast_head":"<!-- This site is optimized with the Yoast SEO plugin v27.4 - https:\/\/yoast.com\/product\/yoast-seo-wordpress\/ -->\n<title>GUIDE DE MISE EN OEUVRE - Terrasse mobile<\/title>\n<meta name=\"description\" content=\"Vous pouvez t\u00e9l\u00e9charger le guide de mise en oeuvre sur cette page.\" \/>\n<meta name=\"robots\" content=\"index, follow, max-snippet:-1, max-image-preview:large, max-video-preview:-1\" \/>\n<link rel=\"canonical\" href=\"https:\/\/terrasse-mobile.net\/de\/guide-de-mise-en-oeuvre\/\" \/>\n<meta property=\"og:locale\" content=\"de_DE\" \/>\n<meta property=\"og:type\" content=\"article\" \/>\n<meta property=\"og:title\" content=\"GUIDE DE MISE EN OEUVRE - Terrasse mobile\" \/>\n<meta property=\"og:description\" content=\"Vous pouvez t\u00e9l\u00e9charger le guide de mise en oeuvre sur cette page.\" \/>\n<meta property=\"og:url\" content=\"https:\/\/terrasse-mobile.net\/de\/guide-de-mise-en-oeuvre\/\" \/>\n<meta property=\"og:site_name\" content=\"Terrasse mobile\" \/>\n<meta property=\"article:modified_time\" content=\"2025-11-25T14:19:20+00:00\" \/>\n<meta name=\"twitter:card\" content=\"summary_large_image\" \/>\n<meta name=\"twitter:label1\" content=\"Gesch\u00e4tzte Lesezeit\" \/>\n\t<meta name=\"twitter:data1\" content=\"1\u00a0Minute\" \/>\n<script type=\"application\/ld+json\" class=\"yoast-schema-graph\">{\"@context\":\"https:\\\/\\\/schema.org\",\"@graph\":[{\"@type\":\"WebPage\",\"@id\":\"https:\\\/\\\/terrasse-mobile.net\\\/guide-de-mise-en-oeuvre\\\/\",\"url\":\"https:\\\/\\\/terrasse-mobile.net\\\/guide-de-mise-en-oeuvre\\\/\",\"name\":\"GUIDE DE MISE EN OEUVRE - Terrasse mobile\",\"isPartOf\":{\"@id\":\"https:\\\/\\\/terrasse-mobile.net\\\/#website\"},\"datePublished\":\"2025-10-20T09:28:29+00:00\",\"dateModified\":\"2025-11-25T14:19:20+00:00\",\"description\":\"Vous pouvez t\u00e9l\u00e9charger le guide de mise en oeuvre sur cette page.\",\"breadcrumb\":{\"@id\":\"https:\\\/\\\/terrasse-mobile.net\\\/guide-de-mise-en-oeuvre\\\/#breadcrumb\"},\"inLanguage\":\"de\",\"potentialAction\":[{\"@type\":\"ReadAction\",\"target\":[\"https:\\\/\\\/terrasse-mobile.net\\\/guide-de-mise-en-oeuvre\\\/\"]}]},{\"@type\":\"BreadcrumbList\",\"@id\":\"https:\\\/\\\/terrasse-mobile.net\\\/guide-de-mise-en-oeuvre\\\/#breadcrumb\",\"itemListElement\":[{\"@type\":\"ListItem\",\"position\":1,\"name\":\"Accueil\",\"item\":\"https:\\\/\\\/terrasse-mobile.net\\\/\"},{\"@type\":\"ListItem\",\"position\":2,\"name\":\"GUIDE DE MISE EN OEUVRE\"}]},{\"@type\":\"WebSite\",\"@id\":\"https:\\\/\\\/terrasse-mobile.net\\\/#website\",\"url\":\"https:\\\/\\\/terrasse-mobile.net\\\/\",\"name\":\"Slidedeck\",\"description\":\"Construction sur mesure de terrasses mobiles en \u00cele-de-France\",\"publisher\":{\"@id\":\"https:\\\/\\\/terrasse-mobile.net\\\/#organization\"},\"potentialAction\":[{\"@type\":\"SearchAction\",\"target\":{\"@type\":\"EntryPoint\",\"urlTemplate\":\"https:\\\/\\\/terrasse-mobile.net\\\/?s={search_term_string}\"},\"query-input\":{\"@type\":\"PropertyValueSpecification\",\"valueRequired\":true,\"valueName\":\"search_term_string\"}}],\"inLanguage\":\"de\"},{\"@type\":\"Organization\",\"@id\":\"https:\\\/\\\/terrasse-mobile.net\\\/#organization\",\"name\":\"Slidedeck\",\"url\":\"https:\\\/\\\/terrasse-mobile.net\\\/\",\"logo\":{\"@type\":\"ImageObject\",\"inLanguage\":\"de\",\"@id\":\"https:\\\/\\\/terrasse-mobile.net\\\/#\\\/schema\\\/logo\\\/image\\\/\",\"url\":\"https:\\\/\\\/terrasse-mobile.net\\\/wp-content\\\/uploads\\\/2024\\\/01\\\/logo-slidedeck.jpg\",\"contentUrl\":\"https:\\\/\\\/terrasse-mobile.net\\\/wp-content\\\/uploads\\\/2024\\\/01\\\/logo-slidedeck.jpg\",\"width\":2000,\"height\":1103,\"caption\":\"Slidedeck\"},\"image\":{\"@id\":\"https:\\\/\\\/terrasse-mobile.net\\\/#\\\/schema\\\/logo\\\/image\\\/\"}}]}<\/script>\n<!-- \/ Yoast SEO plugin. -->","yoast_head_json":{"title":"GUIDE DE MISE EN OEUVRE - Terrasse mobile","description":"Vous pouvez t\u00e9l\u00e9charger le guide de mise en oeuvre sur cette page.","robots":{"index":"index","follow":"follow","max-snippet":"max-snippet:-1","max-image-preview":"max-image-preview:large","max-video-preview":"max-video-preview:-1"},"canonical":"https:\/\/terrasse-mobile.net\/de\/guide-de-mise-en-oeuvre\/","og_locale":"de_DE","og_type":"article","og_title":"GUIDE DE MISE EN OEUVRE - Terrasse mobile","og_description":"Vous pouvez t\u00e9l\u00e9charger le guide de mise en oeuvre sur cette page.","og_url":"https:\/\/terrasse-mobile.net\/de\/guide-de-mise-en-oeuvre\/","og_site_name":"Terrasse mobile","article_modified_time":"2025-11-25T14:19:20+00:00","twitter_card":"summary_large_image","twitter_misc":{"Gesch\u00e4tzte Lesezeit":"1\u00a0Minute"},"schema":{"@context":"https:\/\/schema.org","@graph":[{"@type":"WebPage","@id":"https:\/\/terrasse-mobile.net\/guide-de-mise-en-oeuvre\/","url":"https:\/\/terrasse-mobile.net\/guide-de-mise-en-oeuvre\/","name":"GUIDE DE MISE EN OEUVRE - Terrasse mobile","isPartOf":{"@id":"https:\/\/terrasse-mobile.net\/#website"},"datePublished":"2025-10-20T09:28:29+00:00","dateModified":"2025-11-25T14:19:20+00:00","description":"Vous pouvez t\u00e9l\u00e9charger le guide de mise en oeuvre sur cette page.","breadcrumb":{"@id":"https:\/\/terrasse-mobile.net\/guide-de-mise-en-oeuvre\/#breadcrumb"},"inLanguage":"de","potentialAction":[{"@type":"ReadAction","target":["https:\/\/terrasse-mobile.net\/guide-de-mise-en-oeuvre\/"]}]},{"@type":"BreadcrumbList","@id":"https:\/\/terrasse-mobile.net\/guide-de-mise-en-oeuvre\/#breadcrumb","itemListElement":[{"@type":"ListItem","position":1,"name":"Accueil","item":"https:\/\/terrasse-mobile.net\/"},{"@type":"ListItem","position":2,"name":"GUIDE DE MISE EN OEUVRE"}]},{"@type":"WebSite","@id":"https:\/\/terrasse-mobile.net\/#website","url":"https:\/\/terrasse-mobile.net\/","name":"Slidedeck","description":"Ma\u00dfgeschneiderte Konstruktion von mobilen Terrassen in der \u00cele-de-France","publisher":{"@id":"https:\/\/terrasse-mobile.net\/#organization"},"potentialAction":[{"@type":"SearchAction","target":{"@type":"EntryPoint","urlTemplate":"https:\/\/terrasse-mobile.net\/?s={search_term_string}"},"query-input":{"@type":"PropertyValueSpecification","valueRequired":true,"valueName":"search_term_string"}}],"inLanguage":"de"},{"@type":"Organization","@id":"https:\/\/terrasse-mobile.net\/#organization","name":"Slidedeck","url":"https:\/\/terrasse-mobile.net\/","logo":{"@type":"ImageObject","inLanguage":"de","@id":"https:\/\/terrasse-mobile.net\/#\/schema\/logo\/image\/","url":"https:\/\/terrasse-mobile.net\/wp-content\/uploads\/2024\/01\/logo-slidedeck.jpg","contentUrl":"https:\/\/terrasse-mobile.net\/wp-content\/uploads\/2024\/01\/logo-slidedeck.jpg","width":2000,"height":1103,"caption":"Slidedeck"},"image":{"@id":"https:\/\/terrasse-mobile.net\/#\/schema\/logo\/image\/"}}]}},"_links":{"self":[{"href":"https:\/\/terrasse-mobile.net\/de\/wp-json\/wp\/v2\/pages\/7178","targetHints":{"allow":["GET"]}}],"collection":[{"href":"https:\/\/terrasse-mobile.net\/de\/wp-json\/wp\/v2\/pages"}],"about":[{"href":"https:\/\/terrasse-mobile.net\/de\/wp-json\/wp\/v2\/types\/page"}],"author":[{"embeddable":true,"href":"https:\/\/terrasse-mobile.net\/de\/wp-json\/wp\/v2\/users\/1"}],"replies":[{"embeddable":true,"href":"https:\/\/terrasse-mobile.net\/de\/wp-json\/wp\/v2\/comments?post=7178"}],"version-history":[{"count":3,"href":"https:\/\/terrasse-mobile.net\/de\/wp-json\/wp\/v2\/pages\/7178\/revisions"}],"predecessor-version":[{"id":7182,"href":"https:\/\/terrasse-mobile.net\/de\/wp-json\/wp\/v2\/pages\/7178\/revisions\/7182"}],"wp:attachment":[{"href":"https:\/\/terrasse-mobile.net\/de\/wp-json\/wp\/v2\/media?parent=7178"}],"wp:term":[{"taxonomy":"folder","embeddable":true,"href":"https:\/\/terrasse-mobile.net\/de\/wp-json\/wp\/v2\/folder?post=7178"}],"curies":[{"name":"wp","href":"https:\/\/api.w.org\/{rel}","templated":true}]}}