{"id":1328,"date":"2024-01-23T17:00:06","date_gmt":"2024-01-23T16:00:12","guid":{"rendered":"https:\/\/terrasse-mobile.net\/?page_id=1328"},"modified":"2024-10-01T12:57:27","modified_gmt":"2024-10-01T10:57:27","slug":"fonctionnement-terrasse-mobile-piscine-od","status":"publish","type":"page","link":"https:\/\/terrasse-mobile.net\/de_ch\/terrasse-mobile-ile-de-france-old\/fonctionnement-terrasse-mobile-piscine-od\/","title":{"rendered":"COMMENT FONCTIONNE SLIDEDECK ? OLD"},"content":{"rendered":"<h1>Comment fonctionne la terrasse mobile SlideDeck ?<\/h1>\n<p>\t\t\t\t\t\t\t\t\t\t\t\t\t<img decoding=\"async\" width=\"700\" height=\"438\" src=\"https:\/\/terrasse-mobile.net\/wp-content\/uploads\/2024\/03\/DURAN-CONSTRUCTION-GROS-PLANS00001.jpg\" alt=\"ROULETTES POUR TERRASSE MOBILE\" srcset=\"https:\/\/terrasse-mobile.net\/wp-content\/uploads\/2024\/03\/DURAN-CONSTRUCTION-GROS-PLANS00001.jpg 700w, https:\/\/terrasse-mobile.net\/wp-content\/uploads\/2024\/03\/DURAN-CONSTRUCTION-GROS-PLANS00001-300x188.jpg 300w\" sizes=\"(max-width: 700px) 100vw, 700px\" \/>\t\t\t\t\t\t\t\t\t\t\t\t\t<\/p>\n<h2>Die mobile Terrasse SlideDeck ist der Ma\u00dfstab f\u00fcr mobile Terrassensysteme f\u00fcr Schwimmb\u00e4der.<\/h2>\n<p>Pour chaque partie de de Slidedeck, nous avons s\u00e9lectionn\u00e9 les meilleurs composants, les solutions les plus fiables et les plus \u00e9prouv\u00e9es.<\/p>\n<p>Zun\u00e4chst einmal besteht Slidedeck aus einer robusten Struktur, die aus Edelstahl- und Aluminiumrohren gebaut ist.<\/p>\n<p>F\u00fcr jeden Teil haben wir die zuverl\u00e4ssigsten und langlebigsten Komponenten ausgew\u00e4hlt :<\/p>\n<ul>\n<li>Die Rollen bestehen aus rostfreiem Stahl oder aus Polyamid. Auch die Kugellager sind immer rostfrei.<\/li>\n<li>Alle Verbindungsst\u00fccke sind mechanisch geschwei\u00dft und bestehen aus rostfreiem Stahl (Inox 304).<\/li>\n<li>Die B\u00fcrsten an den R\u00e4ndern werden in Frankreich vom Spezialisten f\u00fcr B\u00fcrsten f\u00fcr die Industrie, Schwimmbad\u00fcberdachungen, hergestellt.<\/li>\n<li>Die Verbindungen werden mit 6 mm starken Strukturnieten mit einer Einzelfestigkeit von 600 kg vernietet.<\/li>\n<\/ul>\n<h2>Optionen f\u00fcr mobile Terrasse SlideDeck<\/h2>\n<p>Selon les dimensions, la terrasse mobile SlideDeck circule sur un ou deux rails arrondis pour un parfait guidage et un mouvement tout en douceur.<\/p>\n<p>Pour la partie isolation thermique, nous avons mis le paquet :<\/p>\n<ul>\n<li>Qualitativ hochwertige Besen am Rand, um das Eindringen von Luft (und Schmutz) zu begrenzen<\/li>\n<li>Speziell zugeschnittene PVC-Platten, die zwischen die Terrassendielen geschoben werden, um W\u00e4rmeverluste zwischen den Dielen zu vermeiden.<\/li>\n<li>F\u00fcr die W\u00e4rmed\u00e4mmung liefern wir Polyurethanschaumplatten mit einem W\u00e4rmedurchlasswiderstandskoeffizienten von R = 2,2.<\/li>\n<\/ul>\n<p>So weist Ihre mobile Terrasse eine au\u00dfergew\u00f6hnliche W\u00e4rmeleistung auf, die es erm\u00f6glicht, die W\u00e4rme des Schwimmbeckens zu erhalten und die Energiekosten zu begrenzen.<\/p>\n<p>\t\t\t\t\t\t\t\t\t\t\t\t\t<img decoding=\"async\" width=\"700\" height=\"525\" src=\"https:\/\/terrasse-mobile.net\/wp-content\/uploads\/2024\/03\/BERTAGNE-CONSTRUCTION-GROS-PLANS00002.jpeg\" alt=\"mobile Terrassenb\u00fcrste\" srcset=\"https:\/\/terrasse-mobile.net\/wp-content\/uploads\/2024\/03\/BERTAGNE-CONSTRUCTION-GROS-PLANS00002.jpeg 700w, https:\/\/terrasse-mobile.net\/wp-content\/uploads\/2024\/03\/BERTAGNE-CONSTRUCTION-GROS-PLANS00002-300x225.jpeg 300w\" sizes=\"(max-width: 700px) 100vw, 700px\" \/>\t\t\t\t\t\t\t\t\t\t\t\t\t<\/p>\n<h2>Die SlideDeck-Bel\u00e4ge f\u00fcr mobile Terrassen<\/h2>\n<p>F\u00fcr die Motorisierung bieten wir ein extrem leistungsstarkes System mit einem motorisierten Rad an, das von einer Batterie und einer Photovoltaikzelle gespeist wird. Kein Anschluss erforderlich, kein Strom in der N\u00e4he des Beckens.<\/p>\n<p>Schlie\u00dflich bieten wir eine Auswahl an hochwertigen Verkleidungen an:<\/p>\n<ul>\n<li>Terrassendielen aus exotischem Holz<\/li>\n<li>Terrassendielen aus Holz-Verbundstoff<\/li>\n<li>Terrassendielen aus Mineralharz<\/li>\n<li>Terrassendielen aus Aluminium<\/li>\n<li>Synthetischer Rasen<\/li>\n<li>Blatt aus Stein.<\/li>\n<\/ul>\n<p>Wir k\u00f6nnen uns auf spezielle W\u00fcnsche einstellen und Sonderprojekte durchf\u00fchren.<\/p>\n<p>Die gesamte Struktur wird in der Werkstatt vormontiert und sorgf\u00e4ltig verpackt, sodass sie sehr schnell bei Ihnen zu Hause aufgebaut werden kann.<\/p>\n<p>Eine 18 m2 gro\u00dfe mobile Terrasse kann von zwei Personen in drei Stunden aufgebaut werden (ohne Belag).<\/p>\n<p>\t\t\t<a href=\"https:\/\/terrasse-mobile.net\/de_ch\/beschichtungen\/\"><br \/>\n\t\t\t\t\t\tD\u00e9couvrez les la personnalisation SlideDeck<br \/>\n\t\t\t\t\t<\/a><br \/>\n\t\t\t\t\t\t\t\t\t\t\t\t\t<img decoding=\"async\" width=\"765\" height=\"510\" src=\"https:\/\/terrasse-mobile.net\/wp-content\/uploads\/2024\/02\/DSC_0092-1.jpg\" alt=\"mobile Terrassenbeleuchtung\" srcset=\"https:\/\/terrasse-mobile.net\/wp-content\/uploads\/2024\/02\/DSC_0092-1.jpg 765w, https:\/\/terrasse-mobile.net\/wp-content\/uploads\/2024\/02\/DSC_0092-1-300x200.jpg 300w\" sizes=\"(max-width: 765px) 100vw, 765px\" \/><\/p>","protected":false},"excerpt":{"rendered":"<p>Comment fonctionne la terrasse mobile SlideDeck ? La terrasse mobile SlideDeck est la r\u00e9f\u00e9rence des syst\u00e8mes de terrasses mobiles pour piscine. Pour chaque partie de de Slidedeck, nous avons s\u00e9lectionn\u00e9 les meilleurs composants, les solutions les plus fiables et les plus \u00e9prouv\u00e9es. Tout d&rsquo;abord, Slidedeck est constitu\u00e9e d&rsquo;une robuste structure construite avec des tubes en&#8230;<\/p>","protected":false},"author":1,"featured_media":0,"parent":365,"menu_order":3,"comment_status":"closed","ping_status":"closed","template":"","meta":{"_kad_post_transparent":"","_kad_post_title":"","_kad_post_layout":"","_kad_post_sidebar_id":"","_kad_post_content_style":"","_kad_post_vertical_padding":"","_kad_post_feature":"","_kad_post_feature_position":"","_kad_post_header":false,"_kad_post_footer":false,"_kad_post_classname":"","footnotes":""},"folder":[13],"class_list":["post-1328","page","type-page","status-publish","hentry"],"yoast_head":"<!-- This site is optimized with the Yoast SEO plugin v27.4 - https:\/\/yoast.com\/product\/yoast-seo-wordpress\/ -->\n<title>Comment fonctionne la terrasse mobile d&#039;une piscine ?<\/title>\n<meta name=\"robots\" content=\"index, follow, max-snippet:-1, max-image-preview:large, max-video-preview:-1\" \/>\n<link rel=\"canonical\" href=\"https:\/\/terrasse-mobile.net\/de_ch\/mobile-terrasse-ile-de-france-old\/fonctionnement-terrasse-mobile-piscine-od\/\" \/>\n<meta property=\"og:locale\" content=\"de_DE\" \/>\n<meta property=\"og:type\" content=\"article\" \/>\n<meta property=\"og:title\" content=\"Comment fonctionne la terrasse mobile d&#039;une piscine ?\" \/>\n<meta property=\"og:description\" content=\"Comment fonctionne la terrasse mobile SlideDeck ? La terrasse mobile SlideDeck est la r\u00e9f\u00e9rence des syst\u00e8mes de terrasses mobiles pour piscine. Pour chaque partie de de Slidedeck, nous avons s\u00e9lectionn\u00e9 les meilleurs composants, les solutions les plus fiables et les plus \u00e9prouv\u00e9es. Tout d&rsquo;abord, Slidedeck est constitu\u00e9e d&rsquo;une robuste structure construite avec des tubes en...\" \/>\n<meta property=\"og:url\" content=\"https:\/\/terrasse-mobile.net\/de_ch\/mobile-terrasse-ile-de-france-old\/fonctionnement-terrasse-mobile-piscine-od\/\" \/>\n<meta property=\"og:site_name\" content=\"Terrasse mobile\" \/>\n<meta property=\"article:modified_time\" content=\"2024-10-01T10:57:27+00:00\" \/>\n<meta property=\"og:image\" content=\"https:\/\/terrasse-mobile.net\/wp-content\/uploads\/2024\/03\/DURAN-CONSTRUCTION-GROS-PLANS00001.jpg\" \/>\n<meta name=\"twitter:card\" content=\"summary_large_image\" \/>\n<meta name=\"twitter:label1\" content=\"Gesch\u00e4tzte Lesezeit\" \/>\n\t<meta name=\"twitter:data1\" content=\"3\u00a0Minuten\" \/>\n<script type=\"application\/ld+json\" class=\"yoast-schema-graph\">{\"@context\":\"https:\\\/\\\/schema.org\",\"@graph\":[{\"@type\":\"WebPage\",\"@id\":\"https:\\\/\\\/terrasse-mobile.net\\\/terrasse-mobile-ile-de-france-old\\\/fonctionnement-terrasse-mobile-piscine-od\\\/\",\"url\":\"https:\\\/\\\/terrasse-mobile.net\\\/terrasse-mobile-ile-de-france-old\\\/fonctionnement-terrasse-mobile-piscine-od\\\/\",\"name\":\"Comment fonctionne la terrasse mobile d'une piscine ?\",\"isPartOf\":{\"@id\":\"https:\\\/\\\/terrasse-mobile.net\\\/#website\"},\"primaryImageOfPage\":{\"@id\":\"https:\\\/\\\/terrasse-mobile.net\\\/terrasse-mobile-ile-de-france-old\\\/fonctionnement-terrasse-mobile-piscine-od\\\/#primaryimage\"},\"image\":{\"@id\":\"https:\\\/\\\/terrasse-mobile.net\\\/terrasse-mobile-ile-de-france-old\\\/fonctionnement-terrasse-mobile-piscine-od\\\/#primaryimage\"},\"thumbnailUrl\":\"https:\\\/\\\/terrasse-mobile.net\\\/wp-content\\\/uploads\\\/2024\\\/03\\\/DURAN-CONSTRUCTION-GROS-PLANS00001.jpg\",\"datePublished\":\"2024-01-23T16:00:12+00:00\",\"dateModified\":\"2024-10-01T10:57:27+00:00\",\"breadcrumb\":{\"@id\":\"https:\\\/\\\/terrasse-mobile.net\\\/terrasse-mobile-ile-de-france-old\\\/fonctionnement-terrasse-mobile-piscine-od\\\/#breadcrumb\"},\"inLanguage\":\"de-CH\",\"potentialAction\":[{\"@type\":\"ReadAction\",\"target\":[\"https:\\\/\\\/terrasse-mobile.net\\\/terrasse-mobile-ile-de-france-old\\\/fonctionnement-terrasse-mobile-piscine-od\\\/\"]}]},{\"@type\":\"ImageObject\",\"inLanguage\":\"de-CH\",\"@id\":\"https:\\\/\\\/terrasse-mobile.net\\\/terrasse-mobile-ile-de-france-old\\\/fonctionnement-terrasse-mobile-piscine-od\\\/#primaryimage\",\"url\":\"https:\\\/\\\/terrasse-mobile.net\\\/wp-content\\\/uploads\\\/2024\\\/03\\\/DURAN-CONSTRUCTION-GROS-PLANS00001.jpg\",\"contentUrl\":\"https:\\\/\\\/terrasse-mobile.net\\\/wp-content\\\/uploads\\\/2024\\\/03\\\/DURAN-CONSTRUCTION-GROS-PLANS00001.jpg\"},{\"@type\":\"BreadcrumbList\",\"@id\":\"https:\\\/\\\/terrasse-mobile.net\\\/terrasse-mobile-ile-de-france-old\\\/fonctionnement-terrasse-mobile-piscine-od\\\/#breadcrumb\",\"itemListElement\":[{\"@type\":\"ListItem\",\"position\":1,\"name\":\"Accueil\",\"item\":\"https:\\\/\\\/terrasse-mobile.net\\\/\"},{\"@type\":\"ListItem\",\"position\":2,\"name\":\"D\u00c9COUVREZ SLIDEDECK old\",\"item\":\"https:\\\/\\\/terrasse-mobile.net\\\/terrasse-mobile-ile-de-france-old\\\/\"},{\"@type\":\"ListItem\",\"position\":3,\"name\":\"COMMENT FONCTIONNE SLIDEDECK ? OLD\"}]},{\"@type\":\"WebSite\",\"@id\":\"https:\\\/\\\/terrasse-mobile.net\\\/#website\",\"url\":\"https:\\\/\\\/terrasse-mobile.net\\\/\",\"name\":\"Slidedeck\",\"description\":\"Construction sur mesure de terrasses mobiles en \u00cele-de-France\",\"publisher\":{\"@id\":\"https:\\\/\\\/terrasse-mobile.net\\\/#organization\"},\"potentialAction\":[{\"@type\":\"SearchAction\",\"target\":{\"@type\":\"EntryPoint\",\"urlTemplate\":\"https:\\\/\\\/terrasse-mobile.net\\\/?s={search_term_string}\"},\"query-input\":{\"@type\":\"PropertyValueSpecification\",\"valueRequired\":true,\"valueName\":\"search_term_string\"}}],\"inLanguage\":\"de-CH\"},{\"@type\":\"Organization\",\"@id\":\"https:\\\/\\\/terrasse-mobile.net\\\/#organization\",\"name\":\"Slidedeck\",\"url\":\"https:\\\/\\\/terrasse-mobile.net\\\/\",\"logo\":{\"@type\":\"ImageObject\",\"inLanguage\":\"de-CH\",\"@id\":\"https:\\\/\\\/terrasse-mobile.net\\\/#\\\/schema\\\/logo\\\/image\\\/\",\"url\":\"https:\\\/\\\/terrasse-mobile.net\\\/wp-content\\\/uploads\\\/2024\\\/01\\\/logo-slidedeck.jpg\",\"contentUrl\":\"https:\\\/\\\/terrasse-mobile.net\\\/wp-content\\\/uploads\\\/2024\\\/01\\\/logo-slidedeck.jpg\",\"width\":2000,\"height\":1103,\"caption\":\"Slidedeck\"},\"image\":{\"@id\":\"https:\\\/\\\/terrasse-mobile.net\\\/#\\\/schema\\\/logo\\\/image\\\/\"}}]}<\/script>\n<!-- \/ Yoast SEO plugin. -->","yoast_head_json":{"title":"Wie funktioniert eine mobile Poolterrasse?","robots":{"index":"index","follow":"follow","max-snippet":"max-snippet:-1","max-image-preview":"max-image-preview:large","max-video-preview":"max-video-preview:-1"},"canonical":"https:\/\/terrasse-mobile.net\/de_ch\/mobile-terrasse-ile-de-france-old\/fonctionnement-terrasse-mobile-piscine-od\/","og_locale":"de_DE","og_type":"article","og_title":"Comment fonctionne la terrasse mobile d'une piscine ?","og_description":"Comment fonctionne la terrasse mobile SlideDeck ? La terrasse mobile SlideDeck est la r\u00e9f\u00e9rence des syst\u00e8mes de terrasses mobiles pour piscine. Pour chaque partie de de Slidedeck, nous avons s\u00e9lectionn\u00e9 les meilleurs composants, les solutions les plus fiables et les plus \u00e9prouv\u00e9es. Tout d&rsquo;abord, Slidedeck est constitu\u00e9e d&rsquo;une robuste structure construite avec des tubes en...","og_url":"https:\/\/terrasse-mobile.net\/de_ch\/mobile-terrasse-ile-de-france-old\/fonctionnement-terrasse-mobile-piscine-od\/","og_site_name":"Terrasse mobile","article_modified_time":"2024-10-01T10:57:27+00:00","og_image":[{"url":"https:\/\/terrasse-mobile.net\/wp-content\/uploads\/2024\/03\/DURAN-CONSTRUCTION-GROS-PLANS00001.jpg","type":"","width":"","height":""}],"twitter_card":"summary_large_image","twitter_misc":{"Gesch\u00e4tzte Lesezeit":"3\u00a0Minuten"},"schema":{"@context":"https:\/\/schema.org","@graph":[{"@type":"WebPage","@id":"https:\/\/terrasse-mobile.net\/terrasse-mobile-ile-de-france-old\/fonctionnement-terrasse-mobile-piscine-od\/","url":"https:\/\/terrasse-mobile.net\/terrasse-mobile-ile-de-france-old\/fonctionnement-terrasse-mobile-piscine-od\/","name":"Wie funktioniert eine mobile Poolterrasse?","isPartOf":{"@id":"https:\/\/terrasse-mobile.net\/#website"},"primaryImageOfPage":{"@id":"https:\/\/terrasse-mobile.net\/terrasse-mobile-ile-de-france-old\/fonctionnement-terrasse-mobile-piscine-od\/#primaryimage"},"image":{"@id":"https:\/\/terrasse-mobile.net\/terrasse-mobile-ile-de-france-old\/fonctionnement-terrasse-mobile-piscine-od\/#primaryimage"},"thumbnailUrl":"https:\/\/terrasse-mobile.net\/wp-content\/uploads\/2024\/03\/DURAN-CONSTRUCTION-GROS-PLANS00001.jpg","datePublished":"2024-01-23T16:00:12+00:00","dateModified":"2024-10-01T10:57:27+00:00","breadcrumb":{"@id":"https:\/\/terrasse-mobile.net\/terrasse-mobile-ile-de-france-old\/fonctionnement-terrasse-mobile-piscine-od\/#breadcrumb"},"inLanguage":"de-CH","potentialAction":[{"@type":"ReadAction","target":["https:\/\/terrasse-mobile.net\/terrasse-mobile-ile-de-france-old\/fonctionnement-terrasse-mobile-piscine-od\/"]}]},{"@type":"ImageObject","inLanguage":"de-CH","@id":"https:\/\/terrasse-mobile.net\/terrasse-mobile-ile-de-france-old\/fonctionnement-terrasse-mobile-piscine-od\/#primaryimage","url":"https:\/\/terrasse-mobile.net\/wp-content\/uploads\/2024\/03\/DURAN-CONSTRUCTION-GROS-PLANS00001.jpg","contentUrl":"https:\/\/terrasse-mobile.net\/wp-content\/uploads\/2024\/03\/DURAN-CONSTRUCTION-GROS-PLANS00001.jpg"},{"@type":"BreadcrumbList","@id":"https:\/\/terrasse-mobile.net\/terrasse-mobile-ile-de-france-old\/fonctionnement-terrasse-mobile-piscine-od\/#breadcrumb","itemListElement":[{"@type":"ListItem","position":1,"name":"Accueil","item":"https:\/\/terrasse-mobile.net\/"},{"@type":"ListItem","position":2,"name":"D\u00c9COUVREZ SLIDEDECK old","item":"https:\/\/terrasse-mobile.net\/terrasse-mobile-ile-de-france-old\/"},{"@type":"ListItem","position":3,"name":"COMMENT FONCTIONNE SLIDEDECK ? OLD"}]},{"@type":"WebSite","@id":"https:\/\/terrasse-mobile.net\/#website","url":"https:\/\/terrasse-mobile.net\/","name":"Slidedeck","description":"Ma\u00dfgeschneiderte Konstruktion von mobilen Terrassen in der \u00cele-de-France","publisher":{"@id":"https:\/\/terrasse-mobile.net\/#organization"},"potentialAction":[{"@type":"SearchAction","target":{"@type":"EntryPoint","urlTemplate":"https:\/\/terrasse-mobile.net\/?s={search_term_string}"},"query-input":{"@type":"PropertyValueSpecification","valueRequired":true,"valueName":"search_term_string"}}],"inLanguage":"de-CH"},{"@type":"Organization","@id":"https:\/\/terrasse-mobile.net\/#organization","name":"Slidedeck","url":"https:\/\/terrasse-mobile.net\/","logo":{"@type":"ImageObject","inLanguage":"de-CH","@id":"https:\/\/terrasse-mobile.net\/#\/schema\/logo\/image\/","url":"https:\/\/terrasse-mobile.net\/wp-content\/uploads\/2024\/01\/logo-slidedeck.jpg","contentUrl":"https:\/\/terrasse-mobile.net\/wp-content\/uploads\/2024\/01\/logo-slidedeck.jpg","width":2000,"height":1103,"caption":"Slidedeck"},"image":{"@id":"https:\/\/terrasse-mobile.net\/#\/schema\/logo\/image\/"}}]}},"_links":{"self":[{"href":"https:\/\/terrasse-mobile.net\/de_ch\/wp-json\/wp\/v2\/pages\/1328","targetHints":{"allow":["GET"]}}],"collection":[{"href":"https:\/\/terrasse-mobile.net\/de_ch\/wp-json\/wp\/v2\/pages"}],"about":[{"href":"https:\/\/terrasse-mobile.net\/de_ch\/wp-json\/wp\/v2\/types\/page"}],"author":[{"embeddable":true,"href":"https:\/\/terrasse-mobile.net\/de_ch\/wp-json\/wp\/v2\/users\/1"}],"replies":[{"embeddable":true,"href":"https:\/\/terrasse-mobile.net\/de_ch\/wp-json\/wp\/v2\/comments?post=1328"}],"version-history":[{"count":68,"href":"https:\/\/terrasse-mobile.net\/de_ch\/wp-json\/wp\/v2\/pages\/1328\/revisions"}],"predecessor-version":[{"id":5641,"href":"https:\/\/terrasse-mobile.net\/de_ch\/wp-json\/wp\/v2\/pages\/1328\/revisions\/5641"}],"up":[{"embeddable":true,"href":"https:\/\/terrasse-mobile.net\/de_ch\/wp-json\/wp\/v2\/pages\/365"}],"wp:attachment":[{"href":"https:\/\/terrasse-mobile.net\/de_ch\/wp-json\/wp\/v2\/media?parent=1328"}],"wp:term":[{"taxonomy":"folder","embeddable":true,"href":"https:\/\/terrasse-mobile.net\/de_ch\/wp-json\/wp\/v2\/folder?post=1328"}],"curies":[{"name":"wp","href":"https:\/\/api.w.org\/{rel}","templated":true}]}}