{"id":1412,"date":"2024-01-24T11:43:09","date_gmt":"2024-01-24T10:43:26","guid":{"rendered":"https:\/\/terrasse-mobile.net\/?page_id=1412"},"modified":"2024-10-02T15:20:26","modified_gmt":"2024-10-02T13:20:26","slug":"old-models","status":"publish","type":"page","link":"https:\/\/terrasse-mobile.net\/de_ch\/modeles-old\/","title":{"rendered":"DIE SLIDEDECK OLD-REIHEN"},"content":{"rendered":"<h1>DIE VERSCHIEDENEN MODELLE <br \/> MOBILE TERRASSE SlideDeck<\/h1>\n<h2>\n\t\t\t\t\t\tMODELLE F\u00dcR MOBILE TERRASSEN<br \/>\n\t\t\t\t\t<\/h2>\n<p><em>Entdecken Sie das exklusive Sortiment an mobilen SlideDeck-Terrassen ...<\/em><\/p>\n<p>                    <img decoding=\"async\" width=\"726\" height=\"726\" src=\"https:\/\/terrasse-mobile.net\/wp-content\/uploads\/2024\/02\/REAL-SABOURAULT-PISCINE-3.jpg\" alt=\"mobile Terrasse in der Stadt\" srcset=\"https:\/\/terrasse-mobile.net\/wp-content\/uploads\/2024\/02\/REAL-SABOURAULT-PISCINE-3.jpg 726w, https:\/\/terrasse-mobile.net\/wp-content\/uploads\/2024\/02\/REAL-SABOURAULT-PISCINE-3-300x300.jpg 300w, https:\/\/terrasse-mobile.net\/wp-content\/uploads\/2024\/02\/REAL-SABOURAULT-PISCINE-3-150x150.jpg 150w\" sizes=\"(max-width: 726px) 100vw, 726px\" \/><\/p>\n<h3>\n                        Die mobile Terrasse <br \/>SlideDeck TERRA<br \/>\n                    <\/h3>\n<p>                        Entdecken Sie SlideDeck TERRA, ideal f\u00fcr kleine Schwimmbecken mit einer L\u00e4nge von maximal 5,70 Metern und einer Breite von maximal 4,00 Metern ...<br \/>\n                    <img decoding=\"async\" width=\"725\" height=\"724\" src=\"https:\/\/terrasse-mobile.net\/wp-content\/uploads\/2024\/03\/REAL-DUTHION-PISCINE2-copie.jpg\" alt=\"MOBILE TERRASSE\" srcset=\"https:\/\/terrasse-mobile.net\/wp-content\/uploads\/2024\/03\/REAL-DUTHION-PISCINE2-copie.jpg 725w, https:\/\/terrasse-mobile.net\/wp-content\/uploads\/2024\/03\/REAL-DUTHION-PISCINE2-copie-300x300.jpg 300w, https:\/\/terrasse-mobile.net\/wp-content\/uploads\/2024\/03\/REAL-DUTHION-PISCINE2-copie-150x150.jpg 150w\" sizes=\"(max-width: 725px) 100vw, 725px\" \/><\/p>\n<h3>\n                        Die mobile Terrasse<br \/> SlideDeck ATLAS<br \/>\n                    <\/h3>\n<p>                        Entdecken Sie SlideDeck Atlas, ideal f\u00fcr mittelgro\u00dfe Schwimmbecken mit einer L\u00e4nge von maximal 8,00 Metern und einer Breite von maximal 5,00 Metern ...<br \/>\n                    <img decoding=\"async\" width=\"725\" height=\"726\" src=\"https:\/\/terrasse-mobile.net\/wp-content\/uploads\/2024\/01\/rea-montain00007-copie.jpg\" alt=\"\" srcset=\"https:\/\/terrasse-mobile.net\/wp-content\/uploads\/2024\/01\/rea-montain00007-copie.jpg 725w, https:\/\/terrasse-mobile.net\/wp-content\/uploads\/2024\/01\/rea-montain00007-copie-300x300.jpg 300w, https:\/\/terrasse-mobile.net\/wp-content\/uploads\/2024\/01\/rea-montain00007-copie-150x150.jpg 150w\" sizes=\"(max-width: 725px) 100vw, 725px\" \/><\/p>\n<h3>\n                        Die mobile Terrasse <br \/> SlideDeck MASSGESCHNEIDERT<br \/>\n                    <\/h3>\n<p>                        Entdecken Sie SlideDeck SUR-MESURE, ideal f\u00fcr gro\u00dfe Schwimmb\u00e4der mit einer L\u00e4nge von maximal 16,00 Metern und einer Breite von 6,00 Metern.<\/p>","protected":false},"excerpt":{"rendered":"<p>LES DIFF\u00c9RENTS MOD\u00c8LES DE TERRASSE MOBILE SlideDeck LES MOD\u00c8LES DE TERRASSE MOBILE D\u00e9couvrez la gamme exclusive de terrasse mobile SlideDeck &#8230; La terrasse mobile SlideDeck TERRA D\u00e9couvrez SlideDeck TERRA, id\u00e9al pour les petites piscines ne d\u00e9passant pas les 5,70 m\u00e8tres de longueur pour 4,00 m\u00e8tres de largeur &#8230; La terrasse mobile SlideDeck ATLAS D\u00e9couvrez SlideDeck&#8230;<\/p>","protected":false},"author":1,"featured_media":0,"parent":0,"menu_order":8,"comment_status":"closed","ping_status":"closed","template":"","meta":{"_kad_post_transparent":"","_kad_post_title":"","_kad_post_layout":"","_kad_post_sidebar_id":"","_kad_post_content_style":"","_kad_post_vertical_padding":"","_kad_post_feature":"","_kad_post_feature_position":"","_kad_post_header":false,"_kad_post_footer":false,"_kad_post_classname":"","footnotes":""},"folder":[],"class_list":["post-1412","page","type-page","status-publish","hentry"],"yoast_head":"<!-- This site is optimized with the Yoast SEO plugin v27.5 - https:\/\/yoast.com\/product\/yoast-seo-wordpress\/ -->\n<title>Les mod\u00e8les de terrasse mobile<\/title>\n<meta name=\"robots\" content=\"index, follow, max-snippet:-1, max-image-preview:large, max-video-preview:-1\" \/>\n<link rel=\"canonical\" href=\"https:\/\/terrasse-mobile.net\/de_ch\/old-models\/\" \/>\n<meta property=\"og:locale\" content=\"de_DE\" \/>\n<meta property=\"og:type\" content=\"article\" \/>\n<meta property=\"og:title\" content=\"Les mod\u00e8les de terrasse mobile\" \/>\n<meta property=\"og:description\" content=\"LES DIFF\u00c9RENTS MOD\u00c8LES DE TERRASSE MOBILE SlideDeck LES MOD\u00c8LES DE TERRASSE MOBILE D\u00e9couvrez la gamme exclusive de terrasse mobile SlideDeck &#8230; La terrasse mobile SlideDeck TERRA D\u00e9couvrez SlideDeck TERRA, id\u00e9al pour les petites piscines ne d\u00e9passant pas les 5,70 m\u00e8tres de longueur pour 4,00 m\u00e8tres de largeur &#8230; La terrasse mobile SlideDeck ATLAS D\u00e9couvrez SlideDeck...\" \/>\n<meta property=\"og:url\" content=\"https:\/\/terrasse-mobile.net\/de_ch\/old-models\/\" \/>\n<meta property=\"og:site_name\" content=\"Terrasse mobile\" \/>\n<meta property=\"article:modified_time\" content=\"2024-10-02T13:20:26+00:00\" \/>\n<meta property=\"og:image\" content=\"https:\/\/terrasse-mobile.net\/wp-content\/uploads\/2024\/02\/REAL-SABOURAULT-PISCINE-3.jpg\" \/>\n<meta name=\"twitter:card\" content=\"summary_large_image\" \/>\n<meta name=\"twitter:label1\" content=\"Gesch\u00e4tzte Lesezeit\" \/>\n\t<meta name=\"twitter:data1\" content=\"2\u00a0Minuten\" \/>\n<script type=\"application\/ld+json\" class=\"yoast-schema-graph\">{\"@context\":\"https:\\\/\\\/schema.org\",\"@graph\":[{\"@type\":\"WebPage\",\"@id\":\"https:\\\/\\\/terrasse-mobile.net\\\/modeles-old\\\/\",\"url\":\"https:\\\/\\\/terrasse-mobile.net\\\/modeles-old\\\/\",\"name\":\"Les mod\u00e8les de terrasse mobile\",\"isPartOf\":{\"@id\":\"https:\\\/\\\/terrasse-mobile.net\\\/#website\"},\"primaryImageOfPage\":{\"@id\":\"https:\\\/\\\/terrasse-mobile.net\\\/modeles-old\\\/#primaryimage\"},\"image\":{\"@id\":\"https:\\\/\\\/terrasse-mobile.net\\\/modeles-old\\\/#primaryimage\"},\"thumbnailUrl\":\"https:\\\/\\\/terrasse-mobile.net\\\/wp-content\\\/uploads\\\/2024\\\/02\\\/REAL-SABOURAULT-PISCINE-3.jpg\",\"datePublished\":\"2024-01-24T10:43:26+00:00\",\"dateModified\":\"2024-10-02T13:20:26+00:00\",\"breadcrumb\":{\"@id\":\"https:\\\/\\\/terrasse-mobile.net\\\/modeles-old\\\/#breadcrumb\"},\"inLanguage\":\"de-CH\",\"potentialAction\":[{\"@type\":\"ReadAction\",\"target\":[\"https:\\\/\\\/terrasse-mobile.net\\\/modeles-old\\\/\"]}]},{\"@type\":\"ImageObject\",\"inLanguage\":\"de-CH\",\"@id\":\"https:\\\/\\\/terrasse-mobile.net\\\/modeles-old\\\/#primaryimage\",\"url\":\"https:\\\/\\\/terrasse-mobile.net\\\/wp-content\\\/uploads\\\/2024\\\/02\\\/REAL-SABOURAULT-PISCINE-3.jpg\",\"contentUrl\":\"https:\\\/\\\/terrasse-mobile.net\\\/wp-content\\\/uploads\\\/2024\\\/02\\\/REAL-SABOURAULT-PISCINE-3.jpg\"},{\"@type\":\"BreadcrumbList\",\"@id\":\"https:\\\/\\\/terrasse-mobile.net\\\/modeles-old\\\/#breadcrumb\",\"itemListElement\":[{\"@type\":\"ListItem\",\"position\":1,\"name\":\"Accueil\",\"item\":\"https:\\\/\\\/terrasse-mobile.net\\\/\"},{\"@type\":\"ListItem\",\"position\":2,\"name\":\"LES GAMMES SLIDEDECK OLD\"}]},{\"@type\":\"WebSite\",\"@id\":\"https:\\\/\\\/terrasse-mobile.net\\\/#website\",\"url\":\"https:\\\/\\\/terrasse-mobile.net\\\/\",\"name\":\"Slidedeck\",\"description\":\"Construction sur mesure de terrasses mobiles en \u00cele-de-France\",\"publisher\":{\"@id\":\"https:\\\/\\\/terrasse-mobile.net\\\/#organization\"},\"potentialAction\":[{\"@type\":\"SearchAction\",\"target\":{\"@type\":\"EntryPoint\",\"urlTemplate\":\"https:\\\/\\\/terrasse-mobile.net\\\/?s={search_term_string}\"},\"query-input\":{\"@type\":\"PropertyValueSpecification\",\"valueRequired\":true,\"valueName\":\"search_term_string\"}}],\"inLanguage\":\"de-CH\"},{\"@type\":\"Organization\",\"@id\":\"https:\\\/\\\/terrasse-mobile.net\\\/#organization\",\"name\":\"Slidedeck\",\"url\":\"https:\\\/\\\/terrasse-mobile.net\\\/\",\"logo\":{\"@type\":\"ImageObject\",\"inLanguage\":\"de-CH\",\"@id\":\"https:\\\/\\\/terrasse-mobile.net\\\/#\\\/schema\\\/logo\\\/image\\\/\",\"url\":\"https:\\\/\\\/terrasse-mobile.net\\\/wp-content\\\/uploads\\\/2024\\\/01\\\/logo-slidedeck.jpg\",\"contentUrl\":\"https:\\\/\\\/terrasse-mobile.net\\\/wp-content\\\/uploads\\\/2024\\\/01\\\/logo-slidedeck.jpg\",\"width\":2000,\"height\":1103,\"caption\":\"Slidedeck\"},\"image\":{\"@id\":\"https:\\\/\\\/terrasse-mobile.net\\\/#\\\/schema\\\/logo\\\/image\\\/\"}}]}<\/script>\n<!-- \/ Yoast SEO plugin. -->","yoast_head_json":{"title":"Modelle mobiler Terrassen","robots":{"index":"index","follow":"follow","max-snippet":"max-snippet:-1","max-image-preview":"max-image-preview:large","max-video-preview":"max-video-preview:-1"},"canonical":"https:\/\/terrasse-mobile.net\/de_ch\/old-models\/","og_locale":"de_DE","og_type":"article","og_title":"Les mod\u00e8les de terrasse mobile","og_description":"LES DIFF\u00c9RENTS MOD\u00c8LES DE TERRASSE MOBILE SlideDeck LES MOD\u00c8LES DE TERRASSE MOBILE D\u00e9couvrez la gamme exclusive de terrasse mobile SlideDeck &#8230; La terrasse mobile SlideDeck TERRA D\u00e9couvrez SlideDeck TERRA, id\u00e9al pour les petites piscines ne d\u00e9passant pas les 5,70 m\u00e8tres de longueur pour 4,00 m\u00e8tres de largeur &#8230; La terrasse mobile SlideDeck ATLAS D\u00e9couvrez SlideDeck...","og_url":"https:\/\/terrasse-mobile.net\/de_ch\/old-models\/","og_site_name":"Terrasse mobile","article_modified_time":"2024-10-02T13:20:26+00:00","og_image":[{"url":"https:\/\/terrasse-mobile.net\/wp-content\/uploads\/2024\/02\/REAL-SABOURAULT-PISCINE-3.jpg","type":"","width":"","height":""}],"twitter_card":"summary_large_image","twitter_misc":{"Gesch\u00e4tzte Lesezeit":"2\u00a0Minuten"},"schema":{"@context":"https:\/\/schema.org","@graph":[{"@type":"WebPage","@id":"https:\/\/terrasse-mobile.net\/modeles-old\/","url":"https:\/\/terrasse-mobile.net\/modeles-old\/","name":"Modelle mobiler Terrassen","isPartOf":{"@id":"https:\/\/terrasse-mobile.net\/#website"},"primaryImageOfPage":{"@id":"https:\/\/terrasse-mobile.net\/modeles-old\/#primaryimage"},"image":{"@id":"https:\/\/terrasse-mobile.net\/modeles-old\/#primaryimage"},"thumbnailUrl":"https:\/\/terrasse-mobile.net\/wp-content\/uploads\/2024\/02\/REAL-SABOURAULT-PISCINE-3.jpg","datePublished":"2024-01-24T10:43:26+00:00","dateModified":"2024-10-02T13:20:26+00:00","breadcrumb":{"@id":"https:\/\/terrasse-mobile.net\/modeles-old\/#breadcrumb"},"inLanguage":"de-CH","potentialAction":[{"@type":"ReadAction","target":["https:\/\/terrasse-mobile.net\/modeles-old\/"]}]},{"@type":"ImageObject","inLanguage":"de-CH","@id":"https:\/\/terrasse-mobile.net\/modeles-old\/#primaryimage","url":"https:\/\/terrasse-mobile.net\/wp-content\/uploads\/2024\/02\/REAL-SABOURAULT-PISCINE-3.jpg","contentUrl":"https:\/\/terrasse-mobile.net\/wp-content\/uploads\/2024\/02\/REAL-SABOURAULT-PISCINE-3.jpg"},{"@type":"BreadcrumbList","@id":"https:\/\/terrasse-mobile.net\/modeles-old\/#breadcrumb","itemListElement":[{"@type":"ListItem","position":1,"name":"Accueil","item":"https:\/\/terrasse-mobile.net\/"},{"@type":"ListItem","position":2,"name":"LES GAMMES SLIDEDECK OLD"}]},{"@type":"WebSite","@id":"https:\/\/terrasse-mobile.net\/#website","url":"https:\/\/terrasse-mobile.net\/","name":"Slidedeck","description":"Ma\u00dfgeschneiderte Konstruktion von mobilen Terrassen in der \u00cele-de-France","publisher":{"@id":"https:\/\/terrasse-mobile.net\/#organization"},"potentialAction":[{"@type":"SearchAction","target":{"@type":"EntryPoint","urlTemplate":"https:\/\/terrasse-mobile.net\/?s={search_term_string}"},"query-input":{"@type":"PropertyValueSpecification","valueRequired":true,"valueName":"search_term_string"}}],"inLanguage":"de-CH"},{"@type":"Organization","@id":"https:\/\/terrasse-mobile.net\/#organization","name":"Slidedeck","url":"https:\/\/terrasse-mobile.net\/","logo":{"@type":"ImageObject","inLanguage":"de-CH","@id":"https:\/\/terrasse-mobile.net\/#\/schema\/logo\/image\/","url":"https:\/\/terrasse-mobile.net\/wp-content\/uploads\/2024\/01\/logo-slidedeck.jpg","contentUrl":"https:\/\/terrasse-mobile.net\/wp-content\/uploads\/2024\/01\/logo-slidedeck.jpg","width":2000,"height":1103,"caption":"Slidedeck"},"image":{"@id":"https:\/\/terrasse-mobile.net\/#\/schema\/logo\/image\/"}}]}},"_links":{"self":[{"href":"https:\/\/terrasse-mobile.net\/de_ch\/wp-json\/wp\/v2\/pages\/1412","targetHints":{"allow":["GET"]}}],"collection":[{"href":"https:\/\/terrasse-mobile.net\/de_ch\/wp-json\/wp\/v2\/pages"}],"about":[{"href":"https:\/\/terrasse-mobile.net\/de_ch\/wp-json\/wp\/v2\/types\/page"}],"author":[{"embeddable":true,"href":"https:\/\/terrasse-mobile.net\/de_ch\/wp-json\/wp\/v2\/users\/1"}],"replies":[{"embeddable":true,"href":"https:\/\/terrasse-mobile.net\/de_ch\/wp-json\/wp\/v2\/comments?post=1412"}],"version-history":[{"count":74,"href":"https:\/\/terrasse-mobile.net\/de_ch\/wp-json\/wp\/v2\/pages\/1412\/revisions"}],"predecessor-version":[{"id":5642,"href":"https:\/\/terrasse-mobile.net\/de_ch\/wp-json\/wp\/v2\/pages\/1412\/revisions\/5642"}],"wp:attachment":[{"href":"https:\/\/terrasse-mobile.net\/de_ch\/wp-json\/wp\/v2\/media?parent=1412"}],"wp:term":[{"taxonomy":"folder","embeddable":true,"href":"https:\/\/terrasse-mobile.net\/de_ch\/wp-json\/wp\/v2\/folder?post=1412"}],"curies":[{"name":"wp","href":"https:\/\/api.w.org\/{rel}","templated":true}]}}