{"id":1947,"date":"2024-01-25T17:20:44","date_gmt":"2024-01-25T16:20:52","guid":{"rendered":"https:\/\/terrasse-mobile.net\/?page_id=1947"},"modified":"2024-10-01T15:07:56","modified_gmt":"2024-10-01T13:07:56","slug":"millboard-dielen-fur-mobile-terrasse-am-pool-alt","status":"publish","type":"page","link":"https:\/\/terrasse-mobile.net\/de_ch\/revetements-old\/bois-composite-old\/lames-millboard-terrasse-mobile-piscine-old\/","title":{"rendered":"VERBUNDHOLZ MILLBOARD old"},"content":{"rendered":"<h1>Millboard-Verbundholzplatten f\u00fcr mobile Terrassen<\/h1>\n<p>Millboard-Terrassendielen sind in zwei Ausf\u00fchrungen erh\u00e4ltlich:<\/p>\n<p>\u2013 GRAIN FIN mit einer eleganten Maserung, die perfekt die Masiv-Eiche imitiert<br \/>\u2013 NAT\u00dcRLICHE MASERUNG (oder Rustikal), die bereits von der Zeit gezeichnetes Holz imitiert (treibholz oder versteinertes Holz)<br \/>F\u00fcr jede Ausf\u00fchrung bieten wir mehrere Farben an, um auch den originellsten und anspruchsvollsten Projekten gerecht zu werden.<\/p>\n<h2>Was sind die Eigenschaften einer Terrassendiele aus Mineralharz?<\/h2>\n<p>Millboard-Terrassendielen sind Dielen aus Mineralharz, bestehend aus Polyurethan, Glasfaser und synthetischem Granulat, die mit einer Lasthane-Schicht \u00fcberzogen sind, die ihnen ein sehr realistisches Holzaussehen verleiht.<br \/>Millboard-Dielen eignen sich perfekt f\u00fcr die Gestaltung einer sch\u00f6nen Terrasse in Holzoptik, die \u00e4u\u00dferst widerstandsf\u00e4hig und langlebig ist. Die Pflege von Millboard-Terrassendielen ist einfach und f\u00fcr jedermann m\u00f6glich.<\/p>\n<p>\t\t\t\t\t\t\t\t\t\t\t\t\t<img decoding=\"async\" src=\"https:\/\/terrasse-mobile.net\/wp-content\/uploads\/elementor\/thumbs\/resine-minerale-millboard-grain-fin-chene-ceruse-ambiance-piscine-qktksfkjr7efn89mkxvx0laisejtl72rhk64wqdwz0.jpeg\" title=\"Mineralharz-Millboard-feine K\u00f6rnung-Eiche-Ceruse-Ambiente-Swimmingpool\" alt=\"Mineralharz-Millboard-feine K\u00f6rnung-Eiche-Ceruse-Ambiente-Swimmingpool\" loading=\"lazy\" \/>\t\t\t\t\t\t\t\t\t\t\t\t\t<\/p>\n<h2>Was sind die Vorteile einer Terrassendiele aus Mineralharz?<\/h2>\n<p>Die Dielen f\u00fcr mobile Terrassen aus Mineralharz sind langlebig und stabil, sie verformen sich nicht. Die Dielen sind au\u00dferdem sehr widerstandsf\u00e4hig gegen St\u00f6\u00dfe und Abdr\u00fccke, die durch Ihre Gartenm\u00f6bel verursacht werden k\u00f6nnen.<br \/>Millboard-Dielen splittern nicht, verhindern die Vermehrung von Sch\u00e4dlingen und verrotten nicht.<\/p>\n<h2>Widerstandsf\u00e4hige und recycelbare Terrassendielen<\/h2>\n<p>Die Dielen f\u00fcr mobile Terrassen aus Mineralharz vergrauen nicht und behalten ihre Farbe sowohl in der Sonne als auch im Schatten.<\/p>\n<p>Millboard-Platten sind:\u00a0<br \/>\u2013 Verrottungsfest: kein Bewuchs mit Moos und Unkraut<br \/>\u2013 Wasserundurchl\u00e4ssig: Fl\u00fcssigkeiten dringen nicht in die Klinge ein und hinterlassen somit keine Flecken.<\/p>\n<p>Die Terrassendielen aus Mineralharz von Millboard sind umweltfreundlich:<br \/>\u2013 geringer Energieverbrauch bei der Herstellung<br \/>\u2013 geringe CO2-Emissionen w\u00e4hrend der Produktion<br \/>\u2013 aus recycelbaren Materialien hergestellt.<\/p>\n<p>\t\t\t\t\t\t\t\t\t\t\t\t\t<img decoding=\"async\" width=\"800\" height=\"533\" src=\"https:\/\/terrasse-mobile.net\/wp-content\/uploads\/2024\/01\/grains-fin-chene-dore-piscine-debord.jpeg\" alt=\"Millboard-Verbundstoff-Terrassendielen\" srcset=\"https:\/\/terrasse-mobile.net\/wp-content\/uploads\/2024\/01\/grains-fin-chene-dore-piscine-debord.jpeg 800w, https:\/\/terrasse-mobile.net\/wp-content\/uploads\/2024\/01\/grains-fin-chene-dore-piscine-debord-300x200.jpeg 300w, https:\/\/terrasse-mobile.net\/wp-content\/uploads\/2024\/01\/grains-fin-chene-dore-piscine-debord-768x512.jpeg 768w\" sizes=\"(max-width: 800px) 100vw, 800px\" \/>\t\t\t\t\t\t\t\t\t\t\t\t\t<\/p>\n<p>Millboard-Dielen imitieren perfekt Holz und eignen sich ideal f\u00fcr hochwertige mobile Terrassen sowie f\u00fcr traditionelle oder moderne H\u00e4user. Sie k\u00f6nnen (mit einer geeigneten Unterkonstruktion) auf nat\u00fcrlichem Boden, auf alten Pflastersteinen, auf Abdichtungen, vor Schwimmb\u00e4dern oder f\u00fcr Unternehmen verlegt werden.\u00a0<\/p>\n<p>\t\t\t\t\t\t\t\t\t\t\t\t\t<img decoding=\"async\" width=\"583\" height=\"312\" src=\"https:\/\/terrasse-mobile.net\/wp-content\/uploads\/2024\/03\/resine-minerale-millboard-grain-fin-chene-dore-ambiance-piscine-1.jpeg\" alt=\"\" srcset=\"https:\/\/terrasse-mobile.net\/wp-content\/uploads\/2024\/03\/resine-minerale-millboard-grain-fin-chene-dore-ambiance-piscine-1.jpeg 583w, https:\/\/terrasse-mobile.net\/wp-content\/uploads\/2024\/03\/resine-minerale-millboard-grain-fin-chene-dore-ambiance-piscine-1-300x161.jpeg 300w\" sizes=\"(max-width: 583px) 100vw, 583px\" \/><br \/>\n\t\t\t<a href=\"https:\/\/terrasse-mobile.net\/de_ch\/konfigurationen\/\"><br \/>\n\t\t\t\t\t\tENTDECKEN SIE DIE SLIDEDECK-KONFIGURATIONEN<br \/>\n\t\t\t\t\t<\/a><\/p>","protected":false},"excerpt":{"rendered":"<p>Lames en bois composite Millboard pour terrasse mobile Les lames de terrasse Millboard sont propos\u00e9es en deux finitions: &#8211; le GRAIN FIN, comportant un \u00e9l\u00e9gant veinage imitant parfaitement le Ch\u00eane Massif&#8211; le GRAIN NATUREL (ou Rustique) imitant un bois d\u00e9j\u00e0 creus\u00e9 par le temps (bois flott\u00e9 ou p\u00e9trifi\u00e9)Dans chaque finition, nous proposoons plusieurs couleurs pour&#8230;<\/p>","protected":false},"author":1,"featured_media":0,"parent":1479,"menu_order":0,"comment_status":"closed","ping_status":"closed","template":"","meta":{"_kad_post_transparent":"","_kad_post_title":"","_kad_post_layout":"","_kad_post_sidebar_id":"","_kad_post_content_style":"","_kad_post_vertical_padding":"","_kad_post_feature":"","_kad_post_feature_position":"","_kad_post_header":false,"_kad_post_footer":false,"_kad_post_classname":"","footnotes":""},"folder":[14],"class_list":["post-1947","page","type-page","status-publish","hentry"],"yoast_head":"<!-- This site is optimized with the Yoast SEO plugin v27.5 - https:\/\/yoast.com\/product\/yoast-seo-wordpress\/ -->\n<title>Lames de terrasse Millboard pour terrasse mobile<\/title>\n<meta name=\"robots\" content=\"index, follow, max-snippet:-1, max-image-preview:large, max-video-preview:-1\" \/>\n<link rel=\"canonical\" href=\"https:\/\/terrasse-mobile.net\/de_ch\/old-beschichtungen\/verbundholz-alt\/millboard-dielen-fur-mobile-terrasse-am-pool-alt\/\" \/>\n<meta property=\"og:locale\" content=\"de_DE\" \/>\n<meta property=\"og:type\" content=\"article\" \/>\n<meta property=\"og:title\" content=\"Lames de terrasse Millboard pour terrasse mobile\" \/>\n<meta property=\"og:description\" content=\"Lames en bois composite Millboard pour terrasse mobile Les lames de terrasse Millboard sont propos\u00e9es en deux finitions: &#8211; le GRAIN FIN, comportant un \u00e9l\u00e9gant veinage imitant parfaitement le Ch\u00eane Massif&#8211; le GRAIN NATUREL (ou Rustique) imitant un bois d\u00e9j\u00e0 creus\u00e9 par le temps (bois flott\u00e9 ou p\u00e9trifi\u00e9)Dans chaque finition, nous proposoons plusieurs couleurs pour...\" \/>\n<meta property=\"og:url\" content=\"https:\/\/terrasse-mobile.net\/de_ch\/old-beschichtungen\/verbundholz-alt\/millboard-dielen-fur-mobile-terrasse-am-pool-alt\/\" \/>\n<meta property=\"og:site_name\" content=\"Terrasse mobile\" \/>\n<meta property=\"article:modified_time\" content=\"2024-10-01T13:07:56+00:00\" \/>\n<meta property=\"og:image\" content=\"https:\/\/terrasse-mobile.net\/wp-content\/uploads\/elementor\/thumbs\/resine-minerale-millboard-grain-fin-chene-ceruse-ambiance-piscine-qktksfkjr7efn89mkxvx0laisejtl72rhk64wqdwz0.jpeg\" \/>\n<meta name=\"twitter:card\" content=\"summary_large_image\" \/>\n<meta name=\"twitter:label1\" content=\"Gesch\u00e4tzte Lesezeit\" \/>\n\t<meta name=\"twitter:data1\" content=\"3\u00a0Minuten\" \/>\n<script type=\"application\/ld+json\" class=\"yoast-schema-graph\">{\"@context\":\"https:\\\/\\\/schema.org\",\"@graph\":[{\"@type\":\"WebPage\",\"@id\":\"https:\\\/\\\/terrasse-mobile.net\\\/revetements-old\\\/bois-composite-old\\\/lames-millboard-terrasse-mobile-piscine-old\\\/\",\"url\":\"https:\\\/\\\/terrasse-mobile.net\\\/revetements-old\\\/bois-composite-old\\\/lames-millboard-terrasse-mobile-piscine-old\\\/\",\"name\":\"Lames de terrasse Millboard pour terrasse mobile\",\"isPartOf\":{\"@id\":\"https:\\\/\\\/terrasse-mobile.net\\\/#website\"},\"primaryImageOfPage\":{\"@id\":\"https:\\\/\\\/terrasse-mobile.net\\\/revetements-old\\\/bois-composite-old\\\/lames-millboard-terrasse-mobile-piscine-old\\\/#primaryimage\"},\"image\":{\"@id\":\"https:\\\/\\\/terrasse-mobile.net\\\/revetements-old\\\/bois-composite-old\\\/lames-millboard-terrasse-mobile-piscine-old\\\/#primaryimage\"},\"thumbnailUrl\":\"https:\\\/\\\/terrasse-mobile.net\\\/wp-content\\\/uploads\\\/elementor\\\/thumbs\\\/resine-minerale-millboard-grain-fin-chene-ceruse-ambiance-piscine-qktksfkjr7efn89mkxvx0laisejtl72rhk64wqdwz0.jpeg\",\"datePublished\":\"2024-01-25T16:20:52+00:00\",\"dateModified\":\"2024-10-01T13:07:56+00:00\",\"breadcrumb\":{\"@id\":\"https:\\\/\\\/terrasse-mobile.net\\\/revetements-old\\\/bois-composite-old\\\/lames-millboard-terrasse-mobile-piscine-old\\\/#breadcrumb\"},\"inLanguage\":\"de-CH\",\"potentialAction\":[{\"@type\":\"ReadAction\",\"target\":[\"https:\\\/\\\/terrasse-mobile.net\\\/revetements-old\\\/bois-composite-old\\\/lames-millboard-terrasse-mobile-piscine-old\\\/\"]}]},{\"@type\":\"ImageObject\",\"inLanguage\":\"de-CH\",\"@id\":\"https:\\\/\\\/terrasse-mobile.net\\\/revetements-old\\\/bois-composite-old\\\/lames-millboard-terrasse-mobile-piscine-old\\\/#primaryimage\",\"url\":\"https:\\\/\\\/terrasse-mobile.net\\\/wp-content\\\/uploads\\\/elementor\\\/thumbs\\\/resine-minerale-millboard-grain-fin-chene-ceruse-ambiance-piscine-qktksfkjr7efn89mkxvx0laisejtl72rhk64wqdwz0.jpeg\",\"contentUrl\":\"https:\\\/\\\/terrasse-mobile.net\\\/wp-content\\\/uploads\\\/elementor\\\/thumbs\\\/resine-minerale-millboard-grain-fin-chene-ceruse-ambiance-piscine-qktksfkjr7efn89mkxvx0laisejtl72rhk64wqdwz0.jpeg\"},{\"@type\":\"BreadcrumbList\",\"@id\":\"https:\\\/\\\/terrasse-mobile.net\\\/revetements-old\\\/bois-composite-old\\\/lames-millboard-terrasse-mobile-piscine-old\\\/#breadcrumb\",\"itemListElement\":[{\"@type\":\"ListItem\",\"position\":1,\"name\":\"Accueil\",\"item\":\"https:\\\/\\\/terrasse-mobile.net\\\/\"},{\"@type\":\"ListItem\",\"position\":2,\"name\":\"LES REV\u00caTEMENTS SLIDEDECK OLD\",\"item\":\"https:\\\/\\\/terrasse-mobile.net\\\/revetements-old\\\/\"},{\"@type\":\"ListItem\",\"position\":3,\"name\":\"LES BOIS COMPOSITES old\",\"item\":\"https:\\\/\\\/terrasse-mobile.net\\\/revetements-old\\\/bois-composite-old\\\/\"},{\"@type\":\"ListItem\",\"position\":4,\"name\":\"BOIS COMPOSITE MILLBOARD old\"}]},{\"@type\":\"WebSite\",\"@id\":\"https:\\\/\\\/terrasse-mobile.net\\\/#website\",\"url\":\"https:\\\/\\\/terrasse-mobile.net\\\/\",\"name\":\"Slidedeck\",\"description\":\"Construction sur mesure de terrasses mobiles en \u00cele-de-France\",\"publisher\":{\"@id\":\"https:\\\/\\\/terrasse-mobile.net\\\/#organization\"},\"potentialAction\":[{\"@type\":\"SearchAction\",\"target\":{\"@type\":\"EntryPoint\",\"urlTemplate\":\"https:\\\/\\\/terrasse-mobile.net\\\/?s={search_term_string}\"},\"query-input\":{\"@type\":\"PropertyValueSpecification\",\"valueRequired\":true,\"valueName\":\"search_term_string\"}}],\"inLanguage\":\"de-CH\"},{\"@type\":\"Organization\",\"@id\":\"https:\\\/\\\/terrasse-mobile.net\\\/#organization\",\"name\":\"Slidedeck\",\"url\":\"https:\\\/\\\/terrasse-mobile.net\\\/\",\"logo\":{\"@type\":\"ImageObject\",\"inLanguage\":\"de-CH\",\"@id\":\"https:\\\/\\\/terrasse-mobile.net\\\/#\\\/schema\\\/logo\\\/image\\\/\",\"url\":\"https:\\\/\\\/terrasse-mobile.net\\\/wp-content\\\/uploads\\\/2024\\\/01\\\/logo-slidedeck.jpg\",\"contentUrl\":\"https:\\\/\\\/terrasse-mobile.net\\\/wp-content\\\/uploads\\\/2024\\\/01\\\/logo-slidedeck.jpg\",\"width\":2000,\"height\":1103,\"caption\":\"Slidedeck\"},\"image\":{\"@id\":\"https:\\\/\\\/terrasse-mobile.net\\\/#\\\/schema\\\/logo\\\/image\\\/\"}}]}<\/script>\n<!-- \/ Yoast SEO plugin. -->","yoast_head_json":{"title":"Millboard-Terrassendielen f\u00fcr mobile Terrassen","robots":{"index":"index","follow":"follow","max-snippet":"max-snippet:-1","max-image-preview":"max-image-preview:large","max-video-preview":"max-video-preview:-1"},"canonical":"https:\/\/terrasse-mobile.net\/de_ch\/old-beschichtungen\/verbundholz-alt\/millboard-dielen-fur-mobile-terrasse-am-pool-alt\/","og_locale":"de_DE","og_type":"article","og_title":"Lames de terrasse Millboard pour terrasse mobile","og_description":"Lames en bois composite Millboard pour terrasse mobile Les lames de terrasse Millboard sont propos\u00e9es en deux finitions: &#8211; le GRAIN FIN, comportant un \u00e9l\u00e9gant veinage imitant parfaitement le Ch\u00eane Massif&#8211; le GRAIN NATUREL (ou Rustique) imitant un bois d\u00e9j\u00e0 creus\u00e9 par le temps (bois flott\u00e9 ou p\u00e9trifi\u00e9)Dans chaque finition, nous proposoons plusieurs couleurs pour...","og_url":"https:\/\/terrasse-mobile.net\/de_ch\/old-beschichtungen\/verbundholz-alt\/millboard-dielen-fur-mobile-terrasse-am-pool-alt\/","og_site_name":"Terrasse mobile","article_modified_time":"2024-10-01T13:07:56+00:00","og_image":[{"url":"https:\/\/terrasse-mobile.net\/wp-content\/uploads\/elementor\/thumbs\/resine-minerale-millboard-grain-fin-chene-ceruse-ambiance-piscine-qktksfkjr7efn89mkxvx0laisejtl72rhk64wqdwz0.jpeg","type":"","width":"","height":""}],"twitter_card":"summary_large_image","twitter_misc":{"Gesch\u00e4tzte Lesezeit":"3\u00a0Minuten"},"schema":{"@context":"https:\/\/schema.org","@graph":[{"@type":"WebPage","@id":"https:\/\/terrasse-mobile.net\/revetements-old\/bois-composite-old\/lames-millboard-terrasse-mobile-piscine-old\/","url":"https:\/\/terrasse-mobile.net\/revetements-old\/bois-composite-old\/lames-millboard-terrasse-mobile-piscine-old\/","name":"Millboard-Terrassendielen f\u00fcr mobile Terrassen","isPartOf":{"@id":"https:\/\/terrasse-mobile.net\/#website"},"primaryImageOfPage":{"@id":"https:\/\/terrasse-mobile.net\/revetements-old\/bois-composite-old\/lames-millboard-terrasse-mobile-piscine-old\/#primaryimage"},"image":{"@id":"https:\/\/terrasse-mobile.net\/revetements-old\/bois-composite-old\/lames-millboard-terrasse-mobile-piscine-old\/#primaryimage"},"thumbnailUrl":"https:\/\/terrasse-mobile.net\/wp-content\/uploads\/elementor\/thumbs\/resine-minerale-millboard-grain-fin-chene-ceruse-ambiance-piscine-qktksfkjr7efn89mkxvx0laisejtl72rhk64wqdwz0.jpeg","datePublished":"2024-01-25T16:20:52+00:00","dateModified":"2024-10-01T13:07:56+00:00","breadcrumb":{"@id":"https:\/\/terrasse-mobile.net\/revetements-old\/bois-composite-old\/lames-millboard-terrasse-mobile-piscine-old\/#breadcrumb"},"inLanguage":"de-CH","potentialAction":[{"@type":"ReadAction","target":["https:\/\/terrasse-mobile.net\/revetements-old\/bois-composite-old\/lames-millboard-terrasse-mobile-piscine-old\/"]}]},{"@type":"ImageObject","inLanguage":"de-CH","@id":"https:\/\/terrasse-mobile.net\/revetements-old\/bois-composite-old\/lames-millboard-terrasse-mobile-piscine-old\/#primaryimage","url":"https:\/\/terrasse-mobile.net\/wp-content\/uploads\/elementor\/thumbs\/resine-minerale-millboard-grain-fin-chene-ceruse-ambiance-piscine-qktksfkjr7efn89mkxvx0laisejtl72rhk64wqdwz0.jpeg","contentUrl":"https:\/\/terrasse-mobile.net\/wp-content\/uploads\/elementor\/thumbs\/resine-minerale-millboard-grain-fin-chene-ceruse-ambiance-piscine-qktksfkjr7efn89mkxvx0laisejtl72rhk64wqdwz0.jpeg"},{"@type":"BreadcrumbList","@id":"https:\/\/terrasse-mobile.net\/revetements-old\/bois-composite-old\/lames-millboard-terrasse-mobile-piscine-old\/#breadcrumb","itemListElement":[{"@type":"ListItem","position":1,"name":"Accueil","item":"https:\/\/terrasse-mobile.net\/"},{"@type":"ListItem","position":2,"name":"LES REV\u00caTEMENTS SLIDEDECK OLD","item":"https:\/\/terrasse-mobile.net\/revetements-old\/"},{"@type":"ListItem","position":3,"name":"LES BOIS COMPOSITES old","item":"https:\/\/terrasse-mobile.net\/revetements-old\/bois-composite-old\/"},{"@type":"ListItem","position":4,"name":"BOIS COMPOSITE MILLBOARD old"}]},{"@type":"WebSite","@id":"https:\/\/terrasse-mobile.net\/#website","url":"https:\/\/terrasse-mobile.net\/","name":"Slidedeck","description":"Ma\u00dfgeschneiderte Konstruktion von mobilen Terrassen in der \u00cele-de-France","publisher":{"@id":"https:\/\/terrasse-mobile.net\/#organization"},"potentialAction":[{"@type":"SearchAction","target":{"@type":"EntryPoint","urlTemplate":"https:\/\/terrasse-mobile.net\/?s={search_term_string}"},"query-input":{"@type":"PropertyValueSpecification","valueRequired":true,"valueName":"search_term_string"}}],"inLanguage":"de-CH"},{"@type":"Organization","@id":"https:\/\/terrasse-mobile.net\/#organization","name":"Slidedeck","url":"https:\/\/terrasse-mobile.net\/","logo":{"@type":"ImageObject","inLanguage":"de-CH","@id":"https:\/\/terrasse-mobile.net\/#\/schema\/logo\/image\/","url":"https:\/\/terrasse-mobile.net\/wp-content\/uploads\/2024\/01\/logo-slidedeck.jpg","contentUrl":"https:\/\/terrasse-mobile.net\/wp-content\/uploads\/2024\/01\/logo-slidedeck.jpg","width":2000,"height":1103,"caption":"Slidedeck"},"image":{"@id":"https:\/\/terrasse-mobile.net\/#\/schema\/logo\/image\/"}}]}},"_links":{"self":[{"href":"https:\/\/terrasse-mobile.net\/de_ch\/wp-json\/wp\/v2\/pages\/1947","targetHints":{"allow":["GET"]}}],"collection":[{"href":"https:\/\/terrasse-mobile.net\/de_ch\/wp-json\/wp\/v2\/pages"}],"about":[{"href":"https:\/\/terrasse-mobile.net\/de_ch\/wp-json\/wp\/v2\/types\/page"}],"author":[{"embeddable":true,"href":"https:\/\/terrasse-mobile.net\/de_ch\/wp-json\/wp\/v2\/users\/1"}],"replies":[{"embeddable":true,"href":"https:\/\/terrasse-mobile.net\/de_ch\/wp-json\/wp\/v2\/comments?post=1947"}],"version-history":[{"count":35,"href":"https:\/\/terrasse-mobile.net\/de_ch\/wp-json\/wp\/v2\/pages\/1947\/revisions"}],"predecessor-version":[{"id":5688,"href":"https:\/\/terrasse-mobile.net\/de_ch\/wp-json\/wp\/v2\/pages\/1947\/revisions\/5688"}],"up":[{"embeddable":true,"href":"https:\/\/terrasse-mobile.net\/de_ch\/wp-json\/wp\/v2\/pages\/1479"}],"wp:attachment":[{"href":"https:\/\/terrasse-mobile.net\/de_ch\/wp-json\/wp\/v2\/media?parent=1947"}],"wp:term":[{"taxonomy":"folder","embeddable":true,"href":"https:\/\/terrasse-mobile.net\/de_ch\/wp-json\/wp\/v2\/folder?post=1947"}],"curies":[{"name":"wp","href":"https:\/\/api.w.org\/{rel}","templated":true}]}}