{"id":1965,"date":"2024-01-26T10:38:44","date_gmt":"2024-01-26T09:38:52","guid":{"rendered":"https:\/\/terrasse-mobile.net\/?page_id=1965"},"modified":"2024-10-01T15:09:06","modified_gmt":"2024-10-01T13:09:06","slug":"schiebeterrasse-am-pool-mit-kunstrasen-alt","status":"publish","type":"page","link":"https:\/\/terrasse-mobile.net\/de_ch\/revetements-old\/revetements-naturels-old\/terrasse-coulissante-piscine-avec-gazon-synthetique-old\/","title":{"rendered":"KUNSTRASEN alt"},"content":{"rendered":"<h1>Die mobile Terrasse mit Kunstrasen<\/h1>\n<p>\t\t\t\t\t\t\t\t\t\t\t\t\t<img decoding=\"async\" width=\"548\" height=\"445\" src=\"https:\/\/terrasse-mobile.net\/wp-content\/uploads\/2024\/01\/SLIDEDECK-GAZON-SYNTHETIQUE00001-copie-1.jpeg\" alt=\"MOBILE TERRASSE AUS KUNSTRASEN\" srcset=\"https:\/\/terrasse-mobile.net\/wp-content\/uploads\/2024\/01\/SLIDEDECK-GAZON-SYNTHETIQUE00001-copie-1.jpeg 548w, https:\/\/terrasse-mobile.net\/wp-content\/uploads\/2024\/01\/SLIDEDECK-GAZON-SYNTHETIQUE00001-copie-1-300x244.jpeg 300w\" sizes=\"(max-width: 548px) 100vw, 548px\" \/>\t\t\t\t\t\t\t\t\t\t\t\t\t<\/p>\n<h2>Die Vorteile von Kunstrasen<br \/>\n<\/h2>\n<p>Kunstrasenbel\u00e4ge f\u00fcr Terrassen eignen sich auch ideal f\u00fcr die Gestaltung mobiler Terrassen.<\/p>\n<p>Zun\u00e4chst einmal sind das geringe Gewicht und die einfache Handhabung von Kunstrasen wichtige Vorteile. Im Vergleich zu anderen Bodenbel\u00e4gen ist Kunstrasen in der Regel leicht, was das h\u00e4ufige Versetzen einer mobilen Terrasse erleichtert und gleichzeitig die strukturelle Belastung minimiert.<\/p>\n<p>Die Witterungsbest\u00e4ndigkeit ist ein weiterer bedeutender Vorteil. Kunstrasen ist so konzipiert, dass er klimatischen Schwankungen, UV-Strahlung und widrigen Wetterbedingungen standh\u00e4lt, ohne sich zu zersetzen. Dank dieser Widerstandsf\u00e4higkeit eignet er sich f\u00fcr den Einsatz im Au\u00dfenbereich und gew\u00e4hrleistet eine konstante Haltbarkeit und ein ansprechendes Erscheinungsbild.<\/p>\n<p>\t\t\t<a href=\"https:\/\/terrasse-mobile.net\/de_ch\/beschichtungen\/\"><br \/>\n\t\t\t\t\t\tENTDECKEN SIE DIE ANDEREN SLIDEDECK-BEL\u00c4GE<br \/>\n\t\t\t\t\t<\/a><\/p>\n<h2>Ein idealer Belag f\u00fcr eine mobile Terrasse<br \/>\n<\/h2>\n<p>Die einfache Pflege ist ein praktischer Aspekt, der besonders bei mobilen Terrassen gesch\u00e4tzt wird. Kunstrasen erfordert nur minimale Pflege, wie z. B. gelegentliches Kehren oder Abspritzen, sodass die Terrasse ohne gro\u00dfen Aufwand gepflegt aussehen kann.<\/p>\n<p>Der Komfort und die W\u00e4rmeisolierung sind weitere Vorteile von Kunstrasen. Er schafft eine weiche und angenehme Oberfl\u00e4che unter den F\u00fc\u00dfen und reduziert gleichzeitig \u00fcberm\u00e4\u00dfige Hitze bei sonnigem Wetter, wodurch eine entspannte Atmosph\u00e4re auf der mobilen Terrasse entsteht.<\/p>\n<p>Vielseitigkeit ist eine weitere St\u00e4rke von Kunstrasen als Bodenbelag. Er ist in einer Vielzahl von Ausf\u00fchrungen, Halml\u00e4ngen und Farben erh\u00e4ltlich und bietet somit \u00e4sthetische Flexibilit\u00e4t, sodass die Terrasse an den gew\u00fcnschten Stil und die Umgebung angepasst werden kann.<\/p>\n<p>\t\t\t<a href=\"https:\/\/terrasse-mobile.net\/de_ch\/konfigurationen\/\"><br \/>\n\t\t\t\t\t\tENTDECKEN SIE DIE SLIDEDECK-KONFIGURATIONEN<br \/>\n\t\t\t\t\t<\/a><br \/>\n\t\t\t\t\t\t\t\t\t\t\t\t\t<img decoding=\"async\" width=\"743\" height=\"560\" src=\"https:\/\/terrasse-mobile.net\/wp-content\/uploads\/2024\/01\/SLIDEDECK-GAZON-SYNTHETIQUE00002-1.jpeg\" alt=\"MOBILE TERRASSE KUNSTRASEN\" srcset=\"https:\/\/terrasse-mobile.net\/wp-content\/uploads\/2024\/01\/SLIDEDECK-GAZON-SYNTHETIQUE00002-1.jpeg 743w, https:\/\/terrasse-mobile.net\/wp-content\/uploads\/2024\/01\/SLIDEDECK-GAZON-SYNTHETIQUE00002-1-300x226.jpeg 300w\" sizes=\"(max-width: 743px) 100vw, 743px\" \/><\/p>","protected":false},"excerpt":{"rendered":"<p>La terrasse mobile avec gazon synth\u00e9tique Les avantages du gazon synth\u00e9tique Les rev\u00eatements de terrasse en gazon synth\u00e9tique pr\u00e9sentent \u00e9galement des caract\u00e9ristiques id\u00e9ales pour l&rsquo;am\u00e9nagement de terrasses mobiles. Tout d&rsquo;abord, la l\u00e9g\u00e8ret\u00e9 et la facilit\u00e9 de manipulation du gazon synth\u00e9tique sont des atouts importants. En comparaison avec d&rsquo;autres rev\u00eatements de sol, le gazon synth\u00e9tique est&#8230;<\/p>","protected":false},"author":1,"featured_media":0,"parent":1543,"menu_order":0,"comment_status":"closed","ping_status":"closed","template":"","meta":{"_kad_post_transparent":"","_kad_post_title":"","_kad_post_layout":"","_kad_post_sidebar_id":"","_kad_post_content_style":"","_kad_post_vertical_padding":"","_kad_post_feature":"","_kad_post_feature_position":"","_kad_post_header":false,"_kad_post_footer":false,"_kad_post_classname":"","footnotes":""},"folder":[14],"class_list":["post-1965","page","type-page","status-publish","hentry"],"yoast_head":"<!-- This site is optimized with the Yoast SEO plugin v27.3 - https:\/\/yoast.com\/product\/yoast-seo-wordpress\/ -->\n<title>Le gazon synth\u00e9tique pour piscine avec terrasse coulissante<\/title>\n<meta name=\"robots\" content=\"index, follow, max-snippet:-1, max-image-preview:large, max-video-preview:-1\" \/>\n<link rel=\"canonical\" href=\"https:\/\/terrasse-mobile.net\/de_ch\/old-beschichtungen\/naturliche-beschichtungen-old\/schiebeterrasse-am-pool-mit-kunstrasen-alt\/\" \/>\n<meta property=\"og:locale\" content=\"de_DE\" \/>\n<meta property=\"og:type\" content=\"article\" \/>\n<meta property=\"og:title\" content=\"Le gazon synth\u00e9tique pour piscine avec terrasse coulissante\" \/>\n<meta property=\"og:description\" content=\"La terrasse mobile avec gazon synth\u00e9tique Les avantages du gazon synth\u00e9tique Les rev\u00eatements de terrasse en gazon synth\u00e9tique pr\u00e9sentent \u00e9galement des caract\u00e9ristiques id\u00e9ales pour l&rsquo;am\u00e9nagement de terrasses mobiles. Tout d&rsquo;abord, la l\u00e9g\u00e8ret\u00e9 et la facilit\u00e9 de manipulation du gazon synth\u00e9tique sont des atouts importants. En comparaison avec d&rsquo;autres rev\u00eatements de sol, le gazon synth\u00e9tique est...\" \/>\n<meta property=\"og:url\" content=\"https:\/\/terrasse-mobile.net\/de_ch\/old-beschichtungen\/naturliche-beschichtungen-old\/schiebeterrasse-am-pool-mit-kunstrasen-alt\/\" \/>\n<meta property=\"og:site_name\" content=\"Terrasse mobile\" \/>\n<meta property=\"article:modified_time\" content=\"2024-10-01T13:09:06+00:00\" \/>\n<meta property=\"og:image\" content=\"https:\/\/terrasse-mobile.net\/wp-content\/uploads\/2024\/01\/SLIDEDECK-GAZON-SYNTHETIQUE00001-copie-1.jpeg\" \/>\n<meta name=\"twitter:card\" content=\"summary_large_image\" \/>\n<meta name=\"twitter:label1\" content=\"Gesch\u00e4tzte Lesezeit\" \/>\n\t<meta name=\"twitter:data1\" content=\"2\u00a0Minuten\" \/>\n<script type=\"application\/ld+json\" class=\"yoast-schema-graph\">{\"@context\":\"https:\\\/\\\/schema.org\",\"@graph\":[{\"@type\":\"WebPage\",\"@id\":\"https:\\\/\\\/terrasse-mobile.net\\\/revetements-old\\\/revetements-naturels-old\\\/terrasse-coulissante-piscine-avec-gazon-synthetique-old\\\/\",\"url\":\"https:\\\/\\\/terrasse-mobile.net\\\/revetements-old\\\/revetements-naturels-old\\\/terrasse-coulissante-piscine-avec-gazon-synthetique-old\\\/\",\"name\":\"Le gazon synth\u00e9tique pour piscine avec terrasse coulissante\",\"isPartOf\":{\"@id\":\"https:\\\/\\\/terrasse-mobile.net\\\/#website\"},\"primaryImageOfPage\":{\"@id\":\"https:\\\/\\\/terrasse-mobile.net\\\/revetements-old\\\/revetements-naturels-old\\\/terrasse-coulissante-piscine-avec-gazon-synthetique-old\\\/#primaryimage\"},\"image\":{\"@id\":\"https:\\\/\\\/terrasse-mobile.net\\\/revetements-old\\\/revetements-naturels-old\\\/terrasse-coulissante-piscine-avec-gazon-synthetique-old\\\/#primaryimage\"},\"thumbnailUrl\":\"https:\\\/\\\/terrasse-mobile.net\\\/wp-content\\\/uploads\\\/2024\\\/01\\\/SLIDEDECK-GAZON-SYNTHETIQUE00001-copie-1.jpeg\",\"datePublished\":\"2024-01-26T09:38:52+00:00\",\"dateModified\":\"2024-10-01T13:09:06+00:00\",\"breadcrumb\":{\"@id\":\"https:\\\/\\\/terrasse-mobile.net\\\/revetements-old\\\/revetements-naturels-old\\\/terrasse-coulissante-piscine-avec-gazon-synthetique-old\\\/#breadcrumb\"},\"inLanguage\":\"de-CH\",\"potentialAction\":[{\"@type\":\"ReadAction\",\"target\":[\"https:\\\/\\\/terrasse-mobile.net\\\/revetements-old\\\/revetements-naturels-old\\\/terrasse-coulissante-piscine-avec-gazon-synthetique-old\\\/\"]}]},{\"@type\":\"ImageObject\",\"inLanguage\":\"de-CH\",\"@id\":\"https:\\\/\\\/terrasse-mobile.net\\\/revetements-old\\\/revetements-naturels-old\\\/terrasse-coulissante-piscine-avec-gazon-synthetique-old\\\/#primaryimage\",\"url\":\"https:\\\/\\\/terrasse-mobile.net\\\/wp-content\\\/uploads\\\/2024\\\/01\\\/SLIDEDECK-GAZON-SYNTHETIQUE00001-copie-1.jpeg\",\"contentUrl\":\"https:\\\/\\\/terrasse-mobile.net\\\/wp-content\\\/uploads\\\/2024\\\/01\\\/SLIDEDECK-GAZON-SYNTHETIQUE00001-copie-1.jpeg\"},{\"@type\":\"BreadcrumbList\",\"@id\":\"https:\\\/\\\/terrasse-mobile.net\\\/revetements-old\\\/revetements-naturels-old\\\/terrasse-coulissante-piscine-avec-gazon-synthetique-old\\\/#breadcrumb\",\"itemListElement\":[{\"@type\":\"ListItem\",\"position\":1,\"name\":\"Accueil\",\"item\":\"https:\\\/\\\/terrasse-mobile.net\\\/\"},{\"@type\":\"ListItem\",\"position\":2,\"name\":\"LES REV\u00caTEMENTS SLIDEDECK OLD\",\"item\":\"https:\\\/\\\/terrasse-mobile.net\\\/revetements-old\\\/\"},{\"@type\":\"ListItem\",\"position\":3,\"name\":\"LES REV\u00caTEMENTS HABILL\u00c9S POUR TERRASSE MOBILE old\",\"item\":\"https:\\\/\\\/terrasse-mobile.net\\\/revetements-old\\\/revetements-naturels-old\\\/\"},{\"@type\":\"ListItem\",\"position\":4,\"name\":\"LE GAZON SYNTH\u00c9TIQUE old\"}]},{\"@type\":\"WebSite\",\"@id\":\"https:\\\/\\\/terrasse-mobile.net\\\/#website\",\"url\":\"https:\\\/\\\/terrasse-mobile.net\\\/\",\"name\":\"Slidedeck\",\"description\":\"Construction sur mesure de terrasses mobiles en \u00cele-de-France\",\"publisher\":{\"@id\":\"https:\\\/\\\/terrasse-mobile.net\\\/#organization\"},\"potentialAction\":[{\"@type\":\"SearchAction\",\"target\":{\"@type\":\"EntryPoint\",\"urlTemplate\":\"https:\\\/\\\/terrasse-mobile.net\\\/?s={search_term_string}\"},\"query-input\":{\"@type\":\"PropertyValueSpecification\",\"valueRequired\":true,\"valueName\":\"search_term_string\"}}],\"inLanguage\":\"de-CH\"},{\"@type\":\"Organization\",\"@id\":\"https:\\\/\\\/terrasse-mobile.net\\\/#organization\",\"name\":\"Slidedeck\",\"url\":\"https:\\\/\\\/terrasse-mobile.net\\\/\",\"logo\":{\"@type\":\"ImageObject\",\"inLanguage\":\"de-CH\",\"@id\":\"https:\\\/\\\/terrasse-mobile.net\\\/#\\\/schema\\\/logo\\\/image\\\/\",\"url\":\"https:\\\/\\\/terrasse-mobile.net\\\/wp-content\\\/uploads\\\/2024\\\/01\\\/logo-slidedeck.jpg\",\"contentUrl\":\"https:\\\/\\\/terrasse-mobile.net\\\/wp-content\\\/uploads\\\/2024\\\/01\\\/logo-slidedeck.jpg\",\"width\":2000,\"height\":1103,\"caption\":\"Slidedeck\"},\"image\":{\"@id\":\"https:\\\/\\\/terrasse-mobile.net\\\/#\\\/schema\\\/logo\\\/image\\\/\"}}]}<\/script>\n<!-- \/ Yoast SEO plugin. -->","yoast_head_json":{"title":"Kunstrasen f\u00fcr Schwimmb\u00e4der mit verschiebbarer Terrasse","robots":{"index":"index","follow":"follow","max-snippet":"max-snippet:-1","max-image-preview":"max-image-preview:large","max-video-preview":"max-video-preview:-1"},"canonical":"https:\/\/terrasse-mobile.net\/de_ch\/old-beschichtungen\/naturliche-beschichtungen-old\/schiebeterrasse-am-pool-mit-kunstrasen-alt\/","og_locale":"de_DE","og_type":"article","og_title":"Le gazon synth\u00e9tique pour piscine avec terrasse coulissante","og_description":"La terrasse mobile avec gazon synth\u00e9tique Les avantages du gazon synth\u00e9tique Les rev\u00eatements de terrasse en gazon synth\u00e9tique pr\u00e9sentent \u00e9galement des caract\u00e9ristiques id\u00e9ales pour l&rsquo;am\u00e9nagement de terrasses mobiles. Tout d&rsquo;abord, la l\u00e9g\u00e8ret\u00e9 et la facilit\u00e9 de manipulation du gazon synth\u00e9tique sont des atouts importants. En comparaison avec d&rsquo;autres rev\u00eatements de sol, le gazon synth\u00e9tique est...","og_url":"https:\/\/terrasse-mobile.net\/de_ch\/old-beschichtungen\/naturliche-beschichtungen-old\/schiebeterrasse-am-pool-mit-kunstrasen-alt\/","og_site_name":"Terrasse mobile","article_modified_time":"2024-10-01T13:09:06+00:00","og_image":[{"url":"https:\/\/terrasse-mobile.net\/wp-content\/uploads\/2024\/01\/SLIDEDECK-GAZON-SYNTHETIQUE00001-copie-1.jpeg","type":"","width":"","height":""}],"twitter_card":"summary_large_image","twitter_misc":{"Gesch\u00e4tzte Lesezeit":"2\u00a0Minuten"},"schema":{"@context":"https:\/\/schema.org","@graph":[{"@type":"WebPage","@id":"https:\/\/terrasse-mobile.net\/revetements-old\/revetements-naturels-old\/terrasse-coulissante-piscine-avec-gazon-synthetique-old\/","url":"https:\/\/terrasse-mobile.net\/revetements-old\/revetements-naturels-old\/terrasse-coulissante-piscine-avec-gazon-synthetique-old\/","name":"Kunstrasen f\u00fcr Schwimmb\u00e4der mit verschiebbarer Terrasse","isPartOf":{"@id":"https:\/\/terrasse-mobile.net\/#website"},"primaryImageOfPage":{"@id":"https:\/\/terrasse-mobile.net\/revetements-old\/revetements-naturels-old\/terrasse-coulissante-piscine-avec-gazon-synthetique-old\/#primaryimage"},"image":{"@id":"https:\/\/terrasse-mobile.net\/revetements-old\/revetements-naturels-old\/terrasse-coulissante-piscine-avec-gazon-synthetique-old\/#primaryimage"},"thumbnailUrl":"https:\/\/terrasse-mobile.net\/wp-content\/uploads\/2024\/01\/SLIDEDECK-GAZON-SYNTHETIQUE00001-copie-1.jpeg","datePublished":"2024-01-26T09:38:52+00:00","dateModified":"2024-10-01T13:09:06+00:00","breadcrumb":{"@id":"https:\/\/terrasse-mobile.net\/revetements-old\/revetements-naturels-old\/terrasse-coulissante-piscine-avec-gazon-synthetique-old\/#breadcrumb"},"inLanguage":"de-CH","potentialAction":[{"@type":"ReadAction","target":["https:\/\/terrasse-mobile.net\/revetements-old\/revetements-naturels-old\/terrasse-coulissante-piscine-avec-gazon-synthetique-old\/"]}]},{"@type":"ImageObject","inLanguage":"de-CH","@id":"https:\/\/terrasse-mobile.net\/revetements-old\/revetements-naturels-old\/terrasse-coulissante-piscine-avec-gazon-synthetique-old\/#primaryimage","url":"https:\/\/terrasse-mobile.net\/wp-content\/uploads\/2024\/01\/SLIDEDECK-GAZON-SYNTHETIQUE00001-copie-1.jpeg","contentUrl":"https:\/\/terrasse-mobile.net\/wp-content\/uploads\/2024\/01\/SLIDEDECK-GAZON-SYNTHETIQUE00001-copie-1.jpeg"},{"@type":"BreadcrumbList","@id":"https:\/\/terrasse-mobile.net\/revetements-old\/revetements-naturels-old\/terrasse-coulissante-piscine-avec-gazon-synthetique-old\/#breadcrumb","itemListElement":[{"@type":"ListItem","position":1,"name":"Accueil","item":"https:\/\/terrasse-mobile.net\/"},{"@type":"ListItem","position":2,"name":"LES REV\u00caTEMENTS SLIDEDECK OLD","item":"https:\/\/terrasse-mobile.net\/revetements-old\/"},{"@type":"ListItem","position":3,"name":"LES REV\u00caTEMENTS HABILL\u00c9S POUR TERRASSE MOBILE old","item":"https:\/\/terrasse-mobile.net\/revetements-old\/revetements-naturels-old\/"},{"@type":"ListItem","position":4,"name":"LE GAZON SYNTH\u00c9TIQUE old"}]},{"@type":"WebSite","@id":"https:\/\/terrasse-mobile.net\/#website","url":"https:\/\/terrasse-mobile.net\/","name":"Slidedeck","description":"Ma\u00dfgeschneiderte Konstruktion von mobilen Terrassen in der \u00cele-de-France","publisher":{"@id":"https:\/\/terrasse-mobile.net\/#organization"},"potentialAction":[{"@type":"SearchAction","target":{"@type":"EntryPoint","urlTemplate":"https:\/\/terrasse-mobile.net\/?s={search_term_string}"},"query-input":{"@type":"PropertyValueSpecification","valueRequired":true,"valueName":"search_term_string"}}],"inLanguage":"de-CH"},{"@type":"Organization","@id":"https:\/\/terrasse-mobile.net\/#organization","name":"Slidedeck","url":"https:\/\/terrasse-mobile.net\/","logo":{"@type":"ImageObject","inLanguage":"de-CH","@id":"https:\/\/terrasse-mobile.net\/#\/schema\/logo\/image\/","url":"https:\/\/terrasse-mobile.net\/wp-content\/uploads\/2024\/01\/logo-slidedeck.jpg","contentUrl":"https:\/\/terrasse-mobile.net\/wp-content\/uploads\/2024\/01\/logo-slidedeck.jpg","width":2000,"height":1103,"caption":"Slidedeck"},"image":{"@id":"https:\/\/terrasse-mobile.net\/#\/schema\/logo\/image\/"}}]}},"_links":{"self":[{"href":"https:\/\/terrasse-mobile.net\/de_ch\/wp-json\/wp\/v2\/pages\/1965","targetHints":{"allow":["GET"]}}],"collection":[{"href":"https:\/\/terrasse-mobile.net\/de_ch\/wp-json\/wp\/v2\/pages"}],"about":[{"href":"https:\/\/terrasse-mobile.net\/de_ch\/wp-json\/wp\/v2\/types\/page"}],"author":[{"embeddable":true,"href":"https:\/\/terrasse-mobile.net\/de_ch\/wp-json\/wp\/v2\/users\/1"}],"replies":[{"embeddable":true,"href":"https:\/\/terrasse-mobile.net\/de_ch\/wp-json\/wp\/v2\/comments?post=1965"}],"version-history":[{"count":20,"href":"https:\/\/terrasse-mobile.net\/de_ch\/wp-json\/wp\/v2\/pages\/1965\/revisions"}],"predecessor-version":[{"id":5691,"href":"https:\/\/terrasse-mobile.net\/de_ch\/wp-json\/wp\/v2\/pages\/1965\/revisions\/5691"}],"up":[{"embeddable":true,"href":"https:\/\/terrasse-mobile.net\/de_ch\/wp-json\/wp\/v2\/pages\/1543"}],"wp:attachment":[{"href":"https:\/\/terrasse-mobile.net\/de_ch\/wp-json\/wp\/v2\/media?parent=1965"}],"wp:term":[{"taxonomy":"folder","embeddable":true,"href":"https:\/\/terrasse-mobile.net\/de_ch\/wp-json\/wp\/v2\/folder?post=1965"}],"curies":[{"name":"wp","href":"https:\/\/api.w.org\/{rel}","templated":true}]}}