{"id":2053,"date":"2024-01-29T10:46:50","date_gmt":"2024-01-29T09:46:22","guid":{"rendered":"https:\/\/terrasse-mobile.net\/?page_id=2053"},"modified":"2024-10-01T15:40:08","modified_gmt":"2024-10-01T13:40:08","slug":"installation-verschiebbare-terrasse-swimmingpool-old","status":"publish","type":"page","link":"https:\/\/terrasse-mobile.net\/de_ch\/realisations-old\/installation-terrasse-coulissante-piscine-old\/","title":{"rendered":"Realisierung einer mobilen Terrasse in der Innenstadt old"},"content":{"rendered":"<h1>R\u00e9alisation de terrasse mobile en centre-ville<\/h1>\n<p>Nous avons cr\u00e9\u00e9 un bel espace piscine avec une terrasse coulissante au-dessus du bassin avec une terrasse en bois.<\/p>\n<p>La terrasse coulissante est recouverte de lames de terrasse en bois et constitue (lorsqu&rsquo;elle est ouverte) une vraie terrasse solide dans la continuit\u00e9 de la terrasse existante.<\/p>\n<p>La piscine ainsi que les marches d&rsquo;escalier sont habill\u00e9es d&rsquo;une membrane en PVC arm\u00e9 design et extr\u00eamement r\u00e9sistante.<\/p>\n<p>\t\t\t\t\t\t\t\t\t\t\t\t\t\t\t<img decoding=\"async\" width=\"765\" height=\"510\" src=\"https:\/\/terrasse-mobile.net\/wp-content\/uploads\/2024\/01\/REAL-DUTHION-PISCINE2-1.jpg\" alt=\"terrasse mobile en centre ville\" srcset=\"https:\/\/terrasse-mobile.net\/wp-content\/uploads\/2024\/01\/REAL-DUTHION-PISCINE2-1.jpg 765w, https:\/\/terrasse-mobile.net\/wp-content\/uploads\/2024\/01\/REAL-DUTHION-PISCINE2-1-300x200.jpg 300w\" sizes=\"(max-width: 765px) 100vw, 765px\" \/>\t\t\t\t\t\t\t\t\t\t\t\t\t\t\t<\/p>\n<style>\/*! elementor - v3.18.0 - 20-12-2023 *\/\n.elementor-heading-title{padding:0;margin:0;line-height:1}.elementor-widget-heading .elementor-heading-title[class*=elementor-size-]>a{color:inherit;font-size:inherit;line-height:inherit}.elementor-widget-heading .elementor-heading-title.elementor-size-small{font-size:15px}.elementor-widget-heading .elementor-heading-title.elementor-size-medium{font-size:19px}.elementor-widget-heading .elementor-heading-title.elementor-size-large{font-size:29px}.elementor-widget-heading .elementor-heading-title.elementor-size-xl{font-size:39px}.elementor-widget-heading .elementor-heading-title.elementor-size-xxl{font-size:59px}<\/style>\n<h2>Une terrasse mobile en centre-ville &#8230;<\/h2>\n<p>Vue d&rsquo;ensemble de la terrasse avec la piscine et sa terrasse coulissante. Les terrasses sont toutes deux recouverte de lames de terrasse en bois exotique (Cumaru). Sur cette photo, la terrasse coulissante laisse place \u00e0 la piscine et permet de profiter du\u00a0 bassin pour nager. La terrasse est tr\u00e8s simple \u00e0 manipuler.<\/p>\n<p>\t\t\t\t\t\t\t\t\t\t\t\t\t\t\t<img decoding=\"async\" width=\"765\" height=\"510\" src=\"https:\/\/terrasse-mobile.net\/wp-content\/uploads\/2024\/01\/REAL-DUTHION-ESCALIER-LINER-PISCINE-1.jpg\" alt=\"\" srcset=\"https:\/\/terrasse-mobile.net\/wp-content\/uploads\/2024\/01\/REAL-DUTHION-ESCALIER-LINER-PISCINE-1.jpg 765w, https:\/\/terrasse-mobile.net\/wp-content\/uploads\/2024\/01\/REAL-DUTHION-ESCALIER-LINER-PISCINE-1-300x200.jpg 300w\" sizes=\"(max-width: 765px) 100vw, 765px\" \/>\t\t\t\t\t\t\t\t\t\t\t\t\t\t\t<\/p>\n<p style=\"text-align: left;\">Sur cette photo, nous pouvons voir la belle membrane en PVC arm\u00e9 textur\u00e9e, les marches d&rsquo;escalier ainsi que le skimmer du bassin.<\/p>\n<p>\t\t\t\t\t\t\t\t\t\t\t\t\t\t\t<img decoding=\"async\" width=\"765\" height=\"510\" src=\"https:\/\/terrasse-mobile.net\/wp-content\/uploads\/2024\/01\/REAL-DUTHION-PISCINE5.jpg\" alt=\"\" srcset=\"https:\/\/terrasse-mobile.net\/wp-content\/uploads\/2024\/01\/REAL-DUTHION-PISCINE5.jpg 765w, https:\/\/terrasse-mobile.net\/wp-content\/uploads\/2024\/01\/REAL-DUTHION-PISCINE5-300x200.jpg 300w\" sizes=\"(max-width: 765px) 100vw, 765px\" \/>\t\t\t\t\t\t\t\t\t\t\t\t\t\t\t<\/p>\n<p style=\"text-align: left;\">Voici une autre photo d&rsquo;ensemble de cette jolie piscine avec terrasse mobile et deck de piscine.<\/p>\n<h2>Une terrasse mobile solide et fluide<\/h2>\n<p>\t\t\t\t\t\t\t\t\t\t\t\t\t\t\t<img decoding=\"async\" width=\"765\" height=\"510\" src=\"https:\/\/terrasse-mobile.net\/wp-content\/uploads\/2024\/01\/REAL-DUTHION-PISCINE4.jpg\" alt=\"terrasse mobile en cours de fermeture\" srcset=\"https:\/\/terrasse-mobile.net\/wp-content\/uploads\/2024\/01\/REAL-DUTHION-PISCINE4.jpg 765w, https:\/\/terrasse-mobile.net\/wp-content\/uploads\/2024\/01\/REAL-DUTHION-PISCINE4-300x200.jpg 300w\" sizes=\"(max-width: 765px) 100vw, 765px\" \/>\t\t\t\t\t\t\t\t\t\t\t\t\t\t\t<\/p>\n<p style=\"text-align: left;\">Le platelage de la terrasse coulissante est extr\u00eamement stable et fiable : le plateau supporte 150kg par m2.\u00a0<\/p>\n<p>\t\t\t\t\t\t\t\t\t\t\t\t\t\t\t<img decoding=\"async\" width=\"800\" height=\"534\" src=\"https:\/\/terrasse-mobile.net\/wp-content\/uploads\/2024\/01\/REAL-DUTHION-PISCINE3-3.jpg\" alt=\"terrasse mobile ferm\u00e9e\" srcset=\"https:\/\/terrasse-mobile.net\/wp-content\/uploads\/2024\/01\/REAL-DUTHION-PISCINE3-3.jpg 1000w, https:\/\/terrasse-mobile.net\/wp-content\/uploads\/2024\/01\/REAL-DUTHION-PISCINE3-3-300x200.jpg 300w, https:\/\/terrasse-mobile.net\/wp-content\/uploads\/2024\/01\/REAL-DUTHION-PISCINE3-3-768x512.jpg 768w\" sizes=\"(max-width: 800px) 100vw, 800px\" \/>\t\t\t\t\t\t\t\t\t\t\t\t\t\t\t<\/p>\n<p style=\"text-align: left;\">Ici, la terrasse coulissante recouvre totalement le bassin. Elle constitue une v\u00e9ritable terrasse sur laquelle les clients peuvent installer du mobilier d&rsquo;ext\u00e9rieur et marcher&#8230;<\/p>\n<p>\t\t\t\t\t\t\t\t\t\t\t\t\t\t\t<img decoding=\"async\" width=\"765\" height=\"510\" src=\"https:\/\/terrasse-mobile.net\/wp-content\/uploads\/2024\/01\/REAL-DUTHION-PISCINE-PHOTO-TECHNIQUE-1.jpg\" alt=\"local technique piscine\" srcset=\"https:\/\/terrasse-mobile.net\/wp-content\/uploads\/2024\/01\/REAL-DUTHION-PISCINE-PHOTO-TECHNIQUE-1.jpg 765w, https:\/\/terrasse-mobile.net\/wp-content\/uploads\/2024\/01\/REAL-DUTHION-PISCINE-PHOTO-TECHNIQUE-1-300x200.jpg 300w\" sizes=\"(max-width: 765px) 100vw, 765px\" \/>\t\t\t\t\t\t\t\t\t\t\t\t\t\t\t<\/p>\n<p style=\"text-align: left;\">Le platelage de la terrasse coulissante est extr\u00eamement stable et fiable : le plateau supporte 150kg par m2.\u00a0<\/p>\n","protected":false},"excerpt":{"rendered":"<p>R\u00e9alisation de terrasse mobile en centre-ville Nous avons cr\u00e9\u00e9 un bel espace piscine avec une terrasse coulissante au-dessus du bassin avec une terrasse en bois. La terrasse coulissante est recouverte de lames de terrasse en bois et constitue (lorsqu&rsquo;elle est ouverte) une vraie terrasse solide dans la continuit\u00e9 de la terrasse existante. La piscine ainsi&#8230;<\/p>","protected":false},"author":1,"featured_media":0,"parent":2445,"menu_order":2,"comment_status":"closed","ping_status":"closed","template":"elementor_theme","meta":{"_kad_post_transparent":"","_kad_post_title":"","_kad_post_layout":"","_kad_post_sidebar_id":"","_kad_post_content_style":"","_kad_post_vertical_padding":"","_kad_post_feature":"","_kad_post_feature_position":"","_kad_post_header":false,"_kad_post_footer":false,"_kad_post_classname":"","footnotes":""},"folder":[],"class_list":["post-2053","page","type-page","status-publish","hentry"],"yoast_head":"<!-- This site is optimized with the Yoast SEO plugin v27.5 - https:\/\/yoast.com\/product\/yoast-seo-wordpress\/ -->\n<title>Installation de terrasse coulissante pour piscine<\/title>\n<meta name=\"robots\" content=\"index, follow, max-snippet:-1, max-image-preview:large, max-video-preview:-1\" \/>\n<link rel=\"canonical\" href=\"https:\/\/terrasse-mobile.net\/de_ch\/old-realisations\/installation-verschiebbare-terrasse-swimmingpool-old\/\" \/>\n<meta property=\"og:locale\" content=\"de_DE\" \/>\n<meta property=\"og:type\" content=\"article\" \/>\n<meta property=\"og:title\" content=\"Installation de terrasse coulissante pour piscine\" \/>\n<meta property=\"og:description\" content=\"R\u00e9alisation de terrasse mobile en centre-ville Nous avons cr\u00e9\u00e9 un bel espace piscine avec une terrasse coulissante au-dessus du bassin avec une terrasse en bois. La terrasse coulissante est recouverte de lames de terrasse en bois et constitue (lorsqu&rsquo;elle est ouverte) une vraie terrasse solide dans la continuit\u00e9 de la terrasse existante. La piscine ainsi...\" \/>\n<meta property=\"og:url\" content=\"https:\/\/terrasse-mobile.net\/de_ch\/old-realisations\/installation-verschiebbare-terrasse-swimmingpool-old\/\" \/>\n<meta property=\"og:site_name\" content=\"Terrasse mobile\" \/>\n<meta property=\"article:modified_time\" content=\"2024-10-01T13:40:08+00:00\" \/>\n<meta property=\"og:image\" content=\"https:\/\/terrasse-mobile.net\/wp-content\/uploads\/2024\/01\/REAL-DUTHION-PISCINE2-1.jpg\" \/>\n<meta name=\"twitter:card\" content=\"summary_large_image\" \/>\n<meta name=\"twitter:label1\" content=\"Gesch\u00e4tzte Lesezeit\" \/>\n\t<meta name=\"twitter:data1\" content=\"3\u00a0Minuten\" \/>\n<script type=\"application\/ld+json\" class=\"yoast-schema-graph\">{\"@context\":\"https:\\\/\\\/schema.org\",\"@graph\":[{\"@type\":\"WebPage\",\"@id\":\"https:\\\/\\\/terrasse-mobile.net\\\/realisations-old\\\/installation-terrasse-coulissante-piscine-old\\\/\",\"url\":\"https:\\\/\\\/terrasse-mobile.net\\\/realisations-old\\\/installation-terrasse-coulissante-piscine-old\\\/\",\"name\":\"Installation de terrasse coulissante pour piscine\",\"isPartOf\":{\"@id\":\"https:\\\/\\\/terrasse-mobile.net\\\/#website\"},\"primaryImageOfPage\":{\"@id\":\"https:\\\/\\\/terrasse-mobile.net\\\/realisations-old\\\/installation-terrasse-coulissante-piscine-old\\\/#primaryimage\"},\"image\":{\"@id\":\"https:\\\/\\\/terrasse-mobile.net\\\/realisations-old\\\/installation-terrasse-coulissante-piscine-old\\\/#primaryimage\"},\"thumbnailUrl\":\"https:\\\/\\\/terrasse-mobile.net\\\/wp-content\\\/uploads\\\/2024\\\/01\\\/REAL-DUTHION-PISCINE2-1.jpg\",\"datePublished\":\"2024-01-29T09:46:22+00:00\",\"dateModified\":\"2024-10-01T13:40:08+00:00\",\"breadcrumb\":{\"@id\":\"https:\\\/\\\/terrasse-mobile.net\\\/realisations-old\\\/installation-terrasse-coulissante-piscine-old\\\/#breadcrumb\"},\"inLanguage\":\"de-CH\",\"potentialAction\":[{\"@type\":\"ReadAction\",\"target\":[\"https:\\\/\\\/terrasse-mobile.net\\\/realisations-old\\\/installation-terrasse-coulissante-piscine-old\\\/\"]}]},{\"@type\":\"ImageObject\",\"inLanguage\":\"de-CH\",\"@id\":\"https:\\\/\\\/terrasse-mobile.net\\\/realisations-old\\\/installation-terrasse-coulissante-piscine-old\\\/#primaryimage\",\"url\":\"https:\\\/\\\/terrasse-mobile.net\\\/wp-content\\\/uploads\\\/2024\\\/01\\\/REAL-DUTHION-PISCINE2-1.jpg\",\"contentUrl\":\"https:\\\/\\\/terrasse-mobile.net\\\/wp-content\\\/uploads\\\/2024\\\/01\\\/REAL-DUTHION-PISCINE2-1.jpg\"},{\"@type\":\"BreadcrumbList\",\"@id\":\"https:\\\/\\\/terrasse-mobile.net\\\/realisations-old\\\/installation-terrasse-coulissante-piscine-old\\\/#breadcrumb\",\"itemListElement\":[{\"@type\":\"ListItem\",\"position\":1,\"name\":\"Accueil\",\"item\":\"https:\\\/\\\/terrasse-mobile.net\\\/\"},{\"@type\":\"ListItem\",\"position\":2,\"name\":\"LES R\u00c9ALISATIONS DE TERRASSE MOBILE SLIDEDECK old\",\"item\":\"https:\\\/\\\/terrasse-mobile.net\\\/realisations-old\\\/\"},{\"@type\":\"ListItem\",\"position\":3,\"name\":\"R\u00e9alisation de terrasse mobile en centre-ville old\"}]},{\"@type\":\"WebSite\",\"@id\":\"https:\\\/\\\/terrasse-mobile.net\\\/#website\",\"url\":\"https:\\\/\\\/terrasse-mobile.net\\\/\",\"name\":\"Slidedeck\",\"description\":\"Construction sur mesure de terrasses mobiles en \u00cele-de-France\",\"publisher\":{\"@id\":\"https:\\\/\\\/terrasse-mobile.net\\\/#organization\"},\"potentialAction\":[{\"@type\":\"SearchAction\",\"target\":{\"@type\":\"EntryPoint\",\"urlTemplate\":\"https:\\\/\\\/terrasse-mobile.net\\\/?s={search_term_string}\"},\"query-input\":{\"@type\":\"PropertyValueSpecification\",\"valueRequired\":true,\"valueName\":\"search_term_string\"}}],\"inLanguage\":\"de-CH\"},{\"@type\":\"Organization\",\"@id\":\"https:\\\/\\\/terrasse-mobile.net\\\/#organization\",\"name\":\"Slidedeck\",\"url\":\"https:\\\/\\\/terrasse-mobile.net\\\/\",\"logo\":{\"@type\":\"ImageObject\",\"inLanguage\":\"de-CH\",\"@id\":\"https:\\\/\\\/terrasse-mobile.net\\\/#\\\/schema\\\/logo\\\/image\\\/\",\"url\":\"https:\\\/\\\/terrasse-mobile.net\\\/wp-content\\\/uploads\\\/2024\\\/01\\\/logo-slidedeck.jpg\",\"contentUrl\":\"https:\\\/\\\/terrasse-mobile.net\\\/wp-content\\\/uploads\\\/2024\\\/01\\\/logo-slidedeck.jpg\",\"width\":2000,\"height\":1103,\"caption\":\"Slidedeck\"},\"image\":{\"@id\":\"https:\\\/\\\/terrasse-mobile.net\\\/#\\\/schema\\\/logo\\\/image\\\/\"}}]}<\/script>\n<!-- \/ Yoast SEO plugin. -->","yoast_head_json":{"title":"Installation einer Schiebeterrasse f\u00fcr einen Swimmingpool","robots":{"index":"index","follow":"follow","max-snippet":"max-snippet:-1","max-image-preview":"max-image-preview:large","max-video-preview":"max-video-preview:-1"},"canonical":"https:\/\/terrasse-mobile.net\/de_ch\/old-realisations\/installation-verschiebbare-terrasse-swimmingpool-old\/","og_locale":"de_DE","og_type":"article","og_title":"Installation de terrasse coulissante pour piscine","og_description":"R\u00e9alisation de terrasse mobile en centre-ville Nous avons cr\u00e9\u00e9 un bel espace piscine avec une terrasse coulissante au-dessus du bassin avec une terrasse en bois. La terrasse coulissante est recouverte de lames de terrasse en bois et constitue (lorsqu&rsquo;elle est ouverte) une vraie terrasse solide dans la continuit\u00e9 de la terrasse existante. La piscine ainsi...","og_url":"https:\/\/terrasse-mobile.net\/de_ch\/old-realisations\/installation-verschiebbare-terrasse-swimmingpool-old\/","og_site_name":"Terrasse mobile","article_modified_time":"2024-10-01T13:40:08+00:00","og_image":[{"url":"https:\/\/terrasse-mobile.net\/wp-content\/uploads\/2024\/01\/REAL-DUTHION-PISCINE2-1.jpg","type":"","width":"","height":""}],"twitter_card":"summary_large_image","twitter_misc":{"Gesch\u00e4tzte Lesezeit":"3\u00a0Minuten"},"schema":{"@context":"https:\/\/schema.org","@graph":[{"@type":"WebPage","@id":"https:\/\/terrasse-mobile.net\/realisations-old\/installation-terrasse-coulissante-piscine-old\/","url":"https:\/\/terrasse-mobile.net\/realisations-old\/installation-terrasse-coulissante-piscine-old\/","name":"Installation einer Schiebeterrasse f\u00fcr einen Swimmingpool","isPartOf":{"@id":"https:\/\/terrasse-mobile.net\/#website"},"primaryImageOfPage":{"@id":"https:\/\/terrasse-mobile.net\/realisations-old\/installation-terrasse-coulissante-piscine-old\/#primaryimage"},"image":{"@id":"https:\/\/terrasse-mobile.net\/realisations-old\/installation-terrasse-coulissante-piscine-old\/#primaryimage"},"thumbnailUrl":"https:\/\/terrasse-mobile.net\/wp-content\/uploads\/2024\/01\/REAL-DUTHION-PISCINE2-1.jpg","datePublished":"2024-01-29T09:46:22+00:00","dateModified":"2024-10-01T13:40:08+00:00","breadcrumb":{"@id":"https:\/\/terrasse-mobile.net\/realisations-old\/installation-terrasse-coulissante-piscine-old\/#breadcrumb"},"inLanguage":"de-CH","potentialAction":[{"@type":"ReadAction","target":["https:\/\/terrasse-mobile.net\/realisations-old\/installation-terrasse-coulissante-piscine-old\/"]}]},{"@type":"ImageObject","inLanguage":"de-CH","@id":"https:\/\/terrasse-mobile.net\/realisations-old\/installation-terrasse-coulissante-piscine-old\/#primaryimage","url":"https:\/\/terrasse-mobile.net\/wp-content\/uploads\/2024\/01\/REAL-DUTHION-PISCINE2-1.jpg","contentUrl":"https:\/\/terrasse-mobile.net\/wp-content\/uploads\/2024\/01\/REAL-DUTHION-PISCINE2-1.jpg"},{"@type":"BreadcrumbList","@id":"https:\/\/terrasse-mobile.net\/realisations-old\/installation-terrasse-coulissante-piscine-old\/#breadcrumb","itemListElement":[{"@type":"ListItem","position":1,"name":"Accueil","item":"https:\/\/terrasse-mobile.net\/"},{"@type":"ListItem","position":2,"name":"LES R\u00c9ALISATIONS DE TERRASSE MOBILE SLIDEDECK old","item":"https:\/\/terrasse-mobile.net\/realisations-old\/"},{"@type":"ListItem","position":3,"name":"R\u00e9alisation de terrasse mobile en centre-ville old"}]},{"@type":"WebSite","@id":"https:\/\/terrasse-mobile.net\/#website","url":"https:\/\/terrasse-mobile.net\/","name":"Slidedeck","description":"Ma\u00dfgeschneiderte Konstruktion von mobilen Terrassen in der \u00cele-de-France","publisher":{"@id":"https:\/\/terrasse-mobile.net\/#organization"},"potentialAction":[{"@type":"SearchAction","target":{"@type":"EntryPoint","urlTemplate":"https:\/\/terrasse-mobile.net\/?s={search_term_string}"},"query-input":{"@type":"PropertyValueSpecification","valueRequired":true,"valueName":"search_term_string"}}],"inLanguage":"de-CH"},{"@type":"Organization","@id":"https:\/\/terrasse-mobile.net\/#organization","name":"Slidedeck","url":"https:\/\/terrasse-mobile.net\/","logo":{"@type":"ImageObject","inLanguage":"de-CH","@id":"https:\/\/terrasse-mobile.net\/#\/schema\/logo\/image\/","url":"https:\/\/terrasse-mobile.net\/wp-content\/uploads\/2024\/01\/logo-slidedeck.jpg","contentUrl":"https:\/\/terrasse-mobile.net\/wp-content\/uploads\/2024\/01\/logo-slidedeck.jpg","width":2000,"height":1103,"caption":"Slidedeck"},"image":{"@id":"https:\/\/terrasse-mobile.net\/#\/schema\/logo\/image\/"}}]}},"_links":{"self":[{"href":"https:\/\/terrasse-mobile.net\/de_ch\/wp-json\/wp\/v2\/pages\/2053","targetHints":{"allow":["GET"]}}],"collection":[{"href":"https:\/\/terrasse-mobile.net\/de_ch\/wp-json\/wp\/v2\/pages"}],"about":[{"href":"https:\/\/terrasse-mobile.net\/de_ch\/wp-json\/wp\/v2\/types\/page"}],"author":[{"embeddable":true,"href":"https:\/\/terrasse-mobile.net\/de_ch\/wp-json\/wp\/v2\/users\/1"}],"replies":[{"embeddable":true,"href":"https:\/\/terrasse-mobile.net\/de_ch\/wp-json\/wp\/v2\/comments?post=2053"}],"version-history":[{"count":19,"href":"https:\/\/terrasse-mobile.net\/de_ch\/wp-json\/wp\/v2\/pages\/2053\/revisions"}],"predecessor-version":[{"id":5710,"href":"https:\/\/terrasse-mobile.net\/de_ch\/wp-json\/wp\/v2\/pages\/2053\/revisions\/5710"}],"up":[{"embeddable":true,"href":"https:\/\/terrasse-mobile.net\/de_ch\/wp-json\/wp\/v2\/pages\/2445"}],"wp:attachment":[{"href":"https:\/\/terrasse-mobile.net\/de_ch\/wp-json\/wp\/v2\/media?parent=2053"}],"wp:term":[{"taxonomy":"folder","embeddable":true,"href":"https:\/\/terrasse-mobile.net\/de_ch\/wp-json\/wp\/v2\/folder?post=2053"}],"curies":[{"name":"wp","href":"https:\/\/api.w.org\/{rel}","templated":true}]}}