{"id":2234,"date":"2024-01-31T15:39:50","date_gmt":"2024-01-31T14:39:48","guid":{"rendered":"https:\/\/terrasse-mobile.net\/?page_id=2234"},"modified":"2024-10-01T15:48:20","modified_gmt":"2024-10-01T13:48:20","slug":"wie-baut-man-eine-mobile-terrasse-fur-einen-alten-pool","status":"publish","type":"page","link":"https:\/\/terrasse-mobile.net\/de_ch\/installation-entretien-old\/comment-construire-terrasse-mobile-piscine-old\/","title":{"rendered":"VORAUSSETZUNGEN F\u00dcR DIE INSTALLATION IHRER MOBILEN TERRASSE SLIDEDECK old"},"content":{"rendered":"<h1>Voraussetzungen f\u00fcr die Installation Ihrer mobilen Terrasse f\u00fcr den Pool<\/h1>\n<p>Die Einrichtung einer mobilen Terrasse f\u00fcr einen Pool \u2013 oder f\u00fcr einen Whirlpool \u2013 ist an sich nicht kompliziert, erfordert jedoch ein wenig Vorbereitung, um eine optimale Integration in den Garten zu gew\u00e4hrleisten.<\/p>\n<h2>Ausreichend Platz zu haben ist notwendig<br \/>\n<\/h2>\n<p>Sie m\u00fcssen unbedingt \u00fcber ausreichend Platz verf\u00fcgen, damit sich die mobile SlideDeck-Terrasse reibungslos bewegen kann. Idealerweise ben\u00f6tigen Sie eine Fl\u00e4che, die der Gr\u00f6\u00dfe Ihres Schwimmbeckens entspricht und sich auf der Seite des Schwimmbeckens befindet.<\/p>\n<h2>Installation einer mobilen SlideDeck-Terrasse <br \/>auf einem absch\u00fcssigen Gel\u00e4nde?<br \/>\n<\/h2>\n<p>Der verf\u00fcgbare Platz sollte in derselben Ebene wie der Pool liegen und keine H\u00f6henunterschiede aufweisen. Bei einem absch\u00fcssigen Gel\u00e4nde m\u00fcssen Sie Stahlbetonst\u00fctzen schaffen, die die Rollwege bilden, auf denen Ihre mobile Terrasse fahren kann.\u00a0<\/p>\n<p>\t\t\t\t\t\t\t\t\t\t\t\t\t<img decoding=\"async\" width=\"700\" height=\"464\" src=\"https:\/\/terrasse-mobile.net\/wp-content\/uploads\/2024\/01\/REAL-SABOURAULT-STRUCTUREjpg.jpg\" alt=\"Basis unterhalb beweglicher Terrase\" srcset=\"https:\/\/terrasse-mobile.net\/wp-content\/uploads\/2024\/01\/REAL-SABOURAULT-STRUCTUREjpg.jpg 700w, https:\/\/terrasse-mobile.net\/wp-content\/uploads\/2024\/01\/REAL-SABOURAULT-STRUCTUREjpg-300x199.jpg 300w\" sizes=\"(max-width: 700px) 100vw, 700px\" \/>\t\t\t\t\t\t\t\t\t\t\t\t\t<\/p>\n<h2>Vorhandensein von Randsteinen um den Pool?<br \/>\n<\/h2>\n<p>Wenn Sie Randsteine aus Kunststein oder Pflastersteinen haben, m\u00fcssen diese Angaben f\u00fcr eine perfekte Passform m\u00f6glichst genau gemacht werden. Wenn Sie geneigte Randsteine aus Kunststein haben, ist es wahrscheinlich besser, die Laufbahn \u00fcber diese Randsteine hinaus zu verlegen.<\/p>\n<p>\t\t\t\t\t\t\t\t\t\t\t\t\t<img decoding=\"async\" width=\"765\" height=\"507\" src=\"https:\/\/terrasse-mobile.net\/wp-content\/uploads\/2024\/01\/DSC_0606-1.jpg\" alt=\"sch\u00f6ne mobile terrasse auf der ile de france\" srcset=\"https:\/\/terrasse-mobile.net\/wp-content\/uploads\/2024\/01\/DSC_0606-1.jpg 765w, https:\/\/terrasse-mobile.net\/wp-content\/uploads\/2024\/01\/DSC_0606-1-300x199.jpg 300w\" sizes=\"(max-width: 765px) 100vw, 765px\" \/>\t\t\t\t\t\t\t\t\t\t\t\t\t<\/p>\n<h2>Eine mobile Terrasse f\u00fcr welche Art von Pool?<br \/>\n<\/h2>\n<p>Die mobile Terrasse SlideDeck passt sich an alle Arten von Pools an. Typischerweise eignet sich die mobile Terrasse besonders f\u00fcr kleine und mittelgro\u00dfe Pools. F\u00fcr gro\u00dfe Schwimmbecken k\u00f6nnen wir Ihnen eine mobile Terrasse anbieten, die sich in L\u00e4ngsrichtung bewegt, was einen gro\u00dfen Platz an der Seite des Schwimmbeckens erfordert, oder unsere spezielle Terrasse f\u00fcr gro\u00dfe Schwimmbecken. Fragen Sie uns dazu.\u00a0<\/p>\n<h2>Zur Motorisierung des SlideDecks<br \/>\n<\/h2>\n<p>Die mobile Terrasse SlideDeck wird mit oder ohne Motorisierung angeboten, je nach den Vorlieben und Bed\u00fcrfnissen unserer Kunden.<\/p>\n<p>Bei den kleinen mobilen Terrassen der TERRA-Reihe k\u00f6nnen Sie durchaus auf Motoren verzichten. Es handelt sich hierbei um relativ leichte mobile Terrassen, die sich mit einem einfachen Hand- oder Fu\u00dfschub bewegen lassen. F\u00fcr die mobilen Terrassen der Reihe ATLAS empfehlen wir Ihnen dringend einen Motor, da die mobile Terrasse schwerer ist und eine gr\u00f6\u00dfere Kraftanstrengung erfordert, um sie zu bewegen. Unsere Motoren sind ferngesteuert und werden von einer unabh\u00e4ngigen Batterie gespeist, die wiederum von einem Satz photovoltaischer Zellen aufgeladen wird, die in den Motor integriert sind. Es besteht also keine Notwendigkeit f\u00fcr eine Stromversorgung in der N\u00e4he des Beckens.<\/p>\n<h2>Denken Sie bei einer Poolrenovierung an eine mobile Terrasse!<br \/>\n<\/h2>\n<p style=\"text-align: left;\">Die Integration einer mobilen Terrasse bei einer Poolrenovierung kann besonders sinnvoll sein. Die Renovierung bietet die Gelegenheit, den Raum rund um das Wasserbecken je nach Jahreszeit v\u00f6llig neu zu gestalten, was die mobile Terrasse zu einer cleveren Erg\u00e4nzung in diesem Zusammenhang macht.<\/p>\n<p>\t\t\t<a href=\"https:\/\/terrasse-mobile.net\/de_ch\/beschichtungen\/\"><br \/>\n\t\t\t\t\t\tENTDECKEN SIE DIE MOBILEN TERRASSENBEL\u00c4GE SLIDEDECK<br \/>\n\t\t\t\t\t<\/a><\/p>","protected":false},"excerpt":{"rendered":"<p>Les pr\u00e9requis pour installer votre terrasse mobile pour piscine La mise en place d&rsquo;une terrasse mobile pour une piscine &#8211; ou pour un spa &#8211; n&rsquo;est pas compliqu\u00e9e en tant que telle mais n\u00e9cessite un peu de pr\u00e9paration afin d&rsquo;assurer une int\u00e9gration optimale au jardin. Avoir un espace suffisant est n\u00e9cessaire Il est imp\u00e9ratif de&#8230;<\/p>","protected":false},"author":1,"featured_media":0,"parent":2653,"menu_order":2,"comment_status":"closed","ping_status":"closed","template":"","meta":{"_kad_post_transparent":"","_kad_post_title":"","_kad_post_layout":"","_kad_post_sidebar_id":"","_kad_post_content_style":"","_kad_post_vertical_padding":"","_kad_post_feature":"","_kad_post_feature_position":"","_kad_post_header":false,"_kad_post_footer":false,"_kad_post_classname":"","footnotes":""},"folder":[],"class_list":["post-2234","page","type-page","status-publish","hentry"],"yoast_head":"<!-- This site is optimized with the Yoast SEO plugin v27.5 - https:\/\/yoast.com\/product\/yoast-seo-wordpress\/ -->\n<title>Comment construire une terrasse mobile pour piscine ?<\/title>\n<meta name=\"robots\" content=\"index, follow, max-snippet:-1, max-image-preview:large, max-video-preview:-1\" \/>\n<link rel=\"canonical\" href=\"https:\/\/terrasse-mobile.net\/de_ch\/installation-wartung-old\/wie-baut-man-eine-mobile-terrasse-fur-einen-alten-pool\/\" \/>\n<meta property=\"og:locale\" content=\"de_DE\" \/>\n<meta property=\"og:type\" content=\"article\" \/>\n<meta property=\"og:title\" content=\"Comment construire une terrasse mobile pour piscine ?\" \/>\n<meta property=\"og:description\" content=\"Les pr\u00e9requis pour installer votre terrasse mobile pour piscine La mise en place d&rsquo;une terrasse mobile pour une piscine &#8211; ou pour un spa &#8211; n&rsquo;est pas compliqu\u00e9e en tant que telle mais n\u00e9cessite un peu de pr\u00e9paration afin d&rsquo;assurer une int\u00e9gration optimale au jardin. Avoir un espace suffisant est n\u00e9cessaire Il est imp\u00e9ratif de...\" \/>\n<meta property=\"og:url\" content=\"https:\/\/terrasse-mobile.net\/de_ch\/installation-wartung-old\/wie-baut-man-eine-mobile-terrasse-fur-einen-alten-pool\/\" \/>\n<meta property=\"og:site_name\" content=\"Terrasse mobile\" \/>\n<meta property=\"article:modified_time\" content=\"2024-10-01T13:48:20+00:00\" \/>\n<meta property=\"og:image\" content=\"https:\/\/terrasse-mobile.net\/wp-content\/uploads\/2024\/01\/REAL-SABOURAULT-STRUCTUREjpg.jpg\" \/>\n<meta name=\"twitter:card\" content=\"summary_large_image\" \/>\n<meta name=\"twitter:label1\" content=\"Gesch\u00e4tzte Lesezeit\" \/>\n\t<meta name=\"twitter:data1\" content=\"3\u00a0Minuten\" \/>\n<script type=\"application\/ld+json\" class=\"yoast-schema-graph\">{\"@context\":\"https:\\\/\\\/schema.org\",\"@graph\":[{\"@type\":\"WebPage\",\"@id\":\"https:\\\/\\\/terrasse-mobile.net\\\/installation-entretien-old\\\/comment-construire-terrasse-mobile-piscine-old\\\/\",\"url\":\"https:\\\/\\\/terrasse-mobile.net\\\/installation-entretien-old\\\/comment-construire-terrasse-mobile-piscine-old\\\/\",\"name\":\"Comment construire une terrasse mobile pour piscine ?\",\"isPartOf\":{\"@id\":\"https:\\\/\\\/terrasse-mobile.net\\\/#website\"},\"primaryImageOfPage\":{\"@id\":\"https:\\\/\\\/terrasse-mobile.net\\\/installation-entretien-old\\\/comment-construire-terrasse-mobile-piscine-old\\\/#primaryimage\"},\"image\":{\"@id\":\"https:\\\/\\\/terrasse-mobile.net\\\/installation-entretien-old\\\/comment-construire-terrasse-mobile-piscine-old\\\/#primaryimage\"},\"thumbnailUrl\":\"https:\\\/\\\/terrasse-mobile.net\\\/wp-content\\\/uploads\\\/2024\\\/01\\\/REAL-SABOURAULT-STRUCTUREjpg.jpg\",\"datePublished\":\"2024-01-31T14:39:48+00:00\",\"dateModified\":\"2024-10-01T13:48:20+00:00\",\"breadcrumb\":{\"@id\":\"https:\\\/\\\/terrasse-mobile.net\\\/installation-entretien-old\\\/comment-construire-terrasse-mobile-piscine-old\\\/#breadcrumb\"},\"inLanguage\":\"de-CH\",\"potentialAction\":[{\"@type\":\"ReadAction\",\"target\":[\"https:\\\/\\\/terrasse-mobile.net\\\/installation-entretien-old\\\/comment-construire-terrasse-mobile-piscine-old\\\/\"]}]},{\"@type\":\"ImageObject\",\"inLanguage\":\"de-CH\",\"@id\":\"https:\\\/\\\/terrasse-mobile.net\\\/installation-entretien-old\\\/comment-construire-terrasse-mobile-piscine-old\\\/#primaryimage\",\"url\":\"https:\\\/\\\/terrasse-mobile.net\\\/wp-content\\\/uploads\\\/2024\\\/01\\\/REAL-SABOURAULT-STRUCTUREjpg.jpg\",\"contentUrl\":\"https:\\\/\\\/terrasse-mobile.net\\\/wp-content\\\/uploads\\\/2024\\\/01\\\/REAL-SABOURAULT-STRUCTUREjpg.jpg\"},{\"@type\":\"BreadcrumbList\",\"@id\":\"https:\\\/\\\/terrasse-mobile.net\\\/installation-entretien-old\\\/comment-construire-terrasse-mobile-piscine-old\\\/#breadcrumb\",\"itemListElement\":[{\"@type\":\"ListItem\",\"position\":1,\"name\":\"Accueil\",\"item\":\"https:\\\/\\\/terrasse-mobile.net\\\/\"},{\"@type\":\"ListItem\",\"position\":2,\"name\":\"INSTALLATION ET ENTRETIEN DE LA TERRASSE MOBILE SLIDEDECK old\",\"item\":\"https:\\\/\\\/terrasse-mobile.net\\\/installation-entretien-old\\\/\"},{\"@type\":\"ListItem\",\"position\":3,\"name\":\"LES PR\u00c9REQUIS POUR INSTALLER SA TERRASSE MOBILE SLIDEDECK old\"}]},{\"@type\":\"WebSite\",\"@id\":\"https:\\\/\\\/terrasse-mobile.net\\\/#website\",\"url\":\"https:\\\/\\\/terrasse-mobile.net\\\/\",\"name\":\"Slidedeck\",\"description\":\"Construction sur mesure de terrasses mobiles en \u00cele-de-France\",\"publisher\":{\"@id\":\"https:\\\/\\\/terrasse-mobile.net\\\/#organization\"},\"potentialAction\":[{\"@type\":\"SearchAction\",\"target\":{\"@type\":\"EntryPoint\",\"urlTemplate\":\"https:\\\/\\\/terrasse-mobile.net\\\/?s={search_term_string}\"},\"query-input\":{\"@type\":\"PropertyValueSpecification\",\"valueRequired\":true,\"valueName\":\"search_term_string\"}}],\"inLanguage\":\"de-CH\"},{\"@type\":\"Organization\",\"@id\":\"https:\\\/\\\/terrasse-mobile.net\\\/#organization\",\"name\":\"Slidedeck\",\"url\":\"https:\\\/\\\/terrasse-mobile.net\\\/\",\"logo\":{\"@type\":\"ImageObject\",\"inLanguage\":\"de-CH\",\"@id\":\"https:\\\/\\\/terrasse-mobile.net\\\/#\\\/schema\\\/logo\\\/image\\\/\",\"url\":\"https:\\\/\\\/terrasse-mobile.net\\\/wp-content\\\/uploads\\\/2024\\\/01\\\/logo-slidedeck.jpg\",\"contentUrl\":\"https:\\\/\\\/terrasse-mobile.net\\\/wp-content\\\/uploads\\\/2024\\\/01\\\/logo-slidedeck.jpg\",\"width\":2000,\"height\":1103,\"caption\":\"Slidedeck\"},\"image\":{\"@id\":\"https:\\\/\\\/terrasse-mobile.net\\\/#\\\/schema\\\/logo\\\/image\\\/\"}}]}<\/script>\n<!-- \/ Yoast SEO plugin. -->","yoast_head_json":{"title":"Wie baut man eine mobile Terrasse f\u00fcr einen Swimmingpool?","robots":{"index":"index","follow":"follow","max-snippet":"max-snippet:-1","max-image-preview":"max-image-preview:large","max-video-preview":"max-video-preview:-1"},"canonical":"https:\/\/terrasse-mobile.net\/de_ch\/installation-wartung-old\/wie-baut-man-eine-mobile-terrasse-fur-einen-alten-pool\/","og_locale":"de_DE","og_type":"article","og_title":"Comment construire une terrasse mobile pour piscine ?","og_description":"Les pr\u00e9requis pour installer votre terrasse mobile pour piscine La mise en place d&rsquo;une terrasse mobile pour une piscine &#8211; ou pour un spa &#8211; n&rsquo;est pas compliqu\u00e9e en tant que telle mais n\u00e9cessite un peu de pr\u00e9paration afin d&rsquo;assurer une int\u00e9gration optimale au jardin. Avoir un espace suffisant est n\u00e9cessaire Il est imp\u00e9ratif de...","og_url":"https:\/\/terrasse-mobile.net\/de_ch\/installation-wartung-old\/wie-baut-man-eine-mobile-terrasse-fur-einen-alten-pool\/","og_site_name":"Terrasse mobile","article_modified_time":"2024-10-01T13:48:20+00:00","og_image":[{"url":"https:\/\/terrasse-mobile.net\/wp-content\/uploads\/2024\/01\/REAL-SABOURAULT-STRUCTUREjpg.jpg","type":"","width":"","height":""}],"twitter_card":"summary_large_image","twitter_misc":{"Gesch\u00e4tzte Lesezeit":"3\u00a0Minuten"},"schema":{"@context":"https:\/\/schema.org","@graph":[{"@type":"WebPage","@id":"https:\/\/terrasse-mobile.net\/installation-entretien-old\/comment-construire-terrasse-mobile-piscine-old\/","url":"https:\/\/terrasse-mobile.net\/installation-entretien-old\/comment-construire-terrasse-mobile-piscine-old\/","name":"Wie baut man eine mobile Terrasse f\u00fcr einen Swimmingpool?","isPartOf":{"@id":"https:\/\/terrasse-mobile.net\/#website"},"primaryImageOfPage":{"@id":"https:\/\/terrasse-mobile.net\/installation-entretien-old\/comment-construire-terrasse-mobile-piscine-old\/#primaryimage"},"image":{"@id":"https:\/\/terrasse-mobile.net\/installation-entretien-old\/comment-construire-terrasse-mobile-piscine-old\/#primaryimage"},"thumbnailUrl":"https:\/\/terrasse-mobile.net\/wp-content\/uploads\/2024\/01\/REAL-SABOURAULT-STRUCTUREjpg.jpg","datePublished":"2024-01-31T14:39:48+00:00","dateModified":"2024-10-01T13:48:20+00:00","breadcrumb":{"@id":"https:\/\/terrasse-mobile.net\/installation-entretien-old\/comment-construire-terrasse-mobile-piscine-old\/#breadcrumb"},"inLanguage":"de-CH","potentialAction":[{"@type":"ReadAction","target":["https:\/\/terrasse-mobile.net\/installation-entretien-old\/comment-construire-terrasse-mobile-piscine-old\/"]}]},{"@type":"ImageObject","inLanguage":"de-CH","@id":"https:\/\/terrasse-mobile.net\/installation-entretien-old\/comment-construire-terrasse-mobile-piscine-old\/#primaryimage","url":"https:\/\/terrasse-mobile.net\/wp-content\/uploads\/2024\/01\/REAL-SABOURAULT-STRUCTUREjpg.jpg","contentUrl":"https:\/\/terrasse-mobile.net\/wp-content\/uploads\/2024\/01\/REAL-SABOURAULT-STRUCTUREjpg.jpg"},{"@type":"BreadcrumbList","@id":"https:\/\/terrasse-mobile.net\/installation-entretien-old\/comment-construire-terrasse-mobile-piscine-old\/#breadcrumb","itemListElement":[{"@type":"ListItem","position":1,"name":"Accueil","item":"https:\/\/terrasse-mobile.net\/"},{"@type":"ListItem","position":2,"name":"INSTALLATION ET ENTRETIEN DE LA TERRASSE MOBILE SLIDEDECK old","item":"https:\/\/terrasse-mobile.net\/installation-entretien-old\/"},{"@type":"ListItem","position":3,"name":"LES PR\u00c9REQUIS POUR INSTALLER SA TERRASSE MOBILE SLIDEDECK old"}]},{"@type":"WebSite","@id":"https:\/\/terrasse-mobile.net\/#website","url":"https:\/\/terrasse-mobile.net\/","name":"Slidedeck","description":"Ma\u00dfgeschneiderte Konstruktion von mobilen Terrassen in der \u00cele-de-France","publisher":{"@id":"https:\/\/terrasse-mobile.net\/#organization"},"potentialAction":[{"@type":"SearchAction","target":{"@type":"EntryPoint","urlTemplate":"https:\/\/terrasse-mobile.net\/?s={search_term_string}"},"query-input":{"@type":"PropertyValueSpecification","valueRequired":true,"valueName":"search_term_string"}}],"inLanguage":"de-CH"},{"@type":"Organization","@id":"https:\/\/terrasse-mobile.net\/#organization","name":"Slidedeck","url":"https:\/\/terrasse-mobile.net\/","logo":{"@type":"ImageObject","inLanguage":"de-CH","@id":"https:\/\/terrasse-mobile.net\/#\/schema\/logo\/image\/","url":"https:\/\/terrasse-mobile.net\/wp-content\/uploads\/2024\/01\/logo-slidedeck.jpg","contentUrl":"https:\/\/terrasse-mobile.net\/wp-content\/uploads\/2024\/01\/logo-slidedeck.jpg","width":2000,"height":1103,"caption":"Slidedeck"},"image":{"@id":"https:\/\/terrasse-mobile.net\/#\/schema\/logo\/image\/"}}]}},"_links":{"self":[{"href":"https:\/\/terrasse-mobile.net\/de_ch\/wp-json\/wp\/v2\/pages\/2234","targetHints":{"allow":["GET"]}}],"collection":[{"href":"https:\/\/terrasse-mobile.net\/de_ch\/wp-json\/wp\/v2\/pages"}],"about":[{"href":"https:\/\/terrasse-mobile.net\/de_ch\/wp-json\/wp\/v2\/types\/page"}],"author":[{"embeddable":true,"href":"https:\/\/terrasse-mobile.net\/de_ch\/wp-json\/wp\/v2\/users\/1"}],"replies":[{"embeddable":true,"href":"https:\/\/terrasse-mobile.net\/de_ch\/wp-json\/wp\/v2\/comments?post=2234"}],"version-history":[{"count":87,"href":"https:\/\/terrasse-mobile.net\/de_ch\/wp-json\/wp\/v2\/pages\/2234\/revisions"}],"predecessor-version":[{"id":5716,"href":"https:\/\/terrasse-mobile.net\/de_ch\/wp-json\/wp\/v2\/pages\/2234\/revisions\/5716"}],"up":[{"embeddable":true,"href":"https:\/\/terrasse-mobile.net\/de_ch\/wp-json\/wp\/v2\/pages\/2653"}],"wp:attachment":[{"href":"https:\/\/terrasse-mobile.net\/de_ch\/wp-json\/wp\/v2\/media?parent=2234"}],"wp:term":[{"taxonomy":"folder","embeddable":true,"href":"https:\/\/terrasse-mobile.net\/de_ch\/wp-json\/wp\/v2\/folder?post=2234"}],"curies":[{"name":"wp","href":"https:\/\/api.w.org\/{rel}","templated":true}]}}