{"id":2353,"date":"2024-02-01T12:18:50","date_gmt":"2024-02-01T11:18:01","guid":{"rendered":"https:\/\/terrasse-mobile.net\/?page_id=2353"},"modified":"2024-10-01T15:50:16","modified_gmt":"2024-10-01T13:50:16","slug":"schiebeuberdachungen-fur-schwimmbader-old","status":"publish","type":"page","link":"https:\/\/terrasse-mobile.net\/de_ch\/protections-piscine-old\/abris-coulissants-pour-piscine-old\/","title":{"rendered":"SCHUTZH\u00c4USER F\u00dcR DEN PISCIN old"},"content":{"rendered":"<h1>\u00dcberdachungen f\u00fcr Schwimmb\u00e4der<\/h1>\n<p>\t\t\t\t\t\t\t\t\t\t\t\t\t<img decoding=\"async\" width=\"760\" height=\"530\" src=\"https:\/\/terrasse-mobile.net\/wp-content\/uploads\/2024\/02\/Abris-piscine-Nature-07.jpg\" alt=\"Schwimmbad\u00fcberdachungen\" srcset=\"https:\/\/terrasse-mobile.net\/wp-content\/uploads\/2024\/02\/Abris-piscine-Nature-07.jpg 760w, https:\/\/terrasse-mobile.net\/wp-content\/uploads\/2024\/02\/Abris-piscine-Nature-07-300x209.jpg 300w\" sizes=\"(max-width: 760px) 100vw, 760px\" \/>\t\t\t\t\t\t\t\t\t\t\t\t\t<\/p>\n<h2>Die idealen Schwimmbad\u00fcberdachungen<br \/>\n<\/h2>\n<p>Eine Schwimmbad\u00fcberdachung ist ein Element von <strong style=\"font-size: 16px;\">Sicherheit<\/strong> und von <strong style=\"font-size: 16px;\">Komfort<\/strong> f\u00fcr eingegrabene oder teilweise eingegrabene Schwimmbecken. Es gibt viele verschiedene Arten von Schwimmbad\u00fcberdachungen: gerade, abgerundet, Holzstruktur, Plexiglasscheiben, Schiebemodule... Treffen Sie Ihre Wahl entsprechend Ihren Bed\u00fcrfnissen und W\u00fcnschen.\u00a0<\/p>\n<p>Die Schwimmbad\u00fcberdachung erm\u00f6glicht es, die Saison zu verl\u00e4ngern (je nach H\u00f6he der \u00dcberdachung mehr oder weniger lang), denn sie <strong>erh\u00f6ht die Temperatur von Wasser und Luft<\/strong>, Sie k\u00f6nnen sich einfach und kostenlos anmelden.<\/p>\n<p>Eine Schwimmbad\u00fcberdachung ist ideal f\u00fcr alle, die ihr Schwimmbecken unabh\u00e4ngig vom Wetter nutzen m\u00f6chten. Ob niedrig, halbhoch oder hoch, die Schwimmbad\u00fcberdachung sch\u00fctzt den Zugang zum Becken und bietet einen <strong>UV-Schutz<\/strong>. Sie werden die Qual der Wahl haben, um in unserem Sortiment das Modell zu finden, das Ihren Erwartungen entspricht.\u00a0<\/p>\n<p>Wir haben uns daf\u00fcr entschieden, mit einem Marktf\u00fchrer zusammenzuarbeiten, <strong>Aquacomet<\/strong>. Ihre Schwimmbad\u00fcberdachungen werden von hochqualifizierten und erfahrenen Mitarbeitern mit mehr als 20 Jahren Erfahrung unter Verwendung fortschrittlicher Technologien hergestellt. Aquacomet verteidigt stolz den Fortbestand des traditionellen Handwerks. Das Angebot an Schwimmbad\u00fcberdachungen macht es Ihnen leicht, die <strong>angemessene Struktur f\u00fcr Ihr Haus und Ihren Garten<\/strong>, Sie k\u00f6nnen sich auf die Farbe und das Design konzentrieren.<\/p>\n<p>\t\t\t\t\t\t\t\t\t\t\t\t\t<img decoding=\"async\" width=\"765\" height=\"574\" src=\"https:\/\/terrasse-mobile.net\/wp-content\/uploads\/2024\/02\/Abris-piscine-Nature-026.jpg\" alt=\"Schwimmbad\u00fcberdachungen\" srcset=\"https:\/\/terrasse-mobile.net\/wp-content\/uploads\/2024\/02\/Abris-piscine-Nature-026.jpg 765w, https:\/\/terrasse-mobile.net\/wp-content\/uploads\/2024\/02\/Abris-piscine-Nature-026-300x225.jpg 300w\" sizes=\"(max-width: 765px) 100vw, 765px\" \/><br \/>\n\t\t\t\t\t\t\t\t\t\t\t\t\t<img decoding=\"async\" width=\"800\" height=\"534\" src=\"https:\/\/terrasse-mobile.net\/wp-content\/uploads\/2024\/02\/Abris-piscine-Nature-043-1.jpg\" alt=\"\" srcset=\"https:\/\/terrasse-mobile.net\/wp-content\/uploads\/2024\/02\/Abris-piscine-Nature-043-1.jpg 1000w, https:\/\/terrasse-mobile.net\/wp-content\/uploads\/2024\/02\/Abris-piscine-Nature-043-1-300x200.jpg 300w, https:\/\/terrasse-mobile.net\/wp-content\/uploads\/2024\/02\/Abris-piscine-Nature-043-1-768x512.jpg 768w\" sizes=\"(max-width: 800px) 100vw, 800px\" \/>\t\t\t\t\t\t\t\t\t\t\t\t\t<\/p>\n<h2>Eine Schwimmbad\u00fcberdachung bewahrt die Wasserqualit\u00e4t<br \/>\n<\/h2>\n<p>Durch das Abdecken Ihres Beckens wird verhindert, dass sich Laub, Staub oder Insekten im Wasser ablagern und das Baden behindern. Die Schwimmbad\u00fcberdachung ist ein <strong style=\"font-size: 16px;\">echtes Schutzschild<\/strong> die Ihnen eine <strong style=\"font-size: 16px;\">gesundes Wasser<\/strong> und <strong style=\"font-size: 16px;\">eigene<\/strong> zu jeder Jahreszeit. Dies ist ein echter Vorteil, der es erm\u00f6glicht, die Zeit f\u00fcr <strong style=\"font-size: 16px;\">weniger Zeit und Aufwand bei der Wartung<\/strong> Ihres Pools, w\u00e4hrend das Wasser im Pool unabh\u00e4ngig vom Wetter klar und blau bleibt.<\/p>\n<h2>Eine Schwimmbad\u00fcberdachung bewahrt die W\u00e4rme des Beckens<br \/>\n<\/h2>\n<p>\t\t\u00a0Eine Schwimmbad\u00fcberdachung hat den Vorteil, dass das Wasser in Ihrem Becken die richtige Temperatur hat, was bei einem offenen, in die Erde eingelassenen Schwimmbad schwieriger ist. Die W\u00e4rmed\u00e4mmung <strong>vermeidet<\/strong> <strong>in<\/strong> <strong>Wirkung<\/strong> <strong>die<\/strong> <strong>W\u00e4rmeverluste<\/strong>, Die Luft \u00fcber dem Becken wird auf engem Raum gesammelt. Diese Abdeckung kann dank eines Treibhauseffekts auch einige Grad mehr bringen. Die Schwimmbad\u00fcberdachung bietet einen beachtlichen Komfort, der <strong>Energieeinsparungen<\/strong> wenn der Herbst kommt.\t\t<\/p>\n<h2>Eine Schwimmbad\u00fcberdachung bedeutet weniger Verdunstung<br \/>\n<\/h2>\n<p>Ein Freibad verliert jedes Jahr einen nicht unerheblichen Prozentsatz seines Wasservolumens durch Verdunstung aufgrund von Sonneneinstrahlung, aber auch durch Wind. Unter <strong style=\"color: var( --e-global-color-b28222d ); font-family: var( --e-global-typography-690289a-font-family ), Sans-serif; font-size: var( --e-global-typography-690289a-font-size ); letter-spacing: var( --e-global-typography-690289a-letter-spacing ); word-spacing: var( --e-global-typography-690289a-word-spacing );\">Ihren Teich vor Zugluft sch\u00fctzen<\/strong> und Strahlen durch einen <strong style=\"color: var( --e-global-color-b28222d ); font-family: var( --e-global-typography-690289a-font-family ), Sans-serif; font-size: var( --e-global-typography-690289a-font-size ); letter-spacing: var( --e-global-typography-690289a-letter-spacing ); word-spacing: var( --e-global-typography-690289a-word-spacing );\">UV-Filter<\/strong>, Das spart langfristig Geld bei der Wasserrechnung.<\/p>\n<p>\t\t\t<a href=\"https:\/\/piscines.oxatis.com\/types-abris-piscine.htm\"><br \/>\n\t\t\t\t\t\tMEHR \u00dcBER SCHWIMMBAD\u00dcBERDACHUNGEN ERFAHREN<br \/>\n\t\t\t\t\t<\/a><\/p>","protected":false},"excerpt":{"rendered":"<p>Les abris pour piscine Les abris id\u00e9als pour piscine Un abri de piscine est un \u00e9l\u00e9ment de s\u00e9curit\u00e9 et de confort pour les piscines creus\u00e9es ou partiellement creus\u00e9es. Les types d\u2019abris de piscine sont nombreux : droit, arrondi, structure en bois, vitres en plexiglas, modules coulissants\u2026 Faites votre choix selon vos besoins et envies.\u00a0 L\u2019abri&#8230;<\/p>","protected":false},"author":1,"featured_media":0,"parent":2424,"menu_order":1,"comment_status":"closed","ping_status":"closed","template":"","meta":{"_kad_post_transparent":"","_kad_post_title":"","_kad_post_layout":"","_kad_post_sidebar_id":"","_kad_post_content_style":"","_kad_post_vertical_padding":"","_kad_post_feature":"","_kad_post_feature_position":"","_kad_post_header":false,"_kad_post_footer":false,"_kad_post_classname":"","footnotes":""},"folder":[],"class_list":["post-2353","page","type-page","status-publish","hentry"],"yoast_head":"<!-- This site is optimized with the Yoast SEO plugin v27.5 - https:\/\/yoast.com\/product\/yoast-seo-wordpress\/ -->\n<title>L&#039;abri couilssant pour piscine<\/title>\n<meta name=\"robots\" content=\"index, follow, max-snippet:-1, max-image-preview:large, max-video-preview:-1\" \/>\n<link rel=\"canonical\" href=\"https:\/\/terrasse-mobile.net\/de_ch\/schwimmbadschutz-old\/schiebeuberdachungen-fur-schwimmbader-old\/\" \/>\n<meta property=\"og:locale\" content=\"de_DE\" \/>\n<meta property=\"og:type\" content=\"article\" \/>\n<meta property=\"og:title\" content=\"L&#039;abri couilssant pour piscine\" \/>\n<meta property=\"og:description\" content=\"Les abris pour piscine Les abris id\u00e9als pour piscine Un abri de piscine est un \u00e9l\u00e9ment de s\u00e9curit\u00e9 et de confort pour les piscines creus\u00e9es ou partiellement creus\u00e9es. Les types d\u2019abris de piscine sont nombreux : droit, arrondi, structure en bois, vitres en plexiglas, modules coulissants\u2026 Faites votre choix selon vos besoins et envies.\u00a0 L\u2019abri...\" \/>\n<meta property=\"og:url\" content=\"https:\/\/terrasse-mobile.net\/de_ch\/schwimmbadschutz-old\/schiebeuberdachungen-fur-schwimmbader-old\/\" \/>\n<meta property=\"og:site_name\" content=\"Terrasse mobile\" \/>\n<meta property=\"article:modified_time\" content=\"2024-10-01T13:50:16+00:00\" \/>\n<meta property=\"og:image\" content=\"https:\/\/terrasse-mobile.net\/wp-content\/uploads\/2024\/02\/Abris-piscine-Nature-07.jpg\" \/>\n<meta name=\"twitter:card\" content=\"summary_large_image\" \/>\n<meta name=\"twitter:label1\" content=\"Gesch\u00e4tzte Lesezeit\" \/>\n\t<meta name=\"twitter:data1\" content=\"3\u00a0Minuten\" \/>\n<script type=\"application\/ld+json\" class=\"yoast-schema-graph\">{\"@context\":\"https:\\\/\\\/schema.org\",\"@graph\":[{\"@type\":\"WebPage\",\"@id\":\"https:\\\/\\\/terrasse-mobile.net\\\/protections-piscine-old\\\/abris-coulissants-pour-piscine-old\\\/\",\"url\":\"https:\\\/\\\/terrasse-mobile.net\\\/protections-piscine-old\\\/abris-coulissants-pour-piscine-old\\\/\",\"name\":\"L'abri couilssant pour piscine\",\"isPartOf\":{\"@id\":\"https:\\\/\\\/terrasse-mobile.net\\\/#website\"},\"primaryImageOfPage\":{\"@id\":\"https:\\\/\\\/terrasse-mobile.net\\\/protections-piscine-old\\\/abris-coulissants-pour-piscine-old\\\/#primaryimage\"},\"image\":{\"@id\":\"https:\\\/\\\/terrasse-mobile.net\\\/protections-piscine-old\\\/abris-coulissants-pour-piscine-old\\\/#primaryimage\"},\"thumbnailUrl\":\"https:\\\/\\\/terrasse-mobile.net\\\/wp-content\\\/uploads\\\/2024\\\/02\\\/Abris-piscine-Nature-07.jpg\",\"datePublished\":\"2024-02-01T11:18:01+00:00\",\"dateModified\":\"2024-10-01T13:50:16+00:00\",\"breadcrumb\":{\"@id\":\"https:\\\/\\\/terrasse-mobile.net\\\/protections-piscine-old\\\/abris-coulissants-pour-piscine-old\\\/#breadcrumb\"},\"inLanguage\":\"de-CH\",\"potentialAction\":[{\"@type\":\"ReadAction\",\"target\":[\"https:\\\/\\\/terrasse-mobile.net\\\/protections-piscine-old\\\/abris-coulissants-pour-piscine-old\\\/\"]}]},{\"@type\":\"ImageObject\",\"inLanguage\":\"de-CH\",\"@id\":\"https:\\\/\\\/terrasse-mobile.net\\\/protections-piscine-old\\\/abris-coulissants-pour-piscine-old\\\/#primaryimage\",\"url\":\"https:\\\/\\\/terrasse-mobile.net\\\/wp-content\\\/uploads\\\/2024\\\/02\\\/Abris-piscine-Nature-07.jpg\",\"contentUrl\":\"https:\\\/\\\/terrasse-mobile.net\\\/wp-content\\\/uploads\\\/2024\\\/02\\\/Abris-piscine-Nature-07.jpg\"},{\"@type\":\"BreadcrumbList\",\"@id\":\"https:\\\/\\\/terrasse-mobile.net\\\/protections-piscine-old\\\/abris-coulissants-pour-piscine-old\\\/#breadcrumb\",\"itemListElement\":[{\"@type\":\"ListItem\",\"position\":1,\"name\":\"Accueil\",\"item\":\"https:\\\/\\\/terrasse-mobile.net\\\/\"},{\"@type\":\"ListItem\",\"position\":2,\"name\":\"LES AUTRES SOLUTIONS DE COUVERTURE DE PISCINE old\",\"item\":\"https:\\\/\\\/terrasse-mobile.net\\\/protections-piscine-old\\\/\"},{\"@type\":\"ListItem\",\"position\":3,\"name\":\"LES ABRIS POUR PISCINE old\"}]},{\"@type\":\"WebSite\",\"@id\":\"https:\\\/\\\/terrasse-mobile.net\\\/#website\",\"url\":\"https:\\\/\\\/terrasse-mobile.net\\\/\",\"name\":\"Slidedeck\",\"description\":\"Construction sur mesure de terrasses mobiles en \u00cele-de-France\",\"publisher\":{\"@id\":\"https:\\\/\\\/terrasse-mobile.net\\\/#organization\"},\"potentialAction\":[{\"@type\":\"SearchAction\",\"target\":{\"@type\":\"EntryPoint\",\"urlTemplate\":\"https:\\\/\\\/terrasse-mobile.net\\\/?s={search_term_string}\"},\"query-input\":{\"@type\":\"PropertyValueSpecification\",\"valueRequired\":true,\"valueName\":\"search_term_string\"}}],\"inLanguage\":\"de-CH\"},{\"@type\":\"Organization\",\"@id\":\"https:\\\/\\\/terrasse-mobile.net\\\/#organization\",\"name\":\"Slidedeck\",\"url\":\"https:\\\/\\\/terrasse-mobile.net\\\/\",\"logo\":{\"@type\":\"ImageObject\",\"inLanguage\":\"de-CH\",\"@id\":\"https:\\\/\\\/terrasse-mobile.net\\\/#\\\/schema\\\/logo\\\/image\\\/\",\"url\":\"https:\\\/\\\/terrasse-mobile.net\\\/wp-content\\\/uploads\\\/2024\\\/01\\\/logo-slidedeck.jpg\",\"contentUrl\":\"https:\\\/\\\/terrasse-mobile.net\\\/wp-content\\\/uploads\\\/2024\\\/01\\\/logo-slidedeck.jpg\",\"width\":2000,\"height\":1103,\"caption\":\"Slidedeck\"},\"image\":{\"@id\":\"https:\\\/\\\/terrasse-mobile.net\\\/#\\\/schema\\\/logo\\\/image\\\/\"}}]}<\/script>\n<!-- \/ Yoast SEO plugin. -->","yoast_head_json":{"title":"Die flie\u00dfende \u00dcberdachung f\u00fcr den Swimmingpool","robots":{"index":"index","follow":"follow","max-snippet":"max-snippet:-1","max-image-preview":"max-image-preview:large","max-video-preview":"max-video-preview:-1"},"canonical":"https:\/\/terrasse-mobile.net\/de_ch\/schwimmbadschutz-old\/schiebeuberdachungen-fur-schwimmbader-old\/","og_locale":"de_DE","og_type":"article","og_title":"L'abri couilssant pour piscine","og_description":"Les abris pour piscine Les abris id\u00e9als pour piscine Un abri de piscine est un \u00e9l\u00e9ment de s\u00e9curit\u00e9 et de confort pour les piscines creus\u00e9es ou partiellement creus\u00e9es. Les types d\u2019abris de piscine sont nombreux : droit, arrondi, structure en bois, vitres en plexiglas, modules coulissants\u2026 Faites votre choix selon vos besoins et envies.\u00a0 L\u2019abri...","og_url":"https:\/\/terrasse-mobile.net\/de_ch\/schwimmbadschutz-old\/schiebeuberdachungen-fur-schwimmbader-old\/","og_site_name":"Terrasse mobile","article_modified_time":"2024-10-01T13:50:16+00:00","og_image":[{"url":"https:\/\/terrasse-mobile.net\/wp-content\/uploads\/2024\/02\/Abris-piscine-Nature-07.jpg","type":"","width":"","height":""}],"twitter_card":"summary_large_image","twitter_misc":{"Gesch\u00e4tzte Lesezeit":"3\u00a0Minuten"},"schema":{"@context":"https:\/\/schema.org","@graph":[{"@type":"WebPage","@id":"https:\/\/terrasse-mobile.net\/protections-piscine-old\/abris-coulissants-pour-piscine-old\/","url":"https:\/\/terrasse-mobile.net\/protections-piscine-old\/abris-coulissants-pour-piscine-old\/","name":"Die flie\u00dfende \u00dcberdachung f\u00fcr den Swimmingpool","isPartOf":{"@id":"https:\/\/terrasse-mobile.net\/#website"},"primaryImageOfPage":{"@id":"https:\/\/terrasse-mobile.net\/protections-piscine-old\/abris-coulissants-pour-piscine-old\/#primaryimage"},"image":{"@id":"https:\/\/terrasse-mobile.net\/protections-piscine-old\/abris-coulissants-pour-piscine-old\/#primaryimage"},"thumbnailUrl":"https:\/\/terrasse-mobile.net\/wp-content\/uploads\/2024\/02\/Abris-piscine-Nature-07.jpg","datePublished":"2024-02-01T11:18:01+00:00","dateModified":"2024-10-01T13:50:16+00:00","breadcrumb":{"@id":"https:\/\/terrasse-mobile.net\/protections-piscine-old\/abris-coulissants-pour-piscine-old\/#breadcrumb"},"inLanguage":"de-CH","potentialAction":[{"@type":"ReadAction","target":["https:\/\/terrasse-mobile.net\/protections-piscine-old\/abris-coulissants-pour-piscine-old\/"]}]},{"@type":"ImageObject","inLanguage":"de-CH","@id":"https:\/\/terrasse-mobile.net\/protections-piscine-old\/abris-coulissants-pour-piscine-old\/#primaryimage","url":"https:\/\/terrasse-mobile.net\/wp-content\/uploads\/2024\/02\/Abris-piscine-Nature-07.jpg","contentUrl":"https:\/\/terrasse-mobile.net\/wp-content\/uploads\/2024\/02\/Abris-piscine-Nature-07.jpg"},{"@type":"BreadcrumbList","@id":"https:\/\/terrasse-mobile.net\/protections-piscine-old\/abris-coulissants-pour-piscine-old\/#breadcrumb","itemListElement":[{"@type":"ListItem","position":1,"name":"Accueil","item":"https:\/\/terrasse-mobile.net\/"},{"@type":"ListItem","position":2,"name":"LES AUTRES SOLUTIONS DE COUVERTURE DE PISCINE old","item":"https:\/\/terrasse-mobile.net\/protections-piscine-old\/"},{"@type":"ListItem","position":3,"name":"LES ABRIS POUR PISCINE old"}]},{"@type":"WebSite","@id":"https:\/\/terrasse-mobile.net\/#website","url":"https:\/\/terrasse-mobile.net\/","name":"Slidedeck","description":"Ma\u00dfgeschneiderte Konstruktion von mobilen Terrassen in der \u00cele-de-France","publisher":{"@id":"https:\/\/terrasse-mobile.net\/#organization"},"potentialAction":[{"@type":"SearchAction","target":{"@type":"EntryPoint","urlTemplate":"https:\/\/terrasse-mobile.net\/?s={search_term_string}"},"query-input":{"@type":"PropertyValueSpecification","valueRequired":true,"valueName":"search_term_string"}}],"inLanguage":"de-CH"},{"@type":"Organization","@id":"https:\/\/terrasse-mobile.net\/#organization","name":"Slidedeck","url":"https:\/\/terrasse-mobile.net\/","logo":{"@type":"ImageObject","inLanguage":"de-CH","@id":"https:\/\/terrasse-mobile.net\/#\/schema\/logo\/image\/","url":"https:\/\/terrasse-mobile.net\/wp-content\/uploads\/2024\/01\/logo-slidedeck.jpg","contentUrl":"https:\/\/terrasse-mobile.net\/wp-content\/uploads\/2024\/01\/logo-slidedeck.jpg","width":2000,"height":1103,"caption":"Slidedeck"},"image":{"@id":"https:\/\/terrasse-mobile.net\/#\/schema\/logo\/image\/"}}]}},"_links":{"self":[{"href":"https:\/\/terrasse-mobile.net\/de_ch\/wp-json\/wp\/v2\/pages\/2353","targetHints":{"allow":["GET"]}}],"collection":[{"href":"https:\/\/terrasse-mobile.net\/de_ch\/wp-json\/wp\/v2\/pages"}],"about":[{"href":"https:\/\/terrasse-mobile.net\/de_ch\/wp-json\/wp\/v2\/types\/page"}],"author":[{"embeddable":true,"href":"https:\/\/terrasse-mobile.net\/de_ch\/wp-json\/wp\/v2\/users\/1"}],"replies":[{"embeddable":true,"href":"https:\/\/terrasse-mobile.net\/de_ch\/wp-json\/wp\/v2\/comments?post=2353"}],"version-history":[{"count":26,"href":"https:\/\/terrasse-mobile.net\/de_ch\/wp-json\/wp\/v2\/pages\/2353\/revisions"}],"predecessor-version":[{"id":5720,"href":"https:\/\/terrasse-mobile.net\/de_ch\/wp-json\/wp\/v2\/pages\/2353\/revisions\/5720"}],"up":[{"embeddable":true,"href":"https:\/\/terrasse-mobile.net\/de_ch\/wp-json\/wp\/v2\/pages\/2424"}],"wp:attachment":[{"href":"https:\/\/terrasse-mobile.net\/de_ch\/wp-json\/wp\/v2\/media?parent=2353"}],"wp:term":[{"taxonomy":"folder","embeddable":true,"href":"https:\/\/terrasse-mobile.net\/de_ch\/wp-json\/wp\/v2\/folder?post=2353"}],"curies":[{"name":"wp","href":"https:\/\/api.w.org\/{rel}","templated":true}]}}