{"id":2424,"date":"2024-02-01T15:05:50","date_gmt":"2024-02-01T14:05:20","guid":{"rendered":"https:\/\/terrasse-mobile.net\/?page_id=2424"},"modified":"2024-10-01T15:49:34","modified_gmt":"2024-10-01T13:49:34","slug":"schwimmbadschutz-old","status":"publish","type":"page","link":"https:\/\/terrasse-mobile.net\/de_ch\/protections-piscine-old\/","title":{"rendered":"ANDERE L\u00d6SUNGEN F\u00dcR DIE SCHWIMMBADABDECKUNG old"},"content":{"rendered":"<h1>OPTIONEN F\u00dcR IHR SlideDeck<\/h1>\n<h2>\n\t\t\t\t\t\tOPTIMIEREN SIE IHRE MOBILE TERRASSE<br \/>\n\t\t\t\t\t<\/h2>\n<p><em>Entdecken Sie die verf\u00fcgbaren Optionen, um die SlideDeck-Erfahrung weiter zu verbessern ...<\/em><\/p>\n<p>                    <img decoding=\"async\" width=\"1000\" height=\"662\" src=\"https:\/\/terrasse-mobile.net\/wp-content\/uploads\/2024\/02\/2REAL-ERBIBOU-PISCINE-A-FOND-MOBILE-2.jpg\" alt=\"beweglicher Boden Schwimmbad\" srcset=\"https:\/\/terrasse-mobile.net\/wp-content\/uploads\/2024\/02\/2REAL-ERBIBOU-PISCINE-A-FOND-MOBILE-2.jpg 1000w, https:\/\/terrasse-mobile.net\/wp-content\/uploads\/2024\/02\/2REAL-ERBIBOU-PISCINE-A-FOND-MOBILE-2-300x199.jpg 300w, https:\/\/terrasse-mobile.net\/wp-content\/uploads\/2024\/02\/2REAL-ERBIBOU-PISCINE-A-FOND-MOBILE-2-768x508.jpg 768w\" sizes=\"(max-width: 1000px) 100vw, 1000px\" \/><\/p>\n<h3>\n                        DER BEWEGLICHE BODEN F\u00dcR DEN POOL<br \/>\n                    <\/h3>\n<p>                        Entdecken Sie den beweglichen Boden f\u00fcr Schwimmb\u00e4der, eine innovative Technologie mit vielen Vorteilen.<br \/>\n                    <img decoding=\"async\" width=\"731\" height=\"510\" src=\"https:\/\/terrasse-mobile.net\/wp-content\/uploads\/2024\/02\/Abris-piscine-Nature-07-1.jpg\" alt=\"Schwimmbad\u00fcberdachungen\" srcset=\"https:\/\/terrasse-mobile.net\/wp-content\/uploads\/2024\/02\/Abris-piscine-Nature-07-1.jpg 731w, https:\/\/terrasse-mobile.net\/wp-content\/uploads\/2024\/02\/Abris-piscine-Nature-07-1-300x209.jpg 300w\" sizes=\"(max-width: 731px) 100vw, 731px\" \/><\/p>\n<h3>\n                        DIE \u00dcBERDACHUNGEN F\u00dcR SCHWIMMB\u00c4DER<br \/>\n                    <\/h3>\n<p>                        Entdecken Sie die Vorteile von Schwimmbad\u00fcberdachungen und w\u00e4hlen Sie das Modell Ihrer Tr\u00e4ume!<br \/>\n                    <img decoding=\"async\" width=\"600\" height=\"397\" src=\"https:\/\/terrasse-mobile.net\/wp-content\/uploads\/2024\/02\/REA-BEAUGRAND-VOLET-00009.jpg\" alt=\"Unterwasserklappen f\u00fcr Schwimmb\u00e4der\" srcset=\"https:\/\/terrasse-mobile.net\/wp-content\/uploads\/2024\/02\/REA-BEAUGRAND-VOLET-00009.jpg 600w, https:\/\/terrasse-mobile.net\/wp-content\/uploads\/2024\/02\/REA-BEAUGRAND-VOLET-00009-300x199.jpg 300w\" sizes=\"(max-width: 600px) 100vw, 600px\" \/><\/p>\n<h3>\n                        DIE UNTERWASSERABDECKUNG F\u00dcR DEN POOL<br \/>\n                    <\/h3>\n<p>                        Entdecken Sie unsere wundersch\u00f6nen Unterwasserklappen, ihre Funktionsweise sowie die Vorteile, die sie ...<\/p>","protected":false},"excerpt":{"rendered":"<p>LES OPTIONS POUR VOTRE SlideDeck OPTIMISEZ VOTRE TERRASSE MOBILE D\u00e9couvrez les options disponibles pour am\u00e9liorer davantage l&rsquo;exp\u00e9rience SlideDeck &#8230; LE FOND MOBILE POUR PISCINE D\u00e9couvrez le fond mobile pour piscine, une technologie innovante pr\u00e9sentant de nombreux avantages. LES ABRIS POUR PISCINE D\u00e9couvrez les avantages des abris pour piscine et choisissez le mod\u00e8le de vos r\u00eaves&#8230;<\/p>","protected":false},"author":1,"featured_media":0,"parent":0,"menu_order":18,"comment_status":"closed","ping_status":"closed","template":"","meta":{"_kad_post_transparent":"","_kad_post_title":"","_kad_post_layout":"","_kad_post_sidebar_id":"","_kad_post_content_style":"","_kad_post_vertical_padding":"","_kad_post_feature":"","_kad_post_feature_position":"","_kad_post_header":false,"_kad_post_footer":false,"_kad_post_classname":"","footnotes":""},"folder":[],"class_list":["post-2424","page","type-page","status-publish","hentry"],"yoast_head":"<!-- This site is optimized with the Yoast SEO plugin v27.5 - https:\/\/yoast.com\/product\/yoast-seo-wordpress\/ -->\n<title>Terrasse mobile pour piscine type &quot;Rolling Deck&quot;<\/title>\n<meta name=\"robots\" content=\"index, follow, max-snippet:-1, max-image-preview:large, max-video-preview:-1\" \/>\n<link rel=\"canonical\" href=\"https:\/\/terrasse-mobile.net\/de_ch\/schwimmbadschutz-old\/\" \/>\n<meta property=\"og:locale\" content=\"de_DE\" \/>\n<meta property=\"og:type\" content=\"article\" \/>\n<meta property=\"og:title\" content=\"Terrasse mobile pour piscine type &quot;Rolling Deck&quot;\" \/>\n<meta property=\"og:description\" content=\"LES OPTIONS POUR VOTRE SlideDeck OPTIMISEZ VOTRE TERRASSE MOBILE D\u00e9couvrez les options disponibles pour am\u00e9liorer davantage l&rsquo;exp\u00e9rience SlideDeck &#8230; LE FOND MOBILE POUR PISCINE D\u00e9couvrez le fond mobile pour piscine, une technologie innovante pr\u00e9sentant de nombreux avantages. LES ABRIS POUR PISCINE D\u00e9couvrez les avantages des abris pour piscine et choisissez le mod\u00e8le de vos r\u00eaves...\" \/>\n<meta property=\"og:url\" content=\"https:\/\/terrasse-mobile.net\/de_ch\/schwimmbadschutz-old\/\" \/>\n<meta property=\"og:site_name\" content=\"Terrasse mobile\" \/>\n<meta property=\"article:modified_time\" content=\"2024-10-01T13:49:34+00:00\" \/>\n<meta property=\"og:image\" content=\"https:\/\/terrasse-mobile.net\/wp-content\/uploads\/2024\/02\/2REAL-ERBIBOU-PISCINE-A-FOND-MOBILE-2.jpg\" \/>\n<meta name=\"twitter:card\" content=\"summary_large_image\" \/>\n<meta name=\"twitter:label1\" content=\"Gesch\u00e4tzte Lesezeit\" \/>\n\t<meta name=\"twitter:data1\" content=\"1\u00a0Minute\" \/>\n<script type=\"application\/ld+json\" class=\"yoast-schema-graph\">{\"@context\":\"https:\\\/\\\/schema.org\",\"@graph\":[{\"@type\":\"WebPage\",\"@id\":\"https:\\\/\\\/terrasse-mobile.net\\\/protections-piscine-old\\\/\",\"url\":\"https:\\\/\\\/terrasse-mobile.net\\\/protections-piscine-old\\\/\",\"name\":\"Terrasse mobile pour piscine type \\\"Rolling Deck\\\"\",\"isPartOf\":{\"@id\":\"https:\\\/\\\/terrasse-mobile.net\\\/#website\"},\"primaryImageOfPage\":{\"@id\":\"https:\\\/\\\/terrasse-mobile.net\\\/protections-piscine-old\\\/#primaryimage\"},\"image\":{\"@id\":\"https:\\\/\\\/terrasse-mobile.net\\\/protections-piscine-old\\\/#primaryimage\"},\"thumbnailUrl\":\"https:\\\/\\\/terrasse-mobile.net\\\/wp-content\\\/uploads\\\/2024\\\/02\\\/2REAL-ERBIBOU-PISCINE-A-FOND-MOBILE-2.jpg\",\"datePublished\":\"2024-02-01T14:05:20+00:00\",\"dateModified\":\"2024-10-01T13:49:34+00:00\",\"breadcrumb\":{\"@id\":\"https:\\\/\\\/terrasse-mobile.net\\\/protections-piscine-old\\\/#breadcrumb\"},\"inLanguage\":\"de-CH\",\"potentialAction\":[{\"@type\":\"ReadAction\",\"target\":[\"https:\\\/\\\/terrasse-mobile.net\\\/protections-piscine-old\\\/\"]}]},{\"@type\":\"ImageObject\",\"inLanguage\":\"de-CH\",\"@id\":\"https:\\\/\\\/terrasse-mobile.net\\\/protections-piscine-old\\\/#primaryimage\",\"url\":\"https:\\\/\\\/terrasse-mobile.net\\\/wp-content\\\/uploads\\\/2024\\\/02\\\/2REAL-ERBIBOU-PISCINE-A-FOND-MOBILE-2.jpg\",\"contentUrl\":\"https:\\\/\\\/terrasse-mobile.net\\\/wp-content\\\/uploads\\\/2024\\\/02\\\/2REAL-ERBIBOU-PISCINE-A-FOND-MOBILE-2.jpg\"},{\"@type\":\"BreadcrumbList\",\"@id\":\"https:\\\/\\\/terrasse-mobile.net\\\/protections-piscine-old\\\/#breadcrumb\",\"itemListElement\":[{\"@type\":\"ListItem\",\"position\":1,\"name\":\"Accueil\",\"item\":\"https:\\\/\\\/terrasse-mobile.net\\\/\"},{\"@type\":\"ListItem\",\"position\":2,\"name\":\"LES AUTRES SOLUTIONS DE COUVERTURE DE PISCINE old\"}]},{\"@type\":\"WebSite\",\"@id\":\"https:\\\/\\\/terrasse-mobile.net\\\/#website\",\"url\":\"https:\\\/\\\/terrasse-mobile.net\\\/\",\"name\":\"Slidedeck\",\"description\":\"Construction sur mesure de terrasses mobiles en \u00cele-de-France\",\"publisher\":{\"@id\":\"https:\\\/\\\/terrasse-mobile.net\\\/#organization\"},\"potentialAction\":[{\"@type\":\"SearchAction\",\"target\":{\"@type\":\"EntryPoint\",\"urlTemplate\":\"https:\\\/\\\/terrasse-mobile.net\\\/?s={search_term_string}\"},\"query-input\":{\"@type\":\"PropertyValueSpecification\",\"valueRequired\":true,\"valueName\":\"search_term_string\"}}],\"inLanguage\":\"de-CH\"},{\"@type\":\"Organization\",\"@id\":\"https:\\\/\\\/terrasse-mobile.net\\\/#organization\",\"name\":\"Slidedeck\",\"url\":\"https:\\\/\\\/terrasse-mobile.net\\\/\",\"logo\":{\"@type\":\"ImageObject\",\"inLanguage\":\"de-CH\",\"@id\":\"https:\\\/\\\/terrasse-mobile.net\\\/#\\\/schema\\\/logo\\\/image\\\/\",\"url\":\"https:\\\/\\\/terrasse-mobile.net\\\/wp-content\\\/uploads\\\/2024\\\/01\\\/logo-slidedeck.jpg\",\"contentUrl\":\"https:\\\/\\\/terrasse-mobile.net\\\/wp-content\\\/uploads\\\/2024\\\/01\\\/logo-slidedeck.jpg\",\"width\":2000,\"height\":1103,\"caption\":\"Slidedeck\"},\"image\":{\"@id\":\"https:\\\/\\\/terrasse-mobile.net\\\/#\\\/schema\\\/logo\\\/image\\\/\"}}]}<\/script>\n<!-- \/ Yoast SEO plugin. -->","yoast_head_json":{"title":"Mobile Terrasse f\u00fcr Swimmingpool Typ \"Rolling Deck\"","robots":{"index":"index","follow":"follow","max-snippet":"max-snippet:-1","max-image-preview":"max-image-preview:large","max-video-preview":"max-video-preview:-1"},"canonical":"https:\/\/terrasse-mobile.net\/de_ch\/schwimmbadschutz-old\/","og_locale":"de_DE","og_type":"article","og_title":"Terrasse mobile pour piscine type \"Rolling Deck\"","og_description":"LES OPTIONS POUR VOTRE SlideDeck OPTIMISEZ VOTRE TERRASSE MOBILE D\u00e9couvrez les options disponibles pour am\u00e9liorer davantage l&rsquo;exp\u00e9rience SlideDeck &#8230; LE FOND MOBILE POUR PISCINE D\u00e9couvrez le fond mobile pour piscine, une technologie innovante pr\u00e9sentant de nombreux avantages. LES ABRIS POUR PISCINE D\u00e9couvrez les avantages des abris pour piscine et choisissez le mod\u00e8le de vos r\u00eaves...","og_url":"https:\/\/terrasse-mobile.net\/de_ch\/schwimmbadschutz-old\/","og_site_name":"Terrasse mobile","article_modified_time":"2024-10-01T13:49:34+00:00","og_image":[{"url":"https:\/\/terrasse-mobile.net\/wp-content\/uploads\/2024\/02\/2REAL-ERBIBOU-PISCINE-A-FOND-MOBILE-2.jpg","type":"","width":"","height":""}],"twitter_card":"summary_large_image","twitter_misc":{"Gesch\u00e4tzte Lesezeit":"1\u00a0Minute"},"schema":{"@context":"https:\/\/schema.org","@graph":[{"@type":"WebPage","@id":"https:\/\/terrasse-mobile.net\/protections-piscine-old\/","url":"https:\/\/terrasse-mobile.net\/protections-piscine-old\/","name":"Mobile Terrasse f\u00fcr Swimmingpool Typ \"Rolling Deck\"","isPartOf":{"@id":"https:\/\/terrasse-mobile.net\/#website"},"primaryImageOfPage":{"@id":"https:\/\/terrasse-mobile.net\/protections-piscine-old\/#primaryimage"},"image":{"@id":"https:\/\/terrasse-mobile.net\/protections-piscine-old\/#primaryimage"},"thumbnailUrl":"https:\/\/terrasse-mobile.net\/wp-content\/uploads\/2024\/02\/2REAL-ERBIBOU-PISCINE-A-FOND-MOBILE-2.jpg","datePublished":"2024-02-01T14:05:20+00:00","dateModified":"2024-10-01T13:49:34+00:00","breadcrumb":{"@id":"https:\/\/terrasse-mobile.net\/protections-piscine-old\/#breadcrumb"},"inLanguage":"de-CH","potentialAction":[{"@type":"ReadAction","target":["https:\/\/terrasse-mobile.net\/protections-piscine-old\/"]}]},{"@type":"ImageObject","inLanguage":"de-CH","@id":"https:\/\/terrasse-mobile.net\/protections-piscine-old\/#primaryimage","url":"https:\/\/terrasse-mobile.net\/wp-content\/uploads\/2024\/02\/2REAL-ERBIBOU-PISCINE-A-FOND-MOBILE-2.jpg","contentUrl":"https:\/\/terrasse-mobile.net\/wp-content\/uploads\/2024\/02\/2REAL-ERBIBOU-PISCINE-A-FOND-MOBILE-2.jpg"},{"@type":"BreadcrumbList","@id":"https:\/\/terrasse-mobile.net\/protections-piscine-old\/#breadcrumb","itemListElement":[{"@type":"ListItem","position":1,"name":"Accueil","item":"https:\/\/terrasse-mobile.net\/"},{"@type":"ListItem","position":2,"name":"LES AUTRES SOLUTIONS DE COUVERTURE DE PISCINE old"}]},{"@type":"WebSite","@id":"https:\/\/terrasse-mobile.net\/#website","url":"https:\/\/terrasse-mobile.net\/","name":"Slidedeck","description":"Ma\u00dfgeschneiderte Konstruktion von mobilen Terrassen in der \u00cele-de-France","publisher":{"@id":"https:\/\/terrasse-mobile.net\/#organization"},"potentialAction":[{"@type":"SearchAction","target":{"@type":"EntryPoint","urlTemplate":"https:\/\/terrasse-mobile.net\/?s={search_term_string}"},"query-input":{"@type":"PropertyValueSpecification","valueRequired":true,"valueName":"search_term_string"}}],"inLanguage":"de-CH"},{"@type":"Organization","@id":"https:\/\/terrasse-mobile.net\/#organization","name":"Slidedeck","url":"https:\/\/terrasse-mobile.net\/","logo":{"@type":"ImageObject","inLanguage":"de-CH","@id":"https:\/\/terrasse-mobile.net\/#\/schema\/logo\/image\/","url":"https:\/\/terrasse-mobile.net\/wp-content\/uploads\/2024\/01\/logo-slidedeck.jpg","contentUrl":"https:\/\/terrasse-mobile.net\/wp-content\/uploads\/2024\/01\/logo-slidedeck.jpg","width":2000,"height":1103,"caption":"Slidedeck"},"image":{"@id":"https:\/\/terrasse-mobile.net\/#\/schema\/logo\/image\/"}}]}},"_links":{"self":[{"href":"https:\/\/terrasse-mobile.net\/de_ch\/wp-json\/wp\/v2\/pages\/2424","targetHints":{"allow":["GET"]}}],"collection":[{"href":"https:\/\/terrasse-mobile.net\/de_ch\/wp-json\/wp\/v2\/pages"}],"about":[{"href":"https:\/\/terrasse-mobile.net\/de_ch\/wp-json\/wp\/v2\/types\/page"}],"author":[{"embeddable":true,"href":"https:\/\/terrasse-mobile.net\/de_ch\/wp-json\/wp\/v2\/users\/1"}],"replies":[{"embeddable":true,"href":"https:\/\/terrasse-mobile.net\/de_ch\/wp-json\/wp\/v2\/comments?post=2424"}],"version-history":[{"count":59,"href":"https:\/\/terrasse-mobile.net\/de_ch\/wp-json\/wp\/v2\/pages\/2424\/revisions"}],"predecessor-version":[{"id":5718,"href":"https:\/\/terrasse-mobile.net\/de_ch\/wp-json\/wp\/v2\/pages\/2424\/revisions\/5718"}],"wp:attachment":[{"href":"https:\/\/terrasse-mobile.net\/de_ch\/wp-json\/wp\/v2\/media?parent=2424"}],"wp:term":[{"taxonomy":"folder","embeddable":true,"href":"https:\/\/terrasse-mobile.net\/de_ch\/wp-json\/wp\/v2\/folder?post=2424"}],"curies":[{"name":"wp","href":"https:\/\/api.w.org\/{rel}","templated":true}]}}