{"id":3549,"date":"2024-02-20T13:04:06","date_gmt":"2024-02-20T12:04:59","guid":{"rendered":"https:\/\/terrasse-mobile.net\/?page_id=3549"},"modified":"2024-10-01T13:02:20","modified_gmt":"2024-10-01T11:02:20","slug":"mobile-terrasse-pool-nach-mas-old","status":"publish","type":"page","link":"https:\/\/terrasse-mobile.net\/de_ch\/modeles-old\/terrasse-mobile-piscine-sur-mesure-old\/","title":{"rendered":"DER MASSGESCHNEIDERTE SLIDEDECKold"},"content":{"rendered":"<h1>DIE MOBILE TERRASSE F\u00dcR DEN POOL <br \/>SlideDeck MASSGESCHNEIDERT<\/h1>\n<h2>Die mobile Terrasse SlideDECK MASSGESCHNEIDERT: ideal, um einen neuen Raum in Ihrem Garten zu schaffen<\/h2>\n<p>Bei gro\u00dfen Pools (16 m lang und 6 m breit) sind wir in der Lage, mobile Terrassen nach einem exklusiven (und geheimen!) Herstellungsverfahren zu bauen. Dabei handelt es sich um Ausnahmeprojekte, f\u00fcr die wir speziell f\u00fcr Sie eine Studie erstellen.<\/p>\n<p><a href=\"https:\/\/terrasse-mobile.net\/de_ch\/terrasse-mobile-slidedeck-contact\/\">Wenden Sie sich an uns, wenn Sie planen, eine mobile Terrasse f\u00fcr einen sehr gro\u00dfen Swimmingpool zu installieren.<\/a><\/p>\n<p>\t\t\t\t\t\t\t\t\t\t\t\t\t<img decoding=\"async\" width=\"700\" height=\"393\" src=\"https:\/\/terrasse-mobile.net\/wp-content\/uploads\/2024\/03\/REAL-GERNEZ-PISCINE-FINI-1.jpg\" alt=\"sehr gro\u00dfer Pool mobile Terrasse\" srcset=\"https:\/\/terrasse-mobile.net\/wp-content\/uploads\/2024\/03\/REAL-GERNEZ-PISCINE-FINI-1.jpg 700w, https:\/\/terrasse-mobile.net\/wp-content\/uploads\/2024\/03\/REAL-GERNEZ-PISCINE-FINI-1-300x168.jpg 300w\" sizes=\"(max-width: 700px) 100vw, 700px\" \/><br \/>\n\t\t\t<a href=\"https:\/\/terrasse-mobile.net\/de_ch\/les-modeles-de-terrasse-mobile\/\"><br \/>\n\t\t\t\t\t\tENTDECKEN SIE DIE ANDEREN SLIDEDECK-KONFIGURATIONEN<br \/>\n\t\t\t\t\t<\/a><\/p>","protected":false},"excerpt":{"rendered":"<p>LA TERRASSE MOBILE POUR PISCINE SlideDeck SUR-MESURE La terrasse mobile SlideDECK SUR-MESURE : id\u00e9ale pour cr\u00e9er un nouvel espace dans votre jardin Nous sommes en mesure, pour des piscines de grandes dimensions (16m de long pour 6m de large), de r\u00e9aliser des terrasses mobiles selon un proc\u00e9d\u00e9 de fabrication exclusif (et secret !). Il s&rsquo;agit&#8230;<\/p>","protected":false},"author":1,"featured_media":0,"parent":1412,"menu_order":2,"comment_status":"closed","ping_status":"closed","template":"","meta":{"_kad_post_transparent":"","_kad_post_title":"","_kad_post_layout":"","_kad_post_sidebar_id":"","_kad_post_content_style":"","_kad_post_vertical_padding":"","_kad_post_feature":"","_kad_post_feature_position":"","_kad_post_header":false,"_kad_post_footer":false,"_kad_post_classname":"","footnotes":""},"folder":[],"class_list":["post-3549","page","type-page","status-publish","hentry"],"yoast_head":"<!-- This site is optimized with the Yoast SEO plugin v27.5 - https:\/\/yoast.com\/product\/yoast-seo-wordpress\/ -->\n<title>La terrasse mobile en deux parties asym\u00e9triques<\/title>\n<meta name=\"robots\" content=\"index, follow, max-snippet:-1, max-image-preview:large, max-video-preview:-1\" \/>\n<link rel=\"canonical\" href=\"https:\/\/terrasse-mobile.net\/de_ch\/old-models\/mobile-terrasse-pool-nach-mas-old\/\" \/>\n<meta property=\"og:locale\" content=\"de_DE\" \/>\n<meta property=\"og:type\" content=\"article\" \/>\n<meta property=\"og:title\" content=\"La terrasse mobile en deux parties asym\u00e9triques\" \/>\n<meta property=\"og:description\" content=\"LA TERRASSE MOBILE POUR PISCINE SlideDeck SUR-MESURE La terrasse mobile SlideDECK SUR-MESURE : id\u00e9ale pour cr\u00e9er un nouvel espace dans votre jardin Nous sommes en mesure, pour des piscines de grandes dimensions (16m de long pour 6m de large), de r\u00e9aliser des terrasses mobiles selon un proc\u00e9d\u00e9 de fabrication exclusif (et secret !). Il s&rsquo;agit...\" \/>\n<meta property=\"og:url\" content=\"https:\/\/terrasse-mobile.net\/de_ch\/old-models\/mobile-terrasse-pool-nach-mas-old\/\" \/>\n<meta property=\"og:site_name\" content=\"Terrasse mobile\" \/>\n<meta property=\"article:modified_time\" content=\"2024-10-01T11:02:20+00:00\" \/>\n<meta property=\"og:image\" content=\"https:\/\/terrasse-mobile.net\/wp-content\/uploads\/2024\/03\/REAL-GERNEZ-PISCINE-FINI-1.jpg\" \/>\n<meta name=\"twitter:card\" content=\"summary_large_image\" \/>\n<meta name=\"twitter:label1\" content=\"Gesch\u00e4tzte Lesezeit\" \/>\n\t<meta name=\"twitter:data1\" content=\"1\u00a0Minute\" \/>\n<script type=\"application\/ld+json\" class=\"yoast-schema-graph\">{\"@context\":\"https:\\\/\\\/schema.org\",\"@graph\":[{\"@type\":\"WebPage\",\"@id\":\"https:\\\/\\\/terrasse-mobile.net\\\/modeles-old\\\/terrasse-mobile-piscine-sur-mesure-old\\\/\",\"url\":\"https:\\\/\\\/terrasse-mobile.net\\\/modeles-old\\\/terrasse-mobile-piscine-sur-mesure-old\\\/\",\"name\":\"La terrasse mobile en deux parties asym\u00e9triques\",\"isPartOf\":{\"@id\":\"https:\\\/\\\/terrasse-mobile.net\\\/#website\"},\"primaryImageOfPage\":{\"@id\":\"https:\\\/\\\/terrasse-mobile.net\\\/modeles-old\\\/terrasse-mobile-piscine-sur-mesure-old\\\/#primaryimage\"},\"image\":{\"@id\":\"https:\\\/\\\/terrasse-mobile.net\\\/modeles-old\\\/terrasse-mobile-piscine-sur-mesure-old\\\/#primaryimage\"},\"thumbnailUrl\":\"https:\\\/\\\/terrasse-mobile.net\\\/wp-content\\\/uploads\\\/2024\\\/03\\\/REAL-GERNEZ-PISCINE-FINI-1.jpg\",\"datePublished\":\"2024-02-20T12:04:59+00:00\",\"dateModified\":\"2024-10-01T11:02:20+00:00\",\"breadcrumb\":{\"@id\":\"https:\\\/\\\/terrasse-mobile.net\\\/modeles-old\\\/terrasse-mobile-piscine-sur-mesure-old\\\/#breadcrumb\"},\"inLanguage\":\"de-CH\",\"potentialAction\":[{\"@type\":\"ReadAction\",\"target\":[\"https:\\\/\\\/terrasse-mobile.net\\\/modeles-old\\\/terrasse-mobile-piscine-sur-mesure-old\\\/\"]}]},{\"@type\":\"ImageObject\",\"inLanguage\":\"de-CH\",\"@id\":\"https:\\\/\\\/terrasse-mobile.net\\\/modeles-old\\\/terrasse-mobile-piscine-sur-mesure-old\\\/#primaryimage\",\"url\":\"https:\\\/\\\/terrasse-mobile.net\\\/wp-content\\\/uploads\\\/2024\\\/03\\\/REAL-GERNEZ-PISCINE-FINI-1.jpg\",\"contentUrl\":\"https:\\\/\\\/terrasse-mobile.net\\\/wp-content\\\/uploads\\\/2024\\\/03\\\/REAL-GERNEZ-PISCINE-FINI-1.jpg\"},{\"@type\":\"BreadcrumbList\",\"@id\":\"https:\\\/\\\/terrasse-mobile.net\\\/modeles-old\\\/terrasse-mobile-piscine-sur-mesure-old\\\/#breadcrumb\",\"itemListElement\":[{\"@type\":\"ListItem\",\"position\":1,\"name\":\"Accueil\",\"item\":\"https:\\\/\\\/terrasse-mobile.net\\\/\"},{\"@type\":\"ListItem\",\"position\":2,\"name\":\"LES GAMMES SLIDEDECK OLD\",\"item\":\"https:\\\/\\\/terrasse-mobile.net\\\/modeles-old\\\/\"},{\"@type\":\"ListItem\",\"position\":3,\"name\":\"LE SLIDEDECK SUR-MESUREold\"}]},{\"@type\":\"WebSite\",\"@id\":\"https:\\\/\\\/terrasse-mobile.net\\\/#website\",\"url\":\"https:\\\/\\\/terrasse-mobile.net\\\/\",\"name\":\"Slidedeck\",\"description\":\"Construction sur mesure de terrasses mobiles en \u00cele-de-France\",\"publisher\":{\"@id\":\"https:\\\/\\\/terrasse-mobile.net\\\/#organization\"},\"potentialAction\":[{\"@type\":\"SearchAction\",\"target\":{\"@type\":\"EntryPoint\",\"urlTemplate\":\"https:\\\/\\\/terrasse-mobile.net\\\/?s={search_term_string}\"},\"query-input\":{\"@type\":\"PropertyValueSpecification\",\"valueRequired\":true,\"valueName\":\"search_term_string\"}}],\"inLanguage\":\"de-CH\"},{\"@type\":\"Organization\",\"@id\":\"https:\\\/\\\/terrasse-mobile.net\\\/#organization\",\"name\":\"Slidedeck\",\"url\":\"https:\\\/\\\/terrasse-mobile.net\\\/\",\"logo\":{\"@type\":\"ImageObject\",\"inLanguage\":\"de-CH\",\"@id\":\"https:\\\/\\\/terrasse-mobile.net\\\/#\\\/schema\\\/logo\\\/image\\\/\",\"url\":\"https:\\\/\\\/terrasse-mobile.net\\\/wp-content\\\/uploads\\\/2024\\\/01\\\/logo-slidedeck.jpg\",\"contentUrl\":\"https:\\\/\\\/terrasse-mobile.net\\\/wp-content\\\/uploads\\\/2024\\\/01\\\/logo-slidedeck.jpg\",\"width\":2000,\"height\":1103,\"caption\":\"Slidedeck\"},\"image\":{\"@id\":\"https:\\\/\\\/terrasse-mobile.net\\\/#\\\/schema\\\/logo\\\/image\\\/\"}}]}<\/script>\n<!-- \/ Yoast SEO plugin. -->","yoast_head_json":{"title":"Die mobile Terrasse aus zwei asymmetrischen Teilen","robots":{"index":"index","follow":"follow","max-snippet":"max-snippet:-1","max-image-preview":"max-image-preview:large","max-video-preview":"max-video-preview:-1"},"canonical":"https:\/\/terrasse-mobile.net\/de_ch\/old-models\/mobile-terrasse-pool-nach-mas-old\/","og_locale":"de_DE","og_type":"article","og_title":"La terrasse mobile en deux parties asym\u00e9triques","og_description":"LA TERRASSE MOBILE POUR PISCINE SlideDeck SUR-MESURE La terrasse mobile SlideDECK SUR-MESURE : id\u00e9ale pour cr\u00e9er un nouvel espace dans votre jardin Nous sommes en mesure, pour des piscines de grandes dimensions (16m de long pour 6m de large), de r\u00e9aliser des terrasses mobiles selon un proc\u00e9d\u00e9 de fabrication exclusif (et secret !). Il s&rsquo;agit...","og_url":"https:\/\/terrasse-mobile.net\/de_ch\/old-models\/mobile-terrasse-pool-nach-mas-old\/","og_site_name":"Terrasse mobile","article_modified_time":"2024-10-01T11:02:20+00:00","og_image":[{"url":"https:\/\/terrasse-mobile.net\/wp-content\/uploads\/2024\/03\/REAL-GERNEZ-PISCINE-FINI-1.jpg","type":"","width":"","height":""}],"twitter_card":"summary_large_image","twitter_misc":{"Gesch\u00e4tzte Lesezeit":"1\u00a0Minute"},"schema":{"@context":"https:\/\/schema.org","@graph":[{"@type":"WebPage","@id":"https:\/\/terrasse-mobile.net\/modeles-old\/terrasse-mobile-piscine-sur-mesure-old\/","url":"https:\/\/terrasse-mobile.net\/modeles-old\/terrasse-mobile-piscine-sur-mesure-old\/","name":"Die mobile Terrasse aus zwei asymmetrischen Teilen","isPartOf":{"@id":"https:\/\/terrasse-mobile.net\/#website"},"primaryImageOfPage":{"@id":"https:\/\/terrasse-mobile.net\/modeles-old\/terrasse-mobile-piscine-sur-mesure-old\/#primaryimage"},"image":{"@id":"https:\/\/terrasse-mobile.net\/modeles-old\/terrasse-mobile-piscine-sur-mesure-old\/#primaryimage"},"thumbnailUrl":"https:\/\/terrasse-mobile.net\/wp-content\/uploads\/2024\/03\/REAL-GERNEZ-PISCINE-FINI-1.jpg","datePublished":"2024-02-20T12:04:59+00:00","dateModified":"2024-10-01T11:02:20+00:00","breadcrumb":{"@id":"https:\/\/terrasse-mobile.net\/modeles-old\/terrasse-mobile-piscine-sur-mesure-old\/#breadcrumb"},"inLanguage":"de-CH","potentialAction":[{"@type":"ReadAction","target":["https:\/\/terrasse-mobile.net\/modeles-old\/terrasse-mobile-piscine-sur-mesure-old\/"]}]},{"@type":"ImageObject","inLanguage":"de-CH","@id":"https:\/\/terrasse-mobile.net\/modeles-old\/terrasse-mobile-piscine-sur-mesure-old\/#primaryimage","url":"https:\/\/terrasse-mobile.net\/wp-content\/uploads\/2024\/03\/REAL-GERNEZ-PISCINE-FINI-1.jpg","contentUrl":"https:\/\/terrasse-mobile.net\/wp-content\/uploads\/2024\/03\/REAL-GERNEZ-PISCINE-FINI-1.jpg"},{"@type":"BreadcrumbList","@id":"https:\/\/terrasse-mobile.net\/modeles-old\/terrasse-mobile-piscine-sur-mesure-old\/#breadcrumb","itemListElement":[{"@type":"ListItem","position":1,"name":"Accueil","item":"https:\/\/terrasse-mobile.net\/"},{"@type":"ListItem","position":2,"name":"LES GAMMES SLIDEDECK OLD","item":"https:\/\/terrasse-mobile.net\/modeles-old\/"},{"@type":"ListItem","position":3,"name":"LE SLIDEDECK SUR-MESUREold"}]},{"@type":"WebSite","@id":"https:\/\/terrasse-mobile.net\/#website","url":"https:\/\/terrasse-mobile.net\/","name":"Slidedeck","description":"Ma\u00dfgeschneiderte Konstruktion von mobilen Terrassen in der \u00cele-de-France","publisher":{"@id":"https:\/\/terrasse-mobile.net\/#organization"},"potentialAction":[{"@type":"SearchAction","target":{"@type":"EntryPoint","urlTemplate":"https:\/\/terrasse-mobile.net\/?s={search_term_string}"},"query-input":{"@type":"PropertyValueSpecification","valueRequired":true,"valueName":"search_term_string"}}],"inLanguage":"de-CH"},{"@type":"Organization","@id":"https:\/\/terrasse-mobile.net\/#organization","name":"Slidedeck","url":"https:\/\/terrasse-mobile.net\/","logo":{"@type":"ImageObject","inLanguage":"de-CH","@id":"https:\/\/terrasse-mobile.net\/#\/schema\/logo\/image\/","url":"https:\/\/terrasse-mobile.net\/wp-content\/uploads\/2024\/01\/logo-slidedeck.jpg","contentUrl":"https:\/\/terrasse-mobile.net\/wp-content\/uploads\/2024\/01\/logo-slidedeck.jpg","width":2000,"height":1103,"caption":"Slidedeck"},"image":{"@id":"https:\/\/terrasse-mobile.net\/#\/schema\/logo\/image\/"}}]}},"_links":{"self":[{"href":"https:\/\/terrasse-mobile.net\/de_ch\/wp-json\/wp\/v2\/pages\/3549","targetHints":{"allow":["GET"]}}],"collection":[{"href":"https:\/\/terrasse-mobile.net\/de_ch\/wp-json\/wp\/v2\/pages"}],"about":[{"href":"https:\/\/terrasse-mobile.net\/de_ch\/wp-json\/wp\/v2\/types\/page"}],"author":[{"embeddable":true,"href":"https:\/\/terrasse-mobile.net\/de_ch\/wp-json\/wp\/v2\/users\/1"}],"replies":[{"embeddable":true,"href":"https:\/\/terrasse-mobile.net\/de_ch\/wp-json\/wp\/v2\/comments?post=3549"}],"version-history":[{"count":17,"href":"https:\/\/terrasse-mobile.net\/de_ch\/wp-json\/wp\/v2\/pages\/3549\/revisions"}],"predecessor-version":[{"id":5645,"href":"https:\/\/terrasse-mobile.net\/de_ch\/wp-json\/wp\/v2\/pages\/3549\/revisions\/5645"}],"up":[{"embeddable":true,"href":"https:\/\/terrasse-mobile.net\/de_ch\/wp-json\/wp\/v2\/pages\/1412"}],"wp:attachment":[{"href":"https:\/\/terrasse-mobile.net\/de_ch\/wp-json\/wp\/v2\/media?parent=3549"}],"wp:term":[{"taxonomy":"folder","embeddable":true,"href":"https:\/\/terrasse-mobile.net\/de_ch\/wp-json\/wp\/v2\/folder?post=3549"}],"curies":[{"name":"wp","href":"https:\/\/api.w.org\/{rel}","templated":true}]}}