{"id":41,"date":"2024-01-08T16:46:31","date_gmt":"2024-01-08T15:46:37","guid":{"rendered":"https:\/\/terrasse-mobile.net\/?page_id=41"},"modified":"2025-11-25T15:50:36","modified_gmt":"2025-11-25T14:50:36","slug":"mobile-terrasse-aus-einem-stuck","status":"publish","type":"page","link":"https:\/\/terrasse-mobile.net\/de_ch\/terrasse-mobile-sur-mesure\/configurations\/terrasse-mobile-monobloc\/","title":{"rendered":"Die mobile Terrasse SLIDEDECK aus einem St\u00fcck"},"content":{"rendered":"<div class=\"wp-block-group\"><div class=\"wp-block-group__inner-container is-layout-constrained wp-block-group-is-layout-constrained\">\n<div class=\"wp-block-columns is-layout-flex wp-container-core-columns-is-layout-9d6595d7 wp-block-columns-is-layout-flex\">\n<div class=\"wp-block-column is-layout-flow wp-block-column-is-layout-flow\">\n<h2 class=\"wp-block-heading\">Entdecken Sie diese mobile Terrassenkonstruktion f\u00fcr Schwimmb\u00e4der<\/h2>\n\n\n\n<p>Die mobile Terrasse aus einem St\u00fcck ist die klassischste Konfiguration. Es handelt sich um  eine rechteckige Plattform, die Ihren Pool abdeckt und in Breitenrichtung des Pools verl\u00e4uft.<\/p>\n\n\n\n<p>Die mobile Monoblock-Terrasse kann auch in L\u00e4ngsrichtung verschoben werden. Diese Situation kommt jedoch seltener vor, da sie viel mehr Platz an der Seite des Pools erfordert.<\/p>\n\n\n\n<h2 class=\"wp-block-heading\">Eine mobile Terrasse auf einer einzigen Plattform<\/h2>\n\n\n\n<p>Es handelt sich um eine mobile Terrasse, die auf einer Konstruktion aufgebaut ist, die auf einer Schiene gleitet. Die Rollen sorgen f\u00fcr eine gleichm\u00e4\u00dfige Verteilung der Last der mobilen Terrasse, sodass sie leicht verschoben werden kann. Um sie zu verschieben, muss man sie nur leicht anschieben. Wenn Sie sich f\u00fcr eine motorisierte mobile Terrasse entschieden haben, gen\u00fcgt ein einfacher Druck auf den Knopf der Fernbedienung.<\/p>\n\n\n\n<p>&nbsp;Die mobile Terrasse deckt Ihr Becken ab, wenn Sie Ihren Pool nicht benutzen. Die Schiebeterrasse sch\u00fctzt Ihr Becken au\u00dferdem vor Verschmutzungen und sorgt f\u00fcr Sicherheit.<\/p>\n\n\n\n<div class=\"wp-block-buttons is-content-justification-center is-layout-flex wp-container-core-buttons-is-layout-16018d1d wp-block-buttons-is-layout-flex\">\n<div class=\"wp-block-button is-style-fill\"><a class=\"wp-block-button__link has-white-color has-text-color has-background has-link-color has-small-font-size has-custom-font-size wp-element-button\" href=\"https:\/\/terrasse-mobile.net\/de_ch\/mobile-terrasse-nach-mas\/konfigurationen\/\" style=\"background-color:#3579a4\">Entdecken Sie die anderen SlideDeck-Konfigurationen<\/a><\/div>\n<\/div>\n<\/div>\n\n\n\n<div class=\"wp-block-column is-layout-flow wp-block-column-is-layout-flow\"><div class=\"wp-block-image\">\n<figure class=\"aligncenter size-full\"><img decoding=\"async\" width=\"800\" height=\"533\" src=\"https:\/\/terrasse-mobile.net\/wp-content\/uploads\/2025\/03\/3D-MONOBLOC1.png\" alt=\"Mobile Terrasse aus einem St\u00fcck\" class=\"wp-image-6778\" style=\"aspect-ratio:3\/2;object-fit:cover\" srcset=\"https:\/\/terrasse-mobile.net\/wp-content\/uploads\/2025\/03\/3D-MONOBLOC1.png 800w, https:\/\/terrasse-mobile.net\/wp-content\/uploads\/2025\/03\/3D-MONOBLOC1-300x200.png 300w, https:\/\/terrasse-mobile.net\/wp-content\/uploads\/2025\/03\/3D-MONOBLOC1-768x512.png 768w, https:\/\/terrasse-mobile.net\/wp-content\/uploads\/2025\/03\/3D-MONOBLOC1-50x33.png 50w\" sizes=\"(max-width: 800px) 100vw, 800px\" \/><\/figure>\n<\/div>\n\n\n<figure class=\"wp-block-image size-large\"><img decoding=\"async\" width=\"1024\" height=\"758\" src=\"https:\/\/terrasse-mobile.net\/wp-content\/uploads\/2025\/02\/3D-monobloc-longueur-1024x758.png\" alt=\"Mobile Terrasse auf einer einzigen Plattform\" class=\"wp-image-6760\" srcset=\"https:\/\/terrasse-mobile.net\/wp-content\/uploads\/2025\/02\/3D-monobloc-longueur-1024x758.png 1024w, https:\/\/terrasse-mobile.net\/wp-content\/uploads\/2025\/02\/3D-monobloc-longueur-300x222.png 300w, https:\/\/terrasse-mobile.net\/wp-content\/uploads\/2025\/02\/3D-monobloc-longueur-768x568.png 768w, https:\/\/terrasse-mobile.net\/wp-content\/uploads\/2025\/02\/3D-monobloc-longueur-50x37.png 50w, https:\/\/terrasse-mobile.net\/wp-content\/uploads\/2025\/02\/3D-monobloc-longueur-1600x1184.png 1600w, https:\/\/terrasse-mobile.net\/wp-content\/uploads\/2025\/02\/3D-monobloc-longueur-1536x1137.png 1536w, https:\/\/terrasse-mobile.net\/wp-content\/uploads\/2025\/02\/3D-monobloc-longueur-2048x1516.png 2048w\" sizes=\"(max-width: 1024px) 100vw, 1024px\" \/><\/figure>\n<\/div>\n<\/div>\n<\/div><\/div>","protected":false},"excerpt":{"rendered":"<p>D\u00e9couvrez cette configuration de terrasse mobile pour piscine La terrasse mobile monobloc est la configuration la plus classique. Il s&rsquo;agit&nbsp; d&rsquo;une plateforme rectangulaire qui recouvre votre piscine et qui circule dans le sens de la largeur de la piscine. La terrasse mobile monobloc peut \u00e9galement circuler dans le sens de la longueur. Cette situation est&#8230;<\/p>","protected":false},"author":1,"featured_media":3640,"parent":5532,"menu_order":29,"comment_status":"closed","ping_status":"closed","template":"","meta":{"_kad_post_transparent":"","_kad_post_title":"show","_kad_post_layout":"","_kad_post_sidebar_id":"","_kad_post_content_style":"","_kad_post_vertical_padding":"hide","_kad_post_feature":"","_kad_post_feature_position":"","_kad_post_header":false,"_kad_post_footer":false,"_kad_post_classname":"","footnotes":""},"folder":[],"class_list":["post-41","page","type-page","status-publish","has-post-thumbnail","hentry"],"yoast_head":"<!-- This site is optimized with the Yoast SEO plugin v27.4 - https:\/\/yoast.com\/product\/yoast-seo-wordpress\/ -->\n<title>La terrasse mobile monobloc pour piscine<\/title>\n<meta name=\"description\" content=\"La terrasse mobile monobloc est une terrasse \u00e0 un seul plateau. C&#039;est le type de terrasse mobile le plus classique.\" \/>\n<meta name=\"robots\" content=\"index, follow, max-snippet:-1, max-image-preview:large, max-video-preview:-1\" \/>\n<link rel=\"canonical\" href=\"https:\/\/terrasse-mobile.net\/de_ch\/mobile-terrasse-nach-mas\/konfigurationen\/mobile-terrasse-aus-einem-stuck\/\" \/>\n<meta property=\"og:locale\" content=\"de_DE\" \/>\n<meta property=\"og:type\" content=\"article\" \/>\n<meta property=\"og:title\" content=\"La terrasse mobile monobloc pour piscine\" \/>\n<meta property=\"og:description\" content=\"La terrasse mobile monobloc est une terrasse \u00e0 un seul plateau. C&#039;est le type de terrasse mobile le plus classique.\" \/>\n<meta property=\"og:url\" content=\"https:\/\/terrasse-mobile.net\/de_ch\/mobile-terrasse-nach-mas\/konfigurationen\/mobile-terrasse-aus-einem-stuck\/\" \/>\n<meta property=\"og:site_name\" content=\"Terrasse mobile\" \/>\n<meta property=\"article:modified_time\" content=\"2025-11-25T14:50:36+00:00\" \/>\n<meta property=\"og:image\" content=\"https:\/\/terrasse-mobile.net\/wp-content\/uploads\/2024\/02\/REAL-SABOURAULT-PISCINE-2.jpg\" \/>\n\t<meta property=\"og:image:width\" content=\"2000\" \/>\n\t<meta property=\"og:image:height\" content=\"1500\" \/>\n\t<meta property=\"og:image:type\" content=\"image\/jpeg\" \/>\n<meta name=\"twitter:card\" content=\"summary_large_image\" \/>\n<meta name=\"twitter:label1\" content=\"Gesch\u00e4tzte Lesezeit\" \/>\n\t<meta name=\"twitter:data1\" content=\"2\u00a0Minuten\" \/>\n<script type=\"application\/ld+json\" class=\"yoast-schema-graph\">{\"@context\":\"https:\\\/\\\/schema.org\",\"@graph\":[{\"@type\":\"WebPage\",\"@id\":\"https:\\\/\\\/terrasse-mobile.net\\\/terrasse-mobile-sur-mesure\\\/configurations\\\/terrasse-mobile-monobloc\\\/\",\"url\":\"https:\\\/\\\/terrasse-mobile.net\\\/terrasse-mobile-sur-mesure\\\/configurations\\\/terrasse-mobile-monobloc\\\/\",\"name\":\"La terrasse mobile monobloc pour piscine\",\"isPartOf\":{\"@id\":\"https:\\\/\\\/terrasse-mobile.net\\\/#website\"},\"primaryImageOfPage\":{\"@id\":\"https:\\\/\\\/terrasse-mobile.net\\\/terrasse-mobile-sur-mesure\\\/configurations\\\/terrasse-mobile-monobloc\\\/#primaryimage\"},\"image\":{\"@id\":\"https:\\\/\\\/terrasse-mobile.net\\\/terrasse-mobile-sur-mesure\\\/configurations\\\/terrasse-mobile-monobloc\\\/#primaryimage\"},\"thumbnailUrl\":\"https:\\\/\\\/terrasse-mobile.net\\\/wp-content\\\/uploads\\\/2024\\\/02\\\/REAL-SABOURAULT-PISCINE-2.jpg\",\"datePublished\":\"2024-01-08T15:46:37+00:00\",\"dateModified\":\"2025-11-25T14:50:36+00:00\",\"description\":\"La terrasse mobile monobloc est une terrasse \u00e0 un seul plateau. C'est le type de terrasse mobile le plus classique.\",\"breadcrumb\":{\"@id\":\"https:\\\/\\\/terrasse-mobile.net\\\/terrasse-mobile-sur-mesure\\\/configurations\\\/terrasse-mobile-monobloc\\\/#breadcrumb\"},\"inLanguage\":\"de-CH\",\"potentialAction\":[{\"@type\":\"ReadAction\",\"target\":[\"https:\\\/\\\/terrasse-mobile.net\\\/terrasse-mobile-sur-mesure\\\/configurations\\\/terrasse-mobile-monobloc\\\/\"]}]},{\"@type\":\"ImageObject\",\"inLanguage\":\"de-CH\",\"@id\":\"https:\\\/\\\/terrasse-mobile.net\\\/terrasse-mobile-sur-mesure\\\/configurations\\\/terrasse-mobile-monobloc\\\/#primaryimage\",\"url\":\"https:\\\/\\\/terrasse-mobile.net\\\/wp-content\\\/uploads\\\/2024\\\/02\\\/REAL-SABOURAULT-PISCINE-2.jpg\",\"contentUrl\":\"https:\\\/\\\/terrasse-mobile.net\\\/wp-content\\\/uploads\\\/2024\\\/02\\\/REAL-SABOURAULT-PISCINE-2.jpg\",\"width\":2000,\"height\":1500,\"caption\":\"DCIM100MEDIADJI_0365.JPG\"},{\"@type\":\"BreadcrumbList\",\"@id\":\"https:\\\/\\\/terrasse-mobile.net\\\/terrasse-mobile-sur-mesure\\\/configurations\\\/terrasse-mobile-monobloc\\\/#breadcrumb\",\"itemListElement\":[{\"@type\":\"ListItem\",\"position\":1,\"name\":\"Accueil\",\"item\":\"https:\\\/\\\/terrasse-mobile.net\\\/\"},{\"@type\":\"ListItem\",\"position\":2,\"name\":\"LA TERRASSE MOBILE SUR-MESURE POUR PISCINE\",\"item\":\"https:\\\/\\\/terrasse-mobile.net\\\/terrasse-mobile-sur-mesure\\\/\"},{\"@type\":\"ListItem\",\"position\":3,\"name\":\"LES CONFIGURATIONS DE TERRASSE MOBILE SLIDEDECK\",\"item\":\"https:\\\/\\\/terrasse-mobile.net\\\/terrasse-mobile-sur-mesure\\\/configurations\\\/\"},{\"@type\":\"ListItem\",\"position\":4,\"name\":\"LA TERRASSE MOBILE MONOBLOC SLIDEDECK\"}]},{\"@type\":\"WebSite\",\"@id\":\"https:\\\/\\\/terrasse-mobile.net\\\/#website\",\"url\":\"https:\\\/\\\/terrasse-mobile.net\\\/\",\"name\":\"Slidedeck\",\"description\":\"Construction sur mesure de terrasses mobiles en \u00cele-de-France\",\"publisher\":{\"@id\":\"https:\\\/\\\/terrasse-mobile.net\\\/#organization\"},\"potentialAction\":[{\"@type\":\"SearchAction\",\"target\":{\"@type\":\"EntryPoint\",\"urlTemplate\":\"https:\\\/\\\/terrasse-mobile.net\\\/?s={search_term_string}\"},\"query-input\":{\"@type\":\"PropertyValueSpecification\",\"valueRequired\":true,\"valueName\":\"search_term_string\"}}],\"inLanguage\":\"de-CH\"},{\"@type\":\"Organization\",\"@id\":\"https:\\\/\\\/terrasse-mobile.net\\\/#organization\",\"name\":\"Slidedeck\",\"url\":\"https:\\\/\\\/terrasse-mobile.net\\\/\",\"logo\":{\"@type\":\"ImageObject\",\"inLanguage\":\"de-CH\",\"@id\":\"https:\\\/\\\/terrasse-mobile.net\\\/#\\\/schema\\\/logo\\\/image\\\/\",\"url\":\"https:\\\/\\\/terrasse-mobile.net\\\/wp-content\\\/uploads\\\/2024\\\/01\\\/logo-slidedeck.jpg\",\"contentUrl\":\"https:\\\/\\\/terrasse-mobile.net\\\/wp-content\\\/uploads\\\/2024\\\/01\\\/logo-slidedeck.jpg\",\"width\":2000,\"height\":1103,\"caption\":\"Slidedeck\"},\"image\":{\"@id\":\"https:\\\/\\\/terrasse-mobile.net\\\/#\\\/schema\\\/logo\\\/image\\\/\"}}]}<\/script>\n<!-- \/ Yoast SEO plugin. -->","yoast_head_json":{"title":"Die mobile Monoblock-Terrasse f\u00fcr Schwimmb\u00e4der","description":"Die mobile Terrasse aus einem St\u00fcck ist eine Terrasse mit einer einzigen Platte. Dies ist die klassischste Art von mobiler Terrasse.","robots":{"index":"index","follow":"follow","max-snippet":"max-snippet:-1","max-image-preview":"max-image-preview:large","max-video-preview":"max-video-preview:-1"},"canonical":"https:\/\/terrasse-mobile.net\/de_ch\/mobile-terrasse-nach-mas\/konfigurationen\/mobile-terrasse-aus-einem-stuck\/","og_locale":"de_DE","og_type":"article","og_title":"La terrasse mobile monobloc pour piscine","og_description":"La terrasse mobile monobloc est une terrasse \u00e0 un seul plateau. C'est le type de terrasse mobile le plus classique.","og_url":"https:\/\/terrasse-mobile.net\/de_ch\/mobile-terrasse-nach-mas\/konfigurationen\/mobile-terrasse-aus-einem-stuck\/","og_site_name":"Terrasse mobile","article_modified_time":"2025-11-25T14:50:36+00:00","og_image":[{"width":2000,"height":1500,"url":"https:\/\/terrasse-mobile.net\/wp-content\/uploads\/2024\/02\/REAL-SABOURAULT-PISCINE-2.jpg","type":"image\/jpeg"}],"twitter_card":"summary_large_image","twitter_misc":{"Gesch\u00e4tzte Lesezeit":"2\u00a0Minuten"},"schema":{"@context":"https:\/\/schema.org","@graph":[{"@type":"WebPage","@id":"https:\/\/terrasse-mobile.net\/terrasse-mobile-sur-mesure\/configurations\/terrasse-mobile-monobloc\/","url":"https:\/\/terrasse-mobile.net\/terrasse-mobile-sur-mesure\/configurations\/terrasse-mobile-monobloc\/","name":"Die mobile Monoblock-Terrasse f\u00fcr Schwimmb\u00e4der","isPartOf":{"@id":"https:\/\/terrasse-mobile.net\/#website"},"primaryImageOfPage":{"@id":"https:\/\/terrasse-mobile.net\/terrasse-mobile-sur-mesure\/configurations\/terrasse-mobile-monobloc\/#primaryimage"},"image":{"@id":"https:\/\/terrasse-mobile.net\/terrasse-mobile-sur-mesure\/configurations\/terrasse-mobile-monobloc\/#primaryimage"},"thumbnailUrl":"https:\/\/terrasse-mobile.net\/wp-content\/uploads\/2024\/02\/REAL-SABOURAULT-PISCINE-2.jpg","datePublished":"2024-01-08T15:46:37+00:00","dateModified":"2025-11-25T14:50:36+00:00","description":"Die mobile Terrasse aus einem St\u00fcck ist eine Terrasse mit einer einzigen Platte. Dies ist die klassischste Art von mobiler Terrasse.","breadcrumb":{"@id":"https:\/\/terrasse-mobile.net\/terrasse-mobile-sur-mesure\/configurations\/terrasse-mobile-monobloc\/#breadcrumb"},"inLanguage":"de-CH","potentialAction":[{"@type":"ReadAction","target":["https:\/\/terrasse-mobile.net\/terrasse-mobile-sur-mesure\/configurations\/terrasse-mobile-monobloc\/"]}]},{"@type":"ImageObject","inLanguage":"de-CH","@id":"https:\/\/terrasse-mobile.net\/terrasse-mobile-sur-mesure\/configurations\/terrasse-mobile-monobloc\/#primaryimage","url":"https:\/\/terrasse-mobile.net\/wp-content\/uploads\/2024\/02\/REAL-SABOURAULT-PISCINE-2.jpg","contentUrl":"https:\/\/terrasse-mobile.net\/wp-content\/uploads\/2024\/02\/REAL-SABOURAULT-PISCINE-2.jpg","width":2000,"height":1500,"caption":"DCIM100MEDIADJI_0365.JPG"},{"@type":"BreadcrumbList","@id":"https:\/\/terrasse-mobile.net\/terrasse-mobile-sur-mesure\/configurations\/terrasse-mobile-monobloc\/#breadcrumb","itemListElement":[{"@type":"ListItem","position":1,"name":"Accueil","item":"https:\/\/terrasse-mobile.net\/"},{"@type":"ListItem","position":2,"name":"LA TERRASSE MOBILE SUR-MESURE POUR PISCINE","item":"https:\/\/terrasse-mobile.net\/terrasse-mobile-sur-mesure\/"},{"@type":"ListItem","position":3,"name":"LES CONFIGURATIONS DE TERRASSE MOBILE SLIDEDECK","item":"https:\/\/terrasse-mobile.net\/terrasse-mobile-sur-mesure\/configurations\/"},{"@type":"ListItem","position":4,"name":"LA TERRASSE MOBILE MONOBLOC SLIDEDECK"}]},{"@type":"WebSite","@id":"https:\/\/terrasse-mobile.net\/#website","url":"https:\/\/terrasse-mobile.net\/","name":"Slidedeck","description":"Ma\u00dfgeschneiderte Konstruktion von mobilen Terrassen in der \u00cele-de-France","publisher":{"@id":"https:\/\/terrasse-mobile.net\/#organization"},"potentialAction":[{"@type":"SearchAction","target":{"@type":"EntryPoint","urlTemplate":"https:\/\/terrasse-mobile.net\/?s={search_term_string}"},"query-input":{"@type":"PropertyValueSpecification","valueRequired":true,"valueName":"search_term_string"}}],"inLanguage":"de-CH"},{"@type":"Organization","@id":"https:\/\/terrasse-mobile.net\/#organization","name":"Slidedeck","url":"https:\/\/terrasse-mobile.net\/","logo":{"@type":"ImageObject","inLanguage":"de-CH","@id":"https:\/\/terrasse-mobile.net\/#\/schema\/logo\/image\/","url":"https:\/\/terrasse-mobile.net\/wp-content\/uploads\/2024\/01\/logo-slidedeck.jpg","contentUrl":"https:\/\/terrasse-mobile.net\/wp-content\/uploads\/2024\/01\/logo-slidedeck.jpg","width":2000,"height":1103,"caption":"Slidedeck"},"image":{"@id":"https:\/\/terrasse-mobile.net\/#\/schema\/logo\/image\/"}}]}},"_links":{"self":[{"href":"https:\/\/terrasse-mobile.net\/de_ch\/wp-json\/wp\/v2\/pages\/41","targetHints":{"allow":["GET"]}}],"collection":[{"href":"https:\/\/terrasse-mobile.net\/de_ch\/wp-json\/wp\/v2\/pages"}],"about":[{"href":"https:\/\/terrasse-mobile.net\/de_ch\/wp-json\/wp\/v2\/types\/page"}],"author":[{"embeddable":true,"href":"https:\/\/terrasse-mobile.net\/de_ch\/wp-json\/wp\/v2\/users\/1"}],"replies":[{"embeddable":true,"href":"https:\/\/terrasse-mobile.net\/de_ch\/wp-json\/wp\/v2\/comments?post=41"}],"version-history":[{"count":62,"href":"https:\/\/terrasse-mobile.net\/de_ch\/wp-json\/wp\/v2\/pages\/41\/revisions"}],"predecessor-version":[{"id":7284,"href":"https:\/\/terrasse-mobile.net\/de_ch\/wp-json\/wp\/v2\/pages\/41\/revisions\/7284"}],"up":[{"embeddable":true,"href":"https:\/\/terrasse-mobile.net\/de_ch\/wp-json\/wp\/v2\/pages\/5532"}],"wp:featuredmedia":[{"embeddable":true,"href":"https:\/\/terrasse-mobile.net\/de_ch\/wp-json\/wp\/v2\/media\/3640"}],"wp:attachment":[{"href":"https:\/\/terrasse-mobile.net\/de_ch\/wp-json\/wp\/v2\/media?parent=41"}],"wp:term":[{"taxonomy":"folder","embeddable":true,"href":"https:\/\/terrasse-mobile.net\/de_ch\/wp-json\/wp\/v2\/folder?post=41"}],"curies":[{"name":"wp","href":"https:\/\/api.w.org\/{rel}","templated":true}]}}