{"id":5432,"date":"2024-10-02T14:40:31","date_gmt":"2024-10-02T12:40:34","guid":{"rendered":"https:\/\/terrasse-mobile.net\/?page_id=5432"},"modified":"2025-11-25T15:27:58","modified_gmt":"2025-11-25T14:27:58","slug":"mobile-terrasse-swimmingpool-quality","status":"publish","type":"page","link":"https:\/\/terrasse-mobile.net\/de_ch\/slidedeck\/terrasse-mobile-ile-de-france\/terrasse-mobile-piscine-de-qualite\/","title":{"rendered":"SLIDEDECK, WAS IST DAS?"},"content":{"rendered":"<div class=\"wp-block-group\"><div class=\"wp-block-group__inner-container is-layout-constrained wp-block-group-is-layout-constrained\">\n<div class=\"wp-block-columns is-layout-flex wp-container-core-columns-is-layout-9d6595d7 wp-block-columns-is-layout-flex\">\n<div class=\"wp-block-column is-layout-flow wp-block-column-is-layout-flow\">\n<figure class=\"wp-block-image size-full is-resized\"><img decoding=\"async\" width=\"765\" height=\"510\" src=\"https:\/\/terrasse-mobile.net\/wp-content\/uploads\/2024\/02\/TERRASSE-MOBILE-YVELINES-copie.png\" alt=\"mobile terrasse ile de france\" class=\"wp-image-3182\" style=\"object-fit:cover;width:570px;height:auto\" srcset=\"https:\/\/terrasse-mobile.net\/wp-content\/uploads\/2024\/02\/TERRASSE-MOBILE-YVELINES-copie.png 765w, https:\/\/terrasse-mobile.net\/wp-content\/uploads\/2024\/02\/TERRASSE-MOBILE-YVELINES-copie-300x200.png 300w\" sizes=\"(max-width: 765px) 100vw, 765px\" \/><\/figure>\n<\/div>\n\n\n\n<div class=\"wp-block-column is-layout-flow wp-block-column-is-layout-flow\">\n<h2 class=\"wp-block-heading\">SlideDeck, die au\u00dfergew\u00f6hnliche mobile Terrasse f\u00fcr Ihren Pool<\/h2>\n\n\n\n<p>Die mobile SlideDeck-Terrasse wird auch als Schiebeterrasse bezeichnet. Sie ist eine Poolabdeckung der neuen Generation, die \u00fcber Ihren Pool gleitet, um ihn zu sch\u00fctzen, die Verdunstung des Wassers zu verhindern und die W\u00e4rme zu speichern. Die bewegliche Terrasse sch\u00fctzt auch Ihre Haustiere, Freunde oder Familie vor St\u00fcrzen in den Pool. Schlie\u00dflich ist die mobile Terrasse SlideDeck absolut wasserdicht, wodurch der Pool vollst\u00e4ndig vor Schmutz, Staub oder auch vor Laub im Garten gesch\u00fctzt ist.<\/p>\n<\/div>\n<\/div>\n<\/div><\/div>\n\n\n\n<p>Die mobile Terrasse SlideDeck ist die perfekte Erg\u00e4nzung zu Ihrem Pool: Wenn der Pool nicht benutzt wird, bedeckt die mobile Terrasse SlideDeck den Pool und bietet Ihnen eine sch\u00f6ne, \u00e4sthetische und robuste Holzterrasse, sowohl im Sommer als auch im Winter.      Wenn Sie Ihren Pool benutzen m\u00f6chten, schieben Sie die mobile Terrasse zur Seite, um den Pool freizulegen und sofort zu genie\u00dfen. Sie k\u00f6nnen Ihre Liegest\u00fchle, Couchtische und andere kleine M\u00f6belst\u00fccke auf der mobilen Terrasse stehen lassen, um sich nach dem Schwimmen zu entspannen. Die mobile Terrasse SlideDeck l\u00e4sst sich leicht verschieben, um Ihren Pool abzudecken und freizulegen.<\/p>\n\n\n\n<div class=\"wp-block-group\"><div class=\"wp-block-group__inner-container is-layout-constrained wp-block-group-is-layout-constrained\">\n<div class=\"wp-block-columns is-layout-flex wp-container-core-columns-is-layout-9d6595d7 wp-block-columns-is-layout-flex\">\n<div class=\"wp-block-column is-layout-flow wp-block-column-is-layout-flow\">\n<h2 class=\"wp-block-heading\">SlideDeck ist eine mobile Terrasse.<\/h2>\n\n\n\n<p>Die mobile Terrasse setzt sich als echte technische Innovation durch und findet leicht ihren Platz in den G\u00e4rten derjenigen, die Sicherheit f\u00fcr ihren Pool verbinden m\u00f6chten, ohne die \u00c4sthetik und Eleganz, die sie verleiht, zu beeintr\u00e4chtigen.<\/p>\n\n\n\n<h2 class=\"wp-block-heading\">Effektive, trendige und praktische Sicherheit :<\/h2>\n\n\n\n<p>Die mobile Terrasse SlideDeck bietet einen echten Schutz f\u00fcr Ihren Pool und Ihre Familie. Wir bieten Ihnen unsere mobilen Terrassen, die entwickelt und getestet wurden, um den anspruchsvollsten Sicherheitsnormen zu entsprechen. Ihre mobile Terrasse SlideDeck sichert Ihren Pool mit Effizienz und \u00c4sthetik und erm\u00f6glicht es Ihnen, den gewonnenen Platz in Ihrem Garten zu nutzen.<\/p>\n<\/div>\n\n\n\n<div class=\"wp-block-column is-layout-flow wp-block-column-is-layout-flow\">\n<figure class=\"wp-block-image size-full\"><img decoding=\"async\" width=\"1000\" height=\"750\" src=\"https:\/\/terrasse-mobile.net\/wp-content\/uploads\/2024\/01\/REAL-SABOURAULT-PISCINE-3.jpg\" alt=\"Mobile Terrasse SlideDeck\" class=\"wp-image-892\" srcset=\"https:\/\/terrasse-mobile.net\/wp-content\/uploads\/2024\/01\/REAL-SABOURAULT-PISCINE-3.jpg 1000w, https:\/\/terrasse-mobile.net\/wp-content\/uploads\/2024\/01\/REAL-SABOURAULT-PISCINE-3-300x225.jpg 300w, https:\/\/terrasse-mobile.net\/wp-content\/uploads\/2024\/01\/REAL-SABOURAULT-PISCINE-3-768x576.jpg 768w\" sizes=\"(max-width: 1000px) 100vw, 1000px\" \/><\/figure>\n<\/div>\n<\/div>\n<\/div><\/div>\n\n\n\n<h2 class=\"wp-block-heading has-text-align-center\">Warum sollten Sie eine mobile Terrasse bei sich zu Hause aufstellen?<\/h2>\n\n\n\n<p>Die mobile Terrasse ist eine perfekte Anlage f\u00fcr kleine Fl\u00e4chen: Sie m\u00fcssen sich nicht mehr zwischen Terrasse und Pool entscheiden. Denn Sie k\u00f6nnen Ihr Becken ganz einfach abdecken, wenn Sie es nicht mehr ben\u00f6tigen, und Ihre Grundfl\u00e4che zur\u00fcckgewinnen. Au\u00dferdem hat die verschiebbare Terrasse den Vorteil, dass Ihr Pool sicher ist, die W\u00e4rme gespeichert und Verschmutzungen vermieden werden...<\/p>\n\n\n\n<div class=\"wp-block-buttons is-content-justification-center is-layout-flex wp-container-core-buttons-is-layout-16018d1d wp-block-buttons-is-layout-flex\">\n<div class=\"wp-block-button is-style-fill\"><a class=\"wp-block-button__link has-white-color has-text-color has-background has-link-color has-small-font-size has-custom-font-size wp-element-button\" href=\"https:\/\/terrasse-mobile.net\/de_ch\/mobile-terrasse-nach-mas\/\" style=\"background-color:#3579a4\">SlideDeck-Anpassungen<\/a><\/div>\n<\/div>\n\n\n\n<p><\/p>","protected":false},"excerpt":{"rendered":"<p>SlideDeck, la terrasse mobile d&rsquo;exception pour votre piscine La terrasse mobile SlideDeck est \u00e9galement appel\u00e9e terrasse coulissante. C&rsquo;est une couverture de piscine nouvelle g\u00e9n\u00e9ration qui coulisse au-dessus de votre piscine pour la prot\u00e9ger, \u00e9viter l&rsquo;\u00e9vaporation de l&rsquo;eau et conserver la chaleur. La terrasse mobile permet \u00e9galement de prot\u00e9ger vos animaux, vos amis ou votre famille&#8230;<\/p>","protected":false},"author":1,"featured_media":3640,"parent":5771,"menu_order":5,"comment_status":"closed","ping_status":"closed","template":"","meta":{"_kad_post_transparent":"","_kad_post_title":"","_kad_post_layout":"","_kad_post_sidebar_id":"","_kad_post_content_style":"","_kad_post_vertical_padding":"","_kad_post_feature":"","_kad_post_feature_position":"","_kad_post_header":false,"_kad_post_footer":false,"_kad_post_classname":"","footnotes":""},"folder":[],"class_list":["post-5432","page","type-page","status-publish","has-post-thumbnail","hentry"],"yoast_head":"<!-- This site is optimized with the Yoast SEO plugin v27.3 - https:\/\/yoast.com\/product\/yoast-seo-wordpress\/ -->\n<title>La terrasse mobile pour piscine de qualit\u00e9<\/title>\n<meta name=\"description\" content=\"Qu&#039;est ce qu&#039;une terrasse mobile pour piscine ? D\u00e9couvrez la meilleure d&#039;entre elle : SlideDeck, la terrasse mobile sur mesure.\" \/>\n<meta name=\"robots\" content=\"index, follow, max-snippet:-1, max-image-preview:large, max-video-preview:-1\" \/>\n<link rel=\"canonical\" href=\"https:\/\/terrasse-mobile.net\/de_ch\/slidedeck\/mobile-terrasse-ile-de-france\/mobile-terrasse-swimmingpool-quality\/\" \/>\n<meta property=\"og:locale\" content=\"de_DE\" \/>\n<meta property=\"og:type\" content=\"article\" \/>\n<meta property=\"og:title\" content=\"La terrasse mobile pour piscine de qualit\u00e9\" \/>\n<meta property=\"og:description\" content=\"Qu&#039;est ce qu&#039;une terrasse mobile pour piscine ? D\u00e9couvrez la meilleure d&#039;entre elle : SlideDeck, la terrasse mobile sur mesure.\" \/>\n<meta property=\"og:url\" content=\"https:\/\/terrasse-mobile.net\/de_ch\/slidedeck\/mobile-terrasse-ile-de-france\/mobile-terrasse-swimmingpool-quality\/\" \/>\n<meta property=\"og:site_name\" content=\"Terrasse mobile\" \/>\n<meta property=\"article:modified_time\" content=\"2025-11-25T14:27:58+00:00\" \/>\n<meta property=\"og:image\" content=\"https:\/\/terrasse-mobile.net\/wp-content\/uploads\/2024\/02\/REAL-SABOURAULT-PISCINE-2.jpg\" \/>\n\t<meta property=\"og:image:width\" content=\"2000\" \/>\n\t<meta property=\"og:image:height\" content=\"1500\" \/>\n\t<meta property=\"og:image:type\" content=\"image\/jpeg\" \/>\n<meta name=\"twitter:card\" content=\"summary_large_image\" \/>\n<meta name=\"twitter:label1\" content=\"Gesch\u00e4tzte Lesezeit\" \/>\n\t<meta name=\"twitter:data1\" content=\"3\u00a0Minuten\" \/>\n<script type=\"application\/ld+json\" class=\"yoast-schema-graph\">{\"@context\":\"https:\\\/\\\/schema.org\",\"@graph\":[{\"@type\":\"WebPage\",\"@id\":\"https:\\\/\\\/terrasse-mobile.net\\\/slidedeck\\\/terrasse-mobile-ile-de-france\\\/terrasse-mobile-piscine-de-qualite\\\/\",\"url\":\"https:\\\/\\\/terrasse-mobile.net\\\/slidedeck\\\/terrasse-mobile-ile-de-france\\\/terrasse-mobile-piscine-de-qualite\\\/\",\"name\":\"La terrasse mobile pour piscine de qualit\u00e9\",\"isPartOf\":{\"@id\":\"https:\\\/\\\/terrasse-mobile.net\\\/#website\"},\"primaryImageOfPage\":{\"@id\":\"https:\\\/\\\/terrasse-mobile.net\\\/slidedeck\\\/terrasse-mobile-ile-de-france\\\/terrasse-mobile-piscine-de-qualite\\\/#primaryimage\"},\"image\":{\"@id\":\"https:\\\/\\\/terrasse-mobile.net\\\/slidedeck\\\/terrasse-mobile-ile-de-france\\\/terrasse-mobile-piscine-de-qualite\\\/#primaryimage\"},\"thumbnailUrl\":\"https:\\\/\\\/terrasse-mobile.net\\\/wp-content\\\/uploads\\\/2024\\\/02\\\/REAL-SABOURAULT-PISCINE-2.jpg\",\"datePublished\":\"2024-10-02T12:40:34+00:00\",\"dateModified\":\"2025-11-25T14:27:58+00:00\",\"description\":\"Qu'est ce qu'une terrasse mobile pour piscine ? D\u00e9couvrez la meilleure d'entre elle : SlideDeck, la terrasse mobile sur mesure.\",\"breadcrumb\":{\"@id\":\"https:\\\/\\\/terrasse-mobile.net\\\/slidedeck\\\/terrasse-mobile-ile-de-france\\\/terrasse-mobile-piscine-de-qualite\\\/#breadcrumb\"},\"inLanguage\":\"de-CH\",\"potentialAction\":[{\"@type\":\"ReadAction\",\"target\":[\"https:\\\/\\\/terrasse-mobile.net\\\/slidedeck\\\/terrasse-mobile-ile-de-france\\\/terrasse-mobile-piscine-de-qualite\\\/\"]}]},{\"@type\":\"ImageObject\",\"inLanguage\":\"de-CH\",\"@id\":\"https:\\\/\\\/terrasse-mobile.net\\\/slidedeck\\\/terrasse-mobile-ile-de-france\\\/terrasse-mobile-piscine-de-qualite\\\/#primaryimage\",\"url\":\"https:\\\/\\\/terrasse-mobile.net\\\/wp-content\\\/uploads\\\/2024\\\/02\\\/REAL-SABOURAULT-PISCINE-2.jpg\",\"contentUrl\":\"https:\\\/\\\/terrasse-mobile.net\\\/wp-content\\\/uploads\\\/2024\\\/02\\\/REAL-SABOURAULT-PISCINE-2.jpg\",\"width\":2000,\"height\":1500,\"caption\":\"DCIM100MEDIADJI_0365.JPG\"},{\"@type\":\"BreadcrumbList\",\"@id\":\"https:\\\/\\\/terrasse-mobile.net\\\/slidedeck\\\/terrasse-mobile-ile-de-france\\\/terrasse-mobile-piscine-de-qualite\\\/#breadcrumb\",\"itemListElement\":[{\"@type\":\"ListItem\",\"position\":1,\"name\":\"Accueil\",\"item\":\"https:\\\/\\\/terrasse-mobile.net\\\/\"},{\"@type\":\"ListItem\",\"position\":2,\"name\":\"SLIDEDECK\",\"item\":\"https:\\\/\\\/terrasse-mobile.net\\\/slidedeck\\\/\"},{\"@type\":\"ListItem\",\"position\":3,\"name\":\"D\u00c9COUVREZ LA TERRASSE MOBILE SLIDEDECK\",\"item\":\"https:\\\/\\\/terrasse-mobile.net\\\/slidedeck\\\/terrasse-mobile-ile-de-france\\\/\"},{\"@type\":\"ListItem\",\"position\":4,\"name\":\"SLIDEDECK, C&rsquo;EST QUOI ?\"}]},{\"@type\":\"WebSite\",\"@id\":\"https:\\\/\\\/terrasse-mobile.net\\\/#website\",\"url\":\"https:\\\/\\\/terrasse-mobile.net\\\/\",\"name\":\"Slidedeck\",\"description\":\"Construction sur mesure de terrasses mobiles en \u00cele-de-France\",\"publisher\":{\"@id\":\"https:\\\/\\\/terrasse-mobile.net\\\/#organization\"},\"potentialAction\":[{\"@type\":\"SearchAction\",\"target\":{\"@type\":\"EntryPoint\",\"urlTemplate\":\"https:\\\/\\\/terrasse-mobile.net\\\/?s={search_term_string}\"},\"query-input\":{\"@type\":\"PropertyValueSpecification\",\"valueRequired\":true,\"valueName\":\"search_term_string\"}}],\"inLanguage\":\"de-CH\"},{\"@type\":\"Organization\",\"@id\":\"https:\\\/\\\/terrasse-mobile.net\\\/#organization\",\"name\":\"Slidedeck\",\"url\":\"https:\\\/\\\/terrasse-mobile.net\\\/\",\"logo\":{\"@type\":\"ImageObject\",\"inLanguage\":\"de-CH\",\"@id\":\"https:\\\/\\\/terrasse-mobile.net\\\/#\\\/schema\\\/logo\\\/image\\\/\",\"url\":\"https:\\\/\\\/terrasse-mobile.net\\\/wp-content\\\/uploads\\\/2024\\\/01\\\/logo-slidedeck.jpg\",\"contentUrl\":\"https:\\\/\\\/terrasse-mobile.net\\\/wp-content\\\/uploads\\\/2024\\\/01\\\/logo-slidedeck.jpg\",\"width\":2000,\"height\":1103,\"caption\":\"Slidedeck\"},\"image\":{\"@id\":\"https:\\\/\\\/terrasse-mobile.net\\\/#\\\/schema\\\/logo\\\/image\\\/\"}}]}<\/script>\n<!-- \/ Yoast SEO plugin. -->","yoast_head_json":{"title":"Die mobile Terrasse f\u00fcr einen hochwertigen Swimmingpool","description":"Was ist eine mobile Terrasse f\u00fcr den Pool? Entdecken Sie die beste von ihnen: SlideDeck, die mobile Terrasse nach Ma\u00df.","robots":{"index":"index","follow":"follow","max-snippet":"max-snippet:-1","max-image-preview":"max-image-preview:large","max-video-preview":"max-video-preview:-1"},"canonical":"https:\/\/terrasse-mobile.net\/de_ch\/slidedeck\/mobile-terrasse-ile-de-france\/mobile-terrasse-swimmingpool-quality\/","og_locale":"de_DE","og_type":"article","og_title":"La terrasse mobile pour piscine de qualit\u00e9","og_description":"Qu'est ce qu'une terrasse mobile pour piscine ? D\u00e9couvrez la meilleure d'entre elle : SlideDeck, la terrasse mobile sur mesure.","og_url":"https:\/\/terrasse-mobile.net\/de_ch\/slidedeck\/mobile-terrasse-ile-de-france\/mobile-terrasse-swimmingpool-quality\/","og_site_name":"Terrasse mobile","article_modified_time":"2025-11-25T14:27:58+00:00","og_image":[{"width":2000,"height":1500,"url":"https:\/\/terrasse-mobile.net\/wp-content\/uploads\/2024\/02\/REAL-SABOURAULT-PISCINE-2.jpg","type":"image\/jpeg"}],"twitter_card":"summary_large_image","twitter_misc":{"Gesch\u00e4tzte Lesezeit":"3\u00a0Minuten"},"schema":{"@context":"https:\/\/schema.org","@graph":[{"@type":"WebPage","@id":"https:\/\/terrasse-mobile.net\/slidedeck\/terrasse-mobile-ile-de-france\/terrasse-mobile-piscine-de-qualite\/","url":"https:\/\/terrasse-mobile.net\/slidedeck\/terrasse-mobile-ile-de-france\/terrasse-mobile-piscine-de-qualite\/","name":"Die mobile Terrasse f\u00fcr einen hochwertigen Swimmingpool","isPartOf":{"@id":"https:\/\/terrasse-mobile.net\/#website"},"primaryImageOfPage":{"@id":"https:\/\/terrasse-mobile.net\/slidedeck\/terrasse-mobile-ile-de-france\/terrasse-mobile-piscine-de-qualite\/#primaryimage"},"image":{"@id":"https:\/\/terrasse-mobile.net\/slidedeck\/terrasse-mobile-ile-de-france\/terrasse-mobile-piscine-de-qualite\/#primaryimage"},"thumbnailUrl":"https:\/\/terrasse-mobile.net\/wp-content\/uploads\/2024\/02\/REAL-SABOURAULT-PISCINE-2.jpg","datePublished":"2024-10-02T12:40:34+00:00","dateModified":"2025-11-25T14:27:58+00:00","description":"Was ist eine mobile Terrasse f\u00fcr den Pool? Entdecken Sie die beste von ihnen: SlideDeck, die mobile Terrasse nach Ma\u00df.","breadcrumb":{"@id":"https:\/\/terrasse-mobile.net\/slidedeck\/terrasse-mobile-ile-de-france\/terrasse-mobile-piscine-de-qualite\/#breadcrumb"},"inLanguage":"de-CH","potentialAction":[{"@type":"ReadAction","target":["https:\/\/terrasse-mobile.net\/slidedeck\/terrasse-mobile-ile-de-france\/terrasse-mobile-piscine-de-qualite\/"]}]},{"@type":"ImageObject","inLanguage":"de-CH","@id":"https:\/\/terrasse-mobile.net\/slidedeck\/terrasse-mobile-ile-de-france\/terrasse-mobile-piscine-de-qualite\/#primaryimage","url":"https:\/\/terrasse-mobile.net\/wp-content\/uploads\/2024\/02\/REAL-SABOURAULT-PISCINE-2.jpg","contentUrl":"https:\/\/terrasse-mobile.net\/wp-content\/uploads\/2024\/02\/REAL-SABOURAULT-PISCINE-2.jpg","width":2000,"height":1500,"caption":"DCIM100MEDIADJI_0365.JPG"},{"@type":"BreadcrumbList","@id":"https:\/\/terrasse-mobile.net\/slidedeck\/terrasse-mobile-ile-de-france\/terrasse-mobile-piscine-de-qualite\/#breadcrumb","itemListElement":[{"@type":"ListItem","position":1,"name":"Accueil","item":"https:\/\/terrasse-mobile.net\/"},{"@type":"ListItem","position":2,"name":"SLIDEDECK","item":"https:\/\/terrasse-mobile.net\/slidedeck\/"},{"@type":"ListItem","position":3,"name":"D\u00c9COUVREZ LA TERRASSE MOBILE SLIDEDECK","item":"https:\/\/terrasse-mobile.net\/slidedeck\/terrasse-mobile-ile-de-france\/"},{"@type":"ListItem","position":4,"name":"SLIDEDECK, C&rsquo;EST QUOI ?"}]},{"@type":"WebSite","@id":"https:\/\/terrasse-mobile.net\/#website","url":"https:\/\/terrasse-mobile.net\/","name":"Slidedeck","description":"Ma\u00dfgeschneiderte Konstruktion von mobilen Terrassen in der \u00cele-de-France","publisher":{"@id":"https:\/\/terrasse-mobile.net\/#organization"},"potentialAction":[{"@type":"SearchAction","target":{"@type":"EntryPoint","urlTemplate":"https:\/\/terrasse-mobile.net\/?s={search_term_string}"},"query-input":{"@type":"PropertyValueSpecification","valueRequired":true,"valueName":"search_term_string"}}],"inLanguage":"de-CH"},{"@type":"Organization","@id":"https:\/\/terrasse-mobile.net\/#organization","name":"Slidedeck","url":"https:\/\/terrasse-mobile.net\/","logo":{"@type":"ImageObject","inLanguage":"de-CH","@id":"https:\/\/terrasse-mobile.net\/#\/schema\/logo\/image\/","url":"https:\/\/terrasse-mobile.net\/wp-content\/uploads\/2024\/01\/logo-slidedeck.jpg","contentUrl":"https:\/\/terrasse-mobile.net\/wp-content\/uploads\/2024\/01\/logo-slidedeck.jpg","width":2000,"height":1103,"caption":"Slidedeck"},"image":{"@id":"https:\/\/terrasse-mobile.net\/#\/schema\/logo\/image\/"}}]}},"_links":{"self":[{"href":"https:\/\/terrasse-mobile.net\/de_ch\/wp-json\/wp\/v2\/pages\/5432","targetHints":{"allow":["GET"]}}],"collection":[{"href":"https:\/\/terrasse-mobile.net\/de_ch\/wp-json\/wp\/v2\/pages"}],"about":[{"href":"https:\/\/terrasse-mobile.net\/de_ch\/wp-json\/wp\/v2\/types\/page"}],"author":[{"embeddable":true,"href":"https:\/\/terrasse-mobile.net\/de_ch\/wp-json\/wp\/v2\/users\/1"}],"replies":[{"embeddable":true,"href":"https:\/\/terrasse-mobile.net\/de_ch\/wp-json\/wp\/v2\/comments?post=5432"}],"version-history":[{"count":6,"href":"https:\/\/terrasse-mobile.net\/de_ch\/wp-json\/wp\/v2\/pages\/5432\/revisions"}],"predecessor-version":[{"id":7261,"href":"https:\/\/terrasse-mobile.net\/de_ch\/wp-json\/wp\/v2\/pages\/5432\/revisions\/7261"}],"up":[{"embeddable":true,"href":"https:\/\/terrasse-mobile.net\/de_ch\/wp-json\/wp\/v2\/pages\/5771"}],"wp:featuredmedia":[{"embeddable":true,"href":"https:\/\/terrasse-mobile.net\/de_ch\/wp-json\/wp\/v2\/media\/3640"}],"wp:attachment":[{"href":"https:\/\/terrasse-mobile.net\/de_ch\/wp-json\/wp\/v2\/media?parent=5432"}],"wp:term":[{"taxonomy":"folder","embeddable":true,"href":"https:\/\/terrasse-mobile.net\/de_ch\/wp-json\/wp\/v2\/folder?post=5432"}],"curies":[{"name":"wp","href":"https:\/\/api.w.org\/{rel}","templated":true}]}}