{"id":5472,"date":"2024-10-02T14:49:31","date_gmt":"2024-10-02T12:49:42","guid":{"rendered":"https:\/\/terrasse-mobile.net\/?page_id=5472"},"modified":"2025-10-08T17:19:59","modified_gmt":"2025-10-08T15:19:59","slug":"kleine-mobile-terrasse-pool-ile-de-france","status":"publish","type":"page","link":"https:\/\/terrasse-mobile.net\/de_ch\/terrasse-mobile-sur-mesure\/modeles\/petite-terrasse-mobile-piscine-ile-de-france\/","title":{"rendered":"DIE MOBILE POOLTERRASSE SLIDEDECK TERRA"},"content":{"rendered":"<p>&nbsp;<\/p>\n\n\n\n<div class=\"wp-block-group\"><div class=\"wp-block-group__inner-container is-layout-constrained wp-block-group-is-layout-constrained\">\n<div class=\"wp-block-columns is-layout-flex wp-container-core-columns-is-layout-9d6595d7 wp-block-columns-is-layout-flex\">\n<div class=\"wp-block-column is-layout-flow wp-block-column-is-layout-flow\">\n<h2 class=\"wp-block-heading\">Die mobile Poolterrasse SlideDeck TERRA<\/h2>\n\n\n\n<p>SlideDeck TERRA ist f\u00fcr Pools bis zu einer L\u00e4nge von 7,00 m und einer Breite von 5,00 m konzipiert. Sie eignet sich daher hervorragend f\u00fcr g\u00e4ngige Poolgr\u00f6\u00dfen, aber auch f\u00fcr kleine Pools, Jacuzzis und Whirlpools.&nbsp;<\/p>\n\n\n\n<p>Diese mobile Terrasse ist aus 15 cm hohen Profilen gebaut, wodurch eine Terrassenh\u00f6he von 20 cm entsteht.<\/p>\n\n\n\n<h2 class=\"wp-block-heading\">Ideal, um einen kleinen zus\u00e4tzlichen Raum in Ihrem Garten zu schaffen<\/h2>\n\n\n\n<p>SlideDeck TERRA ist extrem widerstandsf\u00e4hig und Sie k\u00f6nnen es jeden Tag zum Mittagessen nutzen, sich darauf niederlassen, Ihre Liegest\u00fchle abstellen und die Terrasse neben dem Pool genie\u00dfen.&nbsp;<br>Dar\u00fcber hinaus l\u00e4sst sich die mobile Terrasse SlideDeck TERRA in nur wenigen Stunden aufbauen und kostet nicht viel mehr als eine gute motorisierte Poolabdeckung.<\/p>\n\n\n\n<p><a href=\"https:\/\/terrasse-mobile.net\/de_ch\/page-contact-terrasse-mobile\/\">Z\u00f6gern Sie nicht, uns zu fragen.<\/a><\/p>\n\n\n\n<p>F\u00fcr Ihr Projekt k\u00f6nnen Sie uns einige Fotos, Skizzen oder 3D-Modelle zur Verf\u00fcgung stellen, damit wir herausfinden k\u00f6nnen, welches SlideDeck-Modell am besten zu Ihnen passt.<\/p>\n<\/div>\n\n\n\n<div class=\"wp-block-column is-layout-flow wp-block-column-is-layout-flow\">\n<figure class=\"wp-block-image size-full\"><img decoding=\"async\" width=\"700\" height=\"462\" src=\"https:\/\/terrasse-mobile.net\/wp-content\/uploads\/2024\/01\/REAL-SABOURAULT-PISCINE-2-2.jpg\" alt=\"Pool mit beweglicher Terrasse\" class=\"wp-image-2175\" style=\"aspect-ratio:3\/2;object-fit:cover\" srcset=\"https:\/\/terrasse-mobile.net\/wp-content\/uploads\/2024\/01\/REAL-SABOURAULT-PISCINE-2-2.jpg 700w, https:\/\/terrasse-mobile.net\/wp-content\/uploads\/2024\/01\/REAL-SABOURAULT-PISCINE-2-2-300x198.jpg 300w\" sizes=\"(max-width: 700px) 100vw, 700px\" \/><\/figure>\n\n\n\n<div class=\"wp-block-buttons is-content-justification-center is-layout-flex wp-container-core-buttons-is-layout-16018d1d wp-block-buttons-is-layout-flex\">\n<div class=\"wp-block-button is-style-fill\"><a class=\"wp-block-button__link has-white-color has-text-color has-background has-link-color has-small-font-size has-custom-font-size wp-element-button\" href=\"https:\/\/terrasse-mobile.net\/de_ch\/mobile-terrasse-nach-mas\/vorlagen\/\" style=\"background-color:#3579a4\">ALLE MODELLE SLIDEDECK<\/a><\/div>\n<\/div>\n\n\n\n<p>Um die Robustheit Ihrer mobilen Terrasse zu gew\u00e4hrleisten, haben wir von unserem Konstruktionsb\u00fcro eine \u00abBerechnungsnote\u00bb erstellen lassen, in der die Annahmen zu den Belastungen und Biegebedingungen aufgef\u00fchrt sind. <br><br><a href=\"https:\/\/terrasse-mobile.net\/de_ch\/mobile-terrasse-nach-mas\/vorlagen\/abmessungen-mobile-terrasse-fur-schwimmbad\/\">Um diese Seite aufzurufen, klicken Sie hier. <\/a><\/p>\n<\/div>\n<\/div>\n<\/div><\/div>","protected":false},"excerpt":{"rendered":"<p>&nbsp; La terrasse mobile SlideDeck TERRA pour piscine SlideDeck TERRA est con\u00e7ue pour les piscines ne d\u00e9passant pas les 7,00 m de longueur et les 5,00 m de largeur. Elle est donc parfaitement adapt\u00e9e aux piscines de tailles courantes, mais \u00e9galement aux petites piscines, jacuzzis et spas.&nbsp; Cette terrasse mobile est construite avec des profil\u00e9s&#8230;<\/p>","protected":false},"author":1,"featured_media":3640,"parent":5462,"menu_order":24,"comment_status":"closed","ping_status":"closed","template":"","meta":{"_kad_post_transparent":"","_kad_post_title":"","_kad_post_layout":"","_kad_post_sidebar_id":"","_kad_post_content_style":"","_kad_post_vertical_padding":"","_kad_post_feature":"","_kad_post_feature_position":"","_kad_post_header":false,"_kad_post_footer":false,"_kad_post_classname":"","footnotes":""},"folder":[],"class_list":["post-5472","page","type-page","status-publish","has-post-thumbnail","hentry"],"yoast_head":"<!-- This site is optimized with the Yoast SEO plugin v27.4 - https:\/\/yoast.com\/product\/yoast-seo-wordpress\/ -->\n<title>SlideDeck TERRA : terrasse mobile pour petite piscine<\/title>\n<meta name=\"description\" content=\"D\u00e9couvrez SlideDeck TERRA, la terrasse mobile id\u00e9ale pour les piscines de petites tailles. Un nouvel espace pour votre jardin.\" \/>\n<meta name=\"robots\" content=\"index, follow, max-snippet:-1, max-image-preview:large, max-video-preview:-1\" \/>\n<link rel=\"canonical\" href=\"https:\/\/terrasse-mobile.net\/de_ch\/mobile-terrasse-nach-mas\/vorlagen\/kleine-mobile-terrasse-pool-ile-de-france\/\" \/>\n<meta property=\"og:locale\" content=\"de_DE\" \/>\n<meta property=\"og:type\" content=\"article\" \/>\n<meta property=\"og:title\" content=\"SlideDeck TERRA : terrasse mobile pour petite piscine\" \/>\n<meta property=\"og:description\" content=\"D\u00e9couvrez SlideDeck TERRA, la terrasse mobile id\u00e9ale pour les piscines de petites tailles. Un nouvel espace pour votre jardin.\" \/>\n<meta property=\"og:url\" content=\"https:\/\/terrasse-mobile.net\/de_ch\/mobile-terrasse-nach-mas\/vorlagen\/kleine-mobile-terrasse-pool-ile-de-france\/\" \/>\n<meta property=\"og:site_name\" content=\"Terrasse mobile\" \/>\n<meta property=\"article:modified_time\" content=\"2025-10-08T15:19:59+00:00\" \/>\n<meta property=\"og:image\" content=\"https:\/\/terrasse-mobile.net\/wp-content\/uploads\/2024\/02\/REAL-SABOURAULT-PISCINE-2.jpg\" \/>\n\t<meta property=\"og:image:width\" content=\"2000\" \/>\n\t<meta property=\"og:image:height\" content=\"1500\" \/>\n\t<meta property=\"og:image:type\" content=\"image\/jpeg\" \/>\n<meta name=\"twitter:card\" content=\"summary_large_image\" \/>\n<meta name=\"twitter:label1\" content=\"Gesch\u00e4tzte Lesezeit\" \/>\n\t<meta name=\"twitter:data1\" content=\"2\u00a0Minuten\" \/>\n<script type=\"application\/ld+json\" class=\"yoast-schema-graph\">{\"@context\":\"https:\\\/\\\/schema.org\",\"@graph\":[{\"@type\":\"WebPage\",\"@id\":\"https:\\\/\\\/terrasse-mobile.net\\\/terrasse-mobile-sur-mesure\\\/modeles\\\/petite-terrasse-mobile-piscine-ile-de-france\\\/\",\"url\":\"https:\\\/\\\/terrasse-mobile.net\\\/terrasse-mobile-sur-mesure\\\/modeles\\\/petite-terrasse-mobile-piscine-ile-de-france\\\/\",\"name\":\"SlideDeck TERRA : terrasse mobile pour petite piscine\",\"isPartOf\":{\"@id\":\"https:\\\/\\\/terrasse-mobile.net\\\/#website\"},\"primaryImageOfPage\":{\"@id\":\"https:\\\/\\\/terrasse-mobile.net\\\/terrasse-mobile-sur-mesure\\\/modeles\\\/petite-terrasse-mobile-piscine-ile-de-france\\\/#primaryimage\"},\"image\":{\"@id\":\"https:\\\/\\\/terrasse-mobile.net\\\/terrasse-mobile-sur-mesure\\\/modeles\\\/petite-terrasse-mobile-piscine-ile-de-france\\\/#primaryimage\"},\"thumbnailUrl\":\"https:\\\/\\\/terrasse-mobile.net\\\/wp-content\\\/uploads\\\/2024\\\/02\\\/REAL-SABOURAULT-PISCINE-2.jpg\",\"datePublished\":\"2024-10-02T12:49:42+00:00\",\"dateModified\":\"2025-10-08T15:19:59+00:00\",\"description\":\"D\u00e9couvrez SlideDeck TERRA, la terrasse mobile id\u00e9ale pour les piscines de petites tailles. Un nouvel espace pour votre jardin.\",\"breadcrumb\":{\"@id\":\"https:\\\/\\\/terrasse-mobile.net\\\/terrasse-mobile-sur-mesure\\\/modeles\\\/petite-terrasse-mobile-piscine-ile-de-france\\\/#breadcrumb\"},\"inLanguage\":\"de-CH\",\"potentialAction\":[{\"@type\":\"ReadAction\",\"target\":[\"https:\\\/\\\/terrasse-mobile.net\\\/terrasse-mobile-sur-mesure\\\/modeles\\\/petite-terrasse-mobile-piscine-ile-de-france\\\/\"]}]},{\"@type\":\"ImageObject\",\"inLanguage\":\"de-CH\",\"@id\":\"https:\\\/\\\/terrasse-mobile.net\\\/terrasse-mobile-sur-mesure\\\/modeles\\\/petite-terrasse-mobile-piscine-ile-de-france\\\/#primaryimage\",\"url\":\"https:\\\/\\\/terrasse-mobile.net\\\/wp-content\\\/uploads\\\/2024\\\/02\\\/REAL-SABOURAULT-PISCINE-2.jpg\",\"contentUrl\":\"https:\\\/\\\/terrasse-mobile.net\\\/wp-content\\\/uploads\\\/2024\\\/02\\\/REAL-SABOURAULT-PISCINE-2.jpg\",\"width\":2000,\"height\":1500,\"caption\":\"DCIM100MEDIADJI_0365.JPG\"},{\"@type\":\"BreadcrumbList\",\"@id\":\"https:\\\/\\\/terrasse-mobile.net\\\/terrasse-mobile-sur-mesure\\\/modeles\\\/petite-terrasse-mobile-piscine-ile-de-france\\\/#breadcrumb\",\"itemListElement\":[{\"@type\":\"ListItem\",\"position\":1,\"name\":\"Accueil\",\"item\":\"https:\\\/\\\/terrasse-mobile.net\\\/\"},{\"@type\":\"ListItem\",\"position\":2,\"name\":\"LA TERRASSE MOBILE SUR-MESURE POUR PISCINE\",\"item\":\"https:\\\/\\\/terrasse-mobile.net\\\/terrasse-mobile-sur-mesure\\\/\"},{\"@type\":\"ListItem\",\"position\":3,\"name\":\"LES DIFF\u00c9RENTS MOD\u00c8LES DE TERRASSE MOBILE SLIDEDECK\",\"item\":\"https:\\\/\\\/terrasse-mobile.net\\\/terrasse-mobile-sur-mesure\\\/modeles\\\/\"},{\"@type\":\"ListItem\",\"position\":4,\"name\":\"LA TERRASSE MOBILE POUR PISCINE SLIDEDECK TERRA\"}]},{\"@type\":\"WebSite\",\"@id\":\"https:\\\/\\\/terrasse-mobile.net\\\/#website\",\"url\":\"https:\\\/\\\/terrasse-mobile.net\\\/\",\"name\":\"Slidedeck\",\"description\":\"Construction sur mesure de terrasses mobiles en \u00cele-de-France\",\"publisher\":{\"@id\":\"https:\\\/\\\/terrasse-mobile.net\\\/#organization\"},\"potentialAction\":[{\"@type\":\"SearchAction\",\"target\":{\"@type\":\"EntryPoint\",\"urlTemplate\":\"https:\\\/\\\/terrasse-mobile.net\\\/?s={search_term_string}\"},\"query-input\":{\"@type\":\"PropertyValueSpecification\",\"valueRequired\":true,\"valueName\":\"search_term_string\"}}],\"inLanguage\":\"de-CH\"},{\"@type\":\"Organization\",\"@id\":\"https:\\\/\\\/terrasse-mobile.net\\\/#organization\",\"name\":\"Slidedeck\",\"url\":\"https:\\\/\\\/terrasse-mobile.net\\\/\",\"logo\":{\"@type\":\"ImageObject\",\"inLanguage\":\"de-CH\",\"@id\":\"https:\\\/\\\/terrasse-mobile.net\\\/#\\\/schema\\\/logo\\\/image\\\/\",\"url\":\"https:\\\/\\\/terrasse-mobile.net\\\/wp-content\\\/uploads\\\/2024\\\/01\\\/logo-slidedeck.jpg\",\"contentUrl\":\"https:\\\/\\\/terrasse-mobile.net\\\/wp-content\\\/uploads\\\/2024\\\/01\\\/logo-slidedeck.jpg\",\"width\":2000,\"height\":1103,\"caption\":\"Slidedeck\"},\"image\":{\"@id\":\"https:\\\/\\\/terrasse-mobile.net\\\/#\\\/schema\\\/logo\\\/image\\\/\"}}]}<\/script>\n<!-- \/ Yoast SEO plugin. -->","yoast_head_json":{"title":"SlideDeck TERRA: Mobile Terrasse f\u00fcr kleine Pools","description":"Entdecken Sie SlideDeck TERRA, die ideale mobile Terrasse f\u00fcr kleine Pools. Ein neuer Raum f\u00fcr Ihren Garten.","robots":{"index":"index","follow":"follow","max-snippet":"max-snippet:-1","max-image-preview":"max-image-preview:large","max-video-preview":"max-video-preview:-1"},"canonical":"https:\/\/terrasse-mobile.net\/de_ch\/mobile-terrasse-nach-mas\/vorlagen\/kleine-mobile-terrasse-pool-ile-de-france\/","og_locale":"de_DE","og_type":"article","og_title":"SlideDeck TERRA : terrasse mobile pour petite piscine","og_description":"D\u00e9couvrez SlideDeck TERRA, la terrasse mobile id\u00e9ale pour les piscines de petites tailles. Un nouvel espace pour votre jardin.","og_url":"https:\/\/terrasse-mobile.net\/de_ch\/mobile-terrasse-nach-mas\/vorlagen\/kleine-mobile-terrasse-pool-ile-de-france\/","og_site_name":"Terrasse mobile","article_modified_time":"2025-10-08T15:19:59+00:00","og_image":[{"width":2000,"height":1500,"url":"https:\/\/terrasse-mobile.net\/wp-content\/uploads\/2024\/02\/REAL-SABOURAULT-PISCINE-2.jpg","type":"image\/jpeg"}],"twitter_card":"summary_large_image","twitter_misc":{"Gesch\u00e4tzte Lesezeit":"2\u00a0Minuten"},"schema":{"@context":"https:\/\/schema.org","@graph":[{"@type":"WebPage","@id":"https:\/\/terrasse-mobile.net\/terrasse-mobile-sur-mesure\/modeles\/petite-terrasse-mobile-piscine-ile-de-france\/","url":"https:\/\/terrasse-mobile.net\/terrasse-mobile-sur-mesure\/modeles\/petite-terrasse-mobile-piscine-ile-de-france\/","name":"SlideDeck TERRA: Mobile Terrasse f\u00fcr kleine Pools","isPartOf":{"@id":"https:\/\/terrasse-mobile.net\/#website"},"primaryImageOfPage":{"@id":"https:\/\/terrasse-mobile.net\/terrasse-mobile-sur-mesure\/modeles\/petite-terrasse-mobile-piscine-ile-de-france\/#primaryimage"},"image":{"@id":"https:\/\/terrasse-mobile.net\/terrasse-mobile-sur-mesure\/modeles\/petite-terrasse-mobile-piscine-ile-de-france\/#primaryimage"},"thumbnailUrl":"https:\/\/terrasse-mobile.net\/wp-content\/uploads\/2024\/02\/REAL-SABOURAULT-PISCINE-2.jpg","datePublished":"2024-10-02T12:49:42+00:00","dateModified":"2025-10-08T15:19:59+00:00","description":"Entdecken Sie SlideDeck TERRA, die ideale mobile Terrasse f\u00fcr kleine Pools. Ein neuer Raum f\u00fcr Ihren Garten.","breadcrumb":{"@id":"https:\/\/terrasse-mobile.net\/terrasse-mobile-sur-mesure\/modeles\/petite-terrasse-mobile-piscine-ile-de-france\/#breadcrumb"},"inLanguage":"de-CH","potentialAction":[{"@type":"ReadAction","target":["https:\/\/terrasse-mobile.net\/terrasse-mobile-sur-mesure\/modeles\/petite-terrasse-mobile-piscine-ile-de-france\/"]}]},{"@type":"ImageObject","inLanguage":"de-CH","@id":"https:\/\/terrasse-mobile.net\/terrasse-mobile-sur-mesure\/modeles\/petite-terrasse-mobile-piscine-ile-de-france\/#primaryimage","url":"https:\/\/terrasse-mobile.net\/wp-content\/uploads\/2024\/02\/REAL-SABOURAULT-PISCINE-2.jpg","contentUrl":"https:\/\/terrasse-mobile.net\/wp-content\/uploads\/2024\/02\/REAL-SABOURAULT-PISCINE-2.jpg","width":2000,"height":1500,"caption":"DCIM100MEDIADJI_0365.JPG"},{"@type":"BreadcrumbList","@id":"https:\/\/terrasse-mobile.net\/terrasse-mobile-sur-mesure\/modeles\/petite-terrasse-mobile-piscine-ile-de-france\/#breadcrumb","itemListElement":[{"@type":"ListItem","position":1,"name":"Accueil","item":"https:\/\/terrasse-mobile.net\/"},{"@type":"ListItem","position":2,"name":"LA TERRASSE MOBILE SUR-MESURE POUR PISCINE","item":"https:\/\/terrasse-mobile.net\/terrasse-mobile-sur-mesure\/"},{"@type":"ListItem","position":3,"name":"LES DIFF\u00c9RENTS MOD\u00c8LES DE TERRASSE MOBILE SLIDEDECK","item":"https:\/\/terrasse-mobile.net\/terrasse-mobile-sur-mesure\/modeles\/"},{"@type":"ListItem","position":4,"name":"LA TERRASSE MOBILE POUR PISCINE SLIDEDECK TERRA"}]},{"@type":"WebSite","@id":"https:\/\/terrasse-mobile.net\/#website","url":"https:\/\/terrasse-mobile.net\/","name":"Slidedeck","description":"Ma\u00dfgeschneiderte Konstruktion von mobilen Terrassen in der \u00cele-de-France","publisher":{"@id":"https:\/\/terrasse-mobile.net\/#organization"},"potentialAction":[{"@type":"SearchAction","target":{"@type":"EntryPoint","urlTemplate":"https:\/\/terrasse-mobile.net\/?s={search_term_string}"},"query-input":{"@type":"PropertyValueSpecification","valueRequired":true,"valueName":"search_term_string"}}],"inLanguage":"de-CH"},{"@type":"Organization","@id":"https:\/\/terrasse-mobile.net\/#organization","name":"Slidedeck","url":"https:\/\/terrasse-mobile.net\/","logo":{"@type":"ImageObject","inLanguage":"de-CH","@id":"https:\/\/terrasse-mobile.net\/#\/schema\/logo\/image\/","url":"https:\/\/terrasse-mobile.net\/wp-content\/uploads\/2024\/01\/logo-slidedeck.jpg","contentUrl":"https:\/\/terrasse-mobile.net\/wp-content\/uploads\/2024\/01\/logo-slidedeck.jpg","width":2000,"height":1103,"caption":"Slidedeck"},"image":{"@id":"https:\/\/terrasse-mobile.net\/#\/schema\/logo\/image\/"}}]}},"_links":{"self":[{"href":"https:\/\/terrasse-mobile.net\/de_ch\/wp-json\/wp\/v2\/pages\/5472","targetHints":{"allow":["GET"]}}],"collection":[{"href":"https:\/\/terrasse-mobile.net\/de_ch\/wp-json\/wp\/v2\/pages"}],"about":[{"href":"https:\/\/terrasse-mobile.net\/de_ch\/wp-json\/wp\/v2\/types\/page"}],"author":[{"embeddable":true,"href":"https:\/\/terrasse-mobile.net\/de_ch\/wp-json\/wp\/v2\/users\/1"}],"replies":[{"embeddable":true,"href":"https:\/\/terrasse-mobile.net\/de_ch\/wp-json\/wp\/v2\/comments?post=5472"}],"version-history":[{"count":13,"href":"https:\/\/terrasse-mobile.net\/de_ch\/wp-json\/wp\/v2\/pages\/5472\/revisions"}],"predecessor-version":[{"id":7061,"href":"https:\/\/terrasse-mobile.net\/de_ch\/wp-json\/wp\/v2\/pages\/5472\/revisions\/7061"}],"up":[{"embeddable":true,"href":"https:\/\/terrasse-mobile.net\/de_ch\/wp-json\/wp\/v2\/pages\/5462"}],"wp:featuredmedia":[{"embeddable":true,"href":"https:\/\/terrasse-mobile.net\/de_ch\/wp-json\/wp\/v2\/media\/3640"}],"wp:attachment":[{"href":"https:\/\/terrasse-mobile.net\/de_ch\/wp-json\/wp\/v2\/media?parent=5472"}],"wp:term":[{"taxonomy":"folder","embeddable":true,"href":"https:\/\/terrasse-mobile.net\/de_ch\/wp-json\/wp\/v2\/folder?post=5472"}],"curies":[{"name":"wp","href":"https:\/\/api.w.org\/{rel}","templated":true}]}}