{"id":5481,"date":"2024-10-02T14:49:31","date_gmt":"2024-10-02T12:49:32","guid":{"rendered":"https:\/\/terrasse-mobile.net\/?page_id=5481"},"modified":"2025-10-08T17:18:25","modified_gmt":"2025-10-08T15:18:25","slug":"grose-mobile-terrasse-fur-einen-swimmingpool","status":"publish","type":"page","link":"https:\/\/terrasse-mobile.net\/de_ch\/terrasse-mobile-sur-mesure\/modeles\/grande-terrasse-mobile-pour-piscine\/","title":{"rendered":"DIE MOBILE POOLTERRASSE SLIDEDECK TITAN"},"content":{"rendered":"<p>&nbsp;<\/p>\n\n\n\n<div class=\"wp-block-group\"><div class=\"wp-block-group__inner-container is-layout-constrained wp-block-group-is-layout-constrained\">\n<div class=\"wp-block-columns is-layout-flex wp-container-core-columns-is-layout-9d6595d7 wp-block-columns-is-layout-flex\">\n<div class=\"wp-block-column is-layout-flow wp-block-column-is-layout-flow\">\n<h2 class=\"wp-block-heading\">Die mobile Poolterrasse SlideDeck TITAN<\/h2>\n\n\n\n<p>Die mobile Terrasse SlideDeck TITAN ist f\u00fcr relativ gro\u00dfe Pools gedacht, die nicht l\u00e4nger als 11,70 m und nicht breiter als 6,00 m sind.&nbsp;<\/p>\n\n\n\n<p>Diese mobile Terrasse wird aus 20 cm hohen Profilen gebaut, wodurch eine Terrassenh\u00f6he von 30 cm entsteht.<\/p>\n\n\n\n<p>Aufgrund ihrer Gr\u00f6\u00dfe ist die mobile Terrasse TITAN eine sehr zuverl\u00e4ssige und stabile Plattform, die jedoch aufgrund der l\u00e4ngeren Tr\u00e4ger etwas flexibler ist als die TERRA-Version. Mit dieser mobilen Poolterrasse k\u00f6nnen Sie einen sch\u00f6nen Terrassen- und Freizeitbereich neben Ihrem Pool schaffen.<\/p>\n\n\n\n<h2 class=\"wp-block-heading\">Eine mobile Terrasse f\u00fcr gr\u00f6\u00dfere Pools<\/h2>\n\n\n\n<p>Es ist auch ein wichtiges Ger\u00e4t, um die Sicherheit Ihres Pools zu gew\u00e4hrleisten und die W\u00e4rme zu bewahren, Energie zu sparen und den Pool vor Sch\u00e4dlingen oder auch Schmutz, Staub und Laub zu sch\u00fctzen.<\/p>\n\n\n\n<p><a href=\"https:\/\/terrasse-mobile.net\/de_ch\/page-contact-terrasse-mobile\/\">Z\u00f6gern Sie nicht, uns zu fragen.<\/a><\/p>\n\n\n\n<p>F\u00fcr Ihr Projekt k\u00f6nnen Sie uns einige Fotos, Skizzen oder 3D-Modelle zur Verf\u00fcgung stellen, damit wir herausfinden k\u00f6nnen, welches SlideDeck-Modell am besten zu Ihnen passt.<\/p>\n<\/div>\n\n\n\n<div class=\"wp-block-column is-layout-flow wp-block-column-is-layout-flow\">\n<figure class=\"wp-block-image size-full\"><img decoding=\"async\" width=\"700\" height=\"464\" src=\"https:\/\/terrasse-mobile.net\/wp-content\/uploads\/2024\/01\/rea-montain00003-4.jpg\" alt=\"mobile Terrasse\" class=\"wp-image-2024\" style=\"aspect-ratio:3\/2;object-fit:cover\" srcset=\"https:\/\/terrasse-mobile.net\/wp-content\/uploads\/2024\/01\/rea-montain00003-4.jpg 700w, https:\/\/terrasse-mobile.net\/wp-content\/uploads\/2024\/01\/rea-montain00003-4-300x199.jpg 300w\" sizes=\"(max-width: 700px) 100vw, 700px\" \/><\/figure>\n\n\n\n<div class=\"wp-block-buttons is-content-justification-center is-layout-flex wp-container-core-buttons-is-layout-16018d1d wp-block-buttons-is-layout-flex\">\n<div class=\"wp-block-button is-style-fill\"><a class=\"wp-block-button__link has-white-color has-text-color has-background has-link-color has-small-font-size has-custom-font-size wp-element-button\" href=\"https:\/\/terrasse-mobile.net\/de_ch\/mobile-terrasse-nach-mas\/vorlagen\/\" style=\"background-color:#3579a4\">ALLE MODELLE SLIDEDECK<\/a><\/div>\n<\/div>\n\n\n\n<p>Um die Robustheit Ihrer mobilen Terrasse zu gew\u00e4hrleisten, haben wir von unserem Konstruktionsb\u00fcro eine \u00abBerechnungsnote\u00bb erstellen lassen, in der die Annahmen zu den Belastungen und Biegebedingungen aufgef\u00fchrt sind. <br><br><a href=\"https:\/\/terrasse-mobile.net\/de_ch\/mobile-terrasse-nach-mas\/vorlagen\/abmessungen-mobile-terrasse-fur-schwimmbad\/\">Um diese Seite aufzurufen, klicken Sie hier. <\/a><\/p>\n<\/div>\n<\/div>\n<\/div><\/div>","protected":false},"excerpt":{"rendered":"<p>&nbsp; La terrasse mobile SlideDeck TITAN pour piscine La terrasse mobile SlideDeck TITAN est con\u00e7ue pour les piscines d\u2019assez grandes dimensions, ne d\u00e9passant pas les 11,70 m de longueur et les 6,00 m de largeur.&nbsp; Cette terrasse mobile est construite avec des profil\u00e9s de 20 cm de haut, ce qui cr\u00e9e une hauteur de terrasse&#8230;<\/p>","protected":false},"author":1,"featured_media":3640,"parent":5462,"menu_order":25,"comment_status":"closed","ping_status":"closed","template":"","meta":{"_kad_post_transparent":"","_kad_post_title":"","_kad_post_layout":"","_kad_post_sidebar_id":"","_kad_post_content_style":"","_kad_post_vertical_padding":"","_kad_post_feature":"","_kad_post_feature_position":"","_kad_post_header":false,"_kad_post_footer":false,"_kad_post_classname":"","footnotes":""},"folder":[],"class_list":["post-5481","page","type-page","status-publish","has-post-thumbnail","hentry"],"yoast_head":"<!-- This site is optimized with the Yoast SEO plugin v27.4 - https:\/\/yoast.com\/product\/yoast-seo-wordpress\/ -->\n<title>La terrasse mobile SlideDeck TITAN pour piscine<\/title>\n<meta name=\"description\" content=\"D\u00e9couvrez SlideDeck TITAN, la terrasse mobile id\u00e9ale pour les piscines de grandes tailles. Un nouvel espace significatif pour votre jardin.\" \/>\n<meta name=\"robots\" content=\"index, follow, max-snippet:-1, max-image-preview:large, max-video-preview:-1\" \/>\n<link rel=\"canonical\" href=\"https:\/\/terrasse-mobile.net\/de_ch\/mobile-terrasse-nach-mas\/vorlagen\/grose-mobile-terrasse-fur-einen-swimmingpool\/\" \/>\n<meta property=\"og:locale\" content=\"de_DE\" \/>\n<meta property=\"og:type\" content=\"article\" \/>\n<meta property=\"og:title\" content=\"La terrasse mobile SlideDeck TITAN pour piscine\" \/>\n<meta property=\"og:description\" content=\"D\u00e9couvrez SlideDeck TITAN, la terrasse mobile id\u00e9ale pour les piscines de grandes tailles. Un nouvel espace significatif pour votre jardin.\" \/>\n<meta property=\"og:url\" content=\"https:\/\/terrasse-mobile.net\/de_ch\/mobile-terrasse-nach-mas\/vorlagen\/grose-mobile-terrasse-fur-einen-swimmingpool\/\" \/>\n<meta property=\"og:site_name\" content=\"Terrasse mobile\" \/>\n<meta property=\"article:modified_time\" content=\"2025-10-08T15:18:25+00:00\" \/>\n<meta property=\"og:image\" content=\"https:\/\/terrasse-mobile.net\/wp-content\/uploads\/2024\/02\/REAL-SABOURAULT-PISCINE-2.jpg\" \/>\n\t<meta property=\"og:image:width\" content=\"2000\" \/>\n\t<meta property=\"og:image:height\" content=\"1500\" \/>\n\t<meta property=\"og:image:type\" content=\"image\/jpeg\" \/>\n<meta name=\"twitter:card\" content=\"summary_large_image\" \/>\n<meta name=\"twitter:label1\" content=\"Gesch\u00e4tzte Lesezeit\" \/>\n\t<meta name=\"twitter:data1\" content=\"2\u00a0Minuten\" \/>\n<script type=\"application\/ld+json\" class=\"yoast-schema-graph\">{\"@context\":\"https:\\\/\\\/schema.org\",\"@graph\":[{\"@type\":\"WebPage\",\"@id\":\"https:\\\/\\\/terrasse-mobile.net\\\/terrasse-mobile-sur-mesure\\\/modeles\\\/grande-terrasse-mobile-pour-piscine\\\/\",\"url\":\"https:\\\/\\\/terrasse-mobile.net\\\/terrasse-mobile-sur-mesure\\\/modeles\\\/grande-terrasse-mobile-pour-piscine\\\/\",\"name\":\"La terrasse mobile SlideDeck TITAN pour piscine\",\"isPartOf\":{\"@id\":\"https:\\\/\\\/terrasse-mobile.net\\\/#website\"},\"primaryImageOfPage\":{\"@id\":\"https:\\\/\\\/terrasse-mobile.net\\\/terrasse-mobile-sur-mesure\\\/modeles\\\/grande-terrasse-mobile-pour-piscine\\\/#primaryimage\"},\"image\":{\"@id\":\"https:\\\/\\\/terrasse-mobile.net\\\/terrasse-mobile-sur-mesure\\\/modeles\\\/grande-terrasse-mobile-pour-piscine\\\/#primaryimage\"},\"thumbnailUrl\":\"https:\\\/\\\/terrasse-mobile.net\\\/wp-content\\\/uploads\\\/2024\\\/02\\\/REAL-SABOURAULT-PISCINE-2.jpg\",\"datePublished\":\"2024-10-02T12:49:32+00:00\",\"dateModified\":\"2025-10-08T15:18:25+00:00\",\"description\":\"D\u00e9couvrez SlideDeck TITAN, la terrasse mobile id\u00e9ale pour les piscines de grandes tailles. Un nouvel espace significatif pour votre jardin.\",\"breadcrumb\":{\"@id\":\"https:\\\/\\\/terrasse-mobile.net\\\/terrasse-mobile-sur-mesure\\\/modeles\\\/grande-terrasse-mobile-pour-piscine\\\/#breadcrumb\"},\"inLanguage\":\"de-CH\",\"potentialAction\":[{\"@type\":\"ReadAction\",\"target\":[\"https:\\\/\\\/terrasse-mobile.net\\\/terrasse-mobile-sur-mesure\\\/modeles\\\/grande-terrasse-mobile-pour-piscine\\\/\"]}]},{\"@type\":\"ImageObject\",\"inLanguage\":\"de-CH\",\"@id\":\"https:\\\/\\\/terrasse-mobile.net\\\/terrasse-mobile-sur-mesure\\\/modeles\\\/grande-terrasse-mobile-pour-piscine\\\/#primaryimage\",\"url\":\"https:\\\/\\\/terrasse-mobile.net\\\/wp-content\\\/uploads\\\/2024\\\/02\\\/REAL-SABOURAULT-PISCINE-2.jpg\",\"contentUrl\":\"https:\\\/\\\/terrasse-mobile.net\\\/wp-content\\\/uploads\\\/2024\\\/02\\\/REAL-SABOURAULT-PISCINE-2.jpg\",\"width\":2000,\"height\":1500,\"caption\":\"DCIM100MEDIADJI_0365.JPG\"},{\"@type\":\"BreadcrumbList\",\"@id\":\"https:\\\/\\\/terrasse-mobile.net\\\/terrasse-mobile-sur-mesure\\\/modeles\\\/grande-terrasse-mobile-pour-piscine\\\/#breadcrumb\",\"itemListElement\":[{\"@type\":\"ListItem\",\"position\":1,\"name\":\"Accueil\",\"item\":\"https:\\\/\\\/terrasse-mobile.net\\\/\"},{\"@type\":\"ListItem\",\"position\":2,\"name\":\"LA TERRASSE MOBILE SUR-MESURE POUR PISCINE\",\"item\":\"https:\\\/\\\/terrasse-mobile.net\\\/terrasse-mobile-sur-mesure\\\/\"},{\"@type\":\"ListItem\",\"position\":3,\"name\":\"LES DIFF\u00c9RENTS MOD\u00c8LES DE TERRASSE MOBILE SLIDEDECK\",\"item\":\"https:\\\/\\\/terrasse-mobile.net\\\/terrasse-mobile-sur-mesure\\\/modeles\\\/\"},{\"@type\":\"ListItem\",\"position\":4,\"name\":\"LA TERRASSE MOBILE POUR PISCINE SLIDEDECK TITAN\"}]},{\"@type\":\"WebSite\",\"@id\":\"https:\\\/\\\/terrasse-mobile.net\\\/#website\",\"url\":\"https:\\\/\\\/terrasse-mobile.net\\\/\",\"name\":\"Slidedeck\",\"description\":\"Construction sur mesure de terrasses mobiles en \u00cele-de-France\",\"publisher\":{\"@id\":\"https:\\\/\\\/terrasse-mobile.net\\\/#organization\"},\"potentialAction\":[{\"@type\":\"SearchAction\",\"target\":{\"@type\":\"EntryPoint\",\"urlTemplate\":\"https:\\\/\\\/terrasse-mobile.net\\\/?s={search_term_string}\"},\"query-input\":{\"@type\":\"PropertyValueSpecification\",\"valueRequired\":true,\"valueName\":\"search_term_string\"}}],\"inLanguage\":\"de-CH\"},{\"@type\":\"Organization\",\"@id\":\"https:\\\/\\\/terrasse-mobile.net\\\/#organization\",\"name\":\"Slidedeck\",\"url\":\"https:\\\/\\\/terrasse-mobile.net\\\/\",\"logo\":{\"@type\":\"ImageObject\",\"inLanguage\":\"de-CH\",\"@id\":\"https:\\\/\\\/terrasse-mobile.net\\\/#\\\/schema\\\/logo\\\/image\\\/\",\"url\":\"https:\\\/\\\/terrasse-mobile.net\\\/wp-content\\\/uploads\\\/2024\\\/01\\\/logo-slidedeck.jpg\",\"contentUrl\":\"https:\\\/\\\/terrasse-mobile.net\\\/wp-content\\\/uploads\\\/2024\\\/01\\\/logo-slidedeck.jpg\",\"width\":2000,\"height\":1103,\"caption\":\"Slidedeck\"},\"image\":{\"@id\":\"https:\\\/\\\/terrasse-mobile.net\\\/#\\\/schema\\\/logo\\\/image\\\/\"}}]}<\/script>\n<!-- \/ Yoast SEO plugin. -->","yoast_head_json":{"title":"Die mobile Poolterrasse SlideDeck TITAN","description":"Entdecken Sie SlideDeck TITAN, die ideale mobile Terrasse f\u00fcr gro\u00dfe Pools. Ein neuer, bedeutender Raum f\u00fcr Ihren Garten.","robots":{"index":"index","follow":"follow","max-snippet":"max-snippet:-1","max-image-preview":"max-image-preview:large","max-video-preview":"max-video-preview:-1"},"canonical":"https:\/\/terrasse-mobile.net\/de_ch\/mobile-terrasse-nach-mas\/vorlagen\/grose-mobile-terrasse-fur-einen-swimmingpool\/","og_locale":"de_DE","og_type":"article","og_title":"La terrasse mobile SlideDeck TITAN pour piscine","og_description":"D\u00e9couvrez SlideDeck TITAN, la terrasse mobile id\u00e9ale pour les piscines de grandes tailles. Un nouvel espace significatif pour votre jardin.","og_url":"https:\/\/terrasse-mobile.net\/de_ch\/mobile-terrasse-nach-mas\/vorlagen\/grose-mobile-terrasse-fur-einen-swimmingpool\/","og_site_name":"Terrasse mobile","article_modified_time":"2025-10-08T15:18:25+00:00","og_image":[{"width":2000,"height":1500,"url":"https:\/\/terrasse-mobile.net\/wp-content\/uploads\/2024\/02\/REAL-SABOURAULT-PISCINE-2.jpg","type":"image\/jpeg"}],"twitter_card":"summary_large_image","twitter_misc":{"Gesch\u00e4tzte Lesezeit":"2\u00a0Minuten"},"schema":{"@context":"https:\/\/schema.org","@graph":[{"@type":"WebPage","@id":"https:\/\/terrasse-mobile.net\/terrasse-mobile-sur-mesure\/modeles\/grande-terrasse-mobile-pour-piscine\/","url":"https:\/\/terrasse-mobile.net\/terrasse-mobile-sur-mesure\/modeles\/grande-terrasse-mobile-pour-piscine\/","name":"Die mobile Poolterrasse SlideDeck TITAN","isPartOf":{"@id":"https:\/\/terrasse-mobile.net\/#website"},"primaryImageOfPage":{"@id":"https:\/\/terrasse-mobile.net\/terrasse-mobile-sur-mesure\/modeles\/grande-terrasse-mobile-pour-piscine\/#primaryimage"},"image":{"@id":"https:\/\/terrasse-mobile.net\/terrasse-mobile-sur-mesure\/modeles\/grande-terrasse-mobile-pour-piscine\/#primaryimage"},"thumbnailUrl":"https:\/\/terrasse-mobile.net\/wp-content\/uploads\/2024\/02\/REAL-SABOURAULT-PISCINE-2.jpg","datePublished":"2024-10-02T12:49:32+00:00","dateModified":"2025-10-08T15:18:25+00:00","description":"Entdecken Sie SlideDeck TITAN, die ideale mobile Terrasse f\u00fcr gro\u00dfe Pools. Ein neuer, bedeutender Raum f\u00fcr Ihren Garten.","breadcrumb":{"@id":"https:\/\/terrasse-mobile.net\/terrasse-mobile-sur-mesure\/modeles\/grande-terrasse-mobile-pour-piscine\/#breadcrumb"},"inLanguage":"de-CH","potentialAction":[{"@type":"ReadAction","target":["https:\/\/terrasse-mobile.net\/terrasse-mobile-sur-mesure\/modeles\/grande-terrasse-mobile-pour-piscine\/"]}]},{"@type":"ImageObject","inLanguage":"de-CH","@id":"https:\/\/terrasse-mobile.net\/terrasse-mobile-sur-mesure\/modeles\/grande-terrasse-mobile-pour-piscine\/#primaryimage","url":"https:\/\/terrasse-mobile.net\/wp-content\/uploads\/2024\/02\/REAL-SABOURAULT-PISCINE-2.jpg","contentUrl":"https:\/\/terrasse-mobile.net\/wp-content\/uploads\/2024\/02\/REAL-SABOURAULT-PISCINE-2.jpg","width":2000,"height":1500,"caption":"DCIM100MEDIADJI_0365.JPG"},{"@type":"BreadcrumbList","@id":"https:\/\/terrasse-mobile.net\/terrasse-mobile-sur-mesure\/modeles\/grande-terrasse-mobile-pour-piscine\/#breadcrumb","itemListElement":[{"@type":"ListItem","position":1,"name":"Accueil","item":"https:\/\/terrasse-mobile.net\/"},{"@type":"ListItem","position":2,"name":"LA TERRASSE MOBILE SUR-MESURE POUR PISCINE","item":"https:\/\/terrasse-mobile.net\/terrasse-mobile-sur-mesure\/"},{"@type":"ListItem","position":3,"name":"LES DIFF\u00c9RENTS MOD\u00c8LES DE TERRASSE MOBILE SLIDEDECK","item":"https:\/\/terrasse-mobile.net\/terrasse-mobile-sur-mesure\/modeles\/"},{"@type":"ListItem","position":4,"name":"LA TERRASSE MOBILE POUR PISCINE SLIDEDECK TITAN"}]},{"@type":"WebSite","@id":"https:\/\/terrasse-mobile.net\/#website","url":"https:\/\/terrasse-mobile.net\/","name":"Slidedeck","description":"Ma\u00dfgeschneiderte Konstruktion von mobilen Terrassen in der \u00cele-de-France","publisher":{"@id":"https:\/\/terrasse-mobile.net\/#organization"},"potentialAction":[{"@type":"SearchAction","target":{"@type":"EntryPoint","urlTemplate":"https:\/\/terrasse-mobile.net\/?s={search_term_string}"},"query-input":{"@type":"PropertyValueSpecification","valueRequired":true,"valueName":"search_term_string"}}],"inLanguage":"de-CH"},{"@type":"Organization","@id":"https:\/\/terrasse-mobile.net\/#organization","name":"Slidedeck","url":"https:\/\/terrasse-mobile.net\/","logo":{"@type":"ImageObject","inLanguage":"de-CH","@id":"https:\/\/terrasse-mobile.net\/#\/schema\/logo\/image\/","url":"https:\/\/terrasse-mobile.net\/wp-content\/uploads\/2024\/01\/logo-slidedeck.jpg","contentUrl":"https:\/\/terrasse-mobile.net\/wp-content\/uploads\/2024\/01\/logo-slidedeck.jpg","width":2000,"height":1103,"caption":"Slidedeck"},"image":{"@id":"https:\/\/terrasse-mobile.net\/#\/schema\/logo\/image\/"}}]}},"_links":{"self":[{"href":"https:\/\/terrasse-mobile.net\/de_ch\/wp-json\/wp\/v2\/pages\/5481","targetHints":{"allow":["GET"]}}],"collection":[{"href":"https:\/\/terrasse-mobile.net\/de_ch\/wp-json\/wp\/v2\/pages"}],"about":[{"href":"https:\/\/terrasse-mobile.net\/de_ch\/wp-json\/wp\/v2\/types\/page"}],"author":[{"embeddable":true,"href":"https:\/\/terrasse-mobile.net\/de_ch\/wp-json\/wp\/v2\/users\/1"}],"replies":[{"embeddable":true,"href":"https:\/\/terrasse-mobile.net\/de_ch\/wp-json\/wp\/v2\/comments?post=5481"}],"version-history":[{"count":14,"href":"https:\/\/terrasse-mobile.net\/de_ch\/wp-json\/wp\/v2\/pages\/5481\/revisions"}],"predecessor-version":[{"id":7059,"href":"https:\/\/terrasse-mobile.net\/de_ch\/wp-json\/wp\/v2\/pages\/5481\/revisions\/7059"}],"up":[{"embeddable":true,"href":"https:\/\/terrasse-mobile.net\/de_ch\/wp-json\/wp\/v2\/pages\/5462"}],"wp:featuredmedia":[{"embeddable":true,"href":"https:\/\/terrasse-mobile.net\/de_ch\/wp-json\/wp\/v2\/media\/3640"}],"wp:attachment":[{"href":"https:\/\/terrasse-mobile.net\/de_ch\/wp-json\/wp\/v2\/media?parent=5481"}],"wp:term":[{"taxonomy":"folder","embeddable":true,"href":"https:\/\/terrasse-mobile.net\/de_ch\/wp-json\/wp\/v2\/folder?post=5481"}],"curies":[{"name":"wp","href":"https:\/\/api.w.org\/{rel}","templated":true}]}}