{"id":5484,"date":"2024-10-02T14:49:31","date_gmt":"2024-10-02T12:49:37","guid":{"rendered":"https:\/\/terrasse-mobile.net\/?page_id=5484"},"modified":"2025-11-25T15:49:32","modified_gmt":"2025-11-25T14:49:32","slug":"mobile-terrasse-schwimmbad-nach-mas","status":"publish","type":"page","link":"https:\/\/terrasse-mobile.net\/de_ch\/terrasse-mobile-sur-mesure\/modeles\/terrasse-mobile-piscine-sur-mesure\/","title":{"rendered":"DIE MASSGEFERTIGTE MOBILE TERRASSE SLIDEDECK"},"content":{"rendered":"<p>&nbsp;<\/p>\n\n\n\n<div class=\"wp-block-group\"><div class=\"wp-block-group__inner-container is-layout-constrained wp-block-group-is-layout-constrained\">\n<div class=\"wp-block-columns is-layout-flex wp-container-core-columns-is-layout-9d6595d7 wp-block-columns-is-layout-flex\">\n<div class=\"wp-block-column is-layout-flow wp-block-column-is-layout-flow\">\n<h2 class=\"wp-block-heading\">Die mobile Terrasse SlideDECK MASSGESCHNEIDERT<\/h2>\n\n\n\n<p>Bei gro\u00dfen Pools und atypischen Formen ( L-f\u00f6rmig, trapezf\u00f6rmig usw.) sind wir in der Lage, mobile Terrassen nach einem exklusiven (und geheimen!) Herstellungsverfahren zu bauen. Es handelt sich hierbei um Ausnahmeprojekte, f\u00fcr die wir eine Studie speziell f\u00fcr Sie erstellen.<\/p>\n\n\n\n<h2 class=\"wp-block-heading\">Ideal f\u00fcr originell geformte Pools<\/h2>\n\n\n\n<p><a href=\"https:\/\/terrasse-mobile.net\/de_ch\/page-contact-terrasse-mobile\/\">Wenden Sie sich an uns, wenn Sie planen, eine mobile Terrasse f\u00fcr einen sehr gro\u00dfen Swimmingpool zu installieren.<\/a><\/p>\n\n\n\n<p>Um die Robustheit Ihrer mobilen Terrasse zu gew\u00e4hrleisten, haben wir von unserem Konstruktionsb\u00fcro eine \u00abBerechnungsnote\u00bb erstellen lassen, in der die Annahmen zu den Belastungen und Biegebedingungen aufgef\u00fchrt sind. <br><br><a href=\"https:\/\/terrasse-mobile.net\/de_ch\/mobile-terrasse-nach-mas\/vorlagen\/abmessungen-mobile-terrasse-fur-schwimmbad\/\">Um diese Seite aufzurufen, klicken Sie hier. <\/a><\/p>\n<\/div>\n\n\n\n<div class=\"wp-block-column is-layout-flow wp-block-column-is-layout-flow\">\n<figure class=\"wp-block-image size-full\"><img decoding=\"async\" width=\"800\" height=\"507\" src=\"https:\/\/terrasse-mobile.net\/wp-content\/uploads\/2025\/03\/223D-ASYMETRIQUE.png\" alt=\"Mobile Terrasse f\u00fcr Schwimmbahnen\" class=\"wp-image-6777\" style=\"aspect-ratio:3\/2;object-fit:cover\" srcset=\"https:\/\/terrasse-mobile.net\/wp-content\/uploads\/2025\/03\/223D-ASYMETRIQUE.png 800w, https:\/\/terrasse-mobile.net\/wp-content\/uploads\/2025\/03\/223D-ASYMETRIQUE-300x190.png 300w, https:\/\/terrasse-mobile.net\/wp-content\/uploads\/2025\/03\/223D-ASYMETRIQUE-768x487.png 768w, https:\/\/terrasse-mobile.net\/wp-content\/uploads\/2025\/03\/223D-ASYMETRIQUE-50x32.png 50w\" sizes=\"(max-width: 800px) 100vw, 800px\" \/><\/figure>\n\n\n\n<div class=\"wp-block-buttons is-content-justification-center is-layout-flex wp-container-core-buttons-is-layout-16018d1d wp-block-buttons-is-layout-flex\">\n<div class=\"wp-block-button is-style-fill\"><a class=\"wp-block-button__link has-white-color has-text-color has-background has-link-color has-small-font-size has-custom-font-size wp-element-button\" href=\"https:\/\/terrasse-mobile.net\/de_ch\/mobile-terrasse-nach-mas\/vorlagen\/\" style=\"background-color:#3579a4\">ALLE MODELLE SLIDEDECK<\/a><\/div>\n<\/div>\n<\/div>\n<\/div>\n<\/div><\/div>","protected":false},"excerpt":{"rendered":"<p>&nbsp; La terrasse mobile SlideDECK SUR-MESURE Nous sommes en mesure, pour des piscines de grandes dimensions et de formes atypiques ( en L, en trap\u00e8ze, etc&#8230;), de r\u00e9aliser des terrasses mobiles selon un proc\u00e9d\u00e9 de fabrication exclusif (et secret !). Il s\u2019agit de projets d\u2019exception pour lesquels nous r\u00e9alisons une \u00e9tude sp\u00e9cialement pour vous. Id\u00e9ale&#8230;<\/p>","protected":false},"author":1,"featured_media":3640,"parent":5462,"menu_order":26,"comment_status":"closed","ping_status":"closed","template":"","meta":{"_kad_post_transparent":"","_kad_post_title":"","_kad_post_layout":"","_kad_post_sidebar_id":"","_kad_post_content_style":"","_kad_post_vertical_padding":"","_kad_post_feature":"","_kad_post_feature_position":"","_kad_post_header":false,"_kad_post_footer":false,"_kad_post_classname":"","footnotes":""},"folder":[],"class_list":["post-5484","page","type-page","status-publish","has-post-thumbnail","hentry"],"yoast_head":"<!-- This site is optimized with the Yoast SEO plugin v27.4 - https:\/\/yoast.com\/product\/yoast-seo-wordpress\/ -->\n<title>La terrasse mobile SlideDeck SUR-MESURE pour piscine<\/title>\n<meta name=\"description\" content=\"D\u00e9couvrez la terrasse mobile SlideDeck SUR-MESURE : id\u00e9ale pour les piscines de tr\u00e8s grandes tailles ou de formes atypiques ...\" \/>\n<meta name=\"robots\" content=\"index, follow, max-snippet:-1, max-image-preview:large, max-video-preview:-1\" \/>\n<link rel=\"canonical\" href=\"https:\/\/terrasse-mobile.net\/de_ch\/mobile-terrasse-nach-mas\/vorlagen\/mobile-terrasse-schwimmbad-nach-mas\/\" \/>\n<meta property=\"og:locale\" content=\"de_DE\" \/>\n<meta property=\"og:type\" content=\"article\" \/>\n<meta property=\"og:title\" content=\"La terrasse mobile SlideDeck SUR-MESURE pour piscine\" \/>\n<meta property=\"og:description\" content=\"D\u00e9couvrez la terrasse mobile SlideDeck SUR-MESURE : id\u00e9ale pour les piscines de tr\u00e8s grandes tailles ou de formes atypiques ...\" \/>\n<meta property=\"og:url\" content=\"https:\/\/terrasse-mobile.net\/de_ch\/mobile-terrasse-nach-mas\/vorlagen\/mobile-terrasse-schwimmbad-nach-mas\/\" \/>\n<meta property=\"og:site_name\" content=\"Terrasse mobile\" \/>\n<meta property=\"article:modified_time\" content=\"2025-11-25T14:49:32+00:00\" \/>\n<meta property=\"og:image\" content=\"https:\/\/terrasse-mobile.net\/wp-content\/uploads\/2024\/02\/REAL-SABOURAULT-PISCINE-2.jpg\" \/>\n\t<meta property=\"og:image:width\" content=\"2000\" \/>\n\t<meta property=\"og:image:height\" content=\"1500\" \/>\n\t<meta property=\"og:image:type\" content=\"image\/jpeg\" \/>\n<meta name=\"twitter:card\" content=\"summary_large_image\" \/>\n<meta name=\"twitter:label1\" content=\"Gesch\u00e4tzte Lesezeit\" \/>\n\t<meta name=\"twitter:data1\" content=\"2\u00a0Minuten\" \/>\n<script type=\"application\/ld+json\" class=\"yoast-schema-graph\">{\"@context\":\"https:\\\/\\\/schema.org\",\"@graph\":[{\"@type\":\"WebPage\",\"@id\":\"https:\\\/\\\/terrasse-mobile.net\\\/terrasse-mobile-sur-mesure\\\/modeles\\\/terrasse-mobile-piscine-sur-mesure\\\/\",\"url\":\"https:\\\/\\\/terrasse-mobile.net\\\/terrasse-mobile-sur-mesure\\\/modeles\\\/terrasse-mobile-piscine-sur-mesure\\\/\",\"name\":\"La terrasse mobile SlideDeck SUR-MESURE pour piscine\",\"isPartOf\":{\"@id\":\"https:\\\/\\\/terrasse-mobile.net\\\/#website\"},\"primaryImageOfPage\":{\"@id\":\"https:\\\/\\\/terrasse-mobile.net\\\/terrasse-mobile-sur-mesure\\\/modeles\\\/terrasse-mobile-piscine-sur-mesure\\\/#primaryimage\"},\"image\":{\"@id\":\"https:\\\/\\\/terrasse-mobile.net\\\/terrasse-mobile-sur-mesure\\\/modeles\\\/terrasse-mobile-piscine-sur-mesure\\\/#primaryimage\"},\"thumbnailUrl\":\"https:\\\/\\\/terrasse-mobile.net\\\/wp-content\\\/uploads\\\/2024\\\/02\\\/REAL-SABOURAULT-PISCINE-2.jpg\",\"datePublished\":\"2024-10-02T12:49:37+00:00\",\"dateModified\":\"2025-11-25T14:49:32+00:00\",\"description\":\"D\u00e9couvrez la terrasse mobile SlideDeck SUR-MESURE : id\u00e9ale pour les piscines de tr\u00e8s grandes tailles ou de formes atypiques ...\",\"breadcrumb\":{\"@id\":\"https:\\\/\\\/terrasse-mobile.net\\\/terrasse-mobile-sur-mesure\\\/modeles\\\/terrasse-mobile-piscine-sur-mesure\\\/#breadcrumb\"},\"inLanguage\":\"de-CH\",\"potentialAction\":[{\"@type\":\"ReadAction\",\"target\":[\"https:\\\/\\\/terrasse-mobile.net\\\/terrasse-mobile-sur-mesure\\\/modeles\\\/terrasse-mobile-piscine-sur-mesure\\\/\"]}]},{\"@type\":\"ImageObject\",\"inLanguage\":\"de-CH\",\"@id\":\"https:\\\/\\\/terrasse-mobile.net\\\/terrasse-mobile-sur-mesure\\\/modeles\\\/terrasse-mobile-piscine-sur-mesure\\\/#primaryimage\",\"url\":\"https:\\\/\\\/terrasse-mobile.net\\\/wp-content\\\/uploads\\\/2024\\\/02\\\/REAL-SABOURAULT-PISCINE-2.jpg\",\"contentUrl\":\"https:\\\/\\\/terrasse-mobile.net\\\/wp-content\\\/uploads\\\/2024\\\/02\\\/REAL-SABOURAULT-PISCINE-2.jpg\",\"width\":2000,\"height\":1500,\"caption\":\"DCIM100MEDIADJI_0365.JPG\"},{\"@type\":\"BreadcrumbList\",\"@id\":\"https:\\\/\\\/terrasse-mobile.net\\\/terrasse-mobile-sur-mesure\\\/modeles\\\/terrasse-mobile-piscine-sur-mesure\\\/#breadcrumb\",\"itemListElement\":[{\"@type\":\"ListItem\",\"position\":1,\"name\":\"Accueil\",\"item\":\"https:\\\/\\\/terrasse-mobile.net\\\/\"},{\"@type\":\"ListItem\",\"position\":2,\"name\":\"LA TERRASSE MOBILE SUR-MESURE POUR PISCINE\",\"item\":\"https:\\\/\\\/terrasse-mobile.net\\\/terrasse-mobile-sur-mesure\\\/\"},{\"@type\":\"ListItem\",\"position\":3,\"name\":\"LES DIFF\u00c9RENTS MOD\u00c8LES DE TERRASSE MOBILE SLIDEDECK\",\"item\":\"https:\\\/\\\/terrasse-mobile.net\\\/terrasse-mobile-sur-mesure\\\/modeles\\\/\"},{\"@type\":\"ListItem\",\"position\":4,\"name\":\"LA TERRASSE MOBILE SLIDEDECK SUR-MESURE\"}]},{\"@type\":\"WebSite\",\"@id\":\"https:\\\/\\\/terrasse-mobile.net\\\/#website\",\"url\":\"https:\\\/\\\/terrasse-mobile.net\\\/\",\"name\":\"Slidedeck\",\"description\":\"Construction sur mesure de terrasses mobiles en \u00cele-de-France\",\"publisher\":{\"@id\":\"https:\\\/\\\/terrasse-mobile.net\\\/#organization\"},\"potentialAction\":[{\"@type\":\"SearchAction\",\"target\":{\"@type\":\"EntryPoint\",\"urlTemplate\":\"https:\\\/\\\/terrasse-mobile.net\\\/?s={search_term_string}\"},\"query-input\":{\"@type\":\"PropertyValueSpecification\",\"valueRequired\":true,\"valueName\":\"search_term_string\"}}],\"inLanguage\":\"de-CH\"},{\"@type\":\"Organization\",\"@id\":\"https:\\\/\\\/terrasse-mobile.net\\\/#organization\",\"name\":\"Slidedeck\",\"url\":\"https:\\\/\\\/terrasse-mobile.net\\\/\",\"logo\":{\"@type\":\"ImageObject\",\"inLanguage\":\"de-CH\",\"@id\":\"https:\\\/\\\/terrasse-mobile.net\\\/#\\\/schema\\\/logo\\\/image\\\/\",\"url\":\"https:\\\/\\\/terrasse-mobile.net\\\/wp-content\\\/uploads\\\/2024\\\/01\\\/logo-slidedeck.jpg\",\"contentUrl\":\"https:\\\/\\\/terrasse-mobile.net\\\/wp-content\\\/uploads\\\/2024\\\/01\\\/logo-slidedeck.jpg\",\"width\":2000,\"height\":1103,\"caption\":\"Slidedeck\"},\"image\":{\"@id\":\"https:\\\/\\\/terrasse-mobile.net\\\/#\\\/schema\\\/logo\\\/image\\\/\"}}]}<\/script>\n<!-- \/ Yoast SEO plugin. -->","yoast_head_json":{"title":"Die ma\u00dfgeschneiderte mobile SlideDeck Poolterrasse","description":"Entdecken Sie die mobile Terrasse SlideDeck MASSGESCHNEIDERT: ideal f\u00fcr sehr gro\u00dfe Pools oder atypische Formen ...","robots":{"index":"index","follow":"follow","max-snippet":"max-snippet:-1","max-image-preview":"max-image-preview:large","max-video-preview":"max-video-preview:-1"},"canonical":"https:\/\/terrasse-mobile.net\/de_ch\/mobile-terrasse-nach-mas\/vorlagen\/mobile-terrasse-schwimmbad-nach-mas\/","og_locale":"de_DE","og_type":"article","og_title":"La terrasse mobile SlideDeck SUR-MESURE pour piscine","og_description":"D\u00e9couvrez la terrasse mobile SlideDeck SUR-MESURE : id\u00e9ale pour les piscines de tr\u00e8s grandes tailles ou de formes atypiques ...","og_url":"https:\/\/terrasse-mobile.net\/de_ch\/mobile-terrasse-nach-mas\/vorlagen\/mobile-terrasse-schwimmbad-nach-mas\/","og_site_name":"Terrasse mobile","article_modified_time":"2025-11-25T14:49:32+00:00","og_image":[{"width":2000,"height":1500,"url":"https:\/\/terrasse-mobile.net\/wp-content\/uploads\/2024\/02\/REAL-SABOURAULT-PISCINE-2.jpg","type":"image\/jpeg"}],"twitter_card":"summary_large_image","twitter_misc":{"Gesch\u00e4tzte Lesezeit":"2\u00a0Minuten"},"schema":{"@context":"https:\/\/schema.org","@graph":[{"@type":"WebPage","@id":"https:\/\/terrasse-mobile.net\/terrasse-mobile-sur-mesure\/modeles\/terrasse-mobile-piscine-sur-mesure\/","url":"https:\/\/terrasse-mobile.net\/terrasse-mobile-sur-mesure\/modeles\/terrasse-mobile-piscine-sur-mesure\/","name":"Die ma\u00dfgeschneiderte mobile SlideDeck Poolterrasse","isPartOf":{"@id":"https:\/\/terrasse-mobile.net\/#website"},"primaryImageOfPage":{"@id":"https:\/\/terrasse-mobile.net\/terrasse-mobile-sur-mesure\/modeles\/terrasse-mobile-piscine-sur-mesure\/#primaryimage"},"image":{"@id":"https:\/\/terrasse-mobile.net\/terrasse-mobile-sur-mesure\/modeles\/terrasse-mobile-piscine-sur-mesure\/#primaryimage"},"thumbnailUrl":"https:\/\/terrasse-mobile.net\/wp-content\/uploads\/2024\/02\/REAL-SABOURAULT-PISCINE-2.jpg","datePublished":"2024-10-02T12:49:37+00:00","dateModified":"2025-11-25T14:49:32+00:00","description":"Entdecken Sie die mobile Terrasse SlideDeck MASSGESCHNEIDERT: ideal f\u00fcr sehr gro\u00dfe Pools oder atypische Formen ...","breadcrumb":{"@id":"https:\/\/terrasse-mobile.net\/terrasse-mobile-sur-mesure\/modeles\/terrasse-mobile-piscine-sur-mesure\/#breadcrumb"},"inLanguage":"de-CH","potentialAction":[{"@type":"ReadAction","target":["https:\/\/terrasse-mobile.net\/terrasse-mobile-sur-mesure\/modeles\/terrasse-mobile-piscine-sur-mesure\/"]}]},{"@type":"ImageObject","inLanguage":"de-CH","@id":"https:\/\/terrasse-mobile.net\/terrasse-mobile-sur-mesure\/modeles\/terrasse-mobile-piscine-sur-mesure\/#primaryimage","url":"https:\/\/terrasse-mobile.net\/wp-content\/uploads\/2024\/02\/REAL-SABOURAULT-PISCINE-2.jpg","contentUrl":"https:\/\/terrasse-mobile.net\/wp-content\/uploads\/2024\/02\/REAL-SABOURAULT-PISCINE-2.jpg","width":2000,"height":1500,"caption":"DCIM100MEDIADJI_0365.JPG"},{"@type":"BreadcrumbList","@id":"https:\/\/terrasse-mobile.net\/terrasse-mobile-sur-mesure\/modeles\/terrasse-mobile-piscine-sur-mesure\/#breadcrumb","itemListElement":[{"@type":"ListItem","position":1,"name":"Accueil","item":"https:\/\/terrasse-mobile.net\/"},{"@type":"ListItem","position":2,"name":"LA TERRASSE MOBILE SUR-MESURE POUR PISCINE","item":"https:\/\/terrasse-mobile.net\/terrasse-mobile-sur-mesure\/"},{"@type":"ListItem","position":3,"name":"LES DIFF\u00c9RENTS MOD\u00c8LES DE TERRASSE MOBILE SLIDEDECK","item":"https:\/\/terrasse-mobile.net\/terrasse-mobile-sur-mesure\/modeles\/"},{"@type":"ListItem","position":4,"name":"LA TERRASSE MOBILE SLIDEDECK SUR-MESURE"}]},{"@type":"WebSite","@id":"https:\/\/terrasse-mobile.net\/#website","url":"https:\/\/terrasse-mobile.net\/","name":"Slidedeck","description":"Ma\u00dfgeschneiderte Konstruktion von mobilen Terrassen in der \u00cele-de-France","publisher":{"@id":"https:\/\/terrasse-mobile.net\/#organization"},"potentialAction":[{"@type":"SearchAction","target":{"@type":"EntryPoint","urlTemplate":"https:\/\/terrasse-mobile.net\/?s={search_term_string}"},"query-input":{"@type":"PropertyValueSpecification","valueRequired":true,"valueName":"search_term_string"}}],"inLanguage":"de-CH"},{"@type":"Organization","@id":"https:\/\/terrasse-mobile.net\/#organization","name":"Slidedeck","url":"https:\/\/terrasse-mobile.net\/","logo":{"@type":"ImageObject","inLanguage":"de-CH","@id":"https:\/\/terrasse-mobile.net\/#\/schema\/logo\/image\/","url":"https:\/\/terrasse-mobile.net\/wp-content\/uploads\/2024\/01\/logo-slidedeck.jpg","contentUrl":"https:\/\/terrasse-mobile.net\/wp-content\/uploads\/2024\/01\/logo-slidedeck.jpg","width":2000,"height":1103,"caption":"Slidedeck"},"image":{"@id":"https:\/\/terrasse-mobile.net\/#\/schema\/logo\/image\/"}}]}},"_links":{"self":[{"href":"https:\/\/terrasse-mobile.net\/de_ch\/wp-json\/wp\/v2\/pages\/5484","targetHints":{"allow":["GET"]}}],"collection":[{"href":"https:\/\/terrasse-mobile.net\/de_ch\/wp-json\/wp\/v2\/pages"}],"about":[{"href":"https:\/\/terrasse-mobile.net\/de_ch\/wp-json\/wp\/v2\/types\/page"}],"author":[{"embeddable":true,"href":"https:\/\/terrasse-mobile.net\/de_ch\/wp-json\/wp\/v2\/users\/1"}],"replies":[{"embeddable":true,"href":"https:\/\/terrasse-mobile.net\/de_ch\/wp-json\/wp\/v2\/comments?post=5484"}],"version-history":[{"count":10,"href":"https:\/\/terrasse-mobile.net\/de_ch\/wp-json\/wp\/v2\/pages\/5484\/revisions"}],"predecessor-version":[{"id":7283,"href":"https:\/\/terrasse-mobile.net\/de_ch\/wp-json\/wp\/v2\/pages\/5484\/revisions\/7283"}],"up":[{"embeddable":true,"href":"https:\/\/terrasse-mobile.net\/de_ch\/wp-json\/wp\/v2\/pages\/5462"}],"wp:featuredmedia":[{"embeddable":true,"href":"https:\/\/terrasse-mobile.net\/de_ch\/wp-json\/wp\/v2\/media\/3640"}],"wp:attachment":[{"href":"https:\/\/terrasse-mobile.net\/de_ch\/wp-json\/wp\/v2\/media?parent=5484"}],"wp:term":[{"taxonomy":"folder","embeddable":true,"href":"https:\/\/terrasse-mobile.net\/de_ch\/wp-json\/wp\/v2\/folder?post=5484"}],"curies":[{"name":"wp","href":"https:\/\/api.w.org\/{rel}","templated":true}]}}