{"id":5550,"date":"2024-10-02T14:46:31","date_gmt":"2024-10-02T12:46:27","guid":{"rendered":"https:\/\/terrasse-mobile.net\/?page_id=5550"},"modified":"2025-11-25T15:52:47","modified_gmt":"2025-11-25T14:52:47","slug":"mobile-terrasse-schwimmbad-schublade","status":"publish","type":"page","link":"https:\/\/terrasse-mobile.net\/de_ch\/terrasse-mobile-sur-mesure\/configurations\/terrasse-mobile-piscine-tiroir\/","title":{"rendered":"Die mobile Terrasseneinrichtung (ausziehbar oder mit Schubladen)"},"content":{"rendered":"<div class=\"wp-block-group\"><div class=\"wp-block-group__inner-container is-layout-constrained wp-block-group-is-layout-constrained\">\n<div class=\"wp-block-columns is-layout-flex wp-container-core-columns-is-layout-9d6595d7 wp-block-columns-is-layout-flex\">\n<div class=\"wp-block-column is-layout-flow wp-block-column-is-layout-flow\">\n<h2 class=\"wp-block-heading\">Eine mobile Terrasse, die sowohl \u00e4sthetisch als auch praktisch ist<\/h2>\n\n\n\n<p>Die mobile Ausziehterrasse eignet sich besonders f\u00fcr begrenzte Platzverh\u00e4ltnisse.<\/p>\n\n\n\n<p>Diese mobile Terrasse besteht aus zwei Teilen: Eine erste Platte dient als mobile Terrasse aus einem St\u00fcck, w\u00e4hrend eine zweite Platte \u00fcber der ersten Platte l\u00e4uft, wodurch weniger Stauraum f\u00fcr die mobile Terrasse ben\u00f6tigt wird.<\/p>\n\n\n\n<h2 class=\"wp-block-heading\">Perfekter Schutz f\u00fcr Ihren Pool <\/h2>\n\n\n\n<p>&nbsp;Die mobile Terrasse deckt Ihr Becken ab, wenn Sie Ihren Pool nicht benutzen. Die Schiebeterrasse sch\u00fctzt Ihr Becken au\u00dferdem vor Verschmutzungen und sorgt f\u00fcr Sicherheit.<\/p>\n<\/div>\n\n\n\n<div class=\"wp-block-column is-layout-flow wp-block-column-is-layout-flow\">\n<figure class=\"wp-block-image size-full\"><img decoding=\"async\" width=\"1000\" height=\"562\" src=\"https:\/\/terrasse-mobile.net\/wp-content\/uploads\/2025\/02\/3D-gigogne-1.png\" alt=\"Mobile ausziehbare Terrasse \u00fcber einem Swimmingpool\" class=\"wp-image-6764\" style=\"aspect-ratio:3\/2;object-fit:cover\" srcset=\"https:\/\/terrasse-mobile.net\/wp-content\/uploads\/2025\/02\/3D-gigogne-1.png 1000w, https:\/\/terrasse-mobile.net\/wp-content\/uploads\/2025\/02\/3D-gigogne-1-300x169.png 300w, https:\/\/terrasse-mobile.net\/wp-content\/uploads\/2025\/02\/3D-gigogne-1-768x432.png 768w, https:\/\/terrasse-mobile.net\/wp-content\/uploads\/2025\/02\/3D-gigogne-1-50x28.png 50w\" sizes=\"(max-width: 1000px) 100vw, 1000px\" \/><\/figure>\n\n\n\n<div class=\"wp-block-buttons is-content-justification-center is-layout-flex wp-container-core-buttons-is-layout-16018d1d wp-block-buttons-is-layout-flex\">\n<div class=\"wp-block-button is-style-fill\"><a class=\"wp-block-button__link has-white-color has-text-color has-background has-link-color has-small-font-size has-custom-font-size wp-element-button\" href=\"https:\/\/terrasse-mobile.net\/de_ch\/mobile-terrasse-nach-mas\/konfigurationen\/\" style=\"background-color:#3579a4\">Entdecken Sie andere SlideDeck-Konfigurationen<\/a><\/div>\n<\/div>\n<\/div>\n<\/div>\n<\/div><\/div>\n\n\n\n<p><\/p>","protected":false},"excerpt":{"rendered":"<p>Une terrasse mobile tr\u00e8s esth\u00e9tique et pratique La terrasse mobile gigogne est particuli\u00e8rement adapt\u00e9e dans des espaces restreints. En effet, cette terrasse mobile est constitu\u00e9e de deux parties et un premier plateau circule comme une terrasse mobile monobloc, et un deuxi\u00e8me plateau circule au-dessus du premier plateau, ce qui permet d&rsquo;avoir un espace de stockage&#8230;<\/p>","protected":false},"author":1,"featured_media":3640,"parent":5532,"menu_order":33,"comment_status":"closed","ping_status":"closed","template":"","meta":{"_kad_post_transparent":"","_kad_post_title":"","_kad_post_layout":"","_kad_post_sidebar_id":"","_kad_post_content_style":"","_kad_post_vertical_padding":"","_kad_post_feature":"","_kad_post_feature_position":"","_kad_post_header":false,"_kad_post_footer":false,"_kad_post_classname":"","footnotes":""},"folder":[],"class_list":["post-5550","page","type-page","status-publish","has-post-thumbnail","hentry"],"yoast_head":"<!-- This site is optimized with the Yoast SEO plugin v27.4 - https:\/\/yoast.com\/product\/yoast-seo-wordpress\/ -->\n<title>La terrasse mobile gigogne (ou en tiroir)<\/title>\n<meta name=\"description\" content=\"La terrasse mobile gigogne est le style le plus original. Tr\u00e8s esth\u00e9tique, ce style est tr\u00e8s pratique pour les espaces restreints.\" \/>\n<meta name=\"robots\" content=\"index, follow, max-snippet:-1, max-image-preview:large, max-video-preview:-1\" \/>\n<link rel=\"canonical\" href=\"https:\/\/terrasse-mobile.net\/de_ch\/mobile-terrasse-nach-mas\/konfigurationen\/mobile-terrasse-schwimmbad-schublade\/\" \/>\n<meta property=\"og:locale\" content=\"de_DE\" \/>\n<meta property=\"og:type\" content=\"article\" \/>\n<meta property=\"og:title\" content=\"La terrasse mobile gigogne (ou en tiroir)\" \/>\n<meta property=\"og:description\" content=\"La terrasse mobile gigogne est le style le plus original. Tr\u00e8s esth\u00e9tique, ce style est tr\u00e8s pratique pour les espaces restreints.\" \/>\n<meta property=\"og:url\" content=\"https:\/\/terrasse-mobile.net\/de_ch\/mobile-terrasse-nach-mas\/konfigurationen\/mobile-terrasse-schwimmbad-schublade\/\" \/>\n<meta property=\"og:site_name\" content=\"Terrasse mobile\" \/>\n<meta property=\"article:modified_time\" content=\"2025-11-25T14:52:47+00:00\" \/>\n<meta property=\"og:image\" content=\"https:\/\/terrasse-mobile.net\/wp-content\/uploads\/2024\/02\/REAL-SABOURAULT-PISCINE-2.jpg\" \/>\n\t<meta property=\"og:image:width\" content=\"2000\" \/>\n\t<meta property=\"og:image:height\" content=\"1500\" \/>\n\t<meta property=\"og:image:type\" content=\"image\/jpeg\" \/>\n<meta name=\"twitter:card\" content=\"summary_large_image\" \/>\n<meta name=\"twitter:label1\" content=\"Gesch\u00e4tzte Lesezeit\" \/>\n\t<meta name=\"twitter:data1\" content=\"1\u00a0Minute\" \/>\n<script type=\"application\/ld+json\" class=\"yoast-schema-graph\">{\"@context\":\"https:\\\/\\\/schema.org\",\"@graph\":[{\"@type\":\"WebPage\",\"@id\":\"https:\\\/\\\/terrasse-mobile.net\\\/terrasse-mobile-sur-mesure\\\/configurations\\\/terrasse-mobile-piscine-tiroir\\\/\",\"url\":\"https:\\\/\\\/terrasse-mobile.net\\\/terrasse-mobile-sur-mesure\\\/configurations\\\/terrasse-mobile-piscine-tiroir\\\/\",\"name\":\"La terrasse mobile gigogne (ou en tiroir)\",\"isPartOf\":{\"@id\":\"https:\\\/\\\/terrasse-mobile.net\\\/#website\"},\"primaryImageOfPage\":{\"@id\":\"https:\\\/\\\/terrasse-mobile.net\\\/terrasse-mobile-sur-mesure\\\/configurations\\\/terrasse-mobile-piscine-tiroir\\\/#primaryimage\"},\"image\":{\"@id\":\"https:\\\/\\\/terrasse-mobile.net\\\/terrasse-mobile-sur-mesure\\\/configurations\\\/terrasse-mobile-piscine-tiroir\\\/#primaryimage\"},\"thumbnailUrl\":\"https:\\\/\\\/terrasse-mobile.net\\\/wp-content\\\/uploads\\\/2024\\\/02\\\/REAL-SABOURAULT-PISCINE-2.jpg\",\"datePublished\":\"2024-10-02T12:46:27+00:00\",\"dateModified\":\"2025-11-25T14:52:47+00:00\",\"description\":\"La terrasse mobile gigogne est le style le plus original. Tr\u00e8s esth\u00e9tique, ce style est tr\u00e8s pratique pour les espaces restreints.\",\"breadcrumb\":{\"@id\":\"https:\\\/\\\/terrasse-mobile.net\\\/terrasse-mobile-sur-mesure\\\/configurations\\\/terrasse-mobile-piscine-tiroir\\\/#breadcrumb\"},\"inLanguage\":\"de-CH\",\"potentialAction\":[{\"@type\":\"ReadAction\",\"target\":[\"https:\\\/\\\/terrasse-mobile.net\\\/terrasse-mobile-sur-mesure\\\/configurations\\\/terrasse-mobile-piscine-tiroir\\\/\"]}]},{\"@type\":\"ImageObject\",\"inLanguage\":\"de-CH\",\"@id\":\"https:\\\/\\\/terrasse-mobile.net\\\/terrasse-mobile-sur-mesure\\\/configurations\\\/terrasse-mobile-piscine-tiroir\\\/#primaryimage\",\"url\":\"https:\\\/\\\/terrasse-mobile.net\\\/wp-content\\\/uploads\\\/2024\\\/02\\\/REAL-SABOURAULT-PISCINE-2.jpg\",\"contentUrl\":\"https:\\\/\\\/terrasse-mobile.net\\\/wp-content\\\/uploads\\\/2024\\\/02\\\/REAL-SABOURAULT-PISCINE-2.jpg\",\"width\":2000,\"height\":1500,\"caption\":\"DCIM100MEDIADJI_0365.JPG\"},{\"@type\":\"BreadcrumbList\",\"@id\":\"https:\\\/\\\/terrasse-mobile.net\\\/terrasse-mobile-sur-mesure\\\/configurations\\\/terrasse-mobile-piscine-tiroir\\\/#breadcrumb\",\"itemListElement\":[{\"@type\":\"ListItem\",\"position\":1,\"name\":\"Accueil\",\"item\":\"https:\\\/\\\/terrasse-mobile.net\\\/\"},{\"@type\":\"ListItem\",\"position\":2,\"name\":\"LA TERRASSE MOBILE SUR-MESURE POUR PISCINE\",\"item\":\"https:\\\/\\\/terrasse-mobile.net\\\/terrasse-mobile-sur-mesure\\\/\"},{\"@type\":\"ListItem\",\"position\":3,\"name\":\"LES CONFIGURATIONS DE TERRASSE MOBILE SLIDEDECK\",\"item\":\"https:\\\/\\\/terrasse-mobile.net\\\/terrasse-mobile-sur-mesure\\\/configurations\\\/\"},{\"@type\":\"ListItem\",\"position\":4,\"name\":\"LA TERRASSE MOBILE GIGOGNE (OU EN TIROIR)\"}]},{\"@type\":\"WebSite\",\"@id\":\"https:\\\/\\\/terrasse-mobile.net\\\/#website\",\"url\":\"https:\\\/\\\/terrasse-mobile.net\\\/\",\"name\":\"Slidedeck\",\"description\":\"Construction sur mesure de terrasses mobiles en \u00cele-de-France\",\"publisher\":{\"@id\":\"https:\\\/\\\/terrasse-mobile.net\\\/#organization\"},\"potentialAction\":[{\"@type\":\"SearchAction\",\"target\":{\"@type\":\"EntryPoint\",\"urlTemplate\":\"https:\\\/\\\/terrasse-mobile.net\\\/?s={search_term_string}\"},\"query-input\":{\"@type\":\"PropertyValueSpecification\",\"valueRequired\":true,\"valueName\":\"search_term_string\"}}],\"inLanguage\":\"de-CH\"},{\"@type\":\"Organization\",\"@id\":\"https:\\\/\\\/terrasse-mobile.net\\\/#organization\",\"name\":\"Slidedeck\",\"url\":\"https:\\\/\\\/terrasse-mobile.net\\\/\",\"logo\":{\"@type\":\"ImageObject\",\"inLanguage\":\"de-CH\",\"@id\":\"https:\\\/\\\/terrasse-mobile.net\\\/#\\\/schema\\\/logo\\\/image\\\/\",\"url\":\"https:\\\/\\\/terrasse-mobile.net\\\/wp-content\\\/uploads\\\/2024\\\/01\\\/logo-slidedeck.jpg\",\"contentUrl\":\"https:\\\/\\\/terrasse-mobile.net\\\/wp-content\\\/uploads\\\/2024\\\/01\\\/logo-slidedeck.jpg\",\"width\":2000,\"height\":1103,\"caption\":\"Slidedeck\"},\"image\":{\"@id\":\"https:\\\/\\\/terrasse-mobile.net\\\/#\\\/schema\\\/logo\\\/image\\\/\"}}]}<\/script>\n<!-- \/ Yoast SEO plugin. -->","yoast_head_json":{"title":"Die mobile Ausziehterrasse (oder Schiebeterrasse)","description":"Die mobile Ausziehterrasse ist das originellste Modell. Dieses Modell ist sehr \u00e4sthetisch und eignet sich besonders f\u00fcr begrenzte Platzverh\u00e4ltnisse.","robots":{"index":"index","follow":"follow","max-snippet":"max-snippet:-1","max-image-preview":"max-image-preview:large","max-video-preview":"max-video-preview:-1"},"canonical":"https:\/\/terrasse-mobile.net\/de_ch\/mobile-terrasse-nach-mas\/konfigurationen\/mobile-terrasse-schwimmbad-schublade\/","og_locale":"de_DE","og_type":"article","og_title":"La terrasse mobile gigogne (ou en tiroir)","og_description":"La terrasse mobile gigogne est le style le plus original. Tr\u00e8s esth\u00e9tique, ce style est tr\u00e8s pratique pour les espaces restreints.","og_url":"https:\/\/terrasse-mobile.net\/de_ch\/mobile-terrasse-nach-mas\/konfigurationen\/mobile-terrasse-schwimmbad-schublade\/","og_site_name":"Terrasse mobile","article_modified_time":"2025-11-25T14:52:47+00:00","og_image":[{"width":2000,"height":1500,"url":"https:\/\/terrasse-mobile.net\/wp-content\/uploads\/2024\/02\/REAL-SABOURAULT-PISCINE-2.jpg","type":"image\/jpeg"}],"twitter_card":"summary_large_image","twitter_misc":{"Gesch\u00e4tzte Lesezeit":"1\u00a0Minute"},"schema":{"@context":"https:\/\/schema.org","@graph":[{"@type":"WebPage","@id":"https:\/\/terrasse-mobile.net\/terrasse-mobile-sur-mesure\/configurations\/terrasse-mobile-piscine-tiroir\/","url":"https:\/\/terrasse-mobile.net\/terrasse-mobile-sur-mesure\/configurations\/terrasse-mobile-piscine-tiroir\/","name":"Die mobile Ausziehterrasse (oder Schiebeterrasse)","isPartOf":{"@id":"https:\/\/terrasse-mobile.net\/#website"},"primaryImageOfPage":{"@id":"https:\/\/terrasse-mobile.net\/terrasse-mobile-sur-mesure\/configurations\/terrasse-mobile-piscine-tiroir\/#primaryimage"},"image":{"@id":"https:\/\/terrasse-mobile.net\/terrasse-mobile-sur-mesure\/configurations\/terrasse-mobile-piscine-tiroir\/#primaryimage"},"thumbnailUrl":"https:\/\/terrasse-mobile.net\/wp-content\/uploads\/2024\/02\/REAL-SABOURAULT-PISCINE-2.jpg","datePublished":"2024-10-02T12:46:27+00:00","dateModified":"2025-11-25T14:52:47+00:00","description":"Die mobile Ausziehterrasse ist das originellste Modell. Dieses Modell ist sehr \u00e4sthetisch und eignet sich besonders f\u00fcr begrenzte Platzverh\u00e4ltnisse.","breadcrumb":{"@id":"https:\/\/terrasse-mobile.net\/terrasse-mobile-sur-mesure\/configurations\/terrasse-mobile-piscine-tiroir\/#breadcrumb"},"inLanguage":"de-CH","potentialAction":[{"@type":"ReadAction","target":["https:\/\/terrasse-mobile.net\/terrasse-mobile-sur-mesure\/configurations\/terrasse-mobile-piscine-tiroir\/"]}]},{"@type":"ImageObject","inLanguage":"de-CH","@id":"https:\/\/terrasse-mobile.net\/terrasse-mobile-sur-mesure\/configurations\/terrasse-mobile-piscine-tiroir\/#primaryimage","url":"https:\/\/terrasse-mobile.net\/wp-content\/uploads\/2024\/02\/REAL-SABOURAULT-PISCINE-2.jpg","contentUrl":"https:\/\/terrasse-mobile.net\/wp-content\/uploads\/2024\/02\/REAL-SABOURAULT-PISCINE-2.jpg","width":2000,"height":1500,"caption":"DCIM100MEDIADJI_0365.JPG"},{"@type":"BreadcrumbList","@id":"https:\/\/terrasse-mobile.net\/terrasse-mobile-sur-mesure\/configurations\/terrasse-mobile-piscine-tiroir\/#breadcrumb","itemListElement":[{"@type":"ListItem","position":1,"name":"Accueil","item":"https:\/\/terrasse-mobile.net\/"},{"@type":"ListItem","position":2,"name":"LA TERRASSE MOBILE SUR-MESURE POUR PISCINE","item":"https:\/\/terrasse-mobile.net\/terrasse-mobile-sur-mesure\/"},{"@type":"ListItem","position":3,"name":"LES CONFIGURATIONS DE TERRASSE MOBILE SLIDEDECK","item":"https:\/\/terrasse-mobile.net\/terrasse-mobile-sur-mesure\/configurations\/"},{"@type":"ListItem","position":4,"name":"LA TERRASSE MOBILE GIGOGNE (OU EN TIROIR)"}]},{"@type":"WebSite","@id":"https:\/\/terrasse-mobile.net\/#website","url":"https:\/\/terrasse-mobile.net\/","name":"Slidedeck","description":"Ma\u00dfgeschneiderte Konstruktion von mobilen Terrassen in der \u00cele-de-France","publisher":{"@id":"https:\/\/terrasse-mobile.net\/#organization"},"potentialAction":[{"@type":"SearchAction","target":{"@type":"EntryPoint","urlTemplate":"https:\/\/terrasse-mobile.net\/?s={search_term_string}"},"query-input":{"@type":"PropertyValueSpecification","valueRequired":true,"valueName":"search_term_string"}}],"inLanguage":"de-CH"},{"@type":"Organization","@id":"https:\/\/terrasse-mobile.net\/#organization","name":"Slidedeck","url":"https:\/\/terrasse-mobile.net\/","logo":{"@type":"ImageObject","inLanguage":"de-CH","@id":"https:\/\/terrasse-mobile.net\/#\/schema\/logo\/image\/","url":"https:\/\/terrasse-mobile.net\/wp-content\/uploads\/2024\/01\/logo-slidedeck.jpg","contentUrl":"https:\/\/terrasse-mobile.net\/wp-content\/uploads\/2024\/01\/logo-slidedeck.jpg","width":2000,"height":1103,"caption":"Slidedeck"},"image":{"@id":"https:\/\/terrasse-mobile.net\/#\/schema\/logo\/image\/"}}]}},"_links":{"self":[{"href":"https:\/\/terrasse-mobile.net\/de_ch\/wp-json\/wp\/v2\/pages\/5550","targetHints":{"allow":["GET"]}}],"collection":[{"href":"https:\/\/terrasse-mobile.net\/de_ch\/wp-json\/wp\/v2\/pages"}],"about":[{"href":"https:\/\/terrasse-mobile.net\/de_ch\/wp-json\/wp\/v2\/types\/page"}],"author":[{"embeddable":true,"href":"https:\/\/terrasse-mobile.net\/de_ch\/wp-json\/wp\/v2\/users\/1"}],"replies":[{"embeddable":true,"href":"https:\/\/terrasse-mobile.net\/de_ch\/wp-json\/wp\/v2\/comments?post=5550"}],"version-history":[{"count":10,"href":"https:\/\/terrasse-mobile.net\/de_ch\/wp-json\/wp\/v2\/pages\/5550\/revisions"}],"predecessor-version":[{"id":7288,"href":"https:\/\/terrasse-mobile.net\/de_ch\/wp-json\/wp\/v2\/pages\/5550\/revisions\/7288"}],"up":[{"embeddable":true,"href":"https:\/\/terrasse-mobile.net\/de_ch\/wp-json\/wp\/v2\/pages\/5532"}],"wp:featuredmedia":[{"embeddable":true,"href":"https:\/\/terrasse-mobile.net\/de_ch\/wp-json\/wp\/v2\/media\/3640"}],"wp:attachment":[{"href":"https:\/\/terrasse-mobile.net\/de_ch\/wp-json\/wp\/v2\/media?parent=5550"}],"wp:term":[{"taxonomy":"folder","embeddable":true,"href":"https:\/\/terrasse-mobile.net\/de_ch\/wp-json\/wp\/v2\/folder?post=5550"}],"curies":[{"name":"wp","href":"https:\/\/api.w.org\/{rel}","templated":true}]}}