{"id":5585,"date":"2024-10-02T14:45:42","date_gmt":"2024-10-02T12:45:42","guid":{"rendered":"https:\/\/terrasse-mobile.net\/?page_id=5585"},"modified":"2025-11-25T15:42:28","modified_gmt":"2025-11-25T14:42:28","slug":"installation-wartung","status":"publish","type":"page","link":"https:\/\/terrasse-mobile.net\/de_ch\/slidedeck\/installation-entretien\/","title":{"rendered":"INSTALLATION DER MOBILEN TERRASSE SLIDEDECK"},"content":{"rendered":"<h2 class=\"wp-block-heading has-text-align-center\">INSTALLATION DE VOTRE TERRASSE MOBILE <\/h2>\n\n\n\n<p class=\"has-text-align-center\">Entdecken Sie unsere Installationsoptionen f\u00fcr die mobile Terrasse SlideDeck sowie unsere Pflegetipps ...<\/p>\n\n\n<style>.wp-block-kadence-advancedgallery .kb-gallery-type-grid.kb-gallery-id-5585_804940-a5{margin:-5px;}.kb-gallery-type-grid.kb-gallery-id-5585_804940-a5 .kadence-blocks-gallery-item{padding:5px;}.kb-gallery-id-5585_804940-a5 .kadence-blocks-gallery-item .kb-gal-image-radius, .kb-gallery-id-5585_804940-a5 .kb-slide-item .kb-gal-image-radius img{border-radius:0px 0px 0px 0px;;}.wp-block-kadence-advancedgallery.kb-gallery-wrap-id-5585_804940-a5{overflow:visible;}.kb-gallery-id-5585_804940-a5 .kadence-blocks-gallery-item .kb-gal-image-radius, .kb-gallery-id-5585_804940-a5 .kadence-blocks-gallery-thumb-item .kb-gal-image-radius{box-shadow:4px 2px 14px 0px rgba(0, 0, 0, 0.2);}.kb-gallery-id-5585_804940-a5 .kadence-blocks-gallery-item:hover .kb-gal-image-radius, .kb-gallery-id-5585_804940-a5 .kadence-blocks-gallery-thumb-item:hover .kb-gal-image-radius{box-shadow:20px 20px 30px 0px rgba(0, 0, 0, 0.2);}.kb-gallery-id-5585_804940-a5 .kadence-blocks-gallery-item .kadence-blocks-gallery-item-inner .kadence-blocks-gallery-item__caption{font-size:var(--global-kb-font-size-md, 1.25rem);font-weight:700;text-transform:uppercase;}.kb-gallery-caption-style-bottom.kb-gallery-id-5585_804940-a5 .kadence-blocks-gallery-item .kadence-blocks-gallery-item-inner .kadence-blocks-gallery-item__caption, .kb-gallery-caption-style-bottom-hover.kb-gallery-id-5585_804940-a5 .kadence-blocks-gallery-item .kadence-blocks-gallery-item-inner .kadence-blocks-gallery-item__caption{background:linear-gradient(0deg, rgba(0, 0, 0, 0.5) 0, rgba(0, 0, 0, 0) 100%);}<\/style><div class=\"kb-gallery-wrap-id-5585_804940-a5 alignnone wp-block-kadence-advancedgallery\"><ul class=\"kb-gallery-ul kb-gallery-non-static kb-gallery-type-grid kb-gallery-id-5585_804940-a5 kb-gallery-caption-style-bottom kb-gallery-filter-none\" data-image-filter=\"none\" data-item-selector=\".kadence-blocks-gallery-item\" data-lightbox-caption=\"true\" data-columns-xxl=\"3\" data-columns-xl=\"3\" data-columns-md=\"3\" data-columns-sm=\"2\" data-columns-xs=\"1\" data-columns-ss=\"1\"><li class=\"kadence-blocks-gallery-item\"><div class=\"kadence-blocks-gallery-item-inner\"><figure class=\"kb-gallery-figure kb-gallery-item-has-link kadence-blocks-gallery-item-has-caption\"><a href=\"https:\/\/terrasse-mobile.net\/de_ch\/installation-wartung\/schiebeterrasse-mit-10-jahren-garantie\/\" class=\"kb-gallery-item-link\"  ><div class=\"kb-gal-image-radius\"><div class=\"kb-gallery-image-contain kadence-blocks-gallery-intrinsic kb-gallery-image-ratio-land32 kb-has-image-ratio-land32\" ><img decoding=\"async\" src=\"https:\/\/terrasse-mobile.net\/wp-content\/uploads\/2025\/10\/REAL-SABOURAULT-PISCINE-2-1.webp\" width=\"799\" height=\"599\" alt=\"Installation Ihrer mobilen Terrasse durch unsere Profis\" data-full-image=\"https:\/\/terrasse-mobile.net\/wp-content\/uploads\/2025\/10\/REAL-SABOURAULT-PISCINE-2-1.webp\" data-light-image=\"https:\/\/terrasse-mobile.net\/wp-content\/uploads\/2025\/10\/REAL-SABOURAULT-PISCINE-2-1.webp\" data-id=\"6889\" class=\"wp-image-6889\" srcset=\"https:\/\/terrasse-mobile.net\/wp-content\/uploads\/2025\/10\/REAL-SABOURAULT-PISCINE-2-1.webp 799w, https:\/\/terrasse-mobile.net\/wp-content\/uploads\/2025\/10\/REAL-SABOURAULT-PISCINE-2-1-300x225.webp 300w, https:\/\/terrasse-mobile.net\/wp-content\/uploads\/2025\/10\/REAL-SABOURAULT-PISCINE-2-1-768x576.webp 768w, https:\/\/terrasse-mobile.net\/wp-content\/uploads\/2025\/10\/REAL-SABOURAULT-PISCINE-2-1-50x37.webp 50w\" sizes=\"(max-width: 799px) 100vw, 799px\" \/><\/div><div class=\"kadence-blocks-gallery-item__caption\">Installation Ihrer mobilen Terrasse durch unsere Profis<\/div><\/div><\/a><\/figure><\/div><\/li><li class=\"kadence-blocks-gallery-item\"><div class=\"kadence-blocks-gallery-item-inner\"><figure class=\"kb-gallery-figure kb-gallery-item-has-link kadence-blocks-gallery-item-has-caption\"><a href=\"https:\/\/terrasse-mobile.net\/de_ch\/installation-wartung\/mobile-terrasse-als-bausatz-fur-ein-schwimmbad\/\" class=\"kb-gallery-item-link\"  ><div class=\"kb-gal-image-radius\"><div class=\"kb-gallery-image-contain kadence-blocks-gallery-intrinsic kb-gallery-image-ratio-land32 kb-has-image-ratio-land32\" ><img decoding=\"async\" src=\"https:\/\/terrasse-mobile.net\/wp-content\/uploads\/2025\/10\/rea-montain00007-1.webp\" width=\"999\" height=\"662\" alt=\"Modelle f\u00fcr mobile Terrassen\" data-full-image=\"https:\/\/terrasse-mobile.net\/wp-content\/uploads\/2025\/10\/rea-montain00007-1.webp\" data-light-image=\"https:\/\/terrasse-mobile.net\/wp-content\/uploads\/2025\/10\/rea-montain00007-1.webp\" data-id=\"6885\" class=\"wp-image-6885\" srcset=\"https:\/\/terrasse-mobile.net\/wp-content\/uploads\/2025\/10\/rea-montain00007-1.webp 999w, https:\/\/terrasse-mobile.net\/wp-content\/uploads\/2025\/10\/rea-montain00007-1-300x199.webp 300w, https:\/\/terrasse-mobile.net\/wp-content\/uploads\/2025\/10\/rea-montain00007-1-768x509.webp 768w, https:\/\/terrasse-mobile.net\/wp-content\/uploads\/2025\/10\/rea-montain00007-1-50x33.webp 50w\" sizes=\"(max-width: 999px) 100vw, 999px\" \/><\/div><div class=\"kadence-blocks-gallery-item__caption\">les mod\u00e8les<br>von mobilen Terrassen<\/div><\/div><\/a><\/figure><\/div><\/li><li class=\"kadence-blocks-gallery-item\"><div class=\"kadence-blocks-gallery-item-inner\"><figure class=\"kb-gallery-figure kb-gallery-item-has-link kadence-blocks-gallery-item-has-caption\"><a href=\"https:\/\/terrasse-mobile.net\/de_ch\/installation-wartung\/wie-man-eine-mobile-terrasse-fur-den-pool-baut\/\" class=\"kb-gallery-item-link\"  ><div class=\"kb-gal-image-radius\"><div class=\"kb-gallery-image-contain kadence-blocks-gallery-intrinsic kb-gallery-image-ratio-land32 kb-has-image-ratio-land32\" ><img decoding=\"async\" src=\"https:\/\/terrasse-mobile.net\/wp-content\/uploads\/2025\/10\/REA-BERTAGNE-FINAL-07.webp\" width=\"599\" height=\"397\" alt=\"Voraussetzungen vor der Installation von SlideDeck\" data-full-image=\"https:\/\/terrasse-mobile.net\/wp-content\/uploads\/2025\/10\/REA-BERTAGNE-FINAL-07.webp\" data-light-image=\"https:\/\/terrasse-mobile.net\/wp-content\/uploads\/2025\/10\/REA-BERTAGNE-FINAL-07.webp\" data-id=\"6886\" class=\"wp-image-6886\" srcset=\"https:\/\/terrasse-mobile.net\/wp-content\/uploads\/2025\/10\/REA-BERTAGNE-FINAL-07.webp 599w, https:\/\/terrasse-mobile.net\/wp-content\/uploads\/2025\/10\/REA-BERTAGNE-FINAL-07-300x199.webp 300w, https:\/\/terrasse-mobile.net\/wp-content\/uploads\/2025\/10\/REA-BERTAGNE-FINAL-07-50x33.webp 50w\" sizes=\"(max-width: 599px) 100vw, 599px\" \/><\/div><div class=\"kadence-blocks-gallery-item__caption\">Les pr\u00e9requis avant l&rsquo;installation du SlideDeck<\/div><\/div><\/a><\/figure><\/div><\/li><\/ul><\/div>\n\n\n<div class=\"wp-block-columns is-layout-flex wp-container-core-columns-is-layout-9d6595d7 wp-block-columns-is-layout-flex\">\n<div class=\"wp-block-column is-layout-flow wp-block-column-is-layout-flow\">\n<p>Nos \u00e9quipes installent votre terrasse mobile, cl\u00e9s en main, partout en \u00cele-de-France<\/p>\n<\/div>\n\n\n\n<div class=\"wp-block-column is-layout-flow wp-block-column-is-layout-flow\">\n<p>Wir verkaufen auch die mobile Terrasse SlideDeck als Bausatz, den Sie selbst aufstellen k\u00f6nnen ...<\/p>\n<\/div>\n\n\n\n<div class=\"wp-block-column is-layout-flow wp-block-column-is-layout-flow\">\n<p>D\u00e9couvrez les pr\u00e9requis \u00e0 prendre en compte avant l&rsquo;installation du SlideDeck<\/p>\n<\/div>\n<\/div>\n\n\n<style>.wp-block-kadence-advancedgallery .kb-gallery-type-grid.kb-gallery-id-5585_2460a0-e1{margin:-5px;}.kb-gallery-type-grid.kb-gallery-id-5585_2460a0-e1 .kadence-blocks-gallery-item{padding:5px;}.kb-gallery-id-5585_2460a0-e1 .kadence-blocks-gallery-item .kb-gal-image-radius, .kb-gallery-id-5585_2460a0-e1 .kb-slide-item .kb-gal-image-radius img{border-radius:0px 0px 0px 0px;;}.wp-block-kadence-advancedgallery.kb-gallery-wrap-id-5585_2460a0-e1{overflow:visible;}.kb-gallery-id-5585_2460a0-e1 .kadence-blocks-gallery-item .kb-gal-image-radius, .kb-gallery-id-5585_2460a0-e1 .kadence-blocks-gallery-thumb-item .kb-gal-image-radius{box-shadow:4px 2px 14px 0px rgba(0, 0, 0, 0.2);}.kb-gallery-id-5585_2460a0-e1 .kadence-blocks-gallery-item:hover .kb-gal-image-radius, .kb-gallery-id-5585_2460a0-e1 .kadence-blocks-gallery-thumb-item:hover .kb-gal-image-radius{box-shadow:20px 20px 30px 0px rgba(0, 0, 0, 0.2);}.kb-gallery-id-5585_2460a0-e1 .kadence-blocks-gallery-item .kadence-blocks-gallery-item-inner .kadence-blocks-gallery-item__caption{font-size:var(--global-kb-font-size-md, 1.25rem);font-weight:700;text-transform:uppercase;}.kb-gallery-caption-style-bottom.kb-gallery-id-5585_2460a0-e1 .kadence-blocks-gallery-item .kadence-blocks-gallery-item-inner .kadence-blocks-gallery-item__caption, .kb-gallery-caption-style-bottom-hover.kb-gallery-id-5585_2460a0-e1 .kadence-blocks-gallery-item .kadence-blocks-gallery-item-inner .kadence-blocks-gallery-item__caption{background:linear-gradient(0deg, rgba(0, 0, 0, 0.5) 0, rgba(0, 0, 0, 0) 100%);}<\/style><div class=\"kb-gallery-wrap-id-5585_2460a0-e1 alignnone wp-block-kadence-advancedgallery\"><ul class=\"kb-gallery-ul kb-gallery-non-static kb-gallery-type-grid kb-gallery-id-5585_2460a0-e1 kb-gallery-caption-style-bottom kb-gallery-filter-none\" data-image-filter=\"none\" data-item-selector=\".kadence-blocks-gallery-item\" data-lightbox-caption=\"true\" data-columns-xxl=\"3\" data-columns-xl=\"3\" data-columns-md=\"3\" data-columns-sm=\"2\" data-columns-xs=\"1\" data-columns-ss=\"1\"><li class=\"kadence-blocks-gallery-item\"><div class=\"kadence-blocks-gallery-item-inner\"><figure class=\"kb-gallery-figure kb-gallery-item-has-link kadence-blocks-gallery-item-has-caption\"><a href=\"https:\/\/terrasse-mobile.net\/de_ch\/installation-wartung\/pflege-der-schiebeterrasse\/\" class=\"kb-gallery-item-link\"  ><div class=\"kb-gal-image-radius\"><div class=\"kb-gallery-image-contain kadence-blocks-gallery-intrinsic kb-gallery-image-ratio-land32 kb-has-image-ratio-land32\" ><img decoding=\"async\" src=\"https:\/\/terrasse-mobile.net\/wp-content\/uploads\/2025\/10\/REAL-ROUFFAUT-PISCINE-AVEC-TERRASSE-MOBILE-2.webp\" width=\"1000\" height=\"750\" alt=\"Pflege der mobilen SlideDeck-Terrasse\" data-full-image=\"https:\/\/terrasse-mobile.net\/wp-content\/uploads\/2025\/10\/REAL-ROUFFAUT-PISCINE-AVEC-TERRASSE-MOBILE-2.webp\" data-light-image=\"https:\/\/terrasse-mobile.net\/wp-content\/uploads\/2025\/10\/REAL-ROUFFAUT-PISCINE-AVEC-TERRASSE-MOBILE-2.webp\" data-id=\"6888\" class=\"wp-image-6888\" srcset=\"https:\/\/terrasse-mobile.net\/wp-content\/uploads\/2025\/10\/REAL-ROUFFAUT-PISCINE-AVEC-TERRASSE-MOBILE-2.webp 1000w, https:\/\/terrasse-mobile.net\/wp-content\/uploads\/2025\/10\/REAL-ROUFFAUT-PISCINE-AVEC-TERRASSE-MOBILE-2-300x225.webp 300w, https:\/\/terrasse-mobile.net\/wp-content\/uploads\/2025\/10\/REAL-ROUFFAUT-PISCINE-AVEC-TERRASSE-MOBILE-2-768x576.webp 768w, https:\/\/terrasse-mobile.net\/wp-content\/uploads\/2025\/10\/REAL-ROUFFAUT-PISCINE-AVEC-TERRASSE-MOBILE-2-50x38.webp 50w\" sizes=\"(max-width: 1000px) 100vw, 1000px\" \/><\/div><div class=\"kadence-blocks-gallery-item__caption\">Pflege der mobilen SlideDeck-Terrasse<\/div><\/div><\/a><\/figure><\/div><\/li><li class=\"kadence-blocks-gallery-item\"><div class=\"kadence-blocks-gallery-item-inner\"><figure class=\"kb-gallery-figure kb-gallery-item-has-link kadence-blocks-gallery-item-has-caption\"><a href=\"https:\/\/terrasse-mobile.net\/de_ch\/slidedeck\/installation-wartung\/die-montage-ihrer-mobilen-terrasse\/\" class=\"kb-gallery-item-link\"  ><div class=\"kb-gal-image-radius\"><div class=\"kb-gallery-image-contain kadence-blocks-gallery-intrinsic kb-gallery-image-ratio-land32 kb-has-image-ratio-land32\" ><img decoding=\"async\" src=\"https:\/\/terrasse-mobile.net\/wp-content\/uploads\/2025\/10\/MONTAGE-SLIDEDECK-00019.webp\" width=\"600\" height=\"450\" alt=\"Posez vous m\u00eame votre terrasse mobile\" data-full-image=\"https:\/\/terrasse-mobile.net\/wp-content\/uploads\/2025\/10\/MONTAGE-SLIDEDECK-00019.webp\" data-light-image=\"https:\/\/terrasse-mobile.net\/wp-content\/uploads\/2025\/10\/MONTAGE-SLIDEDECK-00019.webp\" data-id=\"6896\" class=\"wp-image-6896\" srcset=\"https:\/\/terrasse-mobile.net\/wp-content\/uploads\/2025\/10\/MONTAGE-SLIDEDECK-00019.webp 600w, https:\/\/terrasse-mobile.net\/wp-content\/uploads\/2025\/10\/MONTAGE-SLIDEDECK-00019-300x225.webp 300w, https:\/\/terrasse-mobile.net\/wp-content\/uploads\/2025\/10\/MONTAGE-SLIDEDECK-00019-50x38.webp 50w\" sizes=\"(max-width: 600px) 100vw, 600px\" \/><\/div><div class=\"kadence-blocks-gallery-item__caption\">Stellen Sie selbst Ihre <br>mobile Terrasse <\/div><\/div><\/a><\/figure><\/div><\/li><li class=\"kadence-blocks-gallery-item\"><div class=\"kadence-blocks-gallery-item-inner\"><figure class=\"kb-gallery-figure kb-gallery-item-has-link kadence-blocks-gallery-item-has-caption\"><a href=\"https:\/\/terrasse-mobile.net\/de_ch\/implementierungsleitfaden\/\" class=\"kb-gallery-item-link\"  ><div class=\"kb-gal-image-radius\"><div class=\"kb-gallery-image-contain kadence-blocks-gallery-intrinsic kb-gallery-image-ratio-land32 kb-has-image-ratio-land32\" ><img decoding=\"async\" src=\"https:\/\/terrasse-mobile.net\/wp-content\/uploads\/2025\/10\/REAL-DUTHION-PISCINE3-3.webp\" width=\"1000\" height=\"667\" alt=\"Guide de mise en \u0153uvre\" data-full-image=\"https:\/\/terrasse-mobile.net\/wp-content\/uploads\/2025\/10\/REAL-DUTHION-PISCINE3-3.webp\" data-light-image=\"https:\/\/terrasse-mobile.net\/wp-content\/uploads\/2025\/10\/REAL-DUTHION-PISCINE3-3.webp\" data-id=\"7124\" class=\"wp-image-7124\" srcset=\"https:\/\/terrasse-mobile.net\/wp-content\/uploads\/2025\/10\/REAL-DUTHION-PISCINE3-3.webp 1000w, https:\/\/terrasse-mobile.net\/wp-content\/uploads\/2025\/10\/REAL-DUTHION-PISCINE3-3-300x200.webp 300w, https:\/\/terrasse-mobile.net\/wp-content\/uploads\/2025\/10\/REAL-DUTHION-PISCINE3-3-768x512.webp 768w, https:\/\/terrasse-mobile.net\/wp-content\/uploads\/2025\/10\/REAL-DUTHION-PISCINE3-3-50x33.webp 50w\" sizes=\"(max-width: 1000px) 100vw, 1000px\" \/><\/div><div class=\"kadence-blocks-gallery-item__caption\">Guide de mise <br>en oeuvre <\/div><\/div><\/a><\/figure><\/div><\/li><\/ul><\/div>\n\n\n<div class=\"wp-block-columns is-layout-flex wp-container-core-columns-is-layout-9d6595d7 wp-block-columns-is-layout-flex\">\n<div class=\"wp-block-column is-layout-flow wp-block-column-is-layout-flow\">\n<p>Entdecken Sie unsere Tipps zur Pflege Ihrer mobilen SlideDeck Terrasse ...<\/p>\n<\/div>\n\n\n\n<div class=\"wp-block-column is-layout-flow wp-block-column-is-layout-flow\">\n<p>Commandez votre terrasse mobile en kit sur mesure installez la vous m\u00eame.<\/p>\n<\/div>\n\n\n\n<div class=\"wp-block-column is-layout-flow wp-block-column-is-layout-flow\"><\/div>\n<\/div>\n\n\n\n<p><\/p>","protected":false},"excerpt":{"rendered":"<p>INSTALLATION DE VOTRE TERRASSE MOBILE D\u00e9couvrez nos options d&rsquo;installation pour la terrasse mobile SlideDeck, ainsi que nos conseils d&rsquo;entretien &#8230; Nos \u00e9quipes installent votre terrasse mobile, cl\u00e9s en main, partout en \u00cele-de-France Nous vendons \u00e9galement la terrasse mobile SlideDeck en kit, \u00e0 installer par vos soins &#8230; D\u00e9couvrez les pr\u00e9requis \u00e0 prendre en compte avant&#8230;<\/p>","protected":false},"author":1,"featured_media":3640,"parent":5956,"menu_order":15,"comment_status":"closed","ping_status":"closed","template":"","meta":{"_kad_post_transparent":"","_kad_post_title":"","_kad_post_layout":"","_kad_post_sidebar_id":"","_kad_post_content_style":"","_kad_post_vertical_padding":"","_kad_post_feature":"","_kad_post_feature_position":"","_kad_post_header":false,"_kad_post_footer":false,"_kad_post_classname":"","footnotes":""},"folder":[],"class_list":["post-5585","page","type-page","status-publish","has-post-thumbnail","hentry"],"yoast_head":"<!-- This site is optimized with the Yoast SEO plugin v27.3 - https:\/\/yoast.com\/product\/yoast-seo-wordpress\/ -->\n<title>Installer et entretenir la terrasse mobile de votre piscine<\/title>\n<meta name=\"description\" content=\"Nous pouvons construire votre terrasse mobile, ou bien vous la fournir en kit. L&#039;installer soi-m\u00eame est un jeu d&#039;enfant.\" \/>\n<meta name=\"robots\" content=\"index, follow, max-snippet:-1, max-image-preview:large, max-video-preview:-1\" \/>\n<link rel=\"canonical\" href=\"https:\/\/terrasse-mobile.net\/de_ch\/slidedeck\/installation-wartung\/\" \/>\n<meta property=\"og:locale\" content=\"de_DE\" \/>\n<meta property=\"og:type\" content=\"article\" \/>\n<meta property=\"og:title\" content=\"Installer et entretenir la terrasse mobile de votre piscine\" \/>\n<meta property=\"og:description\" content=\"Nous pouvons construire votre terrasse mobile, ou bien vous la fournir en kit. L&#039;installer soi-m\u00eame est un jeu d&#039;enfant.\" \/>\n<meta property=\"og:url\" content=\"https:\/\/terrasse-mobile.net\/de_ch\/slidedeck\/installation-wartung\/\" \/>\n<meta property=\"og:site_name\" content=\"Terrasse mobile\" \/>\n<meta property=\"article:modified_time\" content=\"2025-11-25T14:42:28+00:00\" \/>\n<meta property=\"og:image\" content=\"https:\/\/terrasse-mobile.net\/wp-content\/uploads\/2024\/02\/REAL-SABOURAULT-PISCINE-2.jpg\" \/>\n\t<meta property=\"og:image:width\" content=\"2000\" \/>\n\t<meta property=\"og:image:height\" content=\"1500\" \/>\n\t<meta property=\"og:image:type\" content=\"image\/jpeg\" \/>\n<meta name=\"twitter:card\" content=\"summary_large_image\" \/>\n<meta name=\"twitter:label1\" content=\"Gesch\u00e4tzte Lesezeit\" \/>\n\t<meta name=\"twitter:data1\" content=\"1\u00a0Minute\" \/>\n<script type=\"application\/ld+json\" class=\"yoast-schema-graph\">{\"@context\":\"https:\\\/\\\/schema.org\",\"@graph\":[{\"@type\":\"WebPage\",\"@id\":\"https:\\\/\\\/terrasse-mobile.net\\\/slidedeck\\\/installation-entretien\\\/\",\"url\":\"https:\\\/\\\/terrasse-mobile.net\\\/slidedeck\\\/installation-entretien\\\/\",\"name\":\"Installer et entretenir la terrasse mobile de votre piscine\",\"isPartOf\":{\"@id\":\"https:\\\/\\\/terrasse-mobile.net\\\/#website\"},\"primaryImageOfPage\":{\"@id\":\"https:\\\/\\\/terrasse-mobile.net\\\/slidedeck\\\/installation-entretien\\\/#primaryimage\"},\"image\":{\"@id\":\"https:\\\/\\\/terrasse-mobile.net\\\/slidedeck\\\/installation-entretien\\\/#primaryimage\"},\"thumbnailUrl\":\"https:\\\/\\\/terrasse-mobile.net\\\/wp-content\\\/uploads\\\/2024\\\/02\\\/REAL-SABOURAULT-PISCINE-2.jpg\",\"datePublished\":\"2024-10-02T12:45:42+00:00\",\"dateModified\":\"2025-11-25T14:42:28+00:00\",\"description\":\"Nous pouvons construire votre terrasse mobile, ou bien vous la fournir en kit. L'installer soi-m\u00eame est un jeu d'enfant.\",\"breadcrumb\":{\"@id\":\"https:\\\/\\\/terrasse-mobile.net\\\/slidedeck\\\/installation-entretien\\\/#breadcrumb\"},\"inLanguage\":\"de-CH\",\"potentialAction\":[{\"@type\":\"ReadAction\",\"target\":[\"https:\\\/\\\/terrasse-mobile.net\\\/slidedeck\\\/installation-entretien\\\/\"]}]},{\"@type\":\"ImageObject\",\"inLanguage\":\"de-CH\",\"@id\":\"https:\\\/\\\/terrasse-mobile.net\\\/slidedeck\\\/installation-entretien\\\/#primaryimage\",\"url\":\"https:\\\/\\\/terrasse-mobile.net\\\/wp-content\\\/uploads\\\/2024\\\/02\\\/REAL-SABOURAULT-PISCINE-2.jpg\",\"contentUrl\":\"https:\\\/\\\/terrasse-mobile.net\\\/wp-content\\\/uploads\\\/2024\\\/02\\\/REAL-SABOURAULT-PISCINE-2.jpg\",\"width\":2000,\"height\":1500,\"caption\":\"DCIM100MEDIADJI_0365.JPG\"},{\"@type\":\"BreadcrumbList\",\"@id\":\"https:\\\/\\\/terrasse-mobile.net\\\/slidedeck\\\/installation-entretien\\\/#breadcrumb\",\"itemListElement\":[{\"@type\":\"ListItem\",\"position\":1,\"name\":\"Accueil\",\"item\":\"https:\\\/\\\/terrasse-mobile.net\\\/\"},{\"@type\":\"ListItem\",\"position\":2,\"name\":\"SLIDEDECK\",\"item\":\"https:\\\/\\\/terrasse-mobile.net\\\/slidedeck\\\/\"},{\"@type\":\"ListItem\",\"position\":3,\"name\":\"INSTALLATION DE LA TERRASSE MOBILE SLIDEDECK\"}]},{\"@type\":\"WebSite\",\"@id\":\"https:\\\/\\\/terrasse-mobile.net\\\/#website\",\"url\":\"https:\\\/\\\/terrasse-mobile.net\\\/\",\"name\":\"Slidedeck\",\"description\":\"Construction sur mesure de terrasses mobiles en \u00cele-de-France\",\"publisher\":{\"@id\":\"https:\\\/\\\/terrasse-mobile.net\\\/#organization\"},\"potentialAction\":[{\"@type\":\"SearchAction\",\"target\":{\"@type\":\"EntryPoint\",\"urlTemplate\":\"https:\\\/\\\/terrasse-mobile.net\\\/?s={search_term_string}\"},\"query-input\":{\"@type\":\"PropertyValueSpecification\",\"valueRequired\":true,\"valueName\":\"search_term_string\"}}],\"inLanguage\":\"de-CH\"},{\"@type\":\"Organization\",\"@id\":\"https:\\\/\\\/terrasse-mobile.net\\\/#organization\",\"name\":\"Slidedeck\",\"url\":\"https:\\\/\\\/terrasse-mobile.net\\\/\",\"logo\":{\"@type\":\"ImageObject\",\"inLanguage\":\"de-CH\",\"@id\":\"https:\\\/\\\/terrasse-mobile.net\\\/#\\\/schema\\\/logo\\\/image\\\/\",\"url\":\"https:\\\/\\\/terrasse-mobile.net\\\/wp-content\\\/uploads\\\/2024\\\/01\\\/logo-slidedeck.jpg\",\"contentUrl\":\"https:\\\/\\\/terrasse-mobile.net\\\/wp-content\\\/uploads\\\/2024\\\/01\\\/logo-slidedeck.jpg\",\"width\":2000,\"height\":1103,\"caption\":\"Slidedeck\"},\"image\":{\"@id\":\"https:\\\/\\\/terrasse-mobile.net\\\/#\\\/schema\\\/logo\\\/image\\\/\"}}]}<\/script>\n<!-- \/ Yoast SEO plugin. -->","yoast_head_json":{"title":"Installer et entretenir la terrasse mobile de votre piscine","description":"Nous pouvons construire votre terrasse mobile, ou bien vous la fournir en kit. L'installer soi-m\u00eame est un jeu d'enfant.","robots":{"index":"index","follow":"follow","max-snippet":"max-snippet:-1","max-image-preview":"max-image-preview:large","max-video-preview":"max-video-preview:-1"},"canonical":"https:\/\/terrasse-mobile.net\/de_ch\/slidedeck\/installation-wartung\/","og_locale":"de_DE","og_type":"article","og_title":"Installer et entretenir la terrasse mobile de votre piscine","og_description":"Nous pouvons construire votre terrasse mobile, ou bien vous la fournir en kit. L'installer soi-m\u00eame est un jeu d'enfant.","og_url":"https:\/\/terrasse-mobile.net\/de_ch\/slidedeck\/installation-wartung\/","og_site_name":"Terrasse mobile","article_modified_time":"2025-11-25T14:42:28+00:00","og_image":[{"width":2000,"height":1500,"url":"https:\/\/terrasse-mobile.net\/wp-content\/uploads\/2024\/02\/REAL-SABOURAULT-PISCINE-2.jpg","type":"image\/jpeg"}],"twitter_card":"summary_large_image","twitter_misc":{"Gesch\u00e4tzte Lesezeit":"1\u00a0Minute"},"schema":{"@context":"https:\/\/schema.org","@graph":[{"@type":"WebPage","@id":"https:\/\/terrasse-mobile.net\/slidedeck\/installation-entretien\/","url":"https:\/\/terrasse-mobile.net\/slidedeck\/installation-entretien\/","name":"Installer et entretenir la terrasse mobile de votre piscine","isPartOf":{"@id":"https:\/\/terrasse-mobile.net\/#website"},"primaryImageOfPage":{"@id":"https:\/\/terrasse-mobile.net\/slidedeck\/installation-entretien\/#primaryimage"},"image":{"@id":"https:\/\/terrasse-mobile.net\/slidedeck\/installation-entretien\/#primaryimage"},"thumbnailUrl":"https:\/\/terrasse-mobile.net\/wp-content\/uploads\/2024\/02\/REAL-SABOURAULT-PISCINE-2.jpg","datePublished":"2024-10-02T12:45:42+00:00","dateModified":"2025-11-25T14:42:28+00:00","description":"Nous pouvons construire votre terrasse mobile, ou bien vous la fournir en kit. L'installer soi-m\u00eame est un jeu d'enfant.","breadcrumb":{"@id":"https:\/\/terrasse-mobile.net\/slidedeck\/installation-entretien\/#breadcrumb"},"inLanguage":"de-CH","potentialAction":[{"@type":"ReadAction","target":["https:\/\/terrasse-mobile.net\/slidedeck\/installation-entretien\/"]}]},{"@type":"ImageObject","inLanguage":"de-CH","@id":"https:\/\/terrasse-mobile.net\/slidedeck\/installation-entretien\/#primaryimage","url":"https:\/\/terrasse-mobile.net\/wp-content\/uploads\/2024\/02\/REAL-SABOURAULT-PISCINE-2.jpg","contentUrl":"https:\/\/terrasse-mobile.net\/wp-content\/uploads\/2024\/02\/REAL-SABOURAULT-PISCINE-2.jpg","width":2000,"height":1500,"caption":"DCIM100MEDIADJI_0365.JPG"},{"@type":"BreadcrumbList","@id":"https:\/\/terrasse-mobile.net\/slidedeck\/installation-entretien\/#breadcrumb","itemListElement":[{"@type":"ListItem","position":1,"name":"Accueil","item":"https:\/\/terrasse-mobile.net\/"},{"@type":"ListItem","position":2,"name":"SLIDEDECK","item":"https:\/\/terrasse-mobile.net\/slidedeck\/"},{"@type":"ListItem","position":3,"name":"INSTALLATION DE LA TERRASSE MOBILE SLIDEDECK"}]},{"@type":"WebSite","@id":"https:\/\/terrasse-mobile.net\/#website","url":"https:\/\/terrasse-mobile.net\/","name":"Slidedeck","description":"Ma\u00dfgeschneiderte Konstruktion von mobilen Terrassen in der \u00cele-de-France","publisher":{"@id":"https:\/\/terrasse-mobile.net\/#organization"},"potentialAction":[{"@type":"SearchAction","target":{"@type":"EntryPoint","urlTemplate":"https:\/\/terrasse-mobile.net\/?s={search_term_string}"},"query-input":{"@type":"PropertyValueSpecification","valueRequired":true,"valueName":"search_term_string"}}],"inLanguage":"de-CH"},{"@type":"Organization","@id":"https:\/\/terrasse-mobile.net\/#organization","name":"Slidedeck","url":"https:\/\/terrasse-mobile.net\/","logo":{"@type":"ImageObject","inLanguage":"de-CH","@id":"https:\/\/terrasse-mobile.net\/#\/schema\/logo\/image\/","url":"https:\/\/terrasse-mobile.net\/wp-content\/uploads\/2024\/01\/logo-slidedeck.jpg","contentUrl":"https:\/\/terrasse-mobile.net\/wp-content\/uploads\/2024\/01\/logo-slidedeck.jpg","width":2000,"height":1103,"caption":"Slidedeck"},"image":{"@id":"https:\/\/terrasse-mobile.net\/#\/schema\/logo\/image\/"}}]}},"_links":{"self":[{"href":"https:\/\/terrasse-mobile.net\/de_ch\/wp-json\/wp\/v2\/pages\/5585","targetHints":{"allow":["GET"]}}],"collection":[{"href":"https:\/\/terrasse-mobile.net\/de_ch\/wp-json\/wp\/v2\/pages"}],"about":[{"href":"https:\/\/terrasse-mobile.net\/de_ch\/wp-json\/wp\/v2\/types\/page"}],"author":[{"embeddable":true,"href":"https:\/\/terrasse-mobile.net\/de_ch\/wp-json\/wp\/v2\/users\/1"}],"replies":[{"embeddable":true,"href":"https:\/\/terrasse-mobile.net\/de_ch\/wp-json\/wp\/v2\/comments?post=5585"}],"version-history":[{"count":18,"href":"https:\/\/terrasse-mobile.net\/de_ch\/wp-json\/wp\/v2\/pages\/5585\/revisions"}],"predecessor-version":[{"id":7274,"href":"https:\/\/terrasse-mobile.net\/de_ch\/wp-json\/wp\/v2\/pages\/5585\/revisions\/7274"}],"up":[{"embeddable":true,"href":"https:\/\/terrasse-mobile.net\/de_ch\/wp-json\/wp\/v2\/pages\/5956"}],"wp:featuredmedia":[{"embeddable":true,"href":"https:\/\/terrasse-mobile.net\/de_ch\/wp-json\/wp\/v2\/media\/3640"}],"wp:attachment":[{"href":"https:\/\/terrasse-mobile.net\/de_ch\/wp-json\/wp\/v2\/media?parent=5585"}],"wp:term":[{"taxonomy":"folder","embeddable":true,"href":"https:\/\/terrasse-mobile.net\/de_ch\/wp-json\/wp\/v2\/folder?post=5585"}],"curies":[{"name":"wp","href":"https:\/\/api.w.org\/{rel}","templated":true}]}}