{"id":5616,"date":"2024-10-02T14:44:31","date_gmt":"2024-10-02T12:44:39","guid":{"rendered":"https:\/\/terrasse-mobile.net\/?page_id=5616"},"modified":"2025-11-25T16:31:18","modified_gmt":"2025-11-25T15:31:18","slug":"pool-mit-beweglichem-boden","status":"publish","type":"page","link":"https:\/\/terrasse-mobile.net\/de_ch\/protections-piscine\/piscine-fond-mobile\/","title":{"rendered":"SCHWIMMB\u00c4DER MIT BEWEGLICHEM BODEN"},"content":{"rendered":"<div class=\"wp-block-group\"><div class=\"wp-block-group__inner-container is-layout-constrained wp-block-group-is-layout-constrained\">\n<div class=\"wp-block-columns is-layout-flex wp-container-core-columns-is-layout-9d6595d7 wp-block-columns-is-layout-flex\">\n<div class=\"wp-block-column is-layout-flow wp-block-column-is-layout-flow\">\n<h2 class=\"wp-block-heading\">Eine Terrasse auf einem beweglichen Boden, der bis zum Boden des Pools reicht?<br>Wie funktioniert es? Ist es zuverl\u00e4ssig?<\/h2>\n\n\n\n<p>Ein beweglicher Boden ist eine ultrainnovative Technologie. Es gibt n\u00e4mlich einen Mechanismus, mit dem der Boden des Schwimmbeckens nach unten oder oben bewegt werden kann. In der \u00abgeschlossenen\u00bb Position ist der Pool kaum zu erkennen und wir k\u00f6nnen auf dem Boden laufen, der somit als Boden fungiert. In der \u00aboffenen\u00bb Position senkt sich der Boden also in den Poolboden und man kann schwimmen und den Pool genie\u00dfen. Dieser Mechanismus funktioniert mithilfe von starken Edelstahlseilen.<\/p>\n<\/div>\n\n\n\n<div class=\"wp-block-column is-layout-flow wp-block-column-is-layout-flow\">\n<figure class=\"wp-block-image size-full\"><img decoding=\"async\" width=\"600\" height=\"391\" src=\"https:\/\/terrasse-mobile.net\/wp-content\/uploads\/2024\/02\/1-REAL-ERBI-PISCINE-1.jpg\" alt=\"pool mit beweglichem boden aqualift\" class=\"wp-image-3625\" style=\"aspect-ratio:3\/2;object-fit:cover\" srcset=\"https:\/\/terrasse-mobile.net\/wp-content\/uploads\/2024\/02\/1-REAL-ERBI-PISCINE-1.jpg 600w, https:\/\/terrasse-mobile.net\/wp-content\/uploads\/2024\/02\/1-REAL-ERBI-PISCINE-1-300x196.jpg 300w\" sizes=\"(max-width: 600px) 100vw, 600px\" \/><\/figure>\n<\/div>\n<\/div>\n<\/div><\/div>\n\n\n\n<div class=\"wp-block-group\"><div class=\"wp-block-group__inner-container is-layout-constrained wp-block-group-is-layout-constrained\">\n<div class=\"wp-block-columns is-layout-flex wp-container-core-columns-is-layout-9d6595d7 wp-block-columns-is-layout-flex\">\n<div class=\"wp-block-column is-layout-flow wp-block-column-is-layout-flow\">\n<figure class=\"wp-block-image size-full\"><img decoding=\"async\" width=\"1000\" height=\"662\" src=\"https:\/\/terrasse-mobile.net\/wp-content\/uploads\/2024\/02\/2REAL-ERBIBOU-PISCINE-A-FOND-MOBILE-2.jpg\" alt=\"beweglicher Boden Schwimmbad\" class=\"wp-image-3711\" style=\"aspect-ratio:3\/2;object-fit:cover\" srcset=\"https:\/\/terrasse-mobile.net\/wp-content\/uploads\/2024\/02\/2REAL-ERBIBOU-PISCINE-A-FOND-MOBILE-2.jpg 1000w, https:\/\/terrasse-mobile.net\/wp-content\/uploads\/2024\/02\/2REAL-ERBIBOU-PISCINE-A-FOND-MOBILE-2-300x199.jpg 300w, https:\/\/terrasse-mobile.net\/wp-content\/uploads\/2024\/02\/2REAL-ERBIBOU-PISCINE-A-FOND-MOBILE-2-768x508.jpg 768w\" sizes=\"(max-width: 1000px) 100vw, 1000px\" \/><\/figure>\n<\/div>\n\n\n\n<div class=\"wp-block-column is-layout-flow wp-block-column-is-layout-flow\">\n<h2 class=\"wp-block-heading\">Aqualift Mobile Fonds: die besten mobilen Fonds der Welt<\/h2>\n\n\n\n<p>Wir haben verschiedene Technologien f\u00fcr mobile Fonds gesehen und ausprobiert. Keine war wirklich \u00fcberzeugend.&nbsp;<\/p>\n\n\n\n<p>Systeme, die auf dem Prinzip des Auftriebs basieren, scheinen eine gute Idee zu sein, funktionieren aber letztendlich schlecht: In der oberen Position ist der schwimmende bewegliche Boden wenig stabil. Es schaukelt....Mehrmotorige Systeme sind kompliziert zu entwickeln, da die Motoren synchronisiert werden m\u00fcssen. Systeme mit Seilen, die sich um Rollen wickeln, sind unzuverl\u00e4ssig, da die Seile nicht gerne aufgerollt werden.Andere Systeme existieren und sind fast experimentell. Aus diesem Grund sind wir eine strategische Partnerschaft mit dem weltweit f\u00fchrenden Anbieter von mobilen Fonds eingegangen: <strong>AQUALIFT INDUSTRIES<\/strong>.<\/p>\n<\/div>\n<\/div>\n\n\n\n<h2 class=\"wp-block-heading\"><\/h2>\n\n\n\n<div class=\"wp-block-group\"><div class=\"wp-block-group__inner-container is-layout-constrained wp-block-group-is-layout-constrained\">\n<div class=\"wp-block-columns is-layout-flex wp-container-core-columns-is-layout-9d6595d7 wp-block-columns-is-layout-flex\">\n<div class=\"wp-block-column is-layout-flow wp-block-column-is-layout-flow\">\n<h2 class=\"wp-block-heading\">Bei Piscine Nature wollen wir nur das Beste f\u00fcr unsere Kunden.<\/h2>\n\n\n\n<p>Die Aqualift-Technologie hat sich seit \u00fcber 20 Jahren bestens bew\u00e4hrt. <strong>\u00dcber 1000 Aqualift-Mobilb\u00f6den wurden in Frankreich installiert.<\/strong> <strong>und \u00fcberall auf der Welt<\/strong>, Die meisten Menschen, die in den USA leben, leben in Luxusresidenzen, gro\u00dfen Hotels, auf Kreuzfahrtschiffen und bei vielen Prominenten.<\/p>\n\n\n\n<p>Sie w\u00fcnschen sich einen beweglichen Boden und wollen nicht mit experimentellen, unzuverl\u00e4ssigen oder gar gef\u00e4hrlichen Produkten den Kopf hinhalten?zerbrechen Sie sich nicht den Kopf. Entscheiden Sie sich f\u00fcr AQUALIFT und Sie haben die Sicherheit einer zuverl\u00e4ssigen L\u00f6sung mit lebenslanger Garantie (mit dem Wartungsvertrag). Bei Piscine Nature bieten wir Ihnen den kompletten Service :&nbsp;<br>\u2013 <strong>Bau des Pools<\/strong> und das ganze <strong>Hydrauliksystem<\/strong>,&nbsp;<br>- Integration des beweglichen Bodens Aqualift,<br>\u2013 <strong>Verkleidung des beweglichen Bodens<\/strong> mit einem sch\u00f6nen Holzboden (oder Fliesen, je nach Vorliebe)-. <strong>Gestaltung der Umgebung<\/strong> : Holzterrasse, gepflasterte Terrasse, Pool-Haus- und nat\u00fcrlich <strong>wir sorgen f\u00fcr die Instandhaltung<\/strong> Ihres Pools und die Wartung des beweglichen Bodens.<\/p>\n<\/div>\n\n\n\n<div class=\"wp-block-column is-layout-flow wp-block-column-is-layout-flow\">\n<figure class=\"wp-block-image size-full\"><img decoding=\"async\" width=\"600\" height=\"397\" src=\"https:\/\/terrasse-mobile.net\/wp-content\/uploads\/2024\/11\/REA-CHABOT-06.jpg\" alt=\"Bau eines Pools mit beweglichem Boden\" class=\"wp-image-6249\" style=\"aspect-ratio:3\/2;object-fit:cover\" srcset=\"https:\/\/terrasse-mobile.net\/wp-content\/uploads\/2024\/11\/REA-CHABOT-06.jpg 600w, https:\/\/terrasse-mobile.net\/wp-content\/uploads\/2024\/11\/REA-CHABOT-06-300x199.jpg 300w, https:\/\/terrasse-mobile.net\/wp-content\/uploads\/2024\/11\/REA-CHABOT-06-50x33.jpg 50w\" sizes=\"(max-width: 600px) 100vw, 600px\" \/><\/figure>\n<\/div>\n<\/div>\n\n\n\n<div class=\"wp-block-buttons is-content-justification-center is-layout-flex wp-container-core-buttons-is-layout-16018d1d wp-block-buttons-is-layout-flex\">\n<div class=\"wp-block-button\"><a class=\"wp-block-button__link has-small-font-size has-custom-font-size wp-element-button\" href=\"https:\/\/piscines.oxatis.com\/piscine-a-fond-mobile.htm\">Mehr zu Pools mit beweglichem Boden<\/a><\/div>\n<\/div>\n<\/div><\/div>\n<\/div><\/div>\n\n\n\n<p><\/p>","protected":false},"excerpt":{"rendered":"<p>Une terrasse sur un fond mobile qui descend au fond de la piscine ?Comment \u00e7a marche ? Est ce fiable ? Un fond mobile est une technologie ultra innovante. En effet, il y a un m\u00e9canisme qui permet de faire descendre ou monter le fond de la piscine. En position \u00ab\u00a0ferm\u00e9e\u00a0\u00bb, nous ne distinguons quasiment&#8230;<\/p>","protected":false},"author":1,"featured_media":3640,"parent":5610,"menu_order":60,"comment_status":"closed","ping_status":"closed","template":"","meta":{"_kad_post_transparent":"","_kad_post_title":"","_kad_post_layout":"","_kad_post_sidebar_id":"","_kad_post_content_style":"","_kad_post_vertical_padding":"","_kad_post_feature":"","_kad_post_feature_position":"","_kad_post_header":false,"_kad_post_footer":false,"_kad_post_classname":"","footnotes":""},"folder":[],"class_list":["post-5616","page","type-page","status-publish","has-post-thumbnail","hentry"],"yoast_head":"<!-- This site is optimized with the Yoast SEO plugin v27.3 - https:\/\/yoast.com\/product\/yoast-seo-wordpress\/ -->\n<title>La piscine \u00e0 fond mobile<\/title>\n<meta name=\"description\" content=\"La piscine \u00e0 fond mobile permet de prot\u00e9ger la piscine. En effet, le fond est suspendu par des c\u00e2bles : il peut monter et descendre.\" \/>\n<meta name=\"robots\" content=\"index, follow, max-snippet:-1, max-image-preview:large, max-video-preview:-1\" \/>\n<link rel=\"canonical\" href=\"https:\/\/terrasse-mobile.net\/de_ch\/schwimmbeckenschutz\/pool-mit-beweglichem-boden\/\" \/>\n<meta property=\"og:locale\" content=\"de_DE\" \/>\n<meta property=\"og:type\" content=\"article\" \/>\n<meta property=\"og:title\" content=\"La piscine \u00e0 fond mobile\" \/>\n<meta property=\"og:description\" content=\"La piscine \u00e0 fond mobile permet de prot\u00e9ger la piscine. En effet, le fond est suspendu par des c\u00e2bles : il peut monter et descendre.\" \/>\n<meta property=\"og:url\" content=\"https:\/\/terrasse-mobile.net\/de_ch\/schwimmbeckenschutz\/pool-mit-beweglichem-boden\/\" \/>\n<meta property=\"og:site_name\" content=\"Terrasse mobile\" \/>\n<meta property=\"article:modified_time\" content=\"2025-11-25T15:31:18+00:00\" \/>\n<meta property=\"og:image\" content=\"https:\/\/terrasse-mobile.net\/wp-content\/uploads\/2024\/02\/REAL-SABOURAULT-PISCINE-2.jpg\" \/>\n\t<meta property=\"og:image:width\" content=\"2000\" \/>\n\t<meta property=\"og:image:height\" content=\"1500\" \/>\n\t<meta property=\"og:image:type\" content=\"image\/jpeg\" \/>\n<meta name=\"twitter:card\" content=\"summary_large_image\" \/>\n<meta name=\"twitter:label1\" content=\"Gesch\u00e4tzte Lesezeit\" \/>\n\t<meta name=\"twitter:data1\" content=\"3\u00a0Minuten\" \/>\n<script type=\"application\/ld+json\" class=\"yoast-schema-graph\">{\"@context\":\"https:\\\/\\\/schema.org\",\"@graph\":[{\"@type\":\"WebPage\",\"@id\":\"https:\\\/\\\/terrasse-mobile.net\\\/protections-piscine\\\/piscine-fond-mobile\\\/\",\"url\":\"https:\\\/\\\/terrasse-mobile.net\\\/protections-piscine\\\/piscine-fond-mobile\\\/\",\"name\":\"La piscine \u00e0 fond mobile\",\"isPartOf\":{\"@id\":\"https:\\\/\\\/terrasse-mobile.net\\\/#website\"},\"primaryImageOfPage\":{\"@id\":\"https:\\\/\\\/terrasse-mobile.net\\\/protections-piscine\\\/piscine-fond-mobile\\\/#primaryimage\"},\"image\":{\"@id\":\"https:\\\/\\\/terrasse-mobile.net\\\/protections-piscine\\\/piscine-fond-mobile\\\/#primaryimage\"},\"thumbnailUrl\":\"https:\\\/\\\/terrasse-mobile.net\\\/wp-content\\\/uploads\\\/2024\\\/02\\\/REAL-SABOURAULT-PISCINE-2.jpg\",\"datePublished\":\"2024-10-02T12:44:39+00:00\",\"dateModified\":\"2025-11-25T15:31:18+00:00\",\"description\":\"La piscine \u00e0 fond mobile permet de prot\u00e9ger la piscine. En effet, le fond est suspendu par des c\u00e2bles : il peut monter et descendre.\",\"breadcrumb\":{\"@id\":\"https:\\\/\\\/terrasse-mobile.net\\\/protections-piscine\\\/piscine-fond-mobile\\\/#breadcrumb\"},\"inLanguage\":\"de-CH\",\"potentialAction\":[{\"@type\":\"ReadAction\",\"target\":[\"https:\\\/\\\/terrasse-mobile.net\\\/protections-piscine\\\/piscine-fond-mobile\\\/\"]}]},{\"@type\":\"ImageObject\",\"inLanguage\":\"de-CH\",\"@id\":\"https:\\\/\\\/terrasse-mobile.net\\\/protections-piscine\\\/piscine-fond-mobile\\\/#primaryimage\",\"url\":\"https:\\\/\\\/terrasse-mobile.net\\\/wp-content\\\/uploads\\\/2024\\\/02\\\/REAL-SABOURAULT-PISCINE-2.jpg\",\"contentUrl\":\"https:\\\/\\\/terrasse-mobile.net\\\/wp-content\\\/uploads\\\/2024\\\/02\\\/REAL-SABOURAULT-PISCINE-2.jpg\",\"width\":2000,\"height\":1500,\"caption\":\"DCIM100MEDIADJI_0365.JPG\"},{\"@type\":\"BreadcrumbList\",\"@id\":\"https:\\\/\\\/terrasse-mobile.net\\\/protections-piscine\\\/piscine-fond-mobile\\\/#breadcrumb\",\"itemListElement\":[{\"@type\":\"ListItem\",\"position\":1,\"name\":\"Accueil\",\"item\":\"https:\\\/\\\/terrasse-mobile.net\\\/\"},{\"@type\":\"ListItem\",\"position\":2,\"name\":\"LES AUTRES SOLUTIONS DE PROTECTION\",\"item\":\"https:\\\/\\\/terrasse-mobile.net\\\/protections-piscine\\\/\"},{\"@type\":\"ListItem\",\"position\":3,\"name\":\"LES PISCINES \u00c0 FOND MOBILE\"}]},{\"@type\":\"WebSite\",\"@id\":\"https:\\\/\\\/terrasse-mobile.net\\\/#website\",\"url\":\"https:\\\/\\\/terrasse-mobile.net\\\/\",\"name\":\"Slidedeck\",\"description\":\"Construction sur mesure de terrasses mobiles en \u00cele-de-France\",\"publisher\":{\"@id\":\"https:\\\/\\\/terrasse-mobile.net\\\/#organization\"},\"potentialAction\":[{\"@type\":\"SearchAction\",\"target\":{\"@type\":\"EntryPoint\",\"urlTemplate\":\"https:\\\/\\\/terrasse-mobile.net\\\/?s={search_term_string}\"},\"query-input\":{\"@type\":\"PropertyValueSpecification\",\"valueRequired\":true,\"valueName\":\"search_term_string\"}}],\"inLanguage\":\"de-CH\"},{\"@type\":\"Organization\",\"@id\":\"https:\\\/\\\/terrasse-mobile.net\\\/#organization\",\"name\":\"Slidedeck\",\"url\":\"https:\\\/\\\/terrasse-mobile.net\\\/\",\"logo\":{\"@type\":\"ImageObject\",\"inLanguage\":\"de-CH\",\"@id\":\"https:\\\/\\\/terrasse-mobile.net\\\/#\\\/schema\\\/logo\\\/image\\\/\",\"url\":\"https:\\\/\\\/terrasse-mobile.net\\\/wp-content\\\/uploads\\\/2024\\\/01\\\/logo-slidedeck.jpg\",\"contentUrl\":\"https:\\\/\\\/terrasse-mobile.net\\\/wp-content\\\/uploads\\\/2024\\\/01\\\/logo-slidedeck.jpg\",\"width\":2000,\"height\":1103,\"caption\":\"Slidedeck\"},\"image\":{\"@id\":\"https:\\\/\\\/terrasse-mobile.net\\\/#\\\/schema\\\/logo\\\/image\\\/\"}}]}<\/script>\n<!-- \/ Yoast SEO plugin. -->","yoast_head_json":{"title":"Der Pool mit beweglichem Boden","description":"Ein Pool mit beweglichem Boden erm\u00f6glicht es, den Pool zu sch\u00fctzen. Der Boden ist n\u00e4mlich an Kabeln aufgeh\u00e4ngt: Er kann sich heben und senken.","robots":{"index":"index","follow":"follow","max-snippet":"max-snippet:-1","max-image-preview":"max-image-preview:large","max-video-preview":"max-video-preview:-1"},"canonical":"https:\/\/terrasse-mobile.net\/de_ch\/schwimmbeckenschutz\/pool-mit-beweglichem-boden\/","og_locale":"de_DE","og_type":"article","og_title":"La piscine \u00e0 fond mobile","og_description":"La piscine \u00e0 fond mobile permet de prot\u00e9ger la piscine. En effet, le fond est suspendu par des c\u00e2bles : il peut monter et descendre.","og_url":"https:\/\/terrasse-mobile.net\/de_ch\/schwimmbeckenschutz\/pool-mit-beweglichem-boden\/","og_site_name":"Terrasse mobile","article_modified_time":"2025-11-25T15:31:18+00:00","og_image":[{"width":2000,"height":1500,"url":"https:\/\/terrasse-mobile.net\/wp-content\/uploads\/2024\/02\/REAL-SABOURAULT-PISCINE-2.jpg","type":"image\/jpeg"}],"twitter_card":"summary_large_image","twitter_misc":{"Gesch\u00e4tzte Lesezeit":"3\u00a0Minuten"},"schema":{"@context":"https:\/\/schema.org","@graph":[{"@type":"WebPage","@id":"https:\/\/terrasse-mobile.net\/protections-piscine\/piscine-fond-mobile\/","url":"https:\/\/terrasse-mobile.net\/protections-piscine\/piscine-fond-mobile\/","name":"Der Pool mit beweglichem Boden","isPartOf":{"@id":"https:\/\/terrasse-mobile.net\/#website"},"primaryImageOfPage":{"@id":"https:\/\/terrasse-mobile.net\/protections-piscine\/piscine-fond-mobile\/#primaryimage"},"image":{"@id":"https:\/\/terrasse-mobile.net\/protections-piscine\/piscine-fond-mobile\/#primaryimage"},"thumbnailUrl":"https:\/\/terrasse-mobile.net\/wp-content\/uploads\/2024\/02\/REAL-SABOURAULT-PISCINE-2.jpg","datePublished":"2024-10-02T12:44:39+00:00","dateModified":"2025-11-25T15:31:18+00:00","description":"Ein Pool mit beweglichem Boden erm\u00f6glicht es, den Pool zu sch\u00fctzen. Der Boden ist n\u00e4mlich an Kabeln aufgeh\u00e4ngt: Er kann sich heben und senken.","breadcrumb":{"@id":"https:\/\/terrasse-mobile.net\/protections-piscine\/piscine-fond-mobile\/#breadcrumb"},"inLanguage":"de-CH","potentialAction":[{"@type":"ReadAction","target":["https:\/\/terrasse-mobile.net\/protections-piscine\/piscine-fond-mobile\/"]}]},{"@type":"ImageObject","inLanguage":"de-CH","@id":"https:\/\/terrasse-mobile.net\/protections-piscine\/piscine-fond-mobile\/#primaryimage","url":"https:\/\/terrasse-mobile.net\/wp-content\/uploads\/2024\/02\/REAL-SABOURAULT-PISCINE-2.jpg","contentUrl":"https:\/\/terrasse-mobile.net\/wp-content\/uploads\/2024\/02\/REAL-SABOURAULT-PISCINE-2.jpg","width":2000,"height":1500,"caption":"DCIM100MEDIADJI_0365.JPG"},{"@type":"BreadcrumbList","@id":"https:\/\/terrasse-mobile.net\/protections-piscine\/piscine-fond-mobile\/#breadcrumb","itemListElement":[{"@type":"ListItem","position":1,"name":"Accueil","item":"https:\/\/terrasse-mobile.net\/"},{"@type":"ListItem","position":2,"name":"LES AUTRES SOLUTIONS DE PROTECTION","item":"https:\/\/terrasse-mobile.net\/protections-piscine\/"},{"@type":"ListItem","position":3,"name":"LES PISCINES \u00c0 FOND MOBILE"}]},{"@type":"WebSite","@id":"https:\/\/terrasse-mobile.net\/#website","url":"https:\/\/terrasse-mobile.net\/","name":"Slidedeck","description":"Ma\u00dfgeschneiderte Konstruktion von mobilen Terrassen in der \u00cele-de-France","publisher":{"@id":"https:\/\/terrasse-mobile.net\/#organization"},"potentialAction":[{"@type":"SearchAction","target":{"@type":"EntryPoint","urlTemplate":"https:\/\/terrasse-mobile.net\/?s={search_term_string}"},"query-input":{"@type":"PropertyValueSpecification","valueRequired":true,"valueName":"search_term_string"}}],"inLanguage":"de-CH"},{"@type":"Organization","@id":"https:\/\/terrasse-mobile.net\/#organization","name":"Slidedeck","url":"https:\/\/terrasse-mobile.net\/","logo":{"@type":"ImageObject","inLanguage":"de-CH","@id":"https:\/\/terrasse-mobile.net\/#\/schema\/logo\/image\/","url":"https:\/\/terrasse-mobile.net\/wp-content\/uploads\/2024\/01\/logo-slidedeck.jpg","contentUrl":"https:\/\/terrasse-mobile.net\/wp-content\/uploads\/2024\/01\/logo-slidedeck.jpg","width":2000,"height":1103,"caption":"Slidedeck"},"image":{"@id":"https:\/\/terrasse-mobile.net\/#\/schema\/logo\/image\/"}}]}},"_links":{"self":[{"href":"https:\/\/terrasse-mobile.net\/de_ch\/wp-json\/wp\/v2\/pages\/5616","targetHints":{"allow":["GET"]}}],"collection":[{"href":"https:\/\/terrasse-mobile.net\/de_ch\/wp-json\/wp\/v2\/pages"}],"about":[{"href":"https:\/\/terrasse-mobile.net\/de_ch\/wp-json\/wp\/v2\/types\/page"}],"author":[{"embeddable":true,"href":"https:\/\/terrasse-mobile.net\/de_ch\/wp-json\/wp\/v2\/users\/1"}],"replies":[{"embeddable":true,"href":"https:\/\/terrasse-mobile.net\/de_ch\/wp-json\/wp\/v2\/comments?post=5616"}],"version-history":[{"count":8,"href":"https:\/\/terrasse-mobile.net\/de_ch\/wp-json\/wp\/v2\/pages\/5616\/revisions"}],"predecessor-version":[{"id":7318,"href":"https:\/\/terrasse-mobile.net\/de_ch\/wp-json\/wp\/v2\/pages\/5616\/revisions\/7318"}],"up":[{"embeddable":true,"href":"https:\/\/terrasse-mobile.net\/de_ch\/wp-json\/wp\/v2\/pages\/5610"}],"wp:featuredmedia":[{"embeddable":true,"href":"https:\/\/terrasse-mobile.net\/de_ch\/wp-json\/wp\/v2\/media\/3640"}],"wp:attachment":[{"href":"https:\/\/terrasse-mobile.net\/de_ch\/wp-json\/wp\/v2\/media?parent=5616"}],"wp:term":[{"taxonomy":"folder","embeddable":true,"href":"https:\/\/terrasse-mobile.net\/de_ch\/wp-json\/wp\/v2\/folder?post=5616"}],"curies":[{"name":"wp","href":"https:\/\/api.w.org\/{rel}","templated":true}]}}