{"id":5620,"date":"2024-10-02T14:44:31","date_gmt":"2024-10-02T12:44:45","guid":{"rendered":"https:\/\/terrasse-mobile.net\/?page_id=5620"},"modified":"2025-11-25T16:35:55","modified_gmt":"2025-11-25T15:35:55","slug":"schiebeuberdachungen-fur-schwimmbader","status":"publish","type":"page","link":"https:\/\/terrasse-mobile.net\/de_ch\/protections-piscine\/abris-coulissants-pour-piscine\/","title":{"rendered":"DIE \u00dcBERDACHUNGEN F\u00dcR SCHWIMMB\u00c4DER"},"content":{"rendered":"<div class=\"wp-block-group\"><div class=\"wp-block-group__inner-container is-layout-constrained wp-block-group-is-layout-constrained\">\n<div class=\"wp-block-columns is-layout-flex wp-container-core-columns-is-layout-9d6595d7 wp-block-columns-is-layout-flex\">\n<div class=\"wp-block-column is-layout-flow wp-block-column-is-layout-flow\">\n<h2 class=\"wp-block-heading\">Die idealen Schwimmbad\u00fcberdachungen<\/h2>\n\n\n\n<p>Eine Schwimmbad\u00fcberdachung ist ein Element von <strong style=\"font-size: 16px;\">Sicherheit<\/strong> und von <strong style=\"font-size: 16px;\">Komfort<\/strong> f\u00fcr eingegrabene oder teilweise eingegrabene Schwimmbecken. Es gibt viele verschiedene Arten von Schwimmbad\u00fcberdachungen: gerade, abgerundet, Holzstruktur, Plexiglasscheiben, Schiebemodule... Treffen Sie Ihre Wahl entsprechend Ihren Bed\u00fcrfnissen und W\u00fcnschen.&nbsp;<\/p>\n\n\n\n<p>Die Schwimmbad\u00fcberdachung erm\u00f6glicht es, die Saison zu verl\u00e4ngern (je nach H\u00f6he der \u00dcberdachung mehr oder weniger lang), denn sie <strong>erh\u00f6ht die Temperatur von Wasser und Luft<\/strong>, Sie k\u00f6nnen sich einfach und kostenlos anmelden.<\/p>\n\n\n\n<p>Eine Schwimmbad\u00fcberdachung ist ideal f\u00fcr alle, die ihr Schwimmbecken unabh\u00e4ngig vom Wetter nutzen m\u00f6chten. Ob niedrig, halbhoch oder hoch, die Schwimmbad\u00fcberdachung sch\u00fctzt den Zugang zum Becken und bietet einen <strong>UV-Schutz<\/strong>. Sie werden die Qual der Wahl haben, um in unserem Sortiment das Modell zu finden, das Ihren Erwartungen entspricht.&nbsp;<\/p>\n<\/div>\n\n\n\n<div class=\"wp-block-column is-layout-flow wp-block-column-is-layout-flow\">\n<figure class=\"wp-block-image size-full\"><img decoding=\"async\" width=\"600\" height=\"397\" src=\"https:\/\/terrasse-mobile.net\/wp-content\/uploads\/2024\/02\/Abris-piscine-Nature-07-copie.png\" alt=\"Foto Schwimmbad\u00fcberdachung\" class=\"wp-image-3626\" style=\"aspect-ratio:3\/2;object-fit:cover\" srcset=\"https:\/\/terrasse-mobile.net\/wp-content\/uploads\/2024\/02\/Abris-piscine-Nature-07-copie.png 600w, https:\/\/terrasse-mobile.net\/wp-content\/uploads\/2024\/02\/Abris-piscine-Nature-07-copie-300x199.png 300w\" sizes=\"(max-width: 600px) 100vw, 600px\" \/><\/figure>\n<\/div>\n<\/div>\n<\/div><\/div>\n\n\n\n<p class=\"has-text-align-center\">Wir haben uns daf\u00fcr entschieden, mit einem Marktf\u00fchrer zusammenzuarbeiten, <strong>Aquacomet<\/strong>. Ihre Schwimmbad\u00fcberdachungen werden von hochqualifizierten und erfahrenen Mitarbeitern mit mehr als 20 Jahren Erfahrung unter Verwendung fortschrittlicher Technologien hergestellt. Aquacomet verteidigt stolz den Fortbestand des traditionellen Handwerks. Das Angebot an Schwimmbad\u00fcberdachungen macht es Ihnen leicht, die <strong>angemessene Struktur f\u00fcr Ihr Haus und Ihren Garten<\/strong>, Sie k\u00f6nnen sich auf die Farbe und das Design konzentrieren.<\/p>\n\n\n\n<div class=\"wp-block-group\"><div class=\"wp-block-group__inner-container is-layout-constrained wp-block-group-is-layout-constrained\">\n<div class=\"wp-block-columns is-layout-flex wp-container-core-columns-is-layout-9d6595d7 wp-block-columns-is-layout-flex\">\n<div class=\"wp-block-column is-layout-flow wp-block-column-is-layout-flow\">\n<figure class=\"wp-block-image size-full\"><img decoding=\"async\" width=\"765\" height=\"574\" src=\"https:\/\/terrasse-mobile.net\/wp-content\/uploads\/2024\/02\/Abris-piscine-Nature-027.jpg\" alt=\"spezielle Schwimmbad\u00fcberdachung\" class=\"wp-image-2361\" style=\"aspect-ratio:3\/2;object-fit:cover\" srcset=\"https:\/\/terrasse-mobile.net\/wp-content\/uploads\/2024\/02\/Abris-piscine-Nature-027.jpg 765w, https:\/\/terrasse-mobile.net\/wp-content\/uploads\/2024\/02\/Abris-piscine-Nature-027-300x225.jpg 300w\" sizes=\"(max-width: 765px) 100vw, 765px\" \/><\/figure>\n<\/div>\n\n\n\n<div class=\"wp-block-column is-layout-flow wp-block-column-is-layout-flow\">\n<h2 class=\"wp-block-heading\">Eine Schwimmbad\u00fcberdachung bewahrt die Wasserqualit\u00e4t<\/h2>\n\n\n\n<p>Durch das Abdecken Ihres Beckens wird verhindert, dass sich Laub, Staub oder Insekten im Wasser ablagern und das Baden behindern. Die Schwimmbad\u00fcberdachung ist ein <strong style=\"font-size: 16px;\">echtes Schutzschild<\/strong> die Ihnen eine <strong style=\"font-size: 16px;\">gesundes Wasser<\/strong> und <strong style=\"font-size: 16px;\">eigene<\/strong> zu jeder Jahreszeit. Dies ist ein echter Vorteil, der es erm\u00f6glicht, die Zeit f\u00fcr <strong style=\"font-size: 16px;\">weniger Zeit und Aufwand bei der Wartung<\/strong> Ihres Pools, w\u00e4hrend das Wasser im Pool unabh\u00e4ngig vom Wetter klar und blau bleibt.<\/p>\n\n\n\n<h2 class=\"wp-block-heading\">Eine Schwimmbad\u00fcberdachung bewahrt die W\u00e4rme des Beckens<\/h2>\n\n\n\n<p>&nbsp;Eine Schwimmbad\u00fcberdachung hat den Vorteil, dass das Wasser in Ihrem Becken die richtige Temperatur hat, was bei einem offenen, in die Erde eingelassenen Schwimmbad schwieriger ist. Die W\u00e4rmed\u00e4mmung <strong>vermeidet<\/strong> <strong>in<\/strong> <strong>Wirkung<\/strong> <strong>die<\/strong> <strong>W\u00e4rmeverluste<\/strong>, Die Luft \u00fcber dem Becken wird auf engem Raum gesammelt. Diese Abdeckung kann dank eines Treibhauseffekts auch einige Grad mehr bringen. Die Schwimmbad\u00fcberdachung bietet einen beachtlichen Komfort, der <strong>Energieeinsparungen<\/strong> wenn der Herbst kommt.<\/p>\n<\/div>\n<\/div>\n\n\n\n<div class=\"wp-block-group\"><div class=\"wp-block-group__inner-container is-layout-constrained wp-block-group-is-layout-constrained\">\n<div class=\"wp-block-columns is-layout-flex wp-container-core-columns-is-layout-9d6595d7 wp-block-columns-is-layout-flex\">\n<div class=\"wp-block-column is-layout-flow wp-block-column-is-layout-flow\">\n<h2 class=\"wp-block-heading\">Eine Schwimmbad\u00fcberdachung bedeutet weniger Verdunstung<\/h2>\n\n\n\n<p>Ein Freibad verliert jedes Jahr einen nicht unerheblichen Prozentsatz seines Wasservolumens durch Verdunstung aufgrund von Sonneneinstrahlung, aber auch durch Wind. Unter <strong style=\"color: var( --e-global-color-b28222d ); font-family: var( --e-global-typography-690289a-font-family ), Sans-serif; font-size: var( --e-global-typography-690289a-font-size ); letter-spacing: var( --e-global-typography-690289a-letter-spacing ); word-spacing: var( --e-global-typography-690289a-word-spacing );\">Ihren Teich vor Zugluft sch\u00fctzen<\/strong> und Strahlen durch einen <strong style=\"color: var( --e-global-color-b28222d ); font-family: var( --e-global-typography-690289a-font-family ), Sans-serif; font-size: var( --e-global-typography-690289a-font-size ); letter-spacing: var( --e-global-typography-690289a-letter-spacing ); word-spacing: var( --e-global-typography-690289a-word-spacing );\">UV-Filter<\/strong>, Das spart langfristig Geld bei der Wasserrechnung.<\/p>\n\n\n\n<p><\/p>\n\n\n\n<div class=\"wp-block-buttons is-content-justification-center is-layout-flex wp-container-core-buttons-is-layout-16018d1d wp-block-buttons-is-layout-flex\">\n<div class=\"wp-block-button is-style-fill\"><a class=\"wp-block-button__link has-white-color has-text-color has-background has-link-color has-small-font-size has-custom-font-size wp-element-button\" href=\"https:\/\/piscines.oxatis.com\/abris-piscine-de-qualit%C3%A9.htm\" style=\"background-color:#3579a4\">MEHR \u00dcBER SCHWIMMBAD\u00dcBERDACHUNGEN ERFAHREN<\/a><\/div>\n<\/div>\n<\/div>\n\n\n\n<div class=\"wp-block-column is-layout-flow wp-block-column-is-layout-flow\">\n<figure class=\"wp-block-image size-full\"><img decoding=\"async\" width=\"1000\" height=\"667\" src=\"https:\/\/terrasse-mobile.net\/wp-content\/uploads\/2024\/02\/Abris-piscine-Nature-043-1.jpg\" alt=\"Nachtansicht eines Pools mit offener Schiebe\u00fcberdachung\" class=\"wp-image-3720\" style=\"aspect-ratio:3\/2;object-fit:cover\" srcset=\"https:\/\/terrasse-mobile.net\/wp-content\/uploads\/2024\/02\/Abris-piscine-Nature-043-1.jpg 1000w, https:\/\/terrasse-mobile.net\/wp-content\/uploads\/2024\/02\/Abris-piscine-Nature-043-1-300x200.jpg 300w, https:\/\/terrasse-mobile.net\/wp-content\/uploads\/2024\/02\/Abris-piscine-Nature-043-1-768x512.jpg 768w\" sizes=\"(max-width: 1000px) 100vw, 1000px\" \/><\/figure>\n<\/div>\n<\/div>\n<\/div><\/div>\n\n\n\n<p><\/p>\n<\/div><\/div>\n\n\n\n<p><a href=\"https:\/\/piscines.oxatis.com\/types-abris-piscine.htm\"><br><\/a><\/p>","protected":false},"excerpt":{"rendered":"<p>Les abris id\u00e9als pour piscine Un abri de piscine est un \u00e9l\u00e9ment de s\u00e9curit\u00e9 et de confort pour les piscines creus\u00e9es ou partiellement creus\u00e9es. Les types d\u2019abris de piscine sont nombreux : droit, arrondi, structure en bois, vitres en plexiglas, modules coulissants\u2026 Faites votre choix selon vos besoins et envies.&nbsp; L\u2019abri de piscine permet de&#8230;<\/p>","protected":false},"author":1,"featured_media":3640,"parent":5610,"menu_order":61,"comment_status":"closed","ping_status":"closed","template":"","meta":{"_kad_post_transparent":"","_kad_post_title":"","_kad_post_layout":"","_kad_post_sidebar_id":"","_kad_post_content_style":"","_kad_post_vertical_padding":"","_kad_post_feature":"","_kad_post_feature_position":"","_kad_post_header":false,"_kad_post_footer":false,"_kad_post_classname":"","footnotes":""},"folder":[],"class_list":["post-5620","page","type-page","status-publish","has-post-thumbnail","hentry"],"yoast_head":"<!-- This site is optimized with the Yoast SEO plugin v27.4 - https:\/\/yoast.com\/product\/yoast-seo-wordpress\/ -->\n<title>L&#039;abri couilssant pour piscine<\/title>\n<meta name=\"description\" content=\"Les abris coulissants permettent de prot\u00e9ger le bassin de la piscine, mais \u00e9galement de cr\u00e9er un espace prot\u00e9g\u00e9 tout autour du bassin.\" \/>\n<meta name=\"robots\" content=\"index, follow, max-snippet:-1, max-image-preview:large, max-video-preview:-1\" \/>\n<link rel=\"canonical\" href=\"https:\/\/terrasse-mobile.net\/de_ch\/schwimmbeckenschutz\/schiebeuberdachungen-fur-schwimmbader\/\" \/>\n<meta property=\"og:locale\" content=\"de_DE\" \/>\n<meta property=\"og:type\" content=\"article\" \/>\n<meta property=\"og:title\" content=\"L&#039;abri couilssant pour piscine\" \/>\n<meta property=\"og:description\" content=\"Les abris coulissants permettent de prot\u00e9ger le bassin de la piscine, mais \u00e9galement de cr\u00e9er un espace prot\u00e9g\u00e9 tout autour du bassin.\" \/>\n<meta property=\"og:url\" content=\"https:\/\/terrasse-mobile.net\/de_ch\/schwimmbeckenschutz\/schiebeuberdachungen-fur-schwimmbader\/\" \/>\n<meta property=\"og:site_name\" content=\"Terrasse mobile\" \/>\n<meta property=\"article:modified_time\" content=\"2025-11-25T15:35:55+00:00\" \/>\n<meta property=\"og:image\" content=\"https:\/\/terrasse-mobile.net\/wp-content\/uploads\/2024\/02\/REAL-SABOURAULT-PISCINE-2.jpg\" \/>\n\t<meta property=\"og:image:width\" content=\"2000\" \/>\n\t<meta property=\"og:image:height\" content=\"1500\" \/>\n\t<meta property=\"og:image:type\" content=\"image\/jpeg\" \/>\n<meta name=\"twitter:card\" content=\"summary_large_image\" \/>\n<meta name=\"twitter:label1\" content=\"Gesch\u00e4tzte Lesezeit\" \/>\n\t<meta name=\"twitter:data1\" content=\"4\u00a0Minuten\" \/>\n<script type=\"application\/ld+json\" class=\"yoast-schema-graph\">{\"@context\":\"https:\\\/\\\/schema.org\",\"@graph\":[{\"@type\":\"WebPage\",\"@id\":\"https:\\\/\\\/terrasse-mobile.net\\\/protections-piscine\\\/abris-coulissants-pour-piscine\\\/\",\"url\":\"https:\\\/\\\/terrasse-mobile.net\\\/protections-piscine\\\/abris-coulissants-pour-piscine\\\/\",\"name\":\"L'abri couilssant pour piscine\",\"isPartOf\":{\"@id\":\"https:\\\/\\\/terrasse-mobile.net\\\/#website\"},\"primaryImageOfPage\":{\"@id\":\"https:\\\/\\\/terrasse-mobile.net\\\/protections-piscine\\\/abris-coulissants-pour-piscine\\\/#primaryimage\"},\"image\":{\"@id\":\"https:\\\/\\\/terrasse-mobile.net\\\/protections-piscine\\\/abris-coulissants-pour-piscine\\\/#primaryimage\"},\"thumbnailUrl\":\"https:\\\/\\\/terrasse-mobile.net\\\/wp-content\\\/uploads\\\/2024\\\/02\\\/REAL-SABOURAULT-PISCINE-2.jpg\",\"datePublished\":\"2024-10-02T12:44:45+00:00\",\"dateModified\":\"2025-11-25T15:35:55+00:00\",\"description\":\"Les abris coulissants permettent de prot\u00e9ger le bassin de la piscine, mais \u00e9galement de cr\u00e9er un espace prot\u00e9g\u00e9 tout autour du bassin.\",\"breadcrumb\":{\"@id\":\"https:\\\/\\\/terrasse-mobile.net\\\/protections-piscine\\\/abris-coulissants-pour-piscine\\\/#breadcrumb\"},\"inLanguage\":\"de-CH\",\"potentialAction\":[{\"@type\":\"ReadAction\",\"target\":[\"https:\\\/\\\/terrasse-mobile.net\\\/protections-piscine\\\/abris-coulissants-pour-piscine\\\/\"]}]},{\"@type\":\"ImageObject\",\"inLanguage\":\"de-CH\",\"@id\":\"https:\\\/\\\/terrasse-mobile.net\\\/protections-piscine\\\/abris-coulissants-pour-piscine\\\/#primaryimage\",\"url\":\"https:\\\/\\\/terrasse-mobile.net\\\/wp-content\\\/uploads\\\/2024\\\/02\\\/REAL-SABOURAULT-PISCINE-2.jpg\",\"contentUrl\":\"https:\\\/\\\/terrasse-mobile.net\\\/wp-content\\\/uploads\\\/2024\\\/02\\\/REAL-SABOURAULT-PISCINE-2.jpg\",\"width\":2000,\"height\":1500,\"caption\":\"DCIM100MEDIADJI_0365.JPG\"},{\"@type\":\"BreadcrumbList\",\"@id\":\"https:\\\/\\\/terrasse-mobile.net\\\/protections-piscine\\\/abris-coulissants-pour-piscine\\\/#breadcrumb\",\"itemListElement\":[{\"@type\":\"ListItem\",\"position\":1,\"name\":\"Accueil\",\"item\":\"https:\\\/\\\/terrasse-mobile.net\\\/\"},{\"@type\":\"ListItem\",\"position\":2,\"name\":\"LES AUTRES SOLUTIONS DE PROTECTION\",\"item\":\"https:\\\/\\\/terrasse-mobile.net\\\/protections-piscine\\\/\"},{\"@type\":\"ListItem\",\"position\":3,\"name\":\"LES ABRIS POUR PISCINE\"}]},{\"@type\":\"WebSite\",\"@id\":\"https:\\\/\\\/terrasse-mobile.net\\\/#website\",\"url\":\"https:\\\/\\\/terrasse-mobile.net\\\/\",\"name\":\"Slidedeck\",\"description\":\"Construction sur mesure de terrasses mobiles en \u00cele-de-France\",\"publisher\":{\"@id\":\"https:\\\/\\\/terrasse-mobile.net\\\/#organization\"},\"potentialAction\":[{\"@type\":\"SearchAction\",\"target\":{\"@type\":\"EntryPoint\",\"urlTemplate\":\"https:\\\/\\\/terrasse-mobile.net\\\/?s={search_term_string}\"},\"query-input\":{\"@type\":\"PropertyValueSpecification\",\"valueRequired\":true,\"valueName\":\"search_term_string\"}}],\"inLanguage\":\"de-CH\"},{\"@type\":\"Organization\",\"@id\":\"https:\\\/\\\/terrasse-mobile.net\\\/#organization\",\"name\":\"Slidedeck\",\"url\":\"https:\\\/\\\/terrasse-mobile.net\\\/\",\"logo\":{\"@type\":\"ImageObject\",\"inLanguage\":\"de-CH\",\"@id\":\"https:\\\/\\\/terrasse-mobile.net\\\/#\\\/schema\\\/logo\\\/image\\\/\",\"url\":\"https:\\\/\\\/terrasse-mobile.net\\\/wp-content\\\/uploads\\\/2024\\\/01\\\/logo-slidedeck.jpg\",\"contentUrl\":\"https:\\\/\\\/terrasse-mobile.net\\\/wp-content\\\/uploads\\\/2024\\\/01\\\/logo-slidedeck.jpg\",\"width\":2000,\"height\":1103,\"caption\":\"Slidedeck\"},\"image\":{\"@id\":\"https:\\\/\\\/terrasse-mobile.net\\\/#\\\/schema\\\/logo\\\/image\\\/\"}}]}<\/script>\n<!-- \/ Yoast SEO plugin. -->","yoast_head_json":{"title":"Die flie\u00dfende \u00dcberdachung f\u00fcr den Swimmingpool","description":"Schiebe\u00fcberdachungen sch\u00fctzen nicht nur das Becken des Schwimmbeckens, sondern schaffen auch einen gesch\u00fctzten Bereich rund um das Becken.","robots":{"index":"index","follow":"follow","max-snippet":"max-snippet:-1","max-image-preview":"max-image-preview:large","max-video-preview":"max-video-preview:-1"},"canonical":"https:\/\/terrasse-mobile.net\/de_ch\/schwimmbeckenschutz\/schiebeuberdachungen-fur-schwimmbader\/","og_locale":"de_DE","og_type":"article","og_title":"L'abri couilssant pour piscine","og_description":"Les abris coulissants permettent de prot\u00e9ger le bassin de la piscine, mais \u00e9galement de cr\u00e9er un espace prot\u00e9g\u00e9 tout autour du bassin.","og_url":"https:\/\/terrasse-mobile.net\/de_ch\/schwimmbeckenschutz\/schiebeuberdachungen-fur-schwimmbader\/","og_site_name":"Terrasse mobile","article_modified_time":"2025-11-25T15:35:55+00:00","og_image":[{"width":2000,"height":1500,"url":"https:\/\/terrasse-mobile.net\/wp-content\/uploads\/2024\/02\/REAL-SABOURAULT-PISCINE-2.jpg","type":"image\/jpeg"}],"twitter_card":"summary_large_image","twitter_misc":{"Gesch\u00e4tzte Lesezeit":"4\u00a0Minuten"},"schema":{"@context":"https:\/\/schema.org","@graph":[{"@type":"WebPage","@id":"https:\/\/terrasse-mobile.net\/protections-piscine\/abris-coulissants-pour-piscine\/","url":"https:\/\/terrasse-mobile.net\/protections-piscine\/abris-coulissants-pour-piscine\/","name":"Die flie\u00dfende \u00dcberdachung f\u00fcr den Swimmingpool","isPartOf":{"@id":"https:\/\/terrasse-mobile.net\/#website"},"primaryImageOfPage":{"@id":"https:\/\/terrasse-mobile.net\/protections-piscine\/abris-coulissants-pour-piscine\/#primaryimage"},"image":{"@id":"https:\/\/terrasse-mobile.net\/protections-piscine\/abris-coulissants-pour-piscine\/#primaryimage"},"thumbnailUrl":"https:\/\/terrasse-mobile.net\/wp-content\/uploads\/2024\/02\/REAL-SABOURAULT-PISCINE-2.jpg","datePublished":"2024-10-02T12:44:45+00:00","dateModified":"2025-11-25T15:35:55+00:00","description":"Schiebe\u00fcberdachungen sch\u00fctzen nicht nur das Becken des Schwimmbeckens, sondern schaffen auch einen gesch\u00fctzten Bereich rund um das Becken.","breadcrumb":{"@id":"https:\/\/terrasse-mobile.net\/protections-piscine\/abris-coulissants-pour-piscine\/#breadcrumb"},"inLanguage":"de-CH","potentialAction":[{"@type":"ReadAction","target":["https:\/\/terrasse-mobile.net\/protections-piscine\/abris-coulissants-pour-piscine\/"]}]},{"@type":"ImageObject","inLanguage":"de-CH","@id":"https:\/\/terrasse-mobile.net\/protections-piscine\/abris-coulissants-pour-piscine\/#primaryimage","url":"https:\/\/terrasse-mobile.net\/wp-content\/uploads\/2024\/02\/REAL-SABOURAULT-PISCINE-2.jpg","contentUrl":"https:\/\/terrasse-mobile.net\/wp-content\/uploads\/2024\/02\/REAL-SABOURAULT-PISCINE-2.jpg","width":2000,"height":1500,"caption":"DCIM100MEDIADJI_0365.JPG"},{"@type":"BreadcrumbList","@id":"https:\/\/terrasse-mobile.net\/protections-piscine\/abris-coulissants-pour-piscine\/#breadcrumb","itemListElement":[{"@type":"ListItem","position":1,"name":"Accueil","item":"https:\/\/terrasse-mobile.net\/"},{"@type":"ListItem","position":2,"name":"LES AUTRES SOLUTIONS DE PROTECTION","item":"https:\/\/terrasse-mobile.net\/protections-piscine\/"},{"@type":"ListItem","position":3,"name":"LES ABRIS POUR PISCINE"}]},{"@type":"WebSite","@id":"https:\/\/terrasse-mobile.net\/#website","url":"https:\/\/terrasse-mobile.net\/","name":"Slidedeck","description":"Ma\u00dfgeschneiderte Konstruktion von mobilen Terrassen in der \u00cele-de-France","publisher":{"@id":"https:\/\/terrasse-mobile.net\/#organization"},"potentialAction":[{"@type":"SearchAction","target":{"@type":"EntryPoint","urlTemplate":"https:\/\/terrasse-mobile.net\/?s={search_term_string}"},"query-input":{"@type":"PropertyValueSpecification","valueRequired":true,"valueName":"search_term_string"}}],"inLanguage":"de-CH"},{"@type":"Organization","@id":"https:\/\/terrasse-mobile.net\/#organization","name":"Slidedeck","url":"https:\/\/terrasse-mobile.net\/","logo":{"@type":"ImageObject","inLanguage":"de-CH","@id":"https:\/\/terrasse-mobile.net\/#\/schema\/logo\/image\/","url":"https:\/\/terrasse-mobile.net\/wp-content\/uploads\/2024\/01\/logo-slidedeck.jpg","contentUrl":"https:\/\/terrasse-mobile.net\/wp-content\/uploads\/2024\/01\/logo-slidedeck.jpg","width":2000,"height":1103,"caption":"Slidedeck"},"image":{"@id":"https:\/\/terrasse-mobile.net\/#\/schema\/logo\/image\/"}}]}},"_links":{"self":[{"href":"https:\/\/terrasse-mobile.net\/de_ch\/wp-json\/wp\/v2\/pages\/5620","targetHints":{"allow":["GET"]}}],"collection":[{"href":"https:\/\/terrasse-mobile.net\/de_ch\/wp-json\/wp\/v2\/pages"}],"about":[{"href":"https:\/\/terrasse-mobile.net\/de_ch\/wp-json\/wp\/v2\/types\/page"}],"author":[{"embeddable":true,"href":"https:\/\/terrasse-mobile.net\/de_ch\/wp-json\/wp\/v2\/users\/1"}],"replies":[{"embeddable":true,"href":"https:\/\/terrasse-mobile.net\/de_ch\/wp-json\/wp\/v2\/comments?post=5620"}],"version-history":[{"count":9,"href":"https:\/\/terrasse-mobile.net\/de_ch\/wp-json\/wp\/v2\/pages\/5620\/revisions"}],"predecessor-version":[{"id":7323,"href":"https:\/\/terrasse-mobile.net\/de_ch\/wp-json\/wp\/v2\/pages\/5620\/revisions\/7323"}],"up":[{"embeddable":true,"href":"https:\/\/terrasse-mobile.net\/de_ch\/wp-json\/wp\/v2\/pages\/5610"}],"wp:featuredmedia":[{"embeddable":true,"href":"https:\/\/terrasse-mobile.net\/de_ch\/wp-json\/wp\/v2\/media\/3640"}],"wp:attachment":[{"href":"https:\/\/terrasse-mobile.net\/de_ch\/wp-json\/wp\/v2\/media?parent=5620"}],"wp:term":[{"taxonomy":"folder","embeddable":true,"href":"https:\/\/terrasse-mobile.net\/de_ch\/wp-json\/wp\/v2\/folder?post=5620"}],"curies":[{"name":"wp","href":"https:\/\/api.w.org\/{rel}","templated":true}]}}