{"id":5624,"date":"2024-10-02T14:44:31","date_gmt":"2024-10-02T12:44:31","guid":{"rendered":"https:\/\/terrasse-mobile.net\/?page_id=5624"},"modified":"2025-11-25T16:35:52","modified_gmt":"2025-11-25T15:35:52","slug":"schwimmbadtauchklappe","status":"publish","type":"page","link":"https:\/\/terrasse-mobile.net\/de_ch\/protections-piscine\/volet-immerge-piscine\/","title":{"rendered":"DIE UNTERWASSERKLAPPEN F\u00dcR SCHWIMMB\u00c4DER"},"content":{"rendered":"<div class=\"wp-block-group\"><div class=\"wp-block-group__inner-container is-layout-constrained wp-block-group-is-layout-constrained\">\n<div class=\"wp-block-columns is-layout-flex wp-container-core-columns-is-layout-9d6595d7 wp-block-columns-is-layout-flex\">\n<div class=\"wp-block-column is-layout-flow wp-block-column-is-layout-flow\">\n<h2 class=\"wp-block-heading\">Entdecken Sie unsere Unterwasserklappen zum Schutz Ihres Pools<\/h2>\n\n\n\n<p>Die Unterwasserabdeckung ist eine hervorragende Variante der beweglichen Terrasse, wenn Ihr Ziel darin besteht, das Wasser Ihres Schwimmbeckens zu sch\u00fctzen. Auch als Schwimmbadvorhang bezeichnet, erm\u00f6glicht die Unterwasserabdeckung einen wirksamen Schutz des Wassers in Ihrem Schwimmbad. In der ge\u00f6ffneten Position ist die Abdeckung um eine Metallachse gewickelt, die sich in einer Wanne aus Stahlbeton befindet. Um den Pool zu schlie\u00dfen, m\u00fcssen Sie nur den Mechanismus (elektronisch oder manuell) aktivieren, um die Unterwasserabdeckung zu schlie\u00dfen.&nbsp;<\/p>\n\n\n\n<p>Entdecken Sie auch das ultra-innovative Autofix-System. Autofix erm\u00f6glicht es, die Unterwasserklappe mithilfe eines Magnetsystems zu verriegeln. Die Magnete am Ende des Rollladens werden an einer Metallmembrane befestigt, die hinter der PVC-Membrane verborgen ist.<\/p>\n\n\n\n<p>Entdecken Sie jetzt die Vorteile, die eine Unterwasserabdeckung f\u00fcr Ihren Pool bietet ...<\/p>\n<\/div>\n\n\n\n<div class=\"wp-block-column is-layout-flow wp-block-column-is-layout-flow\">\n<figure class=\"wp-block-image size-full\"><img decoding=\"async\" width=\"600\" height=\"397\" src=\"https:\/\/terrasse-mobile.net\/wp-content\/uploads\/2024\/02\/REA-BEAUGRAND-VOLET-00009.jpg\" alt=\"Unterwasserklappen f\u00fcr Schwimmb\u00e4der\" class=\"wp-image-2387\" style=\"aspect-ratio:3\/2;object-fit:cover\" srcset=\"https:\/\/terrasse-mobile.net\/wp-content\/uploads\/2024\/02\/REA-BEAUGRAND-VOLET-00009.jpg 600w, https:\/\/terrasse-mobile.net\/wp-content\/uploads\/2024\/02\/REA-BEAUGRAND-VOLET-00009-300x199.jpg 300w\" sizes=\"(max-width: 600px) 100vw, 600px\" \/><\/figure>\n<\/div>\n<\/div>\n<\/div><\/div>\n\n\n\n<div class=\"wp-block-group\"><div class=\"wp-block-group__inner-container is-layout-constrained wp-block-group-is-layout-constrained\">\n<div class=\"wp-block-columns is-layout-flex wp-container-core-columns-is-layout-9d6595d7 wp-block-columns-is-layout-flex\">\n<div class=\"wp-block-column is-layout-flow wp-block-column-is-layout-flow\">\n<figure class=\"wp-block-image size-full\"><img decoding=\"async\" width=\"600\" height=\"397\" src=\"https:\/\/terrasse-mobile.net\/wp-content\/uploads\/2024\/02\/REA-BEAUGRAND-VOLET-00007.jpg\" alt=\"Unterwasserklappe Schwimmbad\" class=\"wp-image-2388\" style=\"aspect-ratio:3\/2;object-fit:cover\" srcset=\"https:\/\/terrasse-mobile.net\/wp-content\/uploads\/2024\/02\/REA-BEAUGRAND-VOLET-00007.jpg 600w, https:\/\/terrasse-mobile.net\/wp-content\/uploads\/2024\/02\/REA-BEAUGRAND-VOLET-00007-300x199.jpg 300w\" sizes=\"(max-width: 600px) 100vw, 600px\" \/><\/figure>\n<\/div>\n\n\n\n<div class=\"wp-block-column is-layout-flow wp-block-column-is-layout-flow\">\n<h2 class=\"wp-block-heading\">Entdecken Sie unsere Unterwasserklappen zum Schutz Ihres Pools<\/h2>\n\n\n\n<p>Diese spezielle Abdeckung sch\u00fctzt das Wasser des Schwimmbeckens vor Schmutz und Staub und erleichtert so die Aufrechterhaltung der Wasserqualit\u00e4t. Die Unterwasserabdeckung vereinfacht auch die Pflege des Schwimmbeckens (es bleibt jedoch Pflicht, den Zustand des Schwimmbeckens zu \u00fcberpr\u00fcfen und das Wasser weiterhin zu behandeln).<\/p>\n\n\n\n<h2 class=\"wp-block-heading\">Verringert die Verdunstung des Wassers in Ihrem Pool<\/h2>\n\n\n\n<p>Dank ihrer Wasserdichtigkeit schr\u00e4nkt die Unterwasserklappe die Wasserverdunstung deutlich ein und tr\u00e4gt so zu einem verantwortungsvolleren Umgang mit dem Wasserverbrauch bei.<\/p>\n<\/div>\n<\/div>\n<\/div><\/div>\n\n\n\n<h2 class=\"wp-block-heading\"><\/h2>\n\n\n\n<div class=\"wp-block-group\"><div class=\"wp-block-group__inner-container is-layout-constrained wp-block-group-is-layout-constrained\">\n<div class=\"wp-block-columns is-layout-flex wp-container-core-columns-is-layout-9d6595d7 wp-block-columns-is-layout-flex\">\n<div class=\"wp-block-column is-layout-flow wp-block-column-is-layout-flow\">\n<h2 class=\"wp-block-heading\">Aufrechterhaltung der Wassertemperatur in Ihrem Pool<\/h2>\n\n\n\n<p>Die optimale Temperatur des Schwimmbadwassers aufrechtzuerhalten, kann sich als schwierig erweisen, vor allem in den Zwischenjahreszeiten. Der Rollladen bewahrt die W\u00e4rme des Wassers und f\u00f6rdert durch den Treibhauseffekt, den er erzeugt, sogar seine Erw\u00e4rmung.<\/p>\n\n\n\n<h2 class=\"wp-block-heading\">Die \u00c4sthetik Ihres Pools wird bewahrt<\/h2>\n\n\n\n<p>Unsere Unterwasserl\u00e4den sind in einer Vielzahl von Farben und Materialien erh\u00e4ltlich, sodass sie zu jedem Stil passen. Die Unterwasser- oder integrierten Modelle zeichnen sich durch ihre Diskretion und ihr gepflegtes Design aus.<\/p>\n\n\n\n<div class=\"wp-block-buttons is-layout-flex wp-block-buttons-is-layout-flex\">\n<div class=\"wp-block-button is-style-outline is-style-outline--1\"><a class=\"wp-block-button__link has-small-font-size has-custom-font-size wp-element-button\" href=\"https:\/\/piscines.oxatis.com\/volet-immerge-pour-piscine-a-debordement.htm\">ENTDECKEN SIE EINE INSTALLATION EINER UNTERWASSERKLAPPE DURCH PISCINE NATURE<\/a><\/div>\n<\/div>\n<\/div>\n\n\n\n<div class=\"wp-block-column is-layout-flow wp-block-column-is-layout-flow\">\n<figure class=\"wp-block-image size-full\"><img decoding=\"async\" width=\"600\" height=\"397\" src=\"https:\/\/terrasse-mobile.net\/wp-content\/uploads\/2024\/02\/REA-BEAUGRAND-VOLET-00005.jpg\" alt=\"Unterwasserklappe geschlossen\" class=\"wp-image-2406\" style=\"aspect-ratio:3\/2;object-fit:cover\" srcset=\"https:\/\/terrasse-mobile.net\/wp-content\/uploads\/2024\/02\/REA-BEAUGRAND-VOLET-00005.jpg 600w, https:\/\/terrasse-mobile.net\/wp-content\/uploads\/2024\/02\/REA-BEAUGRAND-VOLET-00005-300x199.jpg 300w\" sizes=\"(max-width: 600px) 100vw, 600px\" \/><\/figure>\n<\/div>\n<\/div>\n<\/div><\/div>","protected":false},"excerpt":{"rendered":"<p>D\u00e9couvrez nos volets immerg\u00e9s pour prot\u00e9ger votre piscine\u200b Le volet immerg\u00e9 est une excellente variante de la terrasse mobile si votre objectif est de prot\u00e9ger l&rsquo;eau de votre piscine. Aussi appel\u00e9 rideau de piscine, le volet immerg\u00e9 permet une protection efficace de l&rsquo;eau de votre piscine. En position ouverte, le volet est enroul\u00e9 autour d&rsquo;un&#8230;<\/p>","protected":false},"author":1,"featured_media":3640,"parent":5610,"menu_order":62,"comment_status":"closed","ping_status":"closed","template":"","meta":{"_kad_post_transparent":"","_kad_post_title":"","_kad_post_layout":"","_kad_post_sidebar_id":"","_kad_post_content_style":"","_kad_post_vertical_padding":"","_kad_post_feature":"","_kad_post_feature_position":"","_kad_post_header":false,"_kad_post_footer":false,"_kad_post_classname":"","footnotes":""},"folder":[],"class_list":["post-5624","page","type-page","status-publish","has-post-thumbnail","hentry"],"yoast_head":"<!-- This site is optimized with the Yoast SEO plugin v27.4 - https:\/\/yoast.com\/product\/yoast-seo-wordpress\/ -->\n<title>Le volet immerg\u00e9 pour piscine<\/title>\n<meta name=\"description\" content=\"Les volets immerg\u00e9s en polyur\u00e9thane sont une solution de protection de piscine aussi discr\u00e8te qu&#039;esth\u00e9tique.\" \/>\n<meta name=\"robots\" content=\"index, follow, max-snippet:-1, max-image-preview:large, max-video-preview:-1\" \/>\n<link rel=\"canonical\" href=\"https:\/\/terrasse-mobile.net\/de_ch\/schwimmbeckenschutz\/schwimmbadtauchklappe\/\" \/>\n<meta property=\"og:locale\" content=\"de_DE\" \/>\n<meta property=\"og:type\" content=\"article\" \/>\n<meta property=\"og:title\" content=\"Le volet immerg\u00e9 pour piscine\" \/>\n<meta property=\"og:description\" content=\"Les volets immerg\u00e9s en polyur\u00e9thane sont une solution de protection de piscine aussi discr\u00e8te qu&#039;esth\u00e9tique.\" \/>\n<meta property=\"og:url\" content=\"https:\/\/terrasse-mobile.net\/de_ch\/schwimmbeckenschutz\/schwimmbadtauchklappe\/\" \/>\n<meta property=\"og:site_name\" content=\"Terrasse mobile\" \/>\n<meta property=\"article:modified_time\" content=\"2025-11-25T15:35:52+00:00\" \/>\n<meta property=\"og:image\" content=\"https:\/\/terrasse-mobile.net\/wp-content\/uploads\/2024\/02\/REAL-SABOURAULT-PISCINE-2.jpg\" \/>\n\t<meta property=\"og:image:width\" content=\"2000\" \/>\n\t<meta property=\"og:image:height\" content=\"1500\" \/>\n\t<meta property=\"og:image:type\" content=\"image\/jpeg\" \/>\n<meta name=\"twitter:card\" content=\"summary_large_image\" \/>\n<meta name=\"twitter:label1\" content=\"Gesch\u00e4tzte Lesezeit\" \/>\n\t<meta name=\"twitter:data1\" content=\"3\u00a0Minuten\" \/>\n<script type=\"application\/ld+json\" class=\"yoast-schema-graph\">{\"@context\":\"https:\\\/\\\/schema.org\",\"@graph\":[{\"@type\":\"WebPage\",\"@id\":\"https:\\\/\\\/terrasse-mobile.net\\\/protections-piscine\\\/volet-immerge-piscine\\\/\",\"url\":\"https:\\\/\\\/terrasse-mobile.net\\\/protections-piscine\\\/volet-immerge-piscine\\\/\",\"name\":\"Le volet immerg\u00e9 pour piscine\",\"isPartOf\":{\"@id\":\"https:\\\/\\\/terrasse-mobile.net\\\/#website\"},\"primaryImageOfPage\":{\"@id\":\"https:\\\/\\\/terrasse-mobile.net\\\/protections-piscine\\\/volet-immerge-piscine\\\/#primaryimage\"},\"image\":{\"@id\":\"https:\\\/\\\/terrasse-mobile.net\\\/protections-piscine\\\/volet-immerge-piscine\\\/#primaryimage\"},\"thumbnailUrl\":\"https:\\\/\\\/terrasse-mobile.net\\\/wp-content\\\/uploads\\\/2024\\\/02\\\/REAL-SABOURAULT-PISCINE-2.jpg\",\"datePublished\":\"2024-10-02T12:44:31+00:00\",\"dateModified\":\"2025-11-25T15:35:52+00:00\",\"description\":\"Les volets immerg\u00e9s en polyur\u00e9thane sont une solution de protection de piscine aussi discr\u00e8te qu'esth\u00e9tique.\",\"breadcrumb\":{\"@id\":\"https:\\\/\\\/terrasse-mobile.net\\\/protections-piscine\\\/volet-immerge-piscine\\\/#breadcrumb\"},\"inLanguage\":\"de-CH\",\"potentialAction\":[{\"@type\":\"ReadAction\",\"target\":[\"https:\\\/\\\/terrasse-mobile.net\\\/protections-piscine\\\/volet-immerge-piscine\\\/\"]}]},{\"@type\":\"ImageObject\",\"inLanguage\":\"de-CH\",\"@id\":\"https:\\\/\\\/terrasse-mobile.net\\\/protections-piscine\\\/volet-immerge-piscine\\\/#primaryimage\",\"url\":\"https:\\\/\\\/terrasse-mobile.net\\\/wp-content\\\/uploads\\\/2024\\\/02\\\/REAL-SABOURAULT-PISCINE-2.jpg\",\"contentUrl\":\"https:\\\/\\\/terrasse-mobile.net\\\/wp-content\\\/uploads\\\/2024\\\/02\\\/REAL-SABOURAULT-PISCINE-2.jpg\",\"width\":2000,\"height\":1500,\"caption\":\"DCIM100MEDIADJI_0365.JPG\"},{\"@type\":\"BreadcrumbList\",\"@id\":\"https:\\\/\\\/terrasse-mobile.net\\\/protections-piscine\\\/volet-immerge-piscine\\\/#breadcrumb\",\"itemListElement\":[{\"@type\":\"ListItem\",\"position\":1,\"name\":\"Accueil\",\"item\":\"https:\\\/\\\/terrasse-mobile.net\\\/\"},{\"@type\":\"ListItem\",\"position\":2,\"name\":\"LES AUTRES SOLUTIONS DE PROTECTION\",\"item\":\"https:\\\/\\\/terrasse-mobile.net\\\/protections-piscine\\\/\"},{\"@type\":\"ListItem\",\"position\":3,\"name\":\"LES VOLETS IMMERG\u00c9S POUR PISCINE\"}]},{\"@type\":\"WebSite\",\"@id\":\"https:\\\/\\\/terrasse-mobile.net\\\/#website\",\"url\":\"https:\\\/\\\/terrasse-mobile.net\\\/\",\"name\":\"Slidedeck\",\"description\":\"Construction sur mesure de terrasses mobiles en \u00cele-de-France\",\"publisher\":{\"@id\":\"https:\\\/\\\/terrasse-mobile.net\\\/#organization\"},\"potentialAction\":[{\"@type\":\"SearchAction\",\"target\":{\"@type\":\"EntryPoint\",\"urlTemplate\":\"https:\\\/\\\/terrasse-mobile.net\\\/?s={search_term_string}\"},\"query-input\":{\"@type\":\"PropertyValueSpecification\",\"valueRequired\":true,\"valueName\":\"search_term_string\"}}],\"inLanguage\":\"de-CH\"},{\"@type\":\"Organization\",\"@id\":\"https:\\\/\\\/terrasse-mobile.net\\\/#organization\",\"name\":\"Slidedeck\",\"url\":\"https:\\\/\\\/terrasse-mobile.net\\\/\",\"logo\":{\"@type\":\"ImageObject\",\"inLanguage\":\"de-CH\",\"@id\":\"https:\\\/\\\/terrasse-mobile.net\\\/#\\\/schema\\\/logo\\\/image\\\/\",\"url\":\"https:\\\/\\\/terrasse-mobile.net\\\/wp-content\\\/uploads\\\/2024\\\/01\\\/logo-slidedeck.jpg\",\"contentUrl\":\"https:\\\/\\\/terrasse-mobile.net\\\/wp-content\\\/uploads\\\/2024\\\/01\\\/logo-slidedeck.jpg\",\"width\":2000,\"height\":1103,\"caption\":\"Slidedeck\"},\"image\":{\"@id\":\"https:\\\/\\\/terrasse-mobile.net\\\/#\\\/schema\\\/logo\\\/image\\\/\"}}]}<\/script>\n<!-- \/ Yoast SEO plugin. -->","yoast_head_json":{"title":"Die Unterwasserabdeckung f\u00fcr den Pool","description":"Unterwasserabdeckungen aus Polyurethan sind eine ebenso diskrete wie \u00e4sthetische L\u00f6sung f\u00fcr den Schutz Ihres Pools.","robots":{"index":"index","follow":"follow","max-snippet":"max-snippet:-1","max-image-preview":"max-image-preview:large","max-video-preview":"max-video-preview:-1"},"canonical":"https:\/\/terrasse-mobile.net\/de_ch\/schwimmbeckenschutz\/schwimmbadtauchklappe\/","og_locale":"de_DE","og_type":"article","og_title":"Le volet immerg\u00e9 pour piscine","og_description":"Les volets immerg\u00e9s en polyur\u00e9thane sont une solution de protection de piscine aussi discr\u00e8te qu'esth\u00e9tique.","og_url":"https:\/\/terrasse-mobile.net\/de_ch\/schwimmbeckenschutz\/schwimmbadtauchklappe\/","og_site_name":"Terrasse mobile","article_modified_time":"2025-11-25T15:35:52+00:00","og_image":[{"width":2000,"height":1500,"url":"https:\/\/terrasse-mobile.net\/wp-content\/uploads\/2024\/02\/REAL-SABOURAULT-PISCINE-2.jpg","type":"image\/jpeg"}],"twitter_card":"summary_large_image","twitter_misc":{"Gesch\u00e4tzte Lesezeit":"3\u00a0Minuten"},"schema":{"@context":"https:\/\/schema.org","@graph":[{"@type":"WebPage","@id":"https:\/\/terrasse-mobile.net\/protections-piscine\/volet-immerge-piscine\/","url":"https:\/\/terrasse-mobile.net\/protections-piscine\/volet-immerge-piscine\/","name":"Die Unterwasserabdeckung f\u00fcr den Pool","isPartOf":{"@id":"https:\/\/terrasse-mobile.net\/#website"},"primaryImageOfPage":{"@id":"https:\/\/terrasse-mobile.net\/protections-piscine\/volet-immerge-piscine\/#primaryimage"},"image":{"@id":"https:\/\/terrasse-mobile.net\/protections-piscine\/volet-immerge-piscine\/#primaryimage"},"thumbnailUrl":"https:\/\/terrasse-mobile.net\/wp-content\/uploads\/2024\/02\/REAL-SABOURAULT-PISCINE-2.jpg","datePublished":"2024-10-02T12:44:31+00:00","dateModified":"2025-11-25T15:35:52+00:00","description":"Unterwasserabdeckungen aus Polyurethan sind eine ebenso diskrete wie \u00e4sthetische L\u00f6sung f\u00fcr den Schutz Ihres Pools.","breadcrumb":{"@id":"https:\/\/terrasse-mobile.net\/protections-piscine\/volet-immerge-piscine\/#breadcrumb"},"inLanguage":"de-CH","potentialAction":[{"@type":"ReadAction","target":["https:\/\/terrasse-mobile.net\/protections-piscine\/volet-immerge-piscine\/"]}]},{"@type":"ImageObject","inLanguage":"de-CH","@id":"https:\/\/terrasse-mobile.net\/protections-piscine\/volet-immerge-piscine\/#primaryimage","url":"https:\/\/terrasse-mobile.net\/wp-content\/uploads\/2024\/02\/REAL-SABOURAULT-PISCINE-2.jpg","contentUrl":"https:\/\/terrasse-mobile.net\/wp-content\/uploads\/2024\/02\/REAL-SABOURAULT-PISCINE-2.jpg","width":2000,"height":1500,"caption":"DCIM100MEDIADJI_0365.JPG"},{"@type":"BreadcrumbList","@id":"https:\/\/terrasse-mobile.net\/protections-piscine\/volet-immerge-piscine\/#breadcrumb","itemListElement":[{"@type":"ListItem","position":1,"name":"Accueil","item":"https:\/\/terrasse-mobile.net\/"},{"@type":"ListItem","position":2,"name":"LES AUTRES SOLUTIONS DE PROTECTION","item":"https:\/\/terrasse-mobile.net\/protections-piscine\/"},{"@type":"ListItem","position":3,"name":"LES VOLETS IMMERG\u00c9S POUR PISCINE"}]},{"@type":"WebSite","@id":"https:\/\/terrasse-mobile.net\/#website","url":"https:\/\/terrasse-mobile.net\/","name":"Slidedeck","description":"Ma\u00dfgeschneiderte Konstruktion von mobilen Terrassen in der \u00cele-de-France","publisher":{"@id":"https:\/\/terrasse-mobile.net\/#organization"},"potentialAction":[{"@type":"SearchAction","target":{"@type":"EntryPoint","urlTemplate":"https:\/\/terrasse-mobile.net\/?s={search_term_string}"},"query-input":{"@type":"PropertyValueSpecification","valueRequired":true,"valueName":"search_term_string"}}],"inLanguage":"de-CH"},{"@type":"Organization","@id":"https:\/\/terrasse-mobile.net\/#organization","name":"Slidedeck","url":"https:\/\/terrasse-mobile.net\/","logo":{"@type":"ImageObject","inLanguage":"de-CH","@id":"https:\/\/terrasse-mobile.net\/#\/schema\/logo\/image\/","url":"https:\/\/terrasse-mobile.net\/wp-content\/uploads\/2024\/01\/logo-slidedeck.jpg","contentUrl":"https:\/\/terrasse-mobile.net\/wp-content\/uploads\/2024\/01\/logo-slidedeck.jpg","width":2000,"height":1103,"caption":"Slidedeck"},"image":{"@id":"https:\/\/terrasse-mobile.net\/#\/schema\/logo\/image\/"}}]}},"_links":{"self":[{"href":"https:\/\/terrasse-mobile.net\/de_ch\/wp-json\/wp\/v2\/pages\/5624","targetHints":{"allow":["GET"]}}],"collection":[{"href":"https:\/\/terrasse-mobile.net\/de_ch\/wp-json\/wp\/v2\/pages"}],"about":[{"href":"https:\/\/terrasse-mobile.net\/de_ch\/wp-json\/wp\/v2\/types\/page"}],"author":[{"embeddable":true,"href":"https:\/\/terrasse-mobile.net\/de_ch\/wp-json\/wp\/v2\/users\/1"}],"replies":[{"embeddable":true,"href":"https:\/\/terrasse-mobile.net\/de_ch\/wp-json\/wp\/v2\/comments?post=5624"}],"version-history":[{"count":10,"href":"https:\/\/terrasse-mobile.net\/de_ch\/wp-json\/wp\/v2\/pages\/5624\/revisions"}],"predecessor-version":[{"id":7322,"href":"https:\/\/terrasse-mobile.net\/de_ch\/wp-json\/wp\/v2\/pages\/5624\/revisions\/7322"}],"up":[{"embeddable":true,"href":"https:\/\/terrasse-mobile.net\/de_ch\/wp-json\/wp\/v2\/pages\/5610"}],"wp:featuredmedia":[{"embeddable":true,"href":"https:\/\/terrasse-mobile.net\/de_ch\/wp-json\/wp\/v2\/media\/3640"}],"wp:attachment":[{"href":"https:\/\/terrasse-mobile.net\/de_ch\/wp-json\/wp\/v2\/media?parent=5624"}],"wp:term":[{"taxonomy":"folder","embeddable":true,"href":"https:\/\/terrasse-mobile.net\/de_ch\/wp-json\/wp\/v2\/folder?post=5624"}],"curies":[{"name":"wp","href":"https:\/\/api.w.org\/{rel}","templated":true}]}}