{"id":5657,"date":"2024-10-02T14:49:31","date_gmt":"2024-10-02T12:49:07","guid":{"rendered":"https:\/\/terrasse-mobile.net\/?page_id=5657"},"modified":"2025-10-08T11:17:17","modified_gmt":"2025-10-08T09:17:17","slug":"terrassenverkleidung-fur-mobilen-pool-aus-exotischem-holz-afrormosia","status":"publish","type":"page","link":"https:\/\/terrasse-mobile.net\/de_ch\/revetements\/bois-exotique\/habillage-terrasse-mobile-piscine-bois-exotique-afrormosia\/","title":{"rendered":"AFRORMOSIA-TERRASSENPLANKEN F\u00dcR MOBILE TERRASSEN"},"content":{"rendered":"<p><strong>Afrormosia<\/strong>&nbsp;ist eine der sch\u00f6nsten Holzarten, die man f\u00fcr die Herstellung eines sehr,&nbsp;<strong>sehr sch\u00f6ne mobile Terrasse<\/strong>.<br>Es ist ein au\u00dfergew\u00f6hnliches Holz mit einer sehr feinen Maserung, einer&nbsp;<strong>wundersch\u00f6ne Farbe<\/strong>, eine sehr gleichm\u00e4\u00dfige Maserung mit einer breiten Flamme, die an Teakholz erinnert. Afrormosia wird auch als \u00ab\u00a0<strong>Afrikanisches Teakholz<\/strong>\u00a0\u00bb; f\u00e4lschlicherweise. Es handelt sich nicht um Teakholz, aber es weist alle \u00e4sthetischen Eigenschaften auf, wie wir gerade gesehen haben, aber auch technische Eigenschaften, mit derselben Lebensdauer (50-60 Jahre...), derselben Dichte, einer&nbsp;<strong>bemerkenswerte Stabilit\u00e4t.<\/strong><\/p>\n\n\n\n<div class=\"wp-block-group\"><div class=\"wp-block-group__inner-container is-layout-constrained wp-block-group-is-layout-constrained\">\n<div class=\"wp-block-columns is-layout-flex wp-container-core-columns-is-layout-9d6595d7 wp-block-columns-is-layout-flex\">\n<div class=\"wp-block-column is-layout-flow wp-block-column-is-layout-flow\">\n<h2 class=\"wp-block-heading\">Die Eigenschaften der Dielen f\u00fcr mobile Terrassen aus Afrormosia<\/h2>\n\n\n\n<ul class=\"wp-block-list\">\n<li>- Er ist sehr <b>nachhaltig<\/b>. Seine Lebensdauer betr\u00e4gt mehr als 40 Jahre. <\/li>\n\n\n\n<li>- Er ist sehr <b>stabil<\/b> : Bei korrekter Verlegung verziehen sich Afrormosia-Dielen nicht, wellen sich nicht und verformen sich nicht.<\/li>\n\n\n\n<li>- Sein Aussehen ist sehr <b>regelm\u00e4\u00dfig<\/b>, mit sch\u00f6ner Maserung.<\/li>\n\n\n\n<li>\u2013 Unsere Bretter werden in standardisierten Abmessungen von 21 x 145 mm und in sch\u00f6nen L\u00e4ngen von 3 bis 4 Metern angeboten.<\/li>\n\n\n\n<li>\u2013 Unsere Lamellen f\u00fcr mobile Terrassen werden weiterhin angeboten. <b>glatt<\/b>, mit abgerundeten Ecken. Sie verursachen keine Splitter und sind nicht rutschig.<\/li>\n\n\n\n<li>\u2013 Afrormosia-Klingen ben\u00f6tigen <b>keine besondere Pflege<\/b>, au\u00dfer einmal im Jahr einer Reinigung mit einer B\u00fcrste und einem Reinigungsmittel.<\/li>\n<\/ul>\n<\/div>\n\n\n\n<div class=\"wp-block-column is-layout-flow wp-block-column-is-layout-flow\">\n<figure class=\"wp-block-image size-full\"><img decoding=\"async\" width=\"500\" height=\"331\" src=\"https:\/\/terrasse-mobile.net\/wp-content\/uploads\/2024\/03\/REAL-REC-LEGER-1.jpg\" alt=\"Terrasse mit Pool aus Afromosiaholz\" class=\"wp-image-4549\" style=\"aspect-ratio:3\/2;object-fit:cover\" srcset=\"https:\/\/terrasse-mobile.net\/wp-content\/uploads\/2024\/03\/REAL-REC-LEGER-1.jpg 500w, https:\/\/terrasse-mobile.net\/wp-content\/uploads\/2024\/03\/REAL-REC-LEGER-1-300x199.jpg 300w\" sizes=\"(max-width: 500px) 100vw, 500px\" \/><\/figure>\n<\/div>\n<\/div>\n<\/div><\/div>\n\n\n\n<p><br><\/p>\n\n\n\n<div class=\"wp-block-group\"><div class=\"wp-block-group__inner-container is-layout-constrained wp-block-group-is-layout-constrained\">\n<div class=\"wp-block-columns is-layout-flex wp-container-core-columns-is-layout-9d6595d7 wp-block-columns-is-layout-flex\">\n<div class=\"wp-block-column is-layout-flow wp-block-column-is-layout-flow\">\n<figure class=\"wp-block-image size-full\"><img decoding=\"async\" width=\"500\" height=\"331\" src=\"https:\/\/terrasse-mobile.net\/wp-content\/uploads\/2024\/03\/REAL-REC-LEGER-2.jpg\" alt=\"Terrasse mit Pool aus Afrormosia-Holz\" class=\"wp-image-4550\" style=\"aspect-ratio:3\/2;object-fit:cover\" srcset=\"https:\/\/terrasse-mobile.net\/wp-content\/uploads\/2024\/03\/REAL-REC-LEGER-2.jpg 500w, https:\/\/terrasse-mobile.net\/wp-content\/uploads\/2024\/03\/REAL-REC-LEGER-2-300x199.jpg 300w\" sizes=\"(max-width: 500px) 100vw, 500px\" \/><\/figure>\n<\/div>\n\n\n\n<div class=\"wp-block-column is-layout-flow wp-block-column-is-layout-flow\">\n<h2 class=\"wp-block-heading\">Afrormosia ist ein ideales Holz f\u00fcr eine au\u00dfergew\u00f6hnliche mobile Terrasse.<\/h2>\n\n\n\n<p>Diese Holzart ist aufgrund ihrer Seltenheit teurer als Cumaru, NICHT jedoch aufgrund ihrer \u00fcberlegenen technischen Eigenschaften.\u00a0 Afrormosia ist ebenso langlebig, stabil und robust wie Cumaru, aber aufgrund seiner Seltenheit teurer. Afrormosia wird auch Assamela genannt. Es handelt sich um ein Holz aus West- oder Zentralafrika, das in mehreren L\u00e4ndern (Kamerun, Kongo, Elfenbeink\u00fcste, Ghana, Demokratische Republik Kongo usw.) w\u00e4chst. In jedem afrikanischen Land hat dieser Baum einen anderen Namen!<\/p>\n\n\n\n<p><\/p>\n<\/div>\n<\/div>\n<\/div><\/div>\n\n\n\n<p class=\"has-text-align-center\">Afrormosia ist ein sehr angenehm zu bearbeitendes Holz, das einen angenehmen Duft verstr\u00f6mt.<\/p>\n\n\n\n<p class=\"has-text-align-center\">Das ist nat\u00fcrlich unser Lieblingsduft.<\/p>\n\n\n\n<div class=\"wp-block-buttons is-content-justification-center is-layout-flex wp-container-core-buttons-is-layout-16018d1d wp-block-buttons-is-layout-flex\">\n<div class=\"wp-block-button has-custom-font-size is-style-outline has-small-font-size is-style-outline--1\"><a class=\"wp-block-button__link wp-element-button\" href=\"https:\/\/terrasse-mobile.net\/de_ch\/mobile-terrasse-nach-mas\/vorlagen\/\">ENTDECKE DIE MODELLE<\/a><\/div>\n<\/div>","protected":false},"excerpt":{"rendered":"<p>L&rsquo;afrormosia&nbsp;est l&rsquo;une des plus belles essences qu&rsquo;on puisse trouver pour r\u00e9aliser une tr\u00e8s,&nbsp;tr\u00e8s belle terrasse mobile.C&rsquo;est une essence extraordinaire, avec un grain tr\u00e8s fin, une&nbsp;magnifique couleur, un veinage tr\u00e8s r\u00e9gulier avec une large flamme, qui ressemble au teck.L&rsquo;Afrormosia est aussi appel\u00e9 le \u00ab\u00a0Teck d&rsquo;Afrique\u00a0\u00bb ; improprement. Ce n&rsquo;est pas du Teck, mais il en a&#8230;<\/p>","protected":false},"author":1,"featured_media":3640,"parent":5501,"menu_order":47,"comment_status":"closed","ping_status":"closed","template":"","meta":{"_kad_post_transparent":"","_kad_post_title":"","_kad_post_layout":"","_kad_post_sidebar_id":"","_kad_post_content_style":"","_kad_post_vertical_padding":"","_kad_post_feature":"","_kad_post_feature_position":"","_kad_post_header":false,"_kad_post_footer":false,"_kad_post_classname":"","footnotes":""},"folder":[],"class_list":["post-5657","page","type-page","status-publish","has-post-thumbnail","hentry"],"yoast_head":"<!-- This site is optimized with the Yoast SEO plugin v27.4 - https:\/\/yoast.com\/product\/yoast-seo-wordpress\/ -->\n<title>Habillage de terrasse mobile de piscine en lames d&#039;Afrormosia<\/title>\n<meta name=\"description\" content=\"La terrasse mobile pour piscine SlideDeck peut \u00eatre habill\u00e9e avec de belles lames en bois exotique Afrormosia.\" \/>\n<meta name=\"robots\" content=\"index, follow, max-snippet:-1, max-image-preview:large, max-video-preview:-1\" \/>\n<link rel=\"canonical\" href=\"https:\/\/terrasse-mobile.net\/de_ch\/beschichtungen\/tropenholz\/terrassenverkleidung-fur-mobilen-pool-aus-exotischem-holz-afrormosia\/\" \/>\n<meta property=\"og:locale\" content=\"de_DE\" \/>\n<meta property=\"og:type\" content=\"article\" \/>\n<meta property=\"og:title\" content=\"Habillage de terrasse mobile de piscine en lames d&#039;Afrormosia\" \/>\n<meta property=\"og:description\" content=\"La terrasse mobile pour piscine SlideDeck peut \u00eatre habill\u00e9e avec de belles lames en bois exotique Afrormosia.\" \/>\n<meta property=\"og:url\" content=\"https:\/\/terrasse-mobile.net\/de_ch\/beschichtungen\/tropenholz\/terrassenverkleidung-fur-mobilen-pool-aus-exotischem-holz-afrormosia\/\" \/>\n<meta property=\"og:site_name\" content=\"Terrasse mobile\" \/>\n<meta property=\"article:modified_time\" content=\"2025-10-08T09:17:17+00:00\" \/>\n<meta property=\"og:image\" content=\"https:\/\/terrasse-mobile.net\/wp-content\/uploads\/2024\/02\/REAL-SABOURAULT-PISCINE-2.jpg\" \/>\n\t<meta property=\"og:image:width\" content=\"2000\" \/>\n\t<meta property=\"og:image:height\" content=\"1500\" \/>\n\t<meta property=\"og:image:type\" content=\"image\/jpeg\" \/>\n<meta name=\"twitter:card\" content=\"summary_large_image\" \/>\n<meta name=\"twitter:label1\" content=\"Gesch\u00e4tzte Lesezeit\" \/>\n\t<meta name=\"twitter:data1\" content=\"3\u00a0Minuten\" \/>\n<script type=\"application\/ld+json\" class=\"yoast-schema-graph\">{\"@context\":\"https:\\\/\\\/schema.org\",\"@graph\":[{\"@type\":\"WebPage\",\"@id\":\"https:\\\/\\\/terrasse-mobile.net\\\/revetements\\\/bois-exotique\\\/habillage-terrasse-mobile-piscine-bois-exotique-afrormosia\\\/\",\"url\":\"https:\\\/\\\/terrasse-mobile.net\\\/revetements\\\/bois-exotique\\\/habillage-terrasse-mobile-piscine-bois-exotique-afrormosia\\\/\",\"name\":\"Habillage de terrasse mobile de piscine en lames d'Afrormosia\",\"isPartOf\":{\"@id\":\"https:\\\/\\\/terrasse-mobile.net\\\/#website\"},\"primaryImageOfPage\":{\"@id\":\"https:\\\/\\\/terrasse-mobile.net\\\/revetements\\\/bois-exotique\\\/habillage-terrasse-mobile-piscine-bois-exotique-afrormosia\\\/#primaryimage\"},\"image\":{\"@id\":\"https:\\\/\\\/terrasse-mobile.net\\\/revetements\\\/bois-exotique\\\/habillage-terrasse-mobile-piscine-bois-exotique-afrormosia\\\/#primaryimage\"},\"thumbnailUrl\":\"https:\\\/\\\/terrasse-mobile.net\\\/wp-content\\\/uploads\\\/2024\\\/02\\\/REAL-SABOURAULT-PISCINE-2.jpg\",\"datePublished\":\"2024-10-02T12:49:07+00:00\",\"dateModified\":\"2025-10-08T09:17:17+00:00\",\"description\":\"La terrasse mobile pour piscine SlideDeck peut \u00eatre habill\u00e9e avec de belles lames en bois exotique Afrormosia.\",\"breadcrumb\":{\"@id\":\"https:\\\/\\\/terrasse-mobile.net\\\/revetements\\\/bois-exotique\\\/habillage-terrasse-mobile-piscine-bois-exotique-afrormosia\\\/#breadcrumb\"},\"inLanguage\":\"de-CH\",\"potentialAction\":[{\"@type\":\"ReadAction\",\"target\":[\"https:\\\/\\\/terrasse-mobile.net\\\/revetements\\\/bois-exotique\\\/habillage-terrasse-mobile-piscine-bois-exotique-afrormosia\\\/\"]}]},{\"@type\":\"ImageObject\",\"inLanguage\":\"de-CH\",\"@id\":\"https:\\\/\\\/terrasse-mobile.net\\\/revetements\\\/bois-exotique\\\/habillage-terrasse-mobile-piscine-bois-exotique-afrormosia\\\/#primaryimage\",\"url\":\"https:\\\/\\\/terrasse-mobile.net\\\/wp-content\\\/uploads\\\/2024\\\/02\\\/REAL-SABOURAULT-PISCINE-2.jpg\",\"contentUrl\":\"https:\\\/\\\/terrasse-mobile.net\\\/wp-content\\\/uploads\\\/2024\\\/02\\\/REAL-SABOURAULT-PISCINE-2.jpg\",\"width\":2000,\"height\":1500,\"caption\":\"DCIM100MEDIADJI_0365.JPG\"},{\"@type\":\"BreadcrumbList\",\"@id\":\"https:\\\/\\\/terrasse-mobile.net\\\/revetements\\\/bois-exotique\\\/habillage-terrasse-mobile-piscine-bois-exotique-afrormosia\\\/#breadcrumb\",\"itemListElement\":[{\"@type\":\"ListItem\",\"position\":1,\"name\":\"Accueil\",\"item\":\"https:\\\/\\\/terrasse-mobile.net\\\/\"},{\"@type\":\"ListItem\",\"position\":2,\"name\":\"LES REV\u00caTEMENTS POUR TERRASSE MOBILE SLIDEDECK\",\"item\":\"https:\\\/\\\/terrasse-mobile.net\\\/revetements\\\/\"},{\"@type\":\"ListItem\",\"position\":3,\"name\":\"LES BOIS EXOTIQUES POUR TERRASSE MOBILE\",\"item\":\"https:\\\/\\\/terrasse-mobile.net\\\/revetements\\\/bois-exotique\\\/\"},{\"@type\":\"ListItem\",\"position\":4,\"name\":\"LAMES DE TERRASSE EN AFRORMOSIA POUR TERRASSE MOBILE\"}]},{\"@type\":\"WebSite\",\"@id\":\"https:\\\/\\\/terrasse-mobile.net\\\/#website\",\"url\":\"https:\\\/\\\/terrasse-mobile.net\\\/\",\"name\":\"Slidedeck\",\"description\":\"Construction sur mesure de terrasses mobiles en \u00cele-de-France\",\"publisher\":{\"@id\":\"https:\\\/\\\/terrasse-mobile.net\\\/#organization\"},\"potentialAction\":[{\"@type\":\"SearchAction\",\"target\":{\"@type\":\"EntryPoint\",\"urlTemplate\":\"https:\\\/\\\/terrasse-mobile.net\\\/?s={search_term_string}\"},\"query-input\":{\"@type\":\"PropertyValueSpecification\",\"valueRequired\":true,\"valueName\":\"search_term_string\"}}],\"inLanguage\":\"de-CH\"},{\"@type\":\"Organization\",\"@id\":\"https:\\\/\\\/terrasse-mobile.net\\\/#organization\",\"name\":\"Slidedeck\",\"url\":\"https:\\\/\\\/terrasse-mobile.net\\\/\",\"logo\":{\"@type\":\"ImageObject\",\"inLanguage\":\"de-CH\",\"@id\":\"https:\\\/\\\/terrasse-mobile.net\\\/#\\\/schema\\\/logo\\\/image\\\/\",\"url\":\"https:\\\/\\\/terrasse-mobile.net\\\/wp-content\\\/uploads\\\/2024\\\/01\\\/logo-slidedeck.jpg\",\"contentUrl\":\"https:\\\/\\\/terrasse-mobile.net\\\/wp-content\\\/uploads\\\/2024\\\/01\\\/logo-slidedeck.jpg\",\"width\":2000,\"height\":1103,\"caption\":\"Slidedeck\"},\"image\":{\"@id\":\"https:\\\/\\\/terrasse-mobile.net\\\/#\\\/schema\\\/logo\\\/image\\\/\"}}]}<\/script>\n<!-- \/ Yoast SEO plugin. -->","yoast_head_json":{"title":"Mobile Terrassenverkleidung f\u00fcr Swimmingpools aus Afrormosia-Dielen","description":"Die mobile Terrasse f\u00fcr Schwimmb\u00e4der SlideDeck kann mit sch\u00f6nen Dielen aus dem exotischen Holz Afrormosia verkleidet werden.","robots":{"index":"index","follow":"follow","max-snippet":"max-snippet:-1","max-image-preview":"max-image-preview:large","max-video-preview":"max-video-preview:-1"},"canonical":"https:\/\/terrasse-mobile.net\/de_ch\/beschichtungen\/tropenholz\/terrassenverkleidung-fur-mobilen-pool-aus-exotischem-holz-afrormosia\/","og_locale":"de_DE","og_type":"article","og_title":"Habillage de terrasse mobile de piscine en lames d'Afrormosia","og_description":"La terrasse mobile pour piscine SlideDeck peut \u00eatre habill\u00e9e avec de belles lames en bois exotique Afrormosia.","og_url":"https:\/\/terrasse-mobile.net\/de_ch\/beschichtungen\/tropenholz\/terrassenverkleidung-fur-mobilen-pool-aus-exotischem-holz-afrormosia\/","og_site_name":"Terrasse mobile","article_modified_time":"2025-10-08T09:17:17+00:00","og_image":[{"width":2000,"height":1500,"url":"https:\/\/terrasse-mobile.net\/wp-content\/uploads\/2024\/02\/REAL-SABOURAULT-PISCINE-2.jpg","type":"image\/jpeg"}],"twitter_card":"summary_large_image","twitter_misc":{"Gesch\u00e4tzte Lesezeit":"3\u00a0Minuten"},"schema":{"@context":"https:\/\/schema.org","@graph":[{"@type":"WebPage","@id":"https:\/\/terrasse-mobile.net\/revetements\/bois-exotique\/habillage-terrasse-mobile-piscine-bois-exotique-afrormosia\/","url":"https:\/\/terrasse-mobile.net\/revetements\/bois-exotique\/habillage-terrasse-mobile-piscine-bois-exotique-afrormosia\/","name":"Mobile Terrassenverkleidung f\u00fcr Swimmingpools aus Afrormosia-Dielen","isPartOf":{"@id":"https:\/\/terrasse-mobile.net\/#website"},"primaryImageOfPage":{"@id":"https:\/\/terrasse-mobile.net\/revetements\/bois-exotique\/habillage-terrasse-mobile-piscine-bois-exotique-afrormosia\/#primaryimage"},"image":{"@id":"https:\/\/terrasse-mobile.net\/revetements\/bois-exotique\/habillage-terrasse-mobile-piscine-bois-exotique-afrormosia\/#primaryimage"},"thumbnailUrl":"https:\/\/terrasse-mobile.net\/wp-content\/uploads\/2024\/02\/REAL-SABOURAULT-PISCINE-2.jpg","datePublished":"2024-10-02T12:49:07+00:00","dateModified":"2025-10-08T09:17:17+00:00","description":"Die mobile Terrasse f\u00fcr Schwimmb\u00e4der SlideDeck kann mit sch\u00f6nen Dielen aus dem exotischen Holz Afrormosia verkleidet werden.","breadcrumb":{"@id":"https:\/\/terrasse-mobile.net\/revetements\/bois-exotique\/habillage-terrasse-mobile-piscine-bois-exotique-afrormosia\/#breadcrumb"},"inLanguage":"de-CH","potentialAction":[{"@type":"ReadAction","target":["https:\/\/terrasse-mobile.net\/revetements\/bois-exotique\/habillage-terrasse-mobile-piscine-bois-exotique-afrormosia\/"]}]},{"@type":"ImageObject","inLanguage":"de-CH","@id":"https:\/\/terrasse-mobile.net\/revetements\/bois-exotique\/habillage-terrasse-mobile-piscine-bois-exotique-afrormosia\/#primaryimage","url":"https:\/\/terrasse-mobile.net\/wp-content\/uploads\/2024\/02\/REAL-SABOURAULT-PISCINE-2.jpg","contentUrl":"https:\/\/terrasse-mobile.net\/wp-content\/uploads\/2024\/02\/REAL-SABOURAULT-PISCINE-2.jpg","width":2000,"height":1500,"caption":"DCIM100MEDIADJI_0365.JPG"},{"@type":"BreadcrumbList","@id":"https:\/\/terrasse-mobile.net\/revetements\/bois-exotique\/habillage-terrasse-mobile-piscine-bois-exotique-afrormosia\/#breadcrumb","itemListElement":[{"@type":"ListItem","position":1,"name":"Accueil","item":"https:\/\/terrasse-mobile.net\/"},{"@type":"ListItem","position":2,"name":"LES REV\u00caTEMENTS POUR TERRASSE MOBILE SLIDEDECK","item":"https:\/\/terrasse-mobile.net\/revetements\/"},{"@type":"ListItem","position":3,"name":"LES BOIS EXOTIQUES POUR TERRASSE MOBILE","item":"https:\/\/terrasse-mobile.net\/revetements\/bois-exotique\/"},{"@type":"ListItem","position":4,"name":"LAMES DE TERRASSE EN AFRORMOSIA POUR TERRASSE MOBILE"}]},{"@type":"WebSite","@id":"https:\/\/terrasse-mobile.net\/#website","url":"https:\/\/terrasse-mobile.net\/","name":"Slidedeck","description":"Ma\u00dfgeschneiderte Konstruktion von mobilen Terrassen in der \u00cele-de-France","publisher":{"@id":"https:\/\/terrasse-mobile.net\/#organization"},"potentialAction":[{"@type":"SearchAction","target":{"@type":"EntryPoint","urlTemplate":"https:\/\/terrasse-mobile.net\/?s={search_term_string}"},"query-input":{"@type":"PropertyValueSpecification","valueRequired":true,"valueName":"search_term_string"}}],"inLanguage":"de-CH"},{"@type":"Organization","@id":"https:\/\/terrasse-mobile.net\/#organization","name":"Slidedeck","url":"https:\/\/terrasse-mobile.net\/","logo":{"@type":"ImageObject","inLanguage":"de-CH","@id":"https:\/\/terrasse-mobile.net\/#\/schema\/logo\/image\/","url":"https:\/\/terrasse-mobile.net\/wp-content\/uploads\/2024\/01\/logo-slidedeck.jpg","contentUrl":"https:\/\/terrasse-mobile.net\/wp-content\/uploads\/2024\/01\/logo-slidedeck.jpg","width":2000,"height":1103,"caption":"Slidedeck"},"image":{"@id":"https:\/\/terrasse-mobile.net\/#\/schema\/logo\/image\/"}}]}},"_links":{"self":[{"href":"https:\/\/terrasse-mobile.net\/de_ch\/wp-json\/wp\/v2\/pages\/5657","targetHints":{"allow":["GET"]}}],"collection":[{"href":"https:\/\/terrasse-mobile.net\/de_ch\/wp-json\/wp\/v2\/pages"}],"about":[{"href":"https:\/\/terrasse-mobile.net\/de_ch\/wp-json\/wp\/v2\/types\/page"}],"author":[{"embeddable":true,"href":"https:\/\/terrasse-mobile.net\/de_ch\/wp-json\/wp\/v2\/users\/1"}],"replies":[{"embeddable":true,"href":"https:\/\/terrasse-mobile.net\/de_ch\/wp-json\/wp\/v2\/comments?post=5657"}],"version-history":[{"count":5,"href":"https:\/\/terrasse-mobile.net\/de_ch\/wp-json\/wp\/v2\/pages\/5657\/revisions"}],"predecessor-version":[{"id":6155,"href":"https:\/\/terrasse-mobile.net\/de_ch\/wp-json\/wp\/v2\/pages\/5657\/revisions\/6155"}],"up":[{"embeddable":true,"href":"https:\/\/terrasse-mobile.net\/de_ch\/wp-json\/wp\/v2\/pages\/5501"}],"wp:featuredmedia":[{"embeddable":true,"href":"https:\/\/terrasse-mobile.net\/de_ch\/wp-json\/wp\/v2\/media\/3640"}],"wp:attachment":[{"href":"https:\/\/terrasse-mobile.net\/de_ch\/wp-json\/wp\/v2\/media?parent=5657"}],"wp:term":[{"taxonomy":"folder","embeddable":true,"href":"https:\/\/terrasse-mobile.net\/de_ch\/wp-json\/wp\/v2\/folder?post=5657"}],"curies":[{"name":"wp","href":"https:\/\/api.w.org\/{rel}","templated":true}]}}