{"id":5771,"date":"2024-10-02T14:40:31","date_gmt":"2024-10-02T12:40:28","guid":{"rendered":"https:\/\/terrasse-mobile.net\/?page_id=5771"},"modified":"2025-11-25T15:26:24","modified_gmt":"2025-11-25T14:26:24","slug":"mobile-terrasse-ile-de-france","status":"publish","type":"page","link":"https:\/\/terrasse-mobile.net\/de_ch\/slidedeck\/terrasse-mobile-ile-de-france\/","title":{"rendered":"ENTDECKEN SIE DIE MOBILE TERRASSE SLIDEDECK"},"content":{"rendered":"<div class=\"wp-block-group\"><div class=\"wp-block-group__inner-container is-layout-constrained wp-block-group-is-layout-constrained\">\n<p class=\"has-text-align-center\"><em>Wir sind stolz darauf, Ihnen unsere mobile Terrasse SlideDeck vorstellen zu k\u00f6nnen,<\/em> <br><em>ein technologischer Durchbruch in der Welt der Swimmingpools und Terrassen ...<\/em>.<\/p>\n<\/div><\/div>\n\n\n<style>.wp-block-kadence-advancedgallery .kb-gallery-type-grid.kb-gallery-id-5771_a49972-f2{margin:-10px;}.kb-gallery-type-grid.kb-gallery-id-5771_a49972-f2 .kadence-blocks-gallery-item{padding:10px;}.kb-gallery-id-5771_a49972-f2 .kadence-blocks-gallery-item .kb-gal-image-radius, .kb-gallery-id-5771_a49972-f2 .kb-slide-item .kb-gal-image-radius img{border-radius:0px 0px 0px 0px;;}.wp-block-kadence-advancedgallery.kb-gallery-wrap-id-5771_a49972-f2{overflow:visible;}.kb-gallery-id-5771_a49972-f2 .kadence-blocks-gallery-item .kb-gal-image-radius, .kb-gallery-id-5771_a49972-f2 .kadence-blocks-gallery-thumb-item .kb-gal-image-radius{box-shadow:0px 0px 0px 0px rgba(0, 0, 0, 0.2);}.kb-gallery-id-5771_a49972-f2 .kadence-blocks-gallery-item:hover .kb-gal-image-radius, .kb-gallery-id-5771_a49972-f2 .kadence-blocks-gallery-thumb-item:hover .kb-gal-image-radius{box-shadow:20px 20px 30px 0px rgba(0, 0, 0, 0.2);}.kb-gallery-id-5771_a49972-f2 .kadence-blocks-gallery-item .kadence-blocks-gallery-item-inner .kadence-blocks-gallery-item__caption{font-size:var(--global-kb-font-size-md, 1.25rem);font-weight:700;text-transform:uppercase;}.kb-gallery-caption-style-bottom.kb-gallery-id-5771_a49972-f2 .kadence-blocks-gallery-item .kadence-blocks-gallery-item-inner .kadence-blocks-gallery-item__caption, .kb-gallery-caption-style-bottom-hover.kb-gallery-id-5771_a49972-f2 .kadence-blocks-gallery-item .kadence-blocks-gallery-item-inner .kadence-blocks-gallery-item__caption{background:linear-gradient(0deg, rgba(0, 0, 0, 0.5) 0, rgba(0, 0, 0, 0) 100%);}<\/style><div class=\"kb-gallery-wrap-id-5771_a49972-f2 alignnone wp-block-kadence-advancedgallery\"><ul class=\"kb-gallery-ul kb-gallery-non-static kb-gallery-type-grid kb-gallery-id-5771_a49972-f2 kb-gallery-caption-style-bottom kb-gallery-filter-none\" data-image-filter=\"none\" data-item-selector=\".kadence-blocks-gallery-item\" data-lightbox-caption=\"true\" data-columns-xxl=\"2\" data-columns-xl=\"2\" data-columns-md=\"2\" data-columns-sm=\"2\" data-columns-xs=\"1\" data-columns-ss=\"1\"><li class=\"kadence-blocks-gallery-item\"><div class=\"kadence-blocks-gallery-item-inner\"><figure class=\"kb-gallery-figure kb-gallery-item-has-link kadence-blocks-gallery-item-has-caption\"><a href=\"https:\/\/terrasse-mobile.net\/de_ch\/mobile-terrasse-ile-de-france\/mobile-terrasse-swimmingpool-quality\/\" class=\"kb-gallery-item-link\"  ><div class=\"kb-gal-image-radius\"><div class=\"kb-gallery-image-contain kadence-blocks-gallery-intrinsic kb-gallery-image-ratio-land21 kb-has-image-ratio-land21\" ><img decoding=\"async\" src=\"https:\/\/terrasse-mobile.net\/wp-content\/uploads\/2025\/10\/rea-montain00003-2.webp\" width=\"900\" height=\"596\" alt=\"Terrasse mobile sur une piscine\" data-full-image=\"https:\/\/terrasse-mobile.net\/wp-content\/uploads\/2025\/10\/rea-montain00003-2.webp\" data-light-image=\"https:\/\/terrasse-mobile.net\/wp-content\/uploads\/2025\/10\/rea-montain00003-2.webp\" data-id=\"6876\" class=\"wp-image-6876\" srcset=\"https:\/\/terrasse-mobile.net\/wp-content\/uploads\/2025\/10\/rea-montain00003-2.webp 900w, https:\/\/terrasse-mobile.net\/wp-content\/uploads\/2025\/10\/rea-montain00003-2-300x199.webp 300w, https:\/\/terrasse-mobile.net\/wp-content\/uploads\/2025\/10\/rea-montain00003-2-768x509.webp 768w, https:\/\/terrasse-mobile.net\/wp-content\/uploads\/2025\/10\/rea-montain00003-2-50x33.webp 50w\" sizes=\"(max-width: 900px) 100vw, 900px\" \/><\/div><div class=\"kadence-blocks-gallery-item__caption\">Die mobile Terrasse <br>SlideDeck, was ist das?<\/div><\/div><\/a><\/figure><\/div><\/li><li class=\"kadence-blocks-gallery-item\"><div class=\"kadence-blocks-gallery-item-inner\"><figure class=\"kb-gallery-figure kb-gallery-item-has-link kadence-blocks-gallery-item-has-caption\"><a href=\"https:\/\/terrasse-mobile.net\/de_ch\/mobile-terrasse-ile-de-france\/vorteile-mobile-terrasse-schwimmbad\/\" class=\"kb-gallery-item-link\"  ><div class=\"kb-gal-image-radius\"><div class=\"kb-gallery-image-contain kadence-blocks-gallery-intrinsic kb-gallery-image-ratio-land21 kb-has-image-ratio-land21\" ><img decoding=\"async\" src=\"https:\/\/terrasse-mobile.net\/wp-content\/uploads\/2025\/10\/BERTAGNE-ETAPE3-04.webp\" width=\"600\" height=\"397\" alt=\"Piscine avec terrasse mobile grise\" data-full-image=\"https:\/\/terrasse-mobile.net\/wp-content\/uploads\/2025\/10\/BERTAGNE-ETAPE3-04.webp\" data-light-image=\"https:\/\/terrasse-mobile.net\/wp-content\/uploads\/2025\/10\/BERTAGNE-ETAPE3-04.webp\" data-id=\"6877\" class=\"wp-image-6877\" srcset=\"https:\/\/terrasse-mobile.net\/wp-content\/uploads\/2025\/10\/BERTAGNE-ETAPE3-04.webp 600w, https:\/\/terrasse-mobile.net\/wp-content\/uploads\/2025\/10\/BERTAGNE-ETAPE3-04-300x199.webp 300w, https:\/\/terrasse-mobile.net\/wp-content\/uploads\/2025\/10\/BERTAGNE-ETAPE3-04-50x33.webp 50w\" sizes=\"(max-width: 600px) 100vw, 600px\" \/><\/div><div class=\"kadence-blocks-gallery-item__caption\">Die Vorteile einer Terrasse <br>mobil f\u00fcr den Pool<\/div><\/div><\/a><\/figure><\/div><\/li><\/ul><\/div>\n\n\n<div class=\"wp-block-columns is-layout-flex wp-container-core-columns-is-layout-9d6595d7 wp-block-columns-is-layout-flex\">\n<div class=\"wp-block-column is-layout-flow wp-block-column-is-layout-flow\">\n<p>SlideDeck ist eine mobile Terrasse f\u00fcr Swimmingpools, die den Schutz des Wassers erm\u00f6glicht, wenn sie geschlossen ist, und das Schwimmen, wenn sie ge\u00f6ffnet ist ...<\/p>\n<\/div>\n\n\n\n<div class=\"wp-block-column is-layout-flow wp-block-column-is-layout-flow\">\n<p>Diese mobile Terrasse bietet sehr viele Vorteile, sowohl \u00e4sthetische als auch sicherheitstechnische. Finden Sie heraus, welche ...<\/p>\n<\/div>\n<\/div>\n\n\n<style>.wp-block-kadence-advancedgallery .kb-gallery-type-grid.kb-gallery-id-5771_05cdcc-3e{margin:-10px;}.kb-gallery-type-grid.kb-gallery-id-5771_05cdcc-3e .kadence-blocks-gallery-item{padding:10px;}.kb-gallery-id-5771_05cdcc-3e .kadence-blocks-gallery-item .kb-gal-image-radius, .kb-gallery-id-5771_05cdcc-3e .kb-slide-item .kb-gal-image-radius img{border-radius:0px 0px 0px 0px;;}.wp-block-kadence-advancedgallery.kb-gallery-wrap-id-5771_05cdcc-3e{overflow:visible;}.kb-gallery-id-5771_05cdcc-3e .kadence-blocks-gallery-item .kb-gal-image-radius, .kb-gallery-id-5771_05cdcc-3e .kadence-blocks-gallery-thumb-item .kb-gal-image-radius{box-shadow:0px 0px 0px 0px rgba(0, 0, 0, 0.2);}.kb-gallery-id-5771_05cdcc-3e .kadence-blocks-gallery-item:hover .kb-gal-image-radius, .kb-gallery-id-5771_05cdcc-3e .kadence-blocks-gallery-thumb-item:hover .kb-gal-image-radius{box-shadow:20px 20px 30px 0px rgba(0, 0, 0, 0.2);}.kb-gallery-id-5771_05cdcc-3e .kadence-blocks-gallery-item .kadence-blocks-gallery-item-inner .kadence-blocks-gallery-item__caption{font-size:var(--global-kb-font-size-md, 1.25rem);font-weight:700;text-transform:uppercase;}.kb-gallery-caption-style-bottom.kb-gallery-id-5771_05cdcc-3e .kadence-blocks-gallery-item .kadence-blocks-gallery-item-inner .kadence-blocks-gallery-item__caption, .kb-gallery-caption-style-bottom-hover.kb-gallery-id-5771_05cdcc-3e .kadence-blocks-gallery-item .kadence-blocks-gallery-item-inner .kadence-blocks-gallery-item__caption{background:linear-gradient(0deg, rgba(0, 0, 0, 0.5) 0, rgba(0, 0, 0, 0) 100%);}<\/style><div class=\"kb-gallery-wrap-id-5771_05cdcc-3e alignnone wp-block-kadence-advancedgallery\"><ul class=\"kb-gallery-ul kb-gallery-non-static kb-gallery-type-grid kb-gallery-id-5771_05cdcc-3e kb-gallery-caption-style-bottom kb-gallery-filter-none\" data-image-filter=\"none\" data-item-selector=\".kadence-blocks-gallery-item\" data-lightbox-caption=\"true\" data-columns-xxl=\"2\" data-columns-xl=\"2\" data-columns-md=\"2\" data-columns-sm=\"2\" data-columns-xs=\"1\" data-columns-ss=\"1\"><li class=\"kadence-blocks-gallery-item\"><div class=\"kadence-blocks-gallery-item-inner\"><figure class=\"kb-gallery-figure kb-gallery-item-has-link kadence-blocks-gallery-item-has-caption\"><a href=\"https:\/\/terrasse-mobile.net\/de_ch\/mobile-terrasse-ile-de-france\/mobile-terrasse-im-baukasten-ile-de-france\/\" class=\"kb-gallery-item-link\"  ><div class=\"kb-gal-image-radius\"><div class=\"kb-gallery-image-contain kadence-blocks-gallery-intrinsic kb-gallery-image-ratio-land21 kb-has-image-ratio-land21\" ><img decoding=\"async\" src=\"https:\/\/terrasse-mobile.net\/wp-content\/uploads\/2025\/10\/REAL-SABOURAULT-PISCINE-2.webp\" width=\"799\" height=\"599\" alt=\"Terrasse mobile ouverte vue de haut\" data-full-image=\"https:\/\/terrasse-mobile.net\/wp-content\/uploads\/2025\/10\/REAL-SABOURAULT-PISCINE-2.webp\" data-light-image=\"https:\/\/terrasse-mobile.net\/wp-content\/uploads\/2025\/10\/REAL-SABOURAULT-PISCINE-2.webp\" data-id=\"6878\" class=\"wp-image-6878\" srcset=\"https:\/\/terrasse-mobile.net\/wp-content\/uploads\/2025\/10\/REAL-SABOURAULT-PISCINE-2.webp 799w, https:\/\/terrasse-mobile.net\/wp-content\/uploads\/2025\/10\/REAL-SABOURAULT-PISCINE-2-300x225.webp 300w, https:\/\/terrasse-mobile.net\/wp-content\/uploads\/2025\/10\/REAL-SABOURAULT-PISCINE-2-768x576.webp 768w, https:\/\/terrasse-mobile.net\/wp-content\/uploads\/2025\/10\/REAL-SABOURAULT-PISCINE-2-50x37.webp 50w\" sizes=\"(max-width: 799px) 100vw, 799px\" \/><\/div><div class=\"kadence-blocks-gallery-item__caption\">Wer sind wir?<\/div><\/div><\/a><\/figure><\/div><\/li><li class=\"kadence-blocks-gallery-item\"><div class=\"kadence-blocks-gallery-item-inner\"><figure class=\"kb-gallery-figure kb-gallery-item-has-link kadence-blocks-gallery-item-has-caption\"><a href=\"https:\/\/terrasse-mobile.net\/de_ch\/mobile-terrasse-ile-de-france\/betrieb-mobile-terrasse-schwimmbad\/\" class=\"kb-gallery-item-link\"  ><div class=\"kb-gal-image-radius\"><div class=\"kb-gallery-image-contain kadence-blocks-gallery-intrinsic kb-gallery-image-ratio-land21 kb-has-image-ratio-land21\" ><img decoding=\"async\" src=\"https:\/\/terrasse-mobile.net\/wp-content\/uploads\/2025\/10\/REAL-DUTHION-PISCINE2-copie.webp\" width=\"765\" height=\"464\" alt=\"Terrasse mobile en position ouverte avec piscine\" data-full-image=\"https:\/\/terrasse-mobile.net\/wp-content\/uploads\/2025\/10\/REAL-DUTHION-PISCINE2-copie.webp\" data-light-image=\"https:\/\/terrasse-mobile.net\/wp-content\/uploads\/2025\/10\/REAL-DUTHION-PISCINE2-copie.webp\" data-id=\"6879\" class=\"wp-image-6879\" srcset=\"https:\/\/terrasse-mobile.net\/wp-content\/uploads\/2025\/10\/REAL-DUTHION-PISCINE2-copie.webp 765w, https:\/\/terrasse-mobile.net\/wp-content\/uploads\/2025\/10\/REAL-DUTHION-PISCINE2-copie-300x182.webp 300w, https:\/\/terrasse-mobile.net\/wp-content\/uploads\/2025\/10\/REAL-DUTHION-PISCINE2-copie-50x30.webp 50w\" sizes=\"(max-width: 765px) 100vw, 765px\" \/><\/div><div class=\"kadence-blocks-gallery-item__caption\">Wie funktioniert die <br>mobile Terrasse SlideDeck?<\/div><\/div><\/a><\/figure><\/div><\/li><\/ul><\/div>\n\n\n<div class=\"wp-block-columns is-layout-flex wp-container-core-columns-is-layout-9d6595d7 wp-block-columns-is-layout-flex\">\n<div class=\"wp-block-column is-layout-flow wp-block-column-is-layout-flow\">\n<p>Leidenschaft f\u00fcr den Bau von Swimmingpools und Terrassen, <br>wir hatten die Idee, die M\u00f6glichkeiten der Au\u00dfengestaltung zu revolutionieren ...<\/p>\n<\/div>\n\n\n\n<div class=\"wp-block-column is-layout-flow wp-block-column-is-layout-flow\">\n<p>Das SlideDeck-Verfahren wurde neu konzipiert und gestaltet, um die Nutzung zu vereinfachen. Entdecken Sie jetzt die Funktionsweise<br>von SlideDeck.<\/p>\n<\/div>\n<\/div>\n\n\n\n<p><\/p>","protected":false},"excerpt":{"rendered":"<p>Nous sommes fiers de vous pr\u00e9senter notre terrasse mobile SlideDeck, une avanc\u00e9e technologique dans le monde des piscines et terrasses &#8230; SlideDeck, c&rsquo;est une terrasse mobile pour piscine, permettant la protection de l&rsquo;eau quand elle est ferm\u00e9e, et la baignade quand elle est ouverte &#8230; Cette terrasse mobile pr\u00e9sente de tr\u00e8s nombreux avantages, qu&rsquo;ils soient&#8230;<\/p>","protected":false},"author":1,"featured_media":3640,"parent":5956,"menu_order":3,"comment_status":"closed","ping_status":"closed","template":"","meta":{"_kad_post_transparent":"","_kad_post_title":"","_kad_post_layout":"","_kad_post_sidebar_id":"","_kad_post_content_style":"","_kad_post_vertical_padding":"","_kad_post_feature":"","_kad_post_feature_position":"","_kad_post_header":false,"_kad_post_footer":false,"_kad_post_classname":"","footnotes":""},"folder":[],"class_list":["post-5771","page","type-page","status-publish","has-post-thumbnail","hentry"],"yoast_head":"<!-- This site is optimized with the Yoast SEO plugin v27.3 - https:\/\/yoast.com\/product\/yoast-seo-wordpress\/ -->\n<title>D\u00e9couvrez SlideDeck, la meilleure terrasse mobile pour piscine<\/title>\n<meta name=\"description\" content=\"D\u00e9couvrez la terrasse mobile pour piscine SlideDeck : la solution id\u00e9ale pour votre piscine, liant protection et esth\u00e9tisme.\" \/>\n<meta name=\"robots\" content=\"index, follow, max-snippet:-1, max-image-preview:large, max-video-preview:-1\" \/>\n<link rel=\"canonical\" href=\"https:\/\/terrasse-mobile.net\/de_ch\/slidedeck\/mobile-terrasse-ile-de-france\/\" \/>\n<meta property=\"og:locale\" content=\"de_DE\" \/>\n<meta property=\"og:type\" content=\"article\" \/>\n<meta property=\"og:title\" content=\"D\u00e9couvrez SlideDeck, la meilleure terrasse mobile pour piscine\" \/>\n<meta property=\"og:description\" content=\"D\u00e9couvrez la terrasse mobile pour piscine SlideDeck : la solution id\u00e9ale pour votre piscine, liant protection et esth\u00e9tisme.\" \/>\n<meta property=\"og:url\" content=\"https:\/\/terrasse-mobile.net\/de_ch\/slidedeck\/mobile-terrasse-ile-de-france\/\" \/>\n<meta property=\"og:site_name\" content=\"Terrasse mobile\" \/>\n<meta property=\"article:modified_time\" content=\"2025-11-25T14:26:24+00:00\" \/>\n<meta property=\"og:image\" content=\"https:\/\/terrasse-mobile.net\/wp-content\/uploads\/2024\/02\/REAL-SABOURAULT-PISCINE-2.jpg\" \/>\n\t<meta property=\"og:image:width\" content=\"2000\" \/>\n\t<meta property=\"og:image:height\" content=\"1500\" \/>\n\t<meta property=\"og:image:type\" content=\"image\/jpeg\" \/>\n<meta name=\"twitter:card\" content=\"summary_large_image\" \/>\n<meta name=\"twitter:label1\" content=\"Gesch\u00e4tzte Lesezeit\" \/>\n\t<meta name=\"twitter:data1\" content=\"1\u00a0Minute\" \/>\n<script type=\"application\/ld+json\" class=\"yoast-schema-graph\">{\"@context\":\"https:\\\/\\\/schema.org\",\"@graph\":[{\"@type\":\"WebPage\",\"@id\":\"https:\\\/\\\/terrasse-mobile.net\\\/slidedeck\\\/terrasse-mobile-ile-de-france\\\/\",\"url\":\"https:\\\/\\\/terrasse-mobile.net\\\/slidedeck\\\/terrasse-mobile-ile-de-france\\\/\",\"name\":\"D\u00e9couvrez SlideDeck, la meilleure terrasse mobile pour piscine\",\"isPartOf\":{\"@id\":\"https:\\\/\\\/terrasse-mobile.net\\\/#website\"},\"primaryImageOfPage\":{\"@id\":\"https:\\\/\\\/terrasse-mobile.net\\\/slidedeck\\\/terrasse-mobile-ile-de-france\\\/#primaryimage\"},\"image\":{\"@id\":\"https:\\\/\\\/terrasse-mobile.net\\\/slidedeck\\\/terrasse-mobile-ile-de-france\\\/#primaryimage\"},\"thumbnailUrl\":\"https:\\\/\\\/terrasse-mobile.net\\\/wp-content\\\/uploads\\\/2024\\\/02\\\/REAL-SABOURAULT-PISCINE-2.jpg\",\"datePublished\":\"2024-10-02T12:40:28+00:00\",\"dateModified\":\"2025-11-25T14:26:24+00:00\",\"description\":\"D\u00e9couvrez la terrasse mobile pour piscine SlideDeck : la solution id\u00e9ale pour votre piscine, liant protection et esth\u00e9tisme.\",\"breadcrumb\":{\"@id\":\"https:\\\/\\\/terrasse-mobile.net\\\/slidedeck\\\/terrasse-mobile-ile-de-france\\\/#breadcrumb\"},\"inLanguage\":\"de-CH\",\"potentialAction\":[{\"@type\":\"ReadAction\",\"target\":[\"https:\\\/\\\/terrasse-mobile.net\\\/slidedeck\\\/terrasse-mobile-ile-de-france\\\/\"]}]},{\"@type\":\"ImageObject\",\"inLanguage\":\"de-CH\",\"@id\":\"https:\\\/\\\/terrasse-mobile.net\\\/slidedeck\\\/terrasse-mobile-ile-de-france\\\/#primaryimage\",\"url\":\"https:\\\/\\\/terrasse-mobile.net\\\/wp-content\\\/uploads\\\/2024\\\/02\\\/REAL-SABOURAULT-PISCINE-2.jpg\",\"contentUrl\":\"https:\\\/\\\/terrasse-mobile.net\\\/wp-content\\\/uploads\\\/2024\\\/02\\\/REAL-SABOURAULT-PISCINE-2.jpg\",\"width\":2000,\"height\":1500,\"caption\":\"DCIM100MEDIADJI_0365.JPG\"},{\"@type\":\"BreadcrumbList\",\"@id\":\"https:\\\/\\\/terrasse-mobile.net\\\/slidedeck\\\/terrasse-mobile-ile-de-france\\\/#breadcrumb\",\"itemListElement\":[{\"@type\":\"ListItem\",\"position\":1,\"name\":\"Accueil\",\"item\":\"https:\\\/\\\/terrasse-mobile.net\\\/\"},{\"@type\":\"ListItem\",\"position\":2,\"name\":\"SLIDEDECK\",\"item\":\"https:\\\/\\\/terrasse-mobile.net\\\/slidedeck\\\/\"},{\"@type\":\"ListItem\",\"position\":3,\"name\":\"D\u00c9COUVREZ LA TERRASSE MOBILE SLIDEDECK\"}]},{\"@type\":\"WebSite\",\"@id\":\"https:\\\/\\\/terrasse-mobile.net\\\/#website\",\"url\":\"https:\\\/\\\/terrasse-mobile.net\\\/\",\"name\":\"Slidedeck\",\"description\":\"Construction sur mesure de terrasses mobiles en \u00cele-de-France\",\"publisher\":{\"@id\":\"https:\\\/\\\/terrasse-mobile.net\\\/#organization\"},\"potentialAction\":[{\"@type\":\"SearchAction\",\"target\":{\"@type\":\"EntryPoint\",\"urlTemplate\":\"https:\\\/\\\/terrasse-mobile.net\\\/?s={search_term_string}\"},\"query-input\":{\"@type\":\"PropertyValueSpecification\",\"valueRequired\":true,\"valueName\":\"search_term_string\"}}],\"inLanguage\":\"de-CH\"},{\"@type\":\"Organization\",\"@id\":\"https:\\\/\\\/terrasse-mobile.net\\\/#organization\",\"name\":\"Slidedeck\",\"url\":\"https:\\\/\\\/terrasse-mobile.net\\\/\",\"logo\":{\"@type\":\"ImageObject\",\"inLanguage\":\"de-CH\",\"@id\":\"https:\\\/\\\/terrasse-mobile.net\\\/#\\\/schema\\\/logo\\\/image\\\/\",\"url\":\"https:\\\/\\\/terrasse-mobile.net\\\/wp-content\\\/uploads\\\/2024\\\/01\\\/logo-slidedeck.jpg\",\"contentUrl\":\"https:\\\/\\\/terrasse-mobile.net\\\/wp-content\\\/uploads\\\/2024\\\/01\\\/logo-slidedeck.jpg\",\"width\":2000,\"height\":1103,\"caption\":\"Slidedeck\"},\"image\":{\"@id\":\"https:\\\/\\\/terrasse-mobile.net\\\/#\\\/schema\\\/logo\\\/image\\\/\"}}]}<\/script>\n<!-- \/ Yoast SEO plugin. -->","yoast_head_json":{"title":"Entdecken Sie SlideDeck, die beste mobile Terrasse f\u00fcr Swimmingpools","description":"Entdecken Sie die mobile Poolterrasse SlideDeck: Die ideale L\u00f6sung f\u00fcr Ihren Pool, die Schutz und \u00c4sthetik miteinander verbindet.","robots":{"index":"index","follow":"follow","max-snippet":"max-snippet:-1","max-image-preview":"max-image-preview:large","max-video-preview":"max-video-preview:-1"},"canonical":"https:\/\/terrasse-mobile.net\/de_ch\/slidedeck\/mobile-terrasse-ile-de-france\/","og_locale":"de_DE","og_type":"article","og_title":"D\u00e9couvrez SlideDeck, la meilleure terrasse mobile pour piscine","og_description":"D\u00e9couvrez la terrasse mobile pour piscine SlideDeck : la solution id\u00e9ale pour votre piscine, liant protection et esth\u00e9tisme.","og_url":"https:\/\/terrasse-mobile.net\/de_ch\/slidedeck\/mobile-terrasse-ile-de-france\/","og_site_name":"Terrasse mobile","article_modified_time":"2025-11-25T14:26:24+00:00","og_image":[{"width":2000,"height":1500,"url":"https:\/\/terrasse-mobile.net\/wp-content\/uploads\/2024\/02\/REAL-SABOURAULT-PISCINE-2.jpg","type":"image\/jpeg"}],"twitter_card":"summary_large_image","twitter_misc":{"Gesch\u00e4tzte Lesezeit":"1\u00a0Minute"},"schema":{"@context":"https:\/\/schema.org","@graph":[{"@type":"WebPage","@id":"https:\/\/terrasse-mobile.net\/slidedeck\/terrasse-mobile-ile-de-france\/","url":"https:\/\/terrasse-mobile.net\/slidedeck\/terrasse-mobile-ile-de-france\/","name":"Entdecken Sie SlideDeck, die beste mobile Terrasse f\u00fcr Swimmingpools","isPartOf":{"@id":"https:\/\/terrasse-mobile.net\/#website"},"primaryImageOfPage":{"@id":"https:\/\/terrasse-mobile.net\/slidedeck\/terrasse-mobile-ile-de-france\/#primaryimage"},"image":{"@id":"https:\/\/terrasse-mobile.net\/slidedeck\/terrasse-mobile-ile-de-france\/#primaryimage"},"thumbnailUrl":"https:\/\/terrasse-mobile.net\/wp-content\/uploads\/2024\/02\/REAL-SABOURAULT-PISCINE-2.jpg","datePublished":"2024-10-02T12:40:28+00:00","dateModified":"2025-11-25T14:26:24+00:00","description":"Entdecken Sie die mobile Poolterrasse SlideDeck: Die ideale L\u00f6sung f\u00fcr Ihren Pool, die Schutz und \u00c4sthetik miteinander verbindet.","breadcrumb":{"@id":"https:\/\/terrasse-mobile.net\/slidedeck\/terrasse-mobile-ile-de-france\/#breadcrumb"},"inLanguage":"de-CH","potentialAction":[{"@type":"ReadAction","target":["https:\/\/terrasse-mobile.net\/slidedeck\/terrasse-mobile-ile-de-france\/"]}]},{"@type":"ImageObject","inLanguage":"de-CH","@id":"https:\/\/terrasse-mobile.net\/slidedeck\/terrasse-mobile-ile-de-france\/#primaryimage","url":"https:\/\/terrasse-mobile.net\/wp-content\/uploads\/2024\/02\/REAL-SABOURAULT-PISCINE-2.jpg","contentUrl":"https:\/\/terrasse-mobile.net\/wp-content\/uploads\/2024\/02\/REAL-SABOURAULT-PISCINE-2.jpg","width":2000,"height":1500,"caption":"DCIM100MEDIADJI_0365.JPG"},{"@type":"BreadcrumbList","@id":"https:\/\/terrasse-mobile.net\/slidedeck\/terrasse-mobile-ile-de-france\/#breadcrumb","itemListElement":[{"@type":"ListItem","position":1,"name":"Accueil","item":"https:\/\/terrasse-mobile.net\/"},{"@type":"ListItem","position":2,"name":"SLIDEDECK","item":"https:\/\/terrasse-mobile.net\/slidedeck\/"},{"@type":"ListItem","position":3,"name":"D\u00c9COUVREZ LA TERRASSE MOBILE SLIDEDECK"}]},{"@type":"WebSite","@id":"https:\/\/terrasse-mobile.net\/#website","url":"https:\/\/terrasse-mobile.net\/","name":"Slidedeck","description":"Ma\u00dfgeschneiderte Konstruktion von mobilen Terrassen in der \u00cele-de-France","publisher":{"@id":"https:\/\/terrasse-mobile.net\/#organization"},"potentialAction":[{"@type":"SearchAction","target":{"@type":"EntryPoint","urlTemplate":"https:\/\/terrasse-mobile.net\/?s={search_term_string}"},"query-input":{"@type":"PropertyValueSpecification","valueRequired":true,"valueName":"search_term_string"}}],"inLanguage":"de-CH"},{"@type":"Organization","@id":"https:\/\/terrasse-mobile.net\/#organization","name":"Slidedeck","url":"https:\/\/terrasse-mobile.net\/","logo":{"@type":"ImageObject","inLanguage":"de-CH","@id":"https:\/\/terrasse-mobile.net\/#\/schema\/logo\/image\/","url":"https:\/\/terrasse-mobile.net\/wp-content\/uploads\/2024\/01\/logo-slidedeck.jpg","contentUrl":"https:\/\/terrasse-mobile.net\/wp-content\/uploads\/2024\/01\/logo-slidedeck.jpg","width":2000,"height":1103,"caption":"Slidedeck"},"image":{"@id":"https:\/\/terrasse-mobile.net\/#\/schema\/logo\/image\/"}}]}},"_links":{"self":[{"href":"https:\/\/terrasse-mobile.net\/de_ch\/wp-json\/wp\/v2\/pages\/5771","targetHints":{"allow":["GET"]}}],"collection":[{"href":"https:\/\/terrasse-mobile.net\/de_ch\/wp-json\/wp\/v2\/pages"}],"about":[{"href":"https:\/\/terrasse-mobile.net\/de_ch\/wp-json\/wp\/v2\/types\/page"}],"author":[{"embeddable":true,"href":"https:\/\/terrasse-mobile.net\/de_ch\/wp-json\/wp\/v2\/users\/1"}],"replies":[{"embeddable":true,"href":"https:\/\/terrasse-mobile.net\/de_ch\/wp-json\/wp\/v2\/comments?post=5771"}],"version-history":[{"count":22,"href":"https:\/\/terrasse-mobile.net\/de_ch\/wp-json\/wp\/v2\/pages\/5771\/revisions"}],"predecessor-version":[{"id":7259,"href":"https:\/\/terrasse-mobile.net\/de_ch\/wp-json\/wp\/v2\/pages\/5771\/revisions\/7259"}],"up":[{"embeddable":true,"href":"https:\/\/terrasse-mobile.net\/de_ch\/wp-json\/wp\/v2\/pages\/5956"}],"wp:featuredmedia":[{"embeddable":true,"href":"https:\/\/terrasse-mobile.net\/de_ch\/wp-json\/wp\/v2\/media\/3640"}],"wp:attachment":[{"href":"https:\/\/terrasse-mobile.net\/de_ch\/wp-json\/wp\/v2\/media?parent=5771"}],"wp:term":[{"taxonomy":"folder","embeddable":true,"href":"https:\/\/terrasse-mobile.net\/de_ch\/wp-json\/wp\/v2\/folder?post=5771"}],"curies":[{"name":"wp","href":"https:\/\/api.w.org\/{rel}","templated":true}]}}