{"id":1328,"date":"2024-01-23T17:00:06","date_gmt":"2024-01-23T16:00:12","guid":{"rendered":"https:\/\/terrasse-mobile.net\/?page_id=1328"},"modified":"2024-10-01T12:57:27","modified_gmt":"2024-10-01T10:57:27","slug":"mobile-pool-deck-operation-od","status":"publish","type":"page","link":"https:\/\/terrasse-mobile.net\/en\/terrasse-mobile-ile-de-france-old\/fonctionnement-terrasse-mobile-piscine-od\/","title":{"rendered":"HOW DOES SLIDEDECK WORK? OLD"},"content":{"rendered":"<h1>How does the SlideDeck mobile terrace work?<\/h1>\n<p>\t\t\t\t\t\t\t\t\t\t\t\t\t<img decoding=\"async\" width=\"700\" height=\"438\" src=\"https:\/\/terrasse-mobile.net\/wp-content\/uploads\/2024\/03\/DURAN-CONSTRUCTION-GROS-PLANS00001.jpg\" alt=\"CASTORS FOR MOBILE TERRACE\" srcset=\"https:\/\/terrasse-mobile.net\/wp-content\/uploads\/2024\/03\/DURAN-CONSTRUCTION-GROS-PLANS00001.jpg 700w, https:\/\/terrasse-mobile.net\/wp-content\/uploads\/2024\/03\/DURAN-CONSTRUCTION-GROS-PLANS00001-300x188.jpg 300w\" sizes=\"(max-width: 700px) 100vw, 700px\" \/>\t\t\t\t\t\t\t\t\t\t\t\t\t<\/p>\n<h2>SlideDeck is the benchmark in mobile pool decking systems.<\/h2>\n<p>For each part of Slidedeck, we have selected the best components and the most reliable and proven solutions.<\/p>\n<p>First and foremost, Slidedeck has a robust structure built from stainless steel and aluminium tubing.<\/p>\n<p>For each part, we have chosen the most reliable and durable components:<\/p>\n<ul>\n<li>The castors are made of stainless steel or polyamide. The ball bearings are also always stainless steel.<\/li>\n<li>All joints are mechanically welded and made of stainless steel (304).<\/li>\n<li>The peripheral brushes are made in France by the specialist in brushes for industry and swimming pool enclosures.<\/li>\n<li>The joints are riveted using 6 mm structural rivets, with a unit strength of 600 kg.<\/li>\n<\/ul>\n<h2>SlideDeck mobile deck options<\/h2>\n<p>Depending on its size, the SlideDeck mobile terrace runs on one or two rounded rails for perfect guidance and smooth movement.<\/p>\n<p>When it comes to thermal insulation, we've pulled out all the stops:<\/p>\n<ul>\n<li>Quality brushes around the edges to limit air (and dirt) infiltration<\/li>\n<li>Specially cut PVC sheets to slide between the deck boards, to prevent heat loss between the boards.<\/li>\n<li>For thermal insulation, we supply polyurethane foam panels with a thermal resistance coefficient of R = 2.2.<\/li>\n<\/ul>\n<p>As a result, your mobile terrace offers exceptional thermal performance, keeping the pool warm and limiting energy consumption.<\/p>\n<p>\t\t\t\t\t\t\t\t\t\t\t\t\t<img decoding=\"async\" width=\"700\" height=\"525\" src=\"https:\/\/terrasse-mobile.net\/wp-content\/uploads\/2024\/03\/BERTAGNE-CONSTRUCTION-GROS-PLANS00002.jpeg\" alt=\"mobile terrace brush\" srcset=\"https:\/\/terrasse-mobile.net\/wp-content\/uploads\/2024\/03\/BERTAGNE-CONSTRUCTION-GROS-PLANS00002.jpeg 700w, https:\/\/terrasse-mobile.net\/wp-content\/uploads\/2024\/03\/BERTAGNE-CONSTRUCTION-GROS-PLANS00002-300x225.jpeg 300w\" sizes=\"(max-width: 700px) 100vw, 700px\" \/>\t\t\t\t\t\t\t\t\t\t\t\t\t<\/p>\n<h2>SlideDeck mobile decking<\/h2>\n<p>For motorisation, we offer an ultra-efficient motorised wheel system, powered by a battery and photovoltaic cell. No need to plug in, no power supply near the pool.<\/p>\n<p>Finally, we offer a choice of quality coverings:<\/p>\n<ul>\n<li>Terrace boards in exotic wood<\/li>\n<li>Wood composite deck boards<\/li>\n<li>Mineral resin decking slats<\/li>\n<li>Aluminium decking slats<\/li>\n<li>Synthetic turf<\/li>\n<li>Stone leaf.<\/li>\n<\/ul>\n<p>We can adapt to specific requests and carry out special projects.<\/p>\n<p>The entire structure is pre-assembled in the workshop and meticulously packaged for rapid assembly on your premises.<\/p>\n<p>An 18 m2 mobile terrace can be installed in 3 hours by two people (excluding the covering).<\/p>\n<p>\t\t\t<a href=\"https:\/\/terrasse-mobile.net\/en\/coverings\/\"><br \/>\n\t\t\t\t\t\tDiscover SlideDeck customisation<br \/>\n\t\t\t\t\t<\/a><br \/>\n\t\t\t\t\t\t\t\t\t\t\t\t\t<img decoding=\"async\" width=\"765\" height=\"510\" src=\"https:\/\/terrasse-mobile.net\/wp-content\/uploads\/2024\/02\/DSC_0092-1.jpg\" alt=\"mobile terrace lighting\" srcset=\"https:\/\/terrasse-mobile.net\/wp-content\/uploads\/2024\/02\/DSC_0092-1.jpg 765w, https:\/\/terrasse-mobile.net\/wp-content\/uploads\/2024\/02\/DSC_0092-1-300x200.jpg 300w\" sizes=\"(max-width: 765px) 100vw, 765px\" \/><\/p>","protected":false},"excerpt":{"rendered":"<p>Comment fonctionne la terrasse mobile SlideDeck ? La terrasse mobile SlideDeck est la r\u00e9f\u00e9rence des syst\u00e8mes de terrasses mobiles pour piscine. Pour chaque partie de de Slidedeck, nous avons s\u00e9lectionn\u00e9 les meilleurs composants, les solutions les plus fiables et les plus \u00e9prouv\u00e9es. Tout d&rsquo;abord, Slidedeck est constitu\u00e9e d&rsquo;une robuste structure construite avec des tubes en&#8230;<\/p>","protected":false},"author":1,"featured_media":0,"parent":365,"menu_order":3,"comment_status":"closed","ping_status":"closed","template":"","meta":{"_kad_post_transparent":"","_kad_post_title":"","_kad_post_layout":"","_kad_post_sidebar_id":"","_kad_post_content_style":"","_kad_post_vertical_padding":"","_kad_post_feature":"","_kad_post_feature_position":"","_kad_post_header":false,"_kad_post_footer":false,"_kad_post_classname":"","footnotes":""},"folder":[13],"class_list":["post-1328","page","type-page","status-publish","hentry"],"yoast_head":"<!-- This site is optimized with the Yoast SEO plugin v27.4 - https:\/\/yoast.com\/product\/yoast-seo-wordpress\/ -->\n<title>Comment fonctionne la terrasse mobile d&#039;une piscine ?<\/title>\n<meta name=\"robots\" content=\"index, follow, max-snippet:-1, max-image-preview:large, max-video-preview:-1\" \/>\n<link rel=\"canonical\" href=\"https:\/\/terrasse-mobile.net\/en\/terrace-mobile-ile-de-france-old\/mobile-pool-deck-operation-od\/\" \/>\n<meta property=\"og:locale\" content=\"en_GB\" \/>\n<meta property=\"og:type\" content=\"article\" \/>\n<meta property=\"og:title\" content=\"Comment fonctionne la terrasse mobile d&#039;une piscine ?\" \/>\n<meta property=\"og:description\" content=\"Comment fonctionne la terrasse mobile SlideDeck ? La terrasse mobile SlideDeck est la r\u00e9f\u00e9rence des syst\u00e8mes de terrasses mobiles pour piscine. Pour chaque partie de de Slidedeck, nous avons s\u00e9lectionn\u00e9 les meilleurs composants, les solutions les plus fiables et les plus \u00e9prouv\u00e9es. Tout d&rsquo;abord, Slidedeck est constitu\u00e9e d&rsquo;une robuste structure construite avec des tubes en...\" \/>\n<meta property=\"og:url\" content=\"https:\/\/terrasse-mobile.net\/en\/terrace-mobile-ile-de-france-old\/mobile-pool-deck-operation-od\/\" \/>\n<meta property=\"og:site_name\" content=\"Terrasse mobile\" \/>\n<meta property=\"article:modified_time\" content=\"2024-10-01T10:57:27+00:00\" \/>\n<meta property=\"og:image\" content=\"https:\/\/terrasse-mobile.net\/wp-content\/uploads\/2024\/03\/DURAN-CONSTRUCTION-GROS-PLANS00001.jpg\" \/>\n<meta name=\"twitter:card\" content=\"summary_large_image\" \/>\n<meta name=\"twitter:label1\" content=\"Estimated reading time\" \/>\n\t<meta name=\"twitter:data1\" content=\"3 minutes\" \/>\n<script type=\"application\/ld+json\" class=\"yoast-schema-graph\">{\"@context\":\"https:\\\/\\\/schema.org\",\"@graph\":[{\"@type\":\"WebPage\",\"@id\":\"https:\\\/\\\/terrasse-mobile.net\\\/terrasse-mobile-ile-de-france-old\\\/fonctionnement-terrasse-mobile-piscine-od\\\/\",\"url\":\"https:\\\/\\\/terrasse-mobile.net\\\/terrasse-mobile-ile-de-france-old\\\/fonctionnement-terrasse-mobile-piscine-od\\\/\",\"name\":\"Comment fonctionne la terrasse mobile d'une piscine ?\",\"isPartOf\":{\"@id\":\"https:\\\/\\\/terrasse-mobile.net\\\/#website\"},\"primaryImageOfPage\":{\"@id\":\"https:\\\/\\\/terrasse-mobile.net\\\/terrasse-mobile-ile-de-france-old\\\/fonctionnement-terrasse-mobile-piscine-od\\\/#primaryimage\"},\"image\":{\"@id\":\"https:\\\/\\\/terrasse-mobile.net\\\/terrasse-mobile-ile-de-france-old\\\/fonctionnement-terrasse-mobile-piscine-od\\\/#primaryimage\"},\"thumbnailUrl\":\"https:\\\/\\\/terrasse-mobile.net\\\/wp-content\\\/uploads\\\/2024\\\/03\\\/DURAN-CONSTRUCTION-GROS-PLANS00001.jpg\",\"datePublished\":\"2024-01-23T16:00:12+00:00\",\"dateModified\":\"2024-10-01T10:57:27+00:00\",\"breadcrumb\":{\"@id\":\"https:\\\/\\\/terrasse-mobile.net\\\/terrasse-mobile-ile-de-france-old\\\/fonctionnement-terrasse-mobile-piscine-od\\\/#breadcrumb\"},\"inLanguage\":\"en-GB\",\"potentialAction\":[{\"@type\":\"ReadAction\",\"target\":[\"https:\\\/\\\/terrasse-mobile.net\\\/terrasse-mobile-ile-de-france-old\\\/fonctionnement-terrasse-mobile-piscine-od\\\/\"]}]},{\"@type\":\"ImageObject\",\"inLanguage\":\"en-GB\",\"@id\":\"https:\\\/\\\/terrasse-mobile.net\\\/terrasse-mobile-ile-de-france-old\\\/fonctionnement-terrasse-mobile-piscine-od\\\/#primaryimage\",\"url\":\"https:\\\/\\\/terrasse-mobile.net\\\/wp-content\\\/uploads\\\/2024\\\/03\\\/DURAN-CONSTRUCTION-GROS-PLANS00001.jpg\",\"contentUrl\":\"https:\\\/\\\/terrasse-mobile.net\\\/wp-content\\\/uploads\\\/2024\\\/03\\\/DURAN-CONSTRUCTION-GROS-PLANS00001.jpg\"},{\"@type\":\"BreadcrumbList\",\"@id\":\"https:\\\/\\\/terrasse-mobile.net\\\/terrasse-mobile-ile-de-france-old\\\/fonctionnement-terrasse-mobile-piscine-od\\\/#breadcrumb\",\"itemListElement\":[{\"@type\":\"ListItem\",\"position\":1,\"name\":\"Accueil\",\"item\":\"https:\\\/\\\/terrasse-mobile.net\\\/\"},{\"@type\":\"ListItem\",\"position\":2,\"name\":\"D\u00c9COUVREZ SLIDEDECK old\",\"item\":\"https:\\\/\\\/terrasse-mobile.net\\\/terrasse-mobile-ile-de-france-old\\\/\"},{\"@type\":\"ListItem\",\"position\":3,\"name\":\"COMMENT FONCTIONNE SLIDEDECK ? OLD\"}]},{\"@type\":\"WebSite\",\"@id\":\"https:\\\/\\\/terrasse-mobile.net\\\/#website\",\"url\":\"https:\\\/\\\/terrasse-mobile.net\\\/\",\"name\":\"Slidedeck\",\"description\":\"Construction sur mesure de terrasses mobiles en \u00cele-de-France\",\"publisher\":{\"@id\":\"https:\\\/\\\/terrasse-mobile.net\\\/#organization\"},\"potentialAction\":[{\"@type\":\"SearchAction\",\"target\":{\"@type\":\"EntryPoint\",\"urlTemplate\":\"https:\\\/\\\/terrasse-mobile.net\\\/?s={search_term_string}\"},\"query-input\":{\"@type\":\"PropertyValueSpecification\",\"valueRequired\":true,\"valueName\":\"search_term_string\"}}],\"inLanguage\":\"en-GB\"},{\"@type\":\"Organization\",\"@id\":\"https:\\\/\\\/terrasse-mobile.net\\\/#organization\",\"name\":\"Slidedeck\",\"url\":\"https:\\\/\\\/terrasse-mobile.net\\\/\",\"logo\":{\"@type\":\"ImageObject\",\"inLanguage\":\"en-GB\",\"@id\":\"https:\\\/\\\/terrasse-mobile.net\\\/#\\\/schema\\\/logo\\\/image\\\/\",\"url\":\"https:\\\/\\\/terrasse-mobile.net\\\/wp-content\\\/uploads\\\/2024\\\/01\\\/logo-slidedeck.jpg\",\"contentUrl\":\"https:\\\/\\\/terrasse-mobile.net\\\/wp-content\\\/uploads\\\/2024\\\/01\\\/logo-slidedeck.jpg\",\"width\":2000,\"height\":1103,\"caption\":\"Slidedeck\"},\"image\":{\"@id\":\"https:\\\/\\\/terrasse-mobile.net\\\/#\\\/schema\\\/logo\\\/image\\\/\"}}]}<\/script>\n<!-- \/ Yoast SEO plugin. -->","yoast_head_json":{"title":"How does a mobile pool deck work?","robots":{"index":"index","follow":"follow","max-snippet":"max-snippet:-1","max-image-preview":"max-image-preview:large","max-video-preview":"max-video-preview:-1"},"canonical":"https:\/\/terrasse-mobile.net\/en\/terrace-mobile-ile-de-france-old\/mobile-pool-deck-operation-od\/","og_locale":"en_GB","og_type":"article","og_title":"Comment fonctionne la terrasse mobile d'une piscine ?","og_description":"Comment fonctionne la terrasse mobile SlideDeck ? La terrasse mobile SlideDeck est la r\u00e9f\u00e9rence des syst\u00e8mes de terrasses mobiles pour piscine. Pour chaque partie de de Slidedeck, nous avons s\u00e9lectionn\u00e9 les meilleurs composants, les solutions les plus fiables et les plus \u00e9prouv\u00e9es. Tout d&rsquo;abord, Slidedeck est constitu\u00e9e d&rsquo;une robuste structure construite avec des tubes en...","og_url":"https:\/\/terrasse-mobile.net\/en\/terrace-mobile-ile-de-france-old\/mobile-pool-deck-operation-od\/","og_site_name":"Terrasse mobile","article_modified_time":"2024-10-01T10:57:27+00:00","og_image":[{"url":"https:\/\/terrasse-mobile.net\/wp-content\/uploads\/2024\/03\/DURAN-CONSTRUCTION-GROS-PLANS00001.jpg","type":"","width":"","height":""}],"twitter_card":"summary_large_image","twitter_misc":{"Estimated reading time":"3 minutes"},"schema":{"@context":"https:\/\/schema.org","@graph":[{"@type":"WebPage","@id":"https:\/\/terrasse-mobile.net\/terrasse-mobile-ile-de-france-old\/fonctionnement-terrasse-mobile-piscine-od\/","url":"https:\/\/terrasse-mobile.net\/terrasse-mobile-ile-de-france-old\/fonctionnement-terrasse-mobile-piscine-od\/","name":"How does a mobile pool deck work?","isPartOf":{"@id":"https:\/\/terrasse-mobile.net\/#website"},"primaryImageOfPage":{"@id":"https:\/\/terrasse-mobile.net\/terrasse-mobile-ile-de-france-old\/fonctionnement-terrasse-mobile-piscine-od\/#primaryimage"},"image":{"@id":"https:\/\/terrasse-mobile.net\/terrasse-mobile-ile-de-france-old\/fonctionnement-terrasse-mobile-piscine-od\/#primaryimage"},"thumbnailUrl":"https:\/\/terrasse-mobile.net\/wp-content\/uploads\/2024\/03\/DURAN-CONSTRUCTION-GROS-PLANS00001.jpg","datePublished":"2024-01-23T16:00:12+00:00","dateModified":"2024-10-01T10:57:27+00:00","breadcrumb":{"@id":"https:\/\/terrasse-mobile.net\/terrasse-mobile-ile-de-france-old\/fonctionnement-terrasse-mobile-piscine-od\/#breadcrumb"},"inLanguage":"en-GB","potentialAction":[{"@type":"ReadAction","target":["https:\/\/terrasse-mobile.net\/terrasse-mobile-ile-de-france-old\/fonctionnement-terrasse-mobile-piscine-od\/"]}]},{"@type":"ImageObject","inLanguage":"en-GB","@id":"https:\/\/terrasse-mobile.net\/terrasse-mobile-ile-de-france-old\/fonctionnement-terrasse-mobile-piscine-od\/#primaryimage","url":"https:\/\/terrasse-mobile.net\/wp-content\/uploads\/2024\/03\/DURAN-CONSTRUCTION-GROS-PLANS00001.jpg","contentUrl":"https:\/\/terrasse-mobile.net\/wp-content\/uploads\/2024\/03\/DURAN-CONSTRUCTION-GROS-PLANS00001.jpg"},{"@type":"BreadcrumbList","@id":"https:\/\/terrasse-mobile.net\/terrasse-mobile-ile-de-france-old\/fonctionnement-terrasse-mobile-piscine-od\/#breadcrumb","itemListElement":[{"@type":"ListItem","position":1,"name":"Accueil","item":"https:\/\/terrasse-mobile.net\/"},{"@type":"ListItem","position":2,"name":"D\u00c9COUVREZ SLIDEDECK old","item":"https:\/\/terrasse-mobile.net\/terrasse-mobile-ile-de-france-old\/"},{"@type":"ListItem","position":3,"name":"COMMENT FONCTIONNE SLIDEDECK ? OLD"}]},{"@type":"WebSite","@id":"https:\/\/terrasse-mobile.net\/#website","url":"https:\/\/terrasse-mobile.net\/","name":"Slidedeck","description":"Custom-built movable terraces in the Paris region","publisher":{"@id":"https:\/\/terrasse-mobile.net\/#organization"},"potentialAction":[{"@type":"SearchAction","target":{"@type":"EntryPoint","urlTemplate":"https:\/\/terrasse-mobile.net\/?s={search_term_string}"},"query-input":{"@type":"PropertyValueSpecification","valueRequired":true,"valueName":"search_term_string"}}],"inLanguage":"en-GB"},{"@type":"Organization","@id":"https:\/\/terrasse-mobile.net\/#organization","name":"Slidedeck","url":"https:\/\/terrasse-mobile.net\/","logo":{"@type":"ImageObject","inLanguage":"en-GB","@id":"https:\/\/terrasse-mobile.net\/#\/schema\/logo\/image\/","url":"https:\/\/terrasse-mobile.net\/wp-content\/uploads\/2024\/01\/logo-slidedeck.jpg","contentUrl":"https:\/\/terrasse-mobile.net\/wp-content\/uploads\/2024\/01\/logo-slidedeck.jpg","width":2000,"height":1103,"caption":"Slidedeck"},"image":{"@id":"https:\/\/terrasse-mobile.net\/#\/schema\/logo\/image\/"}}]}},"_links":{"self":[{"href":"https:\/\/terrasse-mobile.net\/en\/wp-json\/wp\/v2\/pages\/1328","targetHints":{"allow":["GET"]}}],"collection":[{"href":"https:\/\/terrasse-mobile.net\/en\/wp-json\/wp\/v2\/pages"}],"about":[{"href":"https:\/\/terrasse-mobile.net\/en\/wp-json\/wp\/v2\/types\/page"}],"author":[{"embeddable":true,"href":"https:\/\/terrasse-mobile.net\/en\/wp-json\/wp\/v2\/users\/1"}],"replies":[{"embeddable":true,"href":"https:\/\/terrasse-mobile.net\/en\/wp-json\/wp\/v2\/comments?post=1328"}],"version-history":[{"count":68,"href":"https:\/\/terrasse-mobile.net\/en\/wp-json\/wp\/v2\/pages\/1328\/revisions"}],"predecessor-version":[{"id":5641,"href":"https:\/\/terrasse-mobile.net\/en\/wp-json\/wp\/v2\/pages\/1328\/revisions\/5641"}],"up":[{"embeddable":true,"href":"https:\/\/terrasse-mobile.net\/en\/wp-json\/wp\/v2\/pages\/365"}],"wp:attachment":[{"href":"https:\/\/terrasse-mobile.net\/en\/wp-json\/wp\/v2\/media?parent=1328"}],"wp:term":[{"taxonomy":"folder","embeddable":true,"href":"https:\/\/terrasse-mobile.net\/en\/wp-json\/wp\/v2\/folder?post=1328"}],"curies":[{"name":"wp","href":"https:\/\/api.w.org\/{rel}","templated":true}]}}