{"id":1621,"date":"2024-01-25T10:26:44","date_gmt":"2024-01-25T09:26:14","guid":{"rendered":"https:\/\/terrasse-mobile.net\/?page_id=1621"},"modified":"2024-10-01T15:06:25","modified_gmt":"2024-10-01T13:06:25","slug":"terrasse-mobile-bois-habillee-lames-bois-padouk-old","status":"publish","type":"page","link":"https:\/\/terrasse-mobile.net\/en\/revetements-old\/bois-exotique-old\/terrasse-mobile-bois-habillee-lames-bois-padouk-old\/","title":{"rendered":"BOIS EXOTIQUE PADOUK old"},"content":{"rendered":"<h1>Lames de terrasse en Padouk pour terrasse mobile<\/h1>\n<p>\t\tLe&nbsp;<em>Padouk<\/em>&nbsp;is a species native to Africa. It is an extremely&nbsp;<strong>stable<\/strong>, very&nbsp;<strong>beautiful<\/strong>, with a very fine grain and a&nbsp;<strong>beautiful veining<\/strong>. Le <em>Padouk<\/em>&nbsp;is very red. It is a surface tannin that disappears in a few days (sometimes over a weekend).<br \/>\nSlats for mobile decking in <em>Padouk<\/em>&nbsp;then take on a beautiful silvery grey colour. This is the wood that greys the most&nbsp;<strong>quickly<\/strong>&nbsp;and the most&nbsp;<strong>uniformly.<\/strong><br \/>When available, the&nbsp;<em>Padouk<\/em>&nbsp;is a choice&nbsp;<strong>highly recommended for your sliding terrace<\/strong>. It is an eternal essence&nbsp;<strong>sustainable<\/strong>, extremely <strong>stable<\/strong>,&nbsp;<strong>not very sensitive<\/strong>&nbsp;to the cradle<br \/>\nOur deck boards in&nbsp;<em>Padouk<\/em>&nbsp;are kiln-dried (KD quality), then carefully planed.\t\t<\/p>\n<h2>Padouk exotic wood decking for your mobile terrace<\/h2>\n<p>\t\t\t\t\t\t\t\t\t\t\t\t\t<img decoding=\"async\" width=\"800\" height=\"600\" src=\"https:\/\/terrasse-mobile.net\/wp-content\/uploads\/2024\/03\/real-rec-persiaux-61-1.jpg\" alt=\"padouk pool terrace\" srcset=\"https:\/\/terrasse-mobile.net\/wp-content\/uploads\/2024\/03\/real-rec-persiaux-61-1.jpg 916w, https:\/\/terrasse-mobile.net\/wp-content\/uploads\/2024\/03\/real-rec-persiaux-61-1-300x225.jpg 300w, https:\/\/terrasse-mobile.net\/wp-content\/uploads\/2024\/03\/real-rec-persiaux-61-1-768x576.jpg 768w\" sizes=\"(max-width: 800px) 100vw, 800px\" \/><br \/>\n\t\t\t\t\t\t\t\t\t\t\t\t\t<img decoding=\"async\" width=\"800\" height=\"600\" src=\"https:\/\/terrasse-mobile.net\/wp-content\/uploads\/2024\/03\/real-rec-persiaux-58.jpg\" alt=\"padouk pool terrace\" srcset=\"https:\/\/terrasse-mobile.net\/wp-content\/uploads\/2024\/03\/real-rec-persiaux-58.jpg 916w, https:\/\/terrasse-mobile.net\/wp-content\/uploads\/2024\/03\/real-rec-persiaux-58-300x225.jpg 300w, https:\/\/terrasse-mobile.net\/wp-content\/uploads\/2024\/03\/real-rec-persiaux-58-768x576.jpg 768w\" sizes=\"(max-width: 800px) 100vw, 800px\" \/><br \/>\n\t\t\t\t\t\t\t\t\t\t\t\t\t<img decoding=\"async\" width=\"800\" height=\"600\" src=\"https:\/\/terrasse-mobile.net\/wp-content\/uploads\/2024\/03\/real-rec-persiaux-72.jpg\" alt=\"padouk pool terrace\" srcset=\"https:\/\/terrasse-mobile.net\/wp-content\/uploads\/2024\/03\/real-rec-persiaux-72.jpg 916w, https:\/\/terrasse-mobile.net\/wp-content\/uploads\/2024\/03\/real-rec-persiaux-72-300x225.jpg 300w, https:\/\/terrasse-mobile.net\/wp-content\/uploads\/2024\/03\/real-rec-persiaux-72-768x576.jpg 768w\" sizes=\"(max-width: 800px) 100vw, 800px\" \/><br \/>\n\t\t\t<a href=\"https:\/\/terrasse-mobile.net\/en\/models\/\"><br \/>\n\t\t\t\t\t\tDISCOVER THE MODELS<br \/>\n\t\t\t\t\t<\/a><\/p>","protected":false},"excerpt":{"rendered":"<p>Lames de terrasse en Padouk pour terrasse mobile Le&nbsp;Padouk&nbsp;est une essence originaire d&rsquo;afrique. C&rsquo;est un bois extr\u00eamement&nbsp;stable, tr\u00e8s&nbsp;beau, avec un grain tr\u00e8s fin et un&nbsp;beau veinage. Le Padouk&nbsp;frais est tr\u00e8s rouge. Il s&rsquo;agit d&rsquo;un tanin de surface qui disparait en quelques jours (parfois en l&rsquo;espace d&rsquo;un week-end). Les lames pour terrasse mobile en Padouk&nbsp;prennent ensuite&#8230;<\/p>","protected":false},"author":1,"featured_media":0,"parent":1466,"menu_order":2,"comment_status":"closed","ping_status":"closed","template":"","meta":{"_kad_post_transparent":"","_kad_post_title":"","_kad_post_layout":"","_kad_post_sidebar_id":"","_kad_post_content_style":"","_kad_post_vertical_padding":"","_kad_post_feature":"","_kad_post_feature_position":"","_kad_post_header":false,"_kad_post_footer":false,"_kad_post_classname":"","footnotes":""},"folder":[14],"class_list":["post-1621","page","type-page","status-publish","hentry"],"yoast_head":"<!-- This site is optimized with the Yoast SEO plugin v27.5 - https:\/\/yoast.com\/product\/yoast-seo-wordpress\/ -->\n<title>Recouvrir terrasse mobile piscine en lames de Padouk<\/title>\n<meta name=\"robots\" content=\"index, follow, max-snippet:-1, max-image-preview:large, max-video-preview:-1\" \/>\n<link rel=\"canonical\" href=\"https:\/\/terrasse-mobile.net\/en\/old-coatings\/old-exotic-wood\/terrasse-mobile-bois-habillee-lames-bois-padouk-old\/\" \/>\n<meta property=\"og:locale\" content=\"en_GB\" \/>\n<meta property=\"og:type\" content=\"article\" \/>\n<meta property=\"og:title\" content=\"Recouvrir terrasse mobile piscine en lames de Padouk\" \/>\n<meta property=\"og:description\" content=\"Lames de terrasse en Padouk pour terrasse mobile Le&nbsp;Padouk&nbsp;est une essence originaire d&rsquo;afrique. C&rsquo;est un bois extr\u00eamement&nbsp;stable, tr\u00e8s&nbsp;beau, avec un grain tr\u00e8s fin et un&nbsp;beau veinage. Le Padouk&nbsp;frais est tr\u00e8s rouge. Il s&rsquo;agit d&rsquo;un tanin de surface qui disparait en quelques jours (parfois en l&rsquo;espace d&rsquo;un week-end). Les lames pour terrasse mobile en Padouk&nbsp;prennent ensuite...\" \/>\n<meta property=\"og:url\" content=\"https:\/\/terrasse-mobile.net\/en\/old-coatings\/old-exotic-wood\/terrasse-mobile-bois-habillee-lames-bois-padouk-old\/\" \/>\n<meta property=\"og:site_name\" content=\"Terrasse mobile\" \/>\n<meta property=\"article:modified_time\" content=\"2024-10-01T13:06:25+00:00\" \/>\n<meta property=\"og:image\" content=\"https:\/\/terrasse-mobile.net\/wp-content\/uploads\/2024\/03\/real-rec-persiaux-61-1.jpg\" \/>\n<meta name=\"twitter:card\" content=\"summary_large_image\" \/>\n<meta name=\"twitter:label1\" content=\"Estimated reading time\" \/>\n\t<meta name=\"twitter:data1\" content=\"2 minutes\" \/>\n<script type=\"application\/ld+json\" class=\"yoast-schema-graph\">{\"@context\":\"https:\\\/\\\/schema.org\",\"@graph\":[{\"@type\":\"WebPage\",\"@id\":\"https:\\\/\\\/terrasse-mobile.net\\\/revetements-old\\\/bois-exotique-old\\\/terrasse-mobile-bois-habillee-lames-bois-padouk-old\\\/\",\"url\":\"https:\\\/\\\/terrasse-mobile.net\\\/revetements-old\\\/bois-exotique-old\\\/terrasse-mobile-bois-habillee-lames-bois-padouk-old\\\/\",\"name\":\"Recouvrir terrasse mobile piscine en lames de Padouk\",\"isPartOf\":{\"@id\":\"https:\\\/\\\/terrasse-mobile.net\\\/#website\"},\"primaryImageOfPage\":{\"@id\":\"https:\\\/\\\/terrasse-mobile.net\\\/revetements-old\\\/bois-exotique-old\\\/terrasse-mobile-bois-habillee-lames-bois-padouk-old\\\/#primaryimage\"},\"image\":{\"@id\":\"https:\\\/\\\/terrasse-mobile.net\\\/revetements-old\\\/bois-exotique-old\\\/terrasse-mobile-bois-habillee-lames-bois-padouk-old\\\/#primaryimage\"},\"thumbnailUrl\":\"https:\\\/\\\/terrasse-mobile.net\\\/wp-content\\\/uploads\\\/2024\\\/03\\\/real-rec-persiaux-61-1.jpg\",\"datePublished\":\"2024-01-25T09:26:14+00:00\",\"dateModified\":\"2024-10-01T13:06:25+00:00\",\"breadcrumb\":{\"@id\":\"https:\\\/\\\/terrasse-mobile.net\\\/revetements-old\\\/bois-exotique-old\\\/terrasse-mobile-bois-habillee-lames-bois-padouk-old\\\/#breadcrumb\"},\"inLanguage\":\"en-GB\",\"potentialAction\":[{\"@type\":\"ReadAction\",\"target\":[\"https:\\\/\\\/terrasse-mobile.net\\\/revetements-old\\\/bois-exotique-old\\\/terrasse-mobile-bois-habillee-lames-bois-padouk-old\\\/\"]}]},{\"@type\":\"ImageObject\",\"inLanguage\":\"en-GB\",\"@id\":\"https:\\\/\\\/terrasse-mobile.net\\\/revetements-old\\\/bois-exotique-old\\\/terrasse-mobile-bois-habillee-lames-bois-padouk-old\\\/#primaryimage\",\"url\":\"https:\\\/\\\/terrasse-mobile.net\\\/wp-content\\\/uploads\\\/2024\\\/03\\\/real-rec-persiaux-61-1.jpg\",\"contentUrl\":\"https:\\\/\\\/terrasse-mobile.net\\\/wp-content\\\/uploads\\\/2024\\\/03\\\/real-rec-persiaux-61-1.jpg\"},{\"@type\":\"BreadcrumbList\",\"@id\":\"https:\\\/\\\/terrasse-mobile.net\\\/revetements-old\\\/bois-exotique-old\\\/terrasse-mobile-bois-habillee-lames-bois-padouk-old\\\/#breadcrumb\",\"itemListElement\":[{\"@type\":\"ListItem\",\"position\":1,\"name\":\"Accueil\",\"item\":\"https:\\\/\\\/terrasse-mobile.net\\\/\"},{\"@type\":\"ListItem\",\"position\":2,\"name\":\"LES REV\u00caTEMENTS SLIDEDECK OLD\",\"item\":\"https:\\\/\\\/terrasse-mobile.net\\\/revetements-old\\\/\"},{\"@type\":\"ListItem\",\"position\":3,\"name\":\"LES BOIS EXOTIQUES old\",\"item\":\"https:\\\/\\\/terrasse-mobile.net\\\/revetements-old\\\/bois-exotique-old\\\/\"},{\"@type\":\"ListItem\",\"position\":4,\"name\":\"BOIS EXOTIQUE PADOUK old\"}]},{\"@type\":\"WebSite\",\"@id\":\"https:\\\/\\\/terrasse-mobile.net\\\/#website\",\"url\":\"https:\\\/\\\/terrasse-mobile.net\\\/\",\"name\":\"Slidedeck\",\"description\":\"Construction sur mesure de terrasses mobiles en \u00cele-de-France\",\"publisher\":{\"@id\":\"https:\\\/\\\/terrasse-mobile.net\\\/#organization\"},\"potentialAction\":[{\"@type\":\"SearchAction\",\"target\":{\"@type\":\"EntryPoint\",\"urlTemplate\":\"https:\\\/\\\/terrasse-mobile.net\\\/?s={search_term_string}\"},\"query-input\":{\"@type\":\"PropertyValueSpecification\",\"valueRequired\":true,\"valueName\":\"search_term_string\"}}],\"inLanguage\":\"en-GB\"},{\"@type\":\"Organization\",\"@id\":\"https:\\\/\\\/terrasse-mobile.net\\\/#organization\",\"name\":\"Slidedeck\",\"url\":\"https:\\\/\\\/terrasse-mobile.net\\\/\",\"logo\":{\"@type\":\"ImageObject\",\"inLanguage\":\"en-GB\",\"@id\":\"https:\\\/\\\/terrasse-mobile.net\\\/#\\\/schema\\\/logo\\\/image\\\/\",\"url\":\"https:\\\/\\\/terrasse-mobile.net\\\/wp-content\\\/uploads\\\/2024\\\/01\\\/logo-slidedeck.jpg\",\"contentUrl\":\"https:\\\/\\\/terrasse-mobile.net\\\/wp-content\\\/uploads\\\/2024\\\/01\\\/logo-slidedeck.jpg\",\"width\":2000,\"height\":1103,\"caption\":\"Slidedeck\"},\"image\":{\"@id\":\"https:\\\/\\\/terrasse-mobile.net\\\/#\\\/schema\\\/logo\\\/image\\\/\"}}]}<\/script>\n<!-- \/ Yoast SEO plugin. -->","yoast_head_json":{"title":"Recouvrir terrasse mobile piscine en lames de Padouk","robots":{"index":"index","follow":"follow","max-snippet":"max-snippet:-1","max-image-preview":"max-image-preview:large","max-video-preview":"max-video-preview:-1"},"canonical":"https:\/\/terrasse-mobile.net\/en\/old-coatings\/old-exotic-wood\/terrasse-mobile-bois-habillee-lames-bois-padouk-old\/","og_locale":"en_GB","og_type":"article","og_title":"Recouvrir terrasse mobile piscine en lames de Padouk","og_description":"Lames de terrasse en Padouk pour terrasse mobile Le&nbsp;Padouk&nbsp;est une essence originaire d&rsquo;afrique. C&rsquo;est un bois extr\u00eamement&nbsp;stable, tr\u00e8s&nbsp;beau, avec un grain tr\u00e8s fin et un&nbsp;beau veinage. Le Padouk&nbsp;frais est tr\u00e8s rouge. Il s&rsquo;agit d&rsquo;un tanin de surface qui disparait en quelques jours (parfois en l&rsquo;espace d&rsquo;un week-end). Les lames pour terrasse mobile en Padouk&nbsp;prennent ensuite...","og_url":"https:\/\/terrasse-mobile.net\/en\/old-coatings\/old-exotic-wood\/terrasse-mobile-bois-habillee-lames-bois-padouk-old\/","og_site_name":"Terrasse mobile","article_modified_time":"2024-10-01T13:06:25+00:00","og_image":[{"url":"https:\/\/terrasse-mobile.net\/wp-content\/uploads\/2024\/03\/real-rec-persiaux-61-1.jpg","type":"","width":"","height":""}],"twitter_card":"summary_large_image","twitter_misc":{"Estimated reading time":"2 minutes"},"schema":{"@context":"https:\/\/schema.org","@graph":[{"@type":"WebPage","@id":"https:\/\/terrasse-mobile.net\/revetements-old\/bois-exotique-old\/terrasse-mobile-bois-habillee-lames-bois-padouk-old\/","url":"https:\/\/terrasse-mobile.net\/revetements-old\/bois-exotique-old\/terrasse-mobile-bois-habillee-lames-bois-padouk-old\/","name":"Recouvrir terrasse mobile piscine en lames de Padouk","isPartOf":{"@id":"https:\/\/terrasse-mobile.net\/#website"},"primaryImageOfPage":{"@id":"https:\/\/terrasse-mobile.net\/revetements-old\/bois-exotique-old\/terrasse-mobile-bois-habillee-lames-bois-padouk-old\/#primaryimage"},"image":{"@id":"https:\/\/terrasse-mobile.net\/revetements-old\/bois-exotique-old\/terrasse-mobile-bois-habillee-lames-bois-padouk-old\/#primaryimage"},"thumbnailUrl":"https:\/\/terrasse-mobile.net\/wp-content\/uploads\/2024\/03\/real-rec-persiaux-61-1.jpg","datePublished":"2024-01-25T09:26:14+00:00","dateModified":"2024-10-01T13:06:25+00:00","breadcrumb":{"@id":"https:\/\/terrasse-mobile.net\/revetements-old\/bois-exotique-old\/terrasse-mobile-bois-habillee-lames-bois-padouk-old\/#breadcrumb"},"inLanguage":"en-GB","potentialAction":[{"@type":"ReadAction","target":["https:\/\/terrasse-mobile.net\/revetements-old\/bois-exotique-old\/terrasse-mobile-bois-habillee-lames-bois-padouk-old\/"]}]},{"@type":"ImageObject","inLanguage":"en-GB","@id":"https:\/\/terrasse-mobile.net\/revetements-old\/bois-exotique-old\/terrasse-mobile-bois-habillee-lames-bois-padouk-old\/#primaryimage","url":"https:\/\/terrasse-mobile.net\/wp-content\/uploads\/2024\/03\/real-rec-persiaux-61-1.jpg","contentUrl":"https:\/\/terrasse-mobile.net\/wp-content\/uploads\/2024\/03\/real-rec-persiaux-61-1.jpg"},{"@type":"BreadcrumbList","@id":"https:\/\/terrasse-mobile.net\/revetements-old\/bois-exotique-old\/terrasse-mobile-bois-habillee-lames-bois-padouk-old\/#breadcrumb","itemListElement":[{"@type":"ListItem","position":1,"name":"Accueil","item":"https:\/\/terrasse-mobile.net\/"},{"@type":"ListItem","position":2,"name":"LES REV\u00caTEMENTS SLIDEDECK OLD","item":"https:\/\/terrasse-mobile.net\/revetements-old\/"},{"@type":"ListItem","position":3,"name":"LES BOIS EXOTIQUES old","item":"https:\/\/terrasse-mobile.net\/revetements-old\/bois-exotique-old\/"},{"@type":"ListItem","position":4,"name":"BOIS EXOTIQUE PADOUK old"}]},{"@type":"WebSite","@id":"https:\/\/terrasse-mobile.net\/#website","url":"https:\/\/terrasse-mobile.net\/","name":"Slidedeck","description":"Custom-built movable terraces in the Paris region","publisher":{"@id":"https:\/\/terrasse-mobile.net\/#organization"},"potentialAction":[{"@type":"SearchAction","target":{"@type":"EntryPoint","urlTemplate":"https:\/\/terrasse-mobile.net\/?s={search_term_string}"},"query-input":{"@type":"PropertyValueSpecification","valueRequired":true,"valueName":"search_term_string"}}],"inLanguage":"en-GB"},{"@type":"Organization","@id":"https:\/\/terrasse-mobile.net\/#organization","name":"Slidedeck","url":"https:\/\/terrasse-mobile.net\/","logo":{"@type":"ImageObject","inLanguage":"en-GB","@id":"https:\/\/terrasse-mobile.net\/#\/schema\/logo\/image\/","url":"https:\/\/terrasse-mobile.net\/wp-content\/uploads\/2024\/01\/logo-slidedeck.jpg","contentUrl":"https:\/\/terrasse-mobile.net\/wp-content\/uploads\/2024\/01\/logo-slidedeck.jpg","width":2000,"height":1103,"caption":"Slidedeck"},"image":{"@id":"https:\/\/terrasse-mobile.net\/#\/schema\/logo\/image\/"}}]}},"_links":{"self":[{"href":"https:\/\/terrasse-mobile.net\/en\/wp-json\/wp\/v2\/pages\/1621","targetHints":{"allow":["GET"]}}],"collection":[{"href":"https:\/\/terrasse-mobile.net\/en\/wp-json\/wp\/v2\/pages"}],"about":[{"href":"https:\/\/terrasse-mobile.net\/en\/wp-json\/wp\/v2\/types\/page"}],"author":[{"embeddable":true,"href":"https:\/\/terrasse-mobile.net\/en\/wp-json\/wp\/v2\/users\/1"}],"replies":[{"embeddable":true,"href":"https:\/\/terrasse-mobile.net\/en\/wp-json\/wp\/v2\/comments?post=1621"}],"version-history":[{"count":38,"href":"https:\/\/terrasse-mobile.net\/en\/wp-json\/wp\/v2\/pages\/1621\/revisions"}],"predecessor-version":[{"id":5686,"href":"https:\/\/terrasse-mobile.net\/en\/wp-json\/wp\/v2\/pages\/1621\/revisions\/5686"}],"up":[{"embeddable":true,"href":"https:\/\/terrasse-mobile.net\/en\/wp-json\/wp\/v2\/pages\/1466"}],"wp:attachment":[{"href":"https:\/\/terrasse-mobile.net\/en\/wp-json\/wp\/v2\/media?parent=1621"}],"wp:term":[{"taxonomy":"folder","embeddable":true,"href":"https:\/\/terrasse-mobile.net\/en\/wp-json\/wp\/v2\/folder?post=1621"}],"curies":[{"name":"wp","href":"https:\/\/api.w.org\/{rel}","templated":true}]}}