{"id":1938,"date":"2024-01-25T17:12:44","date_gmt":"2024-01-25T16:12:40","guid":{"rendered":"https:\/\/terrasse-mobile.net\/?page_id=1938"},"modified":"2024-10-01T15:08:16","modified_gmt":"2024-10-01T13:08:16","slug":"timbertech-old-wood-composite-mobile-terrace","status":"publish","type":"page","link":"https:\/\/terrasse-mobile.net\/en\/revetements-old\/bois-composite-old\/terrasse-mobile-bois-composite-timbertech-old\/","title":{"rendered":"WOOD COMPOSITE TIMBERTECH old"},"content":{"rendered":"<h1>Timbertech composite deck boards for mobile decks<\/h1>\n<p>The Timbertech range of wood composite decking boards offers quality decking with a 4-sided coating for complete surface protection and elegant style.<\/p>\n<h2>Mobile decking boards made from quality raw materials<\/h2>\n<p>Wood composite deck boards are generally made from recycled wood flour and synthetic materials (polyethylene, PVC, etc.). It's important to understand that you can't just mix any old wood residue with any old plastic to make good composite decking. Quality products, offered with serious warranties (20 years, 25 years...) are ALWAYS the result of extensive research, are manufactured using quality raw materials, and follow controlled manufacturing processes.<\/p>\n<p>\t\t\t\t\t\t\t\t\t\t\t\t\t<img decoding=\"async\" src=\"https:\/\/terrasse-mobile.net\/wp-content\/uploads\/elementor\/thumbs\/Deck-Color-Ideas-TimberTech-Whitewash-Cedar-Legacy-Collection-PRO-Decking-Poolside-Deck-Content-qktl0jwcsoilxyh05y8w21ivj8iz32ba9r254yksz0.jpg\" title=\"Deck-Color-Ideas-TimberTech-Whitewash-Cedar-Legacy-Collection-PRO-Decking-Poolside-Deck-Content\" alt=\"Deck-Color-Ideas-TimberTech-Whitewash-Cedar-Legacy-Collection-PRO-Decking-Poolside-Deck-Content\" loading=\"lazy\" \/>\t\t\t\t\t\t\t\t\t\t\t\t\t<\/p>\n<h2>Robust, hard-wearing deck boards<br \/>\n<\/h2>\n<p>Timbertech mobile decking boards are made of composite materials coated with a 4-sided waterproof polymer protection. Timbertech decking boards are resistant to weather, stains, scratches and fading. They are also resistant to mould and damp.<\/p>\n<h2>A terrace that's easy to maintain.<br \/>\n<\/h2>\n<p>Timbertech sliding deck boards are quick and easy to install. The decking does not require staining or annual maintenance.<\/p>\n<h2>A terrace guaranteed for 50 years.<br \/>\n<\/h2>\n<p>Your Timbertech decking boards come with a 50-year guarantee against discolouration and stains.<\/p>\n<p>\t\t\t\t\t\t\t\t\t\t\t\t\t<img decoding=\"async\" width=\"400\" height=\"400\" src=\"https:\/\/terrasse-mobile.net\/wp-content\/uploads\/2024\/03\/Deck-Color-Ideas-TimberTech-Slate-Gray-Harvest-Collection-AZEK-Decking-Pool-Deck-Content.jpg\" alt=\"\" srcset=\"https:\/\/terrasse-mobile.net\/wp-content\/uploads\/2024\/03\/Deck-Color-Ideas-TimberTech-Slate-Gray-Harvest-Collection-AZEK-Decking-Pool-Deck-Content.jpg 400w, https:\/\/terrasse-mobile.net\/wp-content\/uploads\/2024\/03\/Deck-Color-Ideas-TimberTech-Slate-Gray-Harvest-Collection-AZEK-Decking-Pool-Deck-Content-300x300.jpg 300w, https:\/\/terrasse-mobile.net\/wp-content\/uploads\/2024\/03\/Deck-Color-Ideas-TimberTech-Slate-Gray-Harvest-Collection-AZEK-Decking-Pool-Deck-Content-150x150.jpg 150w\" sizes=\"(max-width: 400px) 100vw, 400px\" \/>\t\t\t\t\t\t\t\t\t\t\t\t\t<\/p>\n<h2>Opt for excellence: Timbertech composite decking for mobile decks<br \/>\n<\/h2>\n<p>Composite planks should not be chosen because they are cheaper, but for their inherent qualities: colour stability, ease of maintenance, original appearance, etc.<br \/>Timbertech sliding deck boards are guaranteed for 25 years in residential use and are the first to be CTB-WPC certified.<\/p>\n<p>\t\t\t\t\t\t\t\t\t\t\t\t\t<img decoding=\"async\" src=\"https:\/\/terrasse-mobile.net\/wp-content\/uploads\/elementor\/thumbs\/Deck-Color-Ideas-TimberTech-Pecan-Legacy-Collection-PRO-Decking-Pool-Deck-Content-qktl0w48nllosh8ob7rwxiup4f74t514b0qp60z8xs.jpg\" title=\"TimberTech Pro Pecan Deck TimberTech Pro Pecan Deck Deck-Legacy-Pecan-TimberTech\" alt=\"Beach view pecan deck Beach view pecan deck\" loading=\"lazy\" \/><br \/>\n\t\t\t<a href=\"https:\/\/terrasse-mobile.net\/en\/configurations\/\"><br \/>\n\t\t\t\t\t\tDISCOVER SLIDEDECK CONFIGURATIONS<br \/>\n\t\t\t\t\t<\/a><\/p>","protected":false},"excerpt":{"rendered":"<p>Lames en bois composite Timbertech pour terrasse mobile La gamme de lames de terrasse en bois composite Timbertech propose un platelage de qualit\u00e9 compos\u00e9 d&rsquo;un enrobage 4 faces offrant une protection compl\u00e8te des surfaces et un style \u00e9l\u00e9gant. Des lames pour terrasse mobile compos\u00e9es de mati\u00e8res premi\u00e8res de qualit\u00e9 Les lames pour terrasse mobile en&#8230;<\/p>","protected":false},"author":1,"featured_media":0,"parent":1479,"menu_order":1,"comment_status":"closed","ping_status":"closed","template":"","meta":{"_kad_post_transparent":"","_kad_post_title":"","_kad_post_layout":"","_kad_post_sidebar_id":"","_kad_post_content_style":"","_kad_post_vertical_padding":"","_kad_post_feature":"","_kad_post_feature_position":"","_kad_post_header":false,"_kad_post_footer":false,"_kad_post_classname":"","footnotes":""},"folder":[14],"class_list":["post-1938","page","type-page","status-publish","hentry"],"yoast_head":"<!-- This site is optimized with the Yoast SEO plugin v27.5 - https:\/\/yoast.com\/product\/yoast-seo-wordpress\/ -->\n<title>Terrasse mobile avec bois composite Timbertech<\/title>\n<meta name=\"robots\" content=\"index, follow, max-snippet:-1, max-image-preview:large, max-video-preview:-1\" \/>\n<link rel=\"canonical\" href=\"https:\/\/terrasse-mobile.net\/en\/old-coatings\/wood-composite-old\/timbertech-old-wood-composite-mobile-terrace\/\" \/>\n<meta property=\"og:locale\" content=\"en_GB\" \/>\n<meta property=\"og:type\" content=\"article\" \/>\n<meta property=\"og:title\" content=\"Terrasse mobile avec bois composite Timbertech\" \/>\n<meta property=\"og:description\" content=\"Lames en bois composite Timbertech pour terrasse mobile La gamme de lames de terrasse en bois composite Timbertech propose un platelage de qualit\u00e9 compos\u00e9 d&rsquo;un enrobage 4 faces offrant une protection compl\u00e8te des surfaces et un style \u00e9l\u00e9gant. Des lames pour terrasse mobile compos\u00e9es de mati\u00e8res premi\u00e8res de qualit\u00e9 Les lames pour terrasse mobile en...\" \/>\n<meta property=\"og:url\" content=\"https:\/\/terrasse-mobile.net\/en\/old-coatings\/wood-composite-old\/timbertech-old-wood-composite-mobile-terrace\/\" \/>\n<meta property=\"og:site_name\" content=\"Terrasse mobile\" \/>\n<meta property=\"article:modified_time\" content=\"2024-10-01T13:08:16+00:00\" \/>\n<meta property=\"og:image\" content=\"https:\/\/terrasse-mobile.net\/wp-content\/uploads\/elementor\/thumbs\/Deck-Color-Ideas-TimberTech-Whitewash-Cedar-Legacy-Collection-PRO-Decking-Poolside-Deck-Content-qktl0jwcsoilxyh05y8w21ivj8iz32ba9r254yksz0.jpg\" \/>\n<meta name=\"twitter:card\" content=\"summary_large_image\" \/>\n<meta name=\"twitter:label1\" content=\"Estimated reading time\" \/>\n\t<meta name=\"twitter:data1\" content=\"3 minutes\" \/>\n<script type=\"application\/ld+json\" class=\"yoast-schema-graph\">{\"@context\":\"https:\\\/\\\/schema.org\",\"@graph\":[{\"@type\":\"WebPage\",\"@id\":\"https:\\\/\\\/terrasse-mobile.net\\\/revetements-old\\\/bois-composite-old\\\/terrasse-mobile-bois-composite-timbertech-old\\\/\",\"url\":\"https:\\\/\\\/terrasse-mobile.net\\\/revetements-old\\\/bois-composite-old\\\/terrasse-mobile-bois-composite-timbertech-old\\\/\",\"name\":\"Terrasse mobile avec bois composite Timbertech\",\"isPartOf\":{\"@id\":\"https:\\\/\\\/terrasse-mobile.net\\\/#website\"},\"primaryImageOfPage\":{\"@id\":\"https:\\\/\\\/terrasse-mobile.net\\\/revetements-old\\\/bois-composite-old\\\/terrasse-mobile-bois-composite-timbertech-old\\\/#primaryimage\"},\"image\":{\"@id\":\"https:\\\/\\\/terrasse-mobile.net\\\/revetements-old\\\/bois-composite-old\\\/terrasse-mobile-bois-composite-timbertech-old\\\/#primaryimage\"},\"thumbnailUrl\":\"https:\\\/\\\/terrasse-mobile.net\\\/wp-content\\\/uploads\\\/elementor\\\/thumbs\\\/Deck-Color-Ideas-TimberTech-Whitewash-Cedar-Legacy-Collection-PRO-Decking-Poolside-Deck-Content-qktl0jwcsoilxyh05y8w21ivj8iz32ba9r254yksz0.jpg\",\"datePublished\":\"2024-01-25T16:12:40+00:00\",\"dateModified\":\"2024-10-01T13:08:16+00:00\",\"breadcrumb\":{\"@id\":\"https:\\\/\\\/terrasse-mobile.net\\\/revetements-old\\\/bois-composite-old\\\/terrasse-mobile-bois-composite-timbertech-old\\\/#breadcrumb\"},\"inLanguage\":\"en-GB\",\"potentialAction\":[{\"@type\":\"ReadAction\",\"target\":[\"https:\\\/\\\/terrasse-mobile.net\\\/revetements-old\\\/bois-composite-old\\\/terrasse-mobile-bois-composite-timbertech-old\\\/\"]}]},{\"@type\":\"ImageObject\",\"inLanguage\":\"en-GB\",\"@id\":\"https:\\\/\\\/terrasse-mobile.net\\\/revetements-old\\\/bois-composite-old\\\/terrasse-mobile-bois-composite-timbertech-old\\\/#primaryimage\",\"url\":\"https:\\\/\\\/terrasse-mobile.net\\\/wp-content\\\/uploads\\\/elementor\\\/thumbs\\\/Deck-Color-Ideas-TimberTech-Whitewash-Cedar-Legacy-Collection-PRO-Decking-Poolside-Deck-Content-qktl0jwcsoilxyh05y8w21ivj8iz32ba9r254yksz0.jpg\",\"contentUrl\":\"https:\\\/\\\/terrasse-mobile.net\\\/wp-content\\\/uploads\\\/elementor\\\/thumbs\\\/Deck-Color-Ideas-TimberTech-Whitewash-Cedar-Legacy-Collection-PRO-Decking-Poolside-Deck-Content-qktl0jwcsoilxyh05y8w21ivj8iz32ba9r254yksz0.jpg\"},{\"@type\":\"BreadcrumbList\",\"@id\":\"https:\\\/\\\/terrasse-mobile.net\\\/revetements-old\\\/bois-composite-old\\\/terrasse-mobile-bois-composite-timbertech-old\\\/#breadcrumb\",\"itemListElement\":[{\"@type\":\"ListItem\",\"position\":1,\"name\":\"Accueil\",\"item\":\"https:\\\/\\\/terrasse-mobile.net\\\/\"},{\"@type\":\"ListItem\",\"position\":2,\"name\":\"LES REV\u00caTEMENTS SLIDEDECK OLD\",\"item\":\"https:\\\/\\\/terrasse-mobile.net\\\/revetements-old\\\/\"},{\"@type\":\"ListItem\",\"position\":3,\"name\":\"LES BOIS COMPOSITES old\",\"item\":\"https:\\\/\\\/terrasse-mobile.net\\\/revetements-old\\\/bois-composite-old\\\/\"},{\"@type\":\"ListItem\",\"position\":4,\"name\":\"BOIS COMPOSITE TIMBERTECH old\"}]},{\"@type\":\"WebSite\",\"@id\":\"https:\\\/\\\/terrasse-mobile.net\\\/#website\",\"url\":\"https:\\\/\\\/terrasse-mobile.net\\\/\",\"name\":\"Slidedeck\",\"description\":\"Construction sur mesure de terrasses mobiles en \u00cele-de-France\",\"publisher\":{\"@id\":\"https:\\\/\\\/terrasse-mobile.net\\\/#organization\"},\"potentialAction\":[{\"@type\":\"SearchAction\",\"target\":{\"@type\":\"EntryPoint\",\"urlTemplate\":\"https:\\\/\\\/terrasse-mobile.net\\\/?s={search_term_string}\"},\"query-input\":{\"@type\":\"PropertyValueSpecification\",\"valueRequired\":true,\"valueName\":\"search_term_string\"}}],\"inLanguage\":\"en-GB\"},{\"@type\":\"Organization\",\"@id\":\"https:\\\/\\\/terrasse-mobile.net\\\/#organization\",\"name\":\"Slidedeck\",\"url\":\"https:\\\/\\\/terrasse-mobile.net\\\/\",\"logo\":{\"@type\":\"ImageObject\",\"inLanguage\":\"en-GB\",\"@id\":\"https:\\\/\\\/terrasse-mobile.net\\\/#\\\/schema\\\/logo\\\/image\\\/\",\"url\":\"https:\\\/\\\/terrasse-mobile.net\\\/wp-content\\\/uploads\\\/2024\\\/01\\\/logo-slidedeck.jpg\",\"contentUrl\":\"https:\\\/\\\/terrasse-mobile.net\\\/wp-content\\\/uploads\\\/2024\\\/01\\\/logo-slidedeck.jpg\",\"width\":2000,\"height\":1103,\"caption\":\"Slidedeck\"},\"image\":{\"@id\":\"https:\\\/\\\/terrasse-mobile.net\\\/#\\\/schema\\\/logo\\\/image\\\/\"}}]}<\/script>\n<!-- \/ Yoast SEO plugin. -->","yoast_head_json":{"title":"Mobile terrace with Timbertech composite wood","robots":{"index":"index","follow":"follow","max-snippet":"max-snippet:-1","max-image-preview":"max-image-preview:large","max-video-preview":"max-video-preview:-1"},"canonical":"https:\/\/terrasse-mobile.net\/en\/old-coatings\/wood-composite-old\/timbertech-old-wood-composite-mobile-terrace\/","og_locale":"en_GB","og_type":"article","og_title":"Terrasse mobile avec bois composite Timbertech","og_description":"Lames en bois composite Timbertech pour terrasse mobile La gamme de lames de terrasse en bois composite Timbertech propose un platelage de qualit\u00e9 compos\u00e9 d&rsquo;un enrobage 4 faces offrant une protection compl\u00e8te des surfaces et un style \u00e9l\u00e9gant. Des lames pour terrasse mobile compos\u00e9es de mati\u00e8res premi\u00e8res de qualit\u00e9 Les lames pour terrasse mobile en...","og_url":"https:\/\/terrasse-mobile.net\/en\/old-coatings\/wood-composite-old\/timbertech-old-wood-composite-mobile-terrace\/","og_site_name":"Terrasse mobile","article_modified_time":"2024-10-01T13:08:16+00:00","og_image":[{"url":"https:\/\/terrasse-mobile.net\/wp-content\/uploads\/elementor\/thumbs\/Deck-Color-Ideas-TimberTech-Whitewash-Cedar-Legacy-Collection-PRO-Decking-Poolside-Deck-Content-qktl0jwcsoilxyh05y8w21ivj8iz32ba9r254yksz0.jpg","type":"","width":"","height":""}],"twitter_card":"summary_large_image","twitter_misc":{"Estimated reading time":"3 minutes"},"schema":{"@context":"https:\/\/schema.org","@graph":[{"@type":"WebPage","@id":"https:\/\/terrasse-mobile.net\/revetements-old\/bois-composite-old\/terrasse-mobile-bois-composite-timbertech-old\/","url":"https:\/\/terrasse-mobile.net\/revetements-old\/bois-composite-old\/terrasse-mobile-bois-composite-timbertech-old\/","name":"Mobile terrace with Timbertech composite wood","isPartOf":{"@id":"https:\/\/terrasse-mobile.net\/#website"},"primaryImageOfPage":{"@id":"https:\/\/terrasse-mobile.net\/revetements-old\/bois-composite-old\/terrasse-mobile-bois-composite-timbertech-old\/#primaryimage"},"image":{"@id":"https:\/\/terrasse-mobile.net\/revetements-old\/bois-composite-old\/terrasse-mobile-bois-composite-timbertech-old\/#primaryimage"},"thumbnailUrl":"https:\/\/terrasse-mobile.net\/wp-content\/uploads\/elementor\/thumbs\/Deck-Color-Ideas-TimberTech-Whitewash-Cedar-Legacy-Collection-PRO-Decking-Poolside-Deck-Content-qktl0jwcsoilxyh05y8w21ivj8iz32ba9r254yksz0.jpg","datePublished":"2024-01-25T16:12:40+00:00","dateModified":"2024-10-01T13:08:16+00:00","breadcrumb":{"@id":"https:\/\/terrasse-mobile.net\/revetements-old\/bois-composite-old\/terrasse-mobile-bois-composite-timbertech-old\/#breadcrumb"},"inLanguage":"en-GB","potentialAction":[{"@type":"ReadAction","target":["https:\/\/terrasse-mobile.net\/revetements-old\/bois-composite-old\/terrasse-mobile-bois-composite-timbertech-old\/"]}]},{"@type":"ImageObject","inLanguage":"en-GB","@id":"https:\/\/terrasse-mobile.net\/revetements-old\/bois-composite-old\/terrasse-mobile-bois-composite-timbertech-old\/#primaryimage","url":"https:\/\/terrasse-mobile.net\/wp-content\/uploads\/elementor\/thumbs\/Deck-Color-Ideas-TimberTech-Whitewash-Cedar-Legacy-Collection-PRO-Decking-Poolside-Deck-Content-qktl0jwcsoilxyh05y8w21ivj8iz32ba9r254yksz0.jpg","contentUrl":"https:\/\/terrasse-mobile.net\/wp-content\/uploads\/elementor\/thumbs\/Deck-Color-Ideas-TimberTech-Whitewash-Cedar-Legacy-Collection-PRO-Decking-Poolside-Deck-Content-qktl0jwcsoilxyh05y8w21ivj8iz32ba9r254yksz0.jpg"},{"@type":"BreadcrumbList","@id":"https:\/\/terrasse-mobile.net\/revetements-old\/bois-composite-old\/terrasse-mobile-bois-composite-timbertech-old\/#breadcrumb","itemListElement":[{"@type":"ListItem","position":1,"name":"Accueil","item":"https:\/\/terrasse-mobile.net\/"},{"@type":"ListItem","position":2,"name":"LES REV\u00caTEMENTS SLIDEDECK OLD","item":"https:\/\/terrasse-mobile.net\/revetements-old\/"},{"@type":"ListItem","position":3,"name":"LES BOIS COMPOSITES old","item":"https:\/\/terrasse-mobile.net\/revetements-old\/bois-composite-old\/"},{"@type":"ListItem","position":4,"name":"BOIS COMPOSITE TIMBERTECH old"}]},{"@type":"WebSite","@id":"https:\/\/terrasse-mobile.net\/#website","url":"https:\/\/terrasse-mobile.net\/","name":"Slidedeck","description":"Custom-built movable terraces in the Paris region","publisher":{"@id":"https:\/\/terrasse-mobile.net\/#organization"},"potentialAction":[{"@type":"SearchAction","target":{"@type":"EntryPoint","urlTemplate":"https:\/\/terrasse-mobile.net\/?s={search_term_string}"},"query-input":{"@type":"PropertyValueSpecification","valueRequired":true,"valueName":"search_term_string"}}],"inLanguage":"en-GB"},{"@type":"Organization","@id":"https:\/\/terrasse-mobile.net\/#organization","name":"Slidedeck","url":"https:\/\/terrasse-mobile.net\/","logo":{"@type":"ImageObject","inLanguage":"en-GB","@id":"https:\/\/terrasse-mobile.net\/#\/schema\/logo\/image\/","url":"https:\/\/terrasse-mobile.net\/wp-content\/uploads\/2024\/01\/logo-slidedeck.jpg","contentUrl":"https:\/\/terrasse-mobile.net\/wp-content\/uploads\/2024\/01\/logo-slidedeck.jpg","width":2000,"height":1103,"caption":"Slidedeck"},"image":{"@id":"https:\/\/terrasse-mobile.net\/#\/schema\/logo\/image\/"}}]}},"_links":{"self":[{"href":"https:\/\/terrasse-mobile.net\/en\/wp-json\/wp\/v2\/pages\/1938","targetHints":{"allow":["GET"]}}],"collection":[{"href":"https:\/\/terrasse-mobile.net\/en\/wp-json\/wp\/v2\/pages"}],"about":[{"href":"https:\/\/terrasse-mobile.net\/en\/wp-json\/wp\/v2\/types\/page"}],"author":[{"embeddable":true,"href":"https:\/\/terrasse-mobile.net\/en\/wp-json\/wp\/v2\/users\/1"}],"replies":[{"embeddable":true,"href":"https:\/\/terrasse-mobile.net\/en\/wp-json\/wp\/v2\/comments?post=1938"}],"version-history":[{"count":26,"href":"https:\/\/terrasse-mobile.net\/en\/wp-json\/wp\/v2\/pages\/1938\/revisions"}],"predecessor-version":[{"id":5689,"href":"https:\/\/terrasse-mobile.net\/en\/wp-json\/wp\/v2\/pages\/1938\/revisions\/5689"}],"up":[{"embeddable":true,"href":"https:\/\/terrasse-mobile.net\/en\/wp-json\/wp\/v2\/pages\/1479"}],"wp:attachment":[{"href":"https:\/\/terrasse-mobile.net\/en\/wp-json\/wp\/v2\/media?parent=1938"}],"wp:term":[{"taxonomy":"folder","embeddable":true,"href":"https:\/\/terrasse-mobile.net\/en\/wp-json\/wp\/v2\/folder?post=1938"}],"curies":[{"name":"wp","href":"https:\/\/api.w.org\/{rel}","templated":true}]}}