{"id":1947,"date":"2024-01-25T17:20:44","date_gmt":"2024-01-25T16:20:52","guid":{"rendered":"https:\/\/terrasse-mobile.net\/?page_id=1947"},"modified":"2024-10-01T15:07:56","modified_gmt":"2024-10-01T13:07:56","slug":"lames-millboard-terrasse-mobile-piscine-old","status":"publish","type":"page","link":"https:\/\/terrasse-mobile.net\/en\/revetements-old\/bois-composite-old\/lames-millboard-terrasse-mobile-piscine-old\/","title":{"rendered":"COMPOSITE WOOD MILLBOARD old"},"content":{"rendered":"<h1>Millboard wood composite slats for mobile decking<\/h1>\n<p>Millboard decking boards are available in two finishes:<\/p>\n<p>\u2013 FINE GRAIN, featuring elegant veining that perfectly imitates solid oak<br \/>\u2013 NATURAL GRAIN (or Rustic) imitating wood that has been weathered by time (driftwood or petrified wood)<br \/>For each finish, we offer several colours to meet the needs of even the most original and demanding projects.<\/p>\n<h2>What are the characteristics of a mineral resin decking board?<\/h2>\n<p>Millboard decking boards are mineral resin boards made from polyurethane, fibreglass and synthetic granules, coated with a layer of Lasthane that gives them a very realistic wood appearance.<br \/>Millboard decking boards are perfect for creating beautiful, highly resistant and durable imitation wood decking. Maintaining Millboard decking boards is simple and within everyone's reach.<\/p>\n<p>\t\t\t\t\t\t\t\t\t\t\t\t\t<img decoding=\"async\" src=\"https:\/\/terrasse-mobile.net\/wp-content\/uploads\/elementor\/thumbs\/resine-minerale-millboard-grain-fin-chene-ceruse-ambiance-piscine-qktksfkjr7efn89mkxvx0laisejtl72rhk64wqdwz0.jpeg\" title=\"resin-mineral-millboard-grain-fine-chene-glass-pool-ambiance\" alt=\"resin-mineral-millboard-grain-fine-chene-glass-pool-ambiance\" loading=\"lazy\" \/>\t\t\t\t\t\t\t\t\t\t\t\t\t<\/p>\n<h2>What are the advantages of mineral resin decking boards?<\/h2>\n<p>The mineral resin mobile decking boards are durable and stable, and do not warp. The boards are also highly resistant to impact and marks that may be caused by your garden furniture.<br \/>Millboard boards do not splinter, prevent the spread of harmful insects and do not rot.<\/p>\n<h2>Durable and recyclable decking boards<\/h2>\n<p>Slats for movable decking made from mineral resin don't grey and keep their colour in the sun as well as in the shade.<\/p>\n<p>Millboard blades are:\u00a0<br \/>\u2013 Rot-proof: no proliferation of moss and small weeds<br \/>\u2013 Waterproof: liquids do not stick to the blade and therefore do not cause stains.<\/p>\n<p>Millboard mineral resin decking boards are environmentally friendly:<br \/>\u2013 low energy consumption during manufacture<br \/>\u2013 low carbon emissions during production<br \/>\u2013 manufactured from recyclable materials.<\/p>\n<p>\t\t\t\t\t\t\t\t\t\t\t\t\t<img decoding=\"async\" width=\"800\" height=\"533\" src=\"https:\/\/terrasse-mobile.net\/wp-content\/uploads\/2024\/01\/grains-fin-chene-dore-piscine-debord.jpeg\" alt=\"millboard composite decking boards\" srcset=\"https:\/\/terrasse-mobile.net\/wp-content\/uploads\/2024\/01\/grains-fin-chene-dore-piscine-debord.jpeg 800w, https:\/\/terrasse-mobile.net\/wp-content\/uploads\/2024\/01\/grains-fin-chene-dore-piscine-debord-300x200.jpeg 300w, https:\/\/terrasse-mobile.net\/wp-content\/uploads\/2024\/01\/grains-fin-chene-dore-piscine-debord-768x512.jpeg 768w\" sizes=\"(max-width: 800px) 100vw, 800px\" \/>\t\t\t\t\t\t\t\t\t\t\t\t\t<\/p>\n<p>Millboard boards perfectly imitate wood and are ideal for prestigious mobile terraces, perfectly suited to traditional or contemporary homes. They can be installed (by constructing the appropriate joists) on natural ground, on old paving, on waterproofing, in front of swimming pools, or for businesses.\u00a0<\/p>\n<p>\t\t\t\t\t\t\t\t\t\t\t\t\t<img decoding=\"async\" width=\"583\" height=\"312\" src=\"https:\/\/terrasse-mobile.net\/wp-content\/uploads\/2024\/03\/resine-minerale-millboard-grain-fin-chene-dore-ambiance-piscine-1.jpeg\" alt=\"\" srcset=\"https:\/\/terrasse-mobile.net\/wp-content\/uploads\/2024\/03\/resine-minerale-millboard-grain-fin-chene-dore-ambiance-piscine-1.jpeg 583w, https:\/\/terrasse-mobile.net\/wp-content\/uploads\/2024\/03\/resine-minerale-millboard-grain-fin-chene-dore-ambiance-piscine-1-300x161.jpeg 300w\" sizes=\"(max-width: 583px) 100vw, 583px\" \/><br \/>\n\t\t\t<a href=\"https:\/\/terrasse-mobile.net\/en\/configurations\/\"><br \/>\n\t\t\t\t\t\tDISCOVER SLIDEDECK CONFIGURATIONS<br \/>\n\t\t\t\t\t<\/a><\/p>","protected":false},"excerpt":{"rendered":"<p>Lames en bois composite Millboard pour terrasse mobile Les lames de terrasse Millboard sont propos\u00e9es en deux finitions: &#8211; le GRAIN FIN, comportant un \u00e9l\u00e9gant veinage imitant parfaitement le Ch\u00eane Massif&#8211; le GRAIN NATUREL (ou Rustique) imitant un bois d\u00e9j\u00e0 creus\u00e9 par le temps (bois flott\u00e9 ou p\u00e9trifi\u00e9)Dans chaque finition, nous proposoons plusieurs couleurs pour&#8230;<\/p>","protected":false},"author":1,"featured_media":0,"parent":1479,"menu_order":0,"comment_status":"closed","ping_status":"closed","template":"","meta":{"_kad_post_transparent":"","_kad_post_title":"","_kad_post_layout":"","_kad_post_sidebar_id":"","_kad_post_content_style":"","_kad_post_vertical_padding":"","_kad_post_feature":"","_kad_post_feature_position":"","_kad_post_header":false,"_kad_post_footer":false,"_kad_post_classname":"","footnotes":""},"folder":[14],"class_list":["post-1947","page","type-page","status-publish","hentry"],"yoast_head":"<!-- This site is optimized with the Yoast SEO plugin v27.5 - https:\/\/yoast.com\/product\/yoast-seo-wordpress\/ -->\n<title>Lames de terrasse Millboard pour terrasse mobile<\/title>\n<meta name=\"robots\" content=\"index, follow, max-snippet:-1, max-image-preview:large, max-video-preview:-1\" \/>\n<link rel=\"canonical\" href=\"https:\/\/terrasse-mobile.net\/en\/old-coatings\/wood-composite-old\/lames-millboard-terrasse-mobile-piscine-old\/\" \/>\n<meta property=\"og:locale\" content=\"en_GB\" \/>\n<meta property=\"og:type\" content=\"article\" \/>\n<meta property=\"og:title\" content=\"Lames de terrasse Millboard pour terrasse mobile\" \/>\n<meta property=\"og:description\" content=\"Lames en bois composite Millboard pour terrasse mobile Les lames de terrasse Millboard sont propos\u00e9es en deux finitions: &#8211; le GRAIN FIN, comportant un \u00e9l\u00e9gant veinage imitant parfaitement le Ch\u00eane Massif&#8211; le GRAIN NATUREL (ou Rustique) imitant un bois d\u00e9j\u00e0 creus\u00e9 par le temps (bois flott\u00e9 ou p\u00e9trifi\u00e9)Dans chaque finition, nous proposoons plusieurs couleurs pour...\" \/>\n<meta property=\"og:url\" content=\"https:\/\/terrasse-mobile.net\/en\/old-coatings\/wood-composite-old\/lames-millboard-terrasse-mobile-piscine-old\/\" \/>\n<meta property=\"og:site_name\" content=\"Terrasse mobile\" \/>\n<meta property=\"article:modified_time\" content=\"2024-10-01T13:07:56+00:00\" \/>\n<meta property=\"og:image\" content=\"https:\/\/terrasse-mobile.net\/wp-content\/uploads\/elementor\/thumbs\/resine-minerale-millboard-grain-fin-chene-ceruse-ambiance-piscine-qktksfkjr7efn89mkxvx0laisejtl72rhk64wqdwz0.jpeg\" \/>\n<meta name=\"twitter:card\" content=\"summary_large_image\" \/>\n<meta name=\"twitter:label1\" content=\"Estimated reading time\" \/>\n\t<meta name=\"twitter:data1\" content=\"3 minutes\" \/>\n<script type=\"application\/ld+json\" class=\"yoast-schema-graph\">{\"@context\":\"https:\\\/\\\/schema.org\",\"@graph\":[{\"@type\":\"WebPage\",\"@id\":\"https:\\\/\\\/terrasse-mobile.net\\\/revetements-old\\\/bois-composite-old\\\/lames-millboard-terrasse-mobile-piscine-old\\\/\",\"url\":\"https:\\\/\\\/terrasse-mobile.net\\\/revetements-old\\\/bois-composite-old\\\/lames-millboard-terrasse-mobile-piscine-old\\\/\",\"name\":\"Lames de terrasse Millboard pour terrasse mobile\",\"isPartOf\":{\"@id\":\"https:\\\/\\\/terrasse-mobile.net\\\/#website\"},\"primaryImageOfPage\":{\"@id\":\"https:\\\/\\\/terrasse-mobile.net\\\/revetements-old\\\/bois-composite-old\\\/lames-millboard-terrasse-mobile-piscine-old\\\/#primaryimage\"},\"image\":{\"@id\":\"https:\\\/\\\/terrasse-mobile.net\\\/revetements-old\\\/bois-composite-old\\\/lames-millboard-terrasse-mobile-piscine-old\\\/#primaryimage\"},\"thumbnailUrl\":\"https:\\\/\\\/terrasse-mobile.net\\\/wp-content\\\/uploads\\\/elementor\\\/thumbs\\\/resine-minerale-millboard-grain-fin-chene-ceruse-ambiance-piscine-qktksfkjr7efn89mkxvx0laisejtl72rhk64wqdwz0.jpeg\",\"datePublished\":\"2024-01-25T16:20:52+00:00\",\"dateModified\":\"2024-10-01T13:07:56+00:00\",\"breadcrumb\":{\"@id\":\"https:\\\/\\\/terrasse-mobile.net\\\/revetements-old\\\/bois-composite-old\\\/lames-millboard-terrasse-mobile-piscine-old\\\/#breadcrumb\"},\"inLanguage\":\"en-GB\",\"potentialAction\":[{\"@type\":\"ReadAction\",\"target\":[\"https:\\\/\\\/terrasse-mobile.net\\\/revetements-old\\\/bois-composite-old\\\/lames-millboard-terrasse-mobile-piscine-old\\\/\"]}]},{\"@type\":\"ImageObject\",\"inLanguage\":\"en-GB\",\"@id\":\"https:\\\/\\\/terrasse-mobile.net\\\/revetements-old\\\/bois-composite-old\\\/lames-millboard-terrasse-mobile-piscine-old\\\/#primaryimage\",\"url\":\"https:\\\/\\\/terrasse-mobile.net\\\/wp-content\\\/uploads\\\/elementor\\\/thumbs\\\/resine-minerale-millboard-grain-fin-chene-ceruse-ambiance-piscine-qktksfkjr7efn89mkxvx0laisejtl72rhk64wqdwz0.jpeg\",\"contentUrl\":\"https:\\\/\\\/terrasse-mobile.net\\\/wp-content\\\/uploads\\\/elementor\\\/thumbs\\\/resine-minerale-millboard-grain-fin-chene-ceruse-ambiance-piscine-qktksfkjr7efn89mkxvx0laisejtl72rhk64wqdwz0.jpeg\"},{\"@type\":\"BreadcrumbList\",\"@id\":\"https:\\\/\\\/terrasse-mobile.net\\\/revetements-old\\\/bois-composite-old\\\/lames-millboard-terrasse-mobile-piscine-old\\\/#breadcrumb\",\"itemListElement\":[{\"@type\":\"ListItem\",\"position\":1,\"name\":\"Accueil\",\"item\":\"https:\\\/\\\/terrasse-mobile.net\\\/\"},{\"@type\":\"ListItem\",\"position\":2,\"name\":\"LES REV\u00caTEMENTS SLIDEDECK OLD\",\"item\":\"https:\\\/\\\/terrasse-mobile.net\\\/revetements-old\\\/\"},{\"@type\":\"ListItem\",\"position\":3,\"name\":\"LES BOIS COMPOSITES old\",\"item\":\"https:\\\/\\\/terrasse-mobile.net\\\/revetements-old\\\/bois-composite-old\\\/\"},{\"@type\":\"ListItem\",\"position\":4,\"name\":\"BOIS COMPOSITE MILLBOARD old\"}]},{\"@type\":\"WebSite\",\"@id\":\"https:\\\/\\\/terrasse-mobile.net\\\/#website\",\"url\":\"https:\\\/\\\/terrasse-mobile.net\\\/\",\"name\":\"Slidedeck\",\"description\":\"Construction sur mesure de terrasses mobiles en \u00cele-de-France\",\"publisher\":{\"@id\":\"https:\\\/\\\/terrasse-mobile.net\\\/#organization\"},\"potentialAction\":[{\"@type\":\"SearchAction\",\"target\":{\"@type\":\"EntryPoint\",\"urlTemplate\":\"https:\\\/\\\/terrasse-mobile.net\\\/?s={search_term_string}\"},\"query-input\":{\"@type\":\"PropertyValueSpecification\",\"valueRequired\":true,\"valueName\":\"search_term_string\"}}],\"inLanguage\":\"en-GB\"},{\"@type\":\"Organization\",\"@id\":\"https:\\\/\\\/terrasse-mobile.net\\\/#organization\",\"name\":\"Slidedeck\",\"url\":\"https:\\\/\\\/terrasse-mobile.net\\\/\",\"logo\":{\"@type\":\"ImageObject\",\"inLanguage\":\"en-GB\",\"@id\":\"https:\\\/\\\/terrasse-mobile.net\\\/#\\\/schema\\\/logo\\\/image\\\/\",\"url\":\"https:\\\/\\\/terrasse-mobile.net\\\/wp-content\\\/uploads\\\/2024\\\/01\\\/logo-slidedeck.jpg\",\"contentUrl\":\"https:\\\/\\\/terrasse-mobile.net\\\/wp-content\\\/uploads\\\/2024\\\/01\\\/logo-slidedeck.jpg\",\"width\":2000,\"height\":1103,\"caption\":\"Slidedeck\"},\"image\":{\"@id\":\"https:\\\/\\\/terrasse-mobile.net\\\/#\\\/schema\\\/logo\\\/image\\\/\"}}]}<\/script>\n<!-- \/ Yoast SEO plugin. -->","yoast_head_json":{"title":"Millboard decking boards for mobile decking","robots":{"index":"index","follow":"follow","max-snippet":"max-snippet:-1","max-image-preview":"max-image-preview:large","max-video-preview":"max-video-preview:-1"},"canonical":"https:\/\/terrasse-mobile.net\/en\/old-coatings\/wood-composite-old\/lames-millboard-terrasse-mobile-piscine-old\/","og_locale":"en_GB","og_type":"article","og_title":"Lames de terrasse Millboard pour terrasse mobile","og_description":"Lames en bois composite Millboard pour terrasse mobile Les lames de terrasse Millboard sont propos\u00e9es en deux finitions: &#8211; le GRAIN FIN, comportant un \u00e9l\u00e9gant veinage imitant parfaitement le Ch\u00eane Massif&#8211; le GRAIN NATUREL (ou Rustique) imitant un bois d\u00e9j\u00e0 creus\u00e9 par le temps (bois flott\u00e9 ou p\u00e9trifi\u00e9)Dans chaque finition, nous proposoons plusieurs couleurs pour...","og_url":"https:\/\/terrasse-mobile.net\/en\/old-coatings\/wood-composite-old\/lames-millboard-terrasse-mobile-piscine-old\/","og_site_name":"Terrasse mobile","article_modified_time":"2024-10-01T13:07:56+00:00","og_image":[{"url":"https:\/\/terrasse-mobile.net\/wp-content\/uploads\/elementor\/thumbs\/resine-minerale-millboard-grain-fin-chene-ceruse-ambiance-piscine-qktksfkjr7efn89mkxvx0laisejtl72rhk64wqdwz0.jpeg","type":"","width":"","height":""}],"twitter_card":"summary_large_image","twitter_misc":{"Estimated reading time":"3 minutes"},"schema":{"@context":"https:\/\/schema.org","@graph":[{"@type":"WebPage","@id":"https:\/\/terrasse-mobile.net\/revetements-old\/bois-composite-old\/lames-millboard-terrasse-mobile-piscine-old\/","url":"https:\/\/terrasse-mobile.net\/revetements-old\/bois-composite-old\/lames-millboard-terrasse-mobile-piscine-old\/","name":"Millboard decking boards for mobile decking","isPartOf":{"@id":"https:\/\/terrasse-mobile.net\/#website"},"primaryImageOfPage":{"@id":"https:\/\/terrasse-mobile.net\/revetements-old\/bois-composite-old\/lames-millboard-terrasse-mobile-piscine-old\/#primaryimage"},"image":{"@id":"https:\/\/terrasse-mobile.net\/revetements-old\/bois-composite-old\/lames-millboard-terrasse-mobile-piscine-old\/#primaryimage"},"thumbnailUrl":"https:\/\/terrasse-mobile.net\/wp-content\/uploads\/elementor\/thumbs\/resine-minerale-millboard-grain-fin-chene-ceruse-ambiance-piscine-qktksfkjr7efn89mkxvx0laisejtl72rhk64wqdwz0.jpeg","datePublished":"2024-01-25T16:20:52+00:00","dateModified":"2024-10-01T13:07:56+00:00","breadcrumb":{"@id":"https:\/\/terrasse-mobile.net\/revetements-old\/bois-composite-old\/lames-millboard-terrasse-mobile-piscine-old\/#breadcrumb"},"inLanguage":"en-GB","potentialAction":[{"@type":"ReadAction","target":["https:\/\/terrasse-mobile.net\/revetements-old\/bois-composite-old\/lames-millboard-terrasse-mobile-piscine-old\/"]}]},{"@type":"ImageObject","inLanguage":"en-GB","@id":"https:\/\/terrasse-mobile.net\/revetements-old\/bois-composite-old\/lames-millboard-terrasse-mobile-piscine-old\/#primaryimage","url":"https:\/\/terrasse-mobile.net\/wp-content\/uploads\/elementor\/thumbs\/resine-minerale-millboard-grain-fin-chene-ceruse-ambiance-piscine-qktksfkjr7efn89mkxvx0laisejtl72rhk64wqdwz0.jpeg","contentUrl":"https:\/\/terrasse-mobile.net\/wp-content\/uploads\/elementor\/thumbs\/resine-minerale-millboard-grain-fin-chene-ceruse-ambiance-piscine-qktksfkjr7efn89mkxvx0laisejtl72rhk64wqdwz0.jpeg"},{"@type":"BreadcrumbList","@id":"https:\/\/terrasse-mobile.net\/revetements-old\/bois-composite-old\/lames-millboard-terrasse-mobile-piscine-old\/#breadcrumb","itemListElement":[{"@type":"ListItem","position":1,"name":"Accueil","item":"https:\/\/terrasse-mobile.net\/"},{"@type":"ListItem","position":2,"name":"LES REV\u00caTEMENTS SLIDEDECK OLD","item":"https:\/\/terrasse-mobile.net\/revetements-old\/"},{"@type":"ListItem","position":3,"name":"LES BOIS COMPOSITES old","item":"https:\/\/terrasse-mobile.net\/revetements-old\/bois-composite-old\/"},{"@type":"ListItem","position":4,"name":"BOIS COMPOSITE MILLBOARD old"}]},{"@type":"WebSite","@id":"https:\/\/terrasse-mobile.net\/#website","url":"https:\/\/terrasse-mobile.net\/","name":"Slidedeck","description":"Custom-built movable terraces in the Paris region","publisher":{"@id":"https:\/\/terrasse-mobile.net\/#organization"},"potentialAction":[{"@type":"SearchAction","target":{"@type":"EntryPoint","urlTemplate":"https:\/\/terrasse-mobile.net\/?s={search_term_string}"},"query-input":{"@type":"PropertyValueSpecification","valueRequired":true,"valueName":"search_term_string"}}],"inLanguage":"en-GB"},{"@type":"Organization","@id":"https:\/\/terrasse-mobile.net\/#organization","name":"Slidedeck","url":"https:\/\/terrasse-mobile.net\/","logo":{"@type":"ImageObject","inLanguage":"en-GB","@id":"https:\/\/terrasse-mobile.net\/#\/schema\/logo\/image\/","url":"https:\/\/terrasse-mobile.net\/wp-content\/uploads\/2024\/01\/logo-slidedeck.jpg","contentUrl":"https:\/\/terrasse-mobile.net\/wp-content\/uploads\/2024\/01\/logo-slidedeck.jpg","width":2000,"height":1103,"caption":"Slidedeck"},"image":{"@id":"https:\/\/terrasse-mobile.net\/#\/schema\/logo\/image\/"}}]}},"_links":{"self":[{"href":"https:\/\/terrasse-mobile.net\/en\/wp-json\/wp\/v2\/pages\/1947","targetHints":{"allow":["GET"]}}],"collection":[{"href":"https:\/\/terrasse-mobile.net\/en\/wp-json\/wp\/v2\/pages"}],"about":[{"href":"https:\/\/terrasse-mobile.net\/en\/wp-json\/wp\/v2\/types\/page"}],"author":[{"embeddable":true,"href":"https:\/\/terrasse-mobile.net\/en\/wp-json\/wp\/v2\/users\/1"}],"replies":[{"embeddable":true,"href":"https:\/\/terrasse-mobile.net\/en\/wp-json\/wp\/v2\/comments?post=1947"}],"version-history":[{"count":35,"href":"https:\/\/terrasse-mobile.net\/en\/wp-json\/wp\/v2\/pages\/1947\/revisions"}],"predecessor-version":[{"id":5688,"href":"https:\/\/terrasse-mobile.net\/en\/wp-json\/wp\/v2\/pages\/1947\/revisions\/5688"}],"up":[{"embeddable":true,"href":"https:\/\/terrasse-mobile.net\/en\/wp-json\/wp\/v2\/pages\/1479"}],"wp:attachment":[{"href":"https:\/\/terrasse-mobile.net\/en\/wp-json\/wp\/v2\/media?parent=1947"}],"wp:term":[{"taxonomy":"folder","embeddable":true,"href":"https:\/\/terrasse-mobile.net\/en\/wp-json\/wp\/v2\/folder?post=1947"}],"curies":[{"name":"wp","href":"https:\/\/api.w.org\/{rel}","templated":true}]}}