{"id":1975,"date":"2024-01-26T11:08:44","date_gmt":"2024-01-26T10:08:56","guid":{"rendered":"https:\/\/terrasse-mobile.net\/?page_id=1975"},"modified":"2024-10-01T15:10:02","modified_gmt":"2024-10-01T13:10:02","slug":"stone-sheet-sliding-pool-deck-old","status":"publish","type":"page","link":"https:\/\/terrasse-mobile.net\/en\/revetements-old\/revetements-naturels-old\/feuille-de-pierre-terrasse-coulissante-de-piscine-old\/","title":{"rendered":"LA FEUILLE DE PIERRE old"},"content":{"rendered":"<h1>The mobile terrace with stone leaf<\/h1>\n<p>\t\t\t\t\t\t\t\t\t\t\t\t\t<img decoding=\"async\" width=\"548\" height=\"445\" src=\"https:\/\/terrasse-mobile.net\/wp-content\/uploads\/2024\/01\/piscine05-pose-16-9-detouree-1.jpeg\" alt=\"sheet of stone movable terrace\" srcset=\"https:\/\/terrasse-mobile.net\/wp-content\/uploads\/2024\/01\/piscine05-pose-16-9-detouree-1.jpeg 548w, https:\/\/terrasse-mobile.net\/wp-content\/uploads\/2024\/01\/piscine05-pose-16-9-detouree-1-300x244.jpeg 300w\" sizes=\"(max-width: 548px) 100vw, 548px\" \/>\t\t\t\t\t\t\t\t\t\t\t\t\t<\/p>\n<h2>What is a sheet of stone?<br \/>\n<\/h2>\n<p>Sheet stone is an innovative material used in the construction and decoration industries. It is made from thin layers of natural minerals, such as mica, quartz or schist, which are extracted from stone quarries. These thin layers are then reinforced with resins and fibres to create a lightweight, flexible and durable sheet.<\/p>\n<p>The main feature of sheet stone is its versatility. Because of its thinness and flexibility, it can be used to cover a variety of surfaces, whether flat or curved. It offers the authentic aesthetic appearance of natural stone, while being lighter and easier to handle. What's more, sheet stone can be cut and tailored to specific requirements, making it suitable for a wide range of architectural and interior design projects.<\/p>\n<p>\t\t\t<a href=\"https:\/\/terrasse-mobile.net\/en\/coverings\/\"><br \/>\n\t\t\t\t\t\tDISCOVER OTHER SLIDEDECK COVERINGS<br \/>\n\t\t\t\t\t<\/a><\/p>\n<h2>The stone leaf on a mobile terrace<\/h2>\n<p>Sheet stone is an ideal choice as a covering for a mobile terrace. Firstly, its light weight makes the installation and handling process much easier when it comes to moving the terrace. The lightweight material reduces the structural load, which can be particularly crucial for mobile decking systems where mobility and flexibility are essential.<\/p>\n<p>The flexibility of the stone sheet is a key feature that adapts perfectly to the often complex contours of moving terraces. It can be easily adjusted to suit curved or irregular surfaces, ensuring aesthetic continuity even when the terrace is in motion.<\/p>\n<p>Aesthetically, sheet stone maintains the visual authenticity of natural stone, adding a touch of elegance to the mobile terrace. The variety of finishes and colours available offers design flexibility, allowing the terrace to blend in with the surrounding environment.<\/p>\n<p>In terms of strength, the stone sheet, although thin, can be reinforced to ensure adequate durability and resistance to weathering, impact and daily wear and tear, which is crucial for exterior cladding subject to variable weather conditions.<\/p>\n<p>The ease of installation, combined with the flexibility and lightness of the material, helps to make the process more efficient, reducing installation time and costs - an essential aspect for mobile decking where speed of installation can be crucial.<\/p>\n<p>\t\t\t\t\t\t\t\t\t\t\t\t\t<img decoding=\"async\" src=\"https:\/\/terrasse-mobile.net\/wp-content\/uploads\/2024\/01\/feuille-de-pierre-naturelle-pearl-122-61.jpeg\" title=\"natural-stone-leaf-pearl-122-61\" alt=\"sheet of stone\" loading=\"lazy\" \/><br \/>\n\t\t\t<a href=\"https:\/\/terrasse-mobile.net\/en\/configurations\/\"><br \/>\n\t\t\t\t\t\tDISCOVER SLIDEDECK CONFIGURATIONS<br \/>\n\t\t\t\t\t<\/a><\/p>","protected":false},"excerpt":{"rendered":"<p>La terrasse mobile avec feuille de pierre Qu\u2019est-ce que la feuille de pierre ? La feuille de pierre est un mat\u00e9riau innovant utilis\u00e9 dans l&rsquo;industrie de la construction et de la d\u00e9coration. Elle est fabriqu\u00e9e \u00e0 partir de fines couches de min\u00e9raux naturels, tels que le mica, le quartz, ou le schiste, qui sont extraits&#8230;<\/p>","protected":false},"author":1,"featured_media":0,"parent":1543,"menu_order":1,"comment_status":"closed","ping_status":"closed","template":"","meta":{"_kad_post_transparent":"","_kad_post_title":"","_kad_post_layout":"","_kad_post_sidebar_id":"","_kad_post_content_style":"","_kad_post_vertical_padding":"","_kad_post_feature":"","_kad_post_feature_position":"","_kad_post_header":false,"_kad_post_footer":false,"_kad_post_classname":"","footnotes":""},"folder":[14],"class_list":["post-1975","page","type-page","status-publish","hentry"],"yoast_head":"<!-- This site is optimized with the Yoast SEO plugin v27.5 - https:\/\/yoast.com\/product\/yoast-seo-wordpress\/ -->\n<title>La feuille de pierre pour terrasse coulissante de piscine<\/title>\n<meta name=\"robots\" content=\"index, follow, max-snippet:-1, max-image-preview:large, max-video-preview:-1\" \/>\n<link rel=\"canonical\" href=\"https:\/\/terrasse-mobile.net\/en\/old-coatings\/natural-coatings-old\/stone-sheet-sliding-pool-deck-old\/\" \/>\n<meta property=\"og:locale\" content=\"en_GB\" \/>\n<meta property=\"og:type\" content=\"article\" \/>\n<meta property=\"og:title\" content=\"La feuille de pierre pour terrasse coulissante de piscine\" \/>\n<meta property=\"og:description\" content=\"La terrasse mobile avec feuille de pierre Qu\u2019est-ce que la feuille de pierre ? La feuille de pierre est un mat\u00e9riau innovant utilis\u00e9 dans l&rsquo;industrie de la construction et de la d\u00e9coration. Elle est fabriqu\u00e9e \u00e0 partir de fines couches de min\u00e9raux naturels, tels que le mica, le quartz, ou le schiste, qui sont extraits...\" \/>\n<meta property=\"og:url\" content=\"https:\/\/terrasse-mobile.net\/en\/old-coatings\/natural-coatings-old\/stone-sheet-sliding-pool-deck-old\/\" \/>\n<meta property=\"og:site_name\" content=\"Terrasse mobile\" \/>\n<meta property=\"article:modified_time\" content=\"2024-10-01T13:10:02+00:00\" \/>\n<meta property=\"og:image\" content=\"https:\/\/terrasse-mobile.net\/wp-content\/uploads\/2024\/01\/piscine05-pose-16-9-detouree-1.jpeg\" \/>\n<meta name=\"twitter:card\" content=\"summary_large_image\" \/>\n<meta name=\"twitter:label1\" content=\"Estimated reading time\" \/>\n\t<meta name=\"twitter:data1\" content=\"3 minutes\" \/>\n<script type=\"application\/ld+json\" class=\"yoast-schema-graph\">{\"@context\":\"https:\\\/\\\/schema.org\",\"@graph\":[{\"@type\":\"WebPage\",\"@id\":\"https:\\\/\\\/terrasse-mobile.net\\\/revetements-old\\\/revetements-naturels-old\\\/feuille-de-pierre-terrasse-coulissante-de-piscine-old\\\/\",\"url\":\"https:\\\/\\\/terrasse-mobile.net\\\/revetements-old\\\/revetements-naturels-old\\\/feuille-de-pierre-terrasse-coulissante-de-piscine-old\\\/\",\"name\":\"La feuille de pierre pour terrasse coulissante de piscine\",\"isPartOf\":{\"@id\":\"https:\\\/\\\/terrasse-mobile.net\\\/#website\"},\"primaryImageOfPage\":{\"@id\":\"https:\\\/\\\/terrasse-mobile.net\\\/revetements-old\\\/revetements-naturels-old\\\/feuille-de-pierre-terrasse-coulissante-de-piscine-old\\\/#primaryimage\"},\"image\":{\"@id\":\"https:\\\/\\\/terrasse-mobile.net\\\/revetements-old\\\/revetements-naturels-old\\\/feuille-de-pierre-terrasse-coulissante-de-piscine-old\\\/#primaryimage\"},\"thumbnailUrl\":\"https:\\\/\\\/terrasse-mobile.net\\\/wp-content\\\/uploads\\\/2024\\\/01\\\/piscine05-pose-16-9-detouree-1.jpeg\",\"datePublished\":\"2024-01-26T10:08:56+00:00\",\"dateModified\":\"2024-10-01T13:10:02+00:00\",\"breadcrumb\":{\"@id\":\"https:\\\/\\\/terrasse-mobile.net\\\/revetements-old\\\/revetements-naturels-old\\\/feuille-de-pierre-terrasse-coulissante-de-piscine-old\\\/#breadcrumb\"},\"inLanguage\":\"en-GB\",\"potentialAction\":[{\"@type\":\"ReadAction\",\"target\":[\"https:\\\/\\\/terrasse-mobile.net\\\/revetements-old\\\/revetements-naturels-old\\\/feuille-de-pierre-terrasse-coulissante-de-piscine-old\\\/\"]}]},{\"@type\":\"ImageObject\",\"inLanguage\":\"en-GB\",\"@id\":\"https:\\\/\\\/terrasse-mobile.net\\\/revetements-old\\\/revetements-naturels-old\\\/feuille-de-pierre-terrasse-coulissante-de-piscine-old\\\/#primaryimage\",\"url\":\"https:\\\/\\\/terrasse-mobile.net\\\/wp-content\\\/uploads\\\/2024\\\/01\\\/piscine05-pose-16-9-detouree-1.jpeg\",\"contentUrl\":\"https:\\\/\\\/terrasse-mobile.net\\\/wp-content\\\/uploads\\\/2024\\\/01\\\/piscine05-pose-16-9-detouree-1.jpeg\"},{\"@type\":\"BreadcrumbList\",\"@id\":\"https:\\\/\\\/terrasse-mobile.net\\\/revetements-old\\\/revetements-naturels-old\\\/feuille-de-pierre-terrasse-coulissante-de-piscine-old\\\/#breadcrumb\",\"itemListElement\":[{\"@type\":\"ListItem\",\"position\":1,\"name\":\"Accueil\",\"item\":\"https:\\\/\\\/terrasse-mobile.net\\\/\"},{\"@type\":\"ListItem\",\"position\":2,\"name\":\"LES REV\u00caTEMENTS SLIDEDECK OLD\",\"item\":\"https:\\\/\\\/terrasse-mobile.net\\\/revetements-old\\\/\"},{\"@type\":\"ListItem\",\"position\":3,\"name\":\"LES REV\u00caTEMENTS HABILL\u00c9S POUR TERRASSE MOBILE old\",\"item\":\"https:\\\/\\\/terrasse-mobile.net\\\/revetements-old\\\/revetements-naturels-old\\\/\"},{\"@type\":\"ListItem\",\"position\":4,\"name\":\"LA FEUILLE DE PIERRE old\"}]},{\"@type\":\"WebSite\",\"@id\":\"https:\\\/\\\/terrasse-mobile.net\\\/#website\",\"url\":\"https:\\\/\\\/terrasse-mobile.net\\\/\",\"name\":\"Slidedeck\",\"description\":\"Construction sur mesure de terrasses mobiles en \u00cele-de-France\",\"publisher\":{\"@id\":\"https:\\\/\\\/terrasse-mobile.net\\\/#organization\"},\"potentialAction\":[{\"@type\":\"SearchAction\",\"target\":{\"@type\":\"EntryPoint\",\"urlTemplate\":\"https:\\\/\\\/terrasse-mobile.net\\\/?s={search_term_string}\"},\"query-input\":{\"@type\":\"PropertyValueSpecification\",\"valueRequired\":true,\"valueName\":\"search_term_string\"}}],\"inLanguage\":\"en-GB\"},{\"@type\":\"Organization\",\"@id\":\"https:\\\/\\\/terrasse-mobile.net\\\/#organization\",\"name\":\"Slidedeck\",\"url\":\"https:\\\/\\\/terrasse-mobile.net\\\/\",\"logo\":{\"@type\":\"ImageObject\",\"inLanguage\":\"en-GB\",\"@id\":\"https:\\\/\\\/terrasse-mobile.net\\\/#\\\/schema\\\/logo\\\/image\\\/\",\"url\":\"https:\\\/\\\/terrasse-mobile.net\\\/wp-content\\\/uploads\\\/2024\\\/01\\\/logo-slidedeck.jpg\",\"contentUrl\":\"https:\\\/\\\/terrasse-mobile.net\\\/wp-content\\\/uploads\\\/2024\\\/01\\\/logo-slidedeck.jpg\",\"width\":2000,\"height\":1103,\"caption\":\"Slidedeck\"},\"image\":{\"@id\":\"https:\\\/\\\/terrasse-mobile.net\\\/#\\\/schema\\\/logo\\\/image\\\/\"}}]}<\/script>\n<!-- \/ Yoast SEO plugin. -->","yoast_head_json":{"title":"Stone sheets for sliding pool decks","robots":{"index":"index","follow":"follow","max-snippet":"max-snippet:-1","max-image-preview":"max-image-preview:large","max-video-preview":"max-video-preview:-1"},"canonical":"https:\/\/terrasse-mobile.net\/en\/old-coatings\/natural-coatings-old\/stone-sheet-sliding-pool-deck-old\/","og_locale":"en_GB","og_type":"article","og_title":"La feuille de pierre pour terrasse coulissante de piscine","og_description":"La terrasse mobile avec feuille de pierre Qu\u2019est-ce que la feuille de pierre ? La feuille de pierre est un mat\u00e9riau innovant utilis\u00e9 dans l&rsquo;industrie de la construction et de la d\u00e9coration. Elle est fabriqu\u00e9e \u00e0 partir de fines couches de min\u00e9raux naturels, tels que le mica, le quartz, ou le schiste, qui sont extraits...","og_url":"https:\/\/terrasse-mobile.net\/en\/old-coatings\/natural-coatings-old\/stone-sheet-sliding-pool-deck-old\/","og_site_name":"Terrasse mobile","article_modified_time":"2024-10-01T13:10:02+00:00","og_image":[{"url":"https:\/\/terrasse-mobile.net\/wp-content\/uploads\/2024\/01\/piscine05-pose-16-9-detouree-1.jpeg","type":"","width":"","height":""}],"twitter_card":"summary_large_image","twitter_misc":{"Estimated reading time":"3 minutes"},"schema":{"@context":"https:\/\/schema.org","@graph":[{"@type":"WebPage","@id":"https:\/\/terrasse-mobile.net\/revetements-old\/revetements-naturels-old\/feuille-de-pierre-terrasse-coulissante-de-piscine-old\/","url":"https:\/\/terrasse-mobile.net\/revetements-old\/revetements-naturels-old\/feuille-de-pierre-terrasse-coulissante-de-piscine-old\/","name":"Stone sheets for sliding pool decks","isPartOf":{"@id":"https:\/\/terrasse-mobile.net\/#website"},"primaryImageOfPage":{"@id":"https:\/\/terrasse-mobile.net\/revetements-old\/revetements-naturels-old\/feuille-de-pierre-terrasse-coulissante-de-piscine-old\/#primaryimage"},"image":{"@id":"https:\/\/terrasse-mobile.net\/revetements-old\/revetements-naturels-old\/feuille-de-pierre-terrasse-coulissante-de-piscine-old\/#primaryimage"},"thumbnailUrl":"https:\/\/terrasse-mobile.net\/wp-content\/uploads\/2024\/01\/piscine05-pose-16-9-detouree-1.jpeg","datePublished":"2024-01-26T10:08:56+00:00","dateModified":"2024-10-01T13:10:02+00:00","breadcrumb":{"@id":"https:\/\/terrasse-mobile.net\/revetements-old\/revetements-naturels-old\/feuille-de-pierre-terrasse-coulissante-de-piscine-old\/#breadcrumb"},"inLanguage":"en-GB","potentialAction":[{"@type":"ReadAction","target":["https:\/\/terrasse-mobile.net\/revetements-old\/revetements-naturels-old\/feuille-de-pierre-terrasse-coulissante-de-piscine-old\/"]}]},{"@type":"ImageObject","inLanguage":"en-GB","@id":"https:\/\/terrasse-mobile.net\/revetements-old\/revetements-naturels-old\/feuille-de-pierre-terrasse-coulissante-de-piscine-old\/#primaryimage","url":"https:\/\/terrasse-mobile.net\/wp-content\/uploads\/2024\/01\/piscine05-pose-16-9-detouree-1.jpeg","contentUrl":"https:\/\/terrasse-mobile.net\/wp-content\/uploads\/2024\/01\/piscine05-pose-16-9-detouree-1.jpeg"},{"@type":"BreadcrumbList","@id":"https:\/\/terrasse-mobile.net\/revetements-old\/revetements-naturels-old\/feuille-de-pierre-terrasse-coulissante-de-piscine-old\/#breadcrumb","itemListElement":[{"@type":"ListItem","position":1,"name":"Accueil","item":"https:\/\/terrasse-mobile.net\/"},{"@type":"ListItem","position":2,"name":"LES REV\u00caTEMENTS SLIDEDECK OLD","item":"https:\/\/terrasse-mobile.net\/revetements-old\/"},{"@type":"ListItem","position":3,"name":"LES REV\u00caTEMENTS HABILL\u00c9S POUR TERRASSE MOBILE old","item":"https:\/\/terrasse-mobile.net\/revetements-old\/revetements-naturels-old\/"},{"@type":"ListItem","position":4,"name":"LA FEUILLE DE PIERRE old"}]},{"@type":"WebSite","@id":"https:\/\/terrasse-mobile.net\/#website","url":"https:\/\/terrasse-mobile.net\/","name":"Slidedeck","description":"Custom-built movable terraces in the Paris region","publisher":{"@id":"https:\/\/terrasse-mobile.net\/#organization"},"potentialAction":[{"@type":"SearchAction","target":{"@type":"EntryPoint","urlTemplate":"https:\/\/terrasse-mobile.net\/?s={search_term_string}"},"query-input":{"@type":"PropertyValueSpecification","valueRequired":true,"valueName":"search_term_string"}}],"inLanguage":"en-GB"},{"@type":"Organization","@id":"https:\/\/terrasse-mobile.net\/#organization","name":"Slidedeck","url":"https:\/\/terrasse-mobile.net\/","logo":{"@type":"ImageObject","inLanguage":"en-GB","@id":"https:\/\/terrasse-mobile.net\/#\/schema\/logo\/image\/","url":"https:\/\/terrasse-mobile.net\/wp-content\/uploads\/2024\/01\/logo-slidedeck.jpg","contentUrl":"https:\/\/terrasse-mobile.net\/wp-content\/uploads\/2024\/01\/logo-slidedeck.jpg","width":2000,"height":1103,"caption":"Slidedeck"},"image":{"@id":"https:\/\/terrasse-mobile.net\/#\/schema\/logo\/image\/"}}]}},"_links":{"self":[{"href":"https:\/\/terrasse-mobile.net\/en\/wp-json\/wp\/v2\/pages\/1975","targetHints":{"allow":["GET"]}}],"collection":[{"href":"https:\/\/terrasse-mobile.net\/en\/wp-json\/wp\/v2\/pages"}],"about":[{"href":"https:\/\/terrasse-mobile.net\/en\/wp-json\/wp\/v2\/types\/page"}],"author":[{"embeddable":true,"href":"https:\/\/terrasse-mobile.net\/en\/wp-json\/wp\/v2\/users\/1"}],"replies":[{"embeddable":true,"href":"https:\/\/terrasse-mobile.net\/en\/wp-json\/wp\/v2\/comments?post=1975"}],"version-history":[{"count":17,"href":"https:\/\/terrasse-mobile.net\/en\/wp-json\/wp\/v2\/pages\/1975\/revisions"}],"predecessor-version":[{"id":5692,"href":"https:\/\/terrasse-mobile.net\/en\/wp-json\/wp\/v2\/pages\/1975\/revisions\/5692"}],"up":[{"embeddable":true,"href":"https:\/\/terrasse-mobile.net\/en\/wp-json\/wp\/v2\/pages\/1543"}],"wp:attachment":[{"href":"https:\/\/terrasse-mobile.net\/en\/wp-json\/wp\/v2\/media?parent=1975"}],"wp:term":[{"taxonomy":"folder","embeddable":true,"href":"https:\/\/terrasse-mobile.net\/en\/wp-json\/wp\/v2\/folder?post=1975"}],"curies":[{"name":"wp","href":"https:\/\/api.w.org\/{rel}","templated":true}]}}