{"id":2260,"date":"2024-01-31T17:27:50","date_gmt":"2024-01-31T16:27:17","guid":{"rendered":"https:\/\/terrasse-mobile.net\/?page_id=2260"},"modified":"2024-10-01T15:48:46","modified_gmt":"2024-10-01T13:48:46","slug":"entretien-terrasse-coulissante-old","status":"publish","type":"page","link":"https:\/\/terrasse-mobile.net\/en\/installation-entretien-old\/entretien-terrasse-coulissante-old\/","title":{"rendered":"L&rsquo;ENTRETIEN DE VOTRE TERRASSE MOBILE SLIDEDECK old"},"content":{"rendered":"<h1>L&rsquo;entretien de votre terrasse mobile SlideDeck<\/h1>\n<h2>Ideal materials for mobile decking <br \/>your pool<br \/>\n<\/h2>\n<p>La structure de la terrasse mobile SlideDeck est con\u00e7ue \u00e0 partir de mat\u00e9riaux de haute qualit\u00e9, tels que l&rsquo;acier inoxydable et l\u2019aluminium. Ils sont \u00e9ternellement durables, r\u00e9sistants m\u00e9caniquement et bien entendu parfaitement r\u00e9sistants \u00e0 la corrosion . De m\u00eame, les accessoires (roulettes, motorisation, pi\u00e8ces de fixation sont \u00e9galement r\u00e9alis\u00e9s en acier inoxydable pour que l&rsquo;ensemble de la terrasse mobile soit compatible \u00e0 de grands standards de qualit\u00e9. Votre terrasse mobile pour piscine restera en parfait \u00e9tat pendant au moins 40 ans sans n\u00e9cessiter de remplacement ni de r\u00e9parations.<\/p>\n<h2>Easy-care coverings for mobile terraces<br \/>\n<\/h2>\n<p>Nous proposons plusieurs rev\u00eatements pour votre terrasse mobile SlideDeck : les lames de terrasse en bois exotique, les lames en bois composite, les lames en aluminium, le gazon synth\u00e9tique, la feuille de pierre, etc&#8230; Tous ces rev\u00eatements sont parfaitement resistants \u00e0 la pluie, \u00e0 la neige, au gel, aux rayons U.V. et bien entendu \u00e0 l&rsquo;eau chlor\u00e9e. Les qualit\u00e9s de technique de nos rev\u00eatements\u00a0 nous permettent de vous garantir que votre terrasse mobile conservera son apparence pendant de tr\u00e8s nombreuses ann\u00e9es sans avoir besoin d&rsquo;entretien particulier ; si ce n&rsquo;est un coup de balais brosse 2 fois par an, un passage l\u00e9ger au nettoyeur haute pression.<\/p>\n<p>\t\t\t\t\t\t\t\t\t\t\t\t\t<img decoding=\"async\" width=\"743\" height=\"560\" src=\"https:\/\/terrasse-mobile.net\/wp-content\/uploads\/2024\/01\/SLIDEDECK-GAZON-SYNTHETIQUE00002-1.jpeg\" alt=\"MOVABLE TERRACE SYNTHETIC TURF\" srcset=\"https:\/\/terrasse-mobile.net\/wp-content\/uploads\/2024\/01\/SLIDEDECK-GAZON-SYNTHETIQUE00002-1.jpeg 743w, https:\/\/terrasse-mobile.net\/wp-content\/uploads\/2024\/01\/SLIDEDECK-GAZON-SYNTHETIQUE00002-1-300x226.jpeg 300w\" sizes=\"(max-width: 743px) 100vw, 743px\" \/><br \/>\n\t\t\t\t\t\t\t\t\t\t\t\t\t<img decoding=\"async\" width=\"765\" height=\"510\" src=\"https:\/\/terrasse-mobile.net\/wp-content\/uploads\/2024\/01\/REAL-DUTHION-PISCINE2-1.jpg\" alt=\"mobile terrace in the town centre\" srcset=\"https:\/\/terrasse-mobile.net\/wp-content\/uploads\/2024\/01\/REAL-DUTHION-PISCINE2-1.jpg 765w, https:\/\/terrasse-mobile.net\/wp-content\/uploads\/2024\/01\/REAL-DUTHION-PISCINE2-1-300x200.jpg 300w\" sizes=\"(max-width: 765px) 100vw, 765px\" \/>\t\t\t\t\t\t\t\t\t\t\t\t\t<\/p>\n<p>Les rev\u00eatements de la terrasse mobile SlideDeck sont tr\u00e8s uqalitatifs ce qui rend le nettoyage rapide et facile. Un simple coup de balai ou un rin\u00e7age \u00e0 l&rsquo;eau savonneuse suffit g\u00e9n\u00e9ralement pour \u00e9liminer la salet\u00e9, la poussi\u00e8re et les d\u00e9bris.\u00a0<\/p>\n<h2>A mobile terrace that will last 40 years<\/h2>\n<p>The SlideDeck mobile swimming pool deck is extremely strong, both mechanically and in terms of lifespan. When you choose SlideDeck, you'll have peace of mind for the next 40 years: a reliable, long-lasting investment.<\/p>\n<p>\t\t\t<a href=\"https:\/\/terrasse-mobile.net\/en\/options\/\"><br \/>\n\t\t\t\t\t\tDISCOVER THE OPTIONS FOR THE SLIDEDECK MOBILE TERRACE<br \/>\n\t\t\t\t\t<\/a><\/p>","protected":false},"excerpt":{"rendered":"<p>L&rsquo;entretien de votre terrasse mobile SlideDeck Des mat\u00e9riaux id\u00e9als pour la terrasse mobile de votre piscine La structure de la terrasse mobile SlideDeck est con\u00e7ue \u00e0 partir de mat\u00e9riaux de haute qualit\u00e9, tels que l&rsquo;acier inoxydable et l\u2019aluminium. Ils sont \u00e9ternellement durables, r\u00e9sistants m\u00e9caniquement et bien entendu parfaitement r\u00e9sistants \u00e0 la corrosion . De m\u00eame,&#8230;<\/p>","protected":false},"author":1,"featured_media":0,"parent":2653,"menu_order":3,"comment_status":"closed","ping_status":"closed","template":"","meta":{"_kad_post_transparent":"","_kad_post_title":"","_kad_post_layout":"","_kad_post_sidebar_id":"","_kad_post_content_style":"","_kad_post_vertical_padding":"","_kad_post_feature":"","_kad_post_feature_position":"","_kad_post_header":false,"_kad_post_footer":false,"_kad_post_classname":"","footnotes":""},"folder":[],"class_list":["post-2260","page","type-page","status-publish","hentry"],"yoast_head":"<!-- This site is optimized with the Yoast SEO plugin v27.5 - https:\/\/yoast.com\/product\/yoast-seo-wordpress\/ -->\n<title>L&#039;entretien d&#039;une terrasse coulissante<\/title>\n<meta name=\"robots\" content=\"index, follow, max-snippet:-1, max-image-preview:large, max-video-preview:-1\" \/>\n<link rel=\"canonical\" href=\"https:\/\/terrasse-mobile.net\/en\/installation-maintenance-old\/entretien-terrasse-coulissante-old\/\" \/>\n<meta property=\"og:locale\" content=\"en_GB\" \/>\n<meta property=\"og:type\" content=\"article\" \/>\n<meta property=\"og:title\" content=\"L&#039;entretien d&#039;une terrasse coulissante\" \/>\n<meta property=\"og:description\" content=\"L&rsquo;entretien de votre terrasse mobile SlideDeck Des mat\u00e9riaux id\u00e9als pour la terrasse mobile de votre piscine La structure de la terrasse mobile SlideDeck est con\u00e7ue \u00e0 partir de mat\u00e9riaux de haute qualit\u00e9, tels que l&rsquo;acier inoxydable et l\u2019aluminium. Ils sont \u00e9ternellement durables, r\u00e9sistants m\u00e9caniquement et bien entendu parfaitement r\u00e9sistants \u00e0 la corrosion . De m\u00eame,...\" \/>\n<meta property=\"og:url\" content=\"https:\/\/terrasse-mobile.net\/en\/installation-maintenance-old\/entretien-terrasse-coulissante-old\/\" \/>\n<meta property=\"og:site_name\" content=\"Terrasse mobile\" \/>\n<meta property=\"article:modified_time\" content=\"2024-10-01T13:48:46+00:00\" \/>\n<meta property=\"og:image\" content=\"https:\/\/terrasse-mobile.net\/wp-content\/uploads\/2024\/01\/SLIDEDECK-GAZON-SYNTHETIQUE00002-1.jpeg\" \/>\n<meta name=\"twitter:card\" content=\"summary_large_image\" \/>\n<meta name=\"twitter:label1\" content=\"Estimated reading time\" \/>\n\t<meta name=\"twitter:data1\" content=\"2 minutes\" \/>\n<script type=\"application\/ld+json\" class=\"yoast-schema-graph\">{\"@context\":\"https:\\\/\\\/schema.org\",\"@graph\":[{\"@type\":\"WebPage\",\"@id\":\"https:\\\/\\\/terrasse-mobile.net\\\/installation-entretien-old\\\/entretien-terrasse-coulissante-old\\\/\",\"url\":\"https:\\\/\\\/terrasse-mobile.net\\\/installation-entretien-old\\\/entretien-terrasse-coulissante-old\\\/\",\"name\":\"L'entretien d'une terrasse coulissante\",\"isPartOf\":{\"@id\":\"https:\\\/\\\/terrasse-mobile.net\\\/#website\"},\"primaryImageOfPage\":{\"@id\":\"https:\\\/\\\/terrasse-mobile.net\\\/installation-entretien-old\\\/entretien-terrasse-coulissante-old\\\/#primaryimage\"},\"image\":{\"@id\":\"https:\\\/\\\/terrasse-mobile.net\\\/installation-entretien-old\\\/entretien-terrasse-coulissante-old\\\/#primaryimage\"},\"thumbnailUrl\":\"https:\\\/\\\/terrasse-mobile.net\\\/wp-content\\\/uploads\\\/2024\\\/01\\\/SLIDEDECK-GAZON-SYNTHETIQUE00002-1.jpeg\",\"datePublished\":\"2024-01-31T16:27:17+00:00\",\"dateModified\":\"2024-10-01T13:48:46+00:00\",\"breadcrumb\":{\"@id\":\"https:\\\/\\\/terrasse-mobile.net\\\/installation-entretien-old\\\/entretien-terrasse-coulissante-old\\\/#breadcrumb\"},\"inLanguage\":\"en-GB\",\"potentialAction\":[{\"@type\":\"ReadAction\",\"target\":[\"https:\\\/\\\/terrasse-mobile.net\\\/installation-entretien-old\\\/entretien-terrasse-coulissante-old\\\/\"]}]},{\"@type\":\"ImageObject\",\"inLanguage\":\"en-GB\",\"@id\":\"https:\\\/\\\/terrasse-mobile.net\\\/installation-entretien-old\\\/entretien-terrasse-coulissante-old\\\/#primaryimage\",\"url\":\"https:\\\/\\\/terrasse-mobile.net\\\/wp-content\\\/uploads\\\/2024\\\/01\\\/SLIDEDECK-GAZON-SYNTHETIQUE00002-1.jpeg\",\"contentUrl\":\"https:\\\/\\\/terrasse-mobile.net\\\/wp-content\\\/uploads\\\/2024\\\/01\\\/SLIDEDECK-GAZON-SYNTHETIQUE00002-1.jpeg\"},{\"@type\":\"BreadcrumbList\",\"@id\":\"https:\\\/\\\/terrasse-mobile.net\\\/installation-entretien-old\\\/entretien-terrasse-coulissante-old\\\/#breadcrumb\",\"itemListElement\":[{\"@type\":\"ListItem\",\"position\":1,\"name\":\"Accueil\",\"item\":\"https:\\\/\\\/terrasse-mobile.net\\\/\"},{\"@type\":\"ListItem\",\"position\":2,\"name\":\"INSTALLATION ET ENTRETIEN DE LA TERRASSE MOBILE SLIDEDECK old\",\"item\":\"https:\\\/\\\/terrasse-mobile.net\\\/installation-entretien-old\\\/\"},{\"@type\":\"ListItem\",\"position\":3,\"name\":\"L&rsquo;ENTRETIEN DE VOTRE TERRASSE MOBILE SLIDEDECK old\"}]},{\"@type\":\"WebSite\",\"@id\":\"https:\\\/\\\/terrasse-mobile.net\\\/#website\",\"url\":\"https:\\\/\\\/terrasse-mobile.net\\\/\",\"name\":\"Slidedeck\",\"description\":\"Construction sur mesure de terrasses mobiles en \u00cele-de-France\",\"publisher\":{\"@id\":\"https:\\\/\\\/terrasse-mobile.net\\\/#organization\"},\"potentialAction\":[{\"@type\":\"SearchAction\",\"target\":{\"@type\":\"EntryPoint\",\"urlTemplate\":\"https:\\\/\\\/terrasse-mobile.net\\\/?s={search_term_string}\"},\"query-input\":{\"@type\":\"PropertyValueSpecification\",\"valueRequired\":true,\"valueName\":\"search_term_string\"}}],\"inLanguage\":\"en-GB\"},{\"@type\":\"Organization\",\"@id\":\"https:\\\/\\\/terrasse-mobile.net\\\/#organization\",\"name\":\"Slidedeck\",\"url\":\"https:\\\/\\\/terrasse-mobile.net\\\/\",\"logo\":{\"@type\":\"ImageObject\",\"inLanguage\":\"en-GB\",\"@id\":\"https:\\\/\\\/terrasse-mobile.net\\\/#\\\/schema\\\/logo\\\/image\\\/\",\"url\":\"https:\\\/\\\/terrasse-mobile.net\\\/wp-content\\\/uploads\\\/2024\\\/01\\\/logo-slidedeck.jpg\",\"contentUrl\":\"https:\\\/\\\/terrasse-mobile.net\\\/wp-content\\\/uploads\\\/2024\\\/01\\\/logo-slidedeck.jpg\",\"width\":2000,\"height\":1103,\"caption\":\"Slidedeck\"},\"image\":{\"@id\":\"https:\\\/\\\/terrasse-mobile.net\\\/#\\\/schema\\\/logo\\\/image\\\/\"}}]}<\/script>\n<!-- \/ Yoast SEO plugin. -->","yoast_head_json":{"title":"L'entretien d'une terrasse coulissante","robots":{"index":"index","follow":"follow","max-snippet":"max-snippet:-1","max-image-preview":"max-image-preview:large","max-video-preview":"max-video-preview:-1"},"canonical":"https:\/\/terrasse-mobile.net\/en\/installation-maintenance-old\/entretien-terrasse-coulissante-old\/","og_locale":"en_GB","og_type":"article","og_title":"L'entretien d'une terrasse coulissante","og_description":"L&rsquo;entretien de votre terrasse mobile SlideDeck Des mat\u00e9riaux id\u00e9als pour la terrasse mobile de votre piscine La structure de la terrasse mobile SlideDeck est con\u00e7ue \u00e0 partir de mat\u00e9riaux de haute qualit\u00e9, tels que l&rsquo;acier inoxydable et l\u2019aluminium. Ils sont \u00e9ternellement durables, r\u00e9sistants m\u00e9caniquement et bien entendu parfaitement r\u00e9sistants \u00e0 la corrosion . De m\u00eame,...","og_url":"https:\/\/terrasse-mobile.net\/en\/installation-maintenance-old\/entretien-terrasse-coulissante-old\/","og_site_name":"Terrasse mobile","article_modified_time":"2024-10-01T13:48:46+00:00","og_image":[{"url":"https:\/\/terrasse-mobile.net\/wp-content\/uploads\/2024\/01\/SLIDEDECK-GAZON-SYNTHETIQUE00002-1.jpeg","type":"","width":"","height":""}],"twitter_card":"summary_large_image","twitter_misc":{"Estimated reading time":"2 minutes"},"schema":{"@context":"https:\/\/schema.org","@graph":[{"@type":"WebPage","@id":"https:\/\/terrasse-mobile.net\/installation-entretien-old\/entretien-terrasse-coulissante-old\/","url":"https:\/\/terrasse-mobile.net\/installation-entretien-old\/entretien-terrasse-coulissante-old\/","name":"L'entretien d'une terrasse coulissante","isPartOf":{"@id":"https:\/\/terrasse-mobile.net\/#website"},"primaryImageOfPage":{"@id":"https:\/\/terrasse-mobile.net\/installation-entretien-old\/entretien-terrasse-coulissante-old\/#primaryimage"},"image":{"@id":"https:\/\/terrasse-mobile.net\/installation-entretien-old\/entretien-terrasse-coulissante-old\/#primaryimage"},"thumbnailUrl":"https:\/\/terrasse-mobile.net\/wp-content\/uploads\/2024\/01\/SLIDEDECK-GAZON-SYNTHETIQUE00002-1.jpeg","datePublished":"2024-01-31T16:27:17+00:00","dateModified":"2024-10-01T13:48:46+00:00","breadcrumb":{"@id":"https:\/\/terrasse-mobile.net\/installation-entretien-old\/entretien-terrasse-coulissante-old\/#breadcrumb"},"inLanguage":"en-GB","potentialAction":[{"@type":"ReadAction","target":["https:\/\/terrasse-mobile.net\/installation-entretien-old\/entretien-terrasse-coulissante-old\/"]}]},{"@type":"ImageObject","inLanguage":"en-GB","@id":"https:\/\/terrasse-mobile.net\/installation-entretien-old\/entretien-terrasse-coulissante-old\/#primaryimage","url":"https:\/\/terrasse-mobile.net\/wp-content\/uploads\/2024\/01\/SLIDEDECK-GAZON-SYNTHETIQUE00002-1.jpeg","contentUrl":"https:\/\/terrasse-mobile.net\/wp-content\/uploads\/2024\/01\/SLIDEDECK-GAZON-SYNTHETIQUE00002-1.jpeg"},{"@type":"BreadcrumbList","@id":"https:\/\/terrasse-mobile.net\/installation-entretien-old\/entretien-terrasse-coulissante-old\/#breadcrumb","itemListElement":[{"@type":"ListItem","position":1,"name":"Accueil","item":"https:\/\/terrasse-mobile.net\/"},{"@type":"ListItem","position":2,"name":"INSTALLATION ET ENTRETIEN DE LA TERRASSE MOBILE SLIDEDECK old","item":"https:\/\/terrasse-mobile.net\/installation-entretien-old\/"},{"@type":"ListItem","position":3,"name":"L&rsquo;ENTRETIEN DE VOTRE TERRASSE MOBILE SLIDEDECK old"}]},{"@type":"WebSite","@id":"https:\/\/terrasse-mobile.net\/#website","url":"https:\/\/terrasse-mobile.net\/","name":"Slidedeck","description":"Custom-built movable terraces in the Paris region","publisher":{"@id":"https:\/\/terrasse-mobile.net\/#organization"},"potentialAction":[{"@type":"SearchAction","target":{"@type":"EntryPoint","urlTemplate":"https:\/\/terrasse-mobile.net\/?s={search_term_string}"},"query-input":{"@type":"PropertyValueSpecification","valueRequired":true,"valueName":"search_term_string"}}],"inLanguage":"en-GB"},{"@type":"Organization","@id":"https:\/\/terrasse-mobile.net\/#organization","name":"Slidedeck","url":"https:\/\/terrasse-mobile.net\/","logo":{"@type":"ImageObject","inLanguage":"en-GB","@id":"https:\/\/terrasse-mobile.net\/#\/schema\/logo\/image\/","url":"https:\/\/terrasse-mobile.net\/wp-content\/uploads\/2024\/01\/logo-slidedeck.jpg","contentUrl":"https:\/\/terrasse-mobile.net\/wp-content\/uploads\/2024\/01\/logo-slidedeck.jpg","width":2000,"height":1103,"caption":"Slidedeck"},"image":{"@id":"https:\/\/terrasse-mobile.net\/#\/schema\/logo\/image\/"}}]}},"_links":{"self":[{"href":"https:\/\/terrasse-mobile.net\/en\/wp-json\/wp\/v2\/pages\/2260","targetHints":{"allow":["GET"]}}],"collection":[{"href":"https:\/\/terrasse-mobile.net\/en\/wp-json\/wp\/v2\/pages"}],"about":[{"href":"https:\/\/terrasse-mobile.net\/en\/wp-json\/wp\/v2\/types\/page"}],"author":[{"embeddable":true,"href":"https:\/\/terrasse-mobile.net\/en\/wp-json\/wp\/v2\/users\/1"}],"replies":[{"embeddable":true,"href":"https:\/\/terrasse-mobile.net\/en\/wp-json\/wp\/v2\/comments?post=2260"}],"version-history":[{"count":41,"href":"https:\/\/terrasse-mobile.net\/en\/wp-json\/wp\/v2\/pages\/2260\/revisions"}],"predecessor-version":[{"id":5717,"href":"https:\/\/terrasse-mobile.net\/en\/wp-json\/wp\/v2\/pages\/2260\/revisions\/5717"}],"up":[{"embeddable":true,"href":"https:\/\/terrasse-mobile.net\/en\/wp-json\/wp\/v2\/pages\/2653"}],"wp:attachment":[{"href":"https:\/\/terrasse-mobile.net\/en\/wp-json\/wp\/v2\/media?parent=2260"}],"wp:term":[{"taxonomy":"folder","embeddable":true,"href":"https:\/\/terrasse-mobile.net\/en\/wp-json\/wp\/v2\/folder?post=2260"}],"curies":[{"name":"wp","href":"https:\/\/api.w.org\/{rel}","templated":true}]}}