{"id":2325,"date":"2024-02-01T10:55:50","date_gmt":"2024-02-01T09:55:56","guid":{"rendered":"https:\/\/terrasse-mobile.net\/?page_id=2325"},"modified":"2024-10-01T15:47:51","modified_gmt":"2024-10-01T13:47:51","slug":"mobile-terrace-kit-for-old-swimming-pool","status":"publish","type":"page","link":"https:\/\/terrasse-mobile.net\/en\/installation-entretien-old\/terrasse-mobile-en-kit-pour-piscine-old\/","title":{"rendered":"SLIDEDECK: THE MOBILE TERRACE KIT old"},"content":{"rendered":"<h1>SlideDeck mobile pool deck <br \/>supplied in kit form and installed by you<\/h1>\n<h2>Installing your mobile terrace<\/h2>\n<p>If you're a do-it-yourselfer, installing your mobile terrace is within your grasp.<\/p>\n<p>We have designed a construction system that is entirely pre-machined in our workshops.\u00a0<\/p>\n<p>We supply you with a complete kit ready to install, including the entire structure already pre-assembled, with all the necessary fixings and screws, and assembly instructions.\u00a0<\/p>\n<p>For example, a mobile terrace measuring 5 metres by 3 metres can be installed by you in around half a day. Note, however, that two people are required to install the mobile terrace.<\/p>\n<p>To install the mobile terrace, you'll need very few tools: a screwdriver, a drill, a few flat keys or pipe spanners for the nuts and bolts, and a few measuring and marking tools.<\/p>\n<p>\t\t\t\t\t\t\t\t\t\t\t\t\t<img decoding=\"async\" width=\"765\" height=\"510\" src=\"https:\/\/terrasse-mobile.net\/wp-content\/uploads\/2024\/02\/TERRASSE-MOBILE-YVELINES-copie.png\" alt=\"mobile terrace ile de france\" srcset=\"https:\/\/terrasse-mobile.net\/wp-content\/uploads\/2024\/02\/TERRASSE-MOBILE-YVELINES-copie.png 765w, https:\/\/terrasse-mobile.net\/wp-content\/uploads\/2024\/02\/TERRASSE-MOBILE-YVELINES-copie-300x200.png 300w\" sizes=\"(max-width: 765px) 100vw, 765px\" \/><br \/>\n\t\t\t\t\t\t\t\t\t\t\t\t\t<img decoding=\"async\" width=\"765\" height=\"510\" src=\"https:\/\/terrasse-mobile.net\/wp-content\/uploads\/2024\/02\/DSC_0092-1.jpg\" alt=\"mobile terrace lighting\" srcset=\"https:\/\/terrasse-mobile.net\/wp-content\/uploads\/2024\/02\/DSC_0092-1.jpg 765w, https:\/\/terrasse-mobile.net\/wp-content\/uploads\/2024\/02\/DSC_0092-1-300x200.jpg 300w\" sizes=\"(max-width: 765px) 100vw, 765px\" \/><br \/>\n\t\t\t<a href=\"https:\/\/terrasse-mobile.net\/en\/installation-maintenance\/sliding-terrace-with-10-year-guarantee\/\"><br \/>\n\t\t\t\t\t\tDISCOVER HOW WE BUILD THE MOBILE TERRACE<br \/>\n\t\t\t\t\t<\/a><\/p>\n<h2>Follow-up to the installation of the mobile terrace <br \/>for swimming pool<\/h2>\n<p>We can also supply the decking boards in the kit that we offer in our catalogue (decking boards in exotic wood, composite wood, aluminium, etc.).<\/p>\n<p>Of course, if you already have your decking boards or a supplier near you, you are perfectly free to choose the covering of your choice.<\/p>\n<p>In all cases, we will provide you with ongoing technical support during installation. If you need to install the mobile terrace over a weekend, it's best to let us know so that one of our team can be available to take your calls.<\/p>\n<p>A mobile terrace installed in accordance with our recommendations will have the same lifespan and mechanical resistance as if it had been installed by the Piscine Nature teams.<\/p>","protected":false},"excerpt":{"rendered":"<p>La terrasse mobile pour piscine SlideDeck fournie en kit et install\u00e9e par vos soins Installation de votre terrasse mobile Si vous \u00eates bricoleurs, l&rsquo;installation de votre terrasse mobile est \u00e0 votre port\u00e9e. Nous avons con\u00e7u un syst\u00e8me de construction enti\u00e8rement pr\u00e9usin\u00e9 dans nos ateliers.\u00a0 Nous vous fournissons un kit complet pr\u00eat \u00e0 poser, comprenant toute&#8230;<\/p>","protected":false},"author":1,"featured_media":0,"parent":2653,"menu_order":1,"comment_status":"closed","ping_status":"closed","template":"","meta":{"_kad_post_transparent":"","_kad_post_title":"","_kad_post_layout":"","_kad_post_sidebar_id":"","_kad_post_content_style":"","_kad_post_vertical_padding":"","_kad_post_feature":"","_kad_post_feature_position":"","_kad_post_header":false,"_kad_post_footer":false,"_kad_post_classname":"","footnotes":""},"folder":[],"class_list":["post-2325","page","type-page","status-publish","hentry"],"yoast_head":"<!-- This site is optimized with the Yoast SEO plugin v27.5 - https:\/\/yoast.com\/product\/yoast-seo-wordpress\/ -->\n<title>Terrasse mobile en kit pour piscine<\/title>\n<meta name=\"robots\" content=\"index, follow, max-snippet:-1, max-image-preview:large, max-video-preview:-1\" \/>\n<link rel=\"canonical\" href=\"https:\/\/terrasse-mobile.net\/en\/installation-maintenance-old\/mobile-terrace-kit-for-old-swimming-pool\/\" \/>\n<meta property=\"og:locale\" content=\"en_GB\" \/>\n<meta property=\"og:type\" content=\"article\" \/>\n<meta property=\"og:title\" content=\"Terrasse mobile en kit pour piscine\" \/>\n<meta property=\"og:description\" content=\"La terrasse mobile pour piscine SlideDeck fournie en kit et install\u00e9e par vos soins Installation de votre terrasse mobile Si vous \u00eates bricoleurs, l&rsquo;installation de votre terrasse mobile est \u00e0 votre port\u00e9e. Nous avons con\u00e7u un syst\u00e8me de construction enti\u00e8rement pr\u00e9usin\u00e9 dans nos ateliers.\u00a0 Nous vous fournissons un kit complet pr\u00eat \u00e0 poser, comprenant toute...\" \/>\n<meta property=\"og:url\" content=\"https:\/\/terrasse-mobile.net\/en\/installation-maintenance-old\/mobile-terrace-kit-for-old-swimming-pool\/\" \/>\n<meta property=\"og:site_name\" content=\"Terrasse mobile\" \/>\n<meta property=\"article:modified_time\" content=\"2024-10-01T13:47:51+00:00\" \/>\n<meta property=\"og:image\" content=\"https:\/\/terrasse-mobile.net\/wp-content\/uploads\/2024\/02\/TERRASSE-MOBILE-YVELINES-copie.png\" \/>\n<meta name=\"twitter:card\" content=\"summary_large_image\" \/>\n<meta name=\"twitter:label1\" content=\"Estimated reading time\" \/>\n\t<meta name=\"twitter:data1\" content=\"2 minutes\" \/>\n<script type=\"application\/ld+json\" class=\"yoast-schema-graph\">{\"@context\":\"https:\\\/\\\/schema.org\",\"@graph\":[{\"@type\":\"WebPage\",\"@id\":\"https:\\\/\\\/terrasse-mobile.net\\\/installation-entretien-old\\\/terrasse-mobile-en-kit-pour-piscine-old\\\/\",\"url\":\"https:\\\/\\\/terrasse-mobile.net\\\/installation-entretien-old\\\/terrasse-mobile-en-kit-pour-piscine-old\\\/\",\"name\":\"Terrasse mobile en kit pour piscine\",\"isPartOf\":{\"@id\":\"https:\\\/\\\/terrasse-mobile.net\\\/#website\"},\"primaryImageOfPage\":{\"@id\":\"https:\\\/\\\/terrasse-mobile.net\\\/installation-entretien-old\\\/terrasse-mobile-en-kit-pour-piscine-old\\\/#primaryimage\"},\"image\":{\"@id\":\"https:\\\/\\\/terrasse-mobile.net\\\/installation-entretien-old\\\/terrasse-mobile-en-kit-pour-piscine-old\\\/#primaryimage\"},\"thumbnailUrl\":\"https:\\\/\\\/terrasse-mobile.net\\\/wp-content\\\/uploads\\\/2024\\\/02\\\/TERRASSE-MOBILE-YVELINES-copie.png\",\"datePublished\":\"2024-02-01T09:55:56+00:00\",\"dateModified\":\"2024-10-01T13:47:51+00:00\",\"breadcrumb\":{\"@id\":\"https:\\\/\\\/terrasse-mobile.net\\\/installation-entretien-old\\\/terrasse-mobile-en-kit-pour-piscine-old\\\/#breadcrumb\"},\"inLanguage\":\"en-GB\",\"potentialAction\":[{\"@type\":\"ReadAction\",\"target\":[\"https:\\\/\\\/terrasse-mobile.net\\\/installation-entretien-old\\\/terrasse-mobile-en-kit-pour-piscine-old\\\/\"]}]},{\"@type\":\"ImageObject\",\"inLanguage\":\"en-GB\",\"@id\":\"https:\\\/\\\/terrasse-mobile.net\\\/installation-entretien-old\\\/terrasse-mobile-en-kit-pour-piscine-old\\\/#primaryimage\",\"url\":\"https:\\\/\\\/terrasse-mobile.net\\\/wp-content\\\/uploads\\\/2024\\\/02\\\/TERRASSE-MOBILE-YVELINES-copie.png\",\"contentUrl\":\"https:\\\/\\\/terrasse-mobile.net\\\/wp-content\\\/uploads\\\/2024\\\/02\\\/TERRASSE-MOBILE-YVELINES-copie.png\"},{\"@type\":\"BreadcrumbList\",\"@id\":\"https:\\\/\\\/terrasse-mobile.net\\\/installation-entretien-old\\\/terrasse-mobile-en-kit-pour-piscine-old\\\/#breadcrumb\",\"itemListElement\":[{\"@type\":\"ListItem\",\"position\":1,\"name\":\"Accueil\",\"item\":\"https:\\\/\\\/terrasse-mobile.net\\\/\"},{\"@type\":\"ListItem\",\"position\":2,\"name\":\"INSTALLATION ET ENTRETIEN DE LA TERRASSE MOBILE SLIDEDECK old\",\"item\":\"https:\\\/\\\/terrasse-mobile.net\\\/installation-entretien-old\\\/\"},{\"@type\":\"ListItem\",\"position\":3,\"name\":\"SLIDEDECK : LA TERRASSE MOBILE EN KIT old\"}]},{\"@type\":\"WebSite\",\"@id\":\"https:\\\/\\\/terrasse-mobile.net\\\/#website\",\"url\":\"https:\\\/\\\/terrasse-mobile.net\\\/\",\"name\":\"Slidedeck\",\"description\":\"Construction sur mesure de terrasses mobiles en \u00cele-de-France\",\"publisher\":{\"@id\":\"https:\\\/\\\/terrasse-mobile.net\\\/#organization\"},\"potentialAction\":[{\"@type\":\"SearchAction\",\"target\":{\"@type\":\"EntryPoint\",\"urlTemplate\":\"https:\\\/\\\/terrasse-mobile.net\\\/?s={search_term_string}\"},\"query-input\":{\"@type\":\"PropertyValueSpecification\",\"valueRequired\":true,\"valueName\":\"search_term_string\"}}],\"inLanguage\":\"en-GB\"},{\"@type\":\"Organization\",\"@id\":\"https:\\\/\\\/terrasse-mobile.net\\\/#organization\",\"name\":\"Slidedeck\",\"url\":\"https:\\\/\\\/terrasse-mobile.net\\\/\",\"logo\":{\"@type\":\"ImageObject\",\"inLanguage\":\"en-GB\",\"@id\":\"https:\\\/\\\/terrasse-mobile.net\\\/#\\\/schema\\\/logo\\\/image\\\/\",\"url\":\"https:\\\/\\\/terrasse-mobile.net\\\/wp-content\\\/uploads\\\/2024\\\/01\\\/logo-slidedeck.jpg\",\"contentUrl\":\"https:\\\/\\\/terrasse-mobile.net\\\/wp-content\\\/uploads\\\/2024\\\/01\\\/logo-slidedeck.jpg\",\"width\":2000,\"height\":1103,\"caption\":\"Slidedeck\"},\"image\":{\"@id\":\"https:\\\/\\\/terrasse-mobile.net\\\/#\\\/schema\\\/logo\\\/image\\\/\"}}]}<\/script>\n<!-- \/ Yoast SEO plugin. -->","yoast_head_json":{"title":"Mobile swimming pool terrace kit","robots":{"index":"index","follow":"follow","max-snippet":"max-snippet:-1","max-image-preview":"max-image-preview:large","max-video-preview":"max-video-preview:-1"},"canonical":"https:\/\/terrasse-mobile.net\/en\/installation-maintenance-old\/mobile-terrace-kit-for-old-swimming-pool\/","og_locale":"en_GB","og_type":"article","og_title":"Terrasse mobile en kit pour piscine","og_description":"La terrasse mobile pour piscine SlideDeck fournie en kit et install\u00e9e par vos soins Installation de votre terrasse mobile Si vous \u00eates bricoleurs, l&rsquo;installation de votre terrasse mobile est \u00e0 votre port\u00e9e. Nous avons con\u00e7u un syst\u00e8me de construction enti\u00e8rement pr\u00e9usin\u00e9 dans nos ateliers.\u00a0 Nous vous fournissons un kit complet pr\u00eat \u00e0 poser, comprenant toute...","og_url":"https:\/\/terrasse-mobile.net\/en\/installation-maintenance-old\/mobile-terrace-kit-for-old-swimming-pool\/","og_site_name":"Terrasse mobile","article_modified_time":"2024-10-01T13:47:51+00:00","og_image":[{"url":"https:\/\/terrasse-mobile.net\/wp-content\/uploads\/2024\/02\/TERRASSE-MOBILE-YVELINES-copie.png","type":"","width":"","height":""}],"twitter_card":"summary_large_image","twitter_misc":{"Estimated reading time":"2 minutes"},"schema":{"@context":"https:\/\/schema.org","@graph":[{"@type":"WebPage","@id":"https:\/\/terrasse-mobile.net\/installation-entretien-old\/terrasse-mobile-en-kit-pour-piscine-old\/","url":"https:\/\/terrasse-mobile.net\/installation-entretien-old\/terrasse-mobile-en-kit-pour-piscine-old\/","name":"Mobile swimming pool terrace kit","isPartOf":{"@id":"https:\/\/terrasse-mobile.net\/#website"},"primaryImageOfPage":{"@id":"https:\/\/terrasse-mobile.net\/installation-entretien-old\/terrasse-mobile-en-kit-pour-piscine-old\/#primaryimage"},"image":{"@id":"https:\/\/terrasse-mobile.net\/installation-entretien-old\/terrasse-mobile-en-kit-pour-piscine-old\/#primaryimage"},"thumbnailUrl":"https:\/\/terrasse-mobile.net\/wp-content\/uploads\/2024\/02\/TERRASSE-MOBILE-YVELINES-copie.png","datePublished":"2024-02-01T09:55:56+00:00","dateModified":"2024-10-01T13:47:51+00:00","breadcrumb":{"@id":"https:\/\/terrasse-mobile.net\/installation-entretien-old\/terrasse-mobile-en-kit-pour-piscine-old\/#breadcrumb"},"inLanguage":"en-GB","potentialAction":[{"@type":"ReadAction","target":["https:\/\/terrasse-mobile.net\/installation-entretien-old\/terrasse-mobile-en-kit-pour-piscine-old\/"]}]},{"@type":"ImageObject","inLanguage":"en-GB","@id":"https:\/\/terrasse-mobile.net\/installation-entretien-old\/terrasse-mobile-en-kit-pour-piscine-old\/#primaryimage","url":"https:\/\/terrasse-mobile.net\/wp-content\/uploads\/2024\/02\/TERRASSE-MOBILE-YVELINES-copie.png","contentUrl":"https:\/\/terrasse-mobile.net\/wp-content\/uploads\/2024\/02\/TERRASSE-MOBILE-YVELINES-copie.png"},{"@type":"BreadcrumbList","@id":"https:\/\/terrasse-mobile.net\/installation-entretien-old\/terrasse-mobile-en-kit-pour-piscine-old\/#breadcrumb","itemListElement":[{"@type":"ListItem","position":1,"name":"Accueil","item":"https:\/\/terrasse-mobile.net\/"},{"@type":"ListItem","position":2,"name":"INSTALLATION ET ENTRETIEN DE LA TERRASSE MOBILE SLIDEDECK old","item":"https:\/\/terrasse-mobile.net\/installation-entretien-old\/"},{"@type":"ListItem","position":3,"name":"SLIDEDECK : LA TERRASSE MOBILE EN KIT old"}]},{"@type":"WebSite","@id":"https:\/\/terrasse-mobile.net\/#website","url":"https:\/\/terrasse-mobile.net\/","name":"Slidedeck","description":"Custom-built movable terraces in the Paris region","publisher":{"@id":"https:\/\/terrasse-mobile.net\/#organization"},"potentialAction":[{"@type":"SearchAction","target":{"@type":"EntryPoint","urlTemplate":"https:\/\/terrasse-mobile.net\/?s={search_term_string}"},"query-input":{"@type":"PropertyValueSpecification","valueRequired":true,"valueName":"search_term_string"}}],"inLanguage":"en-GB"},{"@type":"Organization","@id":"https:\/\/terrasse-mobile.net\/#organization","name":"Slidedeck","url":"https:\/\/terrasse-mobile.net\/","logo":{"@type":"ImageObject","inLanguage":"en-GB","@id":"https:\/\/terrasse-mobile.net\/#\/schema\/logo\/image\/","url":"https:\/\/terrasse-mobile.net\/wp-content\/uploads\/2024\/01\/logo-slidedeck.jpg","contentUrl":"https:\/\/terrasse-mobile.net\/wp-content\/uploads\/2024\/01\/logo-slidedeck.jpg","width":2000,"height":1103,"caption":"Slidedeck"},"image":{"@id":"https:\/\/terrasse-mobile.net\/#\/schema\/logo\/image\/"}}]}},"_links":{"self":[{"href":"https:\/\/terrasse-mobile.net\/en\/wp-json\/wp\/v2\/pages\/2325","targetHints":{"allow":["GET"]}}],"collection":[{"href":"https:\/\/terrasse-mobile.net\/en\/wp-json\/wp\/v2\/pages"}],"about":[{"href":"https:\/\/terrasse-mobile.net\/en\/wp-json\/wp\/v2\/types\/page"}],"author":[{"embeddable":true,"href":"https:\/\/terrasse-mobile.net\/en\/wp-json\/wp\/v2\/users\/1"}],"replies":[{"embeddable":true,"href":"https:\/\/terrasse-mobile.net\/en\/wp-json\/wp\/v2\/comments?post=2325"}],"version-history":[{"count":32,"href":"https:\/\/terrasse-mobile.net\/en\/wp-json\/wp\/v2\/pages\/2325\/revisions"}],"predecessor-version":[{"id":5715,"href":"https:\/\/terrasse-mobile.net\/en\/wp-json\/wp\/v2\/pages\/2325\/revisions\/5715"}],"up":[{"embeddable":true,"href":"https:\/\/terrasse-mobile.net\/en\/wp-json\/wp\/v2\/pages\/2653"}],"wp:attachment":[{"href":"https:\/\/terrasse-mobile.net\/en\/wp-json\/wp\/v2\/media?parent=2325"}],"wp:term":[{"taxonomy":"folder","embeddable":true,"href":"https:\/\/terrasse-mobile.net\/en\/wp-json\/wp\/v2\/folder?post=2325"}],"curies":[{"name":"wp","href":"https:\/\/api.w.org\/{rel}","templated":true}]}}