{"id":2338,"date":"2024-02-01T11:39:50","date_gmt":"2024-02-01T10:39:14","guid":{"rendered":"https:\/\/terrasse-mobile.net\/?page_id=2338"},"modified":"2024-10-01T15:49:56","modified_gmt":"2024-10-01T13:49:56","slug":"swimming-pool-movable-floor-old","status":"publish","type":"page","link":"https:\/\/terrasse-mobile.net\/en\/protections-piscine-old\/piscine-fond-mobile-old\/","title":{"rendered":"MOBILE BOTTOM SWIMMING POOLS old"},"content":{"rendered":"<h1>Swimming pools with movable floors<\/h1>\n<h2>A terrace on a movable floor that descends to the bottom of the pool?<br \/>\nHow does it work? Is it reliable?<\/h2>\n<p>A movable floor is an ultra-innovative technology. A mechanism is used to raise and lower the floor of the pool. In the \u00abclosed\u00bb position, the pool is virtually invisible and you can walk on the floor. In the \u00abopen\u00bb position, the floor descends to the bottom of the pool, allowing you to swim and enjoy the pool. This mechanism works using strong stainless steel cables.<\/p>\n<p>\t\t\t\t\t\t\t\t\t\t\t\t\t<img decoding=\"async\" width=\"800\" height=\"624\" src=\"https:\/\/terrasse-mobile.net\/wp-content\/uploads\/2024\/02\/1-REAL-ERBI-PISCINE-2.jpg\" alt=\"swimming pool with movable floor\" srcset=\"https:\/\/terrasse-mobile.net\/wp-content\/uploads\/2024\/02\/1-REAL-ERBI-PISCINE-2.jpg 848w, https:\/\/terrasse-mobile.net\/wp-content\/uploads\/2024\/02\/1-REAL-ERBI-PISCINE-2-300x234.jpg 300w, https:\/\/terrasse-mobile.net\/wp-content\/uploads\/2024\/02\/1-REAL-ERBI-PISCINE-2-768x599.jpg 768w\" sizes=\"(max-width: 800px) 100vw, 800px\" \/>\t\t\t\t\t\t\t\t\t\t\t\t\t<\/p>\n<h2>Aqualift moving floors: the best moving floors in the world<\/h2>\n<p>We have seen and experimented with various mobile fund technologies. None of them is really convincing.\u00a0<\/p>\n<p>Systems based on the principle of flotation seem like a good idea, but in the end they don't work very well: in the upper position, the floating movable floor is not very stable. It pitches....Multi-motor systems are complicated to develop because the motors have to be synchronised. Other systems do exist, but they are virtually experimental. This is why we have formed a strategic partnership with the world leader in moving floors: <strong>AQUALIFT INDUSTRIES<\/strong>.<br \/>\n\t\t\t\t\t\t\t\t\t\t\t\t\t<img decoding=\"async\" width=\"800\" height=\"530\" src=\"https:\/\/terrasse-mobile.net\/wp-content\/uploads\/2024\/02\/2REAL-ERBIBOU-PISCINE-A-FOND-MOBILE-2.jpg\" alt=\"movable pool floor\" srcset=\"https:\/\/terrasse-mobile.net\/wp-content\/uploads\/2024\/02\/2REAL-ERBIBOU-PISCINE-A-FOND-MOBILE-2.jpg 1000w, https:\/\/terrasse-mobile.net\/wp-content\/uploads\/2024\/02\/2REAL-ERBIBOU-PISCINE-A-FOND-MOBILE-2-300x199.jpg 300w, https:\/\/terrasse-mobile.net\/wp-content\/uploads\/2024\/02\/2REAL-ERBIBOU-PISCINE-A-FOND-MOBILE-2-768x508.jpg 768w\" sizes=\"(max-width: 800px) 100vw, 800px\" \/>\t\t\t\t\t\t\t\t\t\t\t\t\t<\/p>\n<h2>At Piscine Nature, we want the best for our customers.<\/h2>\n<p>Aqualift technology has been tried and tested for over 20 years. <strong>More than 1,000 Aqualift movable floors have been installed in France<\/strong> <strong>and all over the world<\/strong>, In prestigious residences, grand hotels, cruise ships and the homes of many celebrities.<\/p>\n<p>If you're looking for a movable floor and you don't want to be stuck with experimental, unreliable or even dangerous products, don't bother. Choose AQUALIFT and you can be sure of a reliable solution with a lifetime guarantee (with maintenance contract). At Piscine Nature, we offer you a complete service:\u00a0<br style=\"box-sizing: inherit;\" \/>- <strong>Building the swimming pool<\/strong> and all the <strong>hydraulic system<\/strong>,\u00a0<br style=\"box-sizing: inherit;\" \/>- Integration of the Aqualift movable floor,<br style=\"box-sizing: inherit;\" \/>- <strong>Movable floor cladding<\/strong> with a beautiful wooden decking (or tiled floor, depending on your preference). <strong>Landscaping the surrounding area<\/strong> wood decking, paved decking, pool houses - and of course <strong>we provide maintenance<\/strong> of your pool and maintenance of the movable floor.<br \/>\n\t\t\t\t\t\t\t\t\t\t\t\t\t<img decoding=\"async\" width=\"765\" height=\"511\" src=\"https:\/\/terrasse-mobile.net\/wp-content\/uploads\/2024\/02\/FOND_MOBILE_PISCIE-NATURE_4.jpg\" alt=\"swimming pool with movable floor\" srcset=\"https:\/\/terrasse-mobile.net\/wp-content\/uploads\/2024\/02\/FOND_MOBILE_PISCIE-NATURE_4.jpg 765w, https:\/\/terrasse-mobile.net\/wp-content\/uploads\/2024\/02\/FOND_MOBILE_PISCIE-NATURE_4-300x200.jpg 300w\" sizes=\"(max-width: 765px) 100vw, 765px\" \/><br \/>\n\t\t\t<a href=\"https:\/\/piscines.oxatis.com\/constructeur-piscine-fond-mobile.htm\"><br \/>\n\t\t\t\t\t\tFIND OUT MORE ABOUT MOVABLE POOL FLOORS<br \/>\n\t\t\t\t\t<\/a><\/p>","protected":false},"excerpt":{"rendered":"<p>Les piscines \u00e0 fond mobile Une terrasse sur un fond mobile qui descend au fond de la piscine ? Comment \u00e7a marche ? Est ce fiable ? Un fond mobile est une technologie ultra innovante. En effet, il y a un m\u00e9canisme qui permet de faire descendre ou monter le fond de la piscine. En&#8230;<\/p>","protected":false},"author":1,"featured_media":0,"parent":2424,"menu_order":0,"comment_status":"closed","ping_status":"closed","template":"","meta":{"_kad_post_transparent":"","_kad_post_title":"","_kad_post_layout":"","_kad_post_sidebar_id":"","_kad_post_content_style":"","_kad_post_vertical_padding":"","_kad_post_feature":"","_kad_post_feature_position":"","_kad_post_header":false,"_kad_post_footer":false,"_kad_post_classname":"","footnotes":""},"folder":[],"class_list":["post-2338","page","type-page","status-publish","hentry"],"yoast_head":"<!-- This site is optimized with the Yoast SEO plugin v27.5 - https:\/\/yoast.com\/product\/yoast-seo-wordpress\/ -->\n<title>La piscine \u00e0 fond mobile<\/title>\n<meta name=\"robots\" content=\"index, follow, max-snippet:-1, max-image-preview:large, max-video-preview:-1\" \/>\n<link rel=\"canonical\" href=\"https:\/\/terrasse-mobile.net\/en\/protections-piscine-old\/swimming-pool-movable-floor-old\/\" \/>\n<meta property=\"og:locale\" content=\"en_GB\" \/>\n<meta property=\"og:type\" content=\"article\" \/>\n<meta property=\"og:title\" content=\"La piscine \u00e0 fond mobile\" \/>\n<meta property=\"og:description\" content=\"Les piscines \u00e0 fond mobile Une terrasse sur un fond mobile qui descend au fond de la piscine ? Comment \u00e7a marche ? Est ce fiable ? Un fond mobile est une technologie ultra innovante. En effet, il y a un m\u00e9canisme qui permet de faire descendre ou monter le fond de la piscine. En...\" \/>\n<meta property=\"og:url\" content=\"https:\/\/terrasse-mobile.net\/en\/protections-piscine-old\/swimming-pool-movable-floor-old\/\" \/>\n<meta property=\"og:site_name\" content=\"Terrasse mobile\" \/>\n<meta property=\"article:modified_time\" content=\"2024-10-01T13:49:56+00:00\" \/>\n<meta property=\"og:image\" content=\"https:\/\/terrasse-mobile.net\/wp-content\/uploads\/2024\/02\/1-REAL-ERBI-PISCINE-2.jpg\" \/>\n<meta name=\"twitter:card\" content=\"summary_large_image\" \/>\n<meta name=\"twitter:label1\" content=\"Estimated reading time\" \/>\n\t<meta name=\"twitter:data1\" content=\"3 minutes\" \/>\n<script type=\"application\/ld+json\" class=\"yoast-schema-graph\">{\"@context\":\"https:\\\/\\\/schema.org\",\"@graph\":[{\"@type\":\"WebPage\",\"@id\":\"https:\\\/\\\/terrasse-mobile.net\\\/protections-piscine-old\\\/piscine-fond-mobile-old\\\/\",\"url\":\"https:\\\/\\\/terrasse-mobile.net\\\/protections-piscine-old\\\/piscine-fond-mobile-old\\\/\",\"name\":\"La piscine \u00e0 fond mobile\",\"isPartOf\":{\"@id\":\"https:\\\/\\\/terrasse-mobile.net\\\/#website\"},\"primaryImageOfPage\":{\"@id\":\"https:\\\/\\\/terrasse-mobile.net\\\/protections-piscine-old\\\/piscine-fond-mobile-old\\\/#primaryimage\"},\"image\":{\"@id\":\"https:\\\/\\\/terrasse-mobile.net\\\/protections-piscine-old\\\/piscine-fond-mobile-old\\\/#primaryimage\"},\"thumbnailUrl\":\"https:\\\/\\\/terrasse-mobile.net\\\/wp-content\\\/uploads\\\/2024\\\/02\\\/1-REAL-ERBI-PISCINE-2.jpg\",\"datePublished\":\"2024-02-01T10:39:14+00:00\",\"dateModified\":\"2024-10-01T13:49:56+00:00\",\"breadcrumb\":{\"@id\":\"https:\\\/\\\/terrasse-mobile.net\\\/protections-piscine-old\\\/piscine-fond-mobile-old\\\/#breadcrumb\"},\"inLanguage\":\"en-GB\",\"potentialAction\":[{\"@type\":\"ReadAction\",\"target\":[\"https:\\\/\\\/terrasse-mobile.net\\\/protections-piscine-old\\\/piscine-fond-mobile-old\\\/\"]}]},{\"@type\":\"ImageObject\",\"inLanguage\":\"en-GB\",\"@id\":\"https:\\\/\\\/terrasse-mobile.net\\\/protections-piscine-old\\\/piscine-fond-mobile-old\\\/#primaryimage\",\"url\":\"https:\\\/\\\/terrasse-mobile.net\\\/wp-content\\\/uploads\\\/2024\\\/02\\\/1-REAL-ERBI-PISCINE-2.jpg\",\"contentUrl\":\"https:\\\/\\\/terrasse-mobile.net\\\/wp-content\\\/uploads\\\/2024\\\/02\\\/1-REAL-ERBI-PISCINE-2.jpg\"},{\"@type\":\"BreadcrumbList\",\"@id\":\"https:\\\/\\\/terrasse-mobile.net\\\/protections-piscine-old\\\/piscine-fond-mobile-old\\\/#breadcrumb\",\"itemListElement\":[{\"@type\":\"ListItem\",\"position\":1,\"name\":\"Accueil\",\"item\":\"https:\\\/\\\/terrasse-mobile.net\\\/\"},{\"@type\":\"ListItem\",\"position\":2,\"name\":\"LES AUTRES SOLUTIONS DE COUVERTURE DE PISCINE old\",\"item\":\"https:\\\/\\\/terrasse-mobile.net\\\/protections-piscine-old\\\/\"},{\"@type\":\"ListItem\",\"position\":3,\"name\":\"LES PISCINES \u00c0 FOND MOBILE old\"}]},{\"@type\":\"WebSite\",\"@id\":\"https:\\\/\\\/terrasse-mobile.net\\\/#website\",\"url\":\"https:\\\/\\\/terrasse-mobile.net\\\/\",\"name\":\"Slidedeck\",\"description\":\"Construction sur mesure de terrasses mobiles en \u00cele-de-France\",\"publisher\":{\"@id\":\"https:\\\/\\\/terrasse-mobile.net\\\/#organization\"},\"potentialAction\":[{\"@type\":\"SearchAction\",\"target\":{\"@type\":\"EntryPoint\",\"urlTemplate\":\"https:\\\/\\\/terrasse-mobile.net\\\/?s={search_term_string}\"},\"query-input\":{\"@type\":\"PropertyValueSpecification\",\"valueRequired\":true,\"valueName\":\"search_term_string\"}}],\"inLanguage\":\"en-GB\"},{\"@type\":\"Organization\",\"@id\":\"https:\\\/\\\/terrasse-mobile.net\\\/#organization\",\"name\":\"Slidedeck\",\"url\":\"https:\\\/\\\/terrasse-mobile.net\\\/\",\"logo\":{\"@type\":\"ImageObject\",\"inLanguage\":\"en-GB\",\"@id\":\"https:\\\/\\\/terrasse-mobile.net\\\/#\\\/schema\\\/logo\\\/image\\\/\",\"url\":\"https:\\\/\\\/terrasse-mobile.net\\\/wp-content\\\/uploads\\\/2024\\\/01\\\/logo-slidedeck.jpg\",\"contentUrl\":\"https:\\\/\\\/terrasse-mobile.net\\\/wp-content\\\/uploads\\\/2024\\\/01\\\/logo-slidedeck.jpg\",\"width\":2000,\"height\":1103,\"caption\":\"Slidedeck\"},\"image\":{\"@id\":\"https:\\\/\\\/terrasse-mobile.net\\\/#\\\/schema\\\/logo\\\/image\\\/\"}}]}<\/script>\n<!-- \/ Yoast SEO plugin. -->","yoast_head_json":{"title":"Swimming pools with movable floors","robots":{"index":"index","follow":"follow","max-snippet":"max-snippet:-1","max-image-preview":"max-image-preview:large","max-video-preview":"max-video-preview:-1"},"canonical":"https:\/\/terrasse-mobile.net\/en\/protections-piscine-old\/swimming-pool-movable-floor-old\/","og_locale":"en_GB","og_type":"article","og_title":"La piscine \u00e0 fond mobile","og_description":"Les piscines \u00e0 fond mobile Une terrasse sur un fond mobile qui descend au fond de la piscine ? Comment \u00e7a marche ? Est ce fiable ? Un fond mobile est une technologie ultra innovante. En effet, il y a un m\u00e9canisme qui permet de faire descendre ou monter le fond de la piscine. En...","og_url":"https:\/\/terrasse-mobile.net\/en\/protections-piscine-old\/swimming-pool-movable-floor-old\/","og_site_name":"Terrasse mobile","article_modified_time":"2024-10-01T13:49:56+00:00","og_image":[{"url":"https:\/\/terrasse-mobile.net\/wp-content\/uploads\/2024\/02\/1-REAL-ERBI-PISCINE-2.jpg","type":"","width":"","height":""}],"twitter_card":"summary_large_image","twitter_misc":{"Estimated reading time":"3 minutes"},"schema":{"@context":"https:\/\/schema.org","@graph":[{"@type":"WebPage","@id":"https:\/\/terrasse-mobile.net\/protections-piscine-old\/piscine-fond-mobile-old\/","url":"https:\/\/terrasse-mobile.net\/protections-piscine-old\/piscine-fond-mobile-old\/","name":"Swimming pools with movable floors","isPartOf":{"@id":"https:\/\/terrasse-mobile.net\/#website"},"primaryImageOfPage":{"@id":"https:\/\/terrasse-mobile.net\/protections-piscine-old\/piscine-fond-mobile-old\/#primaryimage"},"image":{"@id":"https:\/\/terrasse-mobile.net\/protections-piscine-old\/piscine-fond-mobile-old\/#primaryimage"},"thumbnailUrl":"https:\/\/terrasse-mobile.net\/wp-content\/uploads\/2024\/02\/1-REAL-ERBI-PISCINE-2.jpg","datePublished":"2024-02-01T10:39:14+00:00","dateModified":"2024-10-01T13:49:56+00:00","breadcrumb":{"@id":"https:\/\/terrasse-mobile.net\/protections-piscine-old\/piscine-fond-mobile-old\/#breadcrumb"},"inLanguage":"en-GB","potentialAction":[{"@type":"ReadAction","target":["https:\/\/terrasse-mobile.net\/protections-piscine-old\/piscine-fond-mobile-old\/"]}]},{"@type":"ImageObject","inLanguage":"en-GB","@id":"https:\/\/terrasse-mobile.net\/protections-piscine-old\/piscine-fond-mobile-old\/#primaryimage","url":"https:\/\/terrasse-mobile.net\/wp-content\/uploads\/2024\/02\/1-REAL-ERBI-PISCINE-2.jpg","contentUrl":"https:\/\/terrasse-mobile.net\/wp-content\/uploads\/2024\/02\/1-REAL-ERBI-PISCINE-2.jpg"},{"@type":"BreadcrumbList","@id":"https:\/\/terrasse-mobile.net\/protections-piscine-old\/piscine-fond-mobile-old\/#breadcrumb","itemListElement":[{"@type":"ListItem","position":1,"name":"Accueil","item":"https:\/\/terrasse-mobile.net\/"},{"@type":"ListItem","position":2,"name":"LES AUTRES SOLUTIONS DE COUVERTURE DE PISCINE old","item":"https:\/\/terrasse-mobile.net\/protections-piscine-old\/"},{"@type":"ListItem","position":3,"name":"LES PISCINES \u00c0 FOND MOBILE old"}]},{"@type":"WebSite","@id":"https:\/\/terrasse-mobile.net\/#website","url":"https:\/\/terrasse-mobile.net\/","name":"Slidedeck","description":"Custom-built movable terraces in the Paris region","publisher":{"@id":"https:\/\/terrasse-mobile.net\/#organization"},"potentialAction":[{"@type":"SearchAction","target":{"@type":"EntryPoint","urlTemplate":"https:\/\/terrasse-mobile.net\/?s={search_term_string}"},"query-input":{"@type":"PropertyValueSpecification","valueRequired":true,"valueName":"search_term_string"}}],"inLanguage":"en-GB"},{"@type":"Organization","@id":"https:\/\/terrasse-mobile.net\/#organization","name":"Slidedeck","url":"https:\/\/terrasse-mobile.net\/","logo":{"@type":"ImageObject","inLanguage":"en-GB","@id":"https:\/\/terrasse-mobile.net\/#\/schema\/logo\/image\/","url":"https:\/\/terrasse-mobile.net\/wp-content\/uploads\/2024\/01\/logo-slidedeck.jpg","contentUrl":"https:\/\/terrasse-mobile.net\/wp-content\/uploads\/2024\/01\/logo-slidedeck.jpg","width":2000,"height":1103,"caption":"Slidedeck"},"image":{"@id":"https:\/\/terrasse-mobile.net\/#\/schema\/logo\/image\/"}}]}},"_links":{"self":[{"href":"https:\/\/terrasse-mobile.net\/en\/wp-json\/wp\/v2\/pages\/2338","targetHints":{"allow":["GET"]}}],"collection":[{"href":"https:\/\/terrasse-mobile.net\/en\/wp-json\/wp\/v2\/pages"}],"about":[{"href":"https:\/\/terrasse-mobile.net\/en\/wp-json\/wp\/v2\/types\/page"}],"author":[{"embeddable":true,"href":"https:\/\/terrasse-mobile.net\/en\/wp-json\/wp\/v2\/users\/1"}],"replies":[{"embeddable":true,"href":"https:\/\/terrasse-mobile.net\/en\/wp-json\/wp\/v2\/comments?post=2338"}],"version-history":[{"count":23,"href":"https:\/\/terrasse-mobile.net\/en\/wp-json\/wp\/v2\/pages\/2338\/revisions"}],"predecessor-version":[{"id":5719,"href":"https:\/\/terrasse-mobile.net\/en\/wp-json\/wp\/v2\/pages\/2338\/revisions\/5719"}],"up":[{"embeddable":true,"href":"https:\/\/terrasse-mobile.net\/en\/wp-json\/wp\/v2\/pages\/2424"}],"wp:attachment":[{"href":"https:\/\/terrasse-mobile.net\/en\/wp-json\/wp\/v2\/media?parent=2338"}],"wp:term":[{"taxonomy":"folder","embeddable":true,"href":"https:\/\/terrasse-mobile.net\/en\/wp-json\/wp\/v2\/folder?post=2338"}],"curies":[{"name":"wp","href":"https:\/\/api.w.org\/{rel}","templated":true}]}}