{"id":5449,"date":"2024-10-02T14:50:31","date_gmt":"2024-10-02T12:50:01","guid":{"rendered":"https:\/\/terrasse-mobile.net\/?page_id=5449"},"modified":"2025-11-25T15:35:28","modified_gmt":"2025-11-25T14:35:28","slug":"mobile-pool-deck-operation","status":"publish","type":"page","link":"https:\/\/terrasse-mobile.net\/en\/slidedeck\/terrasse-mobile-ile-de-france\/fonctionnement-terrasse-mobile-piscine\/","title":{"rendered":"HOW DOES THE SLIDEDECK MOBILE TERRACE WORK?"},"content":{"rendered":"<p><\/p>\n\n\n\n<div class=\"wp-block-group\"><div class=\"wp-block-group__inner-container is-layout-constrained wp-block-group-is-layout-constrained\">\n<div class=\"wp-block-columns is-layout-flex wp-container-core-columns-is-layout-9d6595d7 wp-block-columns-is-layout-flex\">\n<div class=\"wp-block-column is-layout-flow wp-block-column-is-layout-flow\">\n<figure class=\"wp-block-image size-full\"><img decoding=\"async\" width=\"600\" height=\"397\" src=\"https:\/\/terrasse-mobile.net\/wp-content\/uploads\/2024\/11\/46-Isolant-mise-en-place-au-fur-mesure.jpg\" alt=\"Building the SlideDeck mobile terrace\" class=\"wp-image-6269\" style=\"aspect-ratio:3\/2;object-fit:cover\" srcset=\"https:\/\/terrasse-mobile.net\/wp-content\/uploads\/2024\/11\/46-Isolant-mise-en-place-au-fur-mesure.jpg 600w, https:\/\/terrasse-mobile.net\/wp-content\/uploads\/2024\/11\/46-Isolant-mise-en-place-au-fur-mesure-300x199.jpg 300w, https:\/\/terrasse-mobile.net\/wp-content\/uploads\/2024\/11\/46-Isolant-mise-en-place-au-fur-mesure-50x33.jpg 50w\" sizes=\"(max-width: 600px) 100vw, 600px\" \/><\/figure>\n\n\n\n<h2 class=\"wp-block-heading\">SlideDeck mobile deck options<\/h2>\n\n\n\n<p>Depending on the size, the SlideDeck mobile terrace runs on one or two rounded rails for perfect guidance and smooth movement. When it comes to thermal insulation, we've pulled out all the stops:<\/p>\n\n\n\n<ul class=\"wp-block-list\">\n<li>Quality brushes around the edges to limit air (and dirt) infiltration<\/li>\n\n\n\n<li>Specially cut PVC sheets to slide between the deck boards, to prevent heat loss between the boards.<\/li>\n\n\n\n<li>For thermal insulation, we supply polyurethane foam panels with a thermal resistance coefficient of R = 2.2.<\/li>\n<\/ul>\n\n\n\n<p>As a result, your mobile terrace offers exceptional thermal performance, keeping the pool warm and limiting energy consumption.<\/p>\n<\/div>\n\n\n\n<div class=\"wp-block-column is-layout-flow wp-block-column-is-layout-flow\">\n<h2 class=\"wp-block-heading\">SlideDeck is the benchmark in mobile pool decking systems.<\/h2>\n\n\n\n<p>SlideDeck is the benchmark in mobile pool decking systems. For each part of the SlideDeck, we have selected the best components and the most reliable and proven solutions. <\/p>\n\n\n\n<p>First and foremost, Slidedeck has a robust structure built from stainless steel and aluminium tubing. <\/p>\n\n\n\n<p>For each part, we have chosen the most reliable and durable components: <\/p>\n\n\n\n<ul class=\"wp-block-list\">\n<li>The joints are riveted using 6 mm structural rivets, with a unit strength of 600 kg.<\/li>\n<\/ul>\n\n\n\n<ul class=\"wp-block-list\">\n<li>The castors are made of stainless steel or polyamide. The ball bearings are also always stainless steel. <\/li>\n<\/ul>\n\n\n\n<ul class=\"wp-block-list\">\n<li>All joints are mechanically welded and made of stainless steel (304). <\/li>\n<\/ul>\n\n\n\n<ul class=\"wp-block-list\">\n<li>The peripheral brushes are made in France by the specialist in brushes for industry and swimming pool enclosures.<\/li>\n<\/ul>\n\n\n\n<div class=\"wp-block-buttons is-content-justification-center is-layout-flex wp-container-core-buttons-is-layout-16018d1d wp-block-buttons-is-layout-flex\">\n<div class=\"wp-block-button is-style-fill\"><a class=\"wp-block-button__link has-white-color has-text-color has-background has-link-color has-small-font-size has-custom-font-size wp-element-button\" href=\"https:\/\/terrasse-mobile.net\/en\/custom-made-mobile-terrace\/models\/terrasse-mobile-piscine-sur-mesure\/\" style=\"background-color:#3579a4\">Discover SlideDeck customisation<\/a><\/div>\n<\/div>\n<\/div>\n<\/div>\n<\/div><\/div>\n\n\n\n<div class=\"wp-block-group\"><div class=\"wp-block-group__inner-container is-layout-constrained wp-block-group-is-layout-constrained\">\n<div class=\"wp-block-columns is-layout-flex wp-container-core-columns-is-layout-9d6595d7 wp-block-columns-is-layout-flex\">\n<div class=\"wp-block-column is-layout-flow wp-block-column-is-layout-flow\">\n<figure class=\"wp-block-image size-full\"><img decoding=\"async\" width=\"700\" height=\"525\" src=\"https:\/\/terrasse-mobile.net\/wp-content\/uploads\/2024\/03\/BERTAGNE-CONSTRUCTION-GROS-PLANS00002.jpeg\" alt=\"mobile terrace brush\" class=\"wp-image-4722\" style=\"aspect-ratio:3\/2;object-fit:cover\" srcset=\"https:\/\/terrasse-mobile.net\/wp-content\/uploads\/2024\/03\/BERTAGNE-CONSTRUCTION-GROS-PLANS00002.jpeg 700w, https:\/\/terrasse-mobile.net\/wp-content\/uploads\/2024\/03\/BERTAGNE-CONSTRUCTION-GROS-PLANS00002-300x225.jpeg 300w\" sizes=\"(max-width: 700px) 100vw, 700px\" \/><\/figure>\n\n\n\n<figure class=\"wp-block-image size-large\"><img decoding=\"async\" width=\"1024\" height=\"678\" src=\"https:\/\/terrasse-mobile.net\/wp-content\/uploads\/2024\/01\/rea-montain00003-3-1024x678.jpg\" alt=\"MOBILE WOODEN TERRACE\" class=\"wp-image-361\" srcset=\"https:\/\/terrasse-mobile.net\/wp-content\/uploads\/2024\/01\/rea-montain00003-3-1024x678.jpg 1024w, https:\/\/terrasse-mobile.net\/wp-content\/uploads\/2024\/01\/rea-montain00003-3-300x199.jpg 300w, https:\/\/terrasse-mobile.net\/wp-content\/uploads\/2024\/01\/rea-montain00003-3-768x509.jpg 768w, https:\/\/terrasse-mobile.net\/wp-content\/uploads\/2024\/01\/rea-montain00003-3-1536x1017.jpg 1536w, https:\/\/terrasse-mobile.net\/wp-content\/uploads\/2024\/01\/rea-montain00003-3-2048x1356.jpg 2048w\" sizes=\"(max-width: 1024px) 100vw, 1024px\" \/><\/figure>\n<\/div>\n\n\n\n<div class=\"wp-block-column is-layout-flow wp-block-column-is-layout-flow\">\n<h2 class=\"wp-block-heading\">SlideDeck mobile decking<\/h2>\n\n\n\n<p>For motorisation, we offer an ultra-efficient motorised wheel system, powered by a battery and photovoltaic cell. No need to plug in, no power supply near the pool.<\/p>\n\n\n\n<p>Finally, we offer a choice of quality coverings:<\/p>\n\n\n\n<ul class=\"wp-block-list\">\n<li>Terrace boards in exotic wood<\/li>\n\n\n\n<li>Wood composite deck boards<\/li>\n\n\n\n<li>Mineral resin decking slats<\/li>\n\n\n\n<li>Aluminium decking slats<\/li>\n\n\n\n<li>Synthetic turf<\/li>\n\n\n\n<li>Stone leaf.<\/li>\n<\/ul>\n\n\n\n<p>We can adapt to specific requests and carry out special projects.<\/p>\n\n\n\n<p>The entire structure is pre-assembled in the workshop and meticulously packaged for rapid assembly on your premises.<\/p>\n\n\n\n<p>An 18 m2 mobile terrace can be installed in 3 hours by two people (excluding the covering).<\/p>\n<\/div>\n<\/div>\n<\/div><\/div>","protected":false},"excerpt":{"rendered":"<p>Les options pour terrasse mobile SlideDeck Selon les dimensions, la terrasse mobile SlideDeck circule sur un ou deux rails arrondis pour un parfait guidage et un mouvement tout en douceur. Pour la partie isolation thermique, nous avons mis le paquet : Ainsi, votre terrasse mobile pr\u00e9sente une performance thermique exceptionnelle, permettant de conserver la chaleur&#8230;<\/p>","protected":false},"author":1,"featured_media":3640,"parent":5771,"menu_order":7,"comment_status":"closed","ping_status":"closed","template":"","meta":{"_kad_post_transparent":"","_kad_post_title":"","_kad_post_layout":"","_kad_post_sidebar_id":"","_kad_post_content_style":"","_kad_post_vertical_padding":"","_kad_post_feature":"","_kad_post_feature_position":"","_kad_post_header":false,"_kad_post_footer":false,"_kad_post_classname":"","footnotes":""},"folder":[],"class_list":["post-5449","page","type-page","status-publish","has-post-thumbnail","hentry"],"yoast_head":"<!-- This site is optimized with the Yoast SEO plugin v27.3 - https:\/\/yoast.com\/product\/yoast-seo-wordpress\/ -->\n<title>Comment fonctionne la terrasse mobile d&#039;une piscine ?<\/title>\n<meta name=\"description\" content=\"La terrasse mobile pour piscine SlideDeck est tr\u00e8s facile d&#039;utilisation. Elle peut \u00eatre manuelle ou motoris\u00e9e.\" \/>\n<meta name=\"robots\" content=\"index, follow, max-snippet:-1, max-image-preview:large, max-video-preview:-1\" \/>\n<link rel=\"canonical\" href=\"https:\/\/terrasse-mobile.net\/en\/slidedeck\/mobile-terrace-ile-de-france\/mobile-pool-deck-operation\/\" \/>\n<meta property=\"og:locale\" content=\"en_GB\" \/>\n<meta property=\"og:type\" content=\"article\" \/>\n<meta property=\"og:title\" content=\"Comment fonctionne la terrasse mobile d&#039;une piscine ?\" \/>\n<meta property=\"og:description\" content=\"La terrasse mobile pour piscine SlideDeck est tr\u00e8s facile d&#039;utilisation. Elle peut \u00eatre manuelle ou motoris\u00e9e.\" \/>\n<meta property=\"og:url\" content=\"https:\/\/terrasse-mobile.net\/en\/slidedeck\/mobile-terrace-ile-de-france\/mobile-pool-deck-operation\/\" \/>\n<meta property=\"og:site_name\" content=\"Terrasse mobile\" \/>\n<meta property=\"article:modified_time\" content=\"2025-11-25T14:35:28+00:00\" \/>\n<meta property=\"og:image\" content=\"https:\/\/terrasse-mobile.net\/wp-content\/uploads\/2024\/02\/REAL-SABOURAULT-PISCINE-2.jpg\" \/>\n\t<meta property=\"og:image:width\" content=\"2000\" \/>\n\t<meta property=\"og:image:height\" content=\"1500\" \/>\n\t<meta property=\"og:image:type\" content=\"image\/jpeg\" \/>\n<meta name=\"twitter:card\" content=\"summary_large_image\" \/>\n<meta name=\"twitter:label1\" content=\"Estimated reading time\" \/>\n\t<meta name=\"twitter:data1\" content=\"3 minutes\" \/>\n<script type=\"application\/ld+json\" class=\"yoast-schema-graph\">{\"@context\":\"https:\\\/\\\/schema.org\",\"@graph\":[{\"@type\":\"WebPage\",\"@id\":\"https:\\\/\\\/terrasse-mobile.net\\\/slidedeck\\\/terrasse-mobile-ile-de-france\\\/fonctionnement-terrasse-mobile-piscine\\\/\",\"url\":\"https:\\\/\\\/terrasse-mobile.net\\\/slidedeck\\\/terrasse-mobile-ile-de-france\\\/fonctionnement-terrasse-mobile-piscine\\\/\",\"name\":\"Comment fonctionne la terrasse mobile d'une piscine ?\",\"isPartOf\":{\"@id\":\"https:\\\/\\\/terrasse-mobile.net\\\/#website\"},\"primaryImageOfPage\":{\"@id\":\"https:\\\/\\\/terrasse-mobile.net\\\/slidedeck\\\/terrasse-mobile-ile-de-france\\\/fonctionnement-terrasse-mobile-piscine\\\/#primaryimage\"},\"image\":{\"@id\":\"https:\\\/\\\/terrasse-mobile.net\\\/slidedeck\\\/terrasse-mobile-ile-de-france\\\/fonctionnement-terrasse-mobile-piscine\\\/#primaryimage\"},\"thumbnailUrl\":\"https:\\\/\\\/terrasse-mobile.net\\\/wp-content\\\/uploads\\\/2024\\\/02\\\/REAL-SABOURAULT-PISCINE-2.jpg\",\"datePublished\":\"2024-10-02T12:50:01+00:00\",\"dateModified\":\"2025-11-25T14:35:28+00:00\",\"description\":\"La terrasse mobile pour piscine SlideDeck est tr\u00e8s facile d'utilisation. Elle peut \u00eatre manuelle ou motoris\u00e9e.\",\"breadcrumb\":{\"@id\":\"https:\\\/\\\/terrasse-mobile.net\\\/slidedeck\\\/terrasse-mobile-ile-de-france\\\/fonctionnement-terrasse-mobile-piscine\\\/#breadcrumb\"},\"inLanguage\":\"en-GB\",\"potentialAction\":[{\"@type\":\"ReadAction\",\"target\":[\"https:\\\/\\\/terrasse-mobile.net\\\/slidedeck\\\/terrasse-mobile-ile-de-france\\\/fonctionnement-terrasse-mobile-piscine\\\/\"]}]},{\"@type\":\"ImageObject\",\"inLanguage\":\"en-GB\",\"@id\":\"https:\\\/\\\/terrasse-mobile.net\\\/slidedeck\\\/terrasse-mobile-ile-de-france\\\/fonctionnement-terrasse-mobile-piscine\\\/#primaryimage\",\"url\":\"https:\\\/\\\/terrasse-mobile.net\\\/wp-content\\\/uploads\\\/2024\\\/02\\\/REAL-SABOURAULT-PISCINE-2.jpg\",\"contentUrl\":\"https:\\\/\\\/terrasse-mobile.net\\\/wp-content\\\/uploads\\\/2024\\\/02\\\/REAL-SABOURAULT-PISCINE-2.jpg\",\"width\":2000,\"height\":1500,\"caption\":\"DCIM100MEDIADJI_0365.JPG\"},{\"@type\":\"BreadcrumbList\",\"@id\":\"https:\\\/\\\/terrasse-mobile.net\\\/slidedeck\\\/terrasse-mobile-ile-de-france\\\/fonctionnement-terrasse-mobile-piscine\\\/#breadcrumb\",\"itemListElement\":[{\"@type\":\"ListItem\",\"position\":1,\"name\":\"Accueil\",\"item\":\"https:\\\/\\\/terrasse-mobile.net\\\/\"},{\"@type\":\"ListItem\",\"position\":2,\"name\":\"SLIDEDECK\",\"item\":\"https:\\\/\\\/terrasse-mobile.net\\\/slidedeck\\\/\"},{\"@type\":\"ListItem\",\"position\":3,\"name\":\"D\u00c9COUVREZ LA TERRASSE MOBILE SLIDEDECK\",\"item\":\"https:\\\/\\\/terrasse-mobile.net\\\/slidedeck\\\/terrasse-mobile-ile-de-france\\\/\"},{\"@type\":\"ListItem\",\"position\":4,\"name\":\"COMMENT FONCTIONNE LA TERRASSE MOBILE SLIDEDECK ?\"}]},{\"@type\":\"WebSite\",\"@id\":\"https:\\\/\\\/terrasse-mobile.net\\\/#website\",\"url\":\"https:\\\/\\\/terrasse-mobile.net\\\/\",\"name\":\"Slidedeck\",\"description\":\"Construction sur mesure de terrasses mobiles en \u00cele-de-France\",\"publisher\":{\"@id\":\"https:\\\/\\\/terrasse-mobile.net\\\/#organization\"},\"potentialAction\":[{\"@type\":\"SearchAction\",\"target\":{\"@type\":\"EntryPoint\",\"urlTemplate\":\"https:\\\/\\\/terrasse-mobile.net\\\/?s={search_term_string}\"},\"query-input\":{\"@type\":\"PropertyValueSpecification\",\"valueRequired\":true,\"valueName\":\"search_term_string\"}}],\"inLanguage\":\"en-GB\"},{\"@type\":\"Organization\",\"@id\":\"https:\\\/\\\/terrasse-mobile.net\\\/#organization\",\"name\":\"Slidedeck\",\"url\":\"https:\\\/\\\/terrasse-mobile.net\\\/\",\"logo\":{\"@type\":\"ImageObject\",\"inLanguage\":\"en-GB\",\"@id\":\"https:\\\/\\\/terrasse-mobile.net\\\/#\\\/schema\\\/logo\\\/image\\\/\",\"url\":\"https:\\\/\\\/terrasse-mobile.net\\\/wp-content\\\/uploads\\\/2024\\\/01\\\/logo-slidedeck.jpg\",\"contentUrl\":\"https:\\\/\\\/terrasse-mobile.net\\\/wp-content\\\/uploads\\\/2024\\\/01\\\/logo-slidedeck.jpg\",\"width\":2000,\"height\":1103,\"caption\":\"Slidedeck\"},\"image\":{\"@id\":\"https:\\\/\\\/terrasse-mobile.net\\\/#\\\/schema\\\/logo\\\/image\\\/\"}}]}<\/script>\n<!-- \/ Yoast SEO plugin. -->","yoast_head_json":{"title":"How does a mobile pool deck work?","description":"The SlideDeck mobile pool deck is very easy to use. It can be manual or motorised.","robots":{"index":"index","follow":"follow","max-snippet":"max-snippet:-1","max-image-preview":"max-image-preview:large","max-video-preview":"max-video-preview:-1"},"canonical":"https:\/\/terrasse-mobile.net\/en\/slidedeck\/mobile-terrace-ile-de-france\/mobile-pool-deck-operation\/","og_locale":"en_GB","og_type":"article","og_title":"Comment fonctionne la terrasse mobile d'une piscine ?","og_description":"La terrasse mobile pour piscine SlideDeck est tr\u00e8s facile d'utilisation. Elle peut \u00eatre manuelle ou motoris\u00e9e.","og_url":"https:\/\/terrasse-mobile.net\/en\/slidedeck\/mobile-terrace-ile-de-france\/mobile-pool-deck-operation\/","og_site_name":"Terrasse mobile","article_modified_time":"2025-11-25T14:35:28+00:00","og_image":[{"width":2000,"height":1500,"url":"https:\/\/terrasse-mobile.net\/wp-content\/uploads\/2024\/02\/REAL-SABOURAULT-PISCINE-2.jpg","type":"image\/jpeg"}],"twitter_card":"summary_large_image","twitter_misc":{"Estimated reading time":"3 minutes"},"schema":{"@context":"https:\/\/schema.org","@graph":[{"@type":"WebPage","@id":"https:\/\/terrasse-mobile.net\/slidedeck\/terrasse-mobile-ile-de-france\/fonctionnement-terrasse-mobile-piscine\/","url":"https:\/\/terrasse-mobile.net\/slidedeck\/terrasse-mobile-ile-de-france\/fonctionnement-terrasse-mobile-piscine\/","name":"How does a mobile pool deck work?","isPartOf":{"@id":"https:\/\/terrasse-mobile.net\/#website"},"primaryImageOfPage":{"@id":"https:\/\/terrasse-mobile.net\/slidedeck\/terrasse-mobile-ile-de-france\/fonctionnement-terrasse-mobile-piscine\/#primaryimage"},"image":{"@id":"https:\/\/terrasse-mobile.net\/slidedeck\/terrasse-mobile-ile-de-france\/fonctionnement-terrasse-mobile-piscine\/#primaryimage"},"thumbnailUrl":"https:\/\/terrasse-mobile.net\/wp-content\/uploads\/2024\/02\/REAL-SABOURAULT-PISCINE-2.jpg","datePublished":"2024-10-02T12:50:01+00:00","dateModified":"2025-11-25T14:35:28+00:00","description":"The SlideDeck mobile pool deck is very easy to use. It can be manual or motorised.","breadcrumb":{"@id":"https:\/\/terrasse-mobile.net\/slidedeck\/terrasse-mobile-ile-de-france\/fonctionnement-terrasse-mobile-piscine\/#breadcrumb"},"inLanguage":"en-GB","potentialAction":[{"@type":"ReadAction","target":["https:\/\/terrasse-mobile.net\/slidedeck\/terrasse-mobile-ile-de-france\/fonctionnement-terrasse-mobile-piscine\/"]}]},{"@type":"ImageObject","inLanguage":"en-GB","@id":"https:\/\/terrasse-mobile.net\/slidedeck\/terrasse-mobile-ile-de-france\/fonctionnement-terrasse-mobile-piscine\/#primaryimage","url":"https:\/\/terrasse-mobile.net\/wp-content\/uploads\/2024\/02\/REAL-SABOURAULT-PISCINE-2.jpg","contentUrl":"https:\/\/terrasse-mobile.net\/wp-content\/uploads\/2024\/02\/REAL-SABOURAULT-PISCINE-2.jpg","width":2000,"height":1500,"caption":"DCIM100MEDIADJI_0365.JPG"},{"@type":"BreadcrumbList","@id":"https:\/\/terrasse-mobile.net\/slidedeck\/terrasse-mobile-ile-de-france\/fonctionnement-terrasse-mobile-piscine\/#breadcrumb","itemListElement":[{"@type":"ListItem","position":1,"name":"Accueil","item":"https:\/\/terrasse-mobile.net\/"},{"@type":"ListItem","position":2,"name":"SLIDEDECK","item":"https:\/\/terrasse-mobile.net\/slidedeck\/"},{"@type":"ListItem","position":3,"name":"D\u00c9COUVREZ LA TERRASSE MOBILE SLIDEDECK","item":"https:\/\/terrasse-mobile.net\/slidedeck\/terrasse-mobile-ile-de-france\/"},{"@type":"ListItem","position":4,"name":"COMMENT FONCTIONNE LA TERRASSE MOBILE SLIDEDECK ?"}]},{"@type":"WebSite","@id":"https:\/\/terrasse-mobile.net\/#website","url":"https:\/\/terrasse-mobile.net\/","name":"Slidedeck","description":"Custom-built movable terraces in the Paris region","publisher":{"@id":"https:\/\/terrasse-mobile.net\/#organization"},"potentialAction":[{"@type":"SearchAction","target":{"@type":"EntryPoint","urlTemplate":"https:\/\/terrasse-mobile.net\/?s={search_term_string}"},"query-input":{"@type":"PropertyValueSpecification","valueRequired":true,"valueName":"search_term_string"}}],"inLanguage":"en-GB"},{"@type":"Organization","@id":"https:\/\/terrasse-mobile.net\/#organization","name":"Slidedeck","url":"https:\/\/terrasse-mobile.net\/","logo":{"@type":"ImageObject","inLanguage":"en-GB","@id":"https:\/\/terrasse-mobile.net\/#\/schema\/logo\/image\/","url":"https:\/\/terrasse-mobile.net\/wp-content\/uploads\/2024\/01\/logo-slidedeck.jpg","contentUrl":"https:\/\/terrasse-mobile.net\/wp-content\/uploads\/2024\/01\/logo-slidedeck.jpg","width":2000,"height":1103,"caption":"Slidedeck"},"image":{"@id":"https:\/\/terrasse-mobile.net\/#\/schema\/logo\/image\/"}}]}},"_links":{"self":[{"href":"https:\/\/terrasse-mobile.net\/en\/wp-json\/wp\/v2\/pages\/5449","targetHints":{"allow":["GET"]}}],"collection":[{"href":"https:\/\/terrasse-mobile.net\/en\/wp-json\/wp\/v2\/pages"}],"about":[{"href":"https:\/\/terrasse-mobile.net\/en\/wp-json\/wp\/v2\/types\/page"}],"author":[{"embeddable":true,"href":"https:\/\/terrasse-mobile.net\/en\/wp-json\/wp\/v2\/users\/1"}],"replies":[{"embeddable":true,"href":"https:\/\/terrasse-mobile.net\/en\/wp-json\/wp\/v2\/comments?post=5449"}],"version-history":[{"count":17,"href":"https:\/\/terrasse-mobile.net\/en\/wp-json\/wp\/v2\/pages\/5449\/revisions"}],"predecessor-version":[{"id":7267,"href":"https:\/\/terrasse-mobile.net\/en\/wp-json\/wp\/v2\/pages\/5449\/revisions\/7267"}],"up":[{"embeddable":true,"href":"https:\/\/terrasse-mobile.net\/en\/wp-json\/wp\/v2\/pages\/5771"}],"wp:featuredmedia":[{"embeddable":true,"href":"https:\/\/terrasse-mobile.net\/en\/wp-json\/wp\/v2\/media\/3640"}],"wp:attachment":[{"href":"https:\/\/terrasse-mobile.net\/en\/wp-json\/wp\/v2\/media?parent=5449"}],"wp:term":[{"taxonomy":"folder","embeddable":true,"href":"https:\/\/terrasse-mobile.net\/en\/wp-json\/wp\/v2\/folder?post=5449"}],"curies":[{"name":"wp","href":"https:\/\/api.w.org\/{rel}","templated":true}]}}