{"id":5524,"date":"2024-10-02T14:47:31","date_gmt":"2024-10-02T12:47:07","guid":{"rendered":"https:\/\/terrasse-mobile.net\/?page_id=5524"},"modified":"2025-10-08T14:12:25","modified_gmt":"2025-10-08T12:12:25","slug":"the-push-bar-for-your-mobile-terrace-2","status":"publish","type":"page","link":"https:\/\/terrasse-mobile.net\/en\/terrasse-mobile-sur-mesure\/options\/la-barre-de-poussee-pour-votre-terrasse-mobile-2\/","title":{"rendered":"THE PUSH BAR FOR YOUR MOBILE TERRACE"},"content":{"rendered":"<p class=\"has-text-align-center\"><a href=\"https:\/\/terrasse-mobile.net\/en\/custom-made-mobile-terrace\/options\/\"><br>DISCOVER THE OTHER OPTIONS FOR YOUR MOBILE TERRACE<br><\/a><\/p>\n\n\n\n<div class=\"wp-block-group\"><div class=\"wp-block-group__inner-container is-layout-constrained wp-block-group-is-layout-constrained\">\n<div class=\"wp-block-columns is-layout-flex wp-container-core-columns-is-layout-9d6595d7 wp-block-columns-is-layout-flex\">\n<div class=\"wp-block-column is-layout-flow wp-block-column-is-layout-flow\">\n<figure class=\"wp-block-image size-full\"><img decoding=\"async\" width=\"1386\" height=\"918\" src=\"https:\/\/terrasse-mobile.net\/wp-content\/uploads\/2024\/12\/REA-BERTAGNE-barre-de-pousse-edited-1.jpg\" alt=\"\" class=\"wp-image-6643\" style=\"aspect-ratio:3\/2;object-fit:cover\" srcset=\"https:\/\/terrasse-mobile.net\/wp-content\/uploads\/2024\/12\/REA-BERTAGNE-barre-de-pousse-edited-1.jpg 1386w, https:\/\/terrasse-mobile.net\/wp-content\/uploads\/2024\/12\/REA-BERTAGNE-barre-de-pousse-edited-1-300x199.jpg 300w, https:\/\/terrasse-mobile.net\/wp-content\/uploads\/2024\/12\/REA-BERTAGNE-barre-de-pousse-edited-1-1024x678.jpg 1024w, https:\/\/terrasse-mobile.net\/wp-content\/uploads\/2024\/12\/REA-BERTAGNE-barre-de-pousse-edited-1-768x509.jpg 768w, https:\/\/terrasse-mobile.net\/wp-content\/uploads\/2024\/12\/REA-BERTAGNE-barre-de-pousse-edited-1-50x33.jpg 50w\" sizes=\"(max-width: 1386px) 100vw, 1386px\" \/><\/figure>\n<\/div>\n\n\n\n<div class=\"wp-block-column is-layout-flow wp-block-column-is-layout-flow\">\n<h2 class=\"wp-block-heading\">A mobile terrace that's easy to move<\/h2>\n\n\n\n<p>To move your mobile terrace without having to bend down, we offer an elegant stainless steel push bar. It's a 42mm tube 1 metre high, which fits into a special bracket installed on the structure of the mobile terrace. When you want to move your terrace, simply fit the push bar into the bracket, move the mobile terrace, then put the bar back in place so you can enjoy your pool.<\/p>\n<\/div>\n<\/div>\n<\/div><\/div>","protected":false},"excerpt":{"rendered":"<p>D\u00c9COUVREZ LES AUTRES OPTIONS POUR VOTRE TERRASSE MOBILE Une terrasse mobile simple \u00e0 d\u00e9placer Pour d\u00e9placer votre terrasse mobile sans devoir vous baisser, nous proposons une \u00e9l\u00e9gante barre de pouss\u00e9e en inox. Il s&rsquo;agit d&rsquo;un tube de 42mm et 1 m\u00e8tre de haut, qui vient s&#8217;embo\u00eeter dans un support sp\u00e9cial, install\u00e9 sur la structure de&#8230;<\/p>","protected":false},"author":1,"featured_media":3640,"parent":5509,"menu_order":43,"comment_status":"closed","ping_status":"closed","template":"","meta":{"_kad_post_transparent":"","_kad_post_title":"","_kad_post_layout":"","_kad_post_sidebar_id":"","_kad_post_content_style":"","_kad_post_vertical_padding":"","_kad_post_feature":"","_kad_post_feature_position":"","_kad_post_header":false,"_kad_post_footer":false,"_kad_post_classname":"","footnotes":""},"folder":[],"class_list":["post-5524","page","type-page","status-publish","has-post-thumbnail","hentry"],"yoast_head":"<!-- This site is optimized with the Yoast SEO plugin v27.4 - https:\/\/yoast.com\/product\/yoast-seo-wordpress\/ -->\n<title>La barre de pouss\u00e9e de la terrasse mobile de piscine<\/title>\n<meta name=\"description\" content=\"La terrasse mobile pour piscine SlideDeck peut \u00eatre \u00e9quip\u00e9e de plusieurs options dont la barre de d\u00e9placement.\" \/>\n<meta name=\"robots\" content=\"index, follow, max-snippet:-1, max-image-preview:large, max-video-preview:-1\" \/>\n<link rel=\"canonical\" href=\"https:\/\/terrasse-mobile.net\/en\/custom-made-mobile-terrace\/options\/the-push-bar-for-your-mobile-terrace-2\/\" \/>\n<meta property=\"og:locale\" content=\"en_GB\" \/>\n<meta property=\"og:type\" content=\"article\" \/>\n<meta property=\"og:title\" content=\"La barre de pouss\u00e9e de la terrasse mobile de piscine\" \/>\n<meta property=\"og:description\" content=\"La terrasse mobile pour piscine SlideDeck peut \u00eatre \u00e9quip\u00e9e de plusieurs options dont la barre de d\u00e9placement.\" \/>\n<meta property=\"og:url\" content=\"https:\/\/terrasse-mobile.net\/en\/custom-made-mobile-terrace\/options\/the-push-bar-for-your-mobile-terrace-2\/\" \/>\n<meta property=\"og:site_name\" content=\"Terrasse mobile\" \/>\n<meta property=\"article:modified_time\" content=\"2025-10-08T12:12:25+00:00\" \/>\n<meta property=\"og:image\" content=\"https:\/\/terrasse-mobile.net\/wp-content\/uploads\/2024\/02\/REAL-SABOURAULT-PISCINE-2.jpg\" \/>\n\t<meta property=\"og:image:width\" content=\"2000\" \/>\n\t<meta property=\"og:image:height\" content=\"1500\" \/>\n\t<meta property=\"og:image:type\" content=\"image\/jpeg\" \/>\n<meta name=\"twitter:card\" content=\"summary_large_image\" \/>\n<meta name=\"twitter:label1\" content=\"Estimated reading time\" \/>\n\t<meta name=\"twitter:data1\" content=\"1 minute\" \/>\n<script type=\"application\/ld+json\" class=\"yoast-schema-graph\">{\"@context\":\"https:\\\/\\\/schema.org\",\"@graph\":[{\"@type\":\"WebPage\",\"@id\":\"https:\\\/\\\/terrasse-mobile.net\\\/terrasse-mobile-sur-mesure\\\/options\\\/la-barre-de-poussee-pour-votre-terrasse-mobile-2\\\/\",\"url\":\"https:\\\/\\\/terrasse-mobile.net\\\/terrasse-mobile-sur-mesure\\\/options\\\/la-barre-de-poussee-pour-votre-terrasse-mobile-2\\\/\",\"name\":\"La barre de pouss\u00e9e de la terrasse mobile de piscine\",\"isPartOf\":{\"@id\":\"https:\\\/\\\/terrasse-mobile.net\\\/#website\"},\"primaryImageOfPage\":{\"@id\":\"https:\\\/\\\/terrasse-mobile.net\\\/terrasse-mobile-sur-mesure\\\/options\\\/la-barre-de-poussee-pour-votre-terrasse-mobile-2\\\/#primaryimage\"},\"image\":{\"@id\":\"https:\\\/\\\/terrasse-mobile.net\\\/terrasse-mobile-sur-mesure\\\/options\\\/la-barre-de-poussee-pour-votre-terrasse-mobile-2\\\/#primaryimage\"},\"thumbnailUrl\":\"https:\\\/\\\/terrasse-mobile.net\\\/wp-content\\\/uploads\\\/2024\\\/02\\\/REAL-SABOURAULT-PISCINE-2.jpg\",\"datePublished\":\"2024-10-02T12:47:07+00:00\",\"dateModified\":\"2025-10-08T12:12:25+00:00\",\"description\":\"La terrasse mobile pour piscine SlideDeck peut \u00eatre \u00e9quip\u00e9e de plusieurs options dont la barre de d\u00e9placement.\",\"breadcrumb\":{\"@id\":\"https:\\\/\\\/terrasse-mobile.net\\\/terrasse-mobile-sur-mesure\\\/options\\\/la-barre-de-poussee-pour-votre-terrasse-mobile-2\\\/#breadcrumb\"},\"inLanguage\":\"en-GB\",\"potentialAction\":[{\"@type\":\"ReadAction\",\"target\":[\"https:\\\/\\\/terrasse-mobile.net\\\/terrasse-mobile-sur-mesure\\\/options\\\/la-barre-de-poussee-pour-votre-terrasse-mobile-2\\\/\"]}]},{\"@type\":\"ImageObject\",\"inLanguage\":\"en-GB\",\"@id\":\"https:\\\/\\\/terrasse-mobile.net\\\/terrasse-mobile-sur-mesure\\\/options\\\/la-barre-de-poussee-pour-votre-terrasse-mobile-2\\\/#primaryimage\",\"url\":\"https:\\\/\\\/terrasse-mobile.net\\\/wp-content\\\/uploads\\\/2024\\\/02\\\/REAL-SABOURAULT-PISCINE-2.jpg\",\"contentUrl\":\"https:\\\/\\\/terrasse-mobile.net\\\/wp-content\\\/uploads\\\/2024\\\/02\\\/REAL-SABOURAULT-PISCINE-2.jpg\",\"width\":2000,\"height\":1500,\"caption\":\"DCIM100MEDIADJI_0365.JPG\"},{\"@type\":\"BreadcrumbList\",\"@id\":\"https:\\\/\\\/terrasse-mobile.net\\\/terrasse-mobile-sur-mesure\\\/options\\\/la-barre-de-poussee-pour-votre-terrasse-mobile-2\\\/#breadcrumb\",\"itemListElement\":[{\"@type\":\"ListItem\",\"position\":1,\"name\":\"Accueil\",\"item\":\"https:\\\/\\\/terrasse-mobile.net\\\/\"},{\"@type\":\"ListItem\",\"position\":2,\"name\":\"LA TERRASSE MOBILE SUR-MESURE POUR PISCINE\",\"item\":\"https:\\\/\\\/terrasse-mobile.net\\\/terrasse-mobile-sur-mesure\\\/\"},{\"@type\":\"ListItem\",\"position\":3,\"name\":\"LES OPTIONS POUR VOTRE TERRASSE MOBILE POUR PISCINE\",\"item\":\"https:\\\/\\\/terrasse-mobile.net\\\/terrasse-mobile-sur-mesure\\\/options\\\/\"},{\"@type\":\"ListItem\",\"position\":4,\"name\":\"LA BARRE DE POUSS\u00c9E POUR VOTRE TERRASSE MOBILE\"}]},{\"@type\":\"WebSite\",\"@id\":\"https:\\\/\\\/terrasse-mobile.net\\\/#website\",\"url\":\"https:\\\/\\\/terrasse-mobile.net\\\/\",\"name\":\"Slidedeck\",\"description\":\"Construction sur mesure de terrasses mobiles en \u00cele-de-France\",\"publisher\":{\"@id\":\"https:\\\/\\\/terrasse-mobile.net\\\/#organization\"},\"potentialAction\":[{\"@type\":\"SearchAction\",\"target\":{\"@type\":\"EntryPoint\",\"urlTemplate\":\"https:\\\/\\\/terrasse-mobile.net\\\/?s={search_term_string}\"},\"query-input\":{\"@type\":\"PropertyValueSpecification\",\"valueRequired\":true,\"valueName\":\"search_term_string\"}}],\"inLanguage\":\"en-GB\"},{\"@type\":\"Organization\",\"@id\":\"https:\\\/\\\/terrasse-mobile.net\\\/#organization\",\"name\":\"Slidedeck\",\"url\":\"https:\\\/\\\/terrasse-mobile.net\\\/\",\"logo\":{\"@type\":\"ImageObject\",\"inLanguage\":\"en-GB\",\"@id\":\"https:\\\/\\\/terrasse-mobile.net\\\/#\\\/schema\\\/logo\\\/image\\\/\",\"url\":\"https:\\\/\\\/terrasse-mobile.net\\\/wp-content\\\/uploads\\\/2024\\\/01\\\/logo-slidedeck.jpg\",\"contentUrl\":\"https:\\\/\\\/terrasse-mobile.net\\\/wp-content\\\/uploads\\\/2024\\\/01\\\/logo-slidedeck.jpg\",\"width\":2000,\"height\":1103,\"caption\":\"Slidedeck\"},\"image\":{\"@id\":\"https:\\\/\\\/terrasse-mobile.net\\\/#\\\/schema\\\/logo\\\/image\\\/\"}}]}<\/script>\n<!-- \/ Yoast SEO plugin. -->","yoast_head_json":{"title":"The push bar for the mobile pool terrace","description":"The SlideDeck mobile pool deck can be fitted with a number of options, including a moving bar.","robots":{"index":"index","follow":"follow","max-snippet":"max-snippet:-1","max-image-preview":"max-image-preview:large","max-video-preview":"max-video-preview:-1"},"canonical":"https:\/\/terrasse-mobile.net\/en\/custom-made-mobile-terrace\/options\/the-push-bar-for-your-mobile-terrace-2\/","og_locale":"en_GB","og_type":"article","og_title":"La barre de pouss\u00e9e de la terrasse mobile de piscine","og_description":"La terrasse mobile pour piscine SlideDeck peut \u00eatre \u00e9quip\u00e9e de plusieurs options dont la barre de d\u00e9placement.","og_url":"https:\/\/terrasse-mobile.net\/en\/custom-made-mobile-terrace\/options\/the-push-bar-for-your-mobile-terrace-2\/","og_site_name":"Terrasse mobile","article_modified_time":"2025-10-08T12:12:25+00:00","og_image":[{"width":2000,"height":1500,"url":"https:\/\/terrasse-mobile.net\/wp-content\/uploads\/2024\/02\/REAL-SABOURAULT-PISCINE-2.jpg","type":"image\/jpeg"}],"twitter_card":"summary_large_image","twitter_misc":{"Estimated reading time":"1 minute"},"schema":{"@context":"https:\/\/schema.org","@graph":[{"@type":"WebPage","@id":"https:\/\/terrasse-mobile.net\/terrasse-mobile-sur-mesure\/options\/la-barre-de-poussee-pour-votre-terrasse-mobile-2\/","url":"https:\/\/terrasse-mobile.net\/terrasse-mobile-sur-mesure\/options\/la-barre-de-poussee-pour-votre-terrasse-mobile-2\/","name":"The push bar for the mobile pool terrace","isPartOf":{"@id":"https:\/\/terrasse-mobile.net\/#website"},"primaryImageOfPage":{"@id":"https:\/\/terrasse-mobile.net\/terrasse-mobile-sur-mesure\/options\/la-barre-de-poussee-pour-votre-terrasse-mobile-2\/#primaryimage"},"image":{"@id":"https:\/\/terrasse-mobile.net\/terrasse-mobile-sur-mesure\/options\/la-barre-de-poussee-pour-votre-terrasse-mobile-2\/#primaryimage"},"thumbnailUrl":"https:\/\/terrasse-mobile.net\/wp-content\/uploads\/2024\/02\/REAL-SABOURAULT-PISCINE-2.jpg","datePublished":"2024-10-02T12:47:07+00:00","dateModified":"2025-10-08T12:12:25+00:00","description":"The SlideDeck mobile pool deck can be fitted with a number of options, including a moving bar.","breadcrumb":{"@id":"https:\/\/terrasse-mobile.net\/terrasse-mobile-sur-mesure\/options\/la-barre-de-poussee-pour-votre-terrasse-mobile-2\/#breadcrumb"},"inLanguage":"en-GB","potentialAction":[{"@type":"ReadAction","target":["https:\/\/terrasse-mobile.net\/terrasse-mobile-sur-mesure\/options\/la-barre-de-poussee-pour-votre-terrasse-mobile-2\/"]}]},{"@type":"ImageObject","inLanguage":"en-GB","@id":"https:\/\/terrasse-mobile.net\/terrasse-mobile-sur-mesure\/options\/la-barre-de-poussee-pour-votre-terrasse-mobile-2\/#primaryimage","url":"https:\/\/terrasse-mobile.net\/wp-content\/uploads\/2024\/02\/REAL-SABOURAULT-PISCINE-2.jpg","contentUrl":"https:\/\/terrasse-mobile.net\/wp-content\/uploads\/2024\/02\/REAL-SABOURAULT-PISCINE-2.jpg","width":2000,"height":1500,"caption":"DCIM100MEDIADJI_0365.JPG"},{"@type":"BreadcrumbList","@id":"https:\/\/terrasse-mobile.net\/terrasse-mobile-sur-mesure\/options\/la-barre-de-poussee-pour-votre-terrasse-mobile-2\/#breadcrumb","itemListElement":[{"@type":"ListItem","position":1,"name":"Accueil","item":"https:\/\/terrasse-mobile.net\/"},{"@type":"ListItem","position":2,"name":"LA TERRASSE MOBILE SUR-MESURE POUR PISCINE","item":"https:\/\/terrasse-mobile.net\/terrasse-mobile-sur-mesure\/"},{"@type":"ListItem","position":3,"name":"LES OPTIONS POUR VOTRE TERRASSE MOBILE POUR PISCINE","item":"https:\/\/terrasse-mobile.net\/terrasse-mobile-sur-mesure\/options\/"},{"@type":"ListItem","position":4,"name":"LA BARRE DE POUSS\u00c9E POUR VOTRE TERRASSE MOBILE"}]},{"@type":"WebSite","@id":"https:\/\/terrasse-mobile.net\/#website","url":"https:\/\/terrasse-mobile.net\/","name":"Slidedeck","description":"Custom-built movable terraces in the Paris region","publisher":{"@id":"https:\/\/terrasse-mobile.net\/#organization"},"potentialAction":[{"@type":"SearchAction","target":{"@type":"EntryPoint","urlTemplate":"https:\/\/terrasse-mobile.net\/?s={search_term_string}"},"query-input":{"@type":"PropertyValueSpecification","valueRequired":true,"valueName":"search_term_string"}}],"inLanguage":"en-GB"},{"@type":"Organization","@id":"https:\/\/terrasse-mobile.net\/#organization","name":"Slidedeck","url":"https:\/\/terrasse-mobile.net\/","logo":{"@type":"ImageObject","inLanguage":"en-GB","@id":"https:\/\/terrasse-mobile.net\/#\/schema\/logo\/image\/","url":"https:\/\/terrasse-mobile.net\/wp-content\/uploads\/2024\/01\/logo-slidedeck.jpg","contentUrl":"https:\/\/terrasse-mobile.net\/wp-content\/uploads\/2024\/01\/logo-slidedeck.jpg","width":2000,"height":1103,"caption":"Slidedeck"},"image":{"@id":"https:\/\/terrasse-mobile.net\/#\/schema\/logo\/image\/"}}]}},"_links":{"self":[{"href":"https:\/\/terrasse-mobile.net\/en\/wp-json\/wp\/v2\/pages\/5524","targetHints":{"allow":["GET"]}}],"collection":[{"href":"https:\/\/terrasse-mobile.net\/en\/wp-json\/wp\/v2\/pages"}],"about":[{"href":"https:\/\/terrasse-mobile.net\/en\/wp-json\/wp\/v2\/types\/page"}],"author":[{"embeddable":true,"href":"https:\/\/terrasse-mobile.net\/en\/wp-json\/wp\/v2\/users\/1"}],"replies":[{"embeddable":true,"href":"https:\/\/terrasse-mobile.net\/en\/wp-json\/wp\/v2\/comments?post=5524"}],"version-history":[{"count":13,"href":"https:\/\/terrasse-mobile.net\/en\/wp-json\/wp\/v2\/pages\/5524\/revisions"}],"predecessor-version":[{"id":6644,"href":"https:\/\/terrasse-mobile.net\/en\/wp-json\/wp\/v2\/pages\/5524\/revisions\/6644"}],"up":[{"embeddable":true,"href":"https:\/\/terrasse-mobile.net\/en\/wp-json\/wp\/v2\/pages\/5509"}],"wp:featuredmedia":[{"embeddable":true,"href":"https:\/\/terrasse-mobile.net\/en\/wp-json\/wp\/v2\/media\/3640"}],"wp:attachment":[{"href":"https:\/\/terrasse-mobile.net\/en\/wp-json\/wp\/v2\/media?parent=5524"}],"wp:term":[{"taxonomy":"folder","embeddable":true,"href":"https:\/\/terrasse-mobile.net\/en\/wp-json\/wp\/v2\/folder?post=5524"}],"curies":[{"name":"wp","href":"https:\/\/api.w.org\/{rel}","templated":true}]}}