{"id":5532,"date":"2024-10-02T14:46:48","date_gmt":"2024-10-02T12:46:48","guid":{"rendered":"https:\/\/terrasse-mobile.net\/?page_id=5532"},"modified":"2025-10-08T14:12:25","modified_gmt":"2025-10-08T12:12:25","slug":"configurations","status":"publish","type":"page","link":"https:\/\/terrasse-mobile.net\/en\/terrasse-mobile-sur-mesure\/configurations\/","title":{"rendered":"SLIDEDECK MOBILE TERRACE CONFIGURATIONS"},"content":{"rendered":"<div class=\"wp-block-group\"><div class=\"wp-block-group__inner-container is-layout-constrained wp-block-group-is-layout-constrained\">\n<h2 class=\"wp-block-heading has-text-align-center\"><em>Discover the exclusive SlideDeck mobile terrace configurations ...<\/em><br><\/h2>\n\n\n\n<div class=\"wp-block-columns is-layout-flex wp-container-core-columns-is-layout-b3b5ee10 wp-block-columns-is-layout-flex\" style=\"padding-bottom:var(--wp--preset--spacing--50)\">\n<div class=\"wp-block-column is-vertically-aligned-center has-background is-layout-flow wp-block-column-is-layout-flow\" style=\"background-color:#edf2f724\">\n<figure class=\"wp-block-image size-full is-resized\"><a href=\"https:\/\/terrasse-mobile.net\/en\/custom-made-mobile-terrace\/configurations\/one-piece-mobile-terrace\/\"><img decoding=\"async\" width=\"800\" height=\"533\" src=\"https:\/\/terrasse-mobile.net\/wp-content\/uploads\/2025\/03\/3D-MONOBLOC1.png\" alt=\"\" class=\"wp-image-6778\" style=\"object-fit:cover;width:400px;height:250px\" srcset=\"https:\/\/terrasse-mobile.net\/wp-content\/uploads\/2025\/03\/3D-MONOBLOC1.png 800w, https:\/\/terrasse-mobile.net\/wp-content\/uploads\/2025\/03\/3D-MONOBLOC1-300x200.png 300w, https:\/\/terrasse-mobile.net\/wp-content\/uploads\/2025\/03\/3D-MONOBLOC1-768x512.png 768w, https:\/\/terrasse-mobile.net\/wp-content\/uploads\/2025\/03\/3D-MONOBLOC1-50x33.png 50w\" sizes=\"(max-width: 800px) 100vw, 800px\" \/><\/a><\/figure>\n\n\n\n<p class=\"has-text-align-center\" style=\"font-size:16px\"><strong><mark style=\"background-color:rgba(0, 0, 0, 0)\" class=\"has-inline-color has-theme-palette-1-color\"><a href=\"https:\/\/terrasse-mobile.net\/en\/custom-made-mobile-terrace\/configurations\/one-piece-mobile-terrace\/\">THE ONE-PIECE MOBILE TERRACE<\/a><\/mark><\/strong><br>The one-piece mobile terrace covers the whole of your pool and can be moved in a single section.<\/p>\n<\/div>\n\n\n\n<div class=\"wp-block-column is-vertically-aligned-center has-background is-layout-flow wp-block-column-is-layout-flow\" style=\"background-color:#edf2f724\">\n<figure class=\"wp-block-image size-full is-resized\"><a href=\"https:\/\/terrasse-mobile.net\/en\/custom-made-mobile-terrace\/configurations\/two-part-movable-terrace-length\/\"><img decoding=\"async\" width=\"1000\" height=\"550\" src=\"https:\/\/terrasse-mobile.net\/wp-content\/uploads\/2025\/02\/3D-deux-parties-symetriques-1.png\" alt=\"TWO-PART MOVABLE TERRACE LENGTH\" class=\"wp-image-6763\" style=\"object-fit:cover;width:400px;height:250px\" srcset=\"https:\/\/terrasse-mobile.net\/wp-content\/uploads\/2025\/02\/3D-deux-parties-symetriques-1.png 1000w, https:\/\/terrasse-mobile.net\/wp-content\/uploads\/2025\/02\/3D-deux-parties-symetriques-1-300x165.png 300w, https:\/\/terrasse-mobile.net\/wp-content\/uploads\/2025\/02\/3D-deux-parties-symetriques-1-768x422.png 768w, https:\/\/terrasse-mobile.net\/wp-content\/uploads\/2025\/02\/3D-deux-parties-symetriques-1-50x28.png 50w\" sizes=\"(max-width: 1000px) 100vw, 1000px\" \/><\/a><\/figure>\n\n\n\n<p class=\"has-text-align-center\" style=\"font-size:16px\"><strong><mark style=\"background-color:rgba(0, 0, 0, 0)\" class=\"has-inline-color has-theme-palette-1-color\"><a href=\"https:\/\/terrasse-mobile.net\/en\/custom-made-mobile-terrace\/configurations\/two-part-movable-terrace-length\/\">SYMMETRICAL MOBILE TERRACE<\/a><\/mark><\/strong><br>The two-part mobile terrace opens symmetrically into the<br>lengthwise.<\/p>\n<\/div>\n\n\n\n<div class=\"wp-block-column has-background is-layout-flow wp-block-column-is-layout-flow\" style=\"background-color:#edf2f724\">\n<figure class=\"wp-block-image size-full is-resized\"><a href=\"https:\/\/terrasse-mobile.net\/en\/custom-made-mobile-terrace\/configurations\/two-part-mobile-terrace-width\/\"><img decoding=\"async\" width=\"1000\" height=\"562\" src=\"https:\/\/terrasse-mobile.net\/wp-content\/uploads\/2025\/02\/3D-deux-parties-largeur-1.png\" alt=\"MOVABLE TERRACE TWO PARTS WIDTH\" class=\"wp-image-6762\" style=\"object-fit:cover;width:400px;height:250px\" srcset=\"https:\/\/terrasse-mobile.net\/wp-content\/uploads\/2025\/02\/3D-deux-parties-largeur-1.png 1000w, https:\/\/terrasse-mobile.net\/wp-content\/uploads\/2025\/02\/3D-deux-parties-largeur-1-300x169.png 300w, https:\/\/terrasse-mobile.net\/wp-content\/uploads\/2025\/02\/3D-deux-parties-largeur-1-768x432.png 768w, https:\/\/terrasse-mobile.net\/wp-content\/uploads\/2025\/02\/3D-deux-parties-largeur-1-50x28.png 50w\" sizes=\"(max-width: 1000px) 100vw, 1000px\" \/><\/a><\/figure>\n\n\n\n<p class=\"has-text-align-center\" style=\"font-size:16px\"><strong><mark style=\"background-color:rgba(0, 0, 0, 0)\" class=\"has-inline-color has-theme-palette-1-color\"><a href=\"https:\/\/terrasse-mobile.net\/en\/custom-made-mobile-terrace\/configurations\/two-part-mobile-terrace-width\/\">SYMMETRICAL MOBILE TERRACE<\/a><\/mark><\/strong><br>The two-part mobile terrace opens symmetrically into the <br>widthways.<\/p>\n<\/div>\n<\/div>\n\n\n\n<div class=\"wp-block-columns is-layout-flex wp-container-core-columns-is-layout-d7690ebe wp-block-columns-is-layout-flex\" style=\"margin-top:0;margin-bottom:0;padding-top:0;padding-right:var(--wp--preset--spacing--80);padding-bottom:0;padding-left:var(--wp--preset--spacing--80)\">\n<div class=\"wp-block-column is-vertically-aligned-center has-background is-layout-flow wp-block-column-is-layout-flow\" style=\"background-color:#edf2f724\">\n<figure class=\"wp-block-image size-full is-resized\"><a href=\"https:\/\/terrasse-mobile.net\/en\/custom-made-mobile-terrace\/configurations\/two-part-asymmetrical-mobile-terrace\/\"><img decoding=\"async\" width=\"800\" height=\"507\" src=\"https:\/\/terrasse-mobile.net\/wp-content\/uploads\/2025\/03\/223D-ASYMETRIQUE.png\" alt=\"\" class=\"wp-image-6777\" style=\"object-fit:cover;width:600px;height:350px\" srcset=\"https:\/\/terrasse-mobile.net\/wp-content\/uploads\/2025\/03\/223D-ASYMETRIQUE.png 800w, https:\/\/terrasse-mobile.net\/wp-content\/uploads\/2025\/03\/223D-ASYMETRIQUE-300x190.png 300w, https:\/\/terrasse-mobile.net\/wp-content\/uploads\/2025\/03\/223D-ASYMETRIQUE-768x487.png 768w, https:\/\/terrasse-mobile.net\/wp-content\/uploads\/2025\/03\/223D-ASYMETRIQUE-50x32.png 50w\" sizes=\"(max-width: 800px) 100vw, 800px\" \/><\/a><\/figure>\n\n\n\n<p class=\"has-text-align-center\" style=\"font-size:16px\"><strong><mark style=\"background-color:rgba(0, 0, 0, 0)\" class=\"has-inline-color has-theme-palette-1-color\"><a href=\"https:\/\/terrasse-mobile.net\/en\/custom-made-mobile-terrace\/configurations\/two-part-asymmetrical-mobile-terrace\/\">THE ASYMMETRIC MOBILE TERRACE<\/a><\/mark><\/strong><br>If you have a space problem in your garden, the asymmetrical mobile terrace is ideal.<\/p>\n\n\n\n<p><\/p>\n<\/div>\n\n\n\n<div class=\"wp-block-column is-vertically-aligned-center has-background is-layout-flow wp-block-column-is-layout-flow\" style=\"background-color:#edf2f724\">\n<figure class=\"wp-block-image size-full is-resized\"><a href=\"https:\/\/terrasse-mobile.net\/en\/custom-made-mobile-terrace\/configurations\/mobile-swimming-pool-terrace\/\"><img decoding=\"async\" width=\"1000\" height=\"562\" src=\"https:\/\/terrasse-mobile.net\/wp-content\/uploads\/2025\/02\/3D-gigogne-1.png\" alt=\"MOBILE TERRACE\" class=\"wp-image-6764\" style=\"object-fit:cover;width:600px;height:350px\" srcset=\"https:\/\/terrasse-mobile.net\/wp-content\/uploads\/2025\/02\/3D-gigogne-1.png 1000w, https:\/\/terrasse-mobile.net\/wp-content\/uploads\/2025\/02\/3D-gigogne-1-300x169.png 300w, https:\/\/terrasse-mobile.net\/wp-content\/uploads\/2025\/02\/3D-gigogne-1-768x432.png 768w, https:\/\/terrasse-mobile.net\/wp-content\/uploads\/2025\/02\/3D-gigogne-1-50x28.png 50w\" sizes=\"(max-width: 1000px) 100vw, 1000px\" \/><\/a><\/figure>\n\n\n\n<p class=\"has-text-align-center\" style=\"font-size:16px\"><strong><mark style=\"background-color:rgba(0, 0, 0, 0)\" class=\"has-inline-color has-theme-palette-1-color\"><a href=\"https:\/\/terrasse-mobile.net\/en\/custom-made-mobile-terrace\/configurations\/mobile-swimming-pool-terrace\/\">THE MOBILE GIGOGNE TERRACE<\/a><\/mark><\/strong><br>For the mobile nesting terrace, we have two trays that fold one on top of the other.<\/p>\n\n\n\n<p><\/p>\n<\/div>\n<\/div>\n<\/div><\/div>","protected":false},"excerpt":{"rendered":"<p>D\u00e9couvrez les configurations&nbsp; exclusives de terrasses mobiles SlideDeck \u2026 LA TERRASSE MOBILE MONOBLOCLa terrasse mobile monobloc recouvre la totalit\u00e9 de votre piscine et se d\u00e9place en une seule partie. TERRASSE MOBILE SYM\u00c9TRIQUELa terrasse mobile en deux parties s\u2019ouvre sym\u00e9triquement dansle sens de la longueur. TERRASSE MOBILE SYM\u00c9TRIQUELa terrasse mobile en deux parties s\u2019ouvre sym\u00e9triquement dans&#8230;<\/p>","protected":false},"author":1,"featured_media":3640,"parent":5765,"menu_order":28,"comment_status":"closed","ping_status":"closed","template":"","meta":{"_kad_post_transparent":"","_kad_post_title":"","_kad_post_layout":"","_kad_post_sidebar_id":"","_kad_post_content_style":"","_kad_post_vertical_padding":"","_kad_post_feature":"","_kad_post_feature_position":"","_kad_post_header":false,"_kad_post_footer":false,"_kad_post_classname":"","footnotes":""},"folder":[],"class_list":["post-5532","page","type-page","status-publish","has-post-thumbnail","hentry"],"yoast_head":"<!-- This site is optimized with the Yoast SEO plugin v27.3 - https:\/\/yoast.com\/product\/yoast-seo-wordpress\/ -->\n<title>Tous les types de terrasse coulissante SlideDeck pour piscine<\/title>\n<meta name=\"description\" content=\"SlideDeck propose 5 configurations de terrasses mobiles pour piscine. Chaque piscine peut trouver une terrasse mobile lui correspondant.\" \/>\n<meta name=\"robots\" content=\"index, follow, max-snippet:-1, max-image-preview:large, max-video-preview:-1\" \/>\n<link rel=\"canonical\" href=\"https:\/\/terrasse-mobile.net\/en\/custom-made-mobile-terrace\/configurations\/\" \/>\n<meta property=\"og:locale\" content=\"en_GB\" \/>\n<meta property=\"og:type\" content=\"article\" \/>\n<meta property=\"og:title\" content=\"Tous les types de terrasse coulissante SlideDeck pour piscine\" \/>\n<meta property=\"og:description\" content=\"SlideDeck propose 5 configurations de terrasses mobiles pour piscine. Chaque piscine peut trouver une terrasse mobile lui correspondant.\" \/>\n<meta property=\"og:url\" content=\"https:\/\/terrasse-mobile.net\/en\/custom-made-mobile-terrace\/configurations\/\" \/>\n<meta property=\"og:site_name\" content=\"Terrasse mobile\" \/>\n<meta property=\"article:modified_time\" content=\"2025-10-08T12:12:25+00:00\" \/>\n<meta property=\"og:image\" content=\"https:\/\/terrasse-mobile.net\/wp-content\/uploads\/2024\/02\/REAL-SABOURAULT-PISCINE-2.jpg\" \/>\n\t<meta property=\"og:image:width\" content=\"2000\" \/>\n\t<meta property=\"og:image:height\" content=\"1500\" \/>\n\t<meta property=\"og:image:type\" content=\"image\/jpeg\" \/>\n<meta name=\"twitter:card\" content=\"summary_large_image\" \/>\n<meta name=\"twitter:label1\" content=\"Estimated reading time\" \/>\n\t<meta name=\"twitter:data1\" content=\"2 minutes\" \/>\n<script type=\"application\/ld+json\" class=\"yoast-schema-graph\">{\"@context\":\"https:\\\/\\\/schema.org\",\"@graph\":[{\"@type\":\"WebPage\",\"@id\":\"https:\\\/\\\/terrasse-mobile.net\\\/terrasse-mobile-sur-mesure\\\/configurations\\\/\",\"url\":\"https:\\\/\\\/terrasse-mobile.net\\\/terrasse-mobile-sur-mesure\\\/configurations\\\/\",\"name\":\"Tous les types de terrasse coulissante SlideDeck pour piscine\",\"isPartOf\":{\"@id\":\"https:\\\/\\\/terrasse-mobile.net\\\/#website\"},\"primaryImageOfPage\":{\"@id\":\"https:\\\/\\\/terrasse-mobile.net\\\/terrasse-mobile-sur-mesure\\\/configurations\\\/#primaryimage\"},\"image\":{\"@id\":\"https:\\\/\\\/terrasse-mobile.net\\\/terrasse-mobile-sur-mesure\\\/configurations\\\/#primaryimage\"},\"thumbnailUrl\":\"https:\\\/\\\/terrasse-mobile.net\\\/wp-content\\\/uploads\\\/2024\\\/02\\\/REAL-SABOURAULT-PISCINE-2.jpg\",\"datePublished\":\"2024-10-02T12:46:48+00:00\",\"dateModified\":\"2025-10-08T12:12:25+00:00\",\"description\":\"SlideDeck propose 5 configurations de terrasses mobiles pour piscine. Chaque piscine peut trouver une terrasse mobile lui correspondant.\",\"breadcrumb\":{\"@id\":\"https:\\\/\\\/terrasse-mobile.net\\\/terrasse-mobile-sur-mesure\\\/configurations\\\/#breadcrumb\"},\"inLanguage\":\"en-GB\",\"potentialAction\":[{\"@type\":\"ReadAction\",\"target\":[\"https:\\\/\\\/terrasse-mobile.net\\\/terrasse-mobile-sur-mesure\\\/configurations\\\/\"]}]},{\"@type\":\"ImageObject\",\"inLanguage\":\"en-GB\",\"@id\":\"https:\\\/\\\/terrasse-mobile.net\\\/terrasse-mobile-sur-mesure\\\/configurations\\\/#primaryimage\",\"url\":\"https:\\\/\\\/terrasse-mobile.net\\\/wp-content\\\/uploads\\\/2024\\\/02\\\/REAL-SABOURAULT-PISCINE-2.jpg\",\"contentUrl\":\"https:\\\/\\\/terrasse-mobile.net\\\/wp-content\\\/uploads\\\/2024\\\/02\\\/REAL-SABOURAULT-PISCINE-2.jpg\",\"width\":2000,\"height\":1500,\"caption\":\"DCIM100MEDIADJI_0365.JPG\"},{\"@type\":\"BreadcrumbList\",\"@id\":\"https:\\\/\\\/terrasse-mobile.net\\\/terrasse-mobile-sur-mesure\\\/configurations\\\/#breadcrumb\",\"itemListElement\":[{\"@type\":\"ListItem\",\"position\":1,\"name\":\"Accueil\",\"item\":\"https:\\\/\\\/terrasse-mobile.net\\\/\"},{\"@type\":\"ListItem\",\"position\":2,\"name\":\"LA TERRASSE MOBILE SUR-MESURE POUR PISCINE\",\"item\":\"https:\\\/\\\/terrasse-mobile.net\\\/terrasse-mobile-sur-mesure\\\/\"},{\"@type\":\"ListItem\",\"position\":3,\"name\":\"LES CONFIGURATIONS DE TERRASSE MOBILE SLIDEDECK\"}]},{\"@type\":\"WebSite\",\"@id\":\"https:\\\/\\\/terrasse-mobile.net\\\/#website\",\"url\":\"https:\\\/\\\/terrasse-mobile.net\\\/\",\"name\":\"Slidedeck\",\"description\":\"Construction sur mesure de terrasses mobiles en \u00cele-de-France\",\"publisher\":{\"@id\":\"https:\\\/\\\/terrasse-mobile.net\\\/#organization\"},\"potentialAction\":[{\"@type\":\"SearchAction\",\"target\":{\"@type\":\"EntryPoint\",\"urlTemplate\":\"https:\\\/\\\/terrasse-mobile.net\\\/?s={search_term_string}\"},\"query-input\":{\"@type\":\"PropertyValueSpecification\",\"valueRequired\":true,\"valueName\":\"search_term_string\"}}],\"inLanguage\":\"en-GB\"},{\"@type\":\"Organization\",\"@id\":\"https:\\\/\\\/terrasse-mobile.net\\\/#organization\",\"name\":\"Slidedeck\",\"url\":\"https:\\\/\\\/terrasse-mobile.net\\\/\",\"logo\":{\"@type\":\"ImageObject\",\"inLanguage\":\"en-GB\",\"@id\":\"https:\\\/\\\/terrasse-mobile.net\\\/#\\\/schema\\\/logo\\\/image\\\/\",\"url\":\"https:\\\/\\\/terrasse-mobile.net\\\/wp-content\\\/uploads\\\/2024\\\/01\\\/logo-slidedeck.jpg\",\"contentUrl\":\"https:\\\/\\\/terrasse-mobile.net\\\/wp-content\\\/uploads\\\/2024\\\/01\\\/logo-slidedeck.jpg\",\"width\":2000,\"height\":1103,\"caption\":\"Slidedeck\"},\"image\":{\"@id\":\"https:\\\/\\\/terrasse-mobile.net\\\/#\\\/schema\\\/logo\\\/image\\\/\"}}]}<\/script>\n<!-- \/ Yoast SEO plugin. -->","yoast_head_json":{"title":"All types of SlideDeck sliding pool decks","description":"SlideDeck offers 5 configurations of mobile pool decks. There's a mobile deck for every pool.","robots":{"index":"index","follow":"follow","max-snippet":"max-snippet:-1","max-image-preview":"max-image-preview:large","max-video-preview":"max-video-preview:-1"},"canonical":"https:\/\/terrasse-mobile.net\/en\/custom-made-mobile-terrace\/configurations\/","og_locale":"en_GB","og_type":"article","og_title":"Tous les types de terrasse coulissante SlideDeck pour piscine","og_description":"SlideDeck propose 5 configurations de terrasses mobiles pour piscine. Chaque piscine peut trouver une terrasse mobile lui correspondant.","og_url":"https:\/\/terrasse-mobile.net\/en\/custom-made-mobile-terrace\/configurations\/","og_site_name":"Terrasse mobile","article_modified_time":"2025-10-08T12:12:25+00:00","og_image":[{"width":2000,"height":1500,"url":"https:\/\/terrasse-mobile.net\/wp-content\/uploads\/2024\/02\/REAL-SABOURAULT-PISCINE-2.jpg","type":"image\/jpeg"}],"twitter_card":"summary_large_image","twitter_misc":{"Estimated reading time":"2 minutes"},"schema":{"@context":"https:\/\/schema.org","@graph":[{"@type":"WebPage","@id":"https:\/\/terrasse-mobile.net\/terrasse-mobile-sur-mesure\/configurations\/","url":"https:\/\/terrasse-mobile.net\/terrasse-mobile-sur-mesure\/configurations\/","name":"All types of SlideDeck sliding pool decks","isPartOf":{"@id":"https:\/\/terrasse-mobile.net\/#website"},"primaryImageOfPage":{"@id":"https:\/\/terrasse-mobile.net\/terrasse-mobile-sur-mesure\/configurations\/#primaryimage"},"image":{"@id":"https:\/\/terrasse-mobile.net\/terrasse-mobile-sur-mesure\/configurations\/#primaryimage"},"thumbnailUrl":"https:\/\/terrasse-mobile.net\/wp-content\/uploads\/2024\/02\/REAL-SABOURAULT-PISCINE-2.jpg","datePublished":"2024-10-02T12:46:48+00:00","dateModified":"2025-10-08T12:12:25+00:00","description":"SlideDeck offers 5 configurations of mobile pool decks. There's a mobile deck for every pool.","breadcrumb":{"@id":"https:\/\/terrasse-mobile.net\/terrasse-mobile-sur-mesure\/configurations\/#breadcrumb"},"inLanguage":"en-GB","potentialAction":[{"@type":"ReadAction","target":["https:\/\/terrasse-mobile.net\/terrasse-mobile-sur-mesure\/configurations\/"]}]},{"@type":"ImageObject","inLanguage":"en-GB","@id":"https:\/\/terrasse-mobile.net\/terrasse-mobile-sur-mesure\/configurations\/#primaryimage","url":"https:\/\/terrasse-mobile.net\/wp-content\/uploads\/2024\/02\/REAL-SABOURAULT-PISCINE-2.jpg","contentUrl":"https:\/\/terrasse-mobile.net\/wp-content\/uploads\/2024\/02\/REAL-SABOURAULT-PISCINE-2.jpg","width":2000,"height":1500,"caption":"DCIM100MEDIADJI_0365.JPG"},{"@type":"BreadcrumbList","@id":"https:\/\/terrasse-mobile.net\/terrasse-mobile-sur-mesure\/configurations\/#breadcrumb","itemListElement":[{"@type":"ListItem","position":1,"name":"Accueil","item":"https:\/\/terrasse-mobile.net\/"},{"@type":"ListItem","position":2,"name":"LA TERRASSE MOBILE SUR-MESURE POUR PISCINE","item":"https:\/\/terrasse-mobile.net\/terrasse-mobile-sur-mesure\/"},{"@type":"ListItem","position":3,"name":"LES CONFIGURATIONS DE TERRASSE MOBILE SLIDEDECK"}]},{"@type":"WebSite","@id":"https:\/\/terrasse-mobile.net\/#website","url":"https:\/\/terrasse-mobile.net\/","name":"Slidedeck","description":"Custom-built movable terraces in the Paris region","publisher":{"@id":"https:\/\/terrasse-mobile.net\/#organization"},"potentialAction":[{"@type":"SearchAction","target":{"@type":"EntryPoint","urlTemplate":"https:\/\/terrasse-mobile.net\/?s={search_term_string}"},"query-input":{"@type":"PropertyValueSpecification","valueRequired":true,"valueName":"search_term_string"}}],"inLanguage":"en-GB"},{"@type":"Organization","@id":"https:\/\/terrasse-mobile.net\/#organization","name":"Slidedeck","url":"https:\/\/terrasse-mobile.net\/","logo":{"@type":"ImageObject","inLanguage":"en-GB","@id":"https:\/\/terrasse-mobile.net\/#\/schema\/logo\/image\/","url":"https:\/\/terrasse-mobile.net\/wp-content\/uploads\/2024\/01\/logo-slidedeck.jpg","contentUrl":"https:\/\/terrasse-mobile.net\/wp-content\/uploads\/2024\/01\/logo-slidedeck.jpg","width":2000,"height":1103,"caption":"Slidedeck"},"image":{"@id":"https:\/\/terrasse-mobile.net\/#\/schema\/logo\/image\/"}}]}},"_links":{"self":[{"href":"https:\/\/terrasse-mobile.net\/en\/wp-json\/wp\/v2\/pages\/5532","targetHints":{"allow":["GET"]}}],"collection":[{"href":"https:\/\/terrasse-mobile.net\/en\/wp-json\/wp\/v2\/pages"}],"about":[{"href":"https:\/\/terrasse-mobile.net\/en\/wp-json\/wp\/v2\/types\/page"}],"author":[{"embeddable":true,"href":"https:\/\/terrasse-mobile.net\/en\/wp-json\/wp\/v2\/users\/1"}],"replies":[{"embeddable":true,"href":"https:\/\/terrasse-mobile.net\/en\/wp-json\/wp\/v2\/comments?post=5532"}],"version-history":[{"count":34,"href":"https:\/\/terrasse-mobile.net\/en\/wp-json\/wp\/v2\/pages\/5532\/revisions"}],"predecessor-version":[{"id":6807,"href":"https:\/\/terrasse-mobile.net\/en\/wp-json\/wp\/v2\/pages\/5532\/revisions\/6807"}],"up":[{"embeddable":true,"href":"https:\/\/terrasse-mobile.net\/en\/wp-json\/wp\/v2\/pages\/5765"}],"wp:featuredmedia":[{"embeddable":true,"href":"https:\/\/terrasse-mobile.net\/en\/wp-json\/wp\/v2\/media\/3640"}],"wp:attachment":[{"href":"https:\/\/terrasse-mobile.net\/en\/wp-json\/wp\/v2\/media?parent=5532"}],"wp:term":[{"taxonomy":"folder","embeddable":true,"href":"https:\/\/terrasse-mobile.net\/en\/wp-json\/wp\/v2\/folder?post=5532"}],"curies":[{"name":"wp","href":"https:\/\/api.w.org\/{rel}","templated":true}]}}