{"id":5610,"date":"2024-10-02T14:45:31","date_gmt":"2024-10-02T12:45:03","guid":{"rendered":"https:\/\/terrasse-mobile.net\/?page_id=5610"},"modified":"2025-11-25T16:31:15","modified_gmt":"2025-11-25T15:31:15","slug":"protections-piscine","status":"publish","type":"page","link":"https:\/\/terrasse-mobile.net\/en\/protections-piscine\/","title":{"rendered":"LES AUTRES SOLUTIONS DE PROTECTION"},"content":{"rendered":"<div class=\"wp-block-group\"><div class=\"wp-block-group__inner-container is-layout-constrained wp-block-group-is-layout-constrained\">\n<p class=\"has-text-align-center\"><em>D\u00e9couvrez les autres solutions de protection de votre piscine \u2026<\/em><\/p>\n<\/div><\/div>\n\n\n<style>.wp-block-kadence-advancedgallery .kb-gallery-type-masonry.kb-gallery-id-5610_5d7e59-dd{margin:-5px;}.kb-gallery-type-masonry.kb-gallery-id-5610_5d7e59-dd .kadence-blocks-gallery-item{padding:5px;}.kb-gallery-id-5610_5d7e59-dd .kadence-blocks-gallery-item .kb-gal-image-radius, .kb-gallery-id-5610_5d7e59-dd .kb-slide-item .kb-gal-image-radius img{border-radius:0px 0px 0px 0px;;}.wp-block-kadence-advancedgallery.kb-gallery-wrap-id-5610_5d7e59-dd{overflow:visible;}.kb-gallery-id-5610_5d7e59-dd .kadence-blocks-gallery-item .kb-gal-image-radius, .kb-gallery-id-5610_5d7e59-dd .kadence-blocks-gallery-thumb-item .kb-gal-image-radius{box-shadow:4px 2px 14px 0px rgba(0, 0, 0, 0.2);}.kb-gallery-id-5610_5d7e59-dd .kadence-blocks-gallery-item:hover .kb-gal-image-radius, .kb-gallery-id-5610_5d7e59-dd .kadence-blocks-gallery-thumb-item:hover .kb-gal-image-radius{box-shadow:20px 20px 30px 0px rgba(0, 0, 0, 0.2);}.kb-gallery-id-5610_5d7e59-dd .kadence-blocks-gallery-item .kadence-blocks-gallery-item-inner .kadence-blocks-gallery-item__caption{font-size:var(--global-kb-font-size-md, 1.25rem);font-weight:700;text-transform:uppercase;}.kb-gallery-caption-style-bottom.kb-gallery-id-5610_5d7e59-dd .kadence-blocks-gallery-item .kadence-blocks-gallery-item-inner .kadence-blocks-gallery-item__caption, .kb-gallery-caption-style-bottom-hover.kb-gallery-id-5610_5d7e59-dd .kadence-blocks-gallery-item .kadence-blocks-gallery-item-inner .kadence-blocks-gallery-item__caption{background:linear-gradient(0deg, rgba(0, 0, 0, 0.5) 0, rgba(0, 0, 0, 0) 100%);}<\/style><div class=\"kb-gallery-wrap-id-5610_5d7e59-dd alignnone wp-block-kadence-advancedgallery\"><ul class=\"kb-gallery-ul kb-gallery-non-static kb-gallery-type-masonry kb-masonry-init kb-gallery-id-5610_5d7e59-dd kb-gallery-caption-style-bottom kb-gallery-filter-none\" data-image-filter=\"none\" data-item-selector=\".kadence-blocks-gallery-item\" data-lightbox-caption=\"true\" data-columns-xxl=\"3\" data-columns-xl=\"3\" data-columns-md=\"3\" data-columns-sm=\"2\" data-columns-xs=\"1\" data-columns-ss=\"1\"><li class=\"kadence-blocks-gallery-item\"><div class=\"kadence-blocks-gallery-item-inner\"><figure class=\"kb-gallery-figure kb-gallery-item-has-link kadence-blocks-gallery-item-has-caption\"><a href=\"https:\/\/terrasse-mobile.net\/en\/protections-piscine\/piscine-fond-mobile\/\" class=\"kb-gallery-item-link\"  ><div class=\"kb-gal-image-radius\" style=\"max-width:1000px;\"><div class=\"kb-gallery-image-contain kadence-blocks-gallery-intrinsic\" style=\"padding-bottom:66%;\"><img decoding=\"async\" src=\"https:\/\/terrasse-mobile.net\/wp-content\/uploads\/2025\/10\/2REAL-ERBIBOU-PISCINE-A-FOND-MOBILE-2-1.webp\" width=\"1000\" height=\"662\" alt=\"Le fond mobile pour piscine \" data-full-image=\"https:\/\/terrasse-mobile.net\/wp-content\/uploads\/2025\/10\/2REAL-ERBIBOU-PISCINE-A-FOND-MOBILE-2-1.webp\" data-light-image=\"https:\/\/terrasse-mobile.net\/wp-content\/uploads\/2025\/10\/2REAL-ERBIBOU-PISCINE-A-FOND-MOBILE-2-1.webp\" data-id=\"7074\" class=\"wp-image-7074\" srcset=\"https:\/\/terrasse-mobile.net\/wp-content\/uploads\/2025\/10\/2REAL-ERBIBOU-PISCINE-A-FOND-MOBILE-2-1.webp 1000w, https:\/\/terrasse-mobile.net\/wp-content\/uploads\/2025\/10\/2REAL-ERBIBOU-PISCINE-A-FOND-MOBILE-2-1-300x199.webp 300w, https:\/\/terrasse-mobile.net\/wp-content\/uploads\/2025\/10\/2REAL-ERBIBOU-PISCINE-A-FOND-MOBILE-2-1-768x508.webp 768w, https:\/\/terrasse-mobile.net\/wp-content\/uploads\/2025\/10\/2REAL-ERBIBOU-PISCINE-A-FOND-MOBILE-2-1-50x33.webp 50w\" sizes=\"(max-width: 1000px) 100vw, 1000px\" \/><\/div><div class=\"kadence-blocks-gallery-item__caption\">The movable floor <br>for swimming pool <\/div><\/div><\/a><\/figure><\/div><\/li><li class=\"kadence-blocks-gallery-item\"><div class=\"kadence-blocks-gallery-item-inner\"><figure class=\"kb-gallery-figure kb-gallery-item-has-link kadence-blocks-gallery-item-has-caption\"><a href=\"https:\/\/terrasse-mobile.net\/en\/protections-piscine\/abris-coulissants-pour-piscine\/\" class=\"kb-gallery-item-link\"  ><div class=\"kb-gal-image-radius\" style=\"max-width:600px;\"><div class=\"kb-gallery-image-contain kadence-blocks-gallery-intrinsic\" style=\"padding-bottom:66%;\"><img decoding=\"async\" src=\"https:\/\/terrasse-mobile.net\/wp-content\/uploads\/2025\/10\/Abris-piscine-Nature-07-copie-1.webp\" width=\"600\" height=\"397\" alt=\"Pool covers\" data-full-image=\"https:\/\/terrasse-mobile.net\/wp-content\/uploads\/2025\/10\/Abris-piscine-Nature-07-copie-1.webp\" data-light-image=\"https:\/\/terrasse-mobile.net\/wp-content\/uploads\/2025\/10\/Abris-piscine-Nature-07-copie-1.webp\" data-id=\"7075\" class=\"wp-image-7075\" srcset=\"https:\/\/terrasse-mobile.net\/wp-content\/uploads\/2025\/10\/Abris-piscine-Nature-07-copie-1.webp 600w, https:\/\/terrasse-mobile.net\/wp-content\/uploads\/2025\/10\/Abris-piscine-Nature-07-copie-1-300x199.webp 300w, https:\/\/terrasse-mobile.net\/wp-content\/uploads\/2025\/10\/Abris-piscine-Nature-07-copie-1-50x33.webp 50w\" sizes=\"(max-width: 600px) 100vw, 600px\" \/><\/div><div class=\"kadence-blocks-gallery-item__caption\">Les abris<br>for swimming pool<\/div><\/div><\/a><\/figure><\/div><\/li><li class=\"kadence-blocks-gallery-item\"><div class=\"kadence-blocks-gallery-item-inner\"><figure class=\"kb-gallery-figure kb-gallery-item-has-link kadence-blocks-gallery-item-has-caption\"><a href=\"https:\/\/terrasse-mobile.net\/en\/protections-piscine\/volet-immerge-piscine\/\" class=\"kb-gallery-item-link\"  ><div class=\"kb-gal-image-radius\" style=\"max-width:600px;\"><div class=\"kb-gallery-image-contain kadence-blocks-gallery-intrinsic\" style=\"padding-bottom:66%;\"><img decoding=\"async\" src=\"https:\/\/terrasse-mobile.net\/wp-content\/uploads\/2025\/10\/REA-BEAUGRAND-VOLET-00009-1.webp\" width=\"600\" height=\"397\" alt=\"The submerged pool cover\" data-full-image=\"https:\/\/terrasse-mobile.net\/wp-content\/uploads\/2025\/10\/REA-BEAUGRAND-VOLET-00009-1.webp\" data-light-image=\"https:\/\/terrasse-mobile.net\/wp-content\/uploads\/2025\/10\/REA-BEAUGRAND-VOLET-00009-1.webp\" data-id=\"7073\" class=\"wp-image-7073\" srcset=\"https:\/\/terrasse-mobile.net\/wp-content\/uploads\/2025\/10\/REA-BEAUGRAND-VOLET-00009-1.webp 600w, https:\/\/terrasse-mobile.net\/wp-content\/uploads\/2025\/10\/REA-BEAUGRAND-VOLET-00009-1-300x199.webp 300w, https:\/\/terrasse-mobile.net\/wp-content\/uploads\/2025\/10\/REA-BEAUGRAND-VOLET-00009-1-50x33.webp 50w\" sizes=\"(max-width: 600px) 100vw, 600px\" \/><\/div><div class=\"kadence-blocks-gallery-item__caption\">Le volet immerg\u00e9<br>for swimming pool<\/div><\/div><\/a><\/figure><\/div><\/li><\/ul><\/div>\n\n\n<div class=\"wp-block-columns is-layout-flex wp-container-core-columns-is-layout-9d6595d7 wp-block-columns-is-layout-flex\">\n<div class=\"wp-block-column is-layout-flow wp-block-column-is-layout-flow\">\n<p>Le fond mobile pour piscine, une technologie innovante aux nombreux avantages.<\/p>\n<\/div>\n\n\n\n<div class=\"wp-block-column is-layout-flow wp-block-column-is-layout-flow\">\n<p>Discover the benefits of pool enclosures and choose the model of your dreams!<\/p>\n<\/div>\n\n\n\n<div class=\"wp-block-column is-layout-flow wp-block-column-is-layout-flow\">\n<p>D\u00e9couvrez nos magnifiques volets immerg\u00e9s, leur fonctionnement, et leurs avantages.<\/p>\n<\/div>\n<\/div>","protected":false},"excerpt":{"rendered":"<p>D\u00e9couvrez les autres solutions de protection de votre piscine \u2026 Le fond mobile pour piscine, une technologie innovante aux nombreux avantages. D\u00e9couvrez les avantages des abris pour piscine et choisissez le mod\u00e8le de vos r\u00eaves ! D\u00e9couvrez nos magnifiques volets immerg\u00e9s, leur fonctionnement, et leurs avantages.<\/p>","protected":false},"author":1,"featured_media":3640,"parent":0,"menu_order":8,"comment_status":"closed","ping_status":"closed","template":"","meta":{"_kad_post_transparent":"","_kad_post_title":"","_kad_post_layout":"","_kad_post_sidebar_id":"","_kad_post_content_style":"","_kad_post_vertical_padding":"","_kad_post_feature":"","_kad_post_feature_position":"","_kad_post_header":false,"_kad_post_footer":false,"_kad_post_classname":"","footnotes":""},"folder":[],"class_list":["post-5610","page","type-page","status-publish","has-post-thumbnail","hentry"],"yoast_head":"<!-- This site is optimized with the Yoast SEO plugin v27.3 - https:\/\/yoast.com\/product\/yoast-seo-wordpress\/ -->\n<title>Comment prot\u00e9ger sa piscine ?<\/title>\n<meta name=\"description\" content=\"Il existe d&#039;autres types de protections que nos terrasses mobiles SlideDeck. D\u00e9couvrez les volets immerg\u00e9s, les abris ou les fonds mobiles.\" \/>\n<meta name=\"robots\" content=\"index, follow, max-snippet:-1, max-image-preview:large, max-video-preview:-1\" \/>\n<link rel=\"canonical\" href=\"https:\/\/terrasse-mobile.net\/en\/protections-piscine\/\" \/>\n<meta property=\"og:locale\" content=\"en_GB\" \/>\n<meta property=\"og:type\" content=\"article\" \/>\n<meta property=\"og:title\" content=\"Comment prot\u00e9ger sa piscine ?\" \/>\n<meta property=\"og:description\" content=\"Il existe d&#039;autres types de protections que nos terrasses mobiles SlideDeck. D\u00e9couvrez les volets immerg\u00e9s, les abris ou les fonds mobiles.\" \/>\n<meta property=\"og:url\" content=\"https:\/\/terrasse-mobile.net\/en\/protections-piscine\/\" \/>\n<meta property=\"og:site_name\" content=\"Terrasse mobile\" \/>\n<meta property=\"article:modified_time\" content=\"2025-11-25T15:31:15+00:00\" \/>\n<meta property=\"og:image\" content=\"https:\/\/terrasse-mobile.net\/wp-content\/uploads\/2024\/02\/REAL-SABOURAULT-PISCINE-2.jpg\" \/>\n\t<meta property=\"og:image:width\" content=\"2000\" \/>\n\t<meta property=\"og:image:height\" content=\"1500\" \/>\n\t<meta property=\"og:image:type\" content=\"image\/jpeg\" \/>\n<meta name=\"twitter:card\" content=\"summary_large_image\" \/>\n<meta name=\"twitter:label1\" content=\"Estimated reading time\" \/>\n\t<meta name=\"twitter:data1\" content=\"1 minute\" \/>\n<script type=\"application\/ld+json\" class=\"yoast-schema-graph\">{\"@context\":\"https:\\\/\\\/schema.org\",\"@graph\":[{\"@type\":\"WebPage\",\"@id\":\"https:\\\/\\\/terrasse-mobile.net\\\/protections-piscine\\\/\",\"url\":\"https:\\\/\\\/terrasse-mobile.net\\\/protections-piscine\\\/\",\"name\":\"Comment prot\u00e9ger sa piscine ?\",\"isPartOf\":{\"@id\":\"https:\\\/\\\/terrasse-mobile.net\\\/#website\"},\"primaryImageOfPage\":{\"@id\":\"https:\\\/\\\/terrasse-mobile.net\\\/protections-piscine\\\/#primaryimage\"},\"image\":{\"@id\":\"https:\\\/\\\/terrasse-mobile.net\\\/protections-piscine\\\/#primaryimage\"},\"thumbnailUrl\":\"https:\\\/\\\/terrasse-mobile.net\\\/wp-content\\\/uploads\\\/2024\\\/02\\\/REAL-SABOURAULT-PISCINE-2.jpg\",\"datePublished\":\"2024-10-02T12:45:03+00:00\",\"dateModified\":\"2025-11-25T15:31:15+00:00\",\"description\":\"Il existe d'autres types de protections que nos terrasses mobiles SlideDeck. D\u00e9couvrez les volets immerg\u00e9s, les abris ou les fonds mobiles.\",\"breadcrumb\":{\"@id\":\"https:\\\/\\\/terrasse-mobile.net\\\/protections-piscine\\\/#breadcrumb\"},\"inLanguage\":\"en-GB\",\"potentialAction\":[{\"@type\":\"ReadAction\",\"target\":[\"https:\\\/\\\/terrasse-mobile.net\\\/protections-piscine\\\/\"]}]},{\"@type\":\"ImageObject\",\"inLanguage\":\"en-GB\",\"@id\":\"https:\\\/\\\/terrasse-mobile.net\\\/protections-piscine\\\/#primaryimage\",\"url\":\"https:\\\/\\\/terrasse-mobile.net\\\/wp-content\\\/uploads\\\/2024\\\/02\\\/REAL-SABOURAULT-PISCINE-2.jpg\",\"contentUrl\":\"https:\\\/\\\/terrasse-mobile.net\\\/wp-content\\\/uploads\\\/2024\\\/02\\\/REAL-SABOURAULT-PISCINE-2.jpg\",\"width\":2000,\"height\":1500,\"caption\":\"DCIM100MEDIADJI_0365.JPG\"},{\"@type\":\"BreadcrumbList\",\"@id\":\"https:\\\/\\\/terrasse-mobile.net\\\/protections-piscine\\\/#breadcrumb\",\"itemListElement\":[{\"@type\":\"ListItem\",\"position\":1,\"name\":\"Accueil\",\"item\":\"https:\\\/\\\/terrasse-mobile.net\\\/\"},{\"@type\":\"ListItem\",\"position\":2,\"name\":\"LES AUTRES SOLUTIONS DE PROTECTION\"}]},{\"@type\":\"WebSite\",\"@id\":\"https:\\\/\\\/terrasse-mobile.net\\\/#website\",\"url\":\"https:\\\/\\\/terrasse-mobile.net\\\/\",\"name\":\"Slidedeck\",\"description\":\"Construction sur mesure de terrasses mobiles en \u00cele-de-France\",\"publisher\":{\"@id\":\"https:\\\/\\\/terrasse-mobile.net\\\/#organization\"},\"potentialAction\":[{\"@type\":\"SearchAction\",\"target\":{\"@type\":\"EntryPoint\",\"urlTemplate\":\"https:\\\/\\\/terrasse-mobile.net\\\/?s={search_term_string}\"},\"query-input\":{\"@type\":\"PropertyValueSpecification\",\"valueRequired\":true,\"valueName\":\"search_term_string\"}}],\"inLanguage\":\"en-GB\"},{\"@type\":\"Organization\",\"@id\":\"https:\\\/\\\/terrasse-mobile.net\\\/#organization\",\"name\":\"Slidedeck\",\"url\":\"https:\\\/\\\/terrasse-mobile.net\\\/\",\"logo\":{\"@type\":\"ImageObject\",\"inLanguage\":\"en-GB\",\"@id\":\"https:\\\/\\\/terrasse-mobile.net\\\/#\\\/schema\\\/logo\\\/image\\\/\",\"url\":\"https:\\\/\\\/terrasse-mobile.net\\\/wp-content\\\/uploads\\\/2024\\\/01\\\/logo-slidedeck.jpg\",\"contentUrl\":\"https:\\\/\\\/terrasse-mobile.net\\\/wp-content\\\/uploads\\\/2024\\\/01\\\/logo-slidedeck.jpg\",\"width\":2000,\"height\":1103,\"caption\":\"Slidedeck\"},\"image\":{\"@id\":\"https:\\\/\\\/terrasse-mobile.net\\\/#\\\/schema\\\/logo\\\/image\\\/\"}}]}<\/script>\n<!-- \/ Yoast SEO plugin. -->","yoast_head_json":{"title":"Comment prot\u00e9ger sa piscine ?","description":"Il existe d'autres types de protections que nos terrasses mobiles SlideDeck. D\u00e9couvrez les volets immerg\u00e9s, les abris ou les fonds mobiles.","robots":{"index":"index","follow":"follow","max-snippet":"max-snippet:-1","max-image-preview":"max-image-preview:large","max-video-preview":"max-video-preview:-1"},"canonical":"https:\/\/terrasse-mobile.net\/en\/protections-piscine\/","og_locale":"en_GB","og_type":"article","og_title":"Comment prot\u00e9ger sa piscine ?","og_description":"Il existe d'autres types de protections que nos terrasses mobiles SlideDeck. D\u00e9couvrez les volets immerg\u00e9s, les abris ou les fonds mobiles.","og_url":"https:\/\/terrasse-mobile.net\/en\/protections-piscine\/","og_site_name":"Terrasse mobile","article_modified_time":"2025-11-25T15:31:15+00:00","og_image":[{"width":2000,"height":1500,"url":"https:\/\/terrasse-mobile.net\/wp-content\/uploads\/2024\/02\/REAL-SABOURAULT-PISCINE-2.jpg","type":"image\/jpeg"}],"twitter_card":"summary_large_image","twitter_misc":{"Estimated reading time":"1 minute"},"schema":{"@context":"https:\/\/schema.org","@graph":[{"@type":"WebPage","@id":"https:\/\/terrasse-mobile.net\/protections-piscine\/","url":"https:\/\/terrasse-mobile.net\/protections-piscine\/","name":"Comment prot\u00e9ger sa piscine ?","isPartOf":{"@id":"https:\/\/terrasse-mobile.net\/#website"},"primaryImageOfPage":{"@id":"https:\/\/terrasse-mobile.net\/protections-piscine\/#primaryimage"},"image":{"@id":"https:\/\/terrasse-mobile.net\/protections-piscine\/#primaryimage"},"thumbnailUrl":"https:\/\/terrasse-mobile.net\/wp-content\/uploads\/2024\/02\/REAL-SABOURAULT-PISCINE-2.jpg","datePublished":"2024-10-02T12:45:03+00:00","dateModified":"2025-11-25T15:31:15+00:00","description":"Il existe d'autres types de protections que nos terrasses mobiles SlideDeck. D\u00e9couvrez les volets immerg\u00e9s, les abris ou les fonds mobiles.","breadcrumb":{"@id":"https:\/\/terrasse-mobile.net\/protections-piscine\/#breadcrumb"},"inLanguage":"en-GB","potentialAction":[{"@type":"ReadAction","target":["https:\/\/terrasse-mobile.net\/protections-piscine\/"]}]},{"@type":"ImageObject","inLanguage":"en-GB","@id":"https:\/\/terrasse-mobile.net\/protections-piscine\/#primaryimage","url":"https:\/\/terrasse-mobile.net\/wp-content\/uploads\/2024\/02\/REAL-SABOURAULT-PISCINE-2.jpg","contentUrl":"https:\/\/terrasse-mobile.net\/wp-content\/uploads\/2024\/02\/REAL-SABOURAULT-PISCINE-2.jpg","width":2000,"height":1500,"caption":"DCIM100MEDIADJI_0365.JPG"},{"@type":"BreadcrumbList","@id":"https:\/\/terrasse-mobile.net\/protections-piscine\/#breadcrumb","itemListElement":[{"@type":"ListItem","position":1,"name":"Accueil","item":"https:\/\/terrasse-mobile.net\/"},{"@type":"ListItem","position":2,"name":"LES AUTRES SOLUTIONS DE PROTECTION"}]},{"@type":"WebSite","@id":"https:\/\/terrasse-mobile.net\/#website","url":"https:\/\/terrasse-mobile.net\/","name":"Slidedeck","description":"Custom-built movable terraces in the Paris region","publisher":{"@id":"https:\/\/terrasse-mobile.net\/#organization"},"potentialAction":[{"@type":"SearchAction","target":{"@type":"EntryPoint","urlTemplate":"https:\/\/terrasse-mobile.net\/?s={search_term_string}"},"query-input":{"@type":"PropertyValueSpecification","valueRequired":true,"valueName":"search_term_string"}}],"inLanguage":"en-GB"},{"@type":"Organization","@id":"https:\/\/terrasse-mobile.net\/#organization","name":"Slidedeck","url":"https:\/\/terrasse-mobile.net\/","logo":{"@type":"ImageObject","inLanguage":"en-GB","@id":"https:\/\/terrasse-mobile.net\/#\/schema\/logo\/image\/","url":"https:\/\/terrasse-mobile.net\/wp-content\/uploads\/2024\/01\/logo-slidedeck.jpg","contentUrl":"https:\/\/terrasse-mobile.net\/wp-content\/uploads\/2024\/01\/logo-slidedeck.jpg","width":2000,"height":1103,"caption":"Slidedeck"},"image":{"@id":"https:\/\/terrasse-mobile.net\/#\/schema\/logo\/image\/"}}]}},"_links":{"self":[{"href":"https:\/\/terrasse-mobile.net\/en\/wp-json\/wp\/v2\/pages\/5610","targetHints":{"allow":["GET"]}}],"collection":[{"href":"https:\/\/terrasse-mobile.net\/en\/wp-json\/wp\/v2\/pages"}],"about":[{"href":"https:\/\/terrasse-mobile.net\/en\/wp-json\/wp\/v2\/types\/page"}],"author":[{"embeddable":true,"href":"https:\/\/terrasse-mobile.net\/en\/wp-json\/wp\/v2\/users\/1"}],"replies":[{"embeddable":true,"href":"https:\/\/terrasse-mobile.net\/en\/wp-json\/wp\/v2\/comments?post=5610"}],"version-history":[{"count":22,"href":"https:\/\/terrasse-mobile.net\/en\/wp-json\/wp\/v2\/pages\/5610\/revisions"}],"predecessor-version":[{"id":7317,"href":"https:\/\/terrasse-mobile.net\/en\/wp-json\/wp\/v2\/pages\/5610\/revisions\/7317"}],"wp:featuredmedia":[{"embeddable":true,"href":"https:\/\/terrasse-mobile.net\/en\/wp-json\/wp\/v2\/media\/3640"}],"wp:attachment":[{"href":"https:\/\/terrasse-mobile.net\/en\/wp-json\/wp\/v2\/media?parent=5610"}],"wp:term":[{"taxonomy":"folder","embeddable":true,"href":"https:\/\/terrasse-mobile.net\/en\/wp-json\/wp\/v2\/folder?post=5610"}],"curies":[{"name":"wp","href":"https:\/\/api.w.org\/{rel}","templated":true}]}}