{"id":5654,"date":"2024-10-02T14:49:31","date_gmt":"2024-10-02T12:49:12","guid":{"rendered":"https:\/\/terrasse-mobile.net\/?page_id=5654"},"modified":"2025-10-08T11:17:17","modified_gmt":"2025-10-08T09:17:17","slug":"mobile-pool-decking-cumaru-slats","status":"publish","type":"page","link":"https:\/\/terrasse-mobile.net\/en\/revetements\/bois-exotique\/revetement-terrasse-mobile-piscine-lames-cumaru\/","title":{"rendered":"CUMARU DECK BOARDS FOR MOBILE DECKING"},"content":{"rendered":"<p>Red Cumaru (as opposed to the cheaper yellow Cumaru or mixed batches) is reputed to be more stable than yellow Cumaru, with a much more even colour and appearance.<\/p>\n\n\n\n<p>Cumaru has been poorly appreciated because it has often been sold in DIY superstores (and in some wood trade outlets) in mediocre quality and, above all, badly dried, WHEN IT IS A VERY GOOD ESSENCE FOR MOBILE TERRACES.<\/p>\n\n\n\n<div class=\"wp-block-group\"><div class=\"wp-block-group__inner-container is-layout-constrained wp-block-group-is-layout-constrained\">\n<div class=\"wp-block-columns is-layout-flex wp-container-core-columns-is-layout-9d6595d7 wp-block-columns-is-layout-flex\">\n<div class=\"wp-block-column is-layout-flow wp-block-column-is-layout-flow\">\n<h2 class=\"wp-block-heading\">Characteristics of red cumaru<\/h2>\n\n\n\n<p>- It is very <strong style=\"color: var( --e-global-color-b28222d ); font-family: var( --e-global-typography-690289a-font-family ), Sans-serif; font-size: var( --e-global-typography-690289a-font-size ); letter-spacing: var( --e-global-typography-690289a-letter-spacing ); word-spacing: var( --e-global-typography-690289a-word-spacing ); text-align: var(--text-align); background-color: var( --e-global-color-22009a8 );\">sustainable<\/strong>. It has a lifespan of over 40 years.<\/p>\n\n\n\n<p>- It is very&nbsp;<strong>stable<\/strong>&nbsp;If installed correctly, Cumaru planks will not warp, bow or warp.<br>- Its appearance is very&nbsp;<strong>regular<\/strong>, with beautiful veining<br>- Our planks are available in standard 21 x 145 mm cross-sections, in lengths of 3 to 4 metres.<br>- Our blades are always available&nbsp;<strong>smooth<\/strong>, with rounded corners. They do not&nbsp;<strong>no splinters<\/strong>&nbsp;and are&nbsp;<strong>not slippery<\/strong>.<br>- Cumaru blades do not require&nbsp;<strong>no special maintenance<\/strong>, The only thing that needs to be done is to clean it once a year with a brush and a cleaning product.<\/p>\n<\/div>\n\n\n\n<div class=\"wp-block-column is-layout-flow wp-block-column-is-layout-flow\">\n<figure class=\"wp-block-image size-full\"><img decoding=\"async\" width=\"500\" height=\"333\" src=\"https:\/\/terrasse-mobile.net\/wp-content\/uploads\/2024\/03\/REAL-REC-DROU-12-1.jpg\" alt=\"pool terrace cumaru\" class=\"wp-image-4533\" style=\"aspect-ratio:3\/2;object-fit:cover\" srcset=\"https:\/\/terrasse-mobile.net\/wp-content\/uploads\/2024\/03\/REAL-REC-DROU-12-1.jpg 500w, https:\/\/terrasse-mobile.net\/wp-content\/uploads\/2024\/03\/REAL-REC-DROU-12-1-300x200.jpg 300w\" sizes=\"(max-width: 500px) 100vw, 500px\" \/><\/figure>\n<\/div>\n<\/div>\n\n\n\n<div class=\"wp-block-group\"><div class=\"wp-block-group__inner-container is-layout-constrained wp-block-group-is-layout-constrained\">\n<div class=\"wp-block-columns is-layout-flex wp-container-core-columns-is-layout-9d6595d7 wp-block-columns-is-layout-flex\">\n<div class=\"wp-block-column is-layout-flow wp-block-column-is-layout-flow\">\n<figure class=\"wp-block-image size-full\"><img decoding=\"async\" width=\"500\" height=\"333\" src=\"https:\/\/terrasse-mobile.net\/wp-content\/uploads\/2024\/03\/REAL-REC-DROU-17.jpg\" alt=\"pool terrace cumaru\" class=\"wp-image-4532\" style=\"aspect-ratio:3\/2;object-fit:cover\" srcset=\"https:\/\/terrasse-mobile.net\/wp-content\/uploads\/2024\/03\/REAL-REC-DROU-17.jpg 500w, https:\/\/terrasse-mobile.net\/wp-content\/uploads\/2024\/03\/REAL-REC-DROU-17-300x200.jpg 300w\" sizes=\"(max-width: 500px) 100vw, 500px\" \/><\/figure>\n<\/div>\n\n\n\n<div class=\"wp-block-column is-layout-flow wp-block-column-is-layout-flow\">\n<h2 class=\"wp-block-heading\">Characteristics of red cumaru<\/h2>\n\n\n\n<p>Red Cumaru is an essence <strong>top of the range<\/strong>, We use it to build prestigious mobile terraces on beautiful properties, around large swimming pools. It's an excellent choice for a <strong>quality terrace<\/strong>, in a&nbsp;<strong>controlled budget<\/strong>.<br><strong>The finish is perfect<\/strong>&nbsp;because we sand our decking completely at the end of installation (using 80-grit fine abrasive). The initial colour of the wood is not the most important thing to consider. Depending on the exposure, the time of day and the level of greying, the colour of your sliding terrace will be different, but always with the same high quality. <strong>charm<\/strong>&nbsp;and&nbsp;<strong>authenticity<\/strong>.<\/p>\n\n\n\n<p><\/p>\n<\/div>\n<\/div>\n<\/div><\/div>\n<\/div><\/div>\n\n\n\n<div class=\"wp-block-buttons is-content-justification-center is-layout-flex wp-container-core-buttons-is-layout-16018d1d wp-block-buttons-is-layout-flex\">\n<div class=\"wp-block-button has-custom-font-size is-style-outline has-small-font-size is-style-outline--1\"><a class=\"wp-block-button__link wp-element-button\" href=\"https:\/\/terrasse-mobile.net\/en\/custom-made-mobile-terrace\/models\/\">Discover the models<\/a><\/div>\n<\/div>","protected":false},"excerpt":{"rendered":"<p>Le Cumaru Rouge (par opposition au Cumaru jaune ou aux lots m\u00e9lang\u00e9s, moins chers), est r\u00e9put\u00e9 plus stable que le Cumaru jaune, avec une teinte et un aspect beaucoup plus r\u00e9gulier. Le Cumaru a \u00e9t\u00e9 mal appr\u00e9ci\u00e9 du fait qu&rsquo;il a \u00e9t\u00e9 souvent propos\u00e9 en grande surface de bricolage (et dans certains n\u00e9goces bois) dans&#8230;<\/p>","protected":false},"author":1,"featured_media":3640,"parent":5501,"menu_order":46,"comment_status":"closed","ping_status":"closed","template":"","meta":{"_kad_post_transparent":"","_kad_post_title":"","_kad_post_layout":"","_kad_post_sidebar_id":"","_kad_post_content_style":"","_kad_post_vertical_padding":"","_kad_post_feature":"","_kad_post_feature_position":"","_kad_post_header":false,"_kad_post_footer":false,"_kad_post_classname":"","footnotes":""},"folder":[],"class_list":["post-5654","page","type-page","status-publish","has-post-thumbnail","hentry"],"yoast_head":"<!-- This site is optimized with the Yoast SEO plugin v27.4 - https:\/\/yoast.com\/product\/yoast-seo-wordpress\/ -->\n<title>Rev\u00eatement de terrasse mobile pour piscine en lames de Cumaru<\/title>\n<meta name=\"description\" content=\"La terrasse mobile pour piscine SlideDeck peut \u00eatre habill\u00e9e avec de belles lames en bois exotique Cumaru.\" \/>\n<meta name=\"robots\" content=\"index, follow, max-snippet:-1, max-image-preview:large, max-video-preview:-1\" \/>\n<link rel=\"canonical\" href=\"https:\/\/terrasse-mobile.net\/en\/coverings\/exotic-wood\/mobile-pool-decking-cumaru-slats\/\" \/>\n<meta property=\"og:locale\" content=\"en_GB\" \/>\n<meta property=\"og:type\" content=\"article\" \/>\n<meta property=\"og:title\" content=\"Rev\u00eatement de terrasse mobile pour piscine en lames de Cumaru\" \/>\n<meta property=\"og:description\" content=\"La terrasse mobile pour piscine SlideDeck peut \u00eatre habill\u00e9e avec de belles lames en bois exotique Cumaru.\" \/>\n<meta property=\"og:url\" content=\"https:\/\/terrasse-mobile.net\/en\/coverings\/exotic-wood\/mobile-pool-decking-cumaru-slats\/\" \/>\n<meta property=\"og:site_name\" content=\"Terrasse mobile\" \/>\n<meta property=\"article:modified_time\" content=\"2025-10-08T09:17:17+00:00\" \/>\n<meta property=\"og:image\" content=\"https:\/\/terrasse-mobile.net\/wp-content\/uploads\/2024\/02\/REAL-SABOURAULT-PISCINE-2.jpg\" \/>\n\t<meta property=\"og:image:width\" content=\"2000\" \/>\n\t<meta property=\"og:image:height\" content=\"1500\" \/>\n\t<meta property=\"og:image:type\" content=\"image\/jpeg\" \/>\n<meta name=\"twitter:card\" content=\"summary_large_image\" \/>\n<meta name=\"twitter:label1\" content=\"Estimated reading time\" \/>\n\t<meta name=\"twitter:data1\" content=\"3 minutes\" \/>\n<script type=\"application\/ld+json\" class=\"yoast-schema-graph\">{\"@context\":\"https:\\\/\\\/schema.org\",\"@graph\":[{\"@type\":\"WebPage\",\"@id\":\"https:\\\/\\\/terrasse-mobile.net\\\/revetements\\\/bois-exotique\\\/revetement-terrasse-mobile-piscine-lames-cumaru\\\/\",\"url\":\"https:\\\/\\\/terrasse-mobile.net\\\/revetements\\\/bois-exotique\\\/revetement-terrasse-mobile-piscine-lames-cumaru\\\/\",\"name\":\"Rev\u00eatement de terrasse mobile pour piscine en lames de Cumaru\",\"isPartOf\":{\"@id\":\"https:\\\/\\\/terrasse-mobile.net\\\/#website\"},\"primaryImageOfPage\":{\"@id\":\"https:\\\/\\\/terrasse-mobile.net\\\/revetements\\\/bois-exotique\\\/revetement-terrasse-mobile-piscine-lames-cumaru\\\/#primaryimage\"},\"image\":{\"@id\":\"https:\\\/\\\/terrasse-mobile.net\\\/revetements\\\/bois-exotique\\\/revetement-terrasse-mobile-piscine-lames-cumaru\\\/#primaryimage\"},\"thumbnailUrl\":\"https:\\\/\\\/terrasse-mobile.net\\\/wp-content\\\/uploads\\\/2024\\\/02\\\/REAL-SABOURAULT-PISCINE-2.jpg\",\"datePublished\":\"2024-10-02T12:49:12+00:00\",\"dateModified\":\"2025-10-08T09:17:17+00:00\",\"description\":\"La terrasse mobile pour piscine SlideDeck peut \u00eatre habill\u00e9e avec de belles lames en bois exotique Cumaru.\",\"breadcrumb\":{\"@id\":\"https:\\\/\\\/terrasse-mobile.net\\\/revetements\\\/bois-exotique\\\/revetement-terrasse-mobile-piscine-lames-cumaru\\\/#breadcrumb\"},\"inLanguage\":\"en-GB\",\"potentialAction\":[{\"@type\":\"ReadAction\",\"target\":[\"https:\\\/\\\/terrasse-mobile.net\\\/revetements\\\/bois-exotique\\\/revetement-terrasse-mobile-piscine-lames-cumaru\\\/\"]}]},{\"@type\":\"ImageObject\",\"inLanguage\":\"en-GB\",\"@id\":\"https:\\\/\\\/terrasse-mobile.net\\\/revetements\\\/bois-exotique\\\/revetement-terrasse-mobile-piscine-lames-cumaru\\\/#primaryimage\",\"url\":\"https:\\\/\\\/terrasse-mobile.net\\\/wp-content\\\/uploads\\\/2024\\\/02\\\/REAL-SABOURAULT-PISCINE-2.jpg\",\"contentUrl\":\"https:\\\/\\\/terrasse-mobile.net\\\/wp-content\\\/uploads\\\/2024\\\/02\\\/REAL-SABOURAULT-PISCINE-2.jpg\",\"width\":2000,\"height\":1500,\"caption\":\"DCIM100MEDIADJI_0365.JPG\"},{\"@type\":\"BreadcrumbList\",\"@id\":\"https:\\\/\\\/terrasse-mobile.net\\\/revetements\\\/bois-exotique\\\/revetement-terrasse-mobile-piscine-lames-cumaru\\\/#breadcrumb\",\"itemListElement\":[{\"@type\":\"ListItem\",\"position\":1,\"name\":\"Accueil\",\"item\":\"https:\\\/\\\/terrasse-mobile.net\\\/\"},{\"@type\":\"ListItem\",\"position\":2,\"name\":\"LES REV\u00caTEMENTS POUR TERRASSE MOBILE SLIDEDECK\",\"item\":\"https:\\\/\\\/terrasse-mobile.net\\\/revetements\\\/\"},{\"@type\":\"ListItem\",\"position\":3,\"name\":\"LES BOIS EXOTIQUES POUR TERRASSE MOBILE\",\"item\":\"https:\\\/\\\/terrasse-mobile.net\\\/revetements\\\/bois-exotique\\\/\"},{\"@type\":\"ListItem\",\"position\":4,\"name\":\"LAMES DE TERRASSE EN CUMARU POUR TERRASSE MOBILE\"}]},{\"@type\":\"WebSite\",\"@id\":\"https:\\\/\\\/terrasse-mobile.net\\\/#website\",\"url\":\"https:\\\/\\\/terrasse-mobile.net\\\/\",\"name\":\"Slidedeck\",\"description\":\"Construction sur mesure de terrasses mobiles en \u00cele-de-France\",\"publisher\":{\"@id\":\"https:\\\/\\\/terrasse-mobile.net\\\/#organization\"},\"potentialAction\":[{\"@type\":\"SearchAction\",\"target\":{\"@type\":\"EntryPoint\",\"urlTemplate\":\"https:\\\/\\\/terrasse-mobile.net\\\/?s={search_term_string}\"},\"query-input\":{\"@type\":\"PropertyValueSpecification\",\"valueRequired\":true,\"valueName\":\"search_term_string\"}}],\"inLanguage\":\"en-GB\"},{\"@type\":\"Organization\",\"@id\":\"https:\\\/\\\/terrasse-mobile.net\\\/#organization\",\"name\":\"Slidedeck\",\"url\":\"https:\\\/\\\/terrasse-mobile.net\\\/\",\"logo\":{\"@type\":\"ImageObject\",\"inLanguage\":\"en-GB\",\"@id\":\"https:\\\/\\\/terrasse-mobile.net\\\/#\\\/schema\\\/logo\\\/image\\\/\",\"url\":\"https:\\\/\\\/terrasse-mobile.net\\\/wp-content\\\/uploads\\\/2024\\\/01\\\/logo-slidedeck.jpg\",\"contentUrl\":\"https:\\\/\\\/terrasse-mobile.net\\\/wp-content\\\/uploads\\\/2024\\\/01\\\/logo-slidedeck.jpg\",\"width\":2000,\"height\":1103,\"caption\":\"Slidedeck\"},\"image\":{\"@id\":\"https:\\\/\\\/terrasse-mobile.net\\\/#\\\/schema\\\/logo\\\/image\\\/\"}}]}<\/script>\n<!-- \/ Yoast SEO plugin. -->","yoast_head_json":{"title":"Mobile decking for swimming pools in Cumaru slats","description":"The SlideDeck mobile pool deck can be finished with beautiful Cumaru exotic wood slats.","robots":{"index":"index","follow":"follow","max-snippet":"max-snippet:-1","max-image-preview":"max-image-preview:large","max-video-preview":"max-video-preview:-1"},"canonical":"https:\/\/terrasse-mobile.net\/en\/coverings\/exotic-wood\/mobile-pool-decking-cumaru-slats\/","og_locale":"en_GB","og_type":"article","og_title":"Rev\u00eatement de terrasse mobile pour piscine en lames de Cumaru","og_description":"La terrasse mobile pour piscine SlideDeck peut \u00eatre habill\u00e9e avec de belles lames en bois exotique Cumaru.","og_url":"https:\/\/terrasse-mobile.net\/en\/coverings\/exotic-wood\/mobile-pool-decking-cumaru-slats\/","og_site_name":"Terrasse mobile","article_modified_time":"2025-10-08T09:17:17+00:00","og_image":[{"width":2000,"height":1500,"url":"https:\/\/terrasse-mobile.net\/wp-content\/uploads\/2024\/02\/REAL-SABOURAULT-PISCINE-2.jpg","type":"image\/jpeg"}],"twitter_card":"summary_large_image","twitter_misc":{"Estimated reading time":"3 minutes"},"schema":{"@context":"https:\/\/schema.org","@graph":[{"@type":"WebPage","@id":"https:\/\/terrasse-mobile.net\/revetements\/bois-exotique\/revetement-terrasse-mobile-piscine-lames-cumaru\/","url":"https:\/\/terrasse-mobile.net\/revetements\/bois-exotique\/revetement-terrasse-mobile-piscine-lames-cumaru\/","name":"Mobile decking for swimming pools in Cumaru slats","isPartOf":{"@id":"https:\/\/terrasse-mobile.net\/#website"},"primaryImageOfPage":{"@id":"https:\/\/terrasse-mobile.net\/revetements\/bois-exotique\/revetement-terrasse-mobile-piscine-lames-cumaru\/#primaryimage"},"image":{"@id":"https:\/\/terrasse-mobile.net\/revetements\/bois-exotique\/revetement-terrasse-mobile-piscine-lames-cumaru\/#primaryimage"},"thumbnailUrl":"https:\/\/terrasse-mobile.net\/wp-content\/uploads\/2024\/02\/REAL-SABOURAULT-PISCINE-2.jpg","datePublished":"2024-10-02T12:49:12+00:00","dateModified":"2025-10-08T09:17:17+00:00","description":"The SlideDeck mobile pool deck can be finished with beautiful Cumaru exotic wood slats.","breadcrumb":{"@id":"https:\/\/terrasse-mobile.net\/revetements\/bois-exotique\/revetement-terrasse-mobile-piscine-lames-cumaru\/#breadcrumb"},"inLanguage":"en-GB","potentialAction":[{"@type":"ReadAction","target":["https:\/\/terrasse-mobile.net\/revetements\/bois-exotique\/revetement-terrasse-mobile-piscine-lames-cumaru\/"]}]},{"@type":"ImageObject","inLanguage":"en-GB","@id":"https:\/\/terrasse-mobile.net\/revetements\/bois-exotique\/revetement-terrasse-mobile-piscine-lames-cumaru\/#primaryimage","url":"https:\/\/terrasse-mobile.net\/wp-content\/uploads\/2024\/02\/REAL-SABOURAULT-PISCINE-2.jpg","contentUrl":"https:\/\/terrasse-mobile.net\/wp-content\/uploads\/2024\/02\/REAL-SABOURAULT-PISCINE-2.jpg","width":2000,"height":1500,"caption":"DCIM100MEDIADJI_0365.JPG"},{"@type":"BreadcrumbList","@id":"https:\/\/terrasse-mobile.net\/revetements\/bois-exotique\/revetement-terrasse-mobile-piscine-lames-cumaru\/#breadcrumb","itemListElement":[{"@type":"ListItem","position":1,"name":"Accueil","item":"https:\/\/terrasse-mobile.net\/"},{"@type":"ListItem","position":2,"name":"LES REV\u00caTEMENTS POUR TERRASSE MOBILE SLIDEDECK","item":"https:\/\/terrasse-mobile.net\/revetements\/"},{"@type":"ListItem","position":3,"name":"LES BOIS EXOTIQUES POUR TERRASSE MOBILE","item":"https:\/\/terrasse-mobile.net\/revetements\/bois-exotique\/"},{"@type":"ListItem","position":4,"name":"LAMES DE TERRASSE EN CUMARU POUR TERRASSE MOBILE"}]},{"@type":"WebSite","@id":"https:\/\/terrasse-mobile.net\/#website","url":"https:\/\/terrasse-mobile.net\/","name":"Slidedeck","description":"Custom-built movable terraces in the Paris region","publisher":{"@id":"https:\/\/terrasse-mobile.net\/#organization"},"potentialAction":[{"@type":"SearchAction","target":{"@type":"EntryPoint","urlTemplate":"https:\/\/terrasse-mobile.net\/?s={search_term_string}"},"query-input":{"@type":"PropertyValueSpecification","valueRequired":true,"valueName":"search_term_string"}}],"inLanguage":"en-GB"},{"@type":"Organization","@id":"https:\/\/terrasse-mobile.net\/#organization","name":"Slidedeck","url":"https:\/\/terrasse-mobile.net\/","logo":{"@type":"ImageObject","inLanguage":"en-GB","@id":"https:\/\/terrasse-mobile.net\/#\/schema\/logo\/image\/","url":"https:\/\/terrasse-mobile.net\/wp-content\/uploads\/2024\/01\/logo-slidedeck.jpg","contentUrl":"https:\/\/terrasse-mobile.net\/wp-content\/uploads\/2024\/01\/logo-slidedeck.jpg","width":2000,"height":1103,"caption":"Slidedeck"},"image":{"@id":"https:\/\/terrasse-mobile.net\/#\/schema\/logo\/image\/"}}]}},"_links":{"self":[{"href":"https:\/\/terrasse-mobile.net\/en\/wp-json\/wp\/v2\/pages\/5654","targetHints":{"allow":["GET"]}}],"collection":[{"href":"https:\/\/terrasse-mobile.net\/en\/wp-json\/wp\/v2\/pages"}],"about":[{"href":"https:\/\/terrasse-mobile.net\/en\/wp-json\/wp\/v2\/types\/page"}],"author":[{"embeddable":true,"href":"https:\/\/terrasse-mobile.net\/en\/wp-json\/wp\/v2\/users\/1"}],"replies":[{"embeddable":true,"href":"https:\/\/terrasse-mobile.net\/en\/wp-json\/wp\/v2\/comments?post=5654"}],"version-history":[{"count":5,"href":"https:\/\/terrasse-mobile.net\/en\/wp-json\/wp\/v2\/pages\/5654\/revisions"}],"predecessor-version":[{"id":6154,"href":"https:\/\/terrasse-mobile.net\/en\/wp-json\/wp\/v2\/pages\/5654\/revisions\/6154"}],"up":[{"embeddable":true,"href":"https:\/\/terrasse-mobile.net\/en\/wp-json\/wp\/v2\/pages\/5501"}],"wp:featuredmedia":[{"embeddable":true,"href":"https:\/\/terrasse-mobile.net\/en\/wp-json\/wp\/v2\/media\/3640"}],"wp:attachment":[{"href":"https:\/\/terrasse-mobile.net\/en\/wp-json\/wp\/v2\/media?parent=5654"}],"wp:term":[{"taxonomy":"folder","embeddable":true,"href":"https:\/\/terrasse-mobile.net\/en\/wp-json\/wp\/v2\/folder?post=5654"}],"curies":[{"name":"wp","href":"https:\/\/api.w.org\/{rel}","templated":true}]}}