{"id":5672,"date":"2024-10-02T14:47:31","date_gmt":"2024-10-02T12:47:51","guid":{"rendered":"https:\/\/terrasse-mobile.net\/?page_id=5672"},"modified":"2025-11-25T16:35:46","modified_gmt":"2025-11-25T15:35:46","slug":"feuille-de-pierre-terrasse-coulissante-de-piscine","status":"publish","type":"page","link":"https:\/\/terrasse-mobile.net\/en\/revetements\/bois-composite\/revetements-naturels\/feuille-de-pierre-terrasse-coulissante-de-piscine\/","title":{"rendered":"LA TERRASSE MOBILE AVEC DE LA FEUILLE DE PIERRE"},"content":{"rendered":"<p><\/p>\n\n\n\n<div class=\"wp-block-group\"><div class=\"wp-block-group__inner-container is-layout-constrained wp-block-group-is-layout-constrained\">\n<div class=\"wp-block-columns is-layout-flex wp-container-core-columns-is-layout-9d6595d7 wp-block-columns-is-layout-flex\">\n<div class=\"wp-block-column is-layout-flow wp-block-column-is-layout-flow\">\n<h2 class=\"wp-block-heading\">What is a sheet of stone?<\/h2>\n\n\n\n<p>Sheet stone is an innovative material used in the construction and decoration industries. It is made from thin layers of natural minerals, such as mica, quartz or schist, which are extracted from stone quarries. These thin layers are then reinforced with resins and fibres to create a lightweight, flexible and durable sheet.<\/p>\n\n\n\n<p>The main feature of sheet stone is its versatility. Because of its thinness and flexibility, it can be used to cover a variety of surfaces, whether flat or curved. It offers the authentic aesthetic appearance of natural stone, while being lighter and easier to handle. What's more, sheet stone can be cut and tailored to specific requirements, making it suitable for a wide range of architectural and interior design projects.<\/p>\n<\/div>\n\n\n\n<div class=\"wp-block-column is-layout-flow wp-block-column-is-layout-flow\">\n<figure class=\"wp-block-image size-full\"><img decoding=\"async\" width=\"548\" height=\"445\" src=\"https:\/\/terrasse-mobile.net\/wp-content\/uploads\/2024\/01\/piscine05-pose-16-9-detouree-1.jpeg\" alt=\"sheet of stone movable terrace\" class=\"wp-image-1981\" style=\"aspect-ratio:3\/2;object-fit:cover\" srcset=\"https:\/\/terrasse-mobile.net\/wp-content\/uploads\/2024\/01\/piscine05-pose-16-9-detouree-1.jpeg 548w, https:\/\/terrasse-mobile.net\/wp-content\/uploads\/2024\/01\/piscine05-pose-16-9-detouree-1-300x244.jpeg 300w\" sizes=\"(max-width: 548px) 100vw, 548px\" \/><\/figure>\n<\/div>\n<\/div>\n\n\n\n<div class=\"wp-block-group\"><div class=\"wp-block-group__inner-container is-layout-constrained wp-block-group-is-layout-constrained\">\n<div class=\"wp-block-columns is-layout-flex wp-container-core-columns-is-layout-9d6595d7 wp-block-columns-is-layout-flex\">\n<div class=\"wp-block-column is-layout-flow wp-block-column-is-layout-flow\">\n<figure class=\"wp-block-image size-full\"><img decoding=\"async\" width=\"1200\" height=\"700\" src=\"https:\/\/terrasse-mobile.net\/wp-content\/uploads\/2024\/10\/feuille-de-pierre.jpg\" alt=\"Diff\u00e9rentes couleur de feuille de pierre\" class=\"wp-image-6037\" style=\"aspect-ratio:3\/2;object-fit:cover\" srcset=\"https:\/\/terrasse-mobile.net\/wp-content\/uploads\/2024\/10\/feuille-de-pierre.jpg 1200w, https:\/\/terrasse-mobile.net\/wp-content\/uploads\/2024\/10\/feuille-de-pierre-300x175.jpg 300w, https:\/\/terrasse-mobile.net\/wp-content\/uploads\/2024\/10\/feuille-de-pierre-1024x597.jpg 1024w, https:\/\/terrasse-mobile.net\/wp-content\/uploads\/2024\/10\/feuille-de-pierre-768x448.jpg 768w\" sizes=\"(max-width: 1200px) 100vw, 1200px\" \/><\/figure>\n<\/div>\n\n\n\n<div class=\"wp-block-column is-layout-flow wp-block-column-is-layout-flow\">\n<h2 class=\"wp-block-heading\">La feuille de pierre sur une terrasse mobile<\/h2>\n\n\n\n<p>Sheet stone is an ideal choice as a covering for a mobile terrace. Firstly, its light weight makes the installation and handling process much easier when it comes to moving the terrace. The lightweight material reduces the structural load, which can be particularly crucial for mobile decking systems where mobility and flexibility are essential.<\/p>\n\n\n\n<p>The flexibility of the stone sheet is a key feature that adapts perfectly to the often complex contours of moving terraces. It can be easily adjusted to suit curved or irregular surfaces, ensuring aesthetic continuity even when the terrace is in motion.<\/p>\n<\/div>\n<\/div>\n\n\n\n<p>Aesthetically, sheet stone maintains the visual authenticity of natural stone, adding a touch of elegance to the mobile terrace. The variety of finishes and colours available offers design flexibility, allowing the terrace to blend in with the surrounding environment.<\/p>\n<\/div><\/div>\n<\/div><\/div>\n\n\n\n<p>In terms of strength, the stone sheet, although thin, can be reinforced to ensure adequate durability and resistance to weathering, impact and daily wear and tear, which is crucial for exterior cladding subject to variable weather conditions.<\/p>\n\n\n\n<p>The ease of installation, combined with the flexibility and lightness of the material, helps to make the process more efficient, reducing installation time and costs - an essential aspect for mobile decking where speed of installation can be crucial.<br><\/p>\n\n\n\n<div class=\"wp-block-buttons is-content-justification-center is-layout-flex wp-container-core-buttons-is-layout-16018d1d wp-block-buttons-is-layout-flex\">\n<div class=\"wp-block-button is-style-outline is-style-outline--1\"><a class=\"wp-block-button__link has-small-font-size has-custom-font-size wp-element-button\" href=\"https:\/\/terrasse-mobile.net\/en\/custom-made-mobile-terrace\/coverings\/\">D\u00e9couvrez les autres rev\u00eatements SlideDeck<\/a><\/div>\n<\/div>","protected":false},"excerpt":{"rendered":"<p>Qu\u2019est-ce que la feuille de pierre ? La feuille de pierre est un mat\u00e9riau innovant utilis\u00e9 dans l&rsquo;industrie de la construction et de la d\u00e9coration. Elle est fabriqu\u00e9e \u00e0 partir de fines couches de min\u00e9raux naturels, tels que le mica, le quartz, ou le schiste, qui sont extraits de carri\u00e8res de pierre. Ces minces couches&#8230;<\/p>","protected":false},"author":1,"featured_media":3640,"parent":5504,"menu_order":55,"comment_status":"closed","ping_status":"closed","template":"","meta":{"_kad_post_transparent":"","_kad_post_title":"","_kad_post_layout":"","_kad_post_sidebar_id":"","_kad_post_content_style":"","_kad_post_vertical_padding":"","_kad_post_feature":"","_kad_post_feature_position":"","_kad_post_header":false,"_kad_post_footer":false,"_kad_post_classname":"","footnotes":""},"folder":[],"class_list":["post-5672","page","type-page","status-publish","has-post-thumbnail","hentry"],"yoast_head":"<!-- This site is optimized with the Yoast SEO plugin v27.4 - https:\/\/yoast.com\/product\/yoast-seo-wordpress\/ -->\n<title>La feuille de pierre pour terrasse coulissante de piscine<\/title>\n<meta name=\"description\" content=\"La terrasse mobile pour piscine SlideDeck peut \u00eatre habill\u00e9e avec un rev\u00eatement naturel en feuille de pierre.\" \/>\n<meta name=\"robots\" content=\"index, follow, max-snippet:-1, max-image-preview:large, max-video-preview:-1\" \/>\n<link rel=\"canonical\" href=\"https:\/\/terrasse-mobile.net\/en\/coverings\/wood-composite\/natural-coatings\/feuille-de-pierre-terrasse-coulissante-de-piscine\/\" \/>\n<meta property=\"og:locale\" content=\"en_GB\" \/>\n<meta property=\"og:type\" content=\"article\" \/>\n<meta property=\"og:title\" content=\"La feuille de pierre pour terrasse coulissante de piscine\" \/>\n<meta property=\"og:description\" content=\"La terrasse mobile pour piscine SlideDeck peut \u00eatre habill\u00e9e avec un rev\u00eatement naturel en feuille de pierre.\" \/>\n<meta property=\"og:url\" content=\"https:\/\/terrasse-mobile.net\/en\/coverings\/wood-composite\/natural-coatings\/feuille-de-pierre-terrasse-coulissante-de-piscine\/\" \/>\n<meta property=\"og:site_name\" content=\"Terrasse mobile\" \/>\n<meta property=\"article:modified_time\" content=\"2025-11-25T15:35:46+00:00\" \/>\n<meta property=\"og:image\" content=\"https:\/\/terrasse-mobile.net\/wp-content\/uploads\/2024\/02\/REAL-SABOURAULT-PISCINE-2.jpg\" \/>\n\t<meta property=\"og:image:width\" content=\"2000\" \/>\n\t<meta property=\"og:image:height\" content=\"1500\" \/>\n\t<meta property=\"og:image:type\" content=\"image\/jpeg\" \/>\n<meta name=\"twitter:card\" content=\"summary_large_image\" \/>\n<meta name=\"twitter:label1\" content=\"Estimated reading time\" \/>\n\t<meta name=\"twitter:data1\" content=\"3 minutes\" \/>\n<script type=\"application\/ld+json\" class=\"yoast-schema-graph\">{\"@context\":\"https:\\\/\\\/schema.org\",\"@graph\":[{\"@type\":\"WebPage\",\"@id\":\"https:\\\/\\\/terrasse-mobile.net\\\/revetements\\\/bois-composite\\\/revetements-naturels\\\/feuille-de-pierre-terrasse-coulissante-de-piscine\\\/\",\"url\":\"https:\\\/\\\/terrasse-mobile.net\\\/revetements\\\/bois-composite\\\/revetements-naturels\\\/feuille-de-pierre-terrasse-coulissante-de-piscine\\\/\",\"name\":\"La feuille de pierre pour terrasse coulissante de piscine\",\"isPartOf\":{\"@id\":\"https:\\\/\\\/terrasse-mobile.net\\\/#website\"},\"primaryImageOfPage\":{\"@id\":\"https:\\\/\\\/terrasse-mobile.net\\\/revetements\\\/bois-composite\\\/revetements-naturels\\\/feuille-de-pierre-terrasse-coulissante-de-piscine\\\/#primaryimage\"},\"image\":{\"@id\":\"https:\\\/\\\/terrasse-mobile.net\\\/revetements\\\/bois-composite\\\/revetements-naturels\\\/feuille-de-pierre-terrasse-coulissante-de-piscine\\\/#primaryimage\"},\"thumbnailUrl\":\"https:\\\/\\\/terrasse-mobile.net\\\/wp-content\\\/uploads\\\/2024\\\/02\\\/REAL-SABOURAULT-PISCINE-2.jpg\",\"datePublished\":\"2024-10-02T12:47:51+00:00\",\"dateModified\":\"2025-11-25T15:35:46+00:00\",\"description\":\"La terrasse mobile pour piscine SlideDeck peut \u00eatre habill\u00e9e avec un rev\u00eatement naturel en feuille de pierre.\",\"breadcrumb\":{\"@id\":\"https:\\\/\\\/terrasse-mobile.net\\\/revetements\\\/bois-composite\\\/revetements-naturels\\\/feuille-de-pierre-terrasse-coulissante-de-piscine\\\/#breadcrumb\"},\"inLanguage\":\"en-GB\",\"potentialAction\":[{\"@type\":\"ReadAction\",\"target\":[\"https:\\\/\\\/terrasse-mobile.net\\\/revetements\\\/bois-composite\\\/revetements-naturels\\\/feuille-de-pierre-terrasse-coulissante-de-piscine\\\/\"]}]},{\"@type\":\"ImageObject\",\"inLanguage\":\"en-GB\",\"@id\":\"https:\\\/\\\/terrasse-mobile.net\\\/revetements\\\/bois-composite\\\/revetements-naturels\\\/feuille-de-pierre-terrasse-coulissante-de-piscine\\\/#primaryimage\",\"url\":\"https:\\\/\\\/terrasse-mobile.net\\\/wp-content\\\/uploads\\\/2024\\\/02\\\/REAL-SABOURAULT-PISCINE-2.jpg\",\"contentUrl\":\"https:\\\/\\\/terrasse-mobile.net\\\/wp-content\\\/uploads\\\/2024\\\/02\\\/REAL-SABOURAULT-PISCINE-2.jpg\",\"width\":2000,\"height\":1500,\"caption\":\"DCIM100MEDIADJI_0365.JPG\"},{\"@type\":\"BreadcrumbList\",\"@id\":\"https:\\\/\\\/terrasse-mobile.net\\\/revetements\\\/bois-composite\\\/revetements-naturels\\\/feuille-de-pierre-terrasse-coulissante-de-piscine\\\/#breadcrumb\",\"itemListElement\":[{\"@type\":\"ListItem\",\"position\":1,\"name\":\"Accueil\",\"item\":\"https:\\\/\\\/terrasse-mobile.net\\\/\"},{\"@type\":\"ListItem\",\"position\":2,\"name\":\"LES REV\u00caTEMENTS POUR TERRASSE MOBILE SLIDEDECK\",\"item\":\"https:\\\/\\\/terrasse-mobile.net\\\/revetements\\\/\"},{\"@type\":\"ListItem\",\"position\":3,\"name\":\"LES BOIS COMPOSITES POUR TERRASSE MOBILE\",\"item\":\"https:\\\/\\\/terrasse-mobile.net\\\/revetements\\\/bois-composite\\\/\"},{\"@type\":\"ListItem\",\"position\":4,\"name\":\"LES REV\u00caTEMENTS HABILL\u00c9S POUR TERRASSE MOBILE\",\"item\":\"https:\\\/\\\/terrasse-mobile.net\\\/revetements\\\/bois-composite\\\/revetements-naturels\\\/\"},{\"@type\":\"ListItem\",\"position\":5,\"name\":\"LA TERRASSE MOBILE AVEC DE LA FEUILLE DE PIERRE\"}]},{\"@type\":\"WebSite\",\"@id\":\"https:\\\/\\\/terrasse-mobile.net\\\/#website\",\"url\":\"https:\\\/\\\/terrasse-mobile.net\\\/\",\"name\":\"Slidedeck\",\"description\":\"Construction sur mesure de terrasses mobiles en \u00cele-de-France\",\"publisher\":{\"@id\":\"https:\\\/\\\/terrasse-mobile.net\\\/#organization\"},\"potentialAction\":[{\"@type\":\"SearchAction\",\"target\":{\"@type\":\"EntryPoint\",\"urlTemplate\":\"https:\\\/\\\/terrasse-mobile.net\\\/?s={search_term_string}\"},\"query-input\":{\"@type\":\"PropertyValueSpecification\",\"valueRequired\":true,\"valueName\":\"search_term_string\"}}],\"inLanguage\":\"en-GB\"},{\"@type\":\"Organization\",\"@id\":\"https:\\\/\\\/terrasse-mobile.net\\\/#organization\",\"name\":\"Slidedeck\",\"url\":\"https:\\\/\\\/terrasse-mobile.net\\\/\",\"logo\":{\"@type\":\"ImageObject\",\"inLanguage\":\"en-GB\",\"@id\":\"https:\\\/\\\/terrasse-mobile.net\\\/#\\\/schema\\\/logo\\\/image\\\/\",\"url\":\"https:\\\/\\\/terrasse-mobile.net\\\/wp-content\\\/uploads\\\/2024\\\/01\\\/logo-slidedeck.jpg\",\"contentUrl\":\"https:\\\/\\\/terrasse-mobile.net\\\/wp-content\\\/uploads\\\/2024\\\/01\\\/logo-slidedeck.jpg\",\"width\":2000,\"height\":1103,\"caption\":\"Slidedeck\"},\"image\":{\"@id\":\"https:\\\/\\\/terrasse-mobile.net\\\/#\\\/schema\\\/logo\\\/image\\\/\"}}]}<\/script>\n<!-- \/ Yoast SEO plugin. -->","yoast_head_json":{"title":"Stone sheets for sliding pool decks","description":"La terrasse mobile pour piscine SlideDeck peut \u00eatre habill\u00e9e avec un rev\u00eatement naturel en feuille de pierre.","robots":{"index":"index","follow":"follow","max-snippet":"max-snippet:-1","max-image-preview":"max-image-preview:large","max-video-preview":"max-video-preview:-1"},"canonical":"https:\/\/terrasse-mobile.net\/en\/coverings\/wood-composite\/natural-coatings\/feuille-de-pierre-terrasse-coulissante-de-piscine\/","og_locale":"en_GB","og_type":"article","og_title":"La feuille de pierre pour terrasse coulissante de piscine","og_description":"La terrasse mobile pour piscine SlideDeck peut \u00eatre habill\u00e9e avec un rev\u00eatement naturel en feuille de pierre.","og_url":"https:\/\/terrasse-mobile.net\/en\/coverings\/wood-composite\/natural-coatings\/feuille-de-pierre-terrasse-coulissante-de-piscine\/","og_site_name":"Terrasse mobile","article_modified_time":"2025-11-25T15:35:46+00:00","og_image":[{"width":2000,"height":1500,"url":"https:\/\/terrasse-mobile.net\/wp-content\/uploads\/2024\/02\/REAL-SABOURAULT-PISCINE-2.jpg","type":"image\/jpeg"}],"twitter_card":"summary_large_image","twitter_misc":{"Estimated reading time":"3 minutes"},"schema":{"@context":"https:\/\/schema.org","@graph":[{"@type":"WebPage","@id":"https:\/\/terrasse-mobile.net\/revetements\/bois-composite\/revetements-naturels\/feuille-de-pierre-terrasse-coulissante-de-piscine\/","url":"https:\/\/terrasse-mobile.net\/revetements\/bois-composite\/revetements-naturels\/feuille-de-pierre-terrasse-coulissante-de-piscine\/","name":"Stone sheets for sliding pool decks","isPartOf":{"@id":"https:\/\/terrasse-mobile.net\/#website"},"primaryImageOfPage":{"@id":"https:\/\/terrasse-mobile.net\/revetements\/bois-composite\/revetements-naturels\/feuille-de-pierre-terrasse-coulissante-de-piscine\/#primaryimage"},"image":{"@id":"https:\/\/terrasse-mobile.net\/revetements\/bois-composite\/revetements-naturels\/feuille-de-pierre-terrasse-coulissante-de-piscine\/#primaryimage"},"thumbnailUrl":"https:\/\/terrasse-mobile.net\/wp-content\/uploads\/2024\/02\/REAL-SABOURAULT-PISCINE-2.jpg","datePublished":"2024-10-02T12:47:51+00:00","dateModified":"2025-11-25T15:35:46+00:00","description":"La terrasse mobile pour piscine SlideDeck peut \u00eatre habill\u00e9e avec un rev\u00eatement naturel en feuille de pierre.","breadcrumb":{"@id":"https:\/\/terrasse-mobile.net\/revetements\/bois-composite\/revetements-naturels\/feuille-de-pierre-terrasse-coulissante-de-piscine\/#breadcrumb"},"inLanguage":"en-GB","potentialAction":[{"@type":"ReadAction","target":["https:\/\/terrasse-mobile.net\/revetements\/bois-composite\/revetements-naturels\/feuille-de-pierre-terrasse-coulissante-de-piscine\/"]}]},{"@type":"ImageObject","inLanguage":"en-GB","@id":"https:\/\/terrasse-mobile.net\/revetements\/bois-composite\/revetements-naturels\/feuille-de-pierre-terrasse-coulissante-de-piscine\/#primaryimage","url":"https:\/\/terrasse-mobile.net\/wp-content\/uploads\/2024\/02\/REAL-SABOURAULT-PISCINE-2.jpg","contentUrl":"https:\/\/terrasse-mobile.net\/wp-content\/uploads\/2024\/02\/REAL-SABOURAULT-PISCINE-2.jpg","width":2000,"height":1500,"caption":"DCIM100MEDIADJI_0365.JPG"},{"@type":"BreadcrumbList","@id":"https:\/\/terrasse-mobile.net\/revetements\/bois-composite\/revetements-naturels\/feuille-de-pierre-terrasse-coulissante-de-piscine\/#breadcrumb","itemListElement":[{"@type":"ListItem","position":1,"name":"Accueil","item":"https:\/\/terrasse-mobile.net\/"},{"@type":"ListItem","position":2,"name":"LES REV\u00caTEMENTS POUR TERRASSE MOBILE SLIDEDECK","item":"https:\/\/terrasse-mobile.net\/revetements\/"},{"@type":"ListItem","position":3,"name":"LES BOIS COMPOSITES POUR TERRASSE MOBILE","item":"https:\/\/terrasse-mobile.net\/revetements\/bois-composite\/"},{"@type":"ListItem","position":4,"name":"LES REV\u00caTEMENTS HABILL\u00c9S POUR TERRASSE MOBILE","item":"https:\/\/terrasse-mobile.net\/revetements\/bois-composite\/revetements-naturels\/"},{"@type":"ListItem","position":5,"name":"LA TERRASSE MOBILE AVEC DE LA FEUILLE DE PIERRE"}]},{"@type":"WebSite","@id":"https:\/\/terrasse-mobile.net\/#website","url":"https:\/\/terrasse-mobile.net\/","name":"Slidedeck","description":"Custom-built movable terraces in the Paris region","publisher":{"@id":"https:\/\/terrasse-mobile.net\/#organization"},"potentialAction":[{"@type":"SearchAction","target":{"@type":"EntryPoint","urlTemplate":"https:\/\/terrasse-mobile.net\/?s={search_term_string}"},"query-input":{"@type":"PropertyValueSpecification","valueRequired":true,"valueName":"search_term_string"}}],"inLanguage":"en-GB"},{"@type":"Organization","@id":"https:\/\/terrasse-mobile.net\/#organization","name":"Slidedeck","url":"https:\/\/terrasse-mobile.net\/","logo":{"@type":"ImageObject","inLanguage":"en-GB","@id":"https:\/\/terrasse-mobile.net\/#\/schema\/logo\/image\/","url":"https:\/\/terrasse-mobile.net\/wp-content\/uploads\/2024\/01\/logo-slidedeck.jpg","contentUrl":"https:\/\/terrasse-mobile.net\/wp-content\/uploads\/2024\/01\/logo-slidedeck.jpg","width":2000,"height":1103,"caption":"Slidedeck"},"image":{"@id":"https:\/\/terrasse-mobile.net\/#\/schema\/logo\/image\/"}}]}},"_links":{"self":[{"href":"https:\/\/terrasse-mobile.net\/en\/wp-json\/wp\/v2\/pages\/5672","targetHints":{"allow":["GET"]}}],"collection":[{"href":"https:\/\/terrasse-mobile.net\/en\/wp-json\/wp\/v2\/pages"}],"about":[{"href":"https:\/\/terrasse-mobile.net\/en\/wp-json\/wp\/v2\/types\/page"}],"author":[{"embeddable":true,"href":"https:\/\/terrasse-mobile.net\/en\/wp-json\/wp\/v2\/users\/1"}],"replies":[{"embeddable":true,"href":"https:\/\/terrasse-mobile.net\/en\/wp-json\/wp\/v2\/comments?post=5672"}],"version-history":[{"count":10,"href":"https:\/\/terrasse-mobile.net\/en\/wp-json\/wp\/v2\/pages\/5672\/revisions"}],"predecessor-version":[{"id":7321,"href":"https:\/\/terrasse-mobile.net\/en\/wp-json\/wp\/v2\/pages\/5672\/revisions\/7321"}],"up":[{"embeddable":true,"href":"https:\/\/terrasse-mobile.net\/en\/wp-json\/wp\/v2\/pages\/5504"}],"wp:featuredmedia":[{"embeddable":true,"href":"https:\/\/terrasse-mobile.net\/en\/wp-json\/wp\/v2\/media\/3640"}],"wp:attachment":[{"href":"https:\/\/terrasse-mobile.net\/en\/wp-json\/wp\/v2\/media?parent=5672"}],"wp:term":[{"taxonomy":"folder","embeddable":true,"href":"https:\/\/terrasse-mobile.net\/en\/wp-json\/wp\/v2\/folder?post=5672"}],"curies":[{"name":"wp","href":"https:\/\/api.w.org\/{rel}","templated":true}]}}