{"id":6297,"date":"2024-11-15T15:07:06","date_gmt":"2024-11-15T14:07:06","guid":{"rendered":"https:\/\/terrasse-mobile.net\/?page_id=6297"},"modified":"2025-11-25T16:08:54","modified_gmt":"2025-11-25T15:08:54","slug":"air-insulation-for-your-mobile-terrace","status":"publish","type":"page","link":"https:\/\/terrasse-mobile.net\/en\/terrasse-mobile-sur-mesure\/options\/isolation-a-lair-de-votre-terrasse-mobile\/","title":{"rendered":"AIR INSULATION FOR YOUR MOBILE TERRACE"},"content":{"rendered":"<p class=\"has-text-align-center\"><a href=\"https:\/\/terrasse-mobile.net\/en\/personnaliser-terrasse-mobile\/\"><br>DISCOVER SLIDEDECK MOBILE DECKING<\/a><\/p>\n\n\n\n<p class=\"has-text-align-center\">To protect your pool from leaves, dust and other dirt, and to keep the water as warm as possible, we offer two air-insulation systems: perimeter brushes and strips under the deck boards.<a href=\"https:\/\/terrasse-mobile.net\/en\/personnaliser-terrasse-mobile\/\"><br><\/a><\/p>\n\n\n\n<div class=\"wp-block-group\"><div class=\"wp-block-group__inner-container is-layout-constrained wp-block-group-is-layout-constrained\">\n<div class=\"wp-block-columns is-layout-flex wp-container-core-columns-is-layout-9d6595d7 wp-block-columns-is-layout-flex\">\n<div class=\"wp-block-column is-layout-flow wp-block-column-is-layout-flow\">\n<figure class=\"wp-block-image size-full\"><img decoding=\"async\" width=\"600\" height=\"397\" src=\"https:\/\/terrasse-mobile.net\/wp-content\/uploads\/2024\/11\/24-vue-des-balais-dans-angle.jpg\" alt=\"Mobile terrace brooms\" class=\"wp-image-6287\" style=\"aspect-ratio:3\/2;object-fit:cover\" srcset=\"https:\/\/terrasse-mobile.net\/wp-content\/uploads\/2024\/11\/24-vue-des-balais-dans-angle.jpg 600w, https:\/\/terrasse-mobile.net\/wp-content\/uploads\/2024\/11\/24-vue-des-balais-dans-angle-300x199.jpg 300w, https:\/\/terrasse-mobile.net\/wp-content\/uploads\/2024\/11\/24-vue-des-balais-dans-angle-50x33.jpg 50w\" sizes=\"(max-width: 600px) 100vw, 600px\" \/><\/figure>\n<\/div>\n\n\n\n<div class=\"wp-block-column is-layout-flow wp-block-column-is-layout-flow\">\n<h2 class=\"wp-block-heading\">Peripheral brushes<\/h2>\n\n\n\n<p>We offer these high-quality brushes, specially designed for pool-type environments. The brush bristles are 40 mm high and are riveted directly to the structure of the movable terrace.<br>The brushes skim the ground to prevent dirt from sliding under the mobile terrace.<\/p>\n<\/div>\n<\/div>\n\n\n\n<div class=\"wp-block-columns is-layout-flex wp-container-core-columns-is-layout-9d6595d7 wp-block-columns-is-layout-flex\">\n<div class=\"wp-block-column is-layout-flow wp-block-column-is-layout-flow\">\n<h2 class=\"wp-block-heading\">Tongue and groove under deck boards<\/h2>\n\n\n\n<p>To prevent dirt and dust from getting underneath the movable deck, we offer these small black, UV-resistant PVC strips at the junction of the two deck boards.<br>These tabs do not prevent water from draining off and ensure a perfect finish.<\/p>\n<\/div>\n\n\n\n<div class=\"wp-block-column is-layout-flow wp-block-column-is-layout-flow\">\n<figure class=\"wp-block-image size-full\"><img decoding=\"async\" width=\"600\" height=\"397\" src=\"https:\/\/terrasse-mobile.net\/wp-content\/uploads\/2024\/11\/51-fixation-lames-de-terrasse.jpg\" alt=\"Details of the PVC strip\" class=\"wp-image-6271\" style=\"aspect-ratio:3\/2;object-fit:cover\" srcset=\"https:\/\/terrasse-mobile.net\/wp-content\/uploads\/2024\/11\/51-fixation-lames-de-terrasse.jpg 600w, https:\/\/terrasse-mobile.net\/wp-content\/uploads\/2024\/11\/51-fixation-lames-de-terrasse-300x199.jpg 300w, https:\/\/terrasse-mobile.net\/wp-content\/uploads\/2024\/11\/51-fixation-lames-de-terrasse-50x33.jpg 50w\" sizes=\"(max-width: 600px) 100vw, 600px\" \/><\/figure>\n<\/div>\n<\/div>\n<\/div><\/div>","protected":false},"excerpt":{"rendered":"<p>D\u00c9COUVREZ LE REV\u00caTEMENTS DE TERRASSES MOBILES SLIDEDECK Pour pr\u00e9server votre bassin des feuilles, poussi\u00e8res et autres salet\u00e9s, et aussi pour conserver le mieux possible la chaleur de l&rsquo;eau, nous proposons deux syst\u00e8mes d&rsquo;isolation \u00e0 l&rsquo;air : les balais p\u00e9riph\u00e9riques et les languettes sous les lames de terrasse. Les balais p\u00e9riph\u00e9riques Nous proposons ces balais tr\u00e8s&#8230;<\/p>","protected":false},"author":1,"featured_media":3640,"parent":5509,"menu_order":37,"comment_status":"closed","ping_status":"closed","template":"","meta":{"_kad_post_transparent":"","_kad_post_title":"","_kad_post_layout":"","_kad_post_sidebar_id":"","_kad_post_content_style":"","_kad_post_vertical_padding":"","_kad_post_feature":"","_kad_post_feature_position":"","_kad_post_header":false,"_kad_post_footer":false,"_kad_post_classname":"","footnotes":""},"folder":[],"class_list":["post-6297","page","type-page","status-publish","has-post-thumbnail","hentry"],"yoast_head":"<!-- This site is optimized with the Yoast SEO plugin v27.4 - https:\/\/yoast.com\/product\/yoast-seo-wordpress\/ -->\n<title>L&#039;isolation \u00e0 l&#039;air de la terrasse mobile de piscine<\/title>\n<meta name=\"description\" content=\"La terrasse mobile pour piscine SlideDeck peut \u00eatre \u00e9quip\u00e9e de plusieurs options dont l&#039;isolation \u00e0 l&#039;air ext\u00e9rieur.\" \/>\n<meta name=\"robots\" content=\"index, follow, max-snippet:-1, max-image-preview:large, max-video-preview:-1\" \/>\n<link rel=\"canonical\" href=\"https:\/\/terrasse-mobile.net\/en\/custom-made-mobile-terrace\/options\/air-insulation-for-your-mobile-terrace\/\" \/>\n<meta property=\"og:locale\" content=\"en_GB\" \/>\n<meta property=\"og:type\" content=\"article\" \/>\n<meta property=\"og:title\" content=\"L&#039;isolation \u00e0 l&#039;air de la terrasse mobile de piscine\" \/>\n<meta property=\"og:description\" content=\"La terrasse mobile pour piscine SlideDeck peut \u00eatre \u00e9quip\u00e9e de plusieurs options dont l&#039;isolation \u00e0 l&#039;air ext\u00e9rieur.\" \/>\n<meta property=\"og:url\" content=\"https:\/\/terrasse-mobile.net\/en\/custom-made-mobile-terrace\/options\/air-insulation-for-your-mobile-terrace\/\" \/>\n<meta property=\"og:site_name\" content=\"Terrasse mobile\" \/>\n<meta property=\"article:modified_time\" content=\"2025-11-25T15:08:54+00:00\" \/>\n<meta property=\"og:image\" content=\"https:\/\/terrasse-mobile.net\/wp-content\/uploads\/2024\/02\/REAL-SABOURAULT-PISCINE-2.jpg\" \/>\n\t<meta property=\"og:image:width\" content=\"2000\" \/>\n\t<meta property=\"og:image:height\" content=\"1500\" \/>\n\t<meta property=\"og:image:type\" content=\"image\/jpeg\" \/>\n<meta name=\"twitter:card\" content=\"summary_large_image\" \/>\n<meta name=\"twitter:label1\" content=\"Estimated reading time\" \/>\n\t<meta name=\"twitter:data1\" content=\"2 minutes\" \/>\n<script type=\"application\/ld+json\" class=\"yoast-schema-graph\">{\"@context\":\"https:\\\/\\\/schema.org\",\"@graph\":[{\"@type\":\"WebPage\",\"@id\":\"https:\\\/\\\/terrasse-mobile.net\\\/terrasse-mobile-sur-mesure\\\/options\\\/isolation-a-lair-de-votre-terrasse-mobile\\\/\",\"url\":\"https:\\\/\\\/terrasse-mobile.net\\\/terrasse-mobile-sur-mesure\\\/options\\\/isolation-a-lair-de-votre-terrasse-mobile\\\/\",\"name\":\"L'isolation \u00e0 l'air de la terrasse mobile de piscine\",\"isPartOf\":{\"@id\":\"https:\\\/\\\/terrasse-mobile.net\\\/#website\"},\"primaryImageOfPage\":{\"@id\":\"https:\\\/\\\/terrasse-mobile.net\\\/terrasse-mobile-sur-mesure\\\/options\\\/isolation-a-lair-de-votre-terrasse-mobile\\\/#primaryimage\"},\"image\":{\"@id\":\"https:\\\/\\\/terrasse-mobile.net\\\/terrasse-mobile-sur-mesure\\\/options\\\/isolation-a-lair-de-votre-terrasse-mobile\\\/#primaryimage\"},\"thumbnailUrl\":\"https:\\\/\\\/terrasse-mobile.net\\\/wp-content\\\/uploads\\\/2024\\\/02\\\/REAL-SABOURAULT-PISCINE-2.jpg\",\"datePublished\":\"2024-11-15T14:07:06+00:00\",\"dateModified\":\"2025-11-25T15:08:54+00:00\",\"description\":\"La terrasse mobile pour piscine SlideDeck peut \u00eatre \u00e9quip\u00e9e de plusieurs options dont l'isolation \u00e0 l'air ext\u00e9rieur.\",\"breadcrumb\":{\"@id\":\"https:\\\/\\\/terrasse-mobile.net\\\/terrasse-mobile-sur-mesure\\\/options\\\/isolation-a-lair-de-votre-terrasse-mobile\\\/#breadcrumb\"},\"inLanguage\":\"en-GB\",\"potentialAction\":[{\"@type\":\"ReadAction\",\"target\":[\"https:\\\/\\\/terrasse-mobile.net\\\/terrasse-mobile-sur-mesure\\\/options\\\/isolation-a-lair-de-votre-terrasse-mobile\\\/\"]}]},{\"@type\":\"ImageObject\",\"inLanguage\":\"en-GB\",\"@id\":\"https:\\\/\\\/terrasse-mobile.net\\\/terrasse-mobile-sur-mesure\\\/options\\\/isolation-a-lair-de-votre-terrasse-mobile\\\/#primaryimage\",\"url\":\"https:\\\/\\\/terrasse-mobile.net\\\/wp-content\\\/uploads\\\/2024\\\/02\\\/REAL-SABOURAULT-PISCINE-2.jpg\",\"contentUrl\":\"https:\\\/\\\/terrasse-mobile.net\\\/wp-content\\\/uploads\\\/2024\\\/02\\\/REAL-SABOURAULT-PISCINE-2.jpg\",\"width\":2000,\"height\":1500,\"caption\":\"DCIM100MEDIADJI_0365.JPG\"},{\"@type\":\"BreadcrumbList\",\"@id\":\"https:\\\/\\\/terrasse-mobile.net\\\/terrasse-mobile-sur-mesure\\\/options\\\/isolation-a-lair-de-votre-terrasse-mobile\\\/#breadcrumb\",\"itemListElement\":[{\"@type\":\"ListItem\",\"position\":1,\"name\":\"Accueil\",\"item\":\"https:\\\/\\\/terrasse-mobile.net\\\/\"},{\"@type\":\"ListItem\",\"position\":2,\"name\":\"LA TERRASSE MOBILE SUR-MESURE POUR PISCINE\",\"item\":\"https:\\\/\\\/terrasse-mobile.net\\\/terrasse-mobile-sur-mesure\\\/\"},{\"@type\":\"ListItem\",\"position\":3,\"name\":\"LES OPTIONS POUR VOTRE TERRASSE MOBILE POUR PISCINE\",\"item\":\"https:\\\/\\\/terrasse-mobile.net\\\/terrasse-mobile-sur-mesure\\\/options\\\/\"},{\"@type\":\"ListItem\",\"position\":4,\"name\":\"ISOLATION \u00c0 L&rsquo;AIR DE VOTRE TERRASSE MOBILE\"}]},{\"@type\":\"WebSite\",\"@id\":\"https:\\\/\\\/terrasse-mobile.net\\\/#website\",\"url\":\"https:\\\/\\\/terrasse-mobile.net\\\/\",\"name\":\"Slidedeck\",\"description\":\"Construction sur mesure de terrasses mobiles en \u00cele-de-France\",\"publisher\":{\"@id\":\"https:\\\/\\\/terrasse-mobile.net\\\/#organization\"},\"potentialAction\":[{\"@type\":\"SearchAction\",\"target\":{\"@type\":\"EntryPoint\",\"urlTemplate\":\"https:\\\/\\\/terrasse-mobile.net\\\/?s={search_term_string}\"},\"query-input\":{\"@type\":\"PropertyValueSpecification\",\"valueRequired\":true,\"valueName\":\"search_term_string\"}}],\"inLanguage\":\"en-GB\"},{\"@type\":\"Organization\",\"@id\":\"https:\\\/\\\/terrasse-mobile.net\\\/#organization\",\"name\":\"Slidedeck\",\"url\":\"https:\\\/\\\/terrasse-mobile.net\\\/\",\"logo\":{\"@type\":\"ImageObject\",\"inLanguage\":\"en-GB\",\"@id\":\"https:\\\/\\\/terrasse-mobile.net\\\/#\\\/schema\\\/logo\\\/image\\\/\",\"url\":\"https:\\\/\\\/terrasse-mobile.net\\\/wp-content\\\/uploads\\\/2024\\\/01\\\/logo-slidedeck.jpg\",\"contentUrl\":\"https:\\\/\\\/terrasse-mobile.net\\\/wp-content\\\/uploads\\\/2024\\\/01\\\/logo-slidedeck.jpg\",\"width\":2000,\"height\":1103,\"caption\":\"Slidedeck\"},\"image\":{\"@id\":\"https:\\\/\\\/terrasse-mobile.net\\\/#\\\/schema\\\/logo\\\/image\\\/\"}}]}<\/script>\n<!-- \/ Yoast SEO plugin. -->","yoast_head_json":{"title":"Air insulation for mobile pool decks","description":"The SlideDeck mobile pool deck can be fitted with a number of options, including external air insulation.","robots":{"index":"index","follow":"follow","max-snippet":"max-snippet:-1","max-image-preview":"max-image-preview:large","max-video-preview":"max-video-preview:-1"},"canonical":"https:\/\/terrasse-mobile.net\/en\/custom-made-mobile-terrace\/options\/air-insulation-for-your-mobile-terrace\/","og_locale":"en_GB","og_type":"article","og_title":"L'isolation \u00e0 l'air de la terrasse mobile de piscine","og_description":"La terrasse mobile pour piscine SlideDeck peut \u00eatre \u00e9quip\u00e9e de plusieurs options dont l'isolation \u00e0 l'air ext\u00e9rieur.","og_url":"https:\/\/terrasse-mobile.net\/en\/custom-made-mobile-terrace\/options\/air-insulation-for-your-mobile-terrace\/","og_site_name":"Terrasse mobile","article_modified_time":"2025-11-25T15:08:54+00:00","og_image":[{"width":2000,"height":1500,"url":"https:\/\/terrasse-mobile.net\/wp-content\/uploads\/2024\/02\/REAL-SABOURAULT-PISCINE-2.jpg","type":"image\/jpeg"}],"twitter_card":"summary_large_image","twitter_misc":{"Estimated reading time":"2 minutes"},"schema":{"@context":"https:\/\/schema.org","@graph":[{"@type":"WebPage","@id":"https:\/\/terrasse-mobile.net\/terrasse-mobile-sur-mesure\/options\/isolation-a-lair-de-votre-terrasse-mobile\/","url":"https:\/\/terrasse-mobile.net\/terrasse-mobile-sur-mesure\/options\/isolation-a-lair-de-votre-terrasse-mobile\/","name":"Air insulation for mobile pool decks","isPartOf":{"@id":"https:\/\/terrasse-mobile.net\/#website"},"primaryImageOfPage":{"@id":"https:\/\/terrasse-mobile.net\/terrasse-mobile-sur-mesure\/options\/isolation-a-lair-de-votre-terrasse-mobile\/#primaryimage"},"image":{"@id":"https:\/\/terrasse-mobile.net\/terrasse-mobile-sur-mesure\/options\/isolation-a-lair-de-votre-terrasse-mobile\/#primaryimage"},"thumbnailUrl":"https:\/\/terrasse-mobile.net\/wp-content\/uploads\/2024\/02\/REAL-SABOURAULT-PISCINE-2.jpg","datePublished":"2024-11-15T14:07:06+00:00","dateModified":"2025-11-25T15:08:54+00:00","description":"The SlideDeck mobile pool deck can be fitted with a number of options, including external air insulation.","breadcrumb":{"@id":"https:\/\/terrasse-mobile.net\/terrasse-mobile-sur-mesure\/options\/isolation-a-lair-de-votre-terrasse-mobile\/#breadcrumb"},"inLanguage":"en-GB","potentialAction":[{"@type":"ReadAction","target":["https:\/\/terrasse-mobile.net\/terrasse-mobile-sur-mesure\/options\/isolation-a-lair-de-votre-terrasse-mobile\/"]}]},{"@type":"ImageObject","inLanguage":"en-GB","@id":"https:\/\/terrasse-mobile.net\/terrasse-mobile-sur-mesure\/options\/isolation-a-lair-de-votre-terrasse-mobile\/#primaryimage","url":"https:\/\/terrasse-mobile.net\/wp-content\/uploads\/2024\/02\/REAL-SABOURAULT-PISCINE-2.jpg","contentUrl":"https:\/\/terrasse-mobile.net\/wp-content\/uploads\/2024\/02\/REAL-SABOURAULT-PISCINE-2.jpg","width":2000,"height":1500,"caption":"DCIM100MEDIADJI_0365.JPG"},{"@type":"BreadcrumbList","@id":"https:\/\/terrasse-mobile.net\/terrasse-mobile-sur-mesure\/options\/isolation-a-lair-de-votre-terrasse-mobile\/#breadcrumb","itemListElement":[{"@type":"ListItem","position":1,"name":"Accueil","item":"https:\/\/terrasse-mobile.net\/"},{"@type":"ListItem","position":2,"name":"LA TERRASSE MOBILE SUR-MESURE POUR PISCINE","item":"https:\/\/terrasse-mobile.net\/terrasse-mobile-sur-mesure\/"},{"@type":"ListItem","position":3,"name":"LES OPTIONS POUR VOTRE TERRASSE MOBILE POUR PISCINE","item":"https:\/\/terrasse-mobile.net\/terrasse-mobile-sur-mesure\/options\/"},{"@type":"ListItem","position":4,"name":"ISOLATION \u00c0 L&rsquo;AIR DE VOTRE TERRASSE MOBILE"}]},{"@type":"WebSite","@id":"https:\/\/terrasse-mobile.net\/#website","url":"https:\/\/terrasse-mobile.net\/","name":"Slidedeck","description":"Custom-built movable terraces in the Paris region","publisher":{"@id":"https:\/\/terrasse-mobile.net\/#organization"},"potentialAction":[{"@type":"SearchAction","target":{"@type":"EntryPoint","urlTemplate":"https:\/\/terrasse-mobile.net\/?s={search_term_string}"},"query-input":{"@type":"PropertyValueSpecification","valueRequired":true,"valueName":"search_term_string"}}],"inLanguage":"en-GB"},{"@type":"Organization","@id":"https:\/\/terrasse-mobile.net\/#organization","name":"Slidedeck","url":"https:\/\/terrasse-mobile.net\/","logo":{"@type":"ImageObject","inLanguage":"en-GB","@id":"https:\/\/terrasse-mobile.net\/#\/schema\/logo\/image\/","url":"https:\/\/terrasse-mobile.net\/wp-content\/uploads\/2024\/01\/logo-slidedeck.jpg","contentUrl":"https:\/\/terrasse-mobile.net\/wp-content\/uploads\/2024\/01\/logo-slidedeck.jpg","width":2000,"height":1103,"caption":"Slidedeck"},"image":{"@id":"https:\/\/terrasse-mobile.net\/#\/schema\/logo\/image\/"}}]}},"_links":{"self":[{"href":"https:\/\/terrasse-mobile.net\/en\/wp-json\/wp\/v2\/pages\/6297","targetHints":{"allow":["GET"]}}],"collection":[{"href":"https:\/\/terrasse-mobile.net\/en\/wp-json\/wp\/v2\/pages"}],"about":[{"href":"https:\/\/terrasse-mobile.net\/en\/wp-json\/wp\/v2\/types\/page"}],"author":[{"embeddable":true,"href":"https:\/\/terrasse-mobile.net\/en\/wp-json\/wp\/v2\/users\/1"}],"replies":[{"embeddable":true,"href":"https:\/\/terrasse-mobile.net\/en\/wp-json\/wp\/v2\/comments?post=6297"}],"version-history":[{"count":5,"href":"https:\/\/terrasse-mobile.net\/en\/wp-json\/wp\/v2\/pages\/6297\/revisions"}],"predecessor-version":[{"id":7296,"href":"https:\/\/terrasse-mobile.net\/en\/wp-json\/wp\/v2\/pages\/6297\/revisions\/7296"}],"up":[{"embeddable":true,"href":"https:\/\/terrasse-mobile.net\/en\/wp-json\/wp\/v2\/pages\/5509"}],"wp:featuredmedia":[{"embeddable":true,"href":"https:\/\/terrasse-mobile.net\/en\/wp-json\/wp\/v2\/media\/3640"}],"wp:attachment":[{"href":"https:\/\/terrasse-mobile.net\/en\/wp-json\/wp\/v2\/media?parent=6297"}],"wp:term":[{"taxonomy":"folder","embeddable":true,"href":"https:\/\/terrasse-mobile.net\/en\/wp-json\/wp\/v2\/folder?post=6297"}],"curies":[{"name":"wp","href":"https:\/\/api.w.org\/{rel}","templated":true}]}}