{"id":1328,"date":"2024-01-23T17:00:06","date_gmt":"2024-01-23T16:00:12","guid":{"rendered":"https:\/\/terrasse-mobile.net\/?page_id=1328"},"modified":"2024-10-01T12:57:27","modified_gmt":"2024-10-01T10:57:27","slug":"funcionamiento-de-la-cubierta-de-piscina-movil-od","status":"publish","type":"page","link":"https:\/\/terrasse-mobile.net\/es\/terrasse-mobile-ile-de-france-old\/fonctionnement-terrasse-mobile-piscine-od\/","title":{"rendered":"\u00bfC\u00d3MO FUNCIONA SLIDEDECK? ANTIGUO"},"content":{"rendered":"<h1>\u00bfC\u00f3mo funciona la terraza m\u00f3vil SlideDeck?<\/h1>\n<p>\t\t\t\t\t\t\t\t\t\t\t\t\t<img decoding=\"async\" width=\"700\" height=\"438\" src=\"https:\/\/terrasse-mobile.net\/wp-content\/uploads\/2024\/03\/DURAN-CONSTRUCTION-GROS-PLANS00001.jpg\" alt=\"RUEDAS PARA TERRAZA M\u00d3VIL\" srcset=\"https:\/\/terrasse-mobile.net\/wp-content\/uploads\/2024\/03\/DURAN-CONSTRUCTION-GROS-PLANS00001.jpg 700w, https:\/\/terrasse-mobile.net\/wp-content\/uploads\/2024\/03\/DURAN-CONSTRUCTION-GROS-PLANS00001-300x188.jpg 300w\" sizes=\"(max-width: 700px) 100vw, 700px\" \/>\t\t\t\t\t\t\t\t\t\t\t\t\t<\/p>\n<h2>SlideDeck es la referencia en sistemas de cubiertas m\u00f3viles para piscinas.<\/h2>\n<p>Para cada parte de Slidedeck, hemos seleccionado los mejores componentes y las soluciones m\u00e1s fiables y probadas.<\/p>\n<p>En primer lugar, Slidedeck tiene una estructura robusta construida con tubos de acero inoxidable y aluminio.<\/p>\n<p>Para cada pieza, hemos elegido los componentes m\u00e1s fiables y duraderos:<\/p>\n<ul>\n<li>Las ruedas son de acero inoxidable o poliamida. Los rodamientos de bolas tambi\u00e9n son siempre de acero inoxidable.<\/li>\n<li>Todas las juntas est\u00e1n soldadas mec\u00e1nicamente y son de acero inoxidable (304).<\/li>\n<li>Los cepillos perif\u00e9ricos son fabricados en Francia por el especialista en cepillos para la industria y las cubiertas de piscinas.<\/li>\n<li>Las uniones se remachan con remaches estructurales de 6 mm, con una resistencia unitaria de 600 kg.<\/li>\n<\/ul>\n<h2>Opciones de cubierta m\u00f3vil SlideDeck<\/h2>\n<p>Dependiendo de su tama\u00f1o, la terraza m\u00f3vil SlideDeck se desplaza sobre uno o dos ra\u00edles redondeados para un guiado perfecto y un movimiento suave.<\/p>\n<p>Cuando se trata de aislamiento t\u00e9rmico, hemos hecho todo lo posible:<\/p>\n<ul>\n<li>Cepillos de calidad en los bordes, para limitar las infiltraciones de aire (y suciedad).<\/li>\n<li>L\u00e1minas de PVC especialmente cortadas para deslizarse entre las tablas de la cubierta, a fin de evitar la p\u00e9rdida de calor entre las tablas.<\/li>\n<li>Para el aislamiento t\u00e9rmico, suministramos paneles de espuma de poliuretano con un coeficiente de resistencia t\u00e9rmica de R = 2,2.<\/li>\n<\/ul>\n<p>Como resultado, su terraza m\u00f3vil ofrece un rendimiento t\u00e9rmico excepcional, manteniendo la piscina caliente y limitando el consumo de energ\u00eda.<\/p>\n<p>\t\t\t\t\t\t\t\t\t\t\t\t\t<img decoding=\"async\" width=\"700\" height=\"525\" src=\"https:\/\/terrasse-mobile.net\/wp-content\/uploads\/2024\/03\/BERTAGNE-CONSTRUCTION-GROS-PLANS00002.jpeg\" alt=\"cepillo m\u00f3vil para terrazas\" srcset=\"https:\/\/terrasse-mobile.net\/wp-content\/uploads\/2024\/03\/BERTAGNE-CONSTRUCTION-GROS-PLANS00002.jpeg 700w, https:\/\/terrasse-mobile.net\/wp-content\/uploads\/2024\/03\/BERTAGNE-CONSTRUCTION-GROS-PLANS00002-300x225.jpeg 300w\" sizes=\"(max-width: 700px) 100vw, 700px\" \/>\t\t\t\t\t\t\t\t\t\t\t\t\t<\/p>\n<h2>Tarima m\u00f3vil SlideDeck<\/h2>\n<p>Para la motorizaci\u00f3n, proponemos un sistema de ruedas motorizadas ultraeficaces, alimentadas por una bater\u00eda y una c\u00e9lula fotovoltaica. Sin necesidad de enchufe, ni suministro el\u00e9ctrico cerca de la piscina.<\/p>\n<p>Por \u00faltimo, ofrecemos una selecci\u00f3n de revestimientos de calidad:<\/p>\n<ul>\n<li>Tablas de terraza de madera ex\u00f3tica<\/li>\n<li>Tableros compuestos de madera<\/li>\n<li>Lamas de tarima de resina mineral<\/li>\n<li>Lamas de aluminio para tarimas<\/li>\n<li>C\u00e9sped sint\u00e9tico<\/li>\n<li>Hoja de piedra.<\/li>\n<\/ul>\n<p>Podemos adaptarnos a peticiones espec\u00edficas y realizar proyectos especiales.<\/p>\n<p>Toda la estructura se preensambla en el taller y se embala meticulosamente para un montaje r\u00e1pido en sus instalaciones.<\/p>\n<p>Dos personas pueden instalar una terraza m\u00f3vil de 18 m2 en 3 horas (sin contar el revestimiento).<\/p>\n<p>\t\t\t<a href=\"https:\/\/terrasse-mobile.net\/es\/revestimientos\/\"><br \/>\n\t\t\t\t\t\tDescubre la personalizaci\u00f3n de SlideDeck<br \/>\n\t\t\t\t\t<\/a><br \/>\n\t\t\t\t\t\t\t\t\t\t\t\t\t<img decoding=\"async\" width=\"765\" height=\"510\" src=\"https:\/\/terrasse-mobile.net\/wp-content\/uploads\/2024\/02\/DSC_0092-1.jpg\" alt=\"iluminaci\u00f3n m\u00f3vil para terrazas\" srcset=\"https:\/\/terrasse-mobile.net\/wp-content\/uploads\/2024\/02\/DSC_0092-1.jpg 765w, https:\/\/terrasse-mobile.net\/wp-content\/uploads\/2024\/02\/DSC_0092-1-300x200.jpg 300w\" sizes=\"(max-width: 765px) 100vw, 765px\" \/><\/p>","protected":false},"excerpt":{"rendered":"<p>Comment fonctionne la terrasse mobile SlideDeck ? La terrasse mobile SlideDeck est la r\u00e9f\u00e9rence des syst\u00e8mes de terrasses mobiles pour piscine. Pour chaque partie de de Slidedeck, nous avons s\u00e9lectionn\u00e9 les meilleurs composants, les solutions les plus fiables et les plus \u00e9prouv\u00e9es. Tout d&rsquo;abord, Slidedeck est constitu\u00e9e d&rsquo;une robuste structure construite avec des tubes en&#8230;<\/p>","protected":false},"author":1,"featured_media":0,"parent":365,"menu_order":3,"comment_status":"closed","ping_status":"closed","template":"","meta":{"_kad_post_transparent":"","_kad_post_title":"","_kad_post_layout":"","_kad_post_sidebar_id":"","_kad_post_content_style":"","_kad_post_vertical_padding":"","_kad_post_feature":"","_kad_post_feature_position":"","_kad_post_header":false,"_kad_post_footer":false,"_kad_post_classname":"","footnotes":""},"folder":[13],"class_list":["post-1328","page","type-page","status-publish","hentry"],"yoast_head":"<!-- This site is optimized with the Yoast SEO plugin v27.4 - https:\/\/yoast.com\/product\/yoast-seo-wordpress\/ -->\n<title>Comment fonctionne la terrasse mobile d&#039;une piscine ?<\/title>\n<meta name=\"robots\" content=\"index, follow, max-snippet:-1, max-image-preview:large, max-video-preview:-1\" \/>\n<link rel=\"canonical\" href=\"https:\/\/terrasse-mobile.net\/es\/terraza-mobil-ile-de-france-antigua\/funcionamiento-de-la-cubierta-de-piscina-movil-od\/\" \/>\n<meta property=\"og:locale\" content=\"es_ES\" \/>\n<meta property=\"og:type\" content=\"article\" \/>\n<meta property=\"og:title\" content=\"Comment fonctionne la terrasse mobile d&#039;une piscine ?\" \/>\n<meta property=\"og:description\" content=\"Comment fonctionne la terrasse mobile SlideDeck ? La terrasse mobile SlideDeck est la r\u00e9f\u00e9rence des syst\u00e8mes de terrasses mobiles pour piscine. Pour chaque partie de de Slidedeck, nous avons s\u00e9lectionn\u00e9 les meilleurs composants, les solutions les plus fiables et les plus \u00e9prouv\u00e9es. Tout d&rsquo;abord, Slidedeck est constitu\u00e9e d&rsquo;une robuste structure construite avec des tubes en...\" \/>\n<meta property=\"og:url\" content=\"https:\/\/terrasse-mobile.net\/es\/terraza-mobil-ile-de-france-antigua\/funcionamiento-de-la-cubierta-de-piscina-movil-od\/\" \/>\n<meta property=\"og:site_name\" content=\"Terrasse mobile\" \/>\n<meta property=\"article:modified_time\" content=\"2024-10-01T10:57:27+00:00\" \/>\n<meta property=\"og:image\" content=\"https:\/\/terrasse-mobile.net\/wp-content\/uploads\/2024\/03\/DURAN-CONSTRUCTION-GROS-PLANS00001.jpg\" \/>\n<meta name=\"twitter:card\" content=\"summary_large_image\" \/>\n<meta name=\"twitter:label1\" content=\"Tiempo de lectura\" \/>\n\t<meta name=\"twitter:data1\" content=\"3 minutos\" \/>\n<script type=\"application\/ld+json\" class=\"yoast-schema-graph\">{\"@context\":\"https:\\\/\\\/schema.org\",\"@graph\":[{\"@type\":\"WebPage\",\"@id\":\"https:\\\/\\\/terrasse-mobile.net\\\/terrasse-mobile-ile-de-france-old\\\/fonctionnement-terrasse-mobile-piscine-od\\\/\",\"url\":\"https:\\\/\\\/terrasse-mobile.net\\\/terrasse-mobile-ile-de-france-old\\\/fonctionnement-terrasse-mobile-piscine-od\\\/\",\"name\":\"Comment fonctionne la terrasse mobile d'une piscine ?\",\"isPartOf\":{\"@id\":\"https:\\\/\\\/terrasse-mobile.net\\\/#website\"},\"primaryImageOfPage\":{\"@id\":\"https:\\\/\\\/terrasse-mobile.net\\\/terrasse-mobile-ile-de-france-old\\\/fonctionnement-terrasse-mobile-piscine-od\\\/#primaryimage\"},\"image\":{\"@id\":\"https:\\\/\\\/terrasse-mobile.net\\\/terrasse-mobile-ile-de-france-old\\\/fonctionnement-terrasse-mobile-piscine-od\\\/#primaryimage\"},\"thumbnailUrl\":\"https:\\\/\\\/terrasse-mobile.net\\\/wp-content\\\/uploads\\\/2024\\\/03\\\/DURAN-CONSTRUCTION-GROS-PLANS00001.jpg\",\"datePublished\":\"2024-01-23T16:00:12+00:00\",\"dateModified\":\"2024-10-01T10:57:27+00:00\",\"breadcrumb\":{\"@id\":\"https:\\\/\\\/terrasse-mobile.net\\\/terrasse-mobile-ile-de-france-old\\\/fonctionnement-terrasse-mobile-piscine-od\\\/#breadcrumb\"},\"inLanguage\":\"es\",\"potentialAction\":[{\"@type\":\"ReadAction\",\"target\":[\"https:\\\/\\\/terrasse-mobile.net\\\/terrasse-mobile-ile-de-france-old\\\/fonctionnement-terrasse-mobile-piscine-od\\\/\"]}]},{\"@type\":\"ImageObject\",\"inLanguage\":\"es\",\"@id\":\"https:\\\/\\\/terrasse-mobile.net\\\/terrasse-mobile-ile-de-france-old\\\/fonctionnement-terrasse-mobile-piscine-od\\\/#primaryimage\",\"url\":\"https:\\\/\\\/terrasse-mobile.net\\\/wp-content\\\/uploads\\\/2024\\\/03\\\/DURAN-CONSTRUCTION-GROS-PLANS00001.jpg\",\"contentUrl\":\"https:\\\/\\\/terrasse-mobile.net\\\/wp-content\\\/uploads\\\/2024\\\/03\\\/DURAN-CONSTRUCTION-GROS-PLANS00001.jpg\"},{\"@type\":\"BreadcrumbList\",\"@id\":\"https:\\\/\\\/terrasse-mobile.net\\\/terrasse-mobile-ile-de-france-old\\\/fonctionnement-terrasse-mobile-piscine-od\\\/#breadcrumb\",\"itemListElement\":[{\"@type\":\"ListItem\",\"position\":1,\"name\":\"Accueil\",\"item\":\"https:\\\/\\\/terrasse-mobile.net\\\/\"},{\"@type\":\"ListItem\",\"position\":2,\"name\":\"D\u00c9COUVREZ SLIDEDECK old\",\"item\":\"https:\\\/\\\/terrasse-mobile.net\\\/terrasse-mobile-ile-de-france-old\\\/\"},{\"@type\":\"ListItem\",\"position\":3,\"name\":\"COMMENT FONCTIONNE SLIDEDECK ? OLD\"}]},{\"@type\":\"WebSite\",\"@id\":\"https:\\\/\\\/terrasse-mobile.net\\\/#website\",\"url\":\"https:\\\/\\\/terrasse-mobile.net\\\/\",\"name\":\"Slidedeck\",\"description\":\"Construction sur mesure de terrasses mobiles en \u00cele-de-France\",\"publisher\":{\"@id\":\"https:\\\/\\\/terrasse-mobile.net\\\/#organization\"},\"potentialAction\":[{\"@type\":\"SearchAction\",\"target\":{\"@type\":\"EntryPoint\",\"urlTemplate\":\"https:\\\/\\\/terrasse-mobile.net\\\/?s={search_term_string}\"},\"query-input\":{\"@type\":\"PropertyValueSpecification\",\"valueRequired\":true,\"valueName\":\"search_term_string\"}}],\"inLanguage\":\"es\"},{\"@type\":\"Organization\",\"@id\":\"https:\\\/\\\/terrasse-mobile.net\\\/#organization\",\"name\":\"Slidedeck\",\"url\":\"https:\\\/\\\/terrasse-mobile.net\\\/\",\"logo\":{\"@type\":\"ImageObject\",\"inLanguage\":\"es\",\"@id\":\"https:\\\/\\\/terrasse-mobile.net\\\/#\\\/schema\\\/logo\\\/image\\\/\",\"url\":\"https:\\\/\\\/terrasse-mobile.net\\\/wp-content\\\/uploads\\\/2024\\\/01\\\/logo-slidedeck.jpg\",\"contentUrl\":\"https:\\\/\\\/terrasse-mobile.net\\\/wp-content\\\/uploads\\\/2024\\\/01\\\/logo-slidedeck.jpg\",\"width\":2000,\"height\":1103,\"caption\":\"Slidedeck\"},\"image\":{\"@id\":\"https:\\\/\\\/terrasse-mobile.net\\\/#\\\/schema\\\/logo\\\/image\\\/\"}}]}<\/script>\n<!-- \/ Yoast SEO plugin. -->","yoast_head_json":{"title":"\u00bfC\u00f3mo funciona una cubierta de piscina m\u00f3vil?","robots":{"index":"index","follow":"follow","max-snippet":"max-snippet:-1","max-image-preview":"max-image-preview:large","max-video-preview":"max-video-preview:-1"},"canonical":"https:\/\/terrasse-mobile.net\/es\/terraza-mobil-ile-de-france-antigua\/funcionamiento-de-la-cubierta-de-piscina-movil-od\/","og_locale":"es_ES","og_type":"article","og_title":"Comment fonctionne la terrasse mobile d'une piscine ?","og_description":"Comment fonctionne la terrasse mobile SlideDeck ? La terrasse mobile SlideDeck est la r\u00e9f\u00e9rence des syst\u00e8mes de terrasses mobiles pour piscine. Pour chaque partie de de Slidedeck, nous avons s\u00e9lectionn\u00e9 les meilleurs composants, les solutions les plus fiables et les plus \u00e9prouv\u00e9es. Tout d&rsquo;abord, Slidedeck est constitu\u00e9e d&rsquo;une robuste structure construite avec des tubes en...","og_url":"https:\/\/terrasse-mobile.net\/es\/terraza-mobil-ile-de-france-antigua\/funcionamiento-de-la-cubierta-de-piscina-movil-od\/","og_site_name":"Terrasse mobile","article_modified_time":"2024-10-01T10:57:27+00:00","og_image":[{"url":"https:\/\/terrasse-mobile.net\/wp-content\/uploads\/2024\/03\/DURAN-CONSTRUCTION-GROS-PLANS00001.jpg","type":"","width":"","height":""}],"twitter_card":"summary_large_image","twitter_misc":{"Tiempo de lectura":"3 minutos"},"schema":{"@context":"https:\/\/schema.org","@graph":[{"@type":"WebPage","@id":"https:\/\/terrasse-mobile.net\/terrasse-mobile-ile-de-france-old\/fonctionnement-terrasse-mobile-piscine-od\/","url":"https:\/\/terrasse-mobile.net\/terrasse-mobile-ile-de-france-old\/fonctionnement-terrasse-mobile-piscine-od\/","name":"\u00bfC\u00f3mo funciona una cubierta de piscina m\u00f3vil?","isPartOf":{"@id":"https:\/\/terrasse-mobile.net\/#website"},"primaryImageOfPage":{"@id":"https:\/\/terrasse-mobile.net\/terrasse-mobile-ile-de-france-old\/fonctionnement-terrasse-mobile-piscine-od\/#primaryimage"},"image":{"@id":"https:\/\/terrasse-mobile.net\/terrasse-mobile-ile-de-france-old\/fonctionnement-terrasse-mobile-piscine-od\/#primaryimage"},"thumbnailUrl":"https:\/\/terrasse-mobile.net\/wp-content\/uploads\/2024\/03\/DURAN-CONSTRUCTION-GROS-PLANS00001.jpg","datePublished":"2024-01-23T16:00:12+00:00","dateModified":"2024-10-01T10:57:27+00:00","breadcrumb":{"@id":"https:\/\/terrasse-mobile.net\/terrasse-mobile-ile-de-france-old\/fonctionnement-terrasse-mobile-piscine-od\/#breadcrumb"},"inLanguage":"es","potentialAction":[{"@type":"ReadAction","target":["https:\/\/terrasse-mobile.net\/terrasse-mobile-ile-de-france-old\/fonctionnement-terrasse-mobile-piscine-od\/"]}]},{"@type":"ImageObject","inLanguage":"es","@id":"https:\/\/terrasse-mobile.net\/terrasse-mobile-ile-de-france-old\/fonctionnement-terrasse-mobile-piscine-od\/#primaryimage","url":"https:\/\/terrasse-mobile.net\/wp-content\/uploads\/2024\/03\/DURAN-CONSTRUCTION-GROS-PLANS00001.jpg","contentUrl":"https:\/\/terrasse-mobile.net\/wp-content\/uploads\/2024\/03\/DURAN-CONSTRUCTION-GROS-PLANS00001.jpg"},{"@type":"BreadcrumbList","@id":"https:\/\/terrasse-mobile.net\/terrasse-mobile-ile-de-france-old\/fonctionnement-terrasse-mobile-piscine-od\/#breadcrumb","itemListElement":[{"@type":"ListItem","position":1,"name":"Accueil","item":"https:\/\/terrasse-mobile.net\/"},{"@type":"ListItem","position":2,"name":"D\u00c9COUVREZ SLIDEDECK old","item":"https:\/\/terrasse-mobile.net\/terrasse-mobile-ile-de-france-old\/"},{"@type":"ListItem","position":3,"name":"COMMENT FONCTIONNE SLIDEDECK ? OLD"}]},{"@type":"WebSite","@id":"https:\/\/terrasse-mobile.net\/#website","url":"https:\/\/terrasse-mobile.net\/","name":"Plataforma deslizante","description":"Terrazas m\u00f3viles a medida en la regi\u00f3n parisina","publisher":{"@id":"https:\/\/terrasse-mobile.net\/#organization"},"potentialAction":[{"@type":"SearchAction","target":{"@type":"EntryPoint","urlTemplate":"https:\/\/terrasse-mobile.net\/?s={search_term_string}"},"query-input":{"@type":"PropertyValueSpecification","valueRequired":true,"valueName":"search_term_string"}}],"inLanguage":"es"},{"@type":"Organization","@id":"https:\/\/terrasse-mobile.net\/#organization","name":"Plataforma deslizante","url":"https:\/\/terrasse-mobile.net\/","logo":{"@type":"ImageObject","inLanguage":"es","@id":"https:\/\/terrasse-mobile.net\/#\/schema\/logo\/image\/","url":"https:\/\/terrasse-mobile.net\/wp-content\/uploads\/2024\/01\/logo-slidedeck.jpg","contentUrl":"https:\/\/terrasse-mobile.net\/wp-content\/uploads\/2024\/01\/logo-slidedeck.jpg","width":2000,"height":1103,"caption":"Slidedeck"},"image":{"@id":"https:\/\/terrasse-mobile.net\/#\/schema\/logo\/image\/"}}]}},"_links":{"self":[{"href":"https:\/\/terrasse-mobile.net\/es\/wp-json\/wp\/v2\/pages\/1328","targetHints":{"allow":["GET"]}}],"collection":[{"href":"https:\/\/terrasse-mobile.net\/es\/wp-json\/wp\/v2\/pages"}],"about":[{"href":"https:\/\/terrasse-mobile.net\/es\/wp-json\/wp\/v2\/types\/page"}],"author":[{"embeddable":true,"href":"https:\/\/terrasse-mobile.net\/es\/wp-json\/wp\/v2\/users\/1"}],"replies":[{"embeddable":true,"href":"https:\/\/terrasse-mobile.net\/es\/wp-json\/wp\/v2\/comments?post=1328"}],"version-history":[{"count":68,"href":"https:\/\/terrasse-mobile.net\/es\/wp-json\/wp\/v2\/pages\/1328\/revisions"}],"predecessor-version":[{"id":5641,"href":"https:\/\/terrasse-mobile.net\/es\/wp-json\/wp\/v2\/pages\/1328\/revisions\/5641"}],"up":[{"embeddable":true,"href":"https:\/\/terrasse-mobile.net\/es\/wp-json\/wp\/v2\/pages\/365"}],"wp:attachment":[{"href":"https:\/\/terrasse-mobile.net\/es\/wp-json\/wp\/v2\/media?parent=1328"}],"wp:term":[{"taxonomy":"folder","embeddable":true,"href":"https:\/\/terrasse-mobile.net\/es\/wp-json\/wp\/v2\/folder?post=1328"}],"curies":[{"name":"wp","href":"https:\/\/api.w.org\/{rel}","templated":true}]}}