{"id":1965,"date":"2024-01-26T10:38:44","date_gmt":"2024-01-26T09:38:52","guid":{"rendered":"https:\/\/terrasse-mobile.net\/?page_id=1965"},"modified":"2024-10-01T15:09:06","modified_gmt":"2024-10-01T13:09:06","slug":"terrasse-coulissante-piscine-avec-gazon-synthetique-old","status":"publish","type":"page","link":"https:\/\/terrasse-mobile.net\/es\/revetements-old\/revetements-naturels-old\/terrasse-coulissante-piscine-avec-gazon-synthetique-old\/","title":{"rendered":"LE GAZON SYNTH\u00c9TIQUE old"},"content":{"rendered":"<h1>La terrasse mobile avec gazon synth\u00e9tique<\/h1>\n<p>\t\t\t\t\t\t\t\t\t\t\t\t\t<img decoding=\"async\" width=\"548\" height=\"445\" src=\"https:\/\/terrasse-mobile.net\/wp-content\/uploads\/2024\/01\/SLIDEDECK-GAZON-SYNTHETIQUE00001-copie-1.jpeg\" alt=\"TERRAZA M\u00d3VIL C\u00c9SPED ARTIFICIAL\" srcset=\"https:\/\/terrasse-mobile.net\/wp-content\/uploads\/2024\/01\/SLIDEDECK-GAZON-SYNTHETIQUE00001-copie-1.jpeg 548w, https:\/\/terrasse-mobile.net\/wp-content\/uploads\/2024\/01\/SLIDEDECK-GAZON-SYNTHETIQUE00001-copie-1-300x244.jpeg 300w\" sizes=\"(max-width: 548px) 100vw, 548px\" \/>\t\t\t\t\t\t\t\t\t\t\t\t\t<\/p>\n<h2>Las ventajas del c\u00e9sped artificial<br \/>\n<\/h2>\n<p>Los revestimientos de c\u00e9sped sint\u00e9tico para terrazas tambi\u00e9n son ideales para terrazas m\u00f3viles.<\/p>\n<p>En primer lugar, el peso ligero y la facilidad de manejo del c\u00e9sped sint\u00e9tico son ventajas importantes. En comparaci\u00f3n con otros revestimientos de suelo, el c\u00e9sped sint\u00e9tico suele ser ligero, lo que facilita el traslado frecuente de una terraza m\u00f3vil y minimiza la carga estructural.<\/p>\n<p>La resistencia a la intemperie es otra gran ventaja. El c\u00e9sped sint\u00e9tico est\u00e1 dise\u00f1ado para soportar las variaciones clim\u00e1ticas, los rayos UV y las condiciones meteorol\u00f3gicas adversas sin degradarse. Esta resistencia lo hace adecuado para entornos exteriores, garantizando una durabilidad constante y un atractivo est\u00e9tico.<\/p>\n<p>\t\t\t<a href=\"https:\/\/terrasse-mobile.net\/es\/revestimientos\/\"><br \/>\n\t\t\t\t\t\tDESCUBRA OTRAS CUBIERTAS DESLIZANTES<br \/>\n\t\t\t\t\t<\/a><\/p>\n<h2>Un revestimiento ideal para una terraza m\u00f3vil<br \/>\n<\/h2>\n<p>La facilidad de mantenimiento es un aspecto pr\u00e1ctico, especialmente apreciado en las terrazas m\u00f3viles. El c\u00e9sped artificial requiere un mantenimiento m\u00ednimo, como un simple barrido o un aclarado ocasional, lo que facilita mantener el aspecto cuidado de la terraza sin requerir un esfuerzo importante.<\/p>\n<p>Otra ventaja del c\u00e9sped artificial es su aspecto confortable y su aislamiento t\u00e9rmico. Crea una superficie suave y agradable bajo los pies, al tiempo que reduce el calor excesivo en los d\u00edas soleados, creando un ambiente relajante en la terraza m\u00f3vil.<\/p>\n<p>La versatilidad es otro de los puntos fuertes del c\u00e9sped sint\u00e9tico como revestimiento. Disponible en una gran variedad de estilos, alturas de hilo y colores, ofrece una flexibilidad est\u00e9tica que permite adaptar la terraza al estilo y al entorno deseados.<\/p>\n<p>\t\t\t<a href=\"https:\/\/terrasse-mobile.net\/es\/configuraciones\/\"><br \/>\n\t\t\t\t\t\tDESCUBRA LAS CONFIGURACIONES SLIDEDECK<br \/>\n\t\t\t\t\t<\/a><br \/>\n\t\t\t\t\t\t\t\t\t\t\t\t\t<img decoding=\"async\" width=\"743\" height=\"560\" src=\"https:\/\/terrasse-mobile.net\/wp-content\/uploads\/2024\/01\/SLIDEDECK-GAZON-SYNTHETIQUE00002-1.jpeg\" alt=\"TERRAZA M\u00d3VIL C\u00c9SPED SINT\u00c9TICO\" srcset=\"https:\/\/terrasse-mobile.net\/wp-content\/uploads\/2024\/01\/SLIDEDECK-GAZON-SYNTHETIQUE00002-1.jpeg 743w, https:\/\/terrasse-mobile.net\/wp-content\/uploads\/2024\/01\/SLIDEDECK-GAZON-SYNTHETIQUE00002-1-300x226.jpeg 300w\" sizes=\"(max-width: 743px) 100vw, 743px\" \/><\/p>","protected":false},"excerpt":{"rendered":"<p>La terrasse mobile avec gazon synth\u00e9tique Les avantages du gazon synth\u00e9tique Les rev\u00eatements de terrasse en gazon synth\u00e9tique pr\u00e9sentent \u00e9galement des caract\u00e9ristiques id\u00e9ales pour l&rsquo;am\u00e9nagement de terrasses mobiles. Tout d&rsquo;abord, la l\u00e9g\u00e8ret\u00e9 et la facilit\u00e9 de manipulation du gazon synth\u00e9tique sont des atouts importants. En comparaison avec d&rsquo;autres rev\u00eatements de sol, le gazon synth\u00e9tique est&#8230;<\/p>","protected":false},"author":1,"featured_media":0,"parent":1543,"menu_order":0,"comment_status":"closed","ping_status":"closed","template":"","meta":{"_kad_post_transparent":"","_kad_post_title":"","_kad_post_layout":"","_kad_post_sidebar_id":"","_kad_post_content_style":"","_kad_post_vertical_padding":"","_kad_post_feature":"","_kad_post_feature_position":"","_kad_post_header":false,"_kad_post_footer":false,"_kad_post_classname":"","footnotes":""},"folder":[14],"class_list":["post-1965","page","type-page","status-publish","hentry"],"yoast_head":"<!-- This site is optimized with the Yoast SEO plugin v27.3 - https:\/\/yoast.com\/product\/yoast-seo-wordpress\/ -->\n<title>Le gazon synth\u00e9tique pour piscine avec terrasse coulissante<\/title>\n<meta name=\"robots\" content=\"index, follow, max-snippet:-1, max-image-preview:large, max-video-preview:-1\" \/>\n<link rel=\"canonical\" href=\"https:\/\/terrasse-mobile.net\/es\/revestimientos-antiguos\/revestimientos-naturales-antiguos\/terrasse-coulissante-piscine-avec-gazon-synthetique-old\/\" \/>\n<meta property=\"og:locale\" content=\"es_ES\" \/>\n<meta property=\"og:type\" content=\"article\" \/>\n<meta property=\"og:title\" content=\"Le gazon synth\u00e9tique pour piscine avec terrasse coulissante\" \/>\n<meta property=\"og:description\" content=\"La terrasse mobile avec gazon synth\u00e9tique Les avantages du gazon synth\u00e9tique Les rev\u00eatements de terrasse en gazon synth\u00e9tique pr\u00e9sentent \u00e9galement des caract\u00e9ristiques id\u00e9ales pour l&rsquo;am\u00e9nagement de terrasses mobiles. Tout d&rsquo;abord, la l\u00e9g\u00e8ret\u00e9 et la facilit\u00e9 de manipulation du gazon synth\u00e9tique sont des atouts importants. En comparaison avec d&rsquo;autres rev\u00eatements de sol, le gazon synth\u00e9tique est...\" \/>\n<meta property=\"og:url\" content=\"https:\/\/terrasse-mobile.net\/es\/revestimientos-antiguos\/revestimientos-naturales-antiguos\/terrasse-coulissante-piscine-avec-gazon-synthetique-old\/\" \/>\n<meta property=\"og:site_name\" content=\"Terrasse mobile\" \/>\n<meta property=\"article:modified_time\" content=\"2024-10-01T13:09:06+00:00\" \/>\n<meta property=\"og:image\" content=\"https:\/\/terrasse-mobile.net\/wp-content\/uploads\/2024\/01\/SLIDEDECK-GAZON-SYNTHETIQUE00001-copie-1.jpeg\" \/>\n<meta name=\"twitter:card\" content=\"summary_large_image\" \/>\n<meta name=\"twitter:label1\" content=\"Tiempo de lectura\" \/>\n\t<meta name=\"twitter:data1\" content=\"2 minutos\" \/>\n<script type=\"application\/ld+json\" class=\"yoast-schema-graph\">{\"@context\":\"https:\\\/\\\/schema.org\",\"@graph\":[{\"@type\":\"WebPage\",\"@id\":\"https:\\\/\\\/terrasse-mobile.net\\\/revetements-old\\\/revetements-naturels-old\\\/terrasse-coulissante-piscine-avec-gazon-synthetique-old\\\/\",\"url\":\"https:\\\/\\\/terrasse-mobile.net\\\/revetements-old\\\/revetements-naturels-old\\\/terrasse-coulissante-piscine-avec-gazon-synthetique-old\\\/\",\"name\":\"Le gazon synth\u00e9tique pour piscine avec terrasse coulissante\",\"isPartOf\":{\"@id\":\"https:\\\/\\\/terrasse-mobile.net\\\/#website\"},\"primaryImageOfPage\":{\"@id\":\"https:\\\/\\\/terrasse-mobile.net\\\/revetements-old\\\/revetements-naturels-old\\\/terrasse-coulissante-piscine-avec-gazon-synthetique-old\\\/#primaryimage\"},\"image\":{\"@id\":\"https:\\\/\\\/terrasse-mobile.net\\\/revetements-old\\\/revetements-naturels-old\\\/terrasse-coulissante-piscine-avec-gazon-synthetique-old\\\/#primaryimage\"},\"thumbnailUrl\":\"https:\\\/\\\/terrasse-mobile.net\\\/wp-content\\\/uploads\\\/2024\\\/01\\\/SLIDEDECK-GAZON-SYNTHETIQUE00001-copie-1.jpeg\",\"datePublished\":\"2024-01-26T09:38:52+00:00\",\"dateModified\":\"2024-10-01T13:09:06+00:00\",\"breadcrumb\":{\"@id\":\"https:\\\/\\\/terrasse-mobile.net\\\/revetements-old\\\/revetements-naturels-old\\\/terrasse-coulissante-piscine-avec-gazon-synthetique-old\\\/#breadcrumb\"},\"inLanguage\":\"es\",\"potentialAction\":[{\"@type\":\"ReadAction\",\"target\":[\"https:\\\/\\\/terrasse-mobile.net\\\/revetements-old\\\/revetements-naturels-old\\\/terrasse-coulissante-piscine-avec-gazon-synthetique-old\\\/\"]}]},{\"@type\":\"ImageObject\",\"inLanguage\":\"es\",\"@id\":\"https:\\\/\\\/terrasse-mobile.net\\\/revetements-old\\\/revetements-naturels-old\\\/terrasse-coulissante-piscine-avec-gazon-synthetique-old\\\/#primaryimage\",\"url\":\"https:\\\/\\\/terrasse-mobile.net\\\/wp-content\\\/uploads\\\/2024\\\/01\\\/SLIDEDECK-GAZON-SYNTHETIQUE00001-copie-1.jpeg\",\"contentUrl\":\"https:\\\/\\\/terrasse-mobile.net\\\/wp-content\\\/uploads\\\/2024\\\/01\\\/SLIDEDECK-GAZON-SYNTHETIQUE00001-copie-1.jpeg\"},{\"@type\":\"BreadcrumbList\",\"@id\":\"https:\\\/\\\/terrasse-mobile.net\\\/revetements-old\\\/revetements-naturels-old\\\/terrasse-coulissante-piscine-avec-gazon-synthetique-old\\\/#breadcrumb\",\"itemListElement\":[{\"@type\":\"ListItem\",\"position\":1,\"name\":\"Accueil\",\"item\":\"https:\\\/\\\/terrasse-mobile.net\\\/\"},{\"@type\":\"ListItem\",\"position\":2,\"name\":\"LES REV\u00caTEMENTS SLIDEDECK OLD\",\"item\":\"https:\\\/\\\/terrasse-mobile.net\\\/revetements-old\\\/\"},{\"@type\":\"ListItem\",\"position\":3,\"name\":\"LES REV\u00caTEMENTS HABILL\u00c9S POUR TERRASSE MOBILE old\",\"item\":\"https:\\\/\\\/terrasse-mobile.net\\\/revetements-old\\\/revetements-naturels-old\\\/\"},{\"@type\":\"ListItem\",\"position\":4,\"name\":\"LE GAZON SYNTH\u00c9TIQUE old\"}]},{\"@type\":\"WebSite\",\"@id\":\"https:\\\/\\\/terrasse-mobile.net\\\/#website\",\"url\":\"https:\\\/\\\/terrasse-mobile.net\\\/\",\"name\":\"Slidedeck\",\"description\":\"Construction sur mesure de terrasses mobiles en \u00cele-de-France\",\"publisher\":{\"@id\":\"https:\\\/\\\/terrasse-mobile.net\\\/#organization\"},\"potentialAction\":[{\"@type\":\"SearchAction\",\"target\":{\"@type\":\"EntryPoint\",\"urlTemplate\":\"https:\\\/\\\/terrasse-mobile.net\\\/?s={search_term_string}\"},\"query-input\":{\"@type\":\"PropertyValueSpecification\",\"valueRequired\":true,\"valueName\":\"search_term_string\"}}],\"inLanguage\":\"es\"},{\"@type\":\"Organization\",\"@id\":\"https:\\\/\\\/terrasse-mobile.net\\\/#organization\",\"name\":\"Slidedeck\",\"url\":\"https:\\\/\\\/terrasse-mobile.net\\\/\",\"logo\":{\"@type\":\"ImageObject\",\"inLanguage\":\"es\",\"@id\":\"https:\\\/\\\/terrasse-mobile.net\\\/#\\\/schema\\\/logo\\\/image\\\/\",\"url\":\"https:\\\/\\\/terrasse-mobile.net\\\/wp-content\\\/uploads\\\/2024\\\/01\\\/logo-slidedeck.jpg\",\"contentUrl\":\"https:\\\/\\\/terrasse-mobile.net\\\/wp-content\\\/uploads\\\/2024\\\/01\\\/logo-slidedeck.jpg\",\"width\":2000,\"height\":1103,\"caption\":\"Slidedeck\"},\"image\":{\"@id\":\"https:\\\/\\\/terrasse-mobile.net\\\/#\\\/schema\\\/logo\\\/image\\\/\"}}]}<\/script>\n<!-- \/ Yoast SEO plugin. -->","yoast_head_json":{"title":"C\u00e9sped sint\u00e9tico para piscinas con terrazas deslizantes","robots":{"index":"index","follow":"follow","max-snippet":"max-snippet:-1","max-image-preview":"max-image-preview:large","max-video-preview":"max-video-preview:-1"},"canonical":"https:\/\/terrasse-mobile.net\/es\/revestimientos-antiguos\/revestimientos-naturales-antiguos\/terrasse-coulissante-piscine-avec-gazon-synthetique-old\/","og_locale":"es_ES","og_type":"article","og_title":"Le gazon synth\u00e9tique pour piscine avec terrasse coulissante","og_description":"La terrasse mobile avec gazon synth\u00e9tique Les avantages du gazon synth\u00e9tique Les rev\u00eatements de terrasse en gazon synth\u00e9tique pr\u00e9sentent \u00e9galement des caract\u00e9ristiques id\u00e9ales pour l&rsquo;am\u00e9nagement de terrasses mobiles. Tout d&rsquo;abord, la l\u00e9g\u00e8ret\u00e9 et la facilit\u00e9 de manipulation du gazon synth\u00e9tique sont des atouts importants. En comparaison avec d&rsquo;autres rev\u00eatements de sol, le gazon synth\u00e9tique est...","og_url":"https:\/\/terrasse-mobile.net\/es\/revestimientos-antiguos\/revestimientos-naturales-antiguos\/terrasse-coulissante-piscine-avec-gazon-synthetique-old\/","og_site_name":"Terrasse mobile","article_modified_time":"2024-10-01T13:09:06+00:00","og_image":[{"url":"https:\/\/terrasse-mobile.net\/wp-content\/uploads\/2024\/01\/SLIDEDECK-GAZON-SYNTHETIQUE00001-copie-1.jpeg","type":"","width":"","height":""}],"twitter_card":"summary_large_image","twitter_misc":{"Tiempo de lectura":"2 minutos"},"schema":{"@context":"https:\/\/schema.org","@graph":[{"@type":"WebPage","@id":"https:\/\/terrasse-mobile.net\/revetements-old\/revetements-naturels-old\/terrasse-coulissante-piscine-avec-gazon-synthetique-old\/","url":"https:\/\/terrasse-mobile.net\/revetements-old\/revetements-naturels-old\/terrasse-coulissante-piscine-avec-gazon-synthetique-old\/","name":"C\u00e9sped sint\u00e9tico para piscinas con terrazas deslizantes","isPartOf":{"@id":"https:\/\/terrasse-mobile.net\/#website"},"primaryImageOfPage":{"@id":"https:\/\/terrasse-mobile.net\/revetements-old\/revetements-naturels-old\/terrasse-coulissante-piscine-avec-gazon-synthetique-old\/#primaryimage"},"image":{"@id":"https:\/\/terrasse-mobile.net\/revetements-old\/revetements-naturels-old\/terrasse-coulissante-piscine-avec-gazon-synthetique-old\/#primaryimage"},"thumbnailUrl":"https:\/\/terrasse-mobile.net\/wp-content\/uploads\/2024\/01\/SLIDEDECK-GAZON-SYNTHETIQUE00001-copie-1.jpeg","datePublished":"2024-01-26T09:38:52+00:00","dateModified":"2024-10-01T13:09:06+00:00","breadcrumb":{"@id":"https:\/\/terrasse-mobile.net\/revetements-old\/revetements-naturels-old\/terrasse-coulissante-piscine-avec-gazon-synthetique-old\/#breadcrumb"},"inLanguage":"es","potentialAction":[{"@type":"ReadAction","target":["https:\/\/terrasse-mobile.net\/revetements-old\/revetements-naturels-old\/terrasse-coulissante-piscine-avec-gazon-synthetique-old\/"]}]},{"@type":"ImageObject","inLanguage":"es","@id":"https:\/\/terrasse-mobile.net\/revetements-old\/revetements-naturels-old\/terrasse-coulissante-piscine-avec-gazon-synthetique-old\/#primaryimage","url":"https:\/\/terrasse-mobile.net\/wp-content\/uploads\/2024\/01\/SLIDEDECK-GAZON-SYNTHETIQUE00001-copie-1.jpeg","contentUrl":"https:\/\/terrasse-mobile.net\/wp-content\/uploads\/2024\/01\/SLIDEDECK-GAZON-SYNTHETIQUE00001-copie-1.jpeg"},{"@type":"BreadcrumbList","@id":"https:\/\/terrasse-mobile.net\/revetements-old\/revetements-naturels-old\/terrasse-coulissante-piscine-avec-gazon-synthetique-old\/#breadcrumb","itemListElement":[{"@type":"ListItem","position":1,"name":"Accueil","item":"https:\/\/terrasse-mobile.net\/"},{"@type":"ListItem","position":2,"name":"LES REV\u00caTEMENTS SLIDEDECK OLD","item":"https:\/\/terrasse-mobile.net\/revetements-old\/"},{"@type":"ListItem","position":3,"name":"LES REV\u00caTEMENTS HABILL\u00c9S POUR TERRASSE MOBILE old","item":"https:\/\/terrasse-mobile.net\/revetements-old\/revetements-naturels-old\/"},{"@type":"ListItem","position":4,"name":"LE GAZON SYNTH\u00c9TIQUE old"}]},{"@type":"WebSite","@id":"https:\/\/terrasse-mobile.net\/#website","url":"https:\/\/terrasse-mobile.net\/","name":"Plataforma deslizante","description":"Terrazas m\u00f3viles a medida en la regi\u00f3n parisina","publisher":{"@id":"https:\/\/terrasse-mobile.net\/#organization"},"potentialAction":[{"@type":"SearchAction","target":{"@type":"EntryPoint","urlTemplate":"https:\/\/terrasse-mobile.net\/?s={search_term_string}"},"query-input":{"@type":"PropertyValueSpecification","valueRequired":true,"valueName":"search_term_string"}}],"inLanguage":"es"},{"@type":"Organization","@id":"https:\/\/terrasse-mobile.net\/#organization","name":"Plataforma deslizante","url":"https:\/\/terrasse-mobile.net\/","logo":{"@type":"ImageObject","inLanguage":"es","@id":"https:\/\/terrasse-mobile.net\/#\/schema\/logo\/image\/","url":"https:\/\/terrasse-mobile.net\/wp-content\/uploads\/2024\/01\/logo-slidedeck.jpg","contentUrl":"https:\/\/terrasse-mobile.net\/wp-content\/uploads\/2024\/01\/logo-slidedeck.jpg","width":2000,"height":1103,"caption":"Slidedeck"},"image":{"@id":"https:\/\/terrasse-mobile.net\/#\/schema\/logo\/image\/"}}]}},"_links":{"self":[{"href":"https:\/\/terrasse-mobile.net\/es\/wp-json\/wp\/v2\/pages\/1965","targetHints":{"allow":["GET"]}}],"collection":[{"href":"https:\/\/terrasse-mobile.net\/es\/wp-json\/wp\/v2\/pages"}],"about":[{"href":"https:\/\/terrasse-mobile.net\/es\/wp-json\/wp\/v2\/types\/page"}],"author":[{"embeddable":true,"href":"https:\/\/terrasse-mobile.net\/es\/wp-json\/wp\/v2\/users\/1"}],"replies":[{"embeddable":true,"href":"https:\/\/terrasse-mobile.net\/es\/wp-json\/wp\/v2\/comments?post=1965"}],"version-history":[{"count":20,"href":"https:\/\/terrasse-mobile.net\/es\/wp-json\/wp\/v2\/pages\/1965\/revisions"}],"predecessor-version":[{"id":5691,"href":"https:\/\/terrasse-mobile.net\/es\/wp-json\/wp\/v2\/pages\/1965\/revisions\/5691"}],"up":[{"embeddable":true,"href":"https:\/\/terrasse-mobile.net\/es\/wp-json\/wp\/v2\/pages\/1543"}],"wp:attachment":[{"href":"https:\/\/terrasse-mobile.net\/es\/wp-json\/wp\/v2\/media?parent=1965"}],"wp:term":[{"taxonomy":"folder","embeddable":true,"href":"https:\/\/terrasse-mobile.net\/es\/wp-json\/wp\/v2\/folder?post=1965"}],"curies":[{"name":"wp","href":"https:\/\/api.w.org\/{rel}","templated":true}]}}